{"id":64688,"date":"2026-02-12T15:30:42","date_gmt":"2026-02-12T15:30:42","guid":{"rendered":"https:\/\/testwebsite.citygame.com\/games\/unknown-location\/sherlock-holmes-santa-cruz-de-tenerife\/"},"modified":"2026-04-08T14:28:01","modified_gmt":"2026-04-08T14:28:01","slug":"sherlock-holmes-santa-cruz-de-tenerife","status":"publish","type":"product","link":"https:\/\/testwebsite.citygame.com\/pl\/games\/santa-cruz-de-tenerife\/sherlock-holmes-santa-cruz-de-tenerife\/","title":{"rendered":"Sherlock Holmes Santa Cruz de Tenerife"},"content":{"rendered":"<p>Wkrocz do \u015bwiata Sherlocka Holmesa dzi\u0119ki tej samodzielnej, opartej na fabule grze City Game z motywem morderstwa, rozgrywaj\u0105cej si\u0119 w centrum Santa Cruz de Tenerife. Gdy podczas Liberty Festival ma miejsce tragiczne zdarzenie, ulice staj\u0105 si\u0119 t\u0142em dla porywaj\u0105cego \u015bledztwa detektywistycznego, w kt\u00f3rym zbierasz wskaz\u00f3wki, rozwi\u0105zujesz zagadki i przes\u0142uchujesz cyfrowych podejrzanych. Pod\u0105\u017caj za narracj\u0105 we w\u0142asnym tempie, odkrywaj ukryte prawdy i ca\u0142kowicie zanurz si\u0119 w tajemnicy, kt\u00f3ra przeplata si\u0119 przez serce miasta.<\/p>\n","protected":false},"excerpt":{"rendered":"<p>Wciel si\u0119 w Sherlocka Holmesa w ekscytuj\u0105cej, samodzielnej grze detektywistycznej z motywem morderstwa osadzonej w Santa Cruz de Tenerife. Czy Ty i Tw\u00f3j zesp\u00f3\u0142 sprostacie wyzwaniu, pod\u0105\u017caj\u0105c za wskaz\u00f3wkami, rozwi\u0105zuj\u0105c zagadki i odkrywaj\u0105c prawd\u0119, zanim sko\u0144czy si\u0119 czas? Dajcie z siebie wszystko!<\/p>\n","protected":false},"featured_media":13066,"template":"","meta":{"_acf_changed":false,"_yoast_wpseo_focuskw":"Sherlock Holmes Santa Cruz de Tenerife","_yoast_wpseo_metadesc":"Sherlock Holmes Santa Cruz de Tenerife. Zagraj w samodzieln\u0105 gr\u0119 City Game z zagadk\u0105 morderstwa, rozwi\u0105zuj zagadki, pod\u0105\u017caj za wskaz\u00f3wkami i odkryj morderc\u0119 we w\u0142asnym tempie!","_kad_blocks_custom_css":"","_kad_blocks_head_custom_js":"","_kad_blocks_body_custom_js":"","_kad_blocks_footer_custom_js":"","ghostkit_customizer_options":"","ghostkit_custom_css":"","ghostkit_custom_js_head":"","ghostkit_custom_js_foot":"","ghostkit_typography":"","_kad_post_transparent":"","_kad_post_title":"","_kad_post_layout":"","_kad_post_sidebar_id":"","_kad_post_content_style":"","_kad_post_vertical_padding":"","_kad_post_feature":"","_kad_post_feature_position":"","_kad_post_header":false,"_kad_post_footer":false,"_kad_post_classname":"","_links_to":"","_links_to_target":""},"game-concept":[785],"location":[359],"product_brand":[],"product_cat":[27],"product_tag":[],"class_list":{"0":"post-64688","1":"product","2":"type-product","3":"status-publish","4":"has-post-thumbnail","6":"game-concept-sherlock","7":"location-santa-cruz-de-tenerife","8":"product_cat-geen-categorie","10":"first","11":"instock","12":"shipping-taxable","13":"purchasable","14":"product-type-simple","15":"entry","16":"content-bg","17":"loop-entry"},"acf":{"full_bokun_product_name":"Santa Cruz de Tenerife Self-Guided Sherlock Holmes Murder Mystery Game","location_name":"Santa Cruz de Tenerife","bokun_calendar_widget_code":"<script type=\"text\/javascript\" src=\"https:\/\/widgets.bokun.io\/assets\/javascripts\/apps\/build\/BokunWidgetsLoader.js?bookingChannelUUID=a1e93e96-5232-4734-a595-28405f4b5a31\" async><\/script>\n     \n    <div class=\"bokunWidget\" data-src=\"https:\/\/widgets.bokun.io\/online-sales\/a1e93e96-5232-4734-a595-28405f4b5a31\/experience-calendar\/799523\"><\/div>\n    <noscript>Please enable javascript in your browser to book<\/noscript>","bokun_button_widget_code":"<script type=\"text\/javascript\" src=\"https:\/\/widgets.bokun.io\/assets\/javascripts\/apps\/build\/BokunWidgetsLoader.js?bookingChannelUUID=a1e93e96-5232-4734-a595-28405f4b5a31\" async><\/script>\n      <style> #bokun_ed001e45_5927_4f62_b470_ca766338d083 { display: inline-block; padding: .4em 1em; background: #47b82e; border-radius: 999999px; box-shadow: none; font-weight: 600; font-size: 24px; text-decoration: none; text-align: center; color: #FFFFFF; border:none; cursor: pointer; transition: background .2s ease; } #bokun_ed001e45_5927_4f62_b470_ca766338d083:hover{ background: #2f7b1f; } #bokun_ed001e45_5927_4f62_b470_ca766338d083:active{ background: #378f24; } <\/style> <button class=\"bokunButton\" disabled id=bokun_ed001e45_5927_4f62_b470_ca766338d083 data-src=\"https:\/\/widgets.bokun.io\/online-sales\/a1e93e96-5232-4734-a595-28405f4b5a31\/experience-calendar\/799523?partialView=1\" data-testid=\"widget-book-button\" > Book now <\/button> ","what_you\u2019ll_experience_during_the_game":"Wkroczysz w porywaj\u0105c\u0105 histori\u0119 detektywistyczn\u0105 osadzon\u0105 w sercu Santa Cruz de Tenerife, gdzie zaczyna si\u0119 rozwija\u0107 tajemnica morderstwa podczas Liberty Festival. Przemierzaj\u0105c ulice i ukryte zakamarki miasta, ka\u017cda nowa lokalizacja ods\u0142ania fragmenty sprawy, wci\u0105gaj\u0105c Ci\u0119 g\u0142\u0119biej w zawi\u0142e, w pe\u0142ni fabularne \u015bledztwo. Wskaz\u00f3wki pojawiaj\u0105 si\u0119 tam, gdzie najmniej si\u0119 ich spodziewasz, a zagadki rzucaj\u0105 wyzwanie Twojej logice, gdy zbli\u017casz si\u0119 do prawdy.\n\nB\u0119dziesz przes\u0142uchiwa\u0107 cyfrowych podejrzanych, analizowa\u0107 alibi i wy\u0142apywa\u0107 sprzeczno\u015bci, kt\u00f3re mog\u0105 otworzy\u0107 spraw\u0119. Krytyczne my\u015blenie, bystra obserwacja i precyzyjna dedukcja to Twoje najcenniejsze narz\u0119dzia. Tajemnica ewoluuje w czasie rzeczywistym, w Twoim w\u0142asnym tempie, pozwalaj\u0105c Ci na pauz\u0119 i kontynuacj\u0119, kiedy tylko zechcesz. Je\u015bli jeste\u015b cz\u0119\u015bci\u0105 zespo\u0142u, rozwi\u0105\u017c spraw\u0119 szybciej ni\u017c inni, aby poczu\u0107 dreszczyk rywalizacji. Nie ufaj nikomu zbyt szybko \u2014 w Santa Cruz de Tenerife ka\u017cda odpowied\u017a prowadzi do kolejnych pyta\u0144.","how_to_play":"Graj w pojedynk\u0119 lub z przyjaci\u00f3\u0142mi, rodzin\u0105 czy kolegami w zespo\u0142ach do czterech os\u00f3b na urz\u0105dzenie. Po dokonaniu rezerwacji otrzymasz e-mail z instrukcjami zawieraj\u0105cy wszystko, czego potrzebujesz.","start_location":"Santa Cruz de Tenerife, Triunfo de Candelaria","available_languages":["en","es","fr","de","it","nl"],"players_per_group":"1-4","duration":"1.5-2 hours","image_overlay_color_image":"https:\/\/testwebsite.citygame.com\/wp-content\/blogs.dir\/1\/files\/sites\/62\/2026\/01\/SherlockColor.svg","image_overlay_game_logo":"https:\/\/testwebsite.citygame.com\/wp-content\/blogs.dir\/1\/files\/sites\/62\/2026\/01\/SherlockLogo.png","city_page":11680,"woocommerce_general_content":null},"yoast_head":"<!-- This site is optimized with the Yoast SEO Premium plugin v26.2 (Yoast SEO v26.3) - https:\/\/yoast.com\/wordpress\/plugins\/seo\/ -->\n<title>Sherlock Holmes Santa Cruz de Tenerife - City Game<\/title>\n<meta name=\"description\" content=\"Sherlock Holmes Santa Cruz de Tenerife. Zagraj w samodzieln\u0105 gr\u0119 City Game z zagadk\u0105 morderstwa, rozwi\u0105zuj zagadki, pod\u0105\u017caj za wskaz\u00f3wkami i odkryj morderc\u0119 we w\u0142asnym tempie!\" \/>\n<meta name=\"robots\" content=\"noindex, follow, max-snippet:-1, max-image-preview:large, max-video-preview:-1\" \/>\n<meta property=\"og:locale\" content=\"pl_PL\" \/>\n<meta property=\"og:type\" content=\"article\" \/>\n<meta property=\"og:title\" content=\"Sherlock Holmes Santa Cruz de Tenerife\" \/>\n<meta property=\"og:description\" content=\"Sherlock Holmes Santa Cruz de Tenerife. Zagraj w samodzieln\u0105 gr\u0119 City Game z zagadk\u0105 morderstwa, rozwi\u0105zuj zagadki, pod\u0105\u017caj za wskaz\u00f3wkami i odkryj morderc\u0119 we w\u0142asnym tempie!\" \/>\n<meta property=\"og:url\" content=\"https:\/\/testwebsite.citygame.com\/pl\/games\/santa-cruz-de-tenerife\/sherlock-holmes-santa-cruz-de-tenerife\/\" \/>\n<meta property=\"og:site_name\" content=\"City Game\" \/>\n<meta property=\"article:publisher\" content=\"https:\/\/www.facebook.com\/profile.php?id=100086426226253\" \/>\n<meta property=\"article:modified_time\" content=\"2026-04-08T14:28:01+00:00\" \/>\n<meta property=\"og:image\" content=\"https:\/\/testwebsite.citygame.com\/wp-content\/blogs.dir\/1\/files\/sites\/62\/2026\/02\/santa-cruz-de-tenerife-sherlock-game-player-in-park.jpg\" \/>\n\t<meta property=\"og:image:width\" content=\"1024\" \/>\n\t<meta property=\"og:image:height\" content=\"1024\" \/>\n\t<meta property=\"og:image:type\" content=\"image\/jpeg\" \/>\n<meta name=\"twitter:card\" content=\"summary_large_image\" \/>\n<script type=\"application\/ld+json\" class=\"yoast-schema-graph\">{\"@context\":\"https:\/\/schema.org\",\"@graph\":[{\"@type\":\"WebPage\",\"@id\":\"https:\/\/testwebsite.citygame.com\/pl\/games\/santa-cruz-de-tenerife\/sherlock-holmes-santa-cruz-de-tenerife\/\",\"url\":\"https:\/\/testwebsite.citygame.com\/pl\/games\/santa-cruz-de-tenerife\/sherlock-holmes-santa-cruz-de-tenerife\/\",\"name\":\"Sherlock Holmes Santa Cruz de Tenerife - City Game\",\"isPartOf\":{\"@id\":\"https:\/\/testwebsite.upevents.nl\/#website\"},\"primaryImageOfPage\":{\"@id\":\"https:\/\/testwebsite.citygame.com\/pl\/games\/santa-cruz-de-tenerife\/sherlock-holmes-santa-cruz-de-tenerife\/#primaryimage\"},\"image\":{\"@id\":\"https:\/\/testwebsite.citygame.com\/pl\/games\/santa-cruz-de-tenerife\/sherlock-holmes-santa-cruz-de-tenerife\/#primaryimage\"},\"thumbnailUrl\":\"https:\/\/testwebsite.citygame.com\/wp-content\/blogs.dir\/1\/files\/sites\/62\/2026\/02\/santa-cruz-de-tenerife-sherlock-game-player-in-park.jpg\",\"datePublished\":\"2026-02-12T15:30:42+00:00\",\"dateModified\":\"2026-04-08T14:28:01+00:00\",\"description\":\"Sherlock Holmes Santa Cruz de Tenerife. Zagraj w samodzieln\u0105 gr\u0119 City Game z zagadk\u0105 morderstwa, rozwi\u0105zuj zagadki, pod\u0105\u017caj za wskaz\u00f3wkami i odkryj morderc\u0119 we w\u0142asnym tempie!\",\"breadcrumb\":{\"@id\":\"https:\/\/testwebsite.citygame.com\/pl\/games\/santa-cruz-de-tenerife\/sherlock-holmes-santa-cruz-de-tenerife\/#breadcrumb\"},\"inLanguage\":\"pl-PL\",\"potentialAction\":[{\"@type\":\"ReadAction\",\"target\":[\"https:\/\/testwebsite.citygame.com\/pl\/games\/santa-cruz-de-tenerife\/sherlock-holmes-santa-cruz-de-tenerife\/\"]}]},{\"@type\":\"ImageObject\",\"inLanguage\":\"pl-PL\",\"@id\":\"https:\/\/testwebsite.citygame.com\/pl\/games\/santa-cruz-de-tenerife\/sherlock-holmes-santa-cruz-de-tenerife\/#primaryimage\",\"url\":\"https:\/\/testwebsite.citygame.com\/wp-content\/blogs.dir\/1\/files\/sites\/62\/2026\/02\/santa-cruz-de-tenerife-sherlock-game-player-in-park.jpg\",\"contentUrl\":\"https:\/\/testwebsite.citygame.com\/wp-content\/blogs.dir\/1\/files\/sites\/62\/2026\/02\/santa-cruz-de-tenerife-sherlock-game-player-in-park.jpg\",\"width\":1024,\"height\":1024,\"caption\":\"A player navigates a maze-like game on his phone while sitting in a city park.\"},{\"@type\":\"BreadcrumbList\",\"@id\":\"https:\/\/testwebsite.citygame.com\/pl\/games\/santa-cruz-de-tenerife\/sherlock-holmes-santa-cruz-de-tenerife\/#breadcrumb\",\"itemListElement\":[{\"@type\":\"ListItem\",\"position\":1,\"name\":\"Home\",\"item\":\"https:\/\/testwebsite.citygame.com\/pl\/\"},{\"@type\":\"ListItem\",\"position\":2,\"name\":\"Shop\",\"item\":\"https:\/\/testwebsite.citygame.com\/shop\/\"},{\"@type\":\"ListItem\",\"position\":3,\"name\":\"Sherlock Holmes Santa Cruz de Tenerife\"}]},{\"@type\":\"WebSite\",\"@id\":\"https:\/\/testwebsite.upevents.nl\/#website\",\"url\":\"https:\/\/testwebsite.upevents.nl\/\",\"name\":\"City Game\",\"description\":\"\",\"publisher\":{\"@id\":\"https:\/\/testwebsite.upevents.nl\/#organization\"},\"alternateName\":\"citygame.com\",\"potentialAction\":[{\"@type\":\"SearchAction\",\"target\":{\"@type\":\"EntryPoint\",\"urlTemplate\":\"https:\/\/testwebsite.upevents.nl\/?s={search_term_string}\"},\"query-input\":{\"@type\":\"PropertyValueSpecification\",\"valueRequired\":true,\"valueName\":\"search_term_string\"}}],\"inLanguage\":\"pl-PL\"},{\"@type\":[\"Organization\",\"Place\"],\"@id\":\"https:\/\/testwebsite.upevents.nl\/#organization\",\"name\":\"City Game\",\"alternateName\":\"citygame.com\",\"url\":\"https:\/\/testwebsite.upevents.nl\/\",\"logo\":{\"@id\":\"https:\/\/testwebsite.citygame.com\/pl\/games\/santa-cruz-de-tenerife\/sherlock-holmes-santa-cruz-de-tenerife\/#local-main-organization-logo\"},\"image\":{\"@id\":\"https:\/\/testwebsite.citygame.com\/pl\/games\/santa-cruz-de-tenerife\/sherlock-holmes-santa-cruz-de-tenerife\/#local-main-organization-logo\"},\"sameAs\":[\"https:\/\/www.facebook.com\/profile.php?id=100086426226253\",\"https:\/\/www.instagram.com\/citygame_com\",\"https:\/\/www.tiktok.com\/@citygamecom\/\",\"https:\/\/www.linkedin.com\/company\/citygame-com\"],\"description\":\"Turn any city into a playground with our interactive City Games and self-guided tours. Fun, flexible, and ideal for groups and team building.\",\"telephone\":[],\"openingHoursSpecification\":[{\"@type\":\"OpeningHoursSpecification\",\"dayOfWeek\":[\"Monday\",\"Tuesday\",\"Wednesday\",\"Thursday\",\"Friday\",\"Saturday\",\"Sunday\"],\"opens\":\"09:00\",\"closes\":\"17:00\"}]},{\"@type\":\"ImageObject\",\"inLanguage\":\"pl-PL\",\"@id\":\"https:\/\/testwebsite.citygame.com\/pl\/games\/santa-cruz-de-tenerife\/sherlock-holmes-santa-cruz-de-tenerife\/#local-main-organization-logo\",\"url\":\"https:\/\/testwebsite.citygame.com\/wp-content\/blogs.dir\/1\/files\/sites\/62\/2025\/10\/CG_LOGO-City-Game.png\",\"contentUrl\":\"https:\/\/testwebsite.citygame.com\/wp-content\/blogs.dir\/1\/files\/sites\/62\/2025\/10\/CG_LOGO-City-Game.png\",\"width\":351,\"height\":377,\"caption\":\"City Game\"}]}<\/script>\n<!-- \/ Yoast SEO Premium plugin. -->","yoast_head_json":{"title":"Sherlock Holmes Santa Cruz de Tenerife - City Game","description":"Sherlock Holmes Santa Cruz de Tenerife. Zagraj w samodzieln\u0105 gr\u0119 City Game z zagadk\u0105 morderstwa, rozwi\u0105zuj zagadki, pod\u0105\u017caj za wskaz\u00f3wkami i odkryj morderc\u0119 we w\u0142asnym tempie!","robots":{"index":"noindex","follow":"follow","max-snippet":"max-snippet:-1","max-image-preview":"max-image-preview:large","max-video-preview":"max-video-preview:-1"},"og_locale":"pl_PL","og_type":"article","og_title":"Sherlock Holmes Santa Cruz de Tenerife","og_description":"Sherlock Holmes Santa Cruz de Tenerife. Zagraj w samodzieln\u0105 gr\u0119 City Game z zagadk\u0105 morderstwa, rozwi\u0105zuj zagadki, pod\u0105\u017caj za wskaz\u00f3wkami i odkryj morderc\u0119 we w\u0142asnym tempie!","og_url":"https:\/\/testwebsite.citygame.com\/pl\/games\/santa-cruz-de-tenerife\/sherlock-holmes-santa-cruz-de-tenerife\/","og_site_name":"City Game","article_publisher":"https:\/\/www.facebook.com\/profile.php?id=100086426226253","article_modified_time":"2026-04-08T14:28:01+00:00","og_image":[{"width":1024,"height":1024,"url":"https:\/\/testwebsite.citygame.com\/wp-content\/blogs.dir\/1\/files\/sites\/62\/2026\/02\/santa-cruz-de-tenerife-sherlock-game-player-in-park.jpg","type":"image\/jpeg"}],"twitter_card":"summary_large_image","schema":{"@context":"https:\/\/schema.org","@graph":[{"@type":"WebPage","@id":"https:\/\/testwebsite.citygame.com\/pl\/games\/santa-cruz-de-tenerife\/sherlock-holmes-santa-cruz-de-tenerife\/","url":"https:\/\/testwebsite.citygame.com\/pl\/games\/santa-cruz-de-tenerife\/sherlock-holmes-santa-cruz-de-tenerife\/","name":"Sherlock Holmes Santa Cruz de Tenerife - City Game","isPartOf":{"@id":"https:\/\/testwebsite.upevents.nl\/#website"},"primaryImageOfPage":{"@id":"https:\/\/testwebsite.citygame.com\/pl\/games\/santa-cruz-de-tenerife\/sherlock-holmes-santa-cruz-de-tenerife\/#primaryimage"},"image":{"@id":"https:\/\/testwebsite.citygame.com\/pl\/games\/santa-cruz-de-tenerife\/sherlock-holmes-santa-cruz-de-tenerife\/#primaryimage"},"thumbnailUrl":"https:\/\/testwebsite.citygame.com\/wp-content\/blogs.dir\/1\/files\/sites\/62\/2026\/02\/santa-cruz-de-tenerife-sherlock-game-player-in-park.jpg","datePublished":"2026-02-12T15:30:42+00:00","dateModified":"2026-04-08T14:28:01+00:00","description":"Sherlock Holmes Santa Cruz de Tenerife. Zagraj w samodzieln\u0105 gr\u0119 City Game z zagadk\u0105 morderstwa, rozwi\u0105zuj zagadki, pod\u0105\u017caj za wskaz\u00f3wkami i odkryj morderc\u0119 we w\u0142asnym tempie!","breadcrumb":{"@id":"https:\/\/testwebsite.citygame.com\/pl\/games\/santa-cruz-de-tenerife\/sherlock-holmes-santa-cruz-de-tenerife\/#breadcrumb"},"inLanguage":"pl-PL","potentialAction":[{"@type":"ReadAction","target":["https:\/\/testwebsite.citygame.com\/pl\/games\/santa-cruz-de-tenerife\/sherlock-holmes-santa-cruz-de-tenerife\/"]}]},{"@type":"ImageObject","inLanguage":"pl-PL","@id":"https:\/\/testwebsite.citygame.com\/pl\/games\/santa-cruz-de-tenerife\/sherlock-holmes-santa-cruz-de-tenerife\/#primaryimage","url":"https:\/\/testwebsite.citygame.com\/wp-content\/blogs.dir\/1\/files\/sites\/62\/2026\/02\/santa-cruz-de-tenerife-sherlock-game-player-in-park.jpg","contentUrl":"https:\/\/testwebsite.citygame.com\/wp-content\/blogs.dir\/1\/files\/sites\/62\/2026\/02\/santa-cruz-de-tenerife-sherlock-game-player-in-park.jpg","width":1024,"height":1024,"caption":"A player navigates a maze-like game on his phone while sitting in a city park."},{"@type":"BreadcrumbList","@id":"https:\/\/testwebsite.citygame.com\/pl\/games\/santa-cruz-de-tenerife\/sherlock-holmes-santa-cruz-de-tenerife\/#breadcrumb","itemListElement":[{"@type":"ListItem","position":1,"name":"Home","item":"https:\/\/testwebsite.citygame.com\/pl\/"},{"@type":"ListItem","position":2,"name":"Shop","item":"https:\/\/testwebsite.citygame.com\/shop\/"},{"@type":"ListItem","position":3,"name":"Sherlock Holmes Santa Cruz de Tenerife"}]},{"@type":"WebSite","@id":"https:\/\/testwebsite.upevents.nl\/#website","url":"https:\/\/testwebsite.upevents.nl\/","name":"City Game","description":"","publisher":{"@id":"https:\/\/testwebsite.upevents.nl\/#organization"},"alternateName":"citygame.com","potentialAction":[{"@type":"SearchAction","target":{"@type":"EntryPoint","urlTemplate":"https:\/\/testwebsite.upevents.nl\/?s={search_term_string}"},"query-input":{"@type":"PropertyValueSpecification","valueRequired":true,"valueName":"search_term_string"}}],"inLanguage":"pl-PL"},{"@type":["Organization","Place"],"@id":"https:\/\/testwebsite.upevents.nl\/#organization","name":"City Game","alternateName":"citygame.com","url":"https:\/\/testwebsite.upevents.nl\/","logo":{"@id":"https:\/\/testwebsite.citygame.com\/pl\/games\/santa-cruz-de-tenerife\/sherlock-holmes-santa-cruz-de-tenerife\/#local-main-organization-logo"},"image":{"@id":"https:\/\/testwebsite.citygame.com\/pl\/games\/santa-cruz-de-tenerife\/sherlock-holmes-santa-cruz-de-tenerife\/#local-main-organization-logo"},"sameAs":["https:\/\/www.facebook.com\/profile.php?id=100086426226253","https:\/\/www.instagram.com\/citygame_com","https:\/\/www.tiktok.com\/@citygamecom\/","https:\/\/www.linkedin.com\/company\/citygame-com"],"description":"Turn any city into a playground with our interactive City Games and self-guided tours. Fun, flexible, and ideal for groups and team building.","telephone":[],"openingHoursSpecification":[{"@type":"OpeningHoursSpecification","dayOfWeek":["Monday","Tuesday","Wednesday","Thursday","Friday","Saturday","Sunday"],"opens":"09:00","closes":"17:00"}]},{"@type":"ImageObject","inLanguage":"pl-PL","@id":"https:\/\/testwebsite.citygame.com\/pl\/games\/santa-cruz-de-tenerife\/sherlock-holmes-santa-cruz-de-tenerife\/#local-main-organization-logo","url":"https:\/\/testwebsite.citygame.com\/wp-content\/blogs.dir\/1\/files\/sites\/62\/2025\/10\/CG_LOGO-City-Game.png","contentUrl":"https:\/\/testwebsite.citygame.com\/wp-content\/blogs.dir\/1\/files\/sites\/62\/2025\/10\/CG_LOGO-City-Game.png","width":351,"height":377,"caption":"City Game"}]}},"taxonomy_info":{"game-concept":[{"value":785,"label":"Sherlock"}],"location":[{"value":359,"label":"Santa Cruz de Tenerife"}],"product_cat":[{"value":27,"label":"Geen categorie"}]},"featured_image_src_large":["https:\/\/testwebsite.citygame.com\/wp-content\/blogs.dir\/1\/files\/sites\/62\/2026\/02\/santa-cruz-de-tenerife-sherlock-game-player-in-park.jpg",1024,1024,false],"author_info":[],"comment_info":"","_links":{"self":[{"href":"https:\/\/testwebsite.citygame.com\/pl\/wp-json\/wp\/v2\/product\/64688","targetHints":{"allow":["GET"]}}],"collection":[{"href":"https:\/\/testwebsite.citygame.com\/pl\/wp-json\/wp\/v2\/product"}],"about":[{"href":"https:\/\/testwebsite.citygame.com\/pl\/wp-json\/wp\/v2\/types\/product"}],"acf:post":[{"embeddable":true,"href":"https:\/\/testwebsite.citygame.com\/pl\/wp-json\/wp\/v2\/pages\/11680"}],"wp:featuredmedia":[{"embeddable":true,"href":"https:\/\/testwebsite.citygame.com\/pl\/wp-json\/wp\/v2\/media\/13066"}],"wp:attachment":[{"href":"https:\/\/testwebsite.citygame.com\/pl\/wp-json\/wp\/v2\/media?parent=64688"}],"wp:term":[{"taxonomy":"game-concept","embeddable":true,"href":"https:\/\/testwebsite.citygame.com\/pl\/wp-json\/wp\/v2\/game-concept?post=64688"},{"taxonomy":"location","embeddable":true,"href":"https:\/\/testwebsite.citygame.com\/pl\/wp-json\/wp\/v2\/location?post=64688"},{"taxonomy":"product_brand","embeddable":true,"href":"https:\/\/testwebsite.citygame.com\/pl\/wp-json\/wp\/v2\/product_brand?post=64688"},{"taxonomy":"product_cat","embeddable":true,"href":"https:\/\/testwebsite.citygame.com\/pl\/wp-json\/wp\/v2\/product_cat?post=64688"},{"taxonomy":"product_tag","embeddable":true,"href":"https:\/\/testwebsite.citygame.com\/pl\/wp-json\/wp\/v2\/product_tag?post=64688"}],"curies":[{"name":"wp","href":"https:\/\/api.w.org\/{rel}","templated":true}]}}