{"id":64010,"date":"2026-02-12T12:55:48","date_gmt":"2026-02-12T12:55:48","guid":{"rendered":"https:\/\/testwebsite.citygame.com\/games\/unknown-location\/sherlock-holmes-aalborg\/"},"modified":"2026-04-08T12:56:47","modified_gmt":"2026-04-08T12:56:47","slug":"sherlock-holmes-aalborg","status":"publish","type":"product","link":"https:\/\/testwebsite.citygame.com\/pl\/games\/aalborg\/sherlock-holmes-aalborg\/","title":{"rendered":"Sherlock Holmes Aalborg"},"content":{"rendered":"<p>Wkrocz do \u015bwiata Sherlocka Holmesa dzi\u0119ki tej samodzielnej, opartej na fabule grze miejskiej z zagadk\u0105 morderstwa, rozgrywaj\u0105cej si\u0119 w centrum Aalborga. Jako detektywi, gracze odkrywaj\u0105 tajemnic\u0119 szokuj\u0105cego morderstwa, kt\u00f3re zak\u0142\u00f3ci\u0142o Liberty Festival, pod\u0105\u017caj\u0105c za pe\u0142n\u0105 napi\u0119cia narracj\u0105, przemieszczaj\u0105c si\u0119 po ulicach miasta. Zbieraj\u0105c wskaz\u00f3wki, rozwi\u0105zuj\u0105c skomplikowane \u0142amig\u0142\u00f3wki i przes\u0142uchuj\u0105c cyfrowych podejrzanych, uczestnicy zanurzaj\u0105 si\u0119 w wci\u0105gaj\u0105ce \u015bledztwo we w\u0142asnym tempie, aby uzyska\u0107 w pe\u0142ni immersyjne do\u015bwiadczenie rozwi\u0105zywania przest\u0119pstw.<\/p>\n","protected":false},"excerpt":{"rendered":"<p>Wciel si\u0119 w tajemnicz\u0105 rol\u0119 Sherlocka Holmesa i zanurz si\u0119 w mro\u017c\u0105cej krew w \u017cy\u0142ach zagadce morderstwa, czaj\u0105cej si\u0119 w cieniu Aalborga. Pod\u0105\u017caj za zagadkowymi wskaz\u00f3wkami, rozwi\u0105zuj frapuj\u0105ce \u0142amig\u0142\u00f3wki, wsp\u00f3\u0142pracuj z zespo\u0142em i \u015bcigaj si\u0119 z czasem, aby odkry\u0107 z\u0142owrog\u0105 prawd\u0119!<\/p>\n","protected":false},"featured_media":12959,"template":"","meta":{"_acf_changed":false,"_yoast_wpseo_focuskw":"Sherlock Holmes Aalborg","_yoast_wpseo_metadesc":"Sherlock Holmes Aalborg. Zagraj w samodzieln\u0105 gr\u0119 miejsk\u0105 z zagadk\u0105 morderstwa, rozwi\u0105zuj \u0142amig\u0142\u00f3wki, pod\u0105\u017caj za wskaz\u00f3wkami i odkryj morderc\u0119 we w\u0142asnym tempie!","_kad_blocks_custom_css":"","_kad_blocks_head_custom_js":"","_kad_blocks_body_custom_js":"","_kad_blocks_footer_custom_js":"","ghostkit_customizer_options":"","ghostkit_custom_css":"","ghostkit_custom_js_head":"","ghostkit_custom_js_foot":"","ghostkit_typography":"","_kad_post_transparent":"","_kad_post_title":"","_kad_post_layout":"","_kad_post_sidebar_id":"","_kad_post_content_style":"","_kad_post_vertical_padding":"","_kad_post_feature":"","_kad_post_feature_position":"","_kad_post_header":false,"_kad_post_footer":false,"_kad_post_classname":"","_links_to":"","_links_to_target":""},"game-concept":[785],"location":[55],"product_brand":[],"product_cat":[27],"product_tag":[],"class_list":{"0":"post-64010","1":"product","2":"type-product","3":"status-publish","4":"has-post-thumbnail","6":"game-concept-sherlock","7":"location-aalborg","8":"product_cat-geen-categorie","10":"first","11":"instock","12":"shipping-taxable","13":"purchasable","14":"product-type-simple","15":"entry","16":"content-bg","17":"loop-entry"},"acf":{"full_bokun_product_name":"Aalborg Self-Guided Sherlock Holmes Murder Mystery Game","location_name":"Aalborg","bokun_calendar_widget_code":"<script type=\"text\/javascript\" src=\"https:\/\/widgets.bokun.io\/assets\/javascripts\/apps\/build\/BokunWidgetsLoader.js?bookingChannelUUID=a1e93e96-5232-4734-a595-28405f4b5a31\" async><\/script>\n     \n    <div class=\"bokunWidget\" data-src=\"https:\/\/widgets.bokun.io\/online-sales\/a1e93e96-5232-4734-a595-28405f4b5a31\/experience-calendar\/785420\"><\/div>\n    <noscript>Please enable javascript in your browser to book<\/noscript>","bokun_button_widget_code":"<script type=\"text\/javascript\" src=\"https:\/\/widgets.bokun.io\/assets\/javascripts\/apps\/build\/BokunWidgetsLoader.js?bookingChannelUUID=a1e93e96-5232-4734-a595-28405f4b5a31\" async><\/script>\n      <style> #bokun_ed001e45_5927_4f62_b470_ca766338d083 { display: inline-block; padding: .4em 1em; background: #47b82e; border-radius: 999999px; box-shadow: none; font-weight: 600; font-size: 24px; text-decoration: none; text-align: center; color: #FFFFFF; border:none; cursor: pointer; transition: background .2s ease; } #bokun_ed001e45_5927_4f62_b470_ca766338d083:hover{ background: #2f7b1f; } #bokun_ed001e45_5927_4f62_b470_ca766338d083:active{ background: #378f24; } <\/style> <button class=\"bokunButton\" disabled id=bokun_ed001e45_5927_4f62_b470_ca766338d083 data-src=\"https:\/\/widgets.bokun.io\/online-sales\/a1e93e96-5232-4734-a595-28405f4b5a31\/experience-calendar\/785420?partialView=1\" data-testid=\"widget-book-button\" > Book now <\/button> ","what_you\u2019ll_experience_during_the_game":"Wkrocz do wci\u0105gaj\u0105cej historii detektywistycznej rozgrywaj\u0105cej si\u0119 w Aalborgu, gdzie Twoje otoczenie staje si\u0119 cz\u0119\u015bci\u0105 rozwijaj\u0105cej si\u0119 tajemnicy. W miar\u0119 poruszania si\u0119 po mie\u015bcie, sprawa ewoluuje organicznie, prowadz\u0105c Ci\u0119 g\u0142\u0119biej w wielowymiarowe \u015bledztwo. Ka\u017cda lokalizacja dostarcza nowych trop\u00f3w do zbadania, zagadkowych wskaz\u00f3wek do rozszyfrowania i nieoczekiwanych zwrot\u00f3w akcji, kt\u00f3re rzucaj\u0105 wyzwanie Twojemu my\u015bleniu. Twoim zadaniem jest odkrycie prawdy stoj\u0105cej za morderstwem, kt\u00f3re wstrz\u0105sn\u0119\u0142o Liberty Festival, u\u017cywaj\u0105c bystrej obserwacji i logicznej dedukcji, aby pozosta\u0107 na w\u0142a\u015bciwym torze.\n\nPrzes\u0142uchuj cyfrowych podejrzanych, analizuj alibi i wykrywaj sprzeczno\u015bci, kt\u00f3re mog\u0105 otworzy\u0107 spraw\u0119. Do\u015bwiadczenie jest w pe\u0142ni oparte na fabule, wymagaj\u0105c od Ciebie my\u015blenia jak prawdziwy detektyw na ka\u017cdym kroku. Niezale\u017cnie od tego, czy pracujesz solo, czy testujesz swoje umiej\u0119tno\u015bci przeciwko innej dru\u017cynie, Twoje decyzje kszta\u0142tuj\u0105 \u015bledztwo. Mo\u017cesz wstrzyma\u0107 si\u0119 w dowolnym momencie i kontynuowa\u0107 we w\u0142asnym tempie, co pozwala na pe\u0142ne zanurzenie si\u0119 w tajemnicy od pocz\u0105tku do ko\u0144ca.","how_to_play":"","start_location":"Toldbod Plads","available_languages":["en","es","fr","de","it","nl"],"players_per_group":"1-4","duration":"1.5-2 hours","image_overlay_color_image":"https:\/\/testwebsite.citygame.com\/wp-content\/blogs.dir\/1\/files\/sites\/62\/2026\/01\/SherlockColor.svg","image_overlay_game_logo":"https:\/\/testwebsite.citygame.com\/wp-content\/blogs.dir\/1\/files\/sites\/62\/2026\/01\/SherlockLogo.png","city_page":12957,"woocommerce_general_content":null},"yoast_head":"<!-- This site is optimized with the Yoast SEO Premium plugin v26.2 (Yoast SEO v26.3) - https:\/\/yoast.com\/wordpress\/plugins\/seo\/ -->\n<title>Sherlock Holmes Aalborg - City Game<\/title>\n<meta name=\"description\" content=\"Sherlock Holmes Aalborg. Zagraj w samodzieln\u0105 gr\u0119 miejsk\u0105 z zagadk\u0105 morderstwa, rozwi\u0105zuj \u0142amig\u0142\u00f3wki, pod\u0105\u017caj za wskaz\u00f3wkami i odkryj morderc\u0119 we w\u0142asnym tempie!\" \/>\n<meta name=\"robots\" content=\"noindex, follow, max-snippet:-1, max-image-preview:large, max-video-preview:-1\" \/>\n<meta property=\"og:locale\" content=\"pl_PL\" \/>\n<meta property=\"og:type\" content=\"article\" \/>\n<meta property=\"og:title\" content=\"Sherlock Holmes Aalborg\" \/>\n<meta property=\"og:description\" content=\"Sherlock Holmes Aalborg. Zagraj w samodzieln\u0105 gr\u0119 miejsk\u0105 z zagadk\u0105 morderstwa, rozwi\u0105zuj \u0142amig\u0142\u00f3wki, pod\u0105\u017caj za wskaz\u00f3wkami i odkryj morderc\u0119 we w\u0142asnym tempie!\" \/>\n<meta property=\"og:url\" content=\"https:\/\/testwebsite.citygame.com\/pl\/games\/aalborg\/sherlock-holmes-aalborg\/\" \/>\n<meta property=\"og:site_name\" content=\"City Game\" \/>\n<meta property=\"article:publisher\" content=\"https:\/\/www.facebook.com\/profile.php?id=100086426226253\" \/>\n<meta property=\"article:modified_time\" content=\"2026-04-08T12:56:47+00:00\" \/>\n<meta property=\"og:image\" content=\"https:\/\/testwebsite.citygame.com\/wp-content\/blogs.dir\/1\/files\/sites\/62\/2026\/02\/man-playing-sherlock-city-game-aalborg.jpg\" \/>\n\t<meta property=\"og:image:width\" content=\"1024\" \/>\n\t<meta property=\"og:image:height\" content=\"1024\" \/>\n\t<meta property=\"og:image:type\" content=\"image\/jpeg\" \/>\n<meta name=\"twitter:card\" content=\"summary_large_image\" \/>\n<script type=\"application\/ld+json\" class=\"yoast-schema-graph\">{\"@context\":\"https:\/\/schema.org\",\"@graph\":[{\"@type\":\"WebPage\",\"@id\":\"https:\/\/testwebsite.citygame.com\/pl\/games\/aalborg\/sherlock-holmes-aalborg\/\",\"url\":\"https:\/\/testwebsite.citygame.com\/pl\/games\/aalborg\/sherlock-holmes-aalborg\/\",\"name\":\"Sherlock Holmes Aalborg - City Game\",\"isPartOf\":{\"@id\":\"https:\/\/testwebsite.upevents.nl\/#website\"},\"primaryImageOfPage\":{\"@id\":\"https:\/\/testwebsite.citygame.com\/pl\/games\/aalborg\/sherlock-holmes-aalborg\/#primaryimage\"},\"image\":{\"@id\":\"https:\/\/testwebsite.citygame.com\/pl\/games\/aalborg\/sherlock-holmes-aalborg\/#primaryimage\"},\"thumbnailUrl\":\"https:\/\/testwebsite.citygame.com\/wp-content\/blogs.dir\/1\/files\/sites\/62\/2026\/02\/man-playing-sherlock-city-game-aalborg.jpg\",\"datePublished\":\"2026-02-12T12:55:48+00:00\",\"dateModified\":\"2026-04-08T12:56:47+00:00\",\"description\":\"Sherlock Holmes Aalborg. Zagraj w samodzieln\u0105 gr\u0119 miejsk\u0105 z zagadk\u0105 morderstwa, rozwi\u0105zuj \u0142amig\u0142\u00f3wki, pod\u0105\u017caj za wskaz\u00f3wkami i odkryj morderc\u0119 we w\u0142asnym tempie!\",\"breadcrumb\":{\"@id\":\"https:\/\/testwebsite.citygame.com\/pl\/games\/aalborg\/sherlock-holmes-aalborg\/#breadcrumb\"},\"inLanguage\":\"pl-PL\",\"potentialAction\":[{\"@type\":\"ReadAction\",\"target\":[\"https:\/\/testwebsite.citygame.com\/pl\/games\/aalborg\/sherlock-holmes-aalborg\/\"]}]},{\"@type\":\"ImageObject\",\"inLanguage\":\"pl-PL\",\"@id\":\"https:\/\/testwebsite.citygame.com\/pl\/games\/aalborg\/sherlock-holmes-aalborg\/#primaryimage\",\"url\":\"https:\/\/testwebsite.citygame.com\/wp-content\/blogs.dir\/1\/files\/sites\/62\/2026\/02\/man-playing-sherlock-city-game-aalborg.jpg\",\"contentUrl\":\"https:\/\/testwebsite.citygame.com\/wp-content\/blogs.dir\/1\/files\/sites\/62\/2026\/02\/man-playing-sherlock-city-game-aalborg.jpg\",\"width\":1024,\"height\":1024,\"caption\":\"A person plays the Sherlock city game on their phone on a sunny street in Aalborg.\"},{\"@type\":\"BreadcrumbList\",\"@id\":\"https:\/\/testwebsite.citygame.com\/pl\/games\/aalborg\/sherlock-holmes-aalborg\/#breadcrumb\",\"itemListElement\":[{\"@type\":\"ListItem\",\"position\":1,\"name\":\"Home\",\"item\":\"https:\/\/testwebsite.citygame.com\/pl\/\"},{\"@type\":\"ListItem\",\"position\":2,\"name\":\"Shop\",\"item\":\"https:\/\/testwebsite.citygame.com\/shop\/\"},{\"@type\":\"ListItem\",\"position\":3,\"name\":\"Sherlock Holmes Aalborg\"}]},{\"@type\":\"WebSite\",\"@id\":\"https:\/\/testwebsite.upevents.nl\/#website\",\"url\":\"https:\/\/testwebsite.upevents.nl\/\",\"name\":\"City Game\",\"description\":\"\",\"publisher\":{\"@id\":\"https:\/\/testwebsite.upevents.nl\/#organization\"},\"alternateName\":\"citygame.com\",\"potentialAction\":[{\"@type\":\"SearchAction\",\"target\":{\"@type\":\"EntryPoint\",\"urlTemplate\":\"https:\/\/testwebsite.upevents.nl\/?s={search_term_string}\"},\"query-input\":{\"@type\":\"PropertyValueSpecification\",\"valueRequired\":true,\"valueName\":\"search_term_string\"}}],\"inLanguage\":\"pl-PL\"},{\"@type\":[\"Organization\",\"Place\"],\"@id\":\"https:\/\/testwebsite.upevents.nl\/#organization\",\"name\":\"City Game\",\"alternateName\":\"citygame.com\",\"url\":\"https:\/\/testwebsite.upevents.nl\/\",\"logo\":{\"@id\":\"https:\/\/testwebsite.citygame.com\/pl\/games\/aalborg\/sherlock-holmes-aalborg\/#local-main-organization-logo\"},\"image\":{\"@id\":\"https:\/\/testwebsite.citygame.com\/pl\/games\/aalborg\/sherlock-holmes-aalborg\/#local-main-organization-logo\"},\"sameAs\":[\"https:\/\/www.facebook.com\/profile.php?id=100086426226253\",\"https:\/\/www.instagram.com\/citygame_com\",\"https:\/\/www.tiktok.com\/@citygamecom\/\",\"https:\/\/www.linkedin.com\/company\/citygame-com\"],\"description\":\"Turn any city into a playground with our interactive City Games and self-guided tours. Fun, flexible, and ideal for groups and team building.\",\"telephone\":[],\"openingHoursSpecification\":[{\"@type\":\"OpeningHoursSpecification\",\"dayOfWeek\":[\"Monday\",\"Tuesday\",\"Wednesday\",\"Thursday\",\"Friday\",\"Saturday\",\"Sunday\"],\"opens\":\"09:00\",\"closes\":\"17:00\"}]},{\"@type\":\"ImageObject\",\"inLanguage\":\"pl-PL\",\"@id\":\"https:\/\/testwebsite.citygame.com\/pl\/games\/aalborg\/sherlock-holmes-aalborg\/#local-main-organization-logo\",\"url\":\"https:\/\/testwebsite.citygame.com\/wp-content\/blogs.dir\/1\/files\/sites\/62\/2025\/10\/CG_LOGO-City-Game.png\",\"contentUrl\":\"https:\/\/testwebsite.citygame.com\/wp-content\/blogs.dir\/1\/files\/sites\/62\/2025\/10\/CG_LOGO-City-Game.png\",\"width\":351,\"height\":377,\"caption\":\"City Game\"}]}<\/script>\n<!-- \/ Yoast SEO Premium plugin. -->","yoast_head_json":{"title":"Sherlock Holmes Aalborg - City Game","description":"Sherlock Holmes Aalborg. Zagraj w samodzieln\u0105 gr\u0119 miejsk\u0105 z zagadk\u0105 morderstwa, rozwi\u0105zuj \u0142amig\u0142\u00f3wki, pod\u0105\u017caj za wskaz\u00f3wkami i odkryj morderc\u0119 we w\u0142asnym tempie!","robots":{"index":"noindex","follow":"follow","max-snippet":"max-snippet:-1","max-image-preview":"max-image-preview:large","max-video-preview":"max-video-preview:-1"},"og_locale":"pl_PL","og_type":"article","og_title":"Sherlock Holmes Aalborg","og_description":"Sherlock Holmes Aalborg. Zagraj w samodzieln\u0105 gr\u0119 miejsk\u0105 z zagadk\u0105 morderstwa, rozwi\u0105zuj \u0142amig\u0142\u00f3wki, pod\u0105\u017caj za wskaz\u00f3wkami i odkryj morderc\u0119 we w\u0142asnym tempie!","og_url":"https:\/\/testwebsite.citygame.com\/pl\/games\/aalborg\/sherlock-holmes-aalborg\/","og_site_name":"City Game","article_publisher":"https:\/\/www.facebook.com\/profile.php?id=100086426226253","article_modified_time":"2026-04-08T12:56:47+00:00","og_image":[{"width":1024,"height":1024,"url":"https:\/\/testwebsite.citygame.com\/wp-content\/blogs.dir\/1\/files\/sites\/62\/2026\/02\/man-playing-sherlock-city-game-aalborg.jpg","type":"image\/jpeg"}],"twitter_card":"summary_large_image","schema":{"@context":"https:\/\/schema.org","@graph":[{"@type":"WebPage","@id":"https:\/\/testwebsite.citygame.com\/pl\/games\/aalborg\/sherlock-holmes-aalborg\/","url":"https:\/\/testwebsite.citygame.com\/pl\/games\/aalborg\/sherlock-holmes-aalborg\/","name":"Sherlock Holmes Aalborg - City Game","isPartOf":{"@id":"https:\/\/testwebsite.upevents.nl\/#website"},"primaryImageOfPage":{"@id":"https:\/\/testwebsite.citygame.com\/pl\/games\/aalborg\/sherlock-holmes-aalborg\/#primaryimage"},"image":{"@id":"https:\/\/testwebsite.citygame.com\/pl\/games\/aalborg\/sherlock-holmes-aalborg\/#primaryimage"},"thumbnailUrl":"https:\/\/testwebsite.citygame.com\/wp-content\/blogs.dir\/1\/files\/sites\/62\/2026\/02\/man-playing-sherlock-city-game-aalborg.jpg","datePublished":"2026-02-12T12:55:48+00:00","dateModified":"2026-04-08T12:56:47+00:00","description":"Sherlock Holmes Aalborg. Zagraj w samodzieln\u0105 gr\u0119 miejsk\u0105 z zagadk\u0105 morderstwa, rozwi\u0105zuj \u0142amig\u0142\u00f3wki, pod\u0105\u017caj za wskaz\u00f3wkami i odkryj morderc\u0119 we w\u0142asnym tempie!","breadcrumb":{"@id":"https:\/\/testwebsite.citygame.com\/pl\/games\/aalborg\/sherlock-holmes-aalborg\/#breadcrumb"},"inLanguage":"pl-PL","potentialAction":[{"@type":"ReadAction","target":["https:\/\/testwebsite.citygame.com\/pl\/games\/aalborg\/sherlock-holmes-aalborg\/"]}]},{"@type":"ImageObject","inLanguage":"pl-PL","@id":"https:\/\/testwebsite.citygame.com\/pl\/games\/aalborg\/sherlock-holmes-aalborg\/#primaryimage","url":"https:\/\/testwebsite.citygame.com\/wp-content\/blogs.dir\/1\/files\/sites\/62\/2026\/02\/man-playing-sherlock-city-game-aalborg.jpg","contentUrl":"https:\/\/testwebsite.citygame.com\/wp-content\/blogs.dir\/1\/files\/sites\/62\/2026\/02\/man-playing-sherlock-city-game-aalborg.jpg","width":1024,"height":1024,"caption":"A person plays the Sherlock city game on their phone on a sunny street in Aalborg."},{"@type":"BreadcrumbList","@id":"https:\/\/testwebsite.citygame.com\/pl\/games\/aalborg\/sherlock-holmes-aalborg\/#breadcrumb","itemListElement":[{"@type":"ListItem","position":1,"name":"Home","item":"https:\/\/testwebsite.citygame.com\/pl\/"},{"@type":"ListItem","position":2,"name":"Shop","item":"https:\/\/testwebsite.citygame.com\/shop\/"},{"@type":"ListItem","position":3,"name":"Sherlock Holmes Aalborg"}]},{"@type":"WebSite","@id":"https:\/\/testwebsite.upevents.nl\/#website","url":"https:\/\/testwebsite.upevents.nl\/","name":"City Game","description":"","publisher":{"@id":"https:\/\/testwebsite.upevents.nl\/#organization"},"alternateName":"citygame.com","potentialAction":[{"@type":"SearchAction","target":{"@type":"EntryPoint","urlTemplate":"https:\/\/testwebsite.upevents.nl\/?s={search_term_string}"},"query-input":{"@type":"PropertyValueSpecification","valueRequired":true,"valueName":"search_term_string"}}],"inLanguage":"pl-PL"},{"@type":["Organization","Place"],"@id":"https:\/\/testwebsite.upevents.nl\/#organization","name":"City Game","alternateName":"citygame.com","url":"https:\/\/testwebsite.upevents.nl\/","logo":{"@id":"https:\/\/testwebsite.citygame.com\/pl\/games\/aalborg\/sherlock-holmes-aalborg\/#local-main-organization-logo"},"image":{"@id":"https:\/\/testwebsite.citygame.com\/pl\/games\/aalborg\/sherlock-holmes-aalborg\/#local-main-organization-logo"},"sameAs":["https:\/\/www.facebook.com\/profile.php?id=100086426226253","https:\/\/www.instagram.com\/citygame_com","https:\/\/www.tiktok.com\/@citygamecom\/","https:\/\/www.linkedin.com\/company\/citygame-com"],"description":"Turn any city into a playground with our interactive City Games and self-guided tours. Fun, flexible, and ideal for groups and team building.","telephone":[],"openingHoursSpecification":[{"@type":"OpeningHoursSpecification","dayOfWeek":["Monday","Tuesday","Wednesday","Thursday","Friday","Saturday","Sunday"],"opens":"09:00","closes":"17:00"}]},{"@type":"ImageObject","inLanguage":"pl-PL","@id":"https:\/\/testwebsite.citygame.com\/pl\/games\/aalborg\/sherlock-holmes-aalborg\/#local-main-organization-logo","url":"https:\/\/testwebsite.citygame.com\/wp-content\/blogs.dir\/1\/files\/sites\/62\/2025\/10\/CG_LOGO-City-Game.png","contentUrl":"https:\/\/testwebsite.citygame.com\/wp-content\/blogs.dir\/1\/files\/sites\/62\/2025\/10\/CG_LOGO-City-Game.png","width":351,"height":377,"caption":"City Game"}]}},"taxonomy_info":{"game-concept":[{"value":785,"label":"Sherlock"}],"location":[{"value":55,"label":"Aalborg"}],"product_cat":[{"value":27,"label":"Geen categorie"}]},"featured_image_src_large":["https:\/\/testwebsite.citygame.com\/wp-content\/blogs.dir\/1\/files\/sites\/62\/2026\/02\/man-playing-sherlock-city-game-aalborg.jpg",1024,1024,false],"author_info":[],"comment_info":"","_links":{"self":[{"href":"https:\/\/testwebsite.citygame.com\/pl\/wp-json\/wp\/v2\/product\/64010","targetHints":{"allow":["GET"]}}],"collection":[{"href":"https:\/\/testwebsite.citygame.com\/pl\/wp-json\/wp\/v2\/product"}],"about":[{"href":"https:\/\/testwebsite.citygame.com\/pl\/wp-json\/wp\/v2\/types\/product"}],"acf:post":[{"embeddable":true,"href":"https:\/\/testwebsite.citygame.com\/pl\/wp-json\/wp\/v2\/pages\/12957"}],"wp:featuredmedia":[{"embeddable":true,"href":"https:\/\/testwebsite.citygame.com\/pl\/wp-json\/wp\/v2\/media\/12959"}],"wp:attachment":[{"href":"https:\/\/testwebsite.citygame.com\/pl\/wp-json\/wp\/v2\/media?parent=64010"}],"wp:term":[{"taxonomy":"game-concept","embeddable":true,"href":"https:\/\/testwebsite.citygame.com\/pl\/wp-json\/wp\/v2\/game-concept?post=64010"},{"taxonomy":"location","embeddable":true,"href":"https:\/\/testwebsite.citygame.com\/pl\/wp-json\/wp\/v2\/location?post=64010"},{"taxonomy":"product_brand","embeddable":true,"href":"https:\/\/testwebsite.citygame.com\/pl\/wp-json\/wp\/v2\/product_brand?post=64010"},{"taxonomy":"product_cat","embeddable":true,"href":"https:\/\/testwebsite.citygame.com\/pl\/wp-json\/wp\/v2\/product_cat?post=64010"},{"taxonomy":"product_tag","embeddable":true,"href":"https:\/\/testwebsite.citygame.com\/pl\/wp-json\/wp\/v2\/product_tag?post=64010"}],"curies":[{"name":"wp","href":"https:\/\/api.w.org\/{rel}","templated":true}]}}