{"id":63223,"date":"2026-02-20T13:48:32","date_gmt":"2026-02-20T13:48:32","guid":{"rendered":"https:\/\/testwebsite.citygame.com\/games\/unknown-location\/the-edinburgh-syndicate\/"},"modified":"2026-04-08T11:13:40","modified_gmt":"2026-04-08T11:13:40","slug":"the-edinburgh-syndicate","status":"publish","type":"product","link":"https:\/\/testwebsite.citygame.com\/pl\/games\/edinburgh\/the-edinburgh-syndicate\/","title":{"rendered":"The Edinburgh Syndicate"},"content":{"rendered":"<p>&#8220;The Edinburgh Syndicate&#8221; to ekscytuj\u0105ca, samodzielna gra miejska typu escape game, kt\u00f3ra rozgrywa si\u0119 w historycznym centrum Edynburga. Ta wyj\u0105tkowa gra miejska w Edynburgu wymaga od zespo\u0142\u00f3w symbiozy w celu zlokalizowania nieuchwytnego Magnusa i odzyskania sze\u015bciu skradzionych formu\u0142, polegaj\u0105c w du\u017cej mierze na rozwi\u0105zywaniu problem\u00f3w poprzez r\u00f3\u017cnorodne \u0142amig\u0142\u00f3wki, zadania i wyzwania. Zaprojektowana z silnym naciskiem na prac\u0119 zespo\u0142ow\u0105, oferuje intryguj\u0105c\u0105 narracj\u0119 i prowadzi graczy przez kolejne etapy misji, obiecuj\u0105c wci\u0105gaj\u0105ce do\u015bwiadczenie gry typu escape.<\/p>\n","protected":false},"excerpt":{"rendered":"<p>Wyrusz na intensywn\u0105, samodzieln\u0105 gr\u0119 miejsk\u0105 typu escape game, osadzon\u0105 w sercu Edynburga. Przemknij przez proces \u015bledzenia wskaz\u00f3wek, uk\u0142adania zagadek i odkrywania prawdy, podczas gdy Ty i Tw\u00f3j zesp\u00f3\u0142 pod\u0105\u017cacie za narracj\u0105, staj\u0105c na wysoko\u015bci zadania przy ka\u017cdym kolejnym zadaniu &#8211; czas ucieka, wi\u0119c ruszajcie!<\/p>\n","protected":false},"featured_media":15373,"template":"","meta":{"_acf_changed":false,"_yoast_wpseo_focuskw":"The Edinburgh Syndicate","_yoast_wpseo_metadesc":"The Edinburgh Syndicate. Zagraj w samodzieln\u0105 gr\u0119 miejsk\u0105 typu escape game, rozwi\u0105zuj zagadki, wykonuj misje i odzyskuj skradzione formu\u0142y we w\u0142asnym tempie!","_kad_blocks_custom_css":"","_kad_blocks_head_custom_js":"","_kad_blocks_body_custom_js":"","_kad_blocks_footer_custom_js":"","ghostkit_customizer_options":"","ghostkit_custom_css":"","ghostkit_custom_js_head":"","ghostkit_custom_js_foot":"","ghostkit_typography":"","_kad_post_transparent":"","_kad_post_title":"","_kad_post_layout":"","_kad_post_sidebar_id":"","_kad_post_content_style":"","_kad_post_vertical_padding":"","_kad_post_feature":"","_kad_post_feature_position":"","_kad_post_header":false,"_kad_post_footer":false,"_kad_post_classname":"","_links_to":"","_links_to_target":""},"game-concept":[755],"location":[152],"product_brand":[],"product_cat":[27],"product_tag":[],"class_list":{"0":"post-63223","1":"product","2":"type-product","3":"status-publish","4":"has-post-thumbnail","6":"game-concept-syndicate","7":"location-edinburgh","8":"product_cat-geen-categorie","10":"first","11":"instock","12":"shipping-taxable","13":"purchasable","14":"product-type-simple","15":"entry","16":"content-bg","17":"loop-entry"},"acf":{"full_bokun_product_name":"Self-Guided The Edinburgh Syndicate City Escape Game","location_name":"Edinburgh","bokun_calendar_widget_code":"<script type=\"text\/javascript\" src=\"https:\/\/widgets.bokun.io\/assets\/javascripts\/apps\/build\/BokunWidgetsLoader.js?bookingChannelUUID=a1e93e96-5232-4734-a595-28405f4b5a31\" async><\/script>\n     \n    <div class=\"bokunWidget\" data-src=\"https:\/\/widgets.bokun.io\/online-sales\/a1e93e96-5232-4734-a595-28405f4b5a31\/experience-calendar\/992397\"><\/div>\n    <noscript>Please enable javascript in your browser to book<\/noscript>","bokun_button_widget_code":"<script type=\"text\/javascript\" src=\"https:\/\/widgets.bokun.io\/assets\/javascripts\/apps\/build\/BokunWidgetsLoader.js?bookingChannelUUID=a1e93e96-5232-4734-a595-28405f4b5a31\" async><\/script>\n      <style> #bokun_ed001e45_5927_4f62_b470_ca766338d083 { display: inline-block; padding: .4em 1em; background: #47b82e; border-radius: 999999px; box-shadow: none; font-weight: 600; font-size: 24px; text-decoration: none; text-align: center; color: #FFFFFF; border:none; cursor: pointer; transition: background .2s ease; } #bokun_ed001e45_5927_4f62_b470_ca766338d083:hover{ background: #2f7b1f; } #bokun_ed001e45_5927_4f62_b470_ca766338d083:active{ background: #378f24; } <\/style> <button class=\"bokunButton\" disabled id=bokun_ed001e45_5927_4f62_b470_ca766338d083 data-src=\"https:\/\/widgets.bokun.io\/online-sales\/a1e93e96-5232-4734-a595-28405f4b5a31\/experience-calendar\/992397?partialView=1\" data-testid=\"widget-book-button\" > Book now <\/button> ","what_you\u2019ll_experience_during_the_game":"W sercu Edynburga znajdziesz si\u0119 w wirze adrenaliny, misji ucieczki, gdzie miasto staje si\u0119 Twoj\u0105 \u017cyw\u0105 plansz\u0105 do gry. Ka\u017cda ulica, kawiarnia czy park staje si\u0119 cz\u0119\u015bci\u0105 Twojej wysokiej stawki misji, kt\u00f3ra rozwija si\u0119 krok po kroku, wci\u0105gaj\u0105c Ci\u0119 g\u0142\u0119biej w histori\u0119. Tw\u00f3j cel? Wytropienie nieuchwytnego Magnusa, aby odzyska\u0107 sze\u015b\u0107 skradzionych formu\u0142, kt\u00f3re parali\u017cuj\u0105 miasto.\n\nPodczas tej wci\u0105gaj\u0105cej aktywno\u015bci napotkasz skomplikowane \u0142amig\u0142\u00f3wki i kody, pokonasz zadania i stawisz czo\u0142a wyzwaniom, kt\u00f3re stoj\u0105 mi\u0119dzy Tob\u0105 a Twoim celem. Komunikacja, praca zespo\u0142owa i szybkie podejmowanie decyzji b\u0119d\u0105 kluczowe dla Twojego sukcesu. To nie jest tradycyjna eksploracja miasta, ale w pe\u0142ni oparta na historii misja ucieczki, kt\u00f3r\u0105 mo\u017cesz zatrzyma\u0107 i kontynuowa\u0107 we w\u0142asnym tempie. Przekszta\u0142\u0107 Edynburg w sw\u00f3j w\u0142asny ekscytuj\u0105cy pok\u00f3j ucieczki - bez fizycznych ogranicze\u0144.","how_to_play":"Zarezerwuj Gr\u0119 Miejsk\u0105, sprawd\u017a e-mail, kt\u00f3ry Ci wy\u015blemy z instrukcjami, pobierz aplikacj\u0119 Loquiz i rozpocznij swoj\u0105 przygod\u0119 z gr\u0105!","start_location":"Edinburgh, St Giles' Cathedral","available_languages":["en"],"players_per_group":"1-4","duration":"1.5-2 hours","image_overlay_color_image":"https:\/\/testwebsite.citygame.com\/wp-content\/blogs.dir\/1\/files\/sites\/62\/2026\/01\/SyndicateColor.svg","image_overlay_game_logo":"https:\/\/testwebsite.citygame.com\/wp-content\/blogs.dir\/1\/files\/sites\/62\/2026\/01\/SyndicateLogo.png","city_page":12208,"woocommerce_general_content":null},"yoast_head":"<!-- This site is optimized with the Yoast SEO Premium plugin v26.2 (Yoast SEO v26.3) - https:\/\/yoast.com\/wordpress\/plugins\/seo\/ -->\n<title>The Edinburgh Syndicate - City Game<\/title>\n<meta name=\"description\" content=\"The Edinburgh Syndicate. Zagraj w samodzieln\u0105 gr\u0119 miejsk\u0105 typu escape game, rozwi\u0105zuj zagadki, wykonuj misje i odzyskuj skradzione formu\u0142y we w\u0142asnym tempie!\" \/>\n<meta name=\"robots\" content=\"noindex, follow, max-snippet:-1, max-image-preview:large, max-video-preview:-1\" \/>\n<meta property=\"og:locale\" content=\"pl_PL\" \/>\n<meta property=\"og:type\" content=\"article\" \/>\n<meta property=\"og:title\" content=\"The Edinburgh Syndicate\" \/>\n<meta property=\"og:description\" content=\"The Edinburgh Syndicate. Zagraj w samodzieln\u0105 gr\u0119 miejsk\u0105 typu escape game, rozwi\u0105zuj zagadki, wykonuj misje i odzyskuj skradzione formu\u0142y we w\u0142asnym tempie!\" \/>\n<meta property=\"og:url\" content=\"https:\/\/testwebsite.citygame.com\/pl\/games\/edinburgh\/the-edinburgh-syndicate\/\" \/>\n<meta property=\"og:site_name\" content=\"City Game\" \/>\n<meta property=\"article:publisher\" content=\"https:\/\/www.facebook.com\/profile.php?id=100086426226253\" \/>\n<meta property=\"article:modified_time\" content=\"2026-04-08T11:13:40+00:00\" \/>\n<meta property=\"og:image\" content=\"https:\/\/testwebsite.citygame.com\/wp-content\/blogs.dir\/1\/files\/sites\/62\/2026\/02\/city-game-edinburgh-players-parliament-square.jpg\" \/>\n\t<meta property=\"og:image:width\" content=\"1024\" \/>\n\t<meta property=\"og:image:height\" content=\"1024\" \/>\n\t<meta property=\"og:image:type\" content=\"image\/jpeg\" \/>\n<meta name=\"twitter:card\" content=\"summary_large_image\" \/>\n<script type=\"application\/ld+json\" class=\"yoast-schema-graph\">{\"@context\":\"https:\/\/schema.org\",\"@graph\":[{\"@type\":\"WebPage\",\"@id\":\"https:\/\/testwebsite.citygame.com\/pl\/games\/edinburgh\/the-edinburgh-syndicate\/\",\"url\":\"https:\/\/testwebsite.citygame.com\/pl\/games\/edinburgh\/the-edinburgh-syndicate\/\",\"name\":\"The Edinburgh Syndicate - City Game\",\"isPartOf\":{\"@id\":\"https:\/\/testwebsite.upevents.nl\/#website\"},\"primaryImageOfPage\":{\"@id\":\"https:\/\/testwebsite.citygame.com\/pl\/games\/edinburgh\/the-edinburgh-syndicate\/#primaryimage\"},\"image\":{\"@id\":\"https:\/\/testwebsite.citygame.com\/pl\/games\/edinburgh\/the-edinburgh-syndicate\/#primaryimage\"},\"thumbnailUrl\":\"https:\/\/testwebsite.citygame.com\/wp-content\/blogs.dir\/1\/files\/sites\/62\/2026\/02\/city-game-edinburgh-players-parliament-square.jpg\",\"datePublished\":\"2026-02-20T13:48:32+00:00\",\"dateModified\":\"2026-04-08T11:13:40+00:00\",\"description\":\"The Edinburgh Syndicate. Zagraj w samodzieln\u0105 gr\u0119 miejsk\u0105 typu escape game, rozwi\u0105zuj zagadki, wykonuj misje i odzyskuj skradzione formu\u0142y we w\u0142asnym tempie!\",\"breadcrumb\":{\"@id\":\"https:\/\/testwebsite.citygame.com\/pl\/games\/edinburgh\/the-edinburgh-syndicate\/#breadcrumb\"},\"inLanguage\":\"pl-PL\",\"potentialAction\":[{\"@type\":\"ReadAction\",\"target\":[\"https:\/\/testwebsite.citygame.com\/pl\/games\/edinburgh\/the-edinburgh-syndicate\/\"]}]},{\"@type\":\"ImageObject\",\"inLanguage\":\"pl-PL\",\"@id\":\"https:\/\/testwebsite.citygame.com\/pl\/games\/edinburgh\/the-edinburgh-syndicate\/#primaryimage\",\"url\":\"https:\/\/testwebsite.citygame.com\/wp-content\/blogs.dir\/1\/files\/sites\/62\/2026\/02\/city-game-edinburgh-players-parliament-square.jpg\",\"contentUrl\":\"https:\/\/testwebsite.citygame.com\/wp-content\/blogs.dir\/1\/files\/sites\/62\/2026\/02\/city-game-edinburgh-players-parliament-square.jpg\",\"width\":1024,\"height\":1024,\"caption\":\"A group of friends work together to solve a puzzle on a phone in historic Parliament Square.\"},{\"@type\":\"BreadcrumbList\",\"@id\":\"https:\/\/testwebsite.citygame.com\/pl\/games\/edinburgh\/the-edinburgh-syndicate\/#breadcrumb\",\"itemListElement\":[{\"@type\":\"ListItem\",\"position\":1,\"name\":\"Home\",\"item\":\"https:\/\/testwebsite.citygame.com\/pl\/\"},{\"@type\":\"ListItem\",\"position\":2,\"name\":\"Shop\",\"item\":\"https:\/\/testwebsite.citygame.com\/shop\/\"},{\"@type\":\"ListItem\",\"position\":3,\"name\":\"The Edinburgh Syndicate\"}]},{\"@type\":\"WebSite\",\"@id\":\"https:\/\/testwebsite.upevents.nl\/#website\",\"url\":\"https:\/\/testwebsite.upevents.nl\/\",\"name\":\"City Game\",\"description\":\"\",\"publisher\":{\"@id\":\"https:\/\/testwebsite.upevents.nl\/#organization\"},\"alternateName\":\"citygame.com\",\"potentialAction\":[{\"@type\":\"SearchAction\",\"target\":{\"@type\":\"EntryPoint\",\"urlTemplate\":\"https:\/\/testwebsite.upevents.nl\/?s={search_term_string}\"},\"query-input\":{\"@type\":\"PropertyValueSpecification\",\"valueRequired\":true,\"valueName\":\"search_term_string\"}}],\"inLanguage\":\"pl-PL\"},{\"@type\":[\"Organization\",\"Place\"],\"@id\":\"https:\/\/testwebsite.upevents.nl\/#organization\",\"name\":\"City Game\",\"alternateName\":\"citygame.com\",\"url\":\"https:\/\/testwebsite.upevents.nl\/\",\"logo\":{\"@id\":\"https:\/\/testwebsite.citygame.com\/pl\/games\/edinburgh\/the-edinburgh-syndicate\/#local-main-organization-logo\"},\"image\":{\"@id\":\"https:\/\/testwebsite.citygame.com\/pl\/games\/edinburgh\/the-edinburgh-syndicate\/#local-main-organization-logo\"},\"sameAs\":[\"https:\/\/www.facebook.com\/profile.php?id=100086426226253\",\"https:\/\/www.instagram.com\/citygame_com\",\"https:\/\/www.tiktok.com\/@citygamecom\/\",\"https:\/\/www.linkedin.com\/company\/citygame-com\"],\"description\":\"Turn any city into a playground with our interactive City Games and self-guided tours. Fun, flexible, and ideal for groups and team building.\",\"telephone\":[],\"openingHoursSpecification\":[{\"@type\":\"OpeningHoursSpecification\",\"dayOfWeek\":[\"Monday\",\"Tuesday\",\"Wednesday\",\"Thursday\",\"Friday\",\"Saturday\",\"Sunday\"],\"opens\":\"09:00\",\"closes\":\"17:00\"}]},{\"@type\":\"ImageObject\",\"inLanguage\":\"pl-PL\",\"@id\":\"https:\/\/testwebsite.citygame.com\/pl\/games\/edinburgh\/the-edinburgh-syndicate\/#local-main-organization-logo\",\"url\":\"https:\/\/testwebsite.citygame.com\/wp-content\/blogs.dir\/1\/files\/sites\/62\/2025\/10\/CG_LOGO-City-Game.png\",\"contentUrl\":\"https:\/\/testwebsite.citygame.com\/wp-content\/blogs.dir\/1\/files\/sites\/62\/2025\/10\/CG_LOGO-City-Game.png\",\"width\":351,\"height\":377,\"caption\":\"City Game\"}]}<\/script>\n<!-- \/ Yoast SEO Premium plugin. -->","yoast_head_json":{"title":"The Edinburgh Syndicate - City Game","description":"The Edinburgh Syndicate. Zagraj w samodzieln\u0105 gr\u0119 miejsk\u0105 typu escape game, rozwi\u0105zuj zagadki, wykonuj misje i odzyskuj skradzione formu\u0142y we w\u0142asnym tempie!","robots":{"index":"noindex","follow":"follow","max-snippet":"max-snippet:-1","max-image-preview":"max-image-preview:large","max-video-preview":"max-video-preview:-1"},"og_locale":"pl_PL","og_type":"article","og_title":"The Edinburgh Syndicate","og_description":"The Edinburgh Syndicate. Zagraj w samodzieln\u0105 gr\u0119 miejsk\u0105 typu escape game, rozwi\u0105zuj zagadki, wykonuj misje i odzyskuj skradzione formu\u0142y we w\u0142asnym tempie!","og_url":"https:\/\/testwebsite.citygame.com\/pl\/games\/edinburgh\/the-edinburgh-syndicate\/","og_site_name":"City Game","article_publisher":"https:\/\/www.facebook.com\/profile.php?id=100086426226253","article_modified_time":"2026-04-08T11:13:40+00:00","og_image":[{"width":1024,"height":1024,"url":"https:\/\/testwebsite.citygame.com\/wp-content\/blogs.dir\/1\/files\/sites\/62\/2026\/02\/city-game-edinburgh-players-parliament-square.jpg","type":"image\/jpeg"}],"twitter_card":"summary_large_image","schema":{"@context":"https:\/\/schema.org","@graph":[{"@type":"WebPage","@id":"https:\/\/testwebsite.citygame.com\/pl\/games\/edinburgh\/the-edinburgh-syndicate\/","url":"https:\/\/testwebsite.citygame.com\/pl\/games\/edinburgh\/the-edinburgh-syndicate\/","name":"The Edinburgh Syndicate - City Game","isPartOf":{"@id":"https:\/\/testwebsite.upevents.nl\/#website"},"primaryImageOfPage":{"@id":"https:\/\/testwebsite.citygame.com\/pl\/games\/edinburgh\/the-edinburgh-syndicate\/#primaryimage"},"image":{"@id":"https:\/\/testwebsite.citygame.com\/pl\/games\/edinburgh\/the-edinburgh-syndicate\/#primaryimage"},"thumbnailUrl":"https:\/\/testwebsite.citygame.com\/wp-content\/blogs.dir\/1\/files\/sites\/62\/2026\/02\/city-game-edinburgh-players-parliament-square.jpg","datePublished":"2026-02-20T13:48:32+00:00","dateModified":"2026-04-08T11:13:40+00:00","description":"The Edinburgh Syndicate. Zagraj w samodzieln\u0105 gr\u0119 miejsk\u0105 typu escape game, rozwi\u0105zuj zagadki, wykonuj misje i odzyskuj skradzione formu\u0142y we w\u0142asnym tempie!","breadcrumb":{"@id":"https:\/\/testwebsite.citygame.com\/pl\/games\/edinburgh\/the-edinburgh-syndicate\/#breadcrumb"},"inLanguage":"pl-PL","potentialAction":[{"@type":"ReadAction","target":["https:\/\/testwebsite.citygame.com\/pl\/games\/edinburgh\/the-edinburgh-syndicate\/"]}]},{"@type":"ImageObject","inLanguage":"pl-PL","@id":"https:\/\/testwebsite.citygame.com\/pl\/games\/edinburgh\/the-edinburgh-syndicate\/#primaryimage","url":"https:\/\/testwebsite.citygame.com\/wp-content\/blogs.dir\/1\/files\/sites\/62\/2026\/02\/city-game-edinburgh-players-parliament-square.jpg","contentUrl":"https:\/\/testwebsite.citygame.com\/wp-content\/blogs.dir\/1\/files\/sites\/62\/2026\/02\/city-game-edinburgh-players-parliament-square.jpg","width":1024,"height":1024,"caption":"A group of friends work together to solve a puzzle on a phone in historic Parliament Square."},{"@type":"BreadcrumbList","@id":"https:\/\/testwebsite.citygame.com\/pl\/games\/edinburgh\/the-edinburgh-syndicate\/#breadcrumb","itemListElement":[{"@type":"ListItem","position":1,"name":"Home","item":"https:\/\/testwebsite.citygame.com\/pl\/"},{"@type":"ListItem","position":2,"name":"Shop","item":"https:\/\/testwebsite.citygame.com\/shop\/"},{"@type":"ListItem","position":3,"name":"The Edinburgh Syndicate"}]},{"@type":"WebSite","@id":"https:\/\/testwebsite.upevents.nl\/#website","url":"https:\/\/testwebsite.upevents.nl\/","name":"City Game","description":"","publisher":{"@id":"https:\/\/testwebsite.upevents.nl\/#organization"},"alternateName":"citygame.com","potentialAction":[{"@type":"SearchAction","target":{"@type":"EntryPoint","urlTemplate":"https:\/\/testwebsite.upevents.nl\/?s={search_term_string}"},"query-input":{"@type":"PropertyValueSpecification","valueRequired":true,"valueName":"search_term_string"}}],"inLanguage":"pl-PL"},{"@type":["Organization","Place"],"@id":"https:\/\/testwebsite.upevents.nl\/#organization","name":"City Game","alternateName":"citygame.com","url":"https:\/\/testwebsite.upevents.nl\/","logo":{"@id":"https:\/\/testwebsite.citygame.com\/pl\/games\/edinburgh\/the-edinburgh-syndicate\/#local-main-organization-logo"},"image":{"@id":"https:\/\/testwebsite.citygame.com\/pl\/games\/edinburgh\/the-edinburgh-syndicate\/#local-main-organization-logo"},"sameAs":["https:\/\/www.facebook.com\/profile.php?id=100086426226253","https:\/\/www.instagram.com\/citygame_com","https:\/\/www.tiktok.com\/@citygamecom\/","https:\/\/www.linkedin.com\/company\/citygame-com"],"description":"Turn any city into a playground with our interactive City Games and self-guided tours. Fun, flexible, and ideal for groups and team building.","telephone":[],"openingHoursSpecification":[{"@type":"OpeningHoursSpecification","dayOfWeek":["Monday","Tuesday","Wednesday","Thursday","Friday","Saturday","Sunday"],"opens":"09:00","closes":"17:00"}]},{"@type":"ImageObject","inLanguage":"pl-PL","@id":"https:\/\/testwebsite.citygame.com\/pl\/games\/edinburgh\/the-edinburgh-syndicate\/#local-main-organization-logo","url":"https:\/\/testwebsite.citygame.com\/wp-content\/blogs.dir\/1\/files\/sites\/62\/2025\/10\/CG_LOGO-City-Game.png","contentUrl":"https:\/\/testwebsite.citygame.com\/wp-content\/blogs.dir\/1\/files\/sites\/62\/2025\/10\/CG_LOGO-City-Game.png","width":351,"height":377,"caption":"City Game"}]}},"taxonomy_info":{"game-concept":[{"value":755,"label":"Syndicate"}],"location":[{"value":152,"label":"Edinburgh"}],"product_cat":[{"value":27,"label":"Geen categorie"}]},"featured_image_src_large":["https:\/\/testwebsite.citygame.com\/wp-content\/blogs.dir\/1\/files\/sites\/62\/2026\/02\/city-game-edinburgh-players-parliament-square.jpg",1024,1024,false],"author_info":[],"comment_info":"","_links":{"self":[{"href":"https:\/\/testwebsite.citygame.com\/pl\/wp-json\/wp\/v2\/product\/63223","targetHints":{"allow":["GET"]}}],"collection":[{"href":"https:\/\/testwebsite.citygame.com\/pl\/wp-json\/wp\/v2\/product"}],"about":[{"href":"https:\/\/testwebsite.citygame.com\/pl\/wp-json\/wp\/v2\/types\/product"}],"acf:post":[{"embeddable":true,"href":"https:\/\/testwebsite.citygame.com\/pl\/wp-json\/wp\/v2\/pages\/12208"}],"wp:featuredmedia":[{"embeddable":true,"href":"https:\/\/testwebsite.citygame.com\/pl\/wp-json\/wp\/v2\/media\/15373"}],"wp:attachment":[{"href":"https:\/\/testwebsite.citygame.com\/pl\/wp-json\/wp\/v2\/media?parent=63223"}],"wp:term":[{"taxonomy":"game-concept","embeddable":true,"href":"https:\/\/testwebsite.citygame.com\/pl\/wp-json\/wp\/v2\/game-concept?post=63223"},{"taxonomy":"location","embeddable":true,"href":"https:\/\/testwebsite.citygame.com\/pl\/wp-json\/wp\/v2\/location?post=63223"},{"taxonomy":"product_brand","embeddable":true,"href":"https:\/\/testwebsite.citygame.com\/pl\/wp-json\/wp\/v2\/product_brand?post=63223"},{"taxonomy":"product_cat","embeddable":true,"href":"https:\/\/testwebsite.citygame.com\/pl\/wp-json\/wp\/v2\/product_cat?post=63223"},{"taxonomy":"product_tag","embeddable":true,"href":"https:\/\/testwebsite.citygame.com\/pl\/wp-json\/wp\/v2\/product_tag?post=63223"}],"curies":[{"name":"wp","href":"https:\/\/api.w.org\/{rel}","templated":true}]}}