{"id":62604,"date":"2026-02-11T16:22:29","date_gmt":"2026-02-11T16:22:29","guid":{"rendered":"https:\/\/testwebsite.citygame.com\/games\/unknown-location\/sherlock-holmes-tirana\/"},"modified":"2026-04-08T09:57:23","modified_gmt":"2026-04-08T09:57:23","slug":"sherlock-holmes-tirana","status":"publish","type":"product","link":"https:\/\/testwebsite.citygame.com\/pl\/games\/tirana\/sherlock-holmes-tirana\/","title":{"rendered":"Sherlock Holmes Tirana"},"content":{"rendered":"<p>Wkrocz do \u015bwiata Sherlocka Holmesa z t\u0105 samodzieln\u0105, fabularn\u0105 gr\u0105 miejsk\u0105 City Game z motywem morderstwa, osadzon\u0105 w centrum Tirany. Kiedy podczas Festiwalu Wolno\u015bci dochodzi do szokuj\u0105cego morderstwa, zostajesz wezwany do przeprowadzenia \u015bledztwa, rozwik\u0142uj\u0105c tajemnice poprzez rozwijaj\u0105c\u0105 si\u0119 narracj\u0119, kt\u00f3ra prowadzi Ci\u0119 przez ulice miasta. We w\u0142asnym tempie zbieraj kluczowe wskaz\u00f3wki, rozwi\u0105zuj skomplikowane zagadki i przes\u0142uchuj cyfrowych podejrzanych, zanurzaj\u0105c si\u0119 w detektywistycznym do\u015bwiadczeniu, ukszta\u0142towanym przez tajemnic\u0119 i intryg\u0119.<\/p>\n","protected":false},"excerpt":{"rendered":"<p>Wciel si\u0119 w legendarnego Sherlocka Holmesa i zanurz si\u0119 w samodzielnej grze detektywistycznej z motywem morderstwa, osadzonej w Tiranie. Rozwik\u0142aj sie\u0107 tajemnic, pod\u0105\u017caj\u0105c za zagadkowymi wskaz\u00f3wkami, rozwi\u0105zuj\u0105c z zespo\u0142em \u0142amig\u0142\u00f3wki wymagaj\u0105ce sprytu i odkryj brutaln\u0105 prawd\u0119, zanim b\u0119dzie za p\u00f3\u017ano!<\/p>\n","protected":false},"featured_media":12698,"template":"","meta":{"_acf_changed":false,"_yoast_wpseo_focuskw":"Sherlock Holmes Tirana","_yoast_wpseo_metadesc":"Sherlock Holmes Tirana. Zagraj w samodzieln\u0105 gr\u0119 miejsk\u0105 z motywem morderstwa, rozwi\u0105zuj zagadki, pod\u0105\u017caj za wskaz\u00f3wkami i odkryj morderc\u0119 we w\u0142asnym tempie!","_kad_blocks_custom_css":"","_kad_blocks_head_custom_js":"","_kad_blocks_body_custom_js":"","_kad_blocks_footer_custom_js":"","ghostkit_customizer_options":"","ghostkit_custom_css":"","ghostkit_custom_js_head":"","ghostkit_custom_js_foot":"","ghostkit_typography":"","_kad_post_transparent":"default","_kad_post_title":"","_kad_post_layout":"default","_kad_post_sidebar_id":"","_kad_post_content_style":"default","_kad_post_vertical_padding":"default","_kad_post_feature":"","_kad_post_feature_position":"","_kad_post_header":false,"_kad_post_footer":false,"_kad_post_classname":"","_links_to":"","_links_to_target":""},"game-concept":[785],"location":[397],"product_brand":[],"product_cat":[27],"product_tag":[],"class_list":{"0":"post-62604","1":"product","2":"type-product","3":"status-publish","4":"has-post-thumbnail","6":"game-concept-sherlock","7":"location-tirana","8":"product_cat-geen-categorie","10":"first","11":"instock","12":"shipping-taxable","13":"purchasable","14":"product-type-simple","15":"entry","16":"content-bg","17":"loop-entry"},"acf":{"full_bokun_product_name":"Tirana Self-Guided Sherlock Holmes Murder Mystery Game","location_name":"Tirana","bokun_calendar_widget_code":"<script type=\"text\/javascript\" src=\"https:\/\/widgets.bokun.io\/assets\/javascripts\/apps\/build\/BokunWidgetsLoader.js?bookingChannelUUID=a1e93e96-5232-4734-a595-28405f4b5a31\" async><\/script>\n     \n    <div class=\"bokunWidget\" data-src=\"https:\/\/widgets.bokun.io\/online-sales\/a1e93e96-5232-4734-a595-28405f4b5a31\/experience-calendar\/772336\"><\/div>\n    <noscript>Please enable javascript in your browser to book<\/noscript>","bokun_button_widget_code":"<script type=\"text\/javascript\" src=\"https:\/\/widgets.bokun.io\/assets\/javascripts\/apps\/build\/BokunWidgetsLoader.js?bookingChannelUUID=a1e93e96-5232-4734-a595-28405f4b5a31\" async><\/script>\n      <style> #bokun_ed001e45_5927_4f62_b470_ca766338d083 { display: inline-block; padding: .4em 1em; background: #47b82e; border-radius: 999999px; box-shadow: none; font-weight: 600; font-size: 24px; text-decoration: none; text-align: center; color: #FFFFFF; border:none; cursor: pointer; transition: background .2s ease; } #bokun_ed001e45_5927_4f62_b470_ca766338d083:hover{ background: #2f7b1f; } #bokun_ed001e45_5927_4f62_b470_ca766338d083:active{ background: #378f24; } <\/style> <button class=\"bokunButton\" disabled id=bokun_ed001e45_5927_4f62_b470_ca766338d083 data-src=\"https:\/\/widgets.bokun.io\/online-sales\/a1e93e96-5232-4734-a595-28405f4b5a31\/experience-calendar\/772336?partialView=1\" data-testid=\"widget-book-button\" > Book now <\/button> ","what_you\u2019ll_experience_during_the_game":"Wkraczasz w porywaj\u0105c\u0105 histori\u0119 detektywistyczn\u0105 osadzon\u0105 w sercu Tirany, gdzie ka\u017cdy zak\u0105tek kryje now\u0105 wskaz\u00f3wk\u0119, a ka\u017cda decyzja kszta\u0142tuje Twoj\u0105 \u015bcie\u017ck\u0119. W miar\u0119 jak zagadka rozwija si\u0119 wraz z Twoimi ruchami po mie\u015bcie, pod\u0105\u017casz \u015bladem morderstwa zwi\u0105zanego z Festiwalem Wolno\u015bci, poruszaj\u0105c si\u0119 w \u015bwiecie niepewno\u015bci i oszustwa. Po drodze odkrywasz ukryte motywy, rozwi\u0105zujesz skomplikowane zagadki i odkrywasz nieoczekiwane zwroty akcji, kt\u00f3re podwa\u017caj\u0105 Twoje za\u0142o\u017cenia i wyostrzaj\u0105 instynkt.\r\n\r\nPrzes\u0142uchujesz cyfrowych podejrzanych, analizujesz alibi i konfrontujesz si\u0119 ze sprzeczno\u015bciami, kt\u00f3re ujawniaj\u0105 znacznie wi\u0119cej ni\u017c powierzchowne wskaz\u00f3wki. Z ka\u017cdym odkryciem zbli\u017casz si\u0119 do prawdy, polegaj\u0105c na krytycznym my\u015bleniu, obserwacji i dedukcji, aby z\u0142o\u017cy\u0107 histori\u0119 w ca\u0142o\u015b\u0107. Do\u015bwiadczenie jest w pe\u0142ni fabularne, co pozwala gra\u0107 we w\u0142asnym tempie, zatrzymywa\u0107 si\u0119 w dowolnym momencie i wznawia\u0107, gdy jeste\u015b gotowy. Je\u015bli pracujesz w zespole, nutka rywalizacji mo\u017ce doda\u0107 ekscytuj\u0105cego smaku \u015bledztwu.","how_to_play":"Graj solo lub z przyjaci\u00f3\u0142mi, rodzin\u0105 lub wsp\u00f3\u0142pracownikami w zespo\u0142ach do czterech os\u00f3b na urz\u0105dzenie. Po dokonaniu rezerwacji otrzymasz e-mail z instrukcjami i wszystkim, czego potrzebujesz.","start_location":"Tirana, Bashkia Tiran\u00eb","available_languages":["en","es","fr","de","it","nl"],"players_per_group":"1-4","duration":"1.5-2 hours","image_overlay_color_image":"https:\/\/testwebsite.citygame.com\/wp-content\/blogs.dir\/1\/files\/sites\/62\/2026\/01\/SherlockColor.svg","image_overlay_game_logo":"https:\/\/testwebsite.citygame.com\/wp-content\/blogs.dir\/1\/files\/sites\/62\/2026\/01\/SherlockLogo.png","city_page":12690,"woocommerce_general_content":null},"yoast_head":"<!-- This site is optimized with the Yoast SEO Premium plugin v26.2 (Yoast SEO v26.3) - https:\/\/yoast.com\/wordpress\/plugins\/seo\/ -->\n<title>Sherlock Holmes Tirana - City Game<\/title>\n<meta name=\"description\" content=\"Sherlock Holmes Tirana. Zagraj w samodzieln\u0105 gr\u0119 miejsk\u0105 z motywem morderstwa, rozwi\u0105zuj zagadki, pod\u0105\u017caj za wskaz\u00f3wkami i odkryj morderc\u0119 we w\u0142asnym tempie!\" \/>\n<meta name=\"robots\" content=\"noindex, follow, max-snippet:-1, max-image-preview:large, max-video-preview:-1\" \/>\n<meta property=\"og:locale\" content=\"pl_PL\" \/>\n<meta property=\"og:type\" content=\"article\" \/>\n<meta property=\"og:title\" content=\"Sherlock Holmes Tirana\" \/>\n<meta property=\"og:description\" content=\"Sherlock Holmes Tirana. Zagraj w samodzieln\u0105 gr\u0119 miejsk\u0105 z motywem morderstwa, rozwi\u0105zuj zagadki, pod\u0105\u017caj za wskaz\u00f3wkami i odkryj morderc\u0119 we w\u0142asnym tempie!\" \/>\n<meta property=\"og:url\" content=\"https:\/\/testwebsite.citygame.com\/pl\/games\/tirana\/sherlock-holmes-tirana\/\" \/>\n<meta property=\"og:site_name\" content=\"City Game\" \/>\n<meta property=\"article:publisher\" content=\"https:\/\/www.facebook.com\/profile.php?id=100086426226253\" \/>\n<meta property=\"article:modified_time\" content=\"2026-04-08T09:57:23+00:00\" \/>\n<meta property=\"og:image\" content=\"https:\/\/testwebsite.citygame.com\/wp-content\/blogs.dir\/1\/files\/sites\/62\/2026\/02\/tirana-park-sherlock-city-game.jpg\" \/>\n\t<meta property=\"og:image:width\" content=\"1024\" \/>\n\t<meta property=\"og:image:height\" content=\"1024\" \/>\n\t<meta property=\"og:image:type\" content=\"image\/jpeg\" \/>\n<meta name=\"twitter:card\" content=\"summary_large_image\" \/>\n<script type=\"application\/ld+json\" class=\"yoast-schema-graph\">{\"@context\":\"https:\/\/schema.org\",\"@graph\":[{\"@type\":\"WebPage\",\"@id\":\"https:\/\/testwebsite.citygame.com\/pl\/games\/tirana\/sherlock-holmes-tirana\/\",\"url\":\"https:\/\/testwebsite.citygame.com\/pl\/games\/tirana\/sherlock-holmes-tirana\/\",\"name\":\"Sherlock Holmes Tirana - City Game\",\"isPartOf\":{\"@id\":\"https:\/\/testwebsite.upevents.nl\/#website\"},\"primaryImageOfPage\":{\"@id\":\"https:\/\/testwebsite.citygame.com\/pl\/games\/tirana\/sherlock-holmes-tirana\/#primaryimage\"},\"image\":{\"@id\":\"https:\/\/testwebsite.citygame.com\/pl\/games\/tirana\/sherlock-holmes-tirana\/#primaryimage\"},\"thumbnailUrl\":\"https:\/\/testwebsite.citygame.com\/wp-content\/blogs.dir\/1\/files\/sites\/62\/2026\/02\/tirana-park-sherlock-city-game.jpg\",\"datePublished\":\"2026-02-11T16:22:29+00:00\",\"dateModified\":\"2026-04-08T09:57:23+00:00\",\"description\":\"Sherlock Holmes Tirana. Zagraj w samodzieln\u0105 gr\u0119 miejsk\u0105 z motywem morderstwa, rozwi\u0105zuj zagadki, pod\u0105\u017caj za wskaz\u00f3wkami i odkryj morderc\u0119 we w\u0142asnym tempie!\",\"breadcrumb\":{\"@id\":\"https:\/\/testwebsite.citygame.com\/pl\/games\/tirana\/sherlock-holmes-tirana\/#breadcrumb\"},\"inLanguage\":\"pl-PL\",\"potentialAction\":[{\"@type\":\"ReadAction\",\"target\":[\"https:\/\/testwebsite.citygame.com\/pl\/games\/tirana\/sherlock-holmes-tirana\/\"]}]},{\"@type\":\"ImageObject\",\"inLanguage\":\"pl-PL\",\"@id\":\"https:\/\/testwebsite.citygame.com\/pl\/games\/tirana\/sherlock-holmes-tirana\/#primaryimage\",\"url\":\"https:\/\/testwebsite.citygame.com\/wp-content\/blogs.dir\/1\/files\/sites\/62\/2026\/02\/tirana-park-sherlock-city-game.jpg\",\"contentUrl\":\"https:\/\/testwebsite.citygame.com\/wp-content\/blogs.dir\/1\/files\/sites\/62\/2026\/02\/tirana-park-sherlock-city-game.jpg\",\"width\":1024,\"height\":1024,\"caption\":\"A player engages with the Sherlock game on a sunny day in a Tirana park.\"},{\"@type\":\"BreadcrumbList\",\"@id\":\"https:\/\/testwebsite.citygame.com\/pl\/games\/tirana\/sherlock-holmes-tirana\/#breadcrumb\",\"itemListElement\":[{\"@type\":\"ListItem\",\"position\":1,\"name\":\"Home\",\"item\":\"https:\/\/testwebsite.citygame.com\/pl\/\"},{\"@type\":\"ListItem\",\"position\":2,\"name\":\"Shop\",\"item\":\"https:\/\/testwebsite.citygame.com\/shop\/\"},{\"@type\":\"ListItem\",\"position\":3,\"name\":\"Sherlock Holmes Tirana\"}]},{\"@type\":\"WebSite\",\"@id\":\"https:\/\/testwebsite.upevents.nl\/#website\",\"url\":\"https:\/\/testwebsite.upevents.nl\/\",\"name\":\"City Game\",\"description\":\"\",\"publisher\":{\"@id\":\"https:\/\/testwebsite.upevents.nl\/#organization\"},\"alternateName\":\"citygame.com\",\"potentialAction\":[{\"@type\":\"SearchAction\",\"target\":{\"@type\":\"EntryPoint\",\"urlTemplate\":\"https:\/\/testwebsite.upevents.nl\/?s={search_term_string}\"},\"query-input\":{\"@type\":\"PropertyValueSpecification\",\"valueRequired\":true,\"valueName\":\"search_term_string\"}}],\"inLanguage\":\"pl-PL\"},{\"@type\":[\"Organization\",\"Place\"],\"@id\":\"https:\/\/testwebsite.upevents.nl\/#organization\",\"name\":\"City Game\",\"alternateName\":\"citygame.com\",\"url\":\"https:\/\/testwebsite.upevents.nl\/\",\"logo\":{\"@id\":\"https:\/\/testwebsite.citygame.com\/pl\/games\/tirana\/sherlock-holmes-tirana\/#local-main-organization-logo\"},\"image\":{\"@id\":\"https:\/\/testwebsite.citygame.com\/pl\/games\/tirana\/sherlock-holmes-tirana\/#local-main-organization-logo\"},\"sameAs\":[\"https:\/\/www.facebook.com\/profile.php?id=100086426226253\",\"https:\/\/www.instagram.com\/citygame_com\",\"https:\/\/www.tiktok.com\/@citygamecom\/\",\"https:\/\/www.linkedin.com\/company\/citygame-com\"],\"description\":\"Turn any city into a playground with our interactive City Games and self-guided tours. Fun, flexible, and ideal for groups and team building.\",\"telephone\":[],\"openingHoursSpecification\":[{\"@type\":\"OpeningHoursSpecification\",\"dayOfWeek\":[\"Monday\",\"Tuesday\",\"Wednesday\",\"Thursday\",\"Friday\",\"Saturday\",\"Sunday\"],\"opens\":\"09:00\",\"closes\":\"17:00\"}]},{\"@type\":\"ImageObject\",\"inLanguage\":\"pl-PL\",\"@id\":\"https:\/\/testwebsite.citygame.com\/pl\/games\/tirana\/sherlock-holmes-tirana\/#local-main-organization-logo\",\"url\":\"https:\/\/testwebsite.citygame.com\/wp-content\/blogs.dir\/1\/files\/sites\/62\/2025\/10\/CG_LOGO-City-Game.png\",\"contentUrl\":\"https:\/\/testwebsite.citygame.com\/wp-content\/blogs.dir\/1\/files\/sites\/62\/2025\/10\/CG_LOGO-City-Game.png\",\"width\":351,\"height\":377,\"caption\":\"City Game\"}]}<\/script>\n<!-- \/ Yoast SEO Premium plugin. -->","yoast_head_json":{"title":"Sherlock Holmes Tirana - City Game","description":"Sherlock Holmes Tirana. Zagraj w samodzieln\u0105 gr\u0119 miejsk\u0105 z motywem morderstwa, rozwi\u0105zuj zagadki, pod\u0105\u017caj za wskaz\u00f3wkami i odkryj morderc\u0119 we w\u0142asnym tempie!","robots":{"index":"noindex","follow":"follow","max-snippet":"max-snippet:-1","max-image-preview":"max-image-preview:large","max-video-preview":"max-video-preview:-1"},"og_locale":"pl_PL","og_type":"article","og_title":"Sherlock Holmes Tirana","og_description":"Sherlock Holmes Tirana. Zagraj w samodzieln\u0105 gr\u0119 miejsk\u0105 z motywem morderstwa, rozwi\u0105zuj zagadki, pod\u0105\u017caj za wskaz\u00f3wkami i odkryj morderc\u0119 we w\u0142asnym tempie!","og_url":"https:\/\/testwebsite.citygame.com\/pl\/games\/tirana\/sherlock-holmes-tirana\/","og_site_name":"City Game","article_publisher":"https:\/\/www.facebook.com\/profile.php?id=100086426226253","article_modified_time":"2026-04-08T09:57:23+00:00","og_image":[{"width":1024,"height":1024,"url":"https:\/\/testwebsite.citygame.com\/wp-content\/blogs.dir\/1\/files\/sites\/62\/2026\/02\/tirana-park-sherlock-city-game.jpg","type":"image\/jpeg"}],"twitter_card":"summary_large_image","schema":{"@context":"https:\/\/schema.org","@graph":[{"@type":"WebPage","@id":"https:\/\/testwebsite.citygame.com\/pl\/games\/tirana\/sherlock-holmes-tirana\/","url":"https:\/\/testwebsite.citygame.com\/pl\/games\/tirana\/sherlock-holmes-tirana\/","name":"Sherlock Holmes Tirana - City Game","isPartOf":{"@id":"https:\/\/testwebsite.upevents.nl\/#website"},"primaryImageOfPage":{"@id":"https:\/\/testwebsite.citygame.com\/pl\/games\/tirana\/sherlock-holmes-tirana\/#primaryimage"},"image":{"@id":"https:\/\/testwebsite.citygame.com\/pl\/games\/tirana\/sherlock-holmes-tirana\/#primaryimage"},"thumbnailUrl":"https:\/\/testwebsite.citygame.com\/wp-content\/blogs.dir\/1\/files\/sites\/62\/2026\/02\/tirana-park-sherlock-city-game.jpg","datePublished":"2026-02-11T16:22:29+00:00","dateModified":"2026-04-08T09:57:23+00:00","description":"Sherlock Holmes Tirana. Zagraj w samodzieln\u0105 gr\u0119 miejsk\u0105 z motywem morderstwa, rozwi\u0105zuj zagadki, pod\u0105\u017caj za wskaz\u00f3wkami i odkryj morderc\u0119 we w\u0142asnym tempie!","breadcrumb":{"@id":"https:\/\/testwebsite.citygame.com\/pl\/games\/tirana\/sherlock-holmes-tirana\/#breadcrumb"},"inLanguage":"pl-PL","potentialAction":[{"@type":"ReadAction","target":["https:\/\/testwebsite.citygame.com\/pl\/games\/tirana\/sherlock-holmes-tirana\/"]}]},{"@type":"ImageObject","inLanguage":"pl-PL","@id":"https:\/\/testwebsite.citygame.com\/pl\/games\/tirana\/sherlock-holmes-tirana\/#primaryimage","url":"https:\/\/testwebsite.citygame.com\/wp-content\/blogs.dir\/1\/files\/sites\/62\/2026\/02\/tirana-park-sherlock-city-game.jpg","contentUrl":"https:\/\/testwebsite.citygame.com\/wp-content\/blogs.dir\/1\/files\/sites\/62\/2026\/02\/tirana-park-sherlock-city-game.jpg","width":1024,"height":1024,"caption":"A player engages with the Sherlock game on a sunny day in a Tirana park."},{"@type":"BreadcrumbList","@id":"https:\/\/testwebsite.citygame.com\/pl\/games\/tirana\/sherlock-holmes-tirana\/#breadcrumb","itemListElement":[{"@type":"ListItem","position":1,"name":"Home","item":"https:\/\/testwebsite.citygame.com\/pl\/"},{"@type":"ListItem","position":2,"name":"Shop","item":"https:\/\/testwebsite.citygame.com\/shop\/"},{"@type":"ListItem","position":3,"name":"Sherlock Holmes Tirana"}]},{"@type":"WebSite","@id":"https:\/\/testwebsite.upevents.nl\/#website","url":"https:\/\/testwebsite.upevents.nl\/","name":"City Game","description":"","publisher":{"@id":"https:\/\/testwebsite.upevents.nl\/#organization"},"alternateName":"citygame.com","potentialAction":[{"@type":"SearchAction","target":{"@type":"EntryPoint","urlTemplate":"https:\/\/testwebsite.upevents.nl\/?s={search_term_string}"},"query-input":{"@type":"PropertyValueSpecification","valueRequired":true,"valueName":"search_term_string"}}],"inLanguage":"pl-PL"},{"@type":["Organization","Place"],"@id":"https:\/\/testwebsite.upevents.nl\/#organization","name":"City Game","alternateName":"citygame.com","url":"https:\/\/testwebsite.upevents.nl\/","logo":{"@id":"https:\/\/testwebsite.citygame.com\/pl\/games\/tirana\/sherlock-holmes-tirana\/#local-main-organization-logo"},"image":{"@id":"https:\/\/testwebsite.citygame.com\/pl\/games\/tirana\/sherlock-holmes-tirana\/#local-main-organization-logo"},"sameAs":["https:\/\/www.facebook.com\/profile.php?id=100086426226253","https:\/\/www.instagram.com\/citygame_com","https:\/\/www.tiktok.com\/@citygamecom\/","https:\/\/www.linkedin.com\/company\/citygame-com"],"description":"Turn any city into a playground with our interactive City Games and self-guided tours. Fun, flexible, and ideal for groups and team building.","telephone":[],"openingHoursSpecification":[{"@type":"OpeningHoursSpecification","dayOfWeek":["Monday","Tuesday","Wednesday","Thursday","Friday","Saturday","Sunday"],"opens":"09:00","closes":"17:00"}]},{"@type":"ImageObject","inLanguage":"pl-PL","@id":"https:\/\/testwebsite.citygame.com\/pl\/games\/tirana\/sherlock-holmes-tirana\/#local-main-organization-logo","url":"https:\/\/testwebsite.citygame.com\/wp-content\/blogs.dir\/1\/files\/sites\/62\/2025\/10\/CG_LOGO-City-Game.png","contentUrl":"https:\/\/testwebsite.citygame.com\/wp-content\/blogs.dir\/1\/files\/sites\/62\/2025\/10\/CG_LOGO-City-Game.png","width":351,"height":377,"caption":"City Game"}]}},"taxonomy_info":{"game-concept":[{"value":785,"label":"Sherlock"}],"location":[{"value":397,"label":"Tirana"}],"product_cat":[{"value":27,"label":"Geen categorie"}]},"featured_image_src_large":["https:\/\/testwebsite.citygame.com\/wp-content\/blogs.dir\/1\/files\/sites\/62\/2026\/02\/tirana-park-sherlock-city-game.jpg",1024,1024,false],"author_info":[],"comment_info":"","_links":{"self":[{"href":"https:\/\/testwebsite.citygame.com\/pl\/wp-json\/wp\/v2\/product\/62604","targetHints":{"allow":["GET"]}}],"collection":[{"href":"https:\/\/testwebsite.citygame.com\/pl\/wp-json\/wp\/v2\/product"}],"about":[{"href":"https:\/\/testwebsite.citygame.com\/pl\/wp-json\/wp\/v2\/types\/product"}],"acf:post":[{"embeddable":true,"href":"https:\/\/testwebsite.citygame.com\/pl\/wp-json\/wp\/v2\/pages\/12690"}],"wp:featuredmedia":[{"embeddable":true,"href":"https:\/\/testwebsite.citygame.com\/pl\/wp-json\/wp\/v2\/media\/12698"}],"wp:attachment":[{"href":"https:\/\/testwebsite.citygame.com\/pl\/wp-json\/wp\/v2\/media?parent=62604"}],"wp:term":[{"taxonomy":"game-concept","embeddable":true,"href":"https:\/\/testwebsite.citygame.com\/pl\/wp-json\/wp\/v2\/game-concept?post=62604"},{"taxonomy":"location","embeddable":true,"href":"https:\/\/testwebsite.citygame.com\/pl\/wp-json\/wp\/v2\/location?post=62604"},{"taxonomy":"product_brand","embeddable":true,"href":"https:\/\/testwebsite.citygame.com\/pl\/wp-json\/wp\/v2\/product_brand?post=62604"},{"taxonomy":"product_cat","embeddable":true,"href":"https:\/\/testwebsite.citygame.com\/pl\/wp-json\/wp\/v2\/product_cat?post=62604"},{"taxonomy":"product_tag","embeddable":true,"href":"https:\/\/testwebsite.citygame.com\/pl\/wp-json\/wp\/v2\/product_tag?post=62604"}],"curies":[{"name":"wp","href":"https:\/\/api.w.org\/{rel}","templated":true}]}}