{"id":62411,"date":"2026-02-05T18:01:44","date_gmt":"2026-02-05T18:01:44","guid":{"rendered":"https:\/\/testwebsite.citygame.com\/games\/unknown-location\/sherlock-holmes-karlskrona\/"},"modified":"2026-04-08T09:35:40","modified_gmt":"2026-04-08T09:35:40","slug":"sherlock-holmes-karlskrona","status":"publish","type":"product","link":"https:\/\/testwebsite.citygame.com\/pl\/games\/karlskrona\/sherlock-holmes-karlskrona\/","title":{"rendered":"Sherlock Holmes Karlskrona"},"content":{"rendered":"<p>Wkrocz do \u015bwiata Sherlocka Holmesa dzi\u0119ki tej samodzielnej, fabularnej grze miejskiej z zagadk\u0105 morderstwa, kt\u00f3rej akcja rozgrywa si\u0119 w centrum Karlskrony. Przemierzaj\u0105c ulice, natkniesz si\u0119 na niepokoj\u0105c\u0105 zbrodni\u0119 \u2013 morderstwo lokalnej postaci podczas Liberty Festival \u2013 a Twoim zadaniem jest odkrycie prawdy. Rozwi\u0105zuj skomplikowane \u0142amig\u0142\u00f3wki, zbieraj subtelne wskaz\u00f3wki i przes\u0142uchuj cyfrowych podejrzanych we w\u0142asnym tempie w tym wci\u0105gaj\u0105cym detektywistycznym do\u015bwiadczeniu, wplecionym w porywaj\u0105c\u0105 narracj\u0119.<\/p>\n","protected":false},"excerpt":{"rendered":"<p>Wciel si\u0119 w dociekliwego Sherlocka Holmesa i wyrusz na ekscytuj\u0105c\u0105, samodzieln\u0105 zagadk\u0119 morderstwa w samym sercu Karlskrony. Ze swoim zespo\u0142em pod\u0105\u017caj \u015bladem wskaz\u00f3wek, rozwi\u0105zuj skomplikowane \u0142amig\u0142\u00f3wki i odkryj ukryt\u0105 prawd\u0119, zanim sko\u0144czy si\u0119 czas \u2013 gra si\u0119 zacz\u0119\u0142a!<\/p>\n","protected":false},"featured_media":10926,"template":"","meta":{"_acf_changed":false,"_yoast_wpseo_focuskw":"Sherlock Holmes Karlskrona","_yoast_wpseo_metadesc":"Sherlock Holmes Karlskrona. Zagraj w samodzieln\u0105 gr\u0119 miejsk\u0105 z zagadk\u0105 morderstwa, rozwi\u0105zuj \u0142amig\u0142\u00f3wki, pod\u0105\u017caj za wskaz\u00f3wkami i odkryj morderc\u0119 we w\u0142asnym tempie!","_kad_blocks_custom_css":"","_kad_blocks_head_custom_js":"","_kad_blocks_body_custom_js":"","_kad_blocks_footer_custom_js":"","ghostkit_customizer_options":"","ghostkit_custom_css":"","ghostkit_custom_js_head":"","ghostkit_custom_js_foot":"","ghostkit_typography":"","_kad_post_transparent":"","_kad_post_title":"","_kad_post_layout":"","_kad_post_sidebar_id":"","_kad_post_content_style":"","_kad_post_vertical_padding":"","_kad_post_feature":"","_kad_post_feature_position":"","_kad_post_header":false,"_kad_post_footer":false,"_kad_post_classname":"","_links_to":"","_links_to_target":""},"game-concept":[785],"location":[217],"product_brand":[],"product_cat":[27],"product_tag":[],"class_list":{"0":"post-62411","1":"product","2":"type-product","3":"status-publish","4":"has-post-thumbnail","6":"game-concept-sherlock","7":"location-karlskrona","8":"product_cat-geen-categorie","10":"first","11":"instock","12":"shipping-taxable","13":"purchasable","14":"product-type-simple","15":"entry","16":"content-bg","17":"loop-entry"},"acf":{"full_bokun_product_name":"Karlskrona Self-Guided Sherlock Holmes Murder Mystery Game","location_name":"Karlskrona","bokun_calendar_widget_code":"<script type=\"text\/javascript\" src=\"https:\/\/widgets.bokun.io\/assets\/javascripts\/apps\/build\/BokunWidgetsLoader.js?bookingChannelUUID=a1e93e96-5232-4734-a595-28405f4b5a31\" async><\/script>\n     \n    <div class=\"bokunWidget\" data-src=\"https:\/\/widgets.bokun.io\/online-sales\/a1e93e96-5232-4734-a595-28405f4b5a31\/experience-calendar\/733208\"><\/div>\n    <noscript>Please enable javascript in your browser to book<\/noscript>","bokun_button_widget_code":"<script type=\"text\/javascript\" src=\"https:\/\/widgets.bokun.io\/assets\/javascripts\/apps\/build\/BokunWidgetsLoader.js?bookingChannelUUID=a1e93e96-5232-4734-a595-28405f4b5a31\" async><\/script>\n      <style> #bokun_ed001e45_5927_4f62_b470_ca766338d083 { display: inline-block; padding: .4em 1em; background: #47b82e; border-radius: 999999px; box-shadow: none; font-weight: 600; font-size: 24px; text-decoration: none; text-align: center; color: #FFFFFF; border:none; cursor: pointer; transition: background .2s ease; } #bokun_ed001e45_5927_4f62_b470_ca766338d083:hover{ background: #2f7b1f; } #bokun_ed001e45_5927_4f62_b470_ca766338d083:active{ background: #378f24; } <\/style> <button class=\"bokunButton\" disabled id=bokun_ed001e45_5927_4f62_b470_ca766338d083 data-src=\"https:\/\/widgets.bokun.io\/online-sales\/a1e93e96-5232-4734-a595-28405f4b5a31\/experience-calendar\/733208?partialView=1\" data-testid=\"widget-book-button\" > Book now <\/button> ","what_you\u2019ll_experience_during_the_game":"Wkrocz w porywaj\u0105c\u0105 histori\u0119 detektywistyczn\u0105, kt\u00f3rej akcja rozgrywa si\u0119 w sercu Karlskrony, gdzie spokojna powierzchnia miasta kryje g\u0142\u0119bsz\u0105 tajemnic\u0119. Podczas nawigacji po jego ulicach, ca\u0142a historia rozwija si\u0119 wok\u00f3\u0142 Ciebie, wci\u0105gaj\u0105c Ci\u0119 g\u0142\u0119biej w \u015bledztwo. B\u0119dziesz zbiera\u0107 ukryte wskaz\u00f3wki, rozwi\u0105zywa\u0107 skomplikowane \u0142amig\u0142\u00f3wki i pod\u0105\u017ca\u0107 za tropami, kt\u00f3re skr\u0119caj\u0105 w nieoczekiwane kierunki. Z ka\u017cdym krokiem wyostrzasz swoje instynkty detektywistyczne, polegaj\u0105c na obserwacji, logice i dedukcji.\n\nPrzes\u0142uchaj cyfrowych podejrzanych, zbadaj sprzeczno\u015bci w ich zeznaniach i sprawd\u017a alibi, aby rozwik\u0142a\u0107, co naprawd\u0119 wydarzy\u0142o si\u0119 podczas Liberty Festival. Ka\u017cda decyzja przybli\u017ca Ci\u0119 do prawdy stoj\u0105cej za morderstwem, cho\u0107 nic nie jest takie, jak pocz\u0105tkowo si\u0119 wydaje. Do\u015bwiadczenie jest w pe\u0142ni oparte na fabule, zanurzaj\u0105c Ci\u0119 w dreszczyk emocji zwi\u0105zanych ze spraw\u0105 od pocz\u0105tku do ko\u0144ca. Kontrolujesz tempo, wi\u0119c mo\u017cesz wstrzyma\u0107 i wznowi\u0107 swoje dochodzenie, kiedy tylko Ci to odpowiada. Je\u015bli pracujesz w zespole, mo\u017cesz nawet rywalizowa\u0107, kto szybciej odkryje prawd\u0119.","how_to_play":"Graj solo lub z przyjaci\u00f3\u0142mi, rodzin\u0105 lub wsp\u00f3\u0142pracownikami w zespo\u0142ach do czterech os\u00f3b na urz\u0105dzenie. Po dokonaniu rezerwacji otrzymasz e-mail z instrukcjami, zawieraj\u0105cy wszystko, czego potrzebujesz.","start_location":"Karlskrona, Stortorget","available_languages":["en","es","fr","de","it","nl"],"players_per_group":"1-4","duration":"1.5-2 hours","image_overlay_color_image":"https:\/\/testwebsite.citygame.com\/wp-content\/blogs.dir\/1\/files\/sites\/62\/2026\/01\/SherlockColor.svg","image_overlay_game_logo":"https:\/\/testwebsite.citygame.com\/wp-content\/blogs.dir\/1\/files\/sites\/62\/2026\/01\/SherlockLogo.png","city_page":7545,"woocommerce_general_content":null},"yoast_head":"<!-- This site is optimized with the Yoast SEO Premium plugin v26.2 (Yoast SEO v26.3) - https:\/\/yoast.com\/wordpress\/plugins\/seo\/ -->\n<title>Sherlock Holmes Karlskrona - City Game<\/title>\n<meta name=\"description\" content=\"Sherlock Holmes Karlskrona. Zagraj w samodzieln\u0105 gr\u0119 miejsk\u0105 z zagadk\u0105 morderstwa, rozwi\u0105zuj \u0142amig\u0142\u00f3wki, pod\u0105\u017caj za wskaz\u00f3wkami i odkryj morderc\u0119 we w\u0142asnym tempie!\" \/>\n<meta name=\"robots\" content=\"noindex, follow, max-snippet:-1, max-image-preview:large, max-video-preview:-1\" \/>\n<meta property=\"og:locale\" content=\"pl_PL\" \/>\n<meta property=\"og:type\" content=\"article\" \/>\n<meta property=\"og:title\" content=\"Sherlock Holmes Karlskrona\" \/>\n<meta property=\"og:description\" content=\"Sherlock Holmes Karlskrona. Zagraj w samodzieln\u0105 gr\u0119 miejsk\u0105 z zagadk\u0105 morderstwa, rozwi\u0105zuj \u0142amig\u0142\u00f3wki, pod\u0105\u017caj za wskaz\u00f3wkami i odkryj morderc\u0119 we w\u0142asnym tempie!\" \/>\n<meta property=\"og:url\" content=\"https:\/\/testwebsite.citygame.com\/pl\/games\/karlskrona\/sherlock-holmes-karlskrona\/\" \/>\n<meta property=\"og:site_name\" content=\"City Game\" \/>\n<meta property=\"article:publisher\" content=\"https:\/\/www.facebook.com\/profile.php?id=100086426226253\" \/>\n<meta property=\"article:modified_time\" content=\"2026-04-08T09:35:40+00:00\" \/>\n<meta property=\"og:image\" content=\"https:\/\/testwebsite.citygame.com\/wp-content\/blogs.dir\/1\/files\/sites\/62\/2026\/02\/group-of-friends-playing-city-game-karlskrona.jpg\" \/>\n\t<meta property=\"og:image:width\" content=\"1344\" \/>\n\t<meta property=\"og:image:height\" content=\"768\" \/>\n\t<meta property=\"og:image:type\" content=\"image\/jpeg\" \/>\n<meta name=\"twitter:card\" content=\"summary_large_image\" \/>\n<script type=\"application\/ld+json\" class=\"yoast-schema-graph\">{\"@context\":\"https:\/\/schema.org\",\"@graph\":[{\"@type\":\"WebPage\",\"@id\":\"https:\/\/testwebsite.citygame.com\/pl\/games\/karlskrona\/sherlock-holmes-karlskrona\/\",\"url\":\"https:\/\/testwebsite.citygame.com\/pl\/games\/karlskrona\/sherlock-holmes-karlskrona\/\",\"name\":\"Sherlock Holmes Karlskrona - City Game\",\"isPartOf\":{\"@id\":\"https:\/\/testwebsite.upevents.nl\/#website\"},\"primaryImageOfPage\":{\"@id\":\"https:\/\/testwebsite.citygame.com\/pl\/games\/karlskrona\/sherlock-holmes-karlskrona\/#primaryimage\"},\"image\":{\"@id\":\"https:\/\/testwebsite.citygame.com\/pl\/games\/karlskrona\/sherlock-holmes-karlskrona\/#primaryimage\"},\"thumbnailUrl\":\"https:\/\/testwebsite.citygame.com\/wp-content\/blogs.dir\/1\/files\/sites\/62\/2026\/02\/group-of-friends-playing-city-game-karlskrona.jpg\",\"datePublished\":\"2026-02-05T18:01:44+00:00\",\"dateModified\":\"2026-04-08T09:35:40+00:00\",\"description\":\"Sherlock Holmes Karlskrona. Zagraj w samodzieln\u0105 gr\u0119 miejsk\u0105 z zagadk\u0105 morderstwa, rozwi\u0105zuj \u0142amig\u0142\u00f3wki, pod\u0105\u017caj za wskaz\u00f3wkami i odkryj morderc\u0119 we w\u0142asnym tempie!\",\"breadcrumb\":{\"@id\":\"https:\/\/testwebsite.citygame.com\/pl\/games\/karlskrona\/sherlock-holmes-karlskrona\/#breadcrumb\"},\"inLanguage\":\"pl-PL\",\"potentialAction\":[{\"@type\":\"ReadAction\",\"target\":[\"https:\/\/testwebsite.citygame.com\/pl\/games\/karlskrona\/sherlock-holmes-karlskrona\/\"]}]},{\"@type\":\"ImageObject\",\"inLanguage\":\"pl-PL\",\"@id\":\"https:\/\/testwebsite.citygame.com\/pl\/games\/karlskrona\/sherlock-holmes-karlskrona\/#primaryimage\",\"url\":\"https:\/\/testwebsite.citygame.com\/wp-content\/blogs.dir\/1\/files\/sites\/62\/2026\/02\/group-of-friends-playing-city-game-karlskrona.jpg\",\"contentUrl\":\"https:\/\/testwebsite.citygame.com\/wp-content\/blogs.dir\/1\/files\/sites\/62\/2026\/02\/group-of-friends-playing-city-game-karlskrona.jpg\",\"width\":1344,\"height\":768,\"caption\":\"A group of friends works together to solve a puzzle on a smartphone in Karlskrona.\"},{\"@type\":\"BreadcrumbList\",\"@id\":\"https:\/\/testwebsite.citygame.com\/pl\/games\/karlskrona\/sherlock-holmes-karlskrona\/#breadcrumb\",\"itemListElement\":[{\"@type\":\"ListItem\",\"position\":1,\"name\":\"Home\",\"item\":\"https:\/\/testwebsite.citygame.com\/pl\/\"},{\"@type\":\"ListItem\",\"position\":2,\"name\":\"Shop\",\"item\":\"https:\/\/testwebsite.citygame.com\/shop\/\"},{\"@type\":\"ListItem\",\"position\":3,\"name\":\"Sherlock Holmes Karlskrona\"}]},{\"@type\":\"WebSite\",\"@id\":\"https:\/\/testwebsite.upevents.nl\/#website\",\"url\":\"https:\/\/testwebsite.upevents.nl\/\",\"name\":\"City Game\",\"description\":\"\",\"publisher\":{\"@id\":\"https:\/\/testwebsite.upevents.nl\/#organization\"},\"alternateName\":\"citygame.com\",\"potentialAction\":[{\"@type\":\"SearchAction\",\"target\":{\"@type\":\"EntryPoint\",\"urlTemplate\":\"https:\/\/testwebsite.upevents.nl\/?s={search_term_string}\"},\"query-input\":{\"@type\":\"PropertyValueSpecification\",\"valueRequired\":true,\"valueName\":\"search_term_string\"}}],\"inLanguage\":\"pl-PL\"},{\"@type\":[\"Organization\",\"Place\"],\"@id\":\"https:\/\/testwebsite.upevents.nl\/#organization\",\"name\":\"City Game\",\"alternateName\":\"citygame.com\",\"url\":\"https:\/\/testwebsite.upevents.nl\/\",\"logo\":{\"@id\":\"https:\/\/testwebsite.citygame.com\/pl\/games\/karlskrona\/sherlock-holmes-karlskrona\/#local-main-organization-logo\"},\"image\":{\"@id\":\"https:\/\/testwebsite.citygame.com\/pl\/games\/karlskrona\/sherlock-holmes-karlskrona\/#local-main-organization-logo\"},\"sameAs\":[\"https:\/\/www.facebook.com\/profile.php?id=100086426226253\",\"https:\/\/www.instagram.com\/citygame_com\",\"https:\/\/www.tiktok.com\/@citygamecom\/\",\"https:\/\/www.linkedin.com\/company\/citygame-com\"],\"description\":\"Turn any city into a playground with our interactive City Games and self-guided tours. Fun, flexible, and ideal for groups and team building.\",\"telephone\":[],\"openingHoursSpecification\":[{\"@type\":\"OpeningHoursSpecification\",\"dayOfWeek\":[\"Monday\",\"Tuesday\",\"Wednesday\",\"Thursday\",\"Friday\",\"Saturday\",\"Sunday\"],\"opens\":\"09:00\",\"closes\":\"17:00\"}]},{\"@type\":\"ImageObject\",\"inLanguage\":\"pl-PL\",\"@id\":\"https:\/\/testwebsite.citygame.com\/pl\/games\/karlskrona\/sherlock-holmes-karlskrona\/#local-main-organization-logo\",\"url\":\"https:\/\/testwebsite.citygame.com\/wp-content\/blogs.dir\/1\/files\/sites\/62\/2025\/10\/CG_LOGO-City-Game.png\",\"contentUrl\":\"https:\/\/testwebsite.citygame.com\/wp-content\/blogs.dir\/1\/files\/sites\/62\/2025\/10\/CG_LOGO-City-Game.png\",\"width\":351,\"height\":377,\"caption\":\"City Game\"}]}<\/script>\n<!-- \/ Yoast SEO Premium plugin. -->","yoast_head_json":{"title":"Sherlock Holmes Karlskrona - City Game","description":"Sherlock Holmes Karlskrona. Zagraj w samodzieln\u0105 gr\u0119 miejsk\u0105 z zagadk\u0105 morderstwa, rozwi\u0105zuj \u0142amig\u0142\u00f3wki, pod\u0105\u017caj za wskaz\u00f3wkami i odkryj morderc\u0119 we w\u0142asnym tempie!","robots":{"index":"noindex","follow":"follow","max-snippet":"max-snippet:-1","max-image-preview":"max-image-preview:large","max-video-preview":"max-video-preview:-1"},"og_locale":"pl_PL","og_type":"article","og_title":"Sherlock Holmes Karlskrona","og_description":"Sherlock Holmes Karlskrona. Zagraj w samodzieln\u0105 gr\u0119 miejsk\u0105 z zagadk\u0105 morderstwa, rozwi\u0105zuj \u0142amig\u0142\u00f3wki, pod\u0105\u017caj za wskaz\u00f3wkami i odkryj morderc\u0119 we w\u0142asnym tempie!","og_url":"https:\/\/testwebsite.citygame.com\/pl\/games\/karlskrona\/sherlock-holmes-karlskrona\/","og_site_name":"City Game","article_publisher":"https:\/\/www.facebook.com\/profile.php?id=100086426226253","article_modified_time":"2026-04-08T09:35:40+00:00","og_image":[{"width":1344,"height":768,"url":"https:\/\/testwebsite.citygame.com\/wp-content\/blogs.dir\/1\/files\/sites\/62\/2026\/02\/group-of-friends-playing-city-game-karlskrona.jpg","type":"image\/jpeg"}],"twitter_card":"summary_large_image","schema":{"@context":"https:\/\/schema.org","@graph":[{"@type":"WebPage","@id":"https:\/\/testwebsite.citygame.com\/pl\/games\/karlskrona\/sherlock-holmes-karlskrona\/","url":"https:\/\/testwebsite.citygame.com\/pl\/games\/karlskrona\/sherlock-holmes-karlskrona\/","name":"Sherlock Holmes Karlskrona - City Game","isPartOf":{"@id":"https:\/\/testwebsite.upevents.nl\/#website"},"primaryImageOfPage":{"@id":"https:\/\/testwebsite.citygame.com\/pl\/games\/karlskrona\/sherlock-holmes-karlskrona\/#primaryimage"},"image":{"@id":"https:\/\/testwebsite.citygame.com\/pl\/games\/karlskrona\/sherlock-holmes-karlskrona\/#primaryimage"},"thumbnailUrl":"https:\/\/testwebsite.citygame.com\/wp-content\/blogs.dir\/1\/files\/sites\/62\/2026\/02\/group-of-friends-playing-city-game-karlskrona.jpg","datePublished":"2026-02-05T18:01:44+00:00","dateModified":"2026-04-08T09:35:40+00:00","description":"Sherlock Holmes Karlskrona. Zagraj w samodzieln\u0105 gr\u0119 miejsk\u0105 z zagadk\u0105 morderstwa, rozwi\u0105zuj \u0142amig\u0142\u00f3wki, pod\u0105\u017caj za wskaz\u00f3wkami i odkryj morderc\u0119 we w\u0142asnym tempie!","breadcrumb":{"@id":"https:\/\/testwebsite.citygame.com\/pl\/games\/karlskrona\/sherlock-holmes-karlskrona\/#breadcrumb"},"inLanguage":"pl-PL","potentialAction":[{"@type":"ReadAction","target":["https:\/\/testwebsite.citygame.com\/pl\/games\/karlskrona\/sherlock-holmes-karlskrona\/"]}]},{"@type":"ImageObject","inLanguage":"pl-PL","@id":"https:\/\/testwebsite.citygame.com\/pl\/games\/karlskrona\/sherlock-holmes-karlskrona\/#primaryimage","url":"https:\/\/testwebsite.citygame.com\/wp-content\/blogs.dir\/1\/files\/sites\/62\/2026\/02\/group-of-friends-playing-city-game-karlskrona.jpg","contentUrl":"https:\/\/testwebsite.citygame.com\/wp-content\/blogs.dir\/1\/files\/sites\/62\/2026\/02\/group-of-friends-playing-city-game-karlskrona.jpg","width":1344,"height":768,"caption":"A group of friends works together to solve a puzzle on a smartphone in Karlskrona."},{"@type":"BreadcrumbList","@id":"https:\/\/testwebsite.citygame.com\/pl\/games\/karlskrona\/sherlock-holmes-karlskrona\/#breadcrumb","itemListElement":[{"@type":"ListItem","position":1,"name":"Home","item":"https:\/\/testwebsite.citygame.com\/pl\/"},{"@type":"ListItem","position":2,"name":"Shop","item":"https:\/\/testwebsite.citygame.com\/shop\/"},{"@type":"ListItem","position":3,"name":"Sherlock Holmes Karlskrona"}]},{"@type":"WebSite","@id":"https:\/\/testwebsite.upevents.nl\/#website","url":"https:\/\/testwebsite.upevents.nl\/","name":"City Game","description":"","publisher":{"@id":"https:\/\/testwebsite.upevents.nl\/#organization"},"alternateName":"citygame.com","potentialAction":[{"@type":"SearchAction","target":{"@type":"EntryPoint","urlTemplate":"https:\/\/testwebsite.upevents.nl\/?s={search_term_string}"},"query-input":{"@type":"PropertyValueSpecification","valueRequired":true,"valueName":"search_term_string"}}],"inLanguage":"pl-PL"},{"@type":["Organization","Place"],"@id":"https:\/\/testwebsite.upevents.nl\/#organization","name":"City Game","alternateName":"citygame.com","url":"https:\/\/testwebsite.upevents.nl\/","logo":{"@id":"https:\/\/testwebsite.citygame.com\/pl\/games\/karlskrona\/sherlock-holmes-karlskrona\/#local-main-organization-logo"},"image":{"@id":"https:\/\/testwebsite.citygame.com\/pl\/games\/karlskrona\/sherlock-holmes-karlskrona\/#local-main-organization-logo"},"sameAs":["https:\/\/www.facebook.com\/profile.php?id=100086426226253","https:\/\/www.instagram.com\/citygame_com","https:\/\/www.tiktok.com\/@citygamecom\/","https:\/\/www.linkedin.com\/company\/citygame-com"],"description":"Turn any city into a playground with our interactive City Games and self-guided tours. Fun, flexible, and ideal for groups and team building.","telephone":[],"openingHoursSpecification":[{"@type":"OpeningHoursSpecification","dayOfWeek":["Monday","Tuesday","Wednesday","Thursday","Friday","Saturday","Sunday"],"opens":"09:00","closes":"17:00"}]},{"@type":"ImageObject","inLanguage":"pl-PL","@id":"https:\/\/testwebsite.citygame.com\/pl\/games\/karlskrona\/sherlock-holmes-karlskrona\/#local-main-organization-logo","url":"https:\/\/testwebsite.citygame.com\/wp-content\/blogs.dir\/1\/files\/sites\/62\/2025\/10\/CG_LOGO-City-Game.png","contentUrl":"https:\/\/testwebsite.citygame.com\/wp-content\/blogs.dir\/1\/files\/sites\/62\/2025\/10\/CG_LOGO-City-Game.png","width":351,"height":377,"caption":"City Game"}]}},"taxonomy_info":{"game-concept":[{"value":785,"label":"Sherlock"}],"location":[{"value":217,"label":"Karlskrona"}],"product_cat":[{"value":27,"label":"Geen categorie"}]},"featured_image_src_large":["https:\/\/testwebsite.citygame.com\/wp-content\/blogs.dir\/1\/files\/sites\/62\/2026\/02\/group-of-friends-playing-city-game-karlskrona-1024x585.jpg",1024,585,true],"author_info":[],"comment_info":"","_links":{"self":[{"href":"https:\/\/testwebsite.citygame.com\/pl\/wp-json\/wp\/v2\/product\/62411","targetHints":{"allow":["GET"]}}],"collection":[{"href":"https:\/\/testwebsite.citygame.com\/pl\/wp-json\/wp\/v2\/product"}],"about":[{"href":"https:\/\/testwebsite.citygame.com\/pl\/wp-json\/wp\/v2\/types\/product"}],"acf:post":[{"embeddable":true,"href":"https:\/\/testwebsite.citygame.com\/pl\/wp-json\/wp\/v2\/pages\/7545"}],"wp:featuredmedia":[{"embeddable":true,"href":"https:\/\/testwebsite.citygame.com\/pl\/wp-json\/wp\/v2\/media\/10926"}],"wp:attachment":[{"href":"https:\/\/testwebsite.citygame.com\/pl\/wp-json\/wp\/v2\/media?parent=62411"}],"wp:term":[{"taxonomy":"game-concept","embeddable":true,"href":"https:\/\/testwebsite.citygame.com\/pl\/wp-json\/wp\/v2\/game-concept?post=62411"},{"taxonomy":"location","embeddable":true,"href":"https:\/\/testwebsite.citygame.com\/pl\/wp-json\/wp\/v2\/location?post=62411"},{"taxonomy":"product_brand","embeddable":true,"href":"https:\/\/testwebsite.citygame.com\/pl\/wp-json\/wp\/v2\/product_brand?post=62411"},{"taxonomy":"product_cat","embeddable":true,"href":"https:\/\/testwebsite.citygame.com\/pl\/wp-json\/wp\/v2\/product_cat?post=62411"},{"taxonomy":"product_tag","embeddable":true,"href":"https:\/\/testwebsite.citygame.com\/pl\/wp-json\/wp\/v2\/product_tag?post=62411"}],"curies":[{"name":"wp","href":"https:\/\/api.w.org\/{rel}","templated":true}]}}