{"id":61284,"date":"2026-02-05T12:28:13","date_gmt":"2026-02-05T12:28:13","guid":{"rendered":"https:\/\/testwebsite.citygame.com\/games\/unknown-location\/sherlock-holmes-venice\/"},"modified":"2026-04-08T07:27:58","modified_gmt":"2026-04-08T07:27:58","slug":"sherlock-holmes-venice","status":"publish","type":"product","link":"https:\/\/testwebsite.citygame.com\/pl\/games\/venice\/sherlock-holmes-venice\/","title":{"rendered":"Sherlock Holmes Venice"},"content":{"rendered":"<p>Wkrocz w \u015bwiat Sherlocka Holmesa dzi\u0119ki tej samodzielnej, fabularnej grze miejskiej z zagadk\u0105 morderstwa, osadzonej w historycznym centrum Wenecji. Przemierzaj\u0105c brukowane uliczki i ukryte zakamarki, rozwik\u0142asz tajemnic\u0119 morderstwa, kt\u00f3re mia\u0142o miejsce podczas Liberty Festival, zbieraj\u0105c wskaz\u00f3wki, rozwi\u0105zuj\u0105c \u0142amig\u0142\u00f3wki i przes\u0142uchuj\u0105c cyfrowych podejrzanych po drodze. Narracja rozwija si\u0119 w miar\u0119 poruszania si\u0119 po mie\u015bcie we w\u0142asnym tempie, zanurzaj\u0105c Ci\u0119 w wci\u0105gaj\u0105ce \u015bledztwo detektywistyczne, gdzie ka\u017cda decyzja przybli\u017ca Ci\u0119 do prawdy.<\/p>\n","protected":false},"excerpt":{"rendered":"<p>Wciel si\u0119 w legendarnego detektywa, Sherlocka Holmesa, i zanurz si\u0119 w samodzielnej grze detektywistycznej z zagadk\u0105 morderstwa w Wenecji. Pod\u0105\u017caj\u0105c za ulotnymi wskaz\u00f3wkami, rozwi\u0105zuj\u0105c skomplikowane \u0142amig\u0142\u00f3wki i \u015bci\u015ble wsp\u00f3\u0142pracuj\u0105c z zespo\u0142em, aby odkry\u0107 prawd\u0119, stawisz czo\u0142a ekscytuj\u0105cemu wyzwaniu, jakiego jeszcze nie by\u0142o. Rozwi\u0105\u017c spraw\u0119, zanim b\u0119dzie za p\u00f3\u017ano!<\/p>\n","protected":false},"featured_media":10761,"template":"","meta":{"_acf_changed":false,"_yoast_wpseo_focuskw":"Sherlock Holmes Venice","_yoast_wpseo_metadesc":"Sherlock Holmes Venice. Zagraj w samodzieln\u0105 gr\u0119 miejsk\u0105 z zagadk\u0105 morderstwa, rozwi\u0105zuj \u0142amig\u0142\u00f3wki, pod\u0105\u017caj za wskaz\u00f3wkami i odkryj morderc\u0119 we w\u0142asnym tempie!","_kad_blocks_custom_css":"","_kad_blocks_head_custom_js":"","_kad_blocks_body_custom_js":"","_kad_blocks_footer_custom_js":"","ghostkit_customizer_options":"","ghostkit_custom_css":"","ghostkit_custom_js_head":"","ghostkit_custom_js_foot":"","ghostkit_typography":"","_kad_post_transparent":"","_kad_post_title":"","_kad_post_layout":"","_kad_post_sidebar_id":"","_kad_post_content_style":"","_kad_post_vertical_padding":"","_kad_post_feature":"","_kad_post_feature_position":"","_kad_post_header":false,"_kad_post_footer":false,"_kad_post_classname":"","_links_to":"","_links_to_target":""},"game-concept":[785],"location":[418],"product_brand":[],"product_cat":[27],"product_tag":[],"class_list":{"0":"post-61284","1":"product","2":"type-product","3":"status-publish","4":"has-post-thumbnail","6":"game-concept-sherlock","7":"location-venice","8":"product_cat-geen-categorie","10":"first","11":"instock","12":"shipping-taxable","13":"purchasable","14":"product-type-simple","15":"entry","16":"content-bg","17":"loop-entry"},"acf":{"full_bokun_product_name":"Venice Self-Guided Sherlock Holmes Murder Mystery Game","location_name":"Venice","bokun_calendar_widget_code":"<script type=\"text\/javascript\" src=\"https:\/\/widgets.bokun.io\/assets\/javascripts\/apps\/build\/BokunWidgetsLoader.js?bookingChannelUUID=a1e93e96-5232-4734-a595-28405f4b5a31\" async><\/script>\n     \n    <div class=\"bokunWidget\" data-src=\"https:\/\/widgets.bokun.io\/online-sales\/a1e93e96-5232-4734-a595-28405f4b5a31\/experience-calendar\/733135\"><\/div>\n    <noscript>Please enable javascript in your browser to book<\/noscript>","bokun_button_widget_code":"<script type=\"text\/javascript\" src=\"https:\/\/widgets.bokun.io\/assets\/javascripts\/apps\/build\/BokunWidgetsLoader.js?bookingChannelUUID=a1e93e96-5232-4734-a595-28405f4b5a31\" async><\/script>\n      <style> #bokun_ed001e45_5927_4f62_b470_ca766338d083 { display: inline-block; padding: .4em 1em; background: #47b82e; border-radius: 999999px; box-shadow: none; font-weight: 600; font-size: 24px; text-decoration: none; text-align: center; color: #FFFFFF; border:none; cursor: pointer; transition: background .2s ease; } #bokun_ed001e45_5927_4f62_b470_ca766338d083:hover{ background: #2f7b1f; } #bokun_ed001e45_5927_4f62_b470_ca766338d083:active{ background: #378f24; } <\/style> <button class=\"bokunButton\" disabled id=bokun_ed001e45_5927_4f62_b470_ca766338d083 data-src=\"https:\/\/widgets.bokun.io\/online-sales\/a1e93e96-5232-4734-a595-28405f4b5a31\/experience-calendar\/733135?partialView=1\" data-testid=\"widget-book-button\" > Book now <\/button> ","what_you\u2019ll_experience_during_the_game":"Wkroczysz w porywaj\u0105c\u0105 histori\u0119 detektywistyczn\u0105 osadzon\u0105 w sercu Wenecji, gdzie tajemnica wisi w powietrzu, a ka\u017cdy zak\u0105tek mo\u017ce kry\u0107 now\u0105 wskaz\u00f3wk\u0119. Gdy b\u0119dziesz porusza\u0107 si\u0119 po kr\u0119tych uliczkach i klimatycznych placach, \u015bledztwo b\u0119dzie rozwija\u0107 si\u0119 wok\u00f3\u0142 Ciebie. Twoim zadaniem jest rozwi\u0105zanie morderstwa, kt\u00f3re wstrz\u0105sn\u0119\u0142o Liberty Festival, ale nikt nie jest tym, za kogo si\u0119 podaje, a prawda jest pogrzebana pod sieci\u0105 tajemnic.\n\nOdkryjesz wskaz\u00f3wki, rozwi\u0105\u017cesz \u0142amig\u0142\u00f3wki i przeanalizujesz zeznania cyfrowych podejrzanych, aby ujawni\u0107 sprzeczno\u015bci i ukryte motywy. Ka\u017cda decyzja stawia wyzwanie Twojemu krytycznemu my\u015bleniu i zdolno\u015bciom obserwacji, popychaj\u0105c histori\u0119 do przodu z ka\u017cdym odkryciem. Do\u015bwiadczenie jest ca\u0142kowicie oparte na fabule i pozwala gra\u0107 we w\u0142asnym tempie, zatrzymuj\u0105c i wznawiaj\u0105c gr\u0119, kiedy tylko potrzebujesz. Niezale\u017cnie od tego, czy pracujesz solo, czy rywalizujesz z zespo\u0142em, to Twoje umiej\u0119tno\u015bci dedukcji doprowadz\u0105 do rozwi\u0105zania sprawy.","how_to_play":"Graj solo lub z przyjaci\u00f3\u0142mi, rodzin\u0105 lub wsp\u00f3\u0142pracownikami w zespo\u0142ach do czterech os\u00f3b na urz\u0105dzenie. Po dokonaniu rezerwacji otrzymasz e-mail z instrukcjami i wszystkim, czego potrzebujesz.","start_location":"Chiesa di San Paolo","available_languages":["en","es","fr","de","it","nl"],"players_per_group":"1-4","duration":"1.5-2 hours","image_overlay_color_image":"https:\/\/testwebsite.citygame.com\/wp-content\/blogs.dir\/1\/files\/sites\/62\/2026\/01\/SherlockColor.svg","image_overlay_game_logo":"https:\/\/testwebsite.citygame.com\/wp-content\/blogs.dir\/1\/files\/sites\/62\/2026\/01\/SherlockLogo.png","city_page":7407,"woocommerce_general_content":null},"yoast_head":"<!-- This site is optimized with the Yoast SEO Premium plugin v26.2 (Yoast SEO v26.3) - https:\/\/yoast.com\/wordpress\/plugins\/seo\/ -->\n<title>Sherlock Holmes Venice - City Game<\/title>\n<meta name=\"description\" content=\"Sherlock Holmes Venice. Zagraj w samodzieln\u0105 gr\u0119 miejsk\u0105 z zagadk\u0105 morderstwa, rozwi\u0105zuj \u0142amig\u0142\u00f3wki, pod\u0105\u017caj za wskaz\u00f3wkami i odkryj morderc\u0119 we w\u0142asnym tempie!\" \/>\n<meta name=\"robots\" content=\"noindex, follow, max-snippet:-1, max-image-preview:large, max-video-preview:-1\" \/>\n<meta property=\"og:locale\" content=\"pl_PL\" \/>\n<meta property=\"og:type\" content=\"article\" \/>\n<meta property=\"og:title\" content=\"Sherlock Holmes Venice\" \/>\n<meta property=\"og:description\" content=\"Sherlock Holmes Venice. Zagraj w samodzieln\u0105 gr\u0119 miejsk\u0105 z zagadk\u0105 morderstwa, rozwi\u0105zuj \u0142amig\u0142\u00f3wki, pod\u0105\u017caj za wskaz\u00f3wkami i odkryj morderc\u0119 we w\u0142asnym tempie!\" \/>\n<meta property=\"og:url\" content=\"https:\/\/testwebsite.citygame.com\/pl\/games\/venice\/sherlock-holmes-venice\/\" \/>\n<meta property=\"og:site_name\" content=\"City Game\" \/>\n<meta property=\"article:publisher\" content=\"https:\/\/www.facebook.com\/profile.php?id=100086426226253\" \/>\n<meta property=\"article:modified_time\" content=\"2026-04-08T07:27:58+00:00\" \/>\n<meta property=\"og:image\" content=\"https:\/\/testwebsite.citygame.com\/wp-content\/blogs.dir\/1\/files\/sites\/62\/2026\/02\/woman-playing-sherlock-game-on-a-street-in-venice.jpg\" \/>\n\t<meta property=\"og:image:width\" content=\"1344\" \/>\n\t<meta property=\"og:image:height\" content=\"768\" \/>\n\t<meta property=\"og:image:type\" content=\"image\/jpeg\" \/>\n<meta name=\"twitter:card\" content=\"summary_large_image\" \/>\n<script type=\"application\/ld+json\" class=\"yoast-schema-graph\">{\"@context\":\"https:\/\/schema.org\",\"@graph\":[{\"@type\":\"WebPage\",\"@id\":\"https:\/\/testwebsite.citygame.com\/pl\/games\/venice\/sherlock-holmes-venice\/\",\"url\":\"https:\/\/testwebsite.citygame.com\/pl\/games\/venice\/sherlock-holmes-venice\/\",\"name\":\"Sherlock Holmes Venice - City Game\",\"isPartOf\":{\"@id\":\"https:\/\/testwebsite.upevents.nl\/#website\"},\"primaryImageOfPage\":{\"@id\":\"https:\/\/testwebsite.citygame.com\/pl\/games\/venice\/sherlock-holmes-venice\/#primaryimage\"},\"image\":{\"@id\":\"https:\/\/testwebsite.citygame.com\/pl\/games\/venice\/sherlock-holmes-venice\/#primaryimage\"},\"thumbnailUrl\":\"https:\/\/testwebsite.citygame.com\/wp-content\/blogs.dir\/1\/files\/sites\/62\/2026\/02\/woman-playing-sherlock-game-on-a-street-in-venice.jpg\",\"datePublished\":\"2026-02-05T12:28:13+00:00\",\"dateModified\":\"2026-04-08T07:27:58+00:00\",\"description\":\"Sherlock Holmes Venice. Zagraj w samodzieln\u0105 gr\u0119 miejsk\u0105 z zagadk\u0105 morderstwa, rozwi\u0105zuj \u0142amig\u0142\u00f3wki, pod\u0105\u017caj za wskaz\u00f3wkami i odkryj morderc\u0119 we w\u0142asnym tempie!\",\"breadcrumb\":{\"@id\":\"https:\/\/testwebsite.citygame.com\/pl\/games\/venice\/sherlock-holmes-venice\/#breadcrumb\"},\"inLanguage\":\"pl-PL\",\"potentialAction\":[{\"@type\":\"ReadAction\",\"target\":[\"https:\/\/testwebsite.citygame.com\/pl\/games\/venice\/sherlock-holmes-venice\/\"]}]},{\"@type\":\"ImageObject\",\"inLanguage\":\"pl-PL\",\"@id\":\"https:\/\/testwebsite.citygame.com\/pl\/games\/venice\/sherlock-holmes-venice\/#primaryimage\",\"url\":\"https:\/\/testwebsite.citygame.com\/wp-content\/blogs.dir\/1\/files\/sites\/62\/2026\/02\/woman-playing-sherlock-game-on-a-street-in-venice.jpg\",\"contentUrl\":\"https:\/\/testwebsite.citygame.com\/wp-content\/blogs.dir\/1\/files\/sites\/62\/2026\/02\/woman-playing-sherlock-game-on-a-street-in-venice.jpg\",\"width\":1344,\"height\":768,\"caption\":\"A player uses her phone to solve a mystery on a historic street in Venice.\"},{\"@type\":\"BreadcrumbList\",\"@id\":\"https:\/\/testwebsite.citygame.com\/pl\/games\/venice\/sherlock-holmes-venice\/#breadcrumb\",\"itemListElement\":[{\"@type\":\"ListItem\",\"position\":1,\"name\":\"Home\",\"item\":\"https:\/\/testwebsite.citygame.com\/pl\/\"},{\"@type\":\"ListItem\",\"position\":2,\"name\":\"Shop\",\"item\":\"https:\/\/testwebsite.citygame.com\/shop\/\"},{\"@type\":\"ListItem\",\"position\":3,\"name\":\"Sherlock Holmes Venice\"}]},{\"@type\":\"WebSite\",\"@id\":\"https:\/\/testwebsite.upevents.nl\/#website\",\"url\":\"https:\/\/testwebsite.upevents.nl\/\",\"name\":\"City Game\",\"description\":\"\",\"publisher\":{\"@id\":\"https:\/\/testwebsite.upevents.nl\/#organization\"},\"alternateName\":\"citygame.com\",\"potentialAction\":[{\"@type\":\"SearchAction\",\"target\":{\"@type\":\"EntryPoint\",\"urlTemplate\":\"https:\/\/testwebsite.upevents.nl\/?s={search_term_string}\"},\"query-input\":{\"@type\":\"PropertyValueSpecification\",\"valueRequired\":true,\"valueName\":\"search_term_string\"}}],\"inLanguage\":\"pl-PL\"},{\"@type\":[\"Organization\",\"Place\"],\"@id\":\"https:\/\/testwebsite.upevents.nl\/#organization\",\"name\":\"City Game\",\"alternateName\":\"citygame.com\",\"url\":\"https:\/\/testwebsite.upevents.nl\/\",\"logo\":{\"@id\":\"https:\/\/testwebsite.citygame.com\/pl\/games\/venice\/sherlock-holmes-venice\/#local-main-organization-logo\"},\"image\":{\"@id\":\"https:\/\/testwebsite.citygame.com\/pl\/games\/venice\/sherlock-holmes-venice\/#local-main-organization-logo\"},\"sameAs\":[\"https:\/\/www.facebook.com\/profile.php?id=100086426226253\",\"https:\/\/www.instagram.com\/citygame_com\",\"https:\/\/www.tiktok.com\/@citygamecom\/\",\"https:\/\/www.linkedin.com\/company\/citygame-com\"],\"description\":\"Turn any city into a playground with our interactive City Games and self-guided tours. Fun, flexible, and ideal for groups and team building.\",\"telephone\":[],\"openingHoursSpecification\":[{\"@type\":\"OpeningHoursSpecification\",\"dayOfWeek\":[\"Monday\",\"Tuesday\",\"Wednesday\",\"Thursday\",\"Friday\",\"Saturday\",\"Sunday\"],\"opens\":\"09:00\",\"closes\":\"17:00\"}]},{\"@type\":\"ImageObject\",\"inLanguage\":\"pl-PL\",\"@id\":\"https:\/\/testwebsite.citygame.com\/pl\/games\/venice\/sherlock-holmes-venice\/#local-main-organization-logo\",\"url\":\"https:\/\/testwebsite.citygame.com\/wp-content\/blogs.dir\/1\/files\/sites\/62\/2025\/10\/CG_LOGO-City-Game.png\",\"contentUrl\":\"https:\/\/testwebsite.citygame.com\/wp-content\/blogs.dir\/1\/files\/sites\/62\/2025\/10\/CG_LOGO-City-Game.png\",\"width\":351,\"height\":377,\"caption\":\"City Game\"}]}<\/script>\n<!-- \/ Yoast SEO Premium plugin. -->","yoast_head_json":{"title":"Sherlock Holmes Venice - City Game","description":"Sherlock Holmes Venice. Zagraj w samodzieln\u0105 gr\u0119 miejsk\u0105 z zagadk\u0105 morderstwa, rozwi\u0105zuj \u0142amig\u0142\u00f3wki, pod\u0105\u017caj za wskaz\u00f3wkami i odkryj morderc\u0119 we w\u0142asnym tempie!","robots":{"index":"noindex","follow":"follow","max-snippet":"max-snippet:-1","max-image-preview":"max-image-preview:large","max-video-preview":"max-video-preview:-1"},"og_locale":"pl_PL","og_type":"article","og_title":"Sherlock Holmes Venice","og_description":"Sherlock Holmes Venice. Zagraj w samodzieln\u0105 gr\u0119 miejsk\u0105 z zagadk\u0105 morderstwa, rozwi\u0105zuj \u0142amig\u0142\u00f3wki, pod\u0105\u017caj za wskaz\u00f3wkami i odkryj morderc\u0119 we w\u0142asnym tempie!","og_url":"https:\/\/testwebsite.citygame.com\/pl\/games\/venice\/sherlock-holmes-venice\/","og_site_name":"City Game","article_publisher":"https:\/\/www.facebook.com\/profile.php?id=100086426226253","article_modified_time":"2026-04-08T07:27:58+00:00","og_image":[{"width":1344,"height":768,"url":"https:\/\/testwebsite.citygame.com\/wp-content\/blogs.dir\/1\/files\/sites\/62\/2026\/02\/woman-playing-sherlock-game-on-a-street-in-venice.jpg","type":"image\/jpeg"}],"twitter_card":"summary_large_image","schema":{"@context":"https:\/\/schema.org","@graph":[{"@type":"WebPage","@id":"https:\/\/testwebsite.citygame.com\/pl\/games\/venice\/sherlock-holmes-venice\/","url":"https:\/\/testwebsite.citygame.com\/pl\/games\/venice\/sherlock-holmes-venice\/","name":"Sherlock Holmes Venice - City Game","isPartOf":{"@id":"https:\/\/testwebsite.upevents.nl\/#website"},"primaryImageOfPage":{"@id":"https:\/\/testwebsite.citygame.com\/pl\/games\/venice\/sherlock-holmes-venice\/#primaryimage"},"image":{"@id":"https:\/\/testwebsite.citygame.com\/pl\/games\/venice\/sherlock-holmes-venice\/#primaryimage"},"thumbnailUrl":"https:\/\/testwebsite.citygame.com\/wp-content\/blogs.dir\/1\/files\/sites\/62\/2026\/02\/woman-playing-sherlock-game-on-a-street-in-venice.jpg","datePublished":"2026-02-05T12:28:13+00:00","dateModified":"2026-04-08T07:27:58+00:00","description":"Sherlock Holmes Venice. Zagraj w samodzieln\u0105 gr\u0119 miejsk\u0105 z zagadk\u0105 morderstwa, rozwi\u0105zuj \u0142amig\u0142\u00f3wki, pod\u0105\u017caj za wskaz\u00f3wkami i odkryj morderc\u0119 we w\u0142asnym tempie!","breadcrumb":{"@id":"https:\/\/testwebsite.citygame.com\/pl\/games\/venice\/sherlock-holmes-venice\/#breadcrumb"},"inLanguage":"pl-PL","potentialAction":[{"@type":"ReadAction","target":["https:\/\/testwebsite.citygame.com\/pl\/games\/venice\/sherlock-holmes-venice\/"]}]},{"@type":"ImageObject","inLanguage":"pl-PL","@id":"https:\/\/testwebsite.citygame.com\/pl\/games\/venice\/sherlock-holmes-venice\/#primaryimage","url":"https:\/\/testwebsite.citygame.com\/wp-content\/blogs.dir\/1\/files\/sites\/62\/2026\/02\/woman-playing-sherlock-game-on-a-street-in-venice.jpg","contentUrl":"https:\/\/testwebsite.citygame.com\/wp-content\/blogs.dir\/1\/files\/sites\/62\/2026\/02\/woman-playing-sherlock-game-on-a-street-in-venice.jpg","width":1344,"height":768,"caption":"A player uses her phone to solve a mystery on a historic street in Venice."},{"@type":"BreadcrumbList","@id":"https:\/\/testwebsite.citygame.com\/pl\/games\/venice\/sherlock-holmes-venice\/#breadcrumb","itemListElement":[{"@type":"ListItem","position":1,"name":"Home","item":"https:\/\/testwebsite.citygame.com\/pl\/"},{"@type":"ListItem","position":2,"name":"Shop","item":"https:\/\/testwebsite.citygame.com\/shop\/"},{"@type":"ListItem","position":3,"name":"Sherlock Holmes Venice"}]},{"@type":"WebSite","@id":"https:\/\/testwebsite.upevents.nl\/#website","url":"https:\/\/testwebsite.upevents.nl\/","name":"City Game","description":"","publisher":{"@id":"https:\/\/testwebsite.upevents.nl\/#organization"},"alternateName":"citygame.com","potentialAction":[{"@type":"SearchAction","target":{"@type":"EntryPoint","urlTemplate":"https:\/\/testwebsite.upevents.nl\/?s={search_term_string}"},"query-input":{"@type":"PropertyValueSpecification","valueRequired":true,"valueName":"search_term_string"}}],"inLanguage":"pl-PL"},{"@type":["Organization","Place"],"@id":"https:\/\/testwebsite.upevents.nl\/#organization","name":"City Game","alternateName":"citygame.com","url":"https:\/\/testwebsite.upevents.nl\/","logo":{"@id":"https:\/\/testwebsite.citygame.com\/pl\/games\/venice\/sherlock-holmes-venice\/#local-main-organization-logo"},"image":{"@id":"https:\/\/testwebsite.citygame.com\/pl\/games\/venice\/sherlock-holmes-venice\/#local-main-organization-logo"},"sameAs":["https:\/\/www.facebook.com\/profile.php?id=100086426226253","https:\/\/www.instagram.com\/citygame_com","https:\/\/www.tiktok.com\/@citygamecom\/","https:\/\/www.linkedin.com\/company\/citygame-com"],"description":"Turn any city into a playground with our interactive City Games and self-guided tours. Fun, flexible, and ideal for groups and team building.","telephone":[],"openingHoursSpecification":[{"@type":"OpeningHoursSpecification","dayOfWeek":["Monday","Tuesday","Wednesday","Thursday","Friday","Saturday","Sunday"],"opens":"09:00","closes":"17:00"}]},{"@type":"ImageObject","inLanguage":"pl-PL","@id":"https:\/\/testwebsite.citygame.com\/pl\/games\/venice\/sherlock-holmes-venice\/#local-main-organization-logo","url":"https:\/\/testwebsite.citygame.com\/wp-content\/blogs.dir\/1\/files\/sites\/62\/2025\/10\/CG_LOGO-City-Game.png","contentUrl":"https:\/\/testwebsite.citygame.com\/wp-content\/blogs.dir\/1\/files\/sites\/62\/2025\/10\/CG_LOGO-City-Game.png","width":351,"height":377,"caption":"City Game"}]}},"taxonomy_info":{"game-concept":[{"value":785,"label":"Sherlock"}],"location":[{"value":418,"label":"Venice"}],"product_cat":[{"value":27,"label":"Geen categorie"}]},"featured_image_src_large":["https:\/\/testwebsite.citygame.com\/wp-content\/blogs.dir\/1\/files\/sites\/62\/2026\/02\/woman-playing-sherlock-game-on-a-street-in-venice-1024x585.jpg",1024,585,true],"author_info":[],"comment_info":"","_links":{"self":[{"href":"https:\/\/testwebsite.citygame.com\/pl\/wp-json\/wp\/v2\/product\/61284","targetHints":{"allow":["GET"]}}],"collection":[{"href":"https:\/\/testwebsite.citygame.com\/pl\/wp-json\/wp\/v2\/product"}],"about":[{"href":"https:\/\/testwebsite.citygame.com\/pl\/wp-json\/wp\/v2\/types\/product"}],"acf:post":[{"embeddable":true,"href":"https:\/\/testwebsite.citygame.com\/pl\/wp-json\/wp\/v2\/pages\/7407"}],"wp:featuredmedia":[{"embeddable":true,"href":"https:\/\/testwebsite.citygame.com\/pl\/wp-json\/wp\/v2\/media\/10761"}],"wp:attachment":[{"href":"https:\/\/testwebsite.citygame.com\/pl\/wp-json\/wp\/v2\/media?parent=61284"}],"wp:term":[{"taxonomy":"game-concept","embeddable":true,"href":"https:\/\/testwebsite.citygame.com\/pl\/wp-json\/wp\/v2\/game-concept?post=61284"},{"taxonomy":"location","embeddable":true,"href":"https:\/\/testwebsite.citygame.com\/pl\/wp-json\/wp\/v2\/location?post=61284"},{"taxonomy":"product_brand","embeddable":true,"href":"https:\/\/testwebsite.citygame.com\/pl\/wp-json\/wp\/v2\/product_brand?post=61284"},{"taxonomy":"product_cat","embeddable":true,"href":"https:\/\/testwebsite.citygame.com\/pl\/wp-json\/wp\/v2\/product_cat?post=61284"},{"taxonomy":"product_tag","embeddable":true,"href":"https:\/\/testwebsite.citygame.com\/pl\/wp-json\/wp\/v2\/product_tag?post=61284"}],"curies":[{"name":"wp","href":"https:\/\/api.w.org\/{rel}","templated":true}]}}