{"id":60106,"date":"2026-03-12T14:14:36","date_gmt":"2026-03-12T14:14:36","guid":{"rendered":"https:\/\/testwebsite.citygame.com\/games\/unknown-location\/secrets-of-cadiz\/"},"modified":"2026-04-08T05:11:33","modified_gmt":"2026-04-08T05:11:33","slug":"secrets-of-cadiz","status":"publish","type":"product","link":"https:\/\/testwebsite.citygame.com\/pl\/games\/cadiz\/secrets-of-cadiz\/","title":{"rendered":"Secrets of Cadiz"},"content":{"rendered":"<p>Gra miejska 'Secrets of Cadiz&#8217; to fascynuj\u0105ca, samodzielna gra miejska, kt\u00f3ra przenosi graczy w samo serce historycznego centrum Kadyksu. Ta wci\u0105gaj\u0105ca gra eksploracyjna w pe\u0142ni wykorzystuje technologi\u0119 GPS, umo\u017cliwiaj\u0105c uczestnikom odkrywanie skomplikowanego labiryntu tego hiszpa\u0144skiego miasta wy\u0142\u0105cznie za pomoc\u0105 smartfon\u00f3w. Poruszaj\u0105c si\u0119 przez seri\u0119 \u0142amig\u0142\u00f3wek, zagadek i wyzwa\u0144 fotograficznych, gracze zyskaj\u0105 g\u0142\u0119bsze zrozumienie bogatej historii Kadyksu, jego t\u0119tni\u0105cej \u017cyciem kultury i ukrytych klejnot\u00f3w, kt\u00f3re nie zawsze s\u0105 \u0142atwo widoczne. Odpowiednia zar\u00f3wno dla mieszka\u0144c\u00f3w, jak i turyst\u00f3w pragn\u0105cych spojrze\u0107 na Kadyks z unikalnej perspektywy, gra ta jest idealna dla samotnych poszukiwaczy przyg\u00f3d, jak i grup \u2013 od par i rodzin po zgrane grono przyjaci\u00f3\u0142. Zanurz si\u0119 w immersyjnym \u015bwiecie tej gry opartej na GPS i eksploruj Kadyks jak nigdy dot\u0105d!<\/p>\n","protected":false},"excerpt":{"rendered":"<p>Zanurz si\u0119 w sk\u0105panym w s\u0142o\u0144cu splendorze Kadyksu! W\u0119druj po mie\u015bcie, gdzie tradycja ta\u0144czy na brukowanych ulicach, a opowie\u015bci o staro\u017cytnej chwale szepcz\u0105 z oblanych morzem mur\u00f3w obronnych. Odkrywaj tajemnice, w\u0119druj\u0105c przez jego promienist\u0105 dusz\u0119 \u2013 Kadyks p\u0119ka w szwach od rewelacji na ka\u017cdym rogu!<\/p>\n","protected":false},"featured_media":18273,"template":"","meta":{"_acf_changed":false,"_yoast_wpseo_focuskw":"Secrets of Cadiz","_yoast_wpseo_metadesc":"Secrets of Cadiz. Zagraj w samodzieln\u0105 gr\u0119 miejsk\u0105 i odkrywaj miasto poprzez \u0142amig\u0142\u00f3wki, zagadki i wyzwania. Graj we w\u0142asnym tempie i odkrywaj jak miejscowy!","_kad_blocks_custom_css":"","_kad_blocks_head_custom_js":"","_kad_blocks_body_custom_js":"","_kad_blocks_footer_custom_js":"","ghostkit_customizer_options":"","ghostkit_custom_css":"","ghostkit_custom_js_head":"","ghostkit_custom_js_foot":"","ghostkit_typography":"","_kad_post_transparent":"","_kad_post_title":"","_kad_post_layout":"","_kad_post_sidebar_id":"","_kad_post_content_style":"","_kad_post_vertical_padding":"","_kad_post_feature":"","_kad_post_feature_position":"","_kad_post_header":false,"_kad_post_footer":false,"_kad_post_classname":"","_links_to":"","_links_to_target":""},"game-concept":[724],"location":[110],"product_brand":[],"product_cat":[27],"product_tag":[],"class_list":{"0":"post-60106","1":"product","2":"type-product","3":"status-publish","4":"has-post-thumbnail","6":"game-concept-secrets","7":"location-cadiz","8":"product_cat-geen-categorie","10":"first","11":"instock","12":"shipping-taxable","13":"purchasable","14":"product-type-simple","15":"entry","16":"content-bg","17":"loop-entry"},"acf":{"full_bokun_product_name":"Self-Guided Secrets of C\u00e1diz Exploration Game","location_name":"Cadiz","bokun_calendar_widget_code":"<script type=\"text\/javascript\" src=\"https:\/\/widgets.bokun.io\/assets\/javascripts\/apps\/build\/BokunWidgetsLoader.js?bookingChannelUUID=a1e93e96-5232-4734-a595-28405f4b5a31\" async><\/script>\n     \n    <div class=\"bokunWidget\" data-src=\"https:\/\/widgets.bokun.io\/online-sales\/a1e93e96-5232-4734-a595-28405f4b5a31\/experience-calendar\/828179\"><\/div>\n    <noscript>Please enable javascript in your browser to book<\/noscript>","bokun_button_widget_code":"<script type=\"text\/javascript\" src=\"https:\/\/widgets.bokun.io\/assets\/javascripts\/apps\/build\/BokunWidgetsLoader.js?bookingChannelUUID=a1e93e96-5232-4734-a595-28405f4b5a31\" async><\/script>\n      <style> #bokun_ed001e45_5927_4f62_b470_ca766338d083 { display: inline-block; padding: .4em 1em; background: #47b82e; border-radius: 999999px; box-shadow: none; font-weight: 600; font-size: 24px; text-decoration: none; text-align: center; color: #FFFFFF; border:none; cursor: pointer; transition: background .2s ease; } #bokun_ed001e45_5927_4f62_b470_ca766338d083:hover{ background: #2f7b1f; } #bokun_ed001e45_5927_4f62_b470_ca766338d083:active{ background: #378f24; } <\/style> <button class=\"bokunButton\" disabled id=bokun_ed001e45_5927_4f62_b470_ca766338d083 data-src=\"https:\/\/widgets.bokun.io\/online-sales\/a1e93e96-5232-4734-a595-28405f4b5a31\/experience-calendar\/828179?partialView=1\" data-testid=\"widget-book-button\" > Book now <\/button> ","what_you\u2019ll_experience_during_the_game":"Odkryj urokliwe miasto Kadyks dzi\u0119ki zabawnej i wci\u0105gaj\u0105cej Grze Miejskiej, p\u0142ynnemu po\u0142\u0105czeniu zwiedzania i interaktywnych opowie\u015bci. Gra zapoznaje Ci\u0119 zar\u00f3wno z ikonicznymi, jak i ukrytymi zak\u0105tkami miasta, a ka\u017cdy z nich jest po\u0142\u0105czony z pobudzaj\u0105cymi \u0142amig\u0142\u00f3wkami i wyzwaniami, kt\u00f3re o\u017cywiaj\u0105 histori\u0119 miasta. Podczas tej wci\u0105gaj\u0105cej podr\u00f3\u017cy b\u0119dziesz podziwia\u0107 urokliw\u0105 architektur\u0119, w\u0119drowa\u0107 w\u0105skimi, brukowanymi uliczkami i natkniesz si\u0119 na imponuj\u0105ce place, kt\u00f3re odzwierciedlaj\u0105 bogat\u0105 kultur\u0119 Kadyksu. Bez w\u0105tpienia, ta gra eksploracyjna oferuje Ci unikaln\u0105 perspektyw\u0119 miasta.\n\nGdy gracze zag\u0142\u0119bi\u0105 si\u0119 w swoj\u0105 przygod\u0119, napotkaj\u0105 seri\u0119 \u0142amig\u0142\u00f3wek, zagadek i kreatywnych wyzwa\u0144 fotograficznych. Ka\u017cda rozwi\u0105zana zagadka nie tylko zapewnia cenne punkty, ale tak\u017ce odblokowuje wskaz\u00f3wki, prowadz\u0105c Ci\u0119 do rozwi\u0105zania wielkiej tajemnicy. Wybierasz w\u0142asne tempo, robisz przerwy, gdy chcesz d\u0142u\u017cej co\u015b eksplorowa\u0107, i wznawiasz gr\u0119, gdy chcesz kontynuowa\u0107. Dla os\u00f3b z zaci\u0119ciem rywalizacyjnym, celuj wysoko i spr\u00f3buj zaj\u0105\u0107 czo\u0142ow\u0105 pozycj\u0119 w rankingu. Odkryj urokliwe rytmy i sekrety Kadyksu dzi\u0119ki tej fascynuj\u0105cej Grze Miejskiej. Niezale\u017cnie od tego, czy jeste\u015b mieszka\u0144cem, czy turyst\u0105, to wci\u0105gaj\u0105ce do\u015bwiadczenie z pewno\u015bci\u0105 zapewni bogaty i anga\u017cuj\u0105cy wgl\u0105d w histori\u0119 i \u017cycie miasta.","how_to_play":"Zarezerwuj Gr\u0119 Eksploracyjn\u0105, sprawd\u017a e-mail, kt\u00f3ry Ci wy\u015blemy z prostymi instrukcjami, pobierz aplikacj\u0119 Loquiz, uzyskaj dost\u0119p do Gry Eksploracyjnej i jeste\u015b gotowy, aby rozpocz\u0105\u0107 swoj\u0105 przygod\u0119 z gr\u0105!","start_location":"Cadiz, Plaza de la Catedral","available_languages":["en"],"players_per_group":"1-4","duration":"1.5-2 hours","image_overlay_color_image":"https:\/\/testwebsite.citygame.com\/wp-content\/blogs.dir\/1\/files\/sites\/62\/2026\/01\/SecretsColor.svg","image_overlay_game_logo":"https:\/\/testwebsite.citygame.com\/wp-content\/blogs.dir\/1\/files\/sites\/62\/2026\/01\/SecretsLogo.png","city_page":13251,"woocommerce_general_content":null},"yoast_head":"<!-- This site is optimized with the Yoast SEO Premium plugin v26.2 (Yoast SEO v26.3) - https:\/\/yoast.com\/wordpress\/plugins\/seo\/ -->\n<title>Secrets of Cadiz - City Game<\/title>\n<meta name=\"description\" content=\"Secrets of Cadiz. Zagraj w samodzieln\u0105 gr\u0119 miejsk\u0105 i odkrywaj miasto poprzez \u0142amig\u0142\u00f3wki, zagadki i wyzwania. Graj we w\u0142asnym tempie i odkrywaj jak miejscowy!\" \/>\n<meta name=\"robots\" content=\"noindex, follow, max-snippet:-1, max-image-preview:large, max-video-preview:-1\" \/>\n<meta property=\"og:locale\" content=\"pl_PL\" \/>\n<meta property=\"og:type\" content=\"article\" \/>\n<meta property=\"og:title\" content=\"Secrets of Cadiz\" \/>\n<meta property=\"og:description\" content=\"Secrets of Cadiz. Zagraj w samodzieln\u0105 gr\u0119 miejsk\u0105 i odkrywaj miasto poprzez \u0142amig\u0142\u00f3wki, zagadki i wyzwania. Graj we w\u0142asnym tempie i odkrywaj jak miejscowy!\" \/>\n<meta property=\"og:url\" content=\"https:\/\/testwebsite.citygame.com\/pl\/games\/cadiz\/secrets-of-cadiz\/\" \/>\n<meta property=\"og:site_name\" content=\"City Game\" \/>\n<meta property=\"article:publisher\" content=\"https:\/\/www.facebook.com\/profile.php?id=100086426226253\" \/>\n<meta property=\"article:modified_time\" content=\"2026-04-08T05:11:33+00:00\" \/>\n<meta property=\"og:image\" content=\"https:\/\/testwebsite.citygame.com\/wp-content\/blogs.dir\/1\/files\/sites\/62\/2026\/03\/citygame-players-cadiz-cathedral-spain.jpg\" \/>\n\t<meta property=\"og:image:width\" content=\"1024\" \/>\n\t<meta property=\"og:image:height\" content=\"1024\" \/>\n\t<meta property=\"og:image:type\" content=\"image\/jpeg\" \/>\n<meta name=\"twitter:card\" content=\"summary_large_image\" \/>\n<meta name=\"twitter:label1\" content=\"Szacowany czas czytania\" \/>\n\t<meta name=\"twitter:data1\" content=\"1 minuta\" \/>\n<script type=\"application\/ld+json\" class=\"yoast-schema-graph\">{\"@context\":\"https:\/\/schema.org\",\"@graph\":[{\"@type\":\"WebPage\",\"@id\":\"https:\/\/testwebsite.citygame.com\/pl\/games\/cadiz\/secrets-of-cadiz\/\",\"url\":\"https:\/\/testwebsite.citygame.com\/pl\/games\/cadiz\/secrets-of-cadiz\/\",\"name\":\"Secrets of Cadiz - City Game\",\"isPartOf\":{\"@id\":\"https:\/\/testwebsite.upevents.nl\/#website\"},\"primaryImageOfPage\":{\"@id\":\"https:\/\/testwebsite.citygame.com\/pl\/games\/cadiz\/secrets-of-cadiz\/#primaryimage\"},\"image\":{\"@id\":\"https:\/\/testwebsite.citygame.com\/pl\/games\/cadiz\/secrets-of-cadiz\/#primaryimage\"},\"thumbnailUrl\":\"https:\/\/testwebsite.citygame.com\/wp-content\/blogs.dir\/1\/files\/sites\/62\/2026\/03\/citygame-players-cadiz-cathedral-spain.jpg\",\"datePublished\":\"2026-03-12T14:14:36+00:00\",\"dateModified\":\"2026-04-08T05:11:33+00:00\",\"description\":\"Secrets of Cadiz. Zagraj w samodzieln\u0105 gr\u0119 miejsk\u0105 i odkrywaj miasto poprzez \u0142amig\u0142\u00f3wki, zagadki i wyzwania. Graj we w\u0142asnym tempie i odkrywaj jak miejscowy!\",\"breadcrumb\":{\"@id\":\"https:\/\/testwebsite.citygame.com\/pl\/games\/cadiz\/secrets-of-cadiz\/#breadcrumb\"},\"inLanguage\":\"pl-PL\",\"potentialAction\":[{\"@type\":\"ReadAction\",\"target\":[\"https:\/\/testwebsite.citygame.com\/pl\/games\/cadiz\/secrets-of-cadiz\/\"]}]},{\"@type\":\"ImageObject\",\"inLanguage\":\"pl-PL\",\"@id\":\"https:\/\/testwebsite.citygame.com\/pl\/games\/cadiz\/secrets-of-cadiz\/#primaryimage\",\"url\":\"https:\/\/testwebsite.citygame.com\/wp-content\/blogs.dir\/1\/files\/sites\/62\/2026\/03\/citygame-players-cadiz-cathedral-spain.jpg\",\"contentUrl\":\"https:\/\/testwebsite.citygame.com\/wp-content\/blogs.dir\/1\/files\/sites\/62\/2026\/03\/citygame-players-cadiz-cathedral-spain.jpg\",\"width\":1024,\"height\":1024,\"caption\":\"A group of young adults explore the city of Cadiz using a smartphone app.\"},{\"@type\":\"BreadcrumbList\",\"@id\":\"https:\/\/testwebsite.citygame.com\/pl\/games\/cadiz\/secrets-of-cadiz\/#breadcrumb\",\"itemListElement\":[{\"@type\":\"ListItem\",\"position\":1,\"name\":\"Home\",\"item\":\"https:\/\/testwebsite.citygame.com\/pl\/\"},{\"@type\":\"ListItem\",\"position\":2,\"name\":\"Shop\",\"item\":\"https:\/\/testwebsite.citygame.com\/shop\/\"},{\"@type\":\"ListItem\",\"position\":3,\"name\":\"Secrets of Cadiz\"}]},{\"@type\":\"WebSite\",\"@id\":\"https:\/\/testwebsite.upevents.nl\/#website\",\"url\":\"https:\/\/testwebsite.upevents.nl\/\",\"name\":\"City Game\",\"description\":\"\",\"publisher\":{\"@id\":\"https:\/\/testwebsite.upevents.nl\/#organization\"},\"alternateName\":\"citygame.com\",\"potentialAction\":[{\"@type\":\"SearchAction\",\"target\":{\"@type\":\"EntryPoint\",\"urlTemplate\":\"https:\/\/testwebsite.upevents.nl\/?s={search_term_string}\"},\"query-input\":{\"@type\":\"PropertyValueSpecification\",\"valueRequired\":true,\"valueName\":\"search_term_string\"}}],\"inLanguage\":\"pl-PL\"},{\"@type\":[\"Organization\",\"Place\"],\"@id\":\"https:\/\/testwebsite.upevents.nl\/#organization\",\"name\":\"City Game\",\"alternateName\":\"citygame.com\",\"url\":\"https:\/\/testwebsite.upevents.nl\/\",\"logo\":{\"@id\":\"https:\/\/testwebsite.citygame.com\/pl\/games\/cadiz\/secrets-of-cadiz\/#local-main-organization-logo\"},\"image\":{\"@id\":\"https:\/\/testwebsite.citygame.com\/pl\/games\/cadiz\/secrets-of-cadiz\/#local-main-organization-logo\"},\"sameAs\":[\"https:\/\/www.facebook.com\/profile.php?id=100086426226253\",\"https:\/\/www.instagram.com\/citygame_com\",\"https:\/\/www.tiktok.com\/@citygamecom\/\",\"https:\/\/www.linkedin.com\/company\/citygame-com\"],\"description\":\"Turn any city into a playground with our interactive City Games and self-guided tours. Fun, flexible, and ideal for groups and team building.\",\"telephone\":[],\"openingHoursSpecification\":[{\"@type\":\"OpeningHoursSpecification\",\"dayOfWeek\":[\"Monday\",\"Tuesday\",\"Wednesday\",\"Thursday\",\"Friday\",\"Saturday\",\"Sunday\"],\"opens\":\"09:00\",\"closes\":\"17:00\"}]},{\"@type\":\"ImageObject\",\"inLanguage\":\"pl-PL\",\"@id\":\"https:\/\/testwebsite.citygame.com\/pl\/games\/cadiz\/secrets-of-cadiz\/#local-main-organization-logo\",\"url\":\"https:\/\/testwebsite.citygame.com\/wp-content\/blogs.dir\/1\/files\/sites\/62\/2025\/10\/CG_LOGO-City-Game.png\",\"contentUrl\":\"https:\/\/testwebsite.citygame.com\/wp-content\/blogs.dir\/1\/files\/sites\/62\/2025\/10\/CG_LOGO-City-Game.png\",\"width\":351,\"height\":377,\"caption\":\"City Game\"}]}<\/script>\n<!-- \/ Yoast SEO Premium plugin. -->","yoast_head_json":{"title":"Secrets of Cadiz - City Game","description":"Secrets of Cadiz. Zagraj w samodzieln\u0105 gr\u0119 miejsk\u0105 i odkrywaj miasto poprzez \u0142amig\u0142\u00f3wki, zagadki i wyzwania. Graj we w\u0142asnym tempie i odkrywaj jak miejscowy!","robots":{"index":"noindex","follow":"follow","max-snippet":"max-snippet:-1","max-image-preview":"max-image-preview:large","max-video-preview":"max-video-preview:-1"},"og_locale":"pl_PL","og_type":"article","og_title":"Secrets of Cadiz","og_description":"Secrets of Cadiz. Zagraj w samodzieln\u0105 gr\u0119 miejsk\u0105 i odkrywaj miasto poprzez \u0142amig\u0142\u00f3wki, zagadki i wyzwania. Graj we w\u0142asnym tempie i odkrywaj jak miejscowy!","og_url":"https:\/\/testwebsite.citygame.com\/pl\/games\/cadiz\/secrets-of-cadiz\/","og_site_name":"City Game","article_publisher":"https:\/\/www.facebook.com\/profile.php?id=100086426226253","article_modified_time":"2026-04-08T05:11:33+00:00","og_image":[{"width":1024,"height":1024,"url":"https:\/\/testwebsite.citygame.com\/wp-content\/blogs.dir\/1\/files\/sites\/62\/2026\/03\/citygame-players-cadiz-cathedral-spain.jpg","type":"image\/jpeg"}],"twitter_card":"summary_large_image","twitter_misc":{"Szacowany czas czytania":"1 minuta"},"schema":{"@context":"https:\/\/schema.org","@graph":[{"@type":"WebPage","@id":"https:\/\/testwebsite.citygame.com\/pl\/games\/cadiz\/secrets-of-cadiz\/","url":"https:\/\/testwebsite.citygame.com\/pl\/games\/cadiz\/secrets-of-cadiz\/","name":"Secrets of Cadiz - City Game","isPartOf":{"@id":"https:\/\/testwebsite.upevents.nl\/#website"},"primaryImageOfPage":{"@id":"https:\/\/testwebsite.citygame.com\/pl\/games\/cadiz\/secrets-of-cadiz\/#primaryimage"},"image":{"@id":"https:\/\/testwebsite.citygame.com\/pl\/games\/cadiz\/secrets-of-cadiz\/#primaryimage"},"thumbnailUrl":"https:\/\/testwebsite.citygame.com\/wp-content\/blogs.dir\/1\/files\/sites\/62\/2026\/03\/citygame-players-cadiz-cathedral-spain.jpg","datePublished":"2026-03-12T14:14:36+00:00","dateModified":"2026-04-08T05:11:33+00:00","description":"Secrets of Cadiz. Zagraj w samodzieln\u0105 gr\u0119 miejsk\u0105 i odkrywaj miasto poprzez \u0142amig\u0142\u00f3wki, zagadki i wyzwania. Graj we w\u0142asnym tempie i odkrywaj jak miejscowy!","breadcrumb":{"@id":"https:\/\/testwebsite.citygame.com\/pl\/games\/cadiz\/secrets-of-cadiz\/#breadcrumb"},"inLanguage":"pl-PL","potentialAction":[{"@type":"ReadAction","target":["https:\/\/testwebsite.citygame.com\/pl\/games\/cadiz\/secrets-of-cadiz\/"]}]},{"@type":"ImageObject","inLanguage":"pl-PL","@id":"https:\/\/testwebsite.citygame.com\/pl\/games\/cadiz\/secrets-of-cadiz\/#primaryimage","url":"https:\/\/testwebsite.citygame.com\/wp-content\/blogs.dir\/1\/files\/sites\/62\/2026\/03\/citygame-players-cadiz-cathedral-spain.jpg","contentUrl":"https:\/\/testwebsite.citygame.com\/wp-content\/blogs.dir\/1\/files\/sites\/62\/2026\/03\/citygame-players-cadiz-cathedral-spain.jpg","width":1024,"height":1024,"caption":"A group of young adults explore the city of Cadiz using a smartphone app."},{"@type":"BreadcrumbList","@id":"https:\/\/testwebsite.citygame.com\/pl\/games\/cadiz\/secrets-of-cadiz\/#breadcrumb","itemListElement":[{"@type":"ListItem","position":1,"name":"Home","item":"https:\/\/testwebsite.citygame.com\/pl\/"},{"@type":"ListItem","position":2,"name":"Shop","item":"https:\/\/testwebsite.citygame.com\/shop\/"},{"@type":"ListItem","position":3,"name":"Secrets of Cadiz"}]},{"@type":"WebSite","@id":"https:\/\/testwebsite.upevents.nl\/#website","url":"https:\/\/testwebsite.upevents.nl\/","name":"City Game","description":"","publisher":{"@id":"https:\/\/testwebsite.upevents.nl\/#organization"},"alternateName":"citygame.com","potentialAction":[{"@type":"SearchAction","target":{"@type":"EntryPoint","urlTemplate":"https:\/\/testwebsite.upevents.nl\/?s={search_term_string}"},"query-input":{"@type":"PropertyValueSpecification","valueRequired":true,"valueName":"search_term_string"}}],"inLanguage":"pl-PL"},{"@type":["Organization","Place"],"@id":"https:\/\/testwebsite.upevents.nl\/#organization","name":"City Game","alternateName":"citygame.com","url":"https:\/\/testwebsite.upevents.nl\/","logo":{"@id":"https:\/\/testwebsite.citygame.com\/pl\/games\/cadiz\/secrets-of-cadiz\/#local-main-organization-logo"},"image":{"@id":"https:\/\/testwebsite.citygame.com\/pl\/games\/cadiz\/secrets-of-cadiz\/#local-main-organization-logo"},"sameAs":["https:\/\/www.facebook.com\/profile.php?id=100086426226253","https:\/\/www.instagram.com\/citygame_com","https:\/\/www.tiktok.com\/@citygamecom\/","https:\/\/www.linkedin.com\/company\/citygame-com"],"description":"Turn any city into a playground with our interactive City Games and self-guided tours. Fun, flexible, and ideal for groups and team building.","telephone":[],"openingHoursSpecification":[{"@type":"OpeningHoursSpecification","dayOfWeek":["Monday","Tuesday","Wednesday","Thursday","Friday","Saturday","Sunday"],"opens":"09:00","closes":"17:00"}]},{"@type":"ImageObject","inLanguage":"pl-PL","@id":"https:\/\/testwebsite.citygame.com\/pl\/games\/cadiz\/secrets-of-cadiz\/#local-main-organization-logo","url":"https:\/\/testwebsite.citygame.com\/wp-content\/blogs.dir\/1\/files\/sites\/62\/2025\/10\/CG_LOGO-City-Game.png","contentUrl":"https:\/\/testwebsite.citygame.com\/wp-content\/blogs.dir\/1\/files\/sites\/62\/2025\/10\/CG_LOGO-City-Game.png","width":351,"height":377,"caption":"City Game"}]}},"taxonomy_info":{"game-concept":[{"value":724,"label":"Secrets"}],"location":[{"value":110,"label":"C\u00e1diz"}],"product_cat":[{"value":27,"label":"Geen categorie"}]},"featured_image_src_large":["https:\/\/testwebsite.citygame.com\/wp-content\/blogs.dir\/1\/files\/sites\/62\/2026\/03\/citygame-players-cadiz-cathedral-spain.jpg",1024,1024,false],"author_info":[],"comment_info":"","_links":{"self":[{"href":"https:\/\/testwebsite.citygame.com\/pl\/wp-json\/wp\/v2\/product\/60106","targetHints":{"allow":["GET"]}}],"collection":[{"href":"https:\/\/testwebsite.citygame.com\/pl\/wp-json\/wp\/v2\/product"}],"about":[{"href":"https:\/\/testwebsite.citygame.com\/pl\/wp-json\/wp\/v2\/types\/product"}],"acf:post":[{"embeddable":true,"href":"https:\/\/testwebsite.citygame.com\/pl\/wp-json\/wp\/v2\/pages\/13251"}],"wp:featuredmedia":[{"embeddable":true,"href":"https:\/\/testwebsite.citygame.com\/pl\/wp-json\/wp\/v2\/media\/18273"}],"wp:attachment":[{"href":"https:\/\/testwebsite.citygame.com\/pl\/wp-json\/wp\/v2\/media?parent=60106"}],"wp:term":[{"taxonomy":"game-concept","embeddable":true,"href":"https:\/\/testwebsite.citygame.com\/pl\/wp-json\/wp\/v2\/game-concept?post=60106"},{"taxonomy":"location","embeddable":true,"href":"https:\/\/testwebsite.citygame.com\/pl\/wp-json\/wp\/v2\/location?post=60106"},{"taxonomy":"product_brand","embeddable":true,"href":"https:\/\/testwebsite.citygame.com\/pl\/wp-json\/wp\/v2\/product_brand?post=60106"},{"taxonomy":"product_cat","embeddable":true,"href":"https:\/\/testwebsite.citygame.com\/pl\/wp-json\/wp\/v2\/product_cat?post=60106"},{"taxonomy":"product_tag","embeddable":true,"href":"https:\/\/testwebsite.citygame.com\/pl\/wp-json\/wp\/v2\/product_tag?post=60106"}],"curies":[{"name":"wp","href":"https:\/\/api.w.org\/{rel}","templated":true}]}}