{"id":57090,"date":"2026-01-27T10:55:59","date_gmt":"2026-01-27T10:55:59","guid":{"rendered":"https:\/\/testwebsite.citygame.com\/games\/unknown-location\/secrets-of-delft\/"},"modified":"2026-04-07T23:48:29","modified_gmt":"2026-04-07T23:48:29","slug":"secrets-of-delft","status":"publish","type":"product","link":"https:\/\/testwebsite.citygame.com\/pl\/games\/delft\/secrets-of-delft\/","title":{"rendered":"Secrets of Delft"},"content":{"rendered":"<p>Gra miejska Delft to samodzielna gra oparta na GPS, kt\u00f3ra rozgrywa si\u0119 w historycznym centrum Delft. U\u017cywaj\u0105c smartfona, b\u0119dziesz odkrywa\u0107 miasto, rozwi\u0105zuj\u0105c \u0142amig\u0142\u00f3wki, zagadki i bior\u0105c udzia\u0142 w wyzwaniach fotograficznych, kt\u00f3re ujawni\u0105 ukryte szczeg\u00f3\u0142y i lokalne historie. Ta samodzielna gra miejska oferuje interaktywny spos\u00f3b na poznanie historii, kultury i architektury Delft podczas poruszania si\u0119 po jego urokliwych ulicach. To idealna gra eksploracyjna zar\u00f3wno dla turyst\u00f3w, jak i mieszka\u0144c\u00f3w, doskonale sprawdza si\u0119 podczas gry solo, z partnerem, rodzin\u0105 lub grup\u0105 przyjaci\u00f3\u0142. Zaprojektowana z my\u015bl\u0105 o elastyczno\u015bci i odkrywaniu, ta gra oparta na GPS pozwala do\u015bwiadczy\u0107 Delft w zabawny i znacz\u0105cy spos\u00f3b.<\/p>\n","protected":false},"excerpt":{"rendered":"<p>Odkryj ol\u015bniewaj\u0105ce uroki Delft! Przemierz fascynuj\u0105ce miasto przesi\u0105kni\u0119te dziedzictwem artystycznym i pionierskimi innowacjami technicznymi, gdzie stuletnie piece ceramiczne \u0142\u0105cz\u0105 si\u0119 z najnowocze\u015bniejszymi centrami technologicznymi. Gdy po\u0142\u0105czysz kropki intryguj\u0105cych zagadek, Delft odkryje swoje dobrze zachowane sekrety po\u015br\u00f3d urokliwych kana\u0142\u00f3w i malowniczych plac\u00f3w targowych \u2013 miej oczy szeroko otwarte, ekscytuj\u0105ca niespodzianka czeka przy ka\u017cdym szczycie dachu.<\/p>\n","protected":false},"featured_media":4497,"template":"","meta":{"_acf_changed":false,"_yoast_wpseo_focuskw":"Secrets of Delft","_yoast_wpseo_metadesc":"Secrets of Delft. Zagraj w samodzieln\u0105 Gr\u0119 Miejsk\u0105 i odkrywaj miasto poprzez \u0142amig\u0142\u00f3wki, zagadki i wyzwania. Graj we w\u0142asnym tempie i odkrywaj jak miejscowy!","_kad_blocks_custom_css":"","_kad_blocks_head_custom_js":"","_kad_blocks_body_custom_js":"","_kad_blocks_footer_custom_js":"","ghostkit_customizer_options":"","ghostkit_custom_css":"","ghostkit_custom_js_head":"","ghostkit_custom_js_foot":"","ghostkit_typography":"","_kad_post_transparent":"","_kad_post_title":"","_kad_post_layout":"","_kad_post_sidebar_id":"","_kad_post_content_style":"","_kad_post_vertical_padding":"","_kad_post_feature":"","_kad_post_feature_position":"","_kad_post_header":false,"_kad_post_footer":false,"_kad_post_classname":"","_links_to":"","_links_to_target":""},"game-concept":[724],"location":[137],"product_brand":[],"product_cat":[27],"product_tag":[],"class_list":{"0":"post-57090","1":"product","2":"type-product","3":"status-publish","4":"has-post-thumbnail","6":"game-concept-secrets","7":"location-delft","8":"product_cat-geen-categorie","10":"first","11":"instock","12":"shipping-taxable","13":"purchasable","14":"product-type-simple","15":"entry","16":"content-bg","17":"loop-entry"},"acf":{"full_bokun_product_name":"Self-Guided Secrets of Delft Exploration Game","location_name":"Delft","bokun_calendar_widget_code":"<script type=\"text\/javascript\" src=\"https:\/\/widgets.bokun.io\/assets\/javascripts\/apps\/build\/BokunWidgetsLoader.js?bookingChannelUUID=a1e93e96-5232-4734-a595-28405f4b5a31\" async><\/script>\n     \n    <div class=\"bokunWidget\" data-src=\"https:\/\/widgets.bokun.io\/online-sales\/a1e93e96-5232-4734-a595-28405f4b5a31\/experience-calendar\/723500\"><\/div>\n    <noscript>Please enable javascript in your browser to book<\/noscript>","bokun_button_widget_code":"<script type=\"text\/javascript\" src=\"https:\/\/widgets.bokun.io\/assets\/javascripts\/apps\/build\/BokunWidgetsLoader.js?bookingChannelUUID=a1e93e96-5232-4734-a595-28405f4b5a31\" async><\/script>\n      <style> #bokun_ed001e45_5927_4f62_b470_ca766338d083 { display: inline-block; padding: .4em 1em; background: #47b82e; border-radius: 999999px; box-shadow: none; font-weight: 600; font-size: 24px; text-decoration: none; text-align: center; color: #FFFFFF; border:none; cursor: pointer; transition: background .2s ease; } #bokun_ed001e45_5927_4f62_b470_ca766338d083:hover{ background: #2f7b1f; } #bokun_ed001e45_5927_4f62_b470_ca766338d083:active{ background: #378f24; } <\/style> <button class=\"bokunButton\" disabled id=bokun_ed001e45_5927_4f62_b470_ca766338d083 data-src=\"https:\/\/widgets.bokun.io\/online-sales\/a1e93e96-5232-4734-a595-28405f4b5a31\/experience-calendar\/723500?partialView=1\" data-testid=\"widget-book-button\" > Book now <\/button> ","what_you\u2019ll_experience_during_the_game":"Przemierzaj\u0105c Gr\u0119 Miejsk\u0105 'Secrets of Delft', b\u0119dziesz odkrywa\u0107 miasto poprzez po\u0142\u0105czenie opowie\u015bci, wyzwa\u0144 i odkry\u0107. Gra poprowadzi Ci\u0119 zar\u00f3wno przez ikoniczne miejsca, jak i mniej znane zakamarki, oferuj\u0105c \u015bwie\u017ce spojrzenie na historyczne ulice Delft. Do najwa\u017cniejszych punkt\u00f3w na trasie nale\u017c\u0105 wspania\u0142y Nieuwe Kerk, klimatyczne okolice Oude Kerk oraz t\u0119tni\u0105cy \u017cyciem plac Markt. Ka\u017cde miejsce oferuje sw\u00f3j w\u0142asny charakter, \u0142\u0105cz\u0105c Ci\u0119 z przesz\u0142o\u015bci\u0105 i tera\u017aniejszo\u015bci\u0105 Delft w anga\u017cuj\u0105cy i interaktywny spos\u00f3b.\n\nPodczas gry zmierzysz si\u0119 z r\u00f3\u017cnorodnymi wyzwaniami, od sprytnych zagadek i lokalnych ciekawostek po kreatywne zadania fotograficzne. Rozwi\u0105zywanie ich zdobywa punkty, odblokowuje pomocne wskaz\u00f3wki i przybli\u017ca Ci\u0119 do ostatecznej tajemnicy, le\u017c\u0105cej u podstaw Gry Miejskiej. Do\u015bwiadczenie zosta\u0142o zaprojektowane tak, aby by\u0142o elastyczne \u2014 mo\u017cesz zatrzyma\u0107 si\u0119 w dowolnym momencie, zrobi\u0107 sobie przerw\u0119 i kontynuowa\u0107 p\u00f3\u017aniej. Dla tych, kt\u00f3rzy lubi\u0105 rywalizacj\u0119, istnieje r\u00f3wnie\u017c opcja por\u00f3wnania post\u0119p\u00f3w w udost\u0119pnionej tabeli wynik\u00f3w i d\u0105\u017cenia do najlepszego wyniku w Delft.","how_to_play":"Zarezerwuj Gr\u0119 Eksploracyjn\u0105, sprawd\u017a e-mail, kt\u00f3ry wysy\u0142amy Ci z prostymi instrukcjami, pobierz aplikacj\u0119 Loquiz, uzyskaj dost\u0119p do Gry Eksploracyjnej i jeste\u015b got\u00f3w rozpocz\u0105\u0107 swoj\u0105 przygod\u0119 z gr\u0105!","start_location":"Delft, Markt","available_languages":["en","nl","de"],"players_per_group":"1-4","duration":"1.5-2 hours","image_overlay_color_image":"https:\/\/testwebsite.citygame.com\/wp-content\/blogs.dir\/1\/files\/sites\/62\/2026\/01\/SecretsColor.svg","image_overlay_game_logo":"https:\/\/testwebsite.citygame.com\/wp-content\/blogs.dir\/1\/files\/sites\/62\/2026\/01\/SecretsLogo.png","city_page":4481,"woocommerce_general_content":null},"yoast_head":"<!-- This site is optimized with the Yoast SEO Premium plugin v26.2 (Yoast SEO v26.3) - https:\/\/yoast.com\/wordpress\/plugins\/seo\/ -->\n<title>Secrets of Delft - City Game<\/title>\n<meta name=\"description\" content=\"Secrets of Delft. Zagraj w samodzieln\u0105 Gr\u0119 Miejsk\u0105 i odkrywaj miasto poprzez \u0142amig\u0142\u00f3wki, zagadki i wyzwania. Graj we w\u0142asnym tempie i odkrywaj jak miejscowy!\" \/>\n<meta name=\"robots\" content=\"noindex, follow, max-snippet:-1, max-image-preview:large, max-video-preview:-1\" \/>\n<meta property=\"og:locale\" content=\"pl_PL\" \/>\n<meta property=\"og:type\" content=\"article\" \/>\n<meta property=\"og:title\" content=\"Secrets of Delft\" \/>\n<meta property=\"og:description\" content=\"Secrets of Delft. Zagraj w samodzieln\u0105 Gr\u0119 Miejsk\u0105 i odkrywaj miasto poprzez \u0142amig\u0142\u00f3wki, zagadki i wyzwania. Graj we w\u0142asnym tempie i odkrywaj jak miejscowy!\" \/>\n<meta property=\"og:url\" content=\"https:\/\/testwebsite.citygame.com\/pl\/games\/delft\/secrets-of-delft\/\" \/>\n<meta property=\"og:site_name\" content=\"City Game\" \/>\n<meta property=\"article:publisher\" content=\"https:\/\/www.facebook.com\/profile.php?id=100086426226253\" \/>\n<meta property=\"article:modified_time\" content=\"2026-04-07T23:48:29+00:00\" \/>\n<meta property=\"og:image\" content=\"https:\/\/testwebsite.citygame.com\/wp-content\/blogs.dir\/1\/files\/sites\/62\/2026\/01\/group-of-friends-playing-secrets-of-delft-city-game-on-phone.jpg\" \/>\n\t<meta property=\"og:image:width\" content=\"1248\" \/>\n\t<meta property=\"og:image:height\" content=\"832\" \/>\n\t<meta property=\"og:image:type\" content=\"image\/jpeg\" \/>\n<meta name=\"twitter:card\" content=\"summary_large_image\" \/>\n<meta name=\"twitter:label1\" content=\"Szacowany czas czytania\" \/>\n\t<meta name=\"twitter:data1\" content=\"1 minuta\" \/>\n<script type=\"application\/ld+json\" class=\"yoast-schema-graph\">{\"@context\":\"https:\/\/schema.org\",\"@graph\":[{\"@type\":\"WebPage\",\"@id\":\"https:\/\/testwebsite.citygame.com\/pl\/games\/delft\/secrets-of-delft\/\",\"url\":\"https:\/\/testwebsite.citygame.com\/pl\/games\/delft\/secrets-of-delft\/\",\"name\":\"Secrets of Delft - City Game\",\"isPartOf\":{\"@id\":\"https:\/\/testwebsite.upevents.nl\/#website\"},\"primaryImageOfPage\":{\"@id\":\"https:\/\/testwebsite.citygame.com\/pl\/games\/delft\/secrets-of-delft\/#primaryimage\"},\"image\":{\"@id\":\"https:\/\/testwebsite.citygame.com\/pl\/games\/delft\/secrets-of-delft\/#primaryimage\"},\"thumbnailUrl\":\"https:\/\/testwebsite.citygame.com\/wp-content\/blogs.dir\/1\/files\/sites\/62\/2026\/01\/group-of-friends-playing-secrets-of-delft-city-game-on-phone.jpg\",\"datePublished\":\"2026-01-27T10:55:59+00:00\",\"dateModified\":\"2026-04-07T23:48:29+00:00\",\"description\":\"Secrets of Delft. Zagraj w samodzieln\u0105 Gr\u0119 Miejsk\u0105 i odkrywaj miasto poprzez \u0142amig\u0142\u00f3wki, zagadki i wyzwania. Graj we w\u0142asnym tempie i odkrywaj jak miejscowy!\",\"breadcrumb\":{\"@id\":\"https:\/\/testwebsite.citygame.com\/pl\/games\/delft\/secrets-of-delft\/#breadcrumb\"},\"inLanguage\":\"pl-PL\",\"potentialAction\":[{\"@type\":\"ReadAction\",\"target\":[\"https:\/\/testwebsite.citygame.com\/pl\/games\/delft\/secrets-of-delft\/\"]}]},{\"@type\":\"ImageObject\",\"inLanguage\":\"pl-PL\",\"@id\":\"https:\/\/testwebsite.citygame.com\/pl\/games\/delft\/secrets-of-delft\/#primaryimage\",\"url\":\"https:\/\/testwebsite.citygame.com\/wp-content\/blogs.dir\/1\/files\/sites\/62\/2026\/01\/group-of-friends-playing-secrets-of-delft-city-game-on-phone.jpg\",\"contentUrl\":\"https:\/\/testwebsite.citygame.com\/wp-content\/blogs.dir\/1\/files\/sites\/62\/2026\/01\/group-of-friends-playing-secrets-of-delft-city-game-on-phone.jpg\",\"width\":1248,\"height\":832,\"caption\":\"A group of young people laughing together while playing a discovery game on a phone in Delft.\"},{\"@type\":\"BreadcrumbList\",\"@id\":\"https:\/\/testwebsite.citygame.com\/pl\/games\/delft\/secrets-of-delft\/#breadcrumb\",\"itemListElement\":[{\"@type\":\"ListItem\",\"position\":1,\"name\":\"Home\",\"item\":\"https:\/\/testwebsite.citygame.com\/pl\/\"},{\"@type\":\"ListItem\",\"position\":2,\"name\":\"Shop\",\"item\":\"https:\/\/testwebsite.citygame.com\/shop\/\"},{\"@type\":\"ListItem\",\"position\":3,\"name\":\"Secrets of Delft\"}]},{\"@type\":\"WebSite\",\"@id\":\"https:\/\/testwebsite.upevents.nl\/#website\",\"url\":\"https:\/\/testwebsite.upevents.nl\/\",\"name\":\"City Game\",\"description\":\"\",\"publisher\":{\"@id\":\"https:\/\/testwebsite.upevents.nl\/#organization\"},\"alternateName\":\"citygame.com\",\"potentialAction\":[{\"@type\":\"SearchAction\",\"target\":{\"@type\":\"EntryPoint\",\"urlTemplate\":\"https:\/\/testwebsite.upevents.nl\/?s={search_term_string}\"},\"query-input\":{\"@type\":\"PropertyValueSpecification\",\"valueRequired\":true,\"valueName\":\"search_term_string\"}}],\"inLanguage\":\"pl-PL\"},{\"@type\":[\"Organization\",\"Place\"],\"@id\":\"https:\/\/testwebsite.upevents.nl\/#organization\",\"name\":\"City Game\",\"alternateName\":\"citygame.com\",\"url\":\"https:\/\/testwebsite.upevents.nl\/\",\"logo\":{\"@id\":\"https:\/\/testwebsite.citygame.com\/pl\/games\/delft\/secrets-of-delft\/#local-main-organization-logo\"},\"image\":{\"@id\":\"https:\/\/testwebsite.citygame.com\/pl\/games\/delft\/secrets-of-delft\/#local-main-organization-logo\"},\"sameAs\":[\"https:\/\/www.facebook.com\/profile.php?id=100086426226253\",\"https:\/\/www.instagram.com\/citygame_com\",\"https:\/\/www.tiktok.com\/@citygamecom\/\",\"https:\/\/www.linkedin.com\/company\/citygame-com\"],\"description\":\"Turn any city into a playground with our interactive City Games and self-guided tours. Fun, flexible, and ideal for groups and team building.\",\"telephone\":[],\"openingHoursSpecification\":[{\"@type\":\"OpeningHoursSpecification\",\"dayOfWeek\":[\"Monday\",\"Tuesday\",\"Wednesday\",\"Thursday\",\"Friday\",\"Saturday\",\"Sunday\"],\"opens\":\"09:00\",\"closes\":\"17:00\"}]},{\"@type\":\"ImageObject\",\"inLanguage\":\"pl-PL\",\"@id\":\"https:\/\/testwebsite.citygame.com\/pl\/games\/delft\/secrets-of-delft\/#local-main-organization-logo\",\"url\":\"https:\/\/testwebsite.citygame.com\/wp-content\/blogs.dir\/1\/files\/sites\/62\/2025\/10\/CG_LOGO-City-Game.png\",\"contentUrl\":\"https:\/\/testwebsite.citygame.com\/wp-content\/blogs.dir\/1\/files\/sites\/62\/2025\/10\/CG_LOGO-City-Game.png\",\"width\":351,\"height\":377,\"caption\":\"City Game\"}]}<\/script>\n<!-- \/ Yoast SEO Premium plugin. -->","yoast_head_json":{"title":"Secrets of Delft - City Game","description":"Secrets of Delft. Zagraj w samodzieln\u0105 Gr\u0119 Miejsk\u0105 i odkrywaj miasto poprzez \u0142amig\u0142\u00f3wki, zagadki i wyzwania. Graj we w\u0142asnym tempie i odkrywaj jak miejscowy!","robots":{"index":"noindex","follow":"follow","max-snippet":"max-snippet:-1","max-image-preview":"max-image-preview:large","max-video-preview":"max-video-preview:-1"},"og_locale":"pl_PL","og_type":"article","og_title":"Secrets of Delft","og_description":"Secrets of Delft. Zagraj w samodzieln\u0105 Gr\u0119 Miejsk\u0105 i odkrywaj miasto poprzez \u0142amig\u0142\u00f3wki, zagadki i wyzwania. Graj we w\u0142asnym tempie i odkrywaj jak miejscowy!","og_url":"https:\/\/testwebsite.citygame.com\/pl\/games\/delft\/secrets-of-delft\/","og_site_name":"City Game","article_publisher":"https:\/\/www.facebook.com\/profile.php?id=100086426226253","article_modified_time":"2026-04-07T23:48:29+00:00","og_image":[{"width":1248,"height":832,"url":"https:\/\/testwebsite.citygame.com\/wp-content\/blogs.dir\/1\/files\/sites\/62\/2026\/01\/group-of-friends-playing-secrets-of-delft-city-game-on-phone.jpg","type":"image\/jpeg"}],"twitter_card":"summary_large_image","twitter_misc":{"Szacowany czas czytania":"1 minuta"},"schema":{"@context":"https:\/\/schema.org","@graph":[{"@type":"WebPage","@id":"https:\/\/testwebsite.citygame.com\/pl\/games\/delft\/secrets-of-delft\/","url":"https:\/\/testwebsite.citygame.com\/pl\/games\/delft\/secrets-of-delft\/","name":"Secrets of Delft - City Game","isPartOf":{"@id":"https:\/\/testwebsite.upevents.nl\/#website"},"primaryImageOfPage":{"@id":"https:\/\/testwebsite.citygame.com\/pl\/games\/delft\/secrets-of-delft\/#primaryimage"},"image":{"@id":"https:\/\/testwebsite.citygame.com\/pl\/games\/delft\/secrets-of-delft\/#primaryimage"},"thumbnailUrl":"https:\/\/testwebsite.citygame.com\/wp-content\/blogs.dir\/1\/files\/sites\/62\/2026\/01\/group-of-friends-playing-secrets-of-delft-city-game-on-phone.jpg","datePublished":"2026-01-27T10:55:59+00:00","dateModified":"2026-04-07T23:48:29+00:00","description":"Secrets of Delft. Zagraj w samodzieln\u0105 Gr\u0119 Miejsk\u0105 i odkrywaj miasto poprzez \u0142amig\u0142\u00f3wki, zagadki i wyzwania. Graj we w\u0142asnym tempie i odkrywaj jak miejscowy!","breadcrumb":{"@id":"https:\/\/testwebsite.citygame.com\/pl\/games\/delft\/secrets-of-delft\/#breadcrumb"},"inLanguage":"pl-PL","potentialAction":[{"@type":"ReadAction","target":["https:\/\/testwebsite.citygame.com\/pl\/games\/delft\/secrets-of-delft\/"]}]},{"@type":"ImageObject","inLanguage":"pl-PL","@id":"https:\/\/testwebsite.citygame.com\/pl\/games\/delft\/secrets-of-delft\/#primaryimage","url":"https:\/\/testwebsite.citygame.com\/wp-content\/blogs.dir\/1\/files\/sites\/62\/2026\/01\/group-of-friends-playing-secrets-of-delft-city-game-on-phone.jpg","contentUrl":"https:\/\/testwebsite.citygame.com\/wp-content\/blogs.dir\/1\/files\/sites\/62\/2026\/01\/group-of-friends-playing-secrets-of-delft-city-game-on-phone.jpg","width":1248,"height":832,"caption":"A group of young people laughing together while playing a discovery game on a phone in Delft."},{"@type":"BreadcrumbList","@id":"https:\/\/testwebsite.citygame.com\/pl\/games\/delft\/secrets-of-delft\/#breadcrumb","itemListElement":[{"@type":"ListItem","position":1,"name":"Home","item":"https:\/\/testwebsite.citygame.com\/pl\/"},{"@type":"ListItem","position":2,"name":"Shop","item":"https:\/\/testwebsite.citygame.com\/shop\/"},{"@type":"ListItem","position":3,"name":"Secrets of Delft"}]},{"@type":"WebSite","@id":"https:\/\/testwebsite.upevents.nl\/#website","url":"https:\/\/testwebsite.upevents.nl\/","name":"City Game","description":"","publisher":{"@id":"https:\/\/testwebsite.upevents.nl\/#organization"},"alternateName":"citygame.com","potentialAction":[{"@type":"SearchAction","target":{"@type":"EntryPoint","urlTemplate":"https:\/\/testwebsite.upevents.nl\/?s={search_term_string}"},"query-input":{"@type":"PropertyValueSpecification","valueRequired":true,"valueName":"search_term_string"}}],"inLanguage":"pl-PL"},{"@type":["Organization","Place"],"@id":"https:\/\/testwebsite.upevents.nl\/#organization","name":"City Game","alternateName":"citygame.com","url":"https:\/\/testwebsite.upevents.nl\/","logo":{"@id":"https:\/\/testwebsite.citygame.com\/pl\/games\/delft\/secrets-of-delft\/#local-main-organization-logo"},"image":{"@id":"https:\/\/testwebsite.citygame.com\/pl\/games\/delft\/secrets-of-delft\/#local-main-organization-logo"},"sameAs":["https:\/\/www.facebook.com\/profile.php?id=100086426226253","https:\/\/www.instagram.com\/citygame_com","https:\/\/www.tiktok.com\/@citygamecom\/","https:\/\/www.linkedin.com\/company\/citygame-com"],"description":"Turn any city into a playground with our interactive City Games and self-guided tours. Fun, flexible, and ideal for groups and team building.","telephone":[],"openingHoursSpecification":[{"@type":"OpeningHoursSpecification","dayOfWeek":["Monday","Tuesday","Wednesday","Thursday","Friday","Saturday","Sunday"],"opens":"09:00","closes":"17:00"}]},{"@type":"ImageObject","inLanguage":"pl-PL","@id":"https:\/\/testwebsite.citygame.com\/pl\/games\/delft\/secrets-of-delft\/#local-main-organization-logo","url":"https:\/\/testwebsite.citygame.com\/wp-content\/blogs.dir\/1\/files\/sites\/62\/2025\/10\/CG_LOGO-City-Game.png","contentUrl":"https:\/\/testwebsite.citygame.com\/wp-content\/blogs.dir\/1\/files\/sites\/62\/2025\/10\/CG_LOGO-City-Game.png","width":351,"height":377,"caption":"City Game"}]}},"taxonomy_info":{"game-concept":[{"value":724,"label":"Secrets"}],"location":[{"value":137,"label":"Delft"}],"product_cat":[{"value":27,"label":"Geen categorie"}]},"featured_image_src_large":["https:\/\/testwebsite.citygame.com\/wp-content\/blogs.dir\/1\/files\/sites\/62\/2026\/01\/group-of-friends-playing-secrets-of-delft-city-game-on-phone-1024x683.jpg",1024,683,true],"author_info":[],"comment_info":"","_links":{"self":[{"href":"https:\/\/testwebsite.citygame.com\/pl\/wp-json\/wp\/v2\/product\/57090","targetHints":{"allow":["GET"]}}],"collection":[{"href":"https:\/\/testwebsite.citygame.com\/pl\/wp-json\/wp\/v2\/product"}],"about":[{"href":"https:\/\/testwebsite.citygame.com\/pl\/wp-json\/wp\/v2\/types\/product"}],"acf:post":[{"embeddable":true,"href":"https:\/\/testwebsite.citygame.com\/pl\/wp-json\/wp\/v2\/pages\/4481"}],"wp:featuredmedia":[{"embeddable":true,"href":"https:\/\/testwebsite.citygame.com\/pl\/wp-json\/wp\/v2\/media\/4497"}],"wp:attachment":[{"href":"https:\/\/testwebsite.citygame.com\/pl\/wp-json\/wp\/v2\/media?parent=57090"}],"wp:term":[{"taxonomy":"game-concept","embeddable":true,"href":"https:\/\/testwebsite.citygame.com\/pl\/wp-json\/wp\/v2\/game-concept?post=57090"},{"taxonomy":"location","embeddable":true,"href":"https:\/\/testwebsite.citygame.com\/pl\/wp-json\/wp\/v2\/location?post=57090"},{"taxonomy":"product_brand","embeddable":true,"href":"https:\/\/testwebsite.citygame.com\/pl\/wp-json\/wp\/v2\/product_brand?post=57090"},{"taxonomy":"product_cat","embeddable":true,"href":"https:\/\/testwebsite.citygame.com\/pl\/wp-json\/wp\/v2\/product_cat?post=57090"},{"taxonomy":"product_tag","embeddable":true,"href":"https:\/\/testwebsite.citygame.com\/pl\/wp-json\/wp\/v2\/product_tag?post=57090"}],"curies":[{"name":"wp","href":"https:\/\/api.w.org\/{rel}","templated":true}]}}