{"id":56599,"date":"2026-02-10T16:58:32","date_gmt":"2026-02-10T16:58:32","guid":{"rendered":"https:\/\/testwebsite.citygame.com\/games\/unknown-location\/sherlock-holmes-rhodes\/"},"modified":"2026-04-07T22:58:10","modified_gmt":"2026-04-07T22:58:10","slug":"sherlock-holmes-rhodes","status":"publish","type":"product","link":"https:\/\/testwebsite.citygame.com\/pl\/games\/rhodes\/sherlock-holmes-rhodes\/","title":{"rendered":"Sherlock Holmes Rhodes"},"content":{"rendered":"<p>Wkrocz do \u015bwiata Sherlocka Holmesa dzi\u0119ki samodzielnej, opartej na fabule grze miejskiej typu mordercza zagadka, osadzonej w historycznym centrum Rodos. Poruszaj\u0105c si\u0119 po ulicach w trakcie rozwijaj\u0105cego si\u0119 \u015bledztwa, b\u0119dziesz zbiera\u0107 wskaz\u00f3wki, rozwi\u0105zywa\u0107 skomplikowane \u0142amig\u0142\u00f3wki i przes\u0142uchiwa\u0107 cyfrowych podejrzanych, aby odkry\u0107 prawd\u0119 stoj\u0105c\u0105 za morderstwem, kt\u00f3re mia\u0142o miejsce podczas Liberty Festival. Zaprojektowana jako wci\u0105gaj\u0105ce do\u015bwiadczenie detektywistyczne, gra pozwala na eksplorowanie sprawy we w\u0142asnym tempie, staj\u0105c si\u0119 centraln\u0105 postaci\u0105 w zagadce.<\/p>\n","protected":false},"excerpt":{"rendered":"<p>Wyrusz w ekscytuj\u0105c\u0105 podr\u00f3\u017c, wcielaj\u0105c si\u0119 w rol\u0119 Sherlocka Holmesa, by rozwik\u0142a\u0107 porywaj\u0105c\u0105, samodzieln\u0105 zagadk\u0119 morderstwa na Rodos. Twoim zadaniem jest pod\u0105\u017canie za nieuchwytnymi wskaz\u00f3wkami, rozwi\u0105zywanie wymagaj\u0105cych \u0142amig\u0142\u00f3wek i odkrycie prawdy wraz ze swoim zespo\u0142em \u2013 czas to pieni\u0105dz!<\/p>\n","protected":false},"featured_media":11943,"template":"","meta":{"_acf_changed":false,"_yoast_wpseo_focuskw":"Sherlock Holmes Rhodes","_yoast_wpseo_metadesc":"Sherlock Holmes Rhodes. Zagraj w samodzieln\u0105 gr\u0119 miejsk\u0105 typu mordercza zagadka, rozwi\u0105zuj \u0142amig\u0142\u00f3wki, pod\u0105\u017caj za wskaz\u00f3wkami i odkryj morderc\u0119 we w\u0142asnym tempie!","_kad_blocks_custom_css":"","_kad_blocks_head_custom_js":"","_kad_blocks_body_custom_js":"","_kad_blocks_footer_custom_js":"","ghostkit_customizer_options":"","ghostkit_custom_css":"","ghostkit_custom_js_head":"","ghostkit_custom_js_foot":"","ghostkit_typography":"","_kad_post_transparent":"","_kad_post_title":"","_kad_post_layout":"","_kad_post_sidebar_id":"","_kad_post_content_style":"","_kad_post_vertical_padding":"","_kad_post_feature":"","_kad_post_feature_position":"","_kad_post_header":false,"_kad_post_footer":false,"_kad_post_classname":"","_links_to":"","_links_to_target":""},"game-concept":[785],"location":[342],"product_brand":[],"product_cat":[27],"product_tag":[],"class_list":{"0":"post-56599","1":"product","2":"type-product","3":"status-publish","4":"has-post-thumbnail","6":"game-concept-sherlock","7":"location-rhodes","8":"product_cat-geen-categorie","10":"first","11":"instock","12":"shipping-taxable","13":"purchasable","14":"product-type-simple","15":"entry","16":"content-bg","17":"loop-entry"},"acf":{"full_bokun_product_name":"Rhodes Self-Guided Sherlock Holmes Murder Mystery Game","location_name":"Rhodes","bokun_calendar_widget_code":"<script type=\"text\/javascript\" src=\"https:\/\/widgets.bokun.io\/assets\/javascripts\/apps\/build\/BokunWidgetsLoader.js?bookingChannelUUID=a1e93e96-5232-4734-a595-28405f4b5a31\" async><\/script>\n     \n    <div class=\"bokunWidget\" data-src=\"https:\/\/widgets.bokun.io\/online-sales\/a1e93e96-5232-4734-a595-28405f4b5a31\/experience-calendar\/771576\"><\/div>\n    <noscript>Please enable javascript in your browser to book<\/noscript>","bokun_button_widget_code":"<script type=\"text\/javascript\" src=\"https:\/\/widgets.bokun.io\/assets\/javascripts\/apps\/build\/BokunWidgetsLoader.js?bookingChannelUUID=a1e93e96-5232-4734-a595-28405f4b5a31\" async><\/script>\n      <style> #bokun_ed001e45_5927_4f62_b470_ca766338d083 { display: inline-block; padding: .4em 1em; background: #47b82e; border-radius: 999999px; box-shadow: none; font-weight: 600; font-size: 24px; text-decoration: none; text-align: center; color: #FFFFFF; border:none; cursor: pointer; transition: background .2s ease; } #bokun_ed001e45_5927_4f62_b470_ca766338d083:hover{ background: #2f7b1f; } #bokun_ed001e45_5927_4f62_b470_ca766338d083:active{ background: #378f24; } <\/style> <button class=\"bokunButton\" disabled id=bokun_ed001e45_5927_4f62_b470_ca766338d083 data-src=\"https:\/\/widgets.bokun.io\/online-sales\/a1e93e96-5232-4734-a595-28405f4b5a31\/experience-calendar\/771576?partialView=1\" data-testid=\"widget-book-button\" > Book now <\/button> ","what_you\u2019ll_experience_during_the_game":"Wkroczysz w porywaj\u0105c\u0105 histori\u0119 detektywistyczn\u0105 osadzon\u0105 w sercu Rodos, gdzie ka\u017cda ulica mo\u017ce skrywa\u0107 sekret, a ka\u017cda wskaz\u00f3wka mo\u017ce przybli\u017cy\u0107 Ci\u0119 do rozwi\u0105zania sprawy. Gdy rozwijaj\u0105ca si\u0119, mro\u017c\u0105ca krew w \u017cy\u0142ach tajemnica morderstwa na Liberty Festival b\u0119dzie si\u0119 rozwija\u0107, b\u0119dziesz porusza\u0107 si\u0119 po mie\u015bcie, odkrywaj\u0105c nowe \u0142amig\u0142\u00f3wki, ukryte dowody i nieoczekiwane zwroty akcji, kt\u00f3re pog\u0142\u0119bi\u0105 intryg\u0119 z ka\u017cdym krokiem.\n\nB\u0119dziesz przes\u0142uchiwa\u0107 cyfrowych podejrzanych, analizowa\u0107 sprzeczne alibi i wykorzystywa\u0107 bystr\u0105 obserwacj\u0119, aby wykry\u0107 k\u0142amstwa lub niesp\u00f3jno\u015bci. Do\u015bwiadczenie jest w pe\u0142ni oparte na fabule, co wyzwie Ci\u0119 do krytycznego my\u015blenia i wyci\u0105gania wniosk\u00f3w jak prawdziwy \u015bledczy. Niezale\u017cnie od tego, czy pracujesz samodzielnie, czy w zespole, to Ty ustalasz tempo \u2014 zatrzymaj i kontynuuj spraw\u0119, kiedy tylko zechcesz. Pozosta\u0144 skupiony, po\u0142\u0105cz elementy prawdy i udowodnij, \u017ce masz to, czego potrzeba, aby zamkn\u0105\u0107 spraw\u0119 na Rodos.","how_to_play":"Graj samodzielnie lub z przyjaci\u00f3\u0142mi, rodzin\u0105 lub wsp\u00f3\u0142pracownikami w zespo\u0142ach do czterech os\u00f3b na urz\u0105dzenie. Po dokonaniu rezerwacji otrzymasz e-mail z instrukcjami zawieraj\u0105cymi wszystko, czego potrzebujesz.","start_location":"Rhodes, Modern Greek Art Museum of Rhodes","available_languages":["en","es","fr","de","it","nl"],"players_per_group":"1-4","duration":"1.5-2 hours","image_overlay_color_image":"https:\/\/testwebsite.citygame.com\/wp-content\/blogs.dir\/1\/files\/sites\/62\/2026\/01\/SherlockColor.svg","image_overlay_game_logo":"https:\/\/testwebsite.citygame.com\/wp-content\/blogs.dir\/1\/files\/sites\/62\/2026\/01\/SherlockLogo.png","city_page":8875,"woocommerce_general_content":null},"yoast_head":"<!-- This site is optimized with the Yoast SEO Premium plugin v26.2 (Yoast SEO v26.3) - https:\/\/yoast.com\/wordpress\/plugins\/seo\/ -->\n<title>Sherlock Holmes Rhodes - City Game<\/title>\n<meta name=\"description\" content=\"Sherlock Holmes Rhodes. Zagraj w samodzieln\u0105 gr\u0119 miejsk\u0105 typu mordercza zagadka, rozwi\u0105zuj \u0142amig\u0142\u00f3wki, pod\u0105\u017caj za wskaz\u00f3wkami i odkryj morderc\u0119 we w\u0142asnym tempie!\" \/>\n<meta name=\"robots\" content=\"noindex, follow, max-snippet:-1, max-image-preview:large, max-video-preview:-1\" \/>\n<meta property=\"og:locale\" content=\"pl_PL\" \/>\n<meta property=\"og:type\" content=\"article\" \/>\n<meta property=\"og:title\" content=\"Sherlock Holmes Rhodes\" \/>\n<meta property=\"og:description\" content=\"Sherlock Holmes Rhodes. Zagraj w samodzieln\u0105 gr\u0119 miejsk\u0105 typu mordercza zagadka, rozwi\u0105zuj \u0142amig\u0142\u00f3wki, pod\u0105\u017caj za wskaz\u00f3wkami i odkryj morderc\u0119 we w\u0142asnym tempie!\" \/>\n<meta property=\"og:url\" content=\"https:\/\/testwebsite.citygame.com\/pl\/games\/rhodes\/sherlock-holmes-rhodes\/\" \/>\n<meta property=\"og:site_name\" content=\"City Game\" \/>\n<meta property=\"article:publisher\" content=\"https:\/\/www.facebook.com\/profile.php?id=100086426226253\" \/>\n<meta property=\"article:modified_time\" content=\"2026-04-07T22:58:10+00:00\" \/>\n<meta property=\"og:image\" content=\"https:\/\/testwebsite.citygame.com\/wp-content\/blogs.dir\/1\/files\/sites\/62\/2026\/02\/man-exploring-rhodes-old-town-street-with-phone.jpg\" \/>\n\t<meta property=\"og:image:width\" content=\"1344\" \/>\n\t<meta property=\"og:image:height\" content=\"768\" \/>\n\t<meta property=\"og:image:type\" content=\"image\/jpeg\" \/>\n<meta name=\"twitter:card\" content=\"summary_large_image\" \/>\n<script type=\"application\/ld+json\" class=\"yoast-schema-graph\">{\"@context\":\"https:\/\/schema.org\",\"@graph\":[{\"@type\":\"WebPage\",\"@id\":\"https:\/\/testwebsite.citygame.com\/pl\/games\/rhodes\/sherlock-holmes-rhodes\/\",\"url\":\"https:\/\/testwebsite.citygame.com\/pl\/games\/rhodes\/sherlock-holmes-rhodes\/\",\"name\":\"Sherlock Holmes Rhodes - City Game\",\"isPartOf\":{\"@id\":\"https:\/\/testwebsite.upevents.nl\/#website\"},\"primaryImageOfPage\":{\"@id\":\"https:\/\/testwebsite.citygame.com\/pl\/games\/rhodes\/sherlock-holmes-rhodes\/#primaryimage\"},\"image\":{\"@id\":\"https:\/\/testwebsite.citygame.com\/pl\/games\/rhodes\/sherlock-holmes-rhodes\/#primaryimage\"},\"thumbnailUrl\":\"https:\/\/testwebsite.citygame.com\/wp-content\/blogs.dir\/1\/files\/sites\/62\/2026\/02\/man-exploring-rhodes-old-town-street-with-phone.jpg\",\"datePublished\":\"2026-02-10T16:58:32+00:00\",\"dateModified\":\"2026-04-07T22:58:10+00:00\",\"description\":\"Sherlock Holmes Rhodes. Zagraj w samodzieln\u0105 gr\u0119 miejsk\u0105 typu mordercza zagadka, rozwi\u0105zuj \u0142amig\u0142\u00f3wki, pod\u0105\u017caj za wskaz\u00f3wkami i odkryj morderc\u0119 we w\u0142asnym tempie!\",\"breadcrumb\":{\"@id\":\"https:\/\/testwebsite.citygame.com\/pl\/games\/rhodes\/sherlock-holmes-rhodes\/#breadcrumb\"},\"inLanguage\":\"pl-PL\",\"potentialAction\":[{\"@type\":\"ReadAction\",\"target\":[\"https:\/\/testwebsite.citygame.com\/pl\/games\/rhodes\/sherlock-holmes-rhodes\/\"]}]},{\"@type\":\"ImageObject\",\"inLanguage\":\"pl-PL\",\"@id\":\"https:\/\/testwebsite.citygame.com\/pl\/games\/rhodes\/sherlock-holmes-rhodes\/#primaryimage\",\"url\":\"https:\/\/testwebsite.citygame.com\/wp-content\/blogs.dir\/1\/files\/sites\/62\/2026\/02\/man-exploring-rhodes-old-town-street-with-phone.jpg\",\"contentUrl\":\"https:\/\/testwebsite.citygame.com\/wp-content\/blogs.dir\/1\/files\/sites\/62\/2026\/02\/man-exploring-rhodes-old-town-street-with-phone.jpg\",\"width\":1344,\"height\":768,\"caption\":\"A visitor navigates the narrow, historic streets of the Old Town of Rhodes with a smartphone.\"},{\"@type\":\"BreadcrumbList\",\"@id\":\"https:\/\/testwebsite.citygame.com\/pl\/games\/rhodes\/sherlock-holmes-rhodes\/#breadcrumb\",\"itemListElement\":[{\"@type\":\"ListItem\",\"position\":1,\"name\":\"Home\",\"item\":\"https:\/\/testwebsite.citygame.com\/pl\/\"},{\"@type\":\"ListItem\",\"position\":2,\"name\":\"Shop\",\"item\":\"https:\/\/testwebsite.citygame.com\/shop\/\"},{\"@type\":\"ListItem\",\"position\":3,\"name\":\"Sherlock Holmes Rhodes\"}]},{\"@type\":\"WebSite\",\"@id\":\"https:\/\/testwebsite.upevents.nl\/#website\",\"url\":\"https:\/\/testwebsite.upevents.nl\/\",\"name\":\"City Game\",\"description\":\"\",\"publisher\":{\"@id\":\"https:\/\/testwebsite.upevents.nl\/#organization\"},\"alternateName\":\"citygame.com\",\"potentialAction\":[{\"@type\":\"SearchAction\",\"target\":{\"@type\":\"EntryPoint\",\"urlTemplate\":\"https:\/\/testwebsite.upevents.nl\/?s={search_term_string}\"},\"query-input\":{\"@type\":\"PropertyValueSpecification\",\"valueRequired\":true,\"valueName\":\"search_term_string\"}}],\"inLanguage\":\"pl-PL\"},{\"@type\":[\"Organization\",\"Place\"],\"@id\":\"https:\/\/testwebsite.upevents.nl\/#organization\",\"name\":\"City Game\",\"alternateName\":\"citygame.com\",\"url\":\"https:\/\/testwebsite.upevents.nl\/\",\"logo\":{\"@id\":\"https:\/\/testwebsite.citygame.com\/pl\/games\/rhodes\/sherlock-holmes-rhodes\/#local-main-organization-logo\"},\"image\":{\"@id\":\"https:\/\/testwebsite.citygame.com\/pl\/games\/rhodes\/sherlock-holmes-rhodes\/#local-main-organization-logo\"},\"sameAs\":[\"https:\/\/www.facebook.com\/profile.php?id=100086426226253\",\"https:\/\/www.instagram.com\/citygame_com\",\"https:\/\/www.tiktok.com\/@citygamecom\/\",\"https:\/\/www.linkedin.com\/company\/citygame-com\"],\"description\":\"Turn any city into a playground with our interactive City Games and self-guided tours. Fun, flexible, and ideal for groups and team building.\",\"telephone\":[],\"openingHoursSpecification\":[{\"@type\":\"OpeningHoursSpecification\",\"dayOfWeek\":[\"Monday\",\"Tuesday\",\"Wednesday\",\"Thursday\",\"Friday\",\"Saturday\",\"Sunday\"],\"opens\":\"09:00\",\"closes\":\"17:00\"}]},{\"@type\":\"ImageObject\",\"inLanguage\":\"pl-PL\",\"@id\":\"https:\/\/testwebsite.citygame.com\/pl\/games\/rhodes\/sherlock-holmes-rhodes\/#local-main-organization-logo\",\"url\":\"https:\/\/testwebsite.citygame.com\/wp-content\/blogs.dir\/1\/files\/sites\/62\/2025\/10\/CG_LOGO-City-Game.png\",\"contentUrl\":\"https:\/\/testwebsite.citygame.com\/wp-content\/blogs.dir\/1\/files\/sites\/62\/2025\/10\/CG_LOGO-City-Game.png\",\"width\":351,\"height\":377,\"caption\":\"City Game\"}]}<\/script>\n<!-- \/ Yoast SEO Premium plugin. -->","yoast_head_json":{"title":"Sherlock Holmes Rhodes - City Game","description":"Sherlock Holmes Rhodes. Zagraj w samodzieln\u0105 gr\u0119 miejsk\u0105 typu mordercza zagadka, rozwi\u0105zuj \u0142amig\u0142\u00f3wki, pod\u0105\u017caj za wskaz\u00f3wkami i odkryj morderc\u0119 we w\u0142asnym tempie!","robots":{"index":"noindex","follow":"follow","max-snippet":"max-snippet:-1","max-image-preview":"max-image-preview:large","max-video-preview":"max-video-preview:-1"},"og_locale":"pl_PL","og_type":"article","og_title":"Sherlock Holmes Rhodes","og_description":"Sherlock Holmes Rhodes. Zagraj w samodzieln\u0105 gr\u0119 miejsk\u0105 typu mordercza zagadka, rozwi\u0105zuj \u0142amig\u0142\u00f3wki, pod\u0105\u017caj za wskaz\u00f3wkami i odkryj morderc\u0119 we w\u0142asnym tempie!","og_url":"https:\/\/testwebsite.citygame.com\/pl\/games\/rhodes\/sherlock-holmes-rhodes\/","og_site_name":"City Game","article_publisher":"https:\/\/www.facebook.com\/profile.php?id=100086426226253","article_modified_time":"2026-04-07T22:58:10+00:00","og_image":[{"width":1344,"height":768,"url":"https:\/\/testwebsite.citygame.com\/wp-content\/blogs.dir\/1\/files\/sites\/62\/2026\/02\/man-exploring-rhodes-old-town-street-with-phone.jpg","type":"image\/jpeg"}],"twitter_card":"summary_large_image","schema":{"@context":"https:\/\/schema.org","@graph":[{"@type":"WebPage","@id":"https:\/\/testwebsite.citygame.com\/pl\/games\/rhodes\/sherlock-holmes-rhodes\/","url":"https:\/\/testwebsite.citygame.com\/pl\/games\/rhodes\/sherlock-holmes-rhodes\/","name":"Sherlock Holmes Rhodes - City Game","isPartOf":{"@id":"https:\/\/testwebsite.upevents.nl\/#website"},"primaryImageOfPage":{"@id":"https:\/\/testwebsite.citygame.com\/pl\/games\/rhodes\/sherlock-holmes-rhodes\/#primaryimage"},"image":{"@id":"https:\/\/testwebsite.citygame.com\/pl\/games\/rhodes\/sherlock-holmes-rhodes\/#primaryimage"},"thumbnailUrl":"https:\/\/testwebsite.citygame.com\/wp-content\/blogs.dir\/1\/files\/sites\/62\/2026\/02\/man-exploring-rhodes-old-town-street-with-phone.jpg","datePublished":"2026-02-10T16:58:32+00:00","dateModified":"2026-04-07T22:58:10+00:00","description":"Sherlock Holmes Rhodes. Zagraj w samodzieln\u0105 gr\u0119 miejsk\u0105 typu mordercza zagadka, rozwi\u0105zuj \u0142amig\u0142\u00f3wki, pod\u0105\u017caj za wskaz\u00f3wkami i odkryj morderc\u0119 we w\u0142asnym tempie!","breadcrumb":{"@id":"https:\/\/testwebsite.citygame.com\/pl\/games\/rhodes\/sherlock-holmes-rhodes\/#breadcrumb"},"inLanguage":"pl-PL","potentialAction":[{"@type":"ReadAction","target":["https:\/\/testwebsite.citygame.com\/pl\/games\/rhodes\/sherlock-holmes-rhodes\/"]}]},{"@type":"ImageObject","inLanguage":"pl-PL","@id":"https:\/\/testwebsite.citygame.com\/pl\/games\/rhodes\/sherlock-holmes-rhodes\/#primaryimage","url":"https:\/\/testwebsite.citygame.com\/wp-content\/blogs.dir\/1\/files\/sites\/62\/2026\/02\/man-exploring-rhodes-old-town-street-with-phone.jpg","contentUrl":"https:\/\/testwebsite.citygame.com\/wp-content\/blogs.dir\/1\/files\/sites\/62\/2026\/02\/man-exploring-rhodes-old-town-street-with-phone.jpg","width":1344,"height":768,"caption":"A visitor navigates the narrow, historic streets of the Old Town of Rhodes with a smartphone."},{"@type":"BreadcrumbList","@id":"https:\/\/testwebsite.citygame.com\/pl\/games\/rhodes\/sherlock-holmes-rhodes\/#breadcrumb","itemListElement":[{"@type":"ListItem","position":1,"name":"Home","item":"https:\/\/testwebsite.citygame.com\/pl\/"},{"@type":"ListItem","position":2,"name":"Shop","item":"https:\/\/testwebsite.citygame.com\/shop\/"},{"@type":"ListItem","position":3,"name":"Sherlock Holmes Rhodes"}]},{"@type":"WebSite","@id":"https:\/\/testwebsite.upevents.nl\/#website","url":"https:\/\/testwebsite.upevents.nl\/","name":"City Game","description":"","publisher":{"@id":"https:\/\/testwebsite.upevents.nl\/#organization"},"alternateName":"citygame.com","potentialAction":[{"@type":"SearchAction","target":{"@type":"EntryPoint","urlTemplate":"https:\/\/testwebsite.upevents.nl\/?s={search_term_string}"},"query-input":{"@type":"PropertyValueSpecification","valueRequired":true,"valueName":"search_term_string"}}],"inLanguage":"pl-PL"},{"@type":["Organization","Place"],"@id":"https:\/\/testwebsite.upevents.nl\/#organization","name":"City Game","alternateName":"citygame.com","url":"https:\/\/testwebsite.upevents.nl\/","logo":{"@id":"https:\/\/testwebsite.citygame.com\/pl\/games\/rhodes\/sherlock-holmes-rhodes\/#local-main-organization-logo"},"image":{"@id":"https:\/\/testwebsite.citygame.com\/pl\/games\/rhodes\/sherlock-holmes-rhodes\/#local-main-organization-logo"},"sameAs":["https:\/\/www.facebook.com\/profile.php?id=100086426226253","https:\/\/www.instagram.com\/citygame_com","https:\/\/www.tiktok.com\/@citygamecom\/","https:\/\/www.linkedin.com\/company\/citygame-com"],"description":"Turn any city into a playground with our interactive City Games and self-guided tours. Fun, flexible, and ideal for groups and team building.","telephone":[],"openingHoursSpecification":[{"@type":"OpeningHoursSpecification","dayOfWeek":["Monday","Tuesday","Wednesday","Thursday","Friday","Saturday","Sunday"],"opens":"09:00","closes":"17:00"}]},{"@type":"ImageObject","inLanguage":"pl-PL","@id":"https:\/\/testwebsite.citygame.com\/pl\/games\/rhodes\/sherlock-holmes-rhodes\/#local-main-organization-logo","url":"https:\/\/testwebsite.citygame.com\/wp-content\/blogs.dir\/1\/files\/sites\/62\/2025\/10\/CG_LOGO-City-Game.png","contentUrl":"https:\/\/testwebsite.citygame.com\/wp-content\/blogs.dir\/1\/files\/sites\/62\/2025\/10\/CG_LOGO-City-Game.png","width":351,"height":377,"caption":"City Game"}]}},"taxonomy_info":{"game-concept":[{"value":785,"label":"Sherlock"}],"location":[{"value":342,"label":"Rhodes"}],"product_cat":[{"value":27,"label":"Geen categorie"}]},"featured_image_src_large":["https:\/\/testwebsite.citygame.com\/wp-content\/blogs.dir\/1\/files\/sites\/62\/2026\/02\/man-exploring-rhodes-old-town-street-with-phone-1024x585.jpg",1024,585,true],"author_info":[],"comment_info":"","_links":{"self":[{"href":"https:\/\/testwebsite.citygame.com\/pl\/wp-json\/wp\/v2\/product\/56599","targetHints":{"allow":["GET"]}}],"collection":[{"href":"https:\/\/testwebsite.citygame.com\/pl\/wp-json\/wp\/v2\/product"}],"about":[{"href":"https:\/\/testwebsite.citygame.com\/pl\/wp-json\/wp\/v2\/types\/product"}],"acf:post":[{"embeddable":true,"href":"https:\/\/testwebsite.citygame.com\/pl\/wp-json\/wp\/v2\/pages\/8875"}],"wp:featuredmedia":[{"embeddable":true,"href":"https:\/\/testwebsite.citygame.com\/pl\/wp-json\/wp\/v2\/media\/11943"}],"wp:attachment":[{"href":"https:\/\/testwebsite.citygame.com\/pl\/wp-json\/wp\/v2\/media?parent=56599"}],"wp:term":[{"taxonomy":"game-concept","embeddable":true,"href":"https:\/\/testwebsite.citygame.com\/pl\/wp-json\/wp\/v2\/game-concept?post=56599"},{"taxonomy":"location","embeddable":true,"href":"https:\/\/testwebsite.citygame.com\/pl\/wp-json\/wp\/v2\/location?post=56599"},{"taxonomy":"product_brand","embeddable":true,"href":"https:\/\/testwebsite.citygame.com\/pl\/wp-json\/wp\/v2\/product_brand?post=56599"},{"taxonomy":"product_cat","embeddable":true,"href":"https:\/\/testwebsite.citygame.com\/pl\/wp-json\/wp\/v2\/product_cat?post=56599"},{"taxonomy":"product_tag","embeddable":true,"href":"https:\/\/testwebsite.citygame.com\/pl\/wp-json\/wp\/v2\/product_tag?post=56599"}],"curies":[{"name":"wp","href":"https:\/\/api.w.org\/{rel}","templated":true}]}}