{"id":55790,"date":"2026-02-19T11:34:38","date_gmt":"2026-02-19T11:34:38","guid":{"rendered":"https:\/\/testwebsite.citygame.com\/games\/unknown-location\/sherlock-holmes-montpellier\/"},"modified":"2026-04-07T21:32:28","modified_gmt":"2026-04-07T21:32:28","slug":"sherlock-holmes-montpellier","status":"publish","type":"product","link":"https:\/\/testwebsite.citygame.com\/pl\/games\/montpellier\/sherlock-holmes-montpellier\/","title":{"rendered":"Sherlock Holmes Montpellier"},"content":{"rendered":"<p>Zanurz si\u0119 w \u015bwiecie Sherlocka Holmesa dzi\u0119ki samodzielnej, opartej na fabule grze miejskiej Sherlock Holmes City Game, osadzonej w centrum Montpellier. T\u0119tni\u0105ce \u017cyciem miasto zmienia si\u0119 w ca\u0142kowicie wci\u0105gaj\u0105c\u0105 scen\u0119 dla pasjonuj\u0105cego \u015bledztwa detektywistycznego, gdy pod\u0105\u017casz za rozwijaj\u0105c\u0105 si\u0119 narracj\u0105 we w\u0142asnym tempie, na tle pe\u0142nego napi\u0119cia Festiwalu Wolno\u015bci. Rozwi\u0144 swoje umiej\u0119tno\u015bci \u015bledcze, zbieraj\u0105c dowody, przes\u0142uchuj\u0105c cyfrowych podejrzanych i rozszyfrowuj\u0105c zagadki, aby rozwi\u0105za\u0107 tajemnicze morderstwo, a wszystko to do\u015bwiadczaj\u0105c dreszczyku emocji, wcielaj\u0105c si\u0119 w rol\u0119 ikonicznego detektywa.<\/p>\n","protected":false},"excerpt":{"rendered":"<p>Wkrocz w \u015bwiat intrygi i dedukcji jako Sherlock Holmes w porywaj\u0105cej, samodzielnej grze detektywistycznej z zagadk\u0105 morderstwa osadzonej w Montpellier. Po\u0142\u0105cz si\u0142y i wykorzystaj sw\u00f3j spryt, aby pod\u0105\u017ca\u0107 za wskaz\u00f3wkami, rozwi\u0105zywa\u0107 zagadki i sk\u0142ada\u0107 uk\u0142adank\u0119, a odkryjesz szokuj\u0105c\u0105 prawd\u0119, zanim sko\u0144czy si\u0119 czas!<\/p>\n","protected":false},"featured_media":14839,"template":"","meta":{"_acf_changed":false,"_yoast_wpseo_focuskw":"Sherlock Holmes Montpellier","_yoast_wpseo_metadesc":"Sherlock Holmes Montpellier. Zagraj w samodzieln\u0105 gr\u0119 miejsk\u0105 z zagadk\u0105 morderstwa, rozwi\u0105zuj zagadki, pod\u0105\u017caj za wskaz\u00f3wkami i odkryj to\u017csamo\u015b\u0107 mordercy we w\u0142asnym tempie!","_kad_blocks_custom_css":"","_kad_blocks_head_custom_js":"","_kad_blocks_body_custom_js":"","_kad_blocks_footer_custom_js":"","ghostkit_customizer_options":"","ghostkit_custom_css":"","ghostkit_custom_js_head":"","ghostkit_custom_js_foot":"","ghostkit_typography":"","_kad_post_transparent":"","_kad_post_title":"","_kad_post_layout":"","_kad_post_sidebar_id":"","_kad_post_content_style":"","_kad_post_vertical_padding":"","_kad_post_feature":"","_kad_post_feature_position":"","_kad_post_header":false,"_kad_post_footer":false,"_kad_post_classname":"","_links_to":"","_links_to_target":""},"game-concept":[785],"location":[283],"product_brand":[],"product_cat":[27],"product_tag":[],"class_list":{"0":"post-55790","1":"product","2":"type-product","3":"status-publish","4":"has-post-thumbnail","6":"game-concept-sherlock","7":"location-montpellier","8":"product_cat-geen-categorie","10":"first","11":"instock","12":"shipping-taxable","13":"purchasable","14":"product-type-simple","15":"entry","16":"content-bg","17":"loop-entry"},"acf":{"full_bokun_product_name":"Montpellier Self-Guided Sherlock Holmes Murder Mystery Game","location_name":"Montpellier","bokun_calendar_widget_code":"<script type=\"text\/javascript\" src=\"https:\/\/widgets.bokun.io\/assets\/javascripts\/apps\/build\/BokunWidgetsLoader.js?bookingChannelUUID=a1e93e96-5232-4734-a595-28405f4b5a31\" async><\/script>\n     \n    <div class=\"bokunWidget\" data-src=\"https:\/\/widgets.bokun.io\/online-sales\/a1e93e96-5232-4734-a595-28405f4b5a31\/experience-calendar\/771528\"><\/div>\n    <noscript>Please enable javascript in your browser to book<\/noscript>","bokun_button_widget_code":"<script type=\"text\/javascript\" src=\"https:\/\/widgets.bokun.io\/assets\/javascripts\/apps\/build\/BokunWidgetsLoader.js?bookingChannelUUID=a1e93e96-5232-4734-a595-28405f4b5a31\" async><\/script>\n      <style> #bokun_ed001e45_5927_4f62_b470_ca766338d083 { display: inline-block; padding: .4em 1em; background: #47b82e; border-radius: 999999px; box-shadow: none; font-weight: 600; font-size: 24px; text-decoration: none; text-align: center; color: #FFFFFF; border:none; cursor: pointer; transition: background .2s ease; } #bokun_ed001e45_5927_4f62_b470_ca766338d083:hover{ background: #2f7b1f; } #bokun_ed001e45_5927_4f62_b470_ca766338d083:active{ background: #378f24; } <\/style> <button class=\"bokunButton\" disabled id=bokun_ed001e45_5927_4f62_b470_ca766338d083 data-src=\"https:\/\/widgets.bokun.io\/online-sales\/a1e93e96-5232-4734-a595-28405f4b5a31\/experience-calendar\/771528?partialView=1\" data-testid=\"widget-book-button\" > Book now <\/button> ","what_you\u2019ll_experience_during_the_game":"Wyruszaj\u0105c na Sherlock Holmes City Game, zanurzysz si\u0119 w ekscytuj\u0105c\u0105 opowie\u015b\u0107 detektywistyczn\u0105 osadzon\u0105 na tle spektakularnego Montpellier. Ta intryguj\u0105ca historia przeplata si\u0119 z sam\u0105 tkank\u0105 miasta, stopniowo odkrywaj\u0105c jego g\u0142\u0119bi\u0119, gdy pod\u0105\u017casz szlakiem zagadek i napotykasz nieoczekiwane zwroty akcji na ka\u017cdym kroku. Wykorzystaj swoje zdolno\u015bci obserwacji i dedukcji, aby odkry\u0107 kluczowe wskaz\u00f3wki, zaanga\u017cowa\u0107 si\u0119 w rozwi\u0105zywanie skomplikowanych \u0142amig\u0142\u00f3wek i przes\u0142uchiwa\u0107 cyfrowych podejrzanych, aby rozwik\u0142a\u0107 z\u0142o\u017cone alibi i sprzeczno\u015bci wynikaj\u0105ce z ich zezna\u0144. \n\nTa porywaj\u0105ca Sherlock Holmes City Game to bezsprzecznie podr\u00f3\u017c przez mistrzowsko skonstruowan\u0105, w pe\u0142ni fabularn\u0105 i pe\u0142n\u0105 suspensu narracj\u0119. Znajdziesz si\u0119 w samym sercu zagadki morderstwa, kt\u00f3re rozegra\u0142o si\u0119 podczas Liberty Festival w Montpellier. Od ka\u017cdej zagadkowej wskaz\u00f3wki po ka\u017cd\u0105 podejrzan\u0105 posta\u0107, to wy\u015bcig z czasem, aby odkry\u0107 niepokoj\u0105c\u0105 prawd\u0119 kryj\u0105c\u0105 si\u0119 za straszn\u0105 zbrodni\u0105. Najbardziej ekscytuj\u0105c\u0105 cz\u0119\u015bci\u0105 jest to, \u017ce mo\u017cesz podj\u0105\u0107 t\u0119 ekscytuj\u0105c\u0105 podr\u00f3\u017c we w\u0142asnym tempie, pauzuj\u0105c i wznawiaj\u0105c j\u0105, kiedy tylko zechcesz. Je\u015bli masz ochot\u0119 na ma\u0142\u0105 przyjazn\u0105 rywalizacj\u0119, zapro\u015b innych, aby do\u0142\u0105czyli do Ciebie i zobacz, kto pierwszy z\u0142o\u017cy uk\u0142adank\u0119 w ca\u0142o\u015b\u0107.","how_to_play":"Graj solo lub z przyjaci\u00f3\u0142mi, rodzin\u0105 lub kolegami w zespo\u0142ach do czterech os\u00f3b na jedno urz\u0105dzenie. Po dokonaniu rezerwacji otrzymasz e-mail z instrukcjami zawieraj\u0105cy wszystko, czego potrzebujesz.","start_location":"Montpellier, Cour d\u2019Appel de Montepellier","available_languages":["en","nl","es","fr","de","it"],"players_per_group":"1-4","duration":"1.5-2 hours","image_overlay_color_image":"https:\/\/testwebsite.citygame.com\/wp-content\/blogs.dir\/1\/files\/sites\/62\/2026\/01\/SherlockColor.svg","image_overlay_game_logo":"https:\/\/testwebsite.citygame.com\/wp-content\/blogs.dir\/1\/files\/sites\/62\/2026\/01\/SherlockLogo.png","city_page":8790,"woocommerce_general_content":null},"yoast_head":"<!-- This site is optimized with the Yoast SEO Premium plugin v26.2 (Yoast SEO v26.3) - https:\/\/yoast.com\/wordpress\/plugins\/seo\/ -->\n<title>Sherlock Holmes Montpellier - City Game<\/title>\n<meta name=\"description\" content=\"Sherlock Holmes Montpellier. Zagraj w samodzieln\u0105 gr\u0119 miejsk\u0105 z zagadk\u0105 morderstwa, rozwi\u0105zuj zagadki, pod\u0105\u017caj za wskaz\u00f3wkami i odkryj to\u017csamo\u015b\u0107 mordercy we w\u0142asnym tempie!\" \/>\n<meta name=\"robots\" content=\"noindex, follow, max-snippet:-1, max-image-preview:large, max-video-preview:-1\" \/>\n<meta property=\"og:locale\" content=\"pl_PL\" \/>\n<meta property=\"og:type\" content=\"article\" \/>\n<meta property=\"og:title\" content=\"Sherlock Holmes Montpellier\" \/>\n<meta property=\"og:description\" content=\"Sherlock Holmes Montpellier. Zagraj w samodzieln\u0105 gr\u0119 miejsk\u0105 z zagadk\u0105 morderstwa, rozwi\u0105zuj zagadki, pod\u0105\u017caj za wskaz\u00f3wkami i odkryj to\u017csamo\u015b\u0107 mordercy we w\u0142asnym tempie!\" \/>\n<meta property=\"og:url\" content=\"https:\/\/testwebsite.citygame.com\/pl\/games\/montpellier\/sherlock-holmes-montpellier\/\" \/>\n<meta property=\"og:site_name\" content=\"City Game\" \/>\n<meta property=\"article:publisher\" content=\"https:\/\/www.facebook.com\/profile.php?id=100086426226253\" \/>\n<meta property=\"article:modified_time\" content=\"2026-04-07T21:32:28+00:00\" \/>\n<meta property=\"og:image\" content=\"https:\/\/testwebsite.citygame.com\/wp-content\/blogs.dir\/1\/files\/sites\/62\/2026\/02\/montpellier-sherlock-city-game-musee-fabre.jpg\" \/>\n\t<meta property=\"og:image:width\" content=\"1024\" \/>\n\t<meta property=\"og:image:height\" content=\"1024\" \/>\n\t<meta property=\"og:image:type\" content=\"image\/jpeg\" \/>\n<meta name=\"twitter:card\" content=\"summary_large_image\" \/>\n<meta name=\"twitter:label1\" content=\"Szacowany czas czytania\" \/>\n\t<meta name=\"twitter:data1\" content=\"1 minuta\" \/>\n<script type=\"application\/ld+json\" class=\"yoast-schema-graph\">{\"@context\":\"https:\/\/schema.org\",\"@graph\":[{\"@type\":\"WebPage\",\"@id\":\"https:\/\/testwebsite.citygame.com\/pl\/games\/montpellier\/sherlock-holmes-montpellier\/\",\"url\":\"https:\/\/testwebsite.citygame.com\/pl\/games\/montpellier\/sherlock-holmes-montpellier\/\",\"name\":\"Sherlock Holmes Montpellier - City Game\",\"isPartOf\":{\"@id\":\"https:\/\/testwebsite.upevents.nl\/#website\"},\"primaryImageOfPage\":{\"@id\":\"https:\/\/testwebsite.citygame.com\/pl\/games\/montpellier\/sherlock-holmes-montpellier\/#primaryimage\"},\"image\":{\"@id\":\"https:\/\/testwebsite.citygame.com\/pl\/games\/montpellier\/sherlock-holmes-montpellier\/#primaryimage\"},\"thumbnailUrl\":\"https:\/\/testwebsite.citygame.com\/wp-content\/blogs.dir\/1\/files\/sites\/62\/2026\/02\/montpellier-sherlock-city-game-musee-fabre.jpg\",\"datePublished\":\"2026-02-19T11:34:38+00:00\",\"dateModified\":\"2026-04-07T21:32:28+00:00\",\"description\":\"Sherlock Holmes Montpellier. Zagraj w samodzieln\u0105 gr\u0119 miejsk\u0105 z zagadk\u0105 morderstwa, rozwi\u0105zuj zagadki, pod\u0105\u017caj za wskaz\u00f3wkami i odkryj to\u017csamo\u015b\u0107 mordercy we w\u0142asnym tempie!\",\"breadcrumb\":{\"@id\":\"https:\/\/testwebsite.citygame.com\/pl\/games\/montpellier\/sherlock-holmes-montpellier\/#breadcrumb\"},\"inLanguage\":\"pl-PL\",\"potentialAction\":[{\"@type\":\"ReadAction\",\"target\":[\"https:\/\/testwebsite.citygame.com\/pl\/games\/montpellier\/sherlock-holmes-montpellier\/\"]}]},{\"@type\":\"ImageObject\",\"inLanguage\":\"pl-PL\",\"@id\":\"https:\/\/testwebsite.citygame.com\/pl\/games\/montpellier\/sherlock-holmes-montpellier\/#primaryimage\",\"url\":\"https:\/\/testwebsite.citygame.com\/wp-content\/blogs.dir\/1\/files\/sites\/62\/2026\/02\/montpellier-sherlock-city-game-musee-fabre.jpg\",\"contentUrl\":\"https:\/\/testwebsite.citygame.com\/wp-content\/blogs.dir\/1\/files\/sites\/62\/2026\/02\/montpellier-sherlock-city-game-musee-fabre.jpg\",\"width\":1024,\"height\":1024,\"caption\":\"A player uses his smartphone to solve challenges in front of the Mus\u00e9e Fabre in Montpellier.\"},{\"@type\":\"BreadcrumbList\",\"@id\":\"https:\/\/testwebsite.citygame.com\/pl\/games\/montpellier\/sherlock-holmes-montpellier\/#breadcrumb\",\"itemListElement\":[{\"@type\":\"ListItem\",\"position\":1,\"name\":\"Home\",\"item\":\"https:\/\/testwebsite.citygame.com\/pl\/\"},{\"@type\":\"ListItem\",\"position\":2,\"name\":\"Shop\",\"item\":\"https:\/\/testwebsite.citygame.com\/shop\/\"},{\"@type\":\"ListItem\",\"position\":3,\"name\":\"Sherlock Holmes Montpellier\"}]},{\"@type\":\"WebSite\",\"@id\":\"https:\/\/testwebsite.upevents.nl\/#website\",\"url\":\"https:\/\/testwebsite.upevents.nl\/\",\"name\":\"City Game\",\"description\":\"\",\"publisher\":{\"@id\":\"https:\/\/testwebsite.upevents.nl\/#organization\"},\"alternateName\":\"citygame.com\",\"potentialAction\":[{\"@type\":\"SearchAction\",\"target\":{\"@type\":\"EntryPoint\",\"urlTemplate\":\"https:\/\/testwebsite.upevents.nl\/?s={search_term_string}\"},\"query-input\":{\"@type\":\"PropertyValueSpecification\",\"valueRequired\":true,\"valueName\":\"search_term_string\"}}],\"inLanguage\":\"pl-PL\"},{\"@type\":[\"Organization\",\"Place\"],\"@id\":\"https:\/\/testwebsite.upevents.nl\/#organization\",\"name\":\"City Game\",\"alternateName\":\"citygame.com\",\"url\":\"https:\/\/testwebsite.upevents.nl\/\",\"logo\":{\"@id\":\"https:\/\/testwebsite.citygame.com\/pl\/games\/montpellier\/sherlock-holmes-montpellier\/#local-main-organization-logo\"},\"image\":{\"@id\":\"https:\/\/testwebsite.citygame.com\/pl\/games\/montpellier\/sherlock-holmes-montpellier\/#local-main-organization-logo\"},\"sameAs\":[\"https:\/\/www.facebook.com\/profile.php?id=100086426226253\",\"https:\/\/www.instagram.com\/citygame_com\",\"https:\/\/www.tiktok.com\/@citygamecom\/\",\"https:\/\/www.linkedin.com\/company\/citygame-com\"],\"description\":\"Turn any city into a playground with our interactive City Games and self-guided tours. Fun, flexible, and ideal for groups and team building.\",\"telephone\":[],\"openingHoursSpecification\":[{\"@type\":\"OpeningHoursSpecification\",\"dayOfWeek\":[\"Monday\",\"Tuesday\",\"Wednesday\",\"Thursday\",\"Friday\",\"Saturday\",\"Sunday\"],\"opens\":\"09:00\",\"closes\":\"17:00\"}]},{\"@type\":\"ImageObject\",\"inLanguage\":\"pl-PL\",\"@id\":\"https:\/\/testwebsite.citygame.com\/pl\/games\/montpellier\/sherlock-holmes-montpellier\/#local-main-organization-logo\",\"url\":\"https:\/\/testwebsite.citygame.com\/wp-content\/blogs.dir\/1\/files\/sites\/62\/2025\/10\/CG_LOGO-City-Game.png\",\"contentUrl\":\"https:\/\/testwebsite.citygame.com\/wp-content\/blogs.dir\/1\/files\/sites\/62\/2025\/10\/CG_LOGO-City-Game.png\",\"width\":351,\"height\":377,\"caption\":\"City Game\"}]}<\/script>\n<!-- \/ Yoast SEO Premium plugin. -->","yoast_head_json":{"title":"Sherlock Holmes Montpellier - City Game","description":"Sherlock Holmes Montpellier. Zagraj w samodzieln\u0105 gr\u0119 miejsk\u0105 z zagadk\u0105 morderstwa, rozwi\u0105zuj zagadki, pod\u0105\u017caj za wskaz\u00f3wkami i odkryj to\u017csamo\u015b\u0107 mordercy we w\u0142asnym tempie!","robots":{"index":"noindex","follow":"follow","max-snippet":"max-snippet:-1","max-image-preview":"max-image-preview:large","max-video-preview":"max-video-preview:-1"},"og_locale":"pl_PL","og_type":"article","og_title":"Sherlock Holmes Montpellier","og_description":"Sherlock Holmes Montpellier. Zagraj w samodzieln\u0105 gr\u0119 miejsk\u0105 z zagadk\u0105 morderstwa, rozwi\u0105zuj zagadki, pod\u0105\u017caj za wskaz\u00f3wkami i odkryj to\u017csamo\u015b\u0107 mordercy we w\u0142asnym tempie!","og_url":"https:\/\/testwebsite.citygame.com\/pl\/games\/montpellier\/sherlock-holmes-montpellier\/","og_site_name":"City Game","article_publisher":"https:\/\/www.facebook.com\/profile.php?id=100086426226253","article_modified_time":"2026-04-07T21:32:28+00:00","og_image":[{"width":1024,"height":1024,"url":"https:\/\/testwebsite.citygame.com\/wp-content\/blogs.dir\/1\/files\/sites\/62\/2026\/02\/montpellier-sherlock-city-game-musee-fabre.jpg","type":"image\/jpeg"}],"twitter_card":"summary_large_image","twitter_misc":{"Szacowany czas czytania":"1 minuta"},"schema":{"@context":"https:\/\/schema.org","@graph":[{"@type":"WebPage","@id":"https:\/\/testwebsite.citygame.com\/pl\/games\/montpellier\/sherlock-holmes-montpellier\/","url":"https:\/\/testwebsite.citygame.com\/pl\/games\/montpellier\/sherlock-holmes-montpellier\/","name":"Sherlock Holmes Montpellier - City Game","isPartOf":{"@id":"https:\/\/testwebsite.upevents.nl\/#website"},"primaryImageOfPage":{"@id":"https:\/\/testwebsite.citygame.com\/pl\/games\/montpellier\/sherlock-holmes-montpellier\/#primaryimage"},"image":{"@id":"https:\/\/testwebsite.citygame.com\/pl\/games\/montpellier\/sherlock-holmes-montpellier\/#primaryimage"},"thumbnailUrl":"https:\/\/testwebsite.citygame.com\/wp-content\/blogs.dir\/1\/files\/sites\/62\/2026\/02\/montpellier-sherlock-city-game-musee-fabre.jpg","datePublished":"2026-02-19T11:34:38+00:00","dateModified":"2026-04-07T21:32:28+00:00","description":"Sherlock Holmes Montpellier. Zagraj w samodzieln\u0105 gr\u0119 miejsk\u0105 z zagadk\u0105 morderstwa, rozwi\u0105zuj zagadki, pod\u0105\u017caj za wskaz\u00f3wkami i odkryj to\u017csamo\u015b\u0107 mordercy we w\u0142asnym tempie!","breadcrumb":{"@id":"https:\/\/testwebsite.citygame.com\/pl\/games\/montpellier\/sherlock-holmes-montpellier\/#breadcrumb"},"inLanguage":"pl-PL","potentialAction":[{"@type":"ReadAction","target":["https:\/\/testwebsite.citygame.com\/pl\/games\/montpellier\/sherlock-holmes-montpellier\/"]}]},{"@type":"ImageObject","inLanguage":"pl-PL","@id":"https:\/\/testwebsite.citygame.com\/pl\/games\/montpellier\/sherlock-holmes-montpellier\/#primaryimage","url":"https:\/\/testwebsite.citygame.com\/wp-content\/blogs.dir\/1\/files\/sites\/62\/2026\/02\/montpellier-sherlock-city-game-musee-fabre.jpg","contentUrl":"https:\/\/testwebsite.citygame.com\/wp-content\/blogs.dir\/1\/files\/sites\/62\/2026\/02\/montpellier-sherlock-city-game-musee-fabre.jpg","width":1024,"height":1024,"caption":"A player uses his smartphone to solve challenges in front of the Mus\u00e9e Fabre in Montpellier."},{"@type":"BreadcrumbList","@id":"https:\/\/testwebsite.citygame.com\/pl\/games\/montpellier\/sherlock-holmes-montpellier\/#breadcrumb","itemListElement":[{"@type":"ListItem","position":1,"name":"Home","item":"https:\/\/testwebsite.citygame.com\/pl\/"},{"@type":"ListItem","position":2,"name":"Shop","item":"https:\/\/testwebsite.citygame.com\/shop\/"},{"@type":"ListItem","position":3,"name":"Sherlock Holmes Montpellier"}]},{"@type":"WebSite","@id":"https:\/\/testwebsite.upevents.nl\/#website","url":"https:\/\/testwebsite.upevents.nl\/","name":"City Game","description":"","publisher":{"@id":"https:\/\/testwebsite.upevents.nl\/#organization"},"alternateName":"citygame.com","potentialAction":[{"@type":"SearchAction","target":{"@type":"EntryPoint","urlTemplate":"https:\/\/testwebsite.upevents.nl\/?s={search_term_string}"},"query-input":{"@type":"PropertyValueSpecification","valueRequired":true,"valueName":"search_term_string"}}],"inLanguage":"pl-PL"},{"@type":["Organization","Place"],"@id":"https:\/\/testwebsite.upevents.nl\/#organization","name":"City Game","alternateName":"citygame.com","url":"https:\/\/testwebsite.upevents.nl\/","logo":{"@id":"https:\/\/testwebsite.citygame.com\/pl\/games\/montpellier\/sherlock-holmes-montpellier\/#local-main-organization-logo"},"image":{"@id":"https:\/\/testwebsite.citygame.com\/pl\/games\/montpellier\/sherlock-holmes-montpellier\/#local-main-organization-logo"},"sameAs":["https:\/\/www.facebook.com\/profile.php?id=100086426226253","https:\/\/www.instagram.com\/citygame_com","https:\/\/www.tiktok.com\/@citygamecom\/","https:\/\/www.linkedin.com\/company\/citygame-com"],"description":"Turn any city into a playground with our interactive City Games and self-guided tours. Fun, flexible, and ideal for groups and team building.","telephone":[],"openingHoursSpecification":[{"@type":"OpeningHoursSpecification","dayOfWeek":["Monday","Tuesday","Wednesday","Thursday","Friday","Saturday","Sunday"],"opens":"09:00","closes":"17:00"}]},{"@type":"ImageObject","inLanguage":"pl-PL","@id":"https:\/\/testwebsite.citygame.com\/pl\/games\/montpellier\/sherlock-holmes-montpellier\/#local-main-organization-logo","url":"https:\/\/testwebsite.citygame.com\/wp-content\/blogs.dir\/1\/files\/sites\/62\/2025\/10\/CG_LOGO-City-Game.png","contentUrl":"https:\/\/testwebsite.citygame.com\/wp-content\/blogs.dir\/1\/files\/sites\/62\/2025\/10\/CG_LOGO-City-Game.png","width":351,"height":377,"caption":"City Game"}]}},"taxonomy_info":{"game-concept":[{"value":785,"label":"Sherlock"}],"location":[{"value":283,"label":"Montpellier"}],"product_cat":[{"value":27,"label":"Geen categorie"}]},"featured_image_src_large":["https:\/\/testwebsite.citygame.com\/wp-content\/blogs.dir\/1\/files\/sites\/62\/2026\/02\/montpellier-sherlock-city-game-musee-fabre.jpg",1024,1024,false],"author_info":[],"comment_info":"","_links":{"self":[{"href":"https:\/\/testwebsite.citygame.com\/pl\/wp-json\/wp\/v2\/product\/55790","targetHints":{"allow":["GET"]}}],"collection":[{"href":"https:\/\/testwebsite.citygame.com\/pl\/wp-json\/wp\/v2\/product"}],"about":[{"href":"https:\/\/testwebsite.citygame.com\/pl\/wp-json\/wp\/v2\/types\/product"}],"acf:post":[{"embeddable":true,"href":"https:\/\/testwebsite.citygame.com\/pl\/wp-json\/wp\/v2\/pages\/8790"}],"wp:featuredmedia":[{"embeddable":true,"href":"https:\/\/testwebsite.citygame.com\/pl\/wp-json\/wp\/v2\/media\/14839"}],"wp:attachment":[{"href":"https:\/\/testwebsite.citygame.com\/pl\/wp-json\/wp\/v2\/media?parent=55790"}],"wp:term":[{"taxonomy":"game-concept","embeddable":true,"href":"https:\/\/testwebsite.citygame.com\/pl\/wp-json\/wp\/v2\/game-concept?post=55790"},{"taxonomy":"location","embeddable":true,"href":"https:\/\/testwebsite.citygame.com\/pl\/wp-json\/wp\/v2\/location?post=55790"},{"taxonomy":"product_brand","embeddable":true,"href":"https:\/\/testwebsite.citygame.com\/pl\/wp-json\/wp\/v2\/product_brand?post=55790"},{"taxonomy":"product_cat","embeddable":true,"href":"https:\/\/testwebsite.citygame.com\/pl\/wp-json\/wp\/v2\/product_cat?post=55790"},{"taxonomy":"product_tag","embeddable":true,"href":"https:\/\/testwebsite.citygame.com\/pl\/wp-json\/wp\/v2\/product_tag?post=55790"}],"curies":[{"name":"wp","href":"https:\/\/api.w.org\/{rel}","templated":true}]}}