{"id":53611,"date":"2026-02-26T15:08:02","date_gmt":"2026-02-26T15:08:02","guid":{"rendered":"https:\/\/testwebsite.citygame.com\/games\/unknown-location\/secrets-of-bitola\/"},"modified":"2026-04-07T17:18:29","modified_gmt":"2026-04-07T17:18:29","slug":"secrets-of-bitola","status":"publish","type":"product","link":"https:\/\/testwebsite.citygame.com\/pl\/games\/bitola\/secrets-of-bitola\/","title":{"rendered":"Secrets of Bitola"},"content":{"rendered":"<p>Gra &#8220;Secrets of Bitola City Game&#8221; to samodzielna gra eksploracyjna oparta na GPS, kt\u00f3ra rozgrywa si\u0119 w centrum Bitoli. Gracze poruszaj\u0105 si\u0119 po miejskim krajobrazie za pomoc\u0105 smartfon\u00f3w, odkrywaj\u0105c sekrety miasta poprzez rozwi\u0105zywanie intryguj\u0105cych zagadek, \u0142amig\u0142\u00f3wek i udzia\u0142 w wyzwaniach fotograficznych. Podczas gry poznaj\u0105 i doceniaj\u0105 bogat\u0105 histori\u0119 miasta, jego r\u00f3\u017cnorodn\u0105 kultur\u0119 oraz odkrywaj\u0105 ukryte detale, cz\u0119sto pomijane przez innych. Ta gra miejska w Bitoli jest nie tylko dla odwiedzaj\u0105cych, ale tak\u017ce zapewnia \u015bwie\u017c\u0105 i anga\u017cuj\u0105c\u0105 perspektyw\u0119 dla lokalnych mieszka\u0144c\u00f3w. Niezale\u017cnie od tego, czy grasz solo, w parze, z rodzin\u0105 czy grup\u0105 przyjaci\u00f3\u0142, nasza samodzielna gra miejska oferuje przyjemne i wsp\u00f3lne do\u015bwiadczenie edukacyjne dla wszystkich.<\/p>\n","protected":false},"excerpt":{"rendered":"<p>Odkryj odwa\u017cne serce Bitoli! Przemierzaj osma\u0144skie ulice, t\u0119tni\u0105ce \u017cyciem kawiarnie i historyczne zabytki, pomagaj\u0105c Metodiemu Andonowowi-\u010cento odzyska\u0107 zaginiony medal, zwi\u0105zany z walk\u0105 Macedonii o wolno\u015b\u0107, zamieniaj\u0105c ka\u017cd\u0105 wskaz\u00f3wk\u0119 w krok w g\u0142\u0105b pe\u0142nej ducha przesz\u0142o\u015bci miasta!<\/p>\n","protected":false},"featured_media":16122,"template":"","meta":{"_acf_changed":false,"_yoast_wpseo_focuskw":"Secrets of Bitola","_yoast_wpseo_metadesc":"Secrets of Bitola. Zagraj w samodzieln\u0105 Gr\u0119 Miejsk\u0105 i poznaj miasto poprzez zagadki, \u0142amig\u0142\u00f3wki i wyzwania. Graj we w\u0142asnym tempie i odkrywaj jak miejscowy!","_kad_blocks_custom_css":"","_kad_blocks_head_custom_js":"","_kad_blocks_body_custom_js":"","_kad_blocks_footer_custom_js":"","ghostkit_customizer_options":"","ghostkit_custom_css":"","ghostkit_custom_js_head":"","ghostkit_custom_js_foot":"","ghostkit_typography":"","_kad_post_transparent":"default","_kad_post_title":"","_kad_post_layout":"default","_kad_post_sidebar_id":"","_kad_post_content_style":"default","_kad_post_vertical_padding":"default","_kad_post_feature":"","_kad_post_feature_position":"","_kad_post_header":false,"_kad_post_footer":false,"_kad_post_classname":"","_links_to":"","_links_to_target":""},"game-concept":[724],"location":[614],"product_brand":[],"product_cat":[27],"product_tag":[],"class_list":{"0":"post-53611","1":"product","2":"type-product","3":"status-publish","4":"has-post-thumbnail","6":"game-concept-secrets","7":"location-bitola","8":"product_cat-geen-categorie","10":"first","11":"instock","12":"shipping-taxable","13":"purchasable","14":"product-type-simple","15":"entry","16":"content-bg","17":"loop-entry"},"acf":{"full_bokun_product_name":"Self-Guided Secrets of Bitola Exploration Game","location_name":"Bitola","bokun_calendar_widget_code":"<script type=\"text\/javascript\" src=\"https:\/\/widgets.bokun.io\/assets\/javascripts\/apps\/build\/BokunWidgetsLoader.js?bookingChannelUUID=a1e93e96-5232-4734-a595-28405f4b5a31\" async><\/script>\n     \n    <div class=\"bokunWidget\" data-src=\"https:\/\/widgets.bokun.io\/online-sales\/a1e93e96-5232-4734-a595-28405f4b5a31\/experience-calendar\/1121427\"><\/div>\n    <noscript>Please enable javascript in your browser to book<\/noscript>","bokun_button_widget_code":"<script type=\"text\/javascript\" src=\"https:\/\/widgets.bokun.io\/assets\/javascripts\/apps\/build\/BokunWidgetsLoader.js?bookingChannelUUID=a1e93e96-5232-4734-a595-28405f4b5a31\" async><\/script>\n      <style> #bokun_ed001e45_5927_4f62_b470_ca766338d083 { display: inline-block; padding: .4em 1em; background: #47b82e; border-radius: 999999px; box-shadow: none; font-weight: 600; font-size: 24px; text-decoration: none; text-align: center; color: #FFFFFF; border:none; cursor: pointer; transition: background .2s ease; } #bokun_ed001e45_5927_4f62_b470_ca766338d083:hover{ background: #2f7b1f; } #bokun_ed001e45_5927_4f62_b470_ca766338d083:active{ background: #378f24; } <\/style> <button class=\"bokunButton\" disabled id=bokun_ed001e45_5927_4f62_b470_ca766338d083 data-src=\"https:\/\/widgets.bokun.io\/online-sales\/a1e93e96-5232-4734-a595-28405f4b5a31\/experience-calendar\/1121427?partialView=1\" data-testid=\"widget-book-button\" > Book now <\/button> ","what_you\u2019ll_experience_during_the_game":"Wyrusz w ekscytuj\u0105c\u0105 gr\u0119 miejsk\u0105, kt\u00f3ra pi\u0119knie \u0142\u0105czy zwiedzanie z wci\u0105gaj\u0105c\u0105 narracj\u0105 i interaktywnymi wyzwaniami w Bitoli. Przemierzaj\u0105c miasto, natkniesz si\u0119 zar\u00f3wno na ikoniczne zabytki, jak i ukryte pere\u0142ki, kt\u00f3re przyczyniaj\u0105 si\u0119 do duszy Bitoli. Do\u015bwiadcz historycznego uroku Old Orthodox Archbishopric i wsp\u00f3\u0142czesnego wdzi\u0119ku Eco-friendly Electric Buses. Po drodze daj si\u0119 zafascynowa\u0107 Bitola Clock Tower (Saat Kula) i rozkoszuj si\u0119 Tav\u0105, tradycyjnym, wolno gotowanym daniem mi\u0119sno-warzywnym, kt\u00f3re jest podstaw\u0105 kuchni Bitoli. Koniecznie zanurz si\u0119 w hipnotyzuj\u0105cych widokach i d\u017awi\u0119kach Shirok Sokak Pedestrian Street i z\u0142ap oddech na malowniczym Pelagonia Plain Viewpoint.\r\n\r\nZag\u0142\u0119biaj\u0105c si\u0119 w gr\u0119, znajdziesz intryguj\u0105ce zagadki, \u0142amig\u0142\u00f3wki i wyzwania fotograficzne czekaj\u0105ce na pokonanie. Rozwi\u0105zuj\u0105c je, nie tylko zwi\u0119kszysz sw\u00f3j wynik, ale tak\u017ce zdob\u0119dziesz punkty, odblokujesz wskaz\u00f3wki i zbli\u017cysz si\u0119 do rozwik\u0142ania wielkiej tajemnicy. Niezale\u017cnie od tego, czy chcesz gra\u0107 we w\u0142asnym tempie, czy rywalizowa\u0107 o miejsce w tabeli wynik\u00f3w, gr\u0119 mo\u017cna wstrzyma\u0107 w dowolnym momencie i wznowi\u0107 w dogodnym dla Ciebie momencie. Ta gra miejska to co\u015b wi\u0119cej ni\u017c tylko eksploracja Bitoli; to ekscytuj\u0105ca mieszanka tajemnicy, odkry\u0107 i zabawy, wszystko w jednym wci\u0105gaj\u0105cym i przyjemnym pakiecie.","how_to_play":"Po dokonaniu rezerwacji otrzymasz e-mail z bezpo\u015brednim linkiem do gry 'Secrets of Bitola City Game'. Udaj si\u0119 do miejsca startu w Old Orthodox Archbishopric i uruchom gr\u0119 na swoim smartfonie, aby rozpocz\u0105\u0107 podr\u00f3\u017c. Mo\u017cesz gra\u0107 we w\u0142asnym tempie, pauzowa\u0107 kiedy tylko zechcesz i wznowi\u0107 gr\u0119, gdy b\u0119dziesz gotowy.","start_location":"Bitola, Old Orthodox Archbishopric (Mitropolija)","available_languages":"","players_per_group":"1-4","duration":"1.5-2 hours","image_overlay_color_image":"https:\/\/testwebsite.citygame.com\/wp-content\/blogs.dir\/1\/files\/sites\/62\/2026\/01\/SecretsColor.svg","image_overlay_game_logo":"https:\/\/testwebsite.citygame.com\/wp-content\/blogs.dir\/1\/files\/sites\/62\/2026\/01\/SecretsLogo.png","city_page":15776,"woocommerce_general_content":null},"yoast_head":"<!-- This site is optimized with the Yoast SEO Premium plugin v26.2 (Yoast SEO v26.3) - https:\/\/yoast.com\/wordpress\/plugins\/seo\/ -->\n<title>Secrets of Bitola - City Game<\/title>\n<meta name=\"description\" content=\"Secrets of Bitola. Zagraj w samodzieln\u0105 Gr\u0119 Miejsk\u0105 i poznaj miasto poprzez zagadki, \u0142amig\u0142\u00f3wki i wyzwania. Graj we w\u0142asnym tempie i odkrywaj jak miejscowy!\" \/>\n<meta name=\"robots\" content=\"noindex, follow, max-snippet:-1, max-image-preview:large, max-video-preview:-1\" \/>\n<meta property=\"og:locale\" content=\"pl_PL\" \/>\n<meta property=\"og:type\" content=\"article\" \/>\n<meta property=\"og:title\" content=\"Secrets of Bitola\" \/>\n<meta property=\"og:description\" content=\"Secrets of Bitola. Zagraj w samodzieln\u0105 Gr\u0119 Miejsk\u0105 i poznaj miasto poprzez zagadki, \u0142amig\u0142\u00f3wki i wyzwania. Graj we w\u0142asnym tempie i odkrywaj jak miejscowy!\" \/>\n<meta property=\"og:url\" content=\"https:\/\/testwebsite.citygame.com\/pl\/games\/bitola\/secrets-of-bitola\/\" \/>\n<meta property=\"og:site_name\" content=\"City Game\" \/>\n<meta property=\"article:publisher\" content=\"https:\/\/www.facebook.com\/profile.php?id=100086426226253\" \/>\n<meta property=\"article:modified_time\" content=\"2026-04-07T17:18:29+00:00\" \/>\n<meta property=\"og:image\" content=\"https:\/\/testwebsite.citygame.com\/wp-content\/blogs.dir\/1\/files\/sites\/62\/2026\/02\/bitola-group-of-friends-playing-city-game-on-street.jpg\" \/>\n\t<meta property=\"og:image:width\" content=\"1024\" \/>\n\t<meta property=\"og:image:height\" content=\"1024\" \/>\n\t<meta property=\"og:image:type\" content=\"image\/jpeg\" \/>\n<meta name=\"twitter:card\" content=\"summary_large_image\" \/>\n<meta name=\"twitter:label1\" content=\"Szacowany czas czytania\" \/>\n\t<meta name=\"twitter:data1\" content=\"1 minuta\" \/>\n<script type=\"application\/ld+json\" class=\"yoast-schema-graph\">{\"@context\":\"https:\/\/schema.org\",\"@graph\":[{\"@type\":\"WebPage\",\"@id\":\"https:\/\/testwebsite.citygame.com\/pl\/games\/bitola\/secrets-of-bitola\/\",\"url\":\"https:\/\/testwebsite.citygame.com\/pl\/games\/bitola\/secrets-of-bitola\/\",\"name\":\"Secrets of Bitola - City Game\",\"isPartOf\":{\"@id\":\"https:\/\/testwebsite.upevents.nl\/#website\"},\"primaryImageOfPage\":{\"@id\":\"https:\/\/testwebsite.citygame.com\/pl\/games\/bitola\/secrets-of-bitola\/#primaryimage\"},\"image\":{\"@id\":\"https:\/\/testwebsite.citygame.com\/pl\/games\/bitola\/secrets-of-bitola\/#primaryimage\"},\"thumbnailUrl\":\"https:\/\/testwebsite.citygame.com\/wp-content\/blogs.dir\/1\/files\/sites\/62\/2026\/02\/bitola-group-of-friends-playing-city-game-on-street.jpg\",\"datePublished\":\"2026-02-26T15:08:02+00:00\",\"dateModified\":\"2026-04-07T17:18:29+00:00\",\"description\":\"Secrets of Bitola. Zagraj w samodzieln\u0105 Gr\u0119 Miejsk\u0105 i poznaj miasto poprzez zagadki, \u0142amig\u0142\u00f3wki i wyzwania. Graj we w\u0142asnym tempie i odkrywaj jak miejscowy!\",\"breadcrumb\":{\"@id\":\"https:\/\/testwebsite.citygame.com\/pl\/games\/bitola\/secrets-of-bitola\/#breadcrumb\"},\"inLanguage\":\"pl-PL\",\"potentialAction\":[{\"@type\":\"ReadAction\",\"target\":[\"https:\/\/testwebsite.citygame.com\/pl\/games\/bitola\/secrets-of-bitola\/\"]}]},{\"@type\":\"ImageObject\",\"inLanguage\":\"pl-PL\",\"@id\":\"https:\/\/testwebsite.citygame.com\/pl\/games\/bitola\/secrets-of-bitola\/#primaryimage\",\"url\":\"https:\/\/testwebsite.citygame.com\/wp-content\/blogs.dir\/1\/files\/sites\/62\/2026\/02\/bitola-group-of-friends-playing-city-game-on-street.jpg\",\"contentUrl\":\"https:\/\/testwebsite.citygame.com\/wp-content\/blogs.dir\/1\/files\/sites\/62\/2026\/02\/bitola-group-of-friends-playing-city-game-on-street.jpg\",\"width\":1024,\"height\":1024,\"caption\":\"A group of friends uses a smartphone to navigate and play a game in Bitola.\"},{\"@type\":\"BreadcrumbList\",\"@id\":\"https:\/\/testwebsite.citygame.com\/pl\/games\/bitola\/secrets-of-bitola\/#breadcrumb\",\"itemListElement\":[{\"@type\":\"ListItem\",\"position\":1,\"name\":\"Home\",\"item\":\"https:\/\/testwebsite.citygame.com\/pl\/\"},{\"@type\":\"ListItem\",\"position\":2,\"name\":\"Shop\",\"item\":\"https:\/\/testwebsite.citygame.com\/shop\/\"},{\"@type\":\"ListItem\",\"position\":3,\"name\":\"Secrets of Bitola\"}]},{\"@type\":\"WebSite\",\"@id\":\"https:\/\/testwebsite.upevents.nl\/#website\",\"url\":\"https:\/\/testwebsite.upevents.nl\/\",\"name\":\"City Game\",\"description\":\"\",\"publisher\":{\"@id\":\"https:\/\/testwebsite.upevents.nl\/#organization\"},\"alternateName\":\"citygame.com\",\"potentialAction\":[{\"@type\":\"SearchAction\",\"target\":{\"@type\":\"EntryPoint\",\"urlTemplate\":\"https:\/\/testwebsite.upevents.nl\/?s={search_term_string}\"},\"query-input\":{\"@type\":\"PropertyValueSpecification\",\"valueRequired\":true,\"valueName\":\"search_term_string\"}}],\"inLanguage\":\"pl-PL\"},{\"@type\":[\"Organization\",\"Place\"],\"@id\":\"https:\/\/testwebsite.upevents.nl\/#organization\",\"name\":\"City Game\",\"alternateName\":\"citygame.com\",\"url\":\"https:\/\/testwebsite.upevents.nl\/\",\"logo\":{\"@id\":\"https:\/\/testwebsite.citygame.com\/pl\/games\/bitola\/secrets-of-bitola\/#local-main-organization-logo\"},\"image\":{\"@id\":\"https:\/\/testwebsite.citygame.com\/pl\/games\/bitola\/secrets-of-bitola\/#local-main-organization-logo\"},\"sameAs\":[\"https:\/\/www.facebook.com\/profile.php?id=100086426226253\",\"https:\/\/www.instagram.com\/citygame_com\",\"https:\/\/www.tiktok.com\/@citygamecom\/\",\"https:\/\/www.linkedin.com\/company\/citygame-com\"],\"description\":\"Turn any city into a playground with our interactive City Games and self-guided tours. Fun, flexible, and ideal for groups and team building.\",\"telephone\":[],\"openingHoursSpecification\":[{\"@type\":\"OpeningHoursSpecification\",\"dayOfWeek\":[\"Monday\",\"Tuesday\",\"Wednesday\",\"Thursday\",\"Friday\",\"Saturday\",\"Sunday\"],\"opens\":\"09:00\",\"closes\":\"17:00\"}]},{\"@type\":\"ImageObject\",\"inLanguage\":\"pl-PL\",\"@id\":\"https:\/\/testwebsite.citygame.com\/pl\/games\/bitola\/secrets-of-bitola\/#local-main-organization-logo\",\"url\":\"https:\/\/testwebsite.citygame.com\/wp-content\/blogs.dir\/1\/files\/sites\/62\/2025\/10\/CG_LOGO-City-Game.png\",\"contentUrl\":\"https:\/\/testwebsite.citygame.com\/wp-content\/blogs.dir\/1\/files\/sites\/62\/2025\/10\/CG_LOGO-City-Game.png\",\"width\":351,\"height\":377,\"caption\":\"City Game\"}]}<\/script>\n<!-- \/ Yoast SEO Premium plugin. -->","yoast_head_json":{"title":"Secrets of Bitola - City Game","description":"Secrets of Bitola. Zagraj w samodzieln\u0105 Gr\u0119 Miejsk\u0105 i poznaj miasto poprzez zagadki, \u0142amig\u0142\u00f3wki i wyzwania. Graj we w\u0142asnym tempie i odkrywaj jak miejscowy!","robots":{"index":"noindex","follow":"follow","max-snippet":"max-snippet:-1","max-image-preview":"max-image-preview:large","max-video-preview":"max-video-preview:-1"},"og_locale":"pl_PL","og_type":"article","og_title":"Secrets of Bitola","og_description":"Secrets of Bitola. Zagraj w samodzieln\u0105 Gr\u0119 Miejsk\u0105 i poznaj miasto poprzez zagadki, \u0142amig\u0142\u00f3wki i wyzwania. Graj we w\u0142asnym tempie i odkrywaj jak miejscowy!","og_url":"https:\/\/testwebsite.citygame.com\/pl\/games\/bitola\/secrets-of-bitola\/","og_site_name":"City Game","article_publisher":"https:\/\/www.facebook.com\/profile.php?id=100086426226253","article_modified_time":"2026-04-07T17:18:29+00:00","og_image":[{"width":1024,"height":1024,"url":"https:\/\/testwebsite.citygame.com\/wp-content\/blogs.dir\/1\/files\/sites\/62\/2026\/02\/bitola-group-of-friends-playing-city-game-on-street.jpg","type":"image\/jpeg"}],"twitter_card":"summary_large_image","twitter_misc":{"Szacowany czas czytania":"1 minuta"},"schema":{"@context":"https:\/\/schema.org","@graph":[{"@type":"WebPage","@id":"https:\/\/testwebsite.citygame.com\/pl\/games\/bitola\/secrets-of-bitola\/","url":"https:\/\/testwebsite.citygame.com\/pl\/games\/bitola\/secrets-of-bitola\/","name":"Secrets of Bitola - City Game","isPartOf":{"@id":"https:\/\/testwebsite.upevents.nl\/#website"},"primaryImageOfPage":{"@id":"https:\/\/testwebsite.citygame.com\/pl\/games\/bitola\/secrets-of-bitola\/#primaryimage"},"image":{"@id":"https:\/\/testwebsite.citygame.com\/pl\/games\/bitola\/secrets-of-bitola\/#primaryimage"},"thumbnailUrl":"https:\/\/testwebsite.citygame.com\/wp-content\/blogs.dir\/1\/files\/sites\/62\/2026\/02\/bitola-group-of-friends-playing-city-game-on-street.jpg","datePublished":"2026-02-26T15:08:02+00:00","dateModified":"2026-04-07T17:18:29+00:00","description":"Secrets of Bitola. Zagraj w samodzieln\u0105 Gr\u0119 Miejsk\u0105 i poznaj miasto poprzez zagadki, \u0142amig\u0142\u00f3wki i wyzwania. Graj we w\u0142asnym tempie i odkrywaj jak miejscowy!","breadcrumb":{"@id":"https:\/\/testwebsite.citygame.com\/pl\/games\/bitola\/secrets-of-bitola\/#breadcrumb"},"inLanguage":"pl-PL","potentialAction":[{"@type":"ReadAction","target":["https:\/\/testwebsite.citygame.com\/pl\/games\/bitola\/secrets-of-bitola\/"]}]},{"@type":"ImageObject","inLanguage":"pl-PL","@id":"https:\/\/testwebsite.citygame.com\/pl\/games\/bitola\/secrets-of-bitola\/#primaryimage","url":"https:\/\/testwebsite.citygame.com\/wp-content\/blogs.dir\/1\/files\/sites\/62\/2026\/02\/bitola-group-of-friends-playing-city-game-on-street.jpg","contentUrl":"https:\/\/testwebsite.citygame.com\/wp-content\/blogs.dir\/1\/files\/sites\/62\/2026\/02\/bitola-group-of-friends-playing-city-game-on-street.jpg","width":1024,"height":1024,"caption":"A group of friends uses a smartphone to navigate and play a game in Bitola."},{"@type":"BreadcrumbList","@id":"https:\/\/testwebsite.citygame.com\/pl\/games\/bitola\/secrets-of-bitola\/#breadcrumb","itemListElement":[{"@type":"ListItem","position":1,"name":"Home","item":"https:\/\/testwebsite.citygame.com\/pl\/"},{"@type":"ListItem","position":2,"name":"Shop","item":"https:\/\/testwebsite.citygame.com\/shop\/"},{"@type":"ListItem","position":3,"name":"Secrets of Bitola"}]},{"@type":"WebSite","@id":"https:\/\/testwebsite.upevents.nl\/#website","url":"https:\/\/testwebsite.upevents.nl\/","name":"City Game","description":"","publisher":{"@id":"https:\/\/testwebsite.upevents.nl\/#organization"},"alternateName":"citygame.com","potentialAction":[{"@type":"SearchAction","target":{"@type":"EntryPoint","urlTemplate":"https:\/\/testwebsite.upevents.nl\/?s={search_term_string}"},"query-input":{"@type":"PropertyValueSpecification","valueRequired":true,"valueName":"search_term_string"}}],"inLanguage":"pl-PL"},{"@type":["Organization","Place"],"@id":"https:\/\/testwebsite.upevents.nl\/#organization","name":"City Game","alternateName":"citygame.com","url":"https:\/\/testwebsite.upevents.nl\/","logo":{"@id":"https:\/\/testwebsite.citygame.com\/pl\/games\/bitola\/secrets-of-bitola\/#local-main-organization-logo"},"image":{"@id":"https:\/\/testwebsite.citygame.com\/pl\/games\/bitola\/secrets-of-bitola\/#local-main-organization-logo"},"sameAs":["https:\/\/www.facebook.com\/profile.php?id=100086426226253","https:\/\/www.instagram.com\/citygame_com","https:\/\/www.tiktok.com\/@citygamecom\/","https:\/\/www.linkedin.com\/company\/citygame-com"],"description":"Turn any city into a playground with our interactive City Games and self-guided tours. Fun, flexible, and ideal for groups and team building.","telephone":[],"openingHoursSpecification":[{"@type":"OpeningHoursSpecification","dayOfWeek":["Monday","Tuesday","Wednesday","Thursday","Friday","Saturday","Sunday"],"opens":"09:00","closes":"17:00"}]},{"@type":"ImageObject","inLanguage":"pl-PL","@id":"https:\/\/testwebsite.citygame.com\/pl\/games\/bitola\/secrets-of-bitola\/#local-main-organization-logo","url":"https:\/\/testwebsite.citygame.com\/wp-content\/blogs.dir\/1\/files\/sites\/62\/2025\/10\/CG_LOGO-City-Game.png","contentUrl":"https:\/\/testwebsite.citygame.com\/wp-content\/blogs.dir\/1\/files\/sites\/62\/2025\/10\/CG_LOGO-City-Game.png","width":351,"height":377,"caption":"City Game"}]}},"taxonomy_info":{"game-concept":[{"value":724,"label":"Secrets"}],"location":[{"value":614,"label":"Bitola"}],"product_cat":[{"value":27,"label":"Geen categorie"}]},"featured_image_src_large":["https:\/\/testwebsite.citygame.com\/wp-content\/blogs.dir\/1\/files\/sites\/62\/2026\/02\/bitola-group-of-friends-playing-city-game-on-street.jpg",1024,1024,false],"author_info":[],"comment_info":"","_links":{"self":[{"href":"https:\/\/testwebsite.citygame.com\/pl\/wp-json\/wp\/v2\/product\/53611","targetHints":{"allow":["GET"]}}],"collection":[{"href":"https:\/\/testwebsite.citygame.com\/pl\/wp-json\/wp\/v2\/product"}],"about":[{"href":"https:\/\/testwebsite.citygame.com\/pl\/wp-json\/wp\/v2\/types\/product"}],"acf:post":[{"embeddable":true,"href":"https:\/\/testwebsite.citygame.com\/pl\/wp-json\/wp\/v2\/pages\/15776"}],"wp:featuredmedia":[{"embeddable":true,"href":"https:\/\/testwebsite.citygame.com\/pl\/wp-json\/wp\/v2\/media\/16122"}],"wp:attachment":[{"href":"https:\/\/testwebsite.citygame.com\/pl\/wp-json\/wp\/v2\/media?parent=53611"}],"wp:term":[{"taxonomy":"game-concept","embeddable":true,"href":"https:\/\/testwebsite.citygame.com\/pl\/wp-json\/wp\/v2\/game-concept?post=53611"},{"taxonomy":"location","embeddable":true,"href":"https:\/\/testwebsite.citygame.com\/pl\/wp-json\/wp\/v2\/location?post=53611"},{"taxonomy":"product_brand","embeddable":true,"href":"https:\/\/testwebsite.citygame.com\/pl\/wp-json\/wp\/v2\/product_brand?post=53611"},{"taxonomy":"product_cat","embeddable":true,"href":"https:\/\/testwebsite.citygame.com\/pl\/wp-json\/wp\/v2\/product_cat?post=53611"},{"taxonomy":"product_tag","embeddable":true,"href":"https:\/\/testwebsite.citygame.com\/pl\/wp-json\/wp\/v2\/product_tag?post=53611"}],"curies":[{"name":"wp","href":"https:\/\/api.w.org\/{rel}","templated":true}]}}