{"id":47491,"date":"2026-02-12T08:53:25","date_gmt":"2026-02-12T08:53:25","guid":{"rendered":"https:\/\/testwebsite.citygame.com\/games\/unknown-location\/produkt-424\/"},"modified":"2026-04-03T15:30:55","modified_gmt":"2026-04-03T15:30:55","slug":"produkt-424","status":"publish","type":"product","link":"https:\/\/testwebsite.citygame.com\/pl\/games\/unknown-location\/produkt-424\/","title":{"rendered":"Produkt"},"content":{"rendered":"","protected":false},"excerpt":{"rendered":"","protected":false},"featured_media":12760,"template":"","meta":{"_acf_changed":false,"_yoast_wpseo_focuskw":"Sherlock Holmes Sal","_yoast_wpseo_metadesc":"Sherlock Holmes Sal. Zagraj w samodzieln\u0105 gr\u0119 miejsk\u0105 typu 'morderstwo z zagadk\u0105', rozwi\u0105zuj zagadki, pod\u0105\u017caj za wskaz\u00f3wkami i odkryj to\u017csamo\u015b\u0107 mordercy we w\u0142asnym tempie!","_kad_blocks_custom_css":"","_kad_blocks_head_custom_js":"","_kad_blocks_body_custom_js":"","_kad_blocks_footer_custom_js":"","ghostkit_customizer_options":"","ghostkit_custom_css":"","ghostkit_custom_js_head":"","ghostkit_custom_js_foot":"","ghostkit_typography":"","_kad_post_transparent":"","_kad_post_title":"","_kad_post_layout":"","_kad_post_sidebar_id":"","_kad_post_content_style":"","_kad_post_vertical_padding":"","_kad_post_feature":"","_kad_post_feature_position":"","_kad_post_header":false,"_kad_post_footer":false,"_kad_post_classname":"","_links_to":"","_links_to_target":""},"game-concept":[38],"location":[],"product_brand":[],"product_cat":[27],"product_tag":[],"class_list":{"0":"post-47491","1":"product","2":"type-product","3":"status-publish","4":"has-post-thumbnail","6":"game-concept-sherlock","7":"product_cat-geen-categorie","9":"first","10":"instock","11":"shipping-taxable","12":"purchasable","13":"product-type-simple","14":"entry","15":"content-bg","16":"loop-entry"},"acf":{"full_bokun_product_name":"Sal Self-Guided Sherlock Holmes Murder Mystery Game","location_name":"Sal","bokun_calendar_widget_code":"<script type=\"text\/javascript\" src=\"https:\/\/widgets.bokun.io\/assets\/javascripts\/apps\/build\/BokunWidgetsLoader.js?bookingChannelUUID=a1e93e96-5232-4734-a595-28405f4b5a31\" async><\/script>\n     \n    <div class=\"bokunWidget\" data-src=\"https:\/\/widgets.bokun.io\/online-sales\/a1e93e96-5232-4734-a595-28405f4b5a31\/experience-calendar\/772355\"><\/div>\n    <noscript>Please enable javascript in your browser to book<\/noscript>","bokun_button_widget_code":"<script type=\"text\/javascript\" src=\"https:\/\/widgets.bokun.io\/assets\/javascripts\/apps\/build\/BokunWidgetsLoader.js?bookingChannelUUID=a1e93e96-5232-4734-a595-28405f4b5a31\" async><\/script>\n      <style> #bokun_ed001e45_5927_4f62_b470_ca766338d083 { display: inline-block; padding: .4em 1em; background: #47b82e; border-radius: 999999px; box-shadow: none; font-weight: 600; font-size: 24px; text-decoration: none; text-align: center; color: #FFFFFF; border:none; cursor: pointer; transition: background .2s ease; } #bokun_ed001e45_5927_4f62_b470_ca766338d083:hover{ background: #2f7b1f; } #bokun_ed001e45_5927_4f62_b470_ca766338d083:active{ background: #378f24; } <\/style> <button class=\"bokunButton\" disabled id=bokun_ed001e45_5927_4f62_b470_ca766338d083 data-src=\"https:\/\/widgets.bokun.io\/online-sales\/a1e93e96-5232-4734-a595-28405f4b5a31\/experience-calendar\/772355?partialView=1\" data-testid=\"widget-book-button\" > Book now <\/button> ","what_you\u2019ll_experience_during_the_game":"Wkroczysz w porywaj\u0105c\u0105 histori\u0119 detektywistyczn\u0105 osadzon\u0105 na t\u0119tni\u0105cych \u017cyciem ulicach Sal, gdzie tajemnicze morderstwo podczas Liberty Festival wstrz\u0105sn\u0119\u0142o miastem. Podczas gdy poruszasz si\u0119 po Santa Maria, intryga rozwija si\u0119 wok\u00f3\u0142 Ciebie, ujawniaj\u0105c ukryte sekrety, mroczne motywy i zawi\u0142e wskaz\u00f3wki. Twoje \u015bledztwo pog\u0142\u0119bia si\u0119 z ka\u017cdym przystankiem, gdy odkrywasz dowody, rozwi\u0105zujesz sprytne zagadki i napotykasz nieoczekiwane zwroty akcji, kt\u00f3re podwa\u017caj\u0105 Twoje za\u0142o\u017cenia.\n\nB\u0119dziesz przes\u0142uchiwa\u0107 cyfrowych podejrzanych, zag\u0142\u0119bia\u0107 si\u0119 w w\u0105tpliwe alibi i analizowa\u0107 sprzeczno\u015bci, kt\u00f3re mog\u0105 doprowadzi\u0107 Ci\u0119 bli\u017cej prawdy. Do\u015bwiadczenie jest w pe\u0142ni oparte na historii, stawiaj\u0105c Ci\u0119 w centrum tajemnicy i wysuwaj\u0105c na pierwszy plan Twoj\u0105 obserwacj\u0119, dedukcj\u0119 i krytyczne my\u015blenie. To Ty decydujesz o tempie, z wolno\u015bci\u0105 do zatrzymania i kontynuowania, kiedy tylko Ci to odpowiada. Niezale\u017cnie od tego, czy pracujesz sam, czy w zespole, ka\u017cda decyzja wyostrza Twoje umiej\u0119tno\u015bci i przybli\u017ca Ci\u0119 o krok do odkrycia, co naprawd\u0119 wydarzy\u0142o si\u0119 na festiwalu.","how_to_play":"Gra\u0107 mo\u017cesz solo lub z przyjaci\u00f3\u0142mi, rodzin\u0105 lub wsp\u00f3\u0142pracownikami w zespo\u0142ach do czterech os\u00f3b na jedno urz\u0105dzenie. Po dokonaniu rezerwacji otrzymasz e-mail z instrukcjami zawieraj\u0105cymi wszystko, czego potrzebujesz.","start_location":"Sal, Praca Manuel Ant\u00f3nio Martins","available_languages":["en","es","fr","de","it","nl"],"players_per_group":"1-4","duration":"1.5-2 hours","image_overlay_color_image":"https:\/\/testwebsite.citygame.com\/wp-content\/blogs.dir\/1\/files\/sites\/62\/2026\/01\/SherlockColor.svg","image_overlay_game_logo":"https:\/\/testwebsite.citygame.com\/wp-content\/blogs.dir\/1\/files\/sites\/62\/2026\/01\/SherlockLogo.png","city_page":12758,"woocommerce_general_content":null,"":""},"yoast_head":"<!-- This site is optimized with the Yoast SEO Premium plugin v26.2 (Yoast SEO v26.3) - https:\/\/yoast.com\/wordpress\/plugins\/seo\/ -->\n<title>Produkt - City Game<\/title>\n<meta name=\"description\" content=\"Sherlock Holmes Sal. Zagraj w samodzieln\u0105 gr\u0119 miejsk\u0105 typu &#039;morderstwo z zagadk\u0105&#039;, rozwi\u0105zuj zagadki, pod\u0105\u017caj za wskaz\u00f3wkami i odkryj to\u017csamo\u015b\u0107 mordercy we w\u0142asnym tempie!\" \/>\n<meta name=\"robots\" content=\"noindex, follow, max-snippet:-1, max-image-preview:large, max-video-preview:-1\" \/>\n<meta property=\"og:locale\" content=\"pl_PL\" \/>\n<meta property=\"og:type\" content=\"article\" \/>\n<meta property=\"og:title\" content=\"Produkt\" \/>\n<meta property=\"og:description\" content=\"Sherlock Holmes Sal. Zagraj w samodzieln\u0105 gr\u0119 miejsk\u0105 typu &#039;morderstwo z zagadk\u0105&#039;, rozwi\u0105zuj zagadki, pod\u0105\u017caj za wskaz\u00f3wkami i odkryj to\u017csamo\u015b\u0107 mordercy we w\u0142asnym tempie!\" \/>\n<meta property=\"og:url\" content=\"https:\/\/testwebsite.citygame.com\/pl\/games\/unknown-location\/produkt-424\/\" \/>\n<meta property=\"og:site_name\" content=\"City Game\" \/>\n<meta property=\"article:publisher\" content=\"https:\/\/www.facebook.com\/profile.php?id=100086426226253\" \/>\n<meta property=\"article:modified_time\" content=\"2026-04-03T15:30:55+00:00\" \/>\n<meta property=\"og:image\" content=\"https:\/\/testwebsite.citygame.com\/wp-content\/blogs.dir\/1\/files\/sites\/62\/2026\/02\/sal-sherlock-city-game-players-looking-at-phone-near-beach.jpg\" \/>\n\t<meta property=\"og:image:width\" content=\"1024\" \/>\n\t<meta property=\"og:image:height\" content=\"1024\" \/>\n\t<meta property=\"og:image:type\" content=\"image\/jpeg\" \/>\n<meta name=\"twitter:card\" content=\"summary_large_image\" \/>\n<script type=\"application\/ld+json\" class=\"yoast-schema-graph\">{\"@context\":\"https:\/\/schema.org\",\"@graph\":[{\"@type\":\"WebPage\",\"@id\":\"https:\/\/testwebsite.citygame.com\/pl\/games\/unknown-location\/produkt-424\/\",\"url\":\"https:\/\/testwebsite.citygame.com\/pl\/games\/unknown-location\/produkt-424\/\",\"name\":\"Produkt - City Game\",\"isPartOf\":{\"@id\":\"https:\/\/testwebsite.upevents.nl\/#website\"},\"primaryImageOfPage\":{\"@id\":\"https:\/\/testwebsite.citygame.com\/pl\/games\/unknown-location\/produkt-424\/#primaryimage\"},\"image\":{\"@id\":\"https:\/\/testwebsite.citygame.com\/pl\/games\/unknown-location\/produkt-424\/#primaryimage\"},\"thumbnailUrl\":\"https:\/\/testwebsite.citygame.com\/wp-content\/blogs.dir\/1\/files\/sites\/62\/2026\/02\/sal-sherlock-city-game-players-looking-at-phone-near-beach.jpg\",\"datePublished\":\"2026-02-12T08:53:25+00:00\",\"dateModified\":\"2026-04-03T15:30:55+00:00\",\"description\":\"Sherlock Holmes Sal. Zagraj w samodzieln\u0105 gr\u0119 miejsk\u0105 typu 'morderstwo z zagadk\u0105', rozwi\u0105zuj zagadki, pod\u0105\u017caj za wskaz\u00f3wkami i odkryj to\u017csamo\u015b\u0107 mordercy we w\u0142asnym tempie!\",\"breadcrumb\":{\"@id\":\"https:\/\/testwebsite.citygame.com\/pl\/games\/unknown-location\/produkt-424\/#breadcrumb\"},\"inLanguage\":\"pl-PL\",\"potentialAction\":[{\"@type\":\"ReadAction\",\"target\":[\"https:\/\/testwebsite.citygame.com\/pl\/games\/unknown-location\/produkt-424\/\"]}]},{\"@type\":\"ImageObject\",\"inLanguage\":\"pl-PL\",\"@id\":\"https:\/\/testwebsite.citygame.com\/pl\/games\/unknown-location\/produkt-424\/#primaryimage\",\"url\":\"https:\/\/testwebsite.citygame.com\/wp-content\/blogs.dir\/1\/files\/sites\/62\/2026\/02\/sal-sherlock-city-game-players-looking-at-phone-near-beach.jpg\",\"contentUrl\":\"https:\/\/testwebsite.citygame.com\/wp-content\/blogs.dir\/1\/files\/sites\/62\/2026\/02\/sal-sherlock-city-game-players-looking-at-phone-near-beach.jpg\",\"width\":1024,\"height\":1024,\"caption\":\"A group of young people gather around a smartphone while playing a city game in Sal.\"},{\"@type\":\"BreadcrumbList\",\"@id\":\"https:\/\/testwebsite.citygame.com\/pl\/games\/unknown-location\/produkt-424\/#breadcrumb\",\"itemListElement\":[{\"@type\":\"ListItem\",\"position\":1,\"name\":\"Home\",\"item\":\"https:\/\/testwebsite.citygame.com\/pl\/\"},{\"@type\":\"ListItem\",\"position\":2,\"name\":\"Shop\",\"item\":\"https:\/\/testwebsite.citygame.com\/shop\/\"},{\"@type\":\"ListItem\",\"position\":3,\"name\":\"Produkt\"}]},{\"@type\":\"WebSite\",\"@id\":\"https:\/\/testwebsite.upevents.nl\/#website\",\"url\":\"https:\/\/testwebsite.upevents.nl\/\",\"name\":\"City Game\",\"description\":\"\",\"publisher\":{\"@id\":\"https:\/\/testwebsite.upevents.nl\/#organization\"},\"alternateName\":\"citygame.com\",\"potentialAction\":[{\"@type\":\"SearchAction\",\"target\":{\"@type\":\"EntryPoint\",\"urlTemplate\":\"https:\/\/testwebsite.upevents.nl\/?s={search_term_string}\"},\"query-input\":{\"@type\":\"PropertyValueSpecification\",\"valueRequired\":true,\"valueName\":\"search_term_string\"}}],\"inLanguage\":\"pl-PL\"},{\"@type\":[\"Organization\",\"Place\"],\"@id\":\"https:\/\/testwebsite.upevents.nl\/#organization\",\"name\":\"City Game\",\"alternateName\":\"citygame.com\",\"url\":\"https:\/\/testwebsite.upevents.nl\/\",\"logo\":{\"@id\":\"https:\/\/testwebsite.citygame.com\/pl\/games\/unknown-location\/produkt-424\/#local-main-organization-logo\"},\"image\":{\"@id\":\"https:\/\/testwebsite.citygame.com\/pl\/games\/unknown-location\/produkt-424\/#local-main-organization-logo\"},\"sameAs\":[\"https:\/\/www.facebook.com\/profile.php?id=100086426226253\",\"https:\/\/www.instagram.com\/citygame_com\",\"https:\/\/www.tiktok.com\/@citygamecom\/\",\"https:\/\/www.linkedin.com\/company\/citygame-com\"],\"description\":\"Turn any city into a playground with our interactive City Games and self-guided tours. Fun, flexible, and ideal for groups and team building.\",\"telephone\":[],\"openingHoursSpecification\":[{\"@type\":\"OpeningHoursSpecification\",\"dayOfWeek\":[\"Monday\",\"Tuesday\",\"Wednesday\",\"Thursday\",\"Friday\",\"Saturday\",\"Sunday\"],\"opens\":\"09:00\",\"closes\":\"17:00\"}]},{\"@type\":\"ImageObject\",\"inLanguage\":\"pl-PL\",\"@id\":\"https:\/\/testwebsite.citygame.com\/pl\/games\/unknown-location\/produkt-424\/#local-main-organization-logo\",\"url\":\"https:\/\/testwebsite.citygame.com\/wp-content\/blogs.dir\/1\/files\/sites\/62\/2025\/10\/CG_LOGO-City-Game.png\",\"contentUrl\":\"https:\/\/testwebsite.citygame.com\/wp-content\/blogs.dir\/1\/files\/sites\/62\/2025\/10\/CG_LOGO-City-Game.png\",\"width\":351,\"height\":377,\"caption\":\"City Game\"}]}<\/script>\n<!-- \/ Yoast SEO Premium plugin. -->","yoast_head_json":{"title":"Produkt - City Game","description":"Sherlock Holmes Sal. Zagraj w samodzieln\u0105 gr\u0119 miejsk\u0105 typu 'morderstwo z zagadk\u0105', rozwi\u0105zuj zagadki, pod\u0105\u017caj za wskaz\u00f3wkami i odkryj to\u017csamo\u015b\u0107 mordercy we w\u0142asnym tempie!","robots":{"index":"noindex","follow":"follow","max-snippet":"max-snippet:-1","max-image-preview":"max-image-preview:large","max-video-preview":"max-video-preview:-1"},"og_locale":"pl_PL","og_type":"article","og_title":"Produkt","og_description":"Sherlock Holmes Sal. Zagraj w samodzieln\u0105 gr\u0119 miejsk\u0105 typu 'morderstwo z zagadk\u0105', rozwi\u0105zuj zagadki, pod\u0105\u017caj za wskaz\u00f3wkami i odkryj to\u017csamo\u015b\u0107 mordercy we w\u0142asnym tempie!","og_url":"https:\/\/testwebsite.citygame.com\/pl\/games\/unknown-location\/produkt-424\/","og_site_name":"City Game","article_publisher":"https:\/\/www.facebook.com\/profile.php?id=100086426226253","article_modified_time":"2026-04-03T15:30:55+00:00","og_image":[{"width":1024,"height":1024,"url":"https:\/\/testwebsite.citygame.com\/wp-content\/blogs.dir\/1\/files\/sites\/62\/2026\/02\/sal-sherlock-city-game-players-looking-at-phone-near-beach.jpg","type":"image\/jpeg"}],"twitter_card":"summary_large_image","schema":{"@context":"https:\/\/schema.org","@graph":[{"@type":"WebPage","@id":"https:\/\/testwebsite.citygame.com\/pl\/games\/unknown-location\/produkt-424\/","url":"https:\/\/testwebsite.citygame.com\/pl\/games\/unknown-location\/produkt-424\/","name":"Produkt - City Game","isPartOf":{"@id":"https:\/\/testwebsite.upevents.nl\/#website"},"primaryImageOfPage":{"@id":"https:\/\/testwebsite.citygame.com\/pl\/games\/unknown-location\/produkt-424\/#primaryimage"},"image":{"@id":"https:\/\/testwebsite.citygame.com\/pl\/games\/unknown-location\/produkt-424\/#primaryimage"},"thumbnailUrl":"https:\/\/testwebsite.citygame.com\/wp-content\/blogs.dir\/1\/files\/sites\/62\/2026\/02\/sal-sherlock-city-game-players-looking-at-phone-near-beach.jpg","datePublished":"2026-02-12T08:53:25+00:00","dateModified":"2026-04-03T15:30:55+00:00","description":"Sherlock Holmes Sal. Zagraj w samodzieln\u0105 gr\u0119 miejsk\u0105 typu 'morderstwo z zagadk\u0105', rozwi\u0105zuj zagadki, pod\u0105\u017caj za wskaz\u00f3wkami i odkryj to\u017csamo\u015b\u0107 mordercy we w\u0142asnym tempie!","breadcrumb":{"@id":"https:\/\/testwebsite.citygame.com\/pl\/games\/unknown-location\/produkt-424\/#breadcrumb"},"inLanguage":"pl-PL","potentialAction":[{"@type":"ReadAction","target":["https:\/\/testwebsite.citygame.com\/pl\/games\/unknown-location\/produkt-424\/"]}]},{"@type":"ImageObject","inLanguage":"pl-PL","@id":"https:\/\/testwebsite.citygame.com\/pl\/games\/unknown-location\/produkt-424\/#primaryimage","url":"https:\/\/testwebsite.citygame.com\/wp-content\/blogs.dir\/1\/files\/sites\/62\/2026\/02\/sal-sherlock-city-game-players-looking-at-phone-near-beach.jpg","contentUrl":"https:\/\/testwebsite.citygame.com\/wp-content\/blogs.dir\/1\/files\/sites\/62\/2026\/02\/sal-sherlock-city-game-players-looking-at-phone-near-beach.jpg","width":1024,"height":1024,"caption":"A group of young people gather around a smartphone while playing a city game in Sal."},{"@type":"BreadcrumbList","@id":"https:\/\/testwebsite.citygame.com\/pl\/games\/unknown-location\/produkt-424\/#breadcrumb","itemListElement":[{"@type":"ListItem","position":1,"name":"Home","item":"https:\/\/testwebsite.citygame.com\/pl\/"},{"@type":"ListItem","position":2,"name":"Shop","item":"https:\/\/testwebsite.citygame.com\/shop\/"},{"@type":"ListItem","position":3,"name":"Produkt"}]},{"@type":"WebSite","@id":"https:\/\/testwebsite.upevents.nl\/#website","url":"https:\/\/testwebsite.upevents.nl\/","name":"City Game","description":"","publisher":{"@id":"https:\/\/testwebsite.upevents.nl\/#organization"},"alternateName":"citygame.com","potentialAction":[{"@type":"SearchAction","target":{"@type":"EntryPoint","urlTemplate":"https:\/\/testwebsite.upevents.nl\/?s={search_term_string}"},"query-input":{"@type":"PropertyValueSpecification","valueRequired":true,"valueName":"search_term_string"}}],"inLanguage":"pl-PL"},{"@type":["Organization","Place"],"@id":"https:\/\/testwebsite.upevents.nl\/#organization","name":"City Game","alternateName":"citygame.com","url":"https:\/\/testwebsite.upevents.nl\/","logo":{"@id":"https:\/\/testwebsite.citygame.com\/pl\/games\/unknown-location\/produkt-424\/#local-main-organization-logo"},"image":{"@id":"https:\/\/testwebsite.citygame.com\/pl\/games\/unknown-location\/produkt-424\/#local-main-organization-logo"},"sameAs":["https:\/\/www.facebook.com\/profile.php?id=100086426226253","https:\/\/www.instagram.com\/citygame_com","https:\/\/www.tiktok.com\/@citygamecom\/","https:\/\/www.linkedin.com\/company\/citygame-com"],"description":"Turn any city into a playground with our interactive City Games and self-guided tours. Fun, flexible, and ideal for groups and team building.","telephone":[],"openingHoursSpecification":[{"@type":"OpeningHoursSpecification","dayOfWeek":["Monday","Tuesday","Wednesday","Thursday","Friday","Saturday","Sunday"],"opens":"09:00","closes":"17:00"}]},{"@type":"ImageObject","inLanguage":"pl-PL","@id":"https:\/\/testwebsite.citygame.com\/pl\/games\/unknown-location\/produkt-424\/#local-main-organization-logo","url":"https:\/\/testwebsite.citygame.com\/wp-content\/blogs.dir\/1\/files\/sites\/62\/2025\/10\/CG_LOGO-City-Game.png","contentUrl":"https:\/\/testwebsite.citygame.com\/wp-content\/blogs.dir\/1\/files\/sites\/62\/2025\/10\/CG_LOGO-City-Game.png","width":351,"height":377,"caption":"City Game"}]}},"taxonomy_info":{"game-concept":[{"value":38,"label":"Sherlock"}],"product_cat":[{"value":27,"label":"Geen categorie"}]},"featured_image_src_large":["https:\/\/testwebsite.citygame.com\/wp-content\/blogs.dir\/1\/files\/sites\/62\/2026\/02\/sal-sherlock-city-game-players-looking-at-phone-near-beach.jpg",1024,1024,false],"author_info":[],"comment_info":"","_links":{"self":[{"href":"https:\/\/testwebsite.citygame.com\/pl\/wp-json\/wp\/v2\/product\/47491","targetHints":{"allow":["GET"]}}],"collection":[{"href":"https:\/\/testwebsite.citygame.com\/pl\/wp-json\/wp\/v2\/product"}],"about":[{"href":"https:\/\/testwebsite.citygame.com\/pl\/wp-json\/wp\/v2\/types\/product"}],"acf:post":[{"embeddable":true,"href":"https:\/\/testwebsite.citygame.com\/pl\/wp-json\/wp\/v2\/pages\/12758"}],"wp:featuredmedia":[{"embeddable":true,"href":"https:\/\/testwebsite.citygame.com\/pl\/wp-json\/wp\/v2\/media\/12760"}],"wp:attachment":[{"href":"https:\/\/testwebsite.citygame.com\/pl\/wp-json\/wp\/v2\/media?parent=47491"}],"wp:term":[{"taxonomy":"game-concept","embeddable":true,"href":"https:\/\/testwebsite.citygame.com\/pl\/wp-json\/wp\/v2\/game-concept?post=47491"},{"taxonomy":"location","embeddable":true,"href":"https:\/\/testwebsite.citygame.com\/pl\/wp-json\/wp\/v2\/location?post=47491"},{"taxonomy":"product_brand","embeddable":true,"href":"https:\/\/testwebsite.citygame.com\/pl\/wp-json\/wp\/v2\/product_brand?post=47491"},{"taxonomy":"product_cat","embeddable":true,"href":"https:\/\/testwebsite.citygame.com\/pl\/wp-json\/wp\/v2\/product_cat?post=47491"},{"taxonomy":"product_tag","embeddable":true,"href":"https:\/\/testwebsite.citygame.com\/pl\/wp-json\/wp\/v2\/product_tag?post=47491"}],"curies":[{"name":"wp","href":"https:\/\/api.w.org\/{rel}","templated":true}]}}