{"id":39904,"date":"2026-01-14T09:18:37","date_gmt":"2026-01-14T09:18:37","guid":{"rendered":"https:\/\/testwebsite.citygame.com\/games\/unknown-location\/produkt-330\/"},"modified":"2026-04-02T11:24:50","modified_gmt":"2026-04-02T11:24:50","slug":"produkt-330","status":"publish","type":"product","link":"https:\/\/testwebsite.citygame.com\/pl\/games\/unknown-location\/produkt-330\/","title":{"rendered":"Produkt"},"content":{"rendered":"","protected":false},"excerpt":{"rendered":"","protected":false},"featured_media":4003,"template":"","meta":{"_acf_changed":false,"_yoast_wpseo_focuskw":"Secrets of Paris Louvre","_yoast_wpseo_metadesc":"Secrets of Paris Louvre. Zagraj w samodzieln\u0105 gr\u0119 miejsk\u0105 i odkrywaj miasto poprzez zagadki, \u0142amig\u0142\u00f3wki i wyzwania. Graj we w\u0142asnym tempie i odkrywaj jak prawdziwy miejscowy!","_kad_blocks_custom_css":"","_kad_blocks_head_custom_js":"","_kad_blocks_body_custom_js":"","_kad_blocks_footer_custom_js":"","ghostkit_customizer_options":"","ghostkit_custom_css":"","ghostkit_custom_js_head":"","ghostkit_custom_js_foot":"","ghostkit_typography":"","_kad_post_transparent":"default","_kad_post_title":"","_kad_post_layout":"default","_kad_post_sidebar_id":"","_kad_post_content_style":"default","_kad_post_vertical_padding":"default","_kad_post_feature":"","_kad_post_feature_position":"","_kad_post_header":false,"_kad_post_footer":false,"_kad_post_classname":"","_links_to":"","_links_to_target":""},"game-concept":[36],"location":[],"product_brand":[],"product_cat":[27],"product_tag":[],"class_list":{"0":"post-39904","1":"product","2":"type-product","3":"status-publish","4":"has-post-thumbnail","6":"game-concept-secrets","7":"product_cat-geen-categorie","9":"first","10":"instock","11":"shipping-taxable","12":"purchasable","13":"product-type-simple","14":"entry","15":"content-bg","16":"loop-entry"},"acf":{"full_bokun_product_name":"Self-Guided Secrets of Paris: Louvre Area Exploration Game","location_name":"Paris Louvre","bokun_calendar_widget_code":"<script type=\"text\/javascript\" src=\"https:\/\/widgets.bokun.io\/assets\/javascripts\/apps\/build\/BokunWidgetsLoader.js?bookingChannelUUID=a1e93e96-5232-4734-a595-28405f4b5a31\" async><\/script>\n     \n    <div class=\"bokunWidget\" data-src=\"https:\/\/widgets.bokun.io\/online-sales\/a1e93e96-5232-4734-a595-28405f4b5a31\/experience-calendar\/1002136\"><\/div>\n    <noscript>Please enable javascript in your browser to book<\/noscript>","bokun_button_widget_code":"<script type=\"text\/javascript\" src=\"https:\/\/widgets.bokun.io\/assets\/javascripts\/apps\/build\/BokunWidgetsLoader.js?bookingChannelUUID=a1e93e96-5232-4734-a595-28405f4b5a31\" async><\/script>\n      <style> #bokun_ed001e45_5927_4f62_b470_ca766338d083 { display: inline-block; padding: .4em 1em; background: #47b82e; border-radius: 999999px; box-shadow: none; font-weight: 600; font-size: 24px; text-decoration: none; text-align: center; color: #FFFFFF; border:none; cursor: pointer; transition: background .2s ease; } #bokun_ed001e45_5927_4f62_b470_ca766338d083:hover{ background: #2f7b1f; } #bokun_ed001e45_5927_4f62_b470_ca766338d083:active{ background: #378f24; } <\/style> <button class=\"bokunButton\" disabled id=bokun_ed001e45_5927_4f62_b470_ca766338d083 data-src=\"https:\/\/widgets.bokun.io\/online-sales\/a1e93e96-5232-4734-a595-28405f4b5a31\/experience-calendar\/1002136?partialView=1\" data-testid=\"widget-book-button\" > Book now <\/button> ","what_you\u2019ll_experience_during_the_game":"Podczas gry miejskiej 'Secrets of Paris Louvre' b\u0119dziesz odkrywa\u0107 miasto poprzez wci\u0105gaj\u0105c\u0105 histori\u0119, kt\u00f3ra \u0142\u0105czy odkrycia z interaktywnymi wyzwaniami. Podr\u00f3\u017c poprowadzi Ci\u0119 zar\u00f3wno przez ikoniczne zabytki, jak i mniej znane zakamarki, ods\u0142aniaj\u0105c atmosfer\u0119 Pary\u017ca, gdy pod\u0105\u017casz za cyfrowymi wskaz\u00f3wkami. Po drodze mo\u017cesz znale\u017a\u0107 si\u0119 przy Piramidzie Luwru, podziwia\u0107 ozdobne detale H\u00f4tel de la Marine lub zatrzyma\u0107 si\u0119 przy eleganckim Pont Royal. Ciche zak\u0105tki, takie jak Grand Bassin Rond w Ogrodzie Tuileries czy zadumana Statua Thomasa Jeffersona, stanowi\u0105 kontrast dla miejskiego splendoru, tworz\u0105c przestrze\u0144 do refleksji mi\u0119dzy wskaz\u00f3wkami.\r\n\r\nId\u0105c przez Pary\u017c, b\u0119dziesz rozwi\u0105zywa\u0107 zagadki, odpowiada\u0107 na pytania i wykonywa\u0107 kreatywne wyzwania fotograficzne, z kt\u00f3rych ka\u017cde pomo\u017ce Ci zbiera\u0107 punkty i odblokowywa\u0107 nowe wskaz\u00f3wki. Te zadania stopniowo prowadz\u0105 do rozwi\u0105zania wi\u0119kszej tajemnicy, jednocze\u015bnie zach\u0119caj\u0105c do zwracania uwagi na cz\u0119sto pomijane szczeg\u00f3\u0142y. Gra jest elastyczna, pozwalaj\u0105c Ci zatrzyma\u0107 si\u0119 i kontynuowa\u0107 we w\u0142asnym tempie, dzi\u0119ki czemu \u0142atwo dopasujesz j\u0105 do swojej wizyty. Je\u015bli czujesz ducha rywalizacji, mo\u017cesz r\u00f3wnie\u017c spr\u00f3bowa\u0107 wspi\u0105\u0107 si\u0119 na szczyt tabeli wynik\u00f3w, zdobywaj\u0105c wysokie punkty jako zesp\u00f3\u0142 lub indywidualnie.","how_to_play":"Po dokonaniu rezerwacji otrzymasz e-mail z bezpo\u015brednim linkiem do gry. Po prostu udaj si\u0119 do miejsca startu przy Porte des Lions i od razu rozpocznij swoj\u0105 przygod\u0119. Gr\u0119 mo\u017cna wstrzyma\u0107 w dowolnym momencie, dzi\u0119ki czemu mo\u017cesz swobodnie odkrywa\u0107 Pary\u017c i kontynuowa\u0107, kiedy tylko b\u0119dziesz gotowy.","start_location":"Paris, Porte des Lions","available_languages":"","players_per_group":"1-4","duration":"1.5-2 hours","image_overlay_color_image":"https:\/\/testwebsite.citygame.com\/wp-content\/blogs.dir\/1\/files\/sites\/62\/2026\/01\/SecretsColor.svg","image_overlay_game_logo":"https:\/\/testwebsite.citygame.com\/wp-content\/blogs.dir\/1\/files\/sites\/62\/2026\/01\/SecretsLogo.png","city_page":7295,"woocommerce_general_content":null,"the_story":"<strong>Leonardo da Vinci szuka czego\u015b \u2013 nie skarbu, nie s\u0142awy, lecz inspiracji. Twarzy, uczucia, chwili wartej namalowania. W sercu Luwru, otoczony pi\u0119knem i histori\u0105, wci\u0105\u017c jej nie znalaz\u0142. A\u017c do momentu, gdy pozna Ciebie.<\/strong><br><br>Przejd\u017a z nim przez wspania\u0142e sale i ciche zakamarki. Odkryj sztuk\u0119, kt\u00f3ra ukszta\u0142towa\u0142a \u015bwiat, i sekrety, kt\u00f3re Pary\u017c ukrywa w swoim \u015bwietle i kamieniu. Razem poszukacie tego, co sprawia, \u017ce arcydzie\u0142o jest ponadczasowe. I mo\u017ce, po prostu mo\u017ce, sam staniesz si\u0119 jego cz\u0119\u015bci\u0105.<br><br><strong>Przyby\u0142e\u015b, by odkrywa\u0107. Zosta\u0142e\u015b, by ocali\u0107 histori\u0119.<\/strong>","name_main_character":"Leonardo da Vinci","photo_main_character":39905,"loquiz_or_kokimoki":"Kokimoki"},"yoast_head":"<!-- This site is optimized with the Yoast SEO Premium plugin v26.2 (Yoast SEO v26.3) - https:\/\/yoast.com\/wordpress\/plugins\/seo\/ -->\n<title>Produkt - City Game<\/title>\n<meta name=\"description\" content=\"Secrets of Paris Louvre. Zagraj w samodzieln\u0105 gr\u0119 miejsk\u0105 i odkrywaj miasto poprzez zagadki, \u0142amig\u0142\u00f3wki i wyzwania. Graj we w\u0142asnym tempie i odkrywaj jak prawdziwy miejscowy!\" \/>\n<meta name=\"robots\" content=\"noindex, follow, max-snippet:-1, max-image-preview:large, max-video-preview:-1\" \/>\n<meta property=\"og:locale\" content=\"pl_PL\" \/>\n<meta property=\"og:type\" content=\"article\" \/>\n<meta property=\"og:title\" content=\"Produkt\" \/>\n<meta property=\"og:description\" content=\"Secrets of Paris Louvre. Zagraj w samodzieln\u0105 gr\u0119 miejsk\u0105 i odkrywaj miasto poprzez zagadki, \u0142amig\u0142\u00f3wki i wyzwania. Graj we w\u0142asnym tempie i odkrywaj jak prawdziwy miejscowy!\" \/>\n<meta property=\"og:url\" content=\"https:\/\/testwebsite.citygame.com\/pl\/games\/unknown-location\/produkt-330\/\" \/>\n<meta property=\"og:site_name\" content=\"City Game\" \/>\n<meta property=\"article:publisher\" content=\"https:\/\/www.facebook.com\/profile.php?id=100086426226253\" \/>\n<meta property=\"article:modified_time\" content=\"2026-04-02T11:24:50+00:00\" \/>\n<meta property=\"og:image\" content=\"https:\/\/testwebsite.citygame.com\/wp-content\/blogs.dir\/1\/files\/sites\/62\/2026\/01\/woman-using-phone-app-at-musee-national-de-la-marine-paris.jpg\" \/>\n\t<meta property=\"og:image:width\" content=\"1024\" \/>\n\t<meta property=\"og:image:height\" content=\"1024\" \/>\n\t<meta property=\"og:image:type\" content=\"image\/jpeg\" \/>\n<meta name=\"twitter:card\" content=\"summary_large_image\" \/>\n<script type=\"application\/ld+json\" class=\"yoast-schema-graph\">{\"@context\":\"https:\/\/schema.org\",\"@graph\":[{\"@type\":\"WebPage\",\"@id\":\"https:\/\/testwebsite.citygame.com\/pl\/games\/unknown-location\/produkt-330\/\",\"url\":\"https:\/\/testwebsite.citygame.com\/pl\/games\/unknown-location\/produkt-330\/\",\"name\":\"Produkt - City Game\",\"isPartOf\":{\"@id\":\"https:\/\/testwebsite.upevents.nl\/#website\"},\"primaryImageOfPage\":{\"@id\":\"https:\/\/testwebsite.citygame.com\/pl\/games\/unknown-location\/produkt-330\/#primaryimage\"},\"image\":{\"@id\":\"https:\/\/testwebsite.citygame.com\/pl\/games\/unknown-location\/produkt-330\/#primaryimage\"},\"thumbnailUrl\":\"https:\/\/testwebsite.citygame.com\/wp-content\/blogs.dir\/1\/files\/sites\/62\/2026\/01\/woman-using-phone-app-at-musee-national-de-la-marine-paris.jpg\",\"datePublished\":\"2026-01-14T09:18:37+00:00\",\"dateModified\":\"2026-04-02T11:24:50+00:00\",\"description\":\"Secrets of Paris Louvre. Zagraj w samodzieln\u0105 gr\u0119 miejsk\u0105 i odkrywaj miasto poprzez zagadki, \u0142amig\u0142\u00f3wki i wyzwania. Graj we w\u0142asnym tempie i odkrywaj jak prawdziwy miejscowy!\",\"breadcrumb\":{\"@id\":\"https:\/\/testwebsite.citygame.com\/pl\/games\/unknown-location\/produkt-330\/#breadcrumb\"},\"inLanguage\":\"pl-PL\",\"potentialAction\":[{\"@type\":\"ReadAction\",\"target\":[\"https:\/\/testwebsite.citygame.com\/pl\/games\/unknown-location\/produkt-330\/\"]}]},{\"@type\":\"ImageObject\",\"inLanguage\":\"pl-PL\",\"@id\":\"https:\/\/testwebsite.citygame.com\/pl\/games\/unknown-location\/produkt-330\/#primaryimage\",\"url\":\"https:\/\/testwebsite.citygame.com\/wp-content\/blogs.dir\/1\/files\/sites\/62\/2026\/01\/woman-using-phone-app-at-musee-national-de-la-marine-paris.jpg\",\"contentUrl\":\"https:\/\/testwebsite.citygame.com\/wp-content\/blogs.dir\/1\/files\/sites\/62\/2026\/01\/woman-using-phone-app-at-musee-national-de-la-marine-paris.jpg\",\"width\":1024,\"height\":1024,\"caption\":\"A woman uses a mobile app while exploring the area around a historic museum in Paris.\"},{\"@type\":\"BreadcrumbList\",\"@id\":\"https:\/\/testwebsite.citygame.com\/pl\/games\/unknown-location\/produkt-330\/#breadcrumb\",\"itemListElement\":[{\"@type\":\"ListItem\",\"position\":1,\"name\":\"Home\",\"item\":\"https:\/\/testwebsite.citygame.com\/pl\/\"},{\"@type\":\"ListItem\",\"position\":2,\"name\":\"Shop\",\"item\":\"https:\/\/testwebsite.citygame.com\/shop\/\"},{\"@type\":\"ListItem\",\"position\":3,\"name\":\"Produkt\"}]},{\"@type\":\"WebSite\",\"@id\":\"https:\/\/testwebsite.upevents.nl\/#website\",\"url\":\"https:\/\/testwebsite.upevents.nl\/\",\"name\":\"City Game\",\"description\":\"\",\"publisher\":{\"@id\":\"https:\/\/testwebsite.upevents.nl\/#organization\"},\"alternateName\":\"citygame.com\",\"potentialAction\":[{\"@type\":\"SearchAction\",\"target\":{\"@type\":\"EntryPoint\",\"urlTemplate\":\"https:\/\/testwebsite.upevents.nl\/?s={search_term_string}\"},\"query-input\":{\"@type\":\"PropertyValueSpecification\",\"valueRequired\":true,\"valueName\":\"search_term_string\"}}],\"inLanguage\":\"pl-PL\"},{\"@type\":[\"Organization\",\"Place\"],\"@id\":\"https:\/\/testwebsite.upevents.nl\/#organization\",\"name\":\"City Game\",\"alternateName\":\"citygame.com\",\"url\":\"https:\/\/testwebsite.upevents.nl\/\",\"logo\":{\"@id\":\"https:\/\/testwebsite.citygame.com\/pl\/games\/unknown-location\/produkt-330\/#local-main-organization-logo\"},\"image\":{\"@id\":\"https:\/\/testwebsite.citygame.com\/pl\/games\/unknown-location\/produkt-330\/#local-main-organization-logo\"},\"sameAs\":[\"https:\/\/www.facebook.com\/profile.php?id=100086426226253\",\"https:\/\/www.instagram.com\/citygame_com\",\"https:\/\/www.tiktok.com\/@citygamecom\/\",\"https:\/\/www.linkedin.com\/company\/citygame-com\"],\"description\":\"Turn any city into a playground with our interactive City Games and self-guided tours. Fun, flexible, and ideal for groups and team building.\",\"telephone\":[],\"openingHoursSpecification\":[{\"@type\":\"OpeningHoursSpecification\",\"dayOfWeek\":[\"Monday\",\"Tuesday\",\"Wednesday\",\"Thursday\",\"Friday\",\"Saturday\",\"Sunday\"],\"opens\":\"09:00\",\"closes\":\"17:00\"}]},{\"@type\":\"ImageObject\",\"inLanguage\":\"pl-PL\",\"@id\":\"https:\/\/testwebsite.citygame.com\/pl\/games\/unknown-location\/produkt-330\/#local-main-organization-logo\",\"url\":\"https:\/\/testwebsite.citygame.com\/wp-content\/blogs.dir\/1\/files\/sites\/62\/2025\/10\/CG_LOGO-City-Game.png\",\"contentUrl\":\"https:\/\/testwebsite.citygame.com\/wp-content\/blogs.dir\/1\/files\/sites\/62\/2025\/10\/CG_LOGO-City-Game.png\",\"width\":351,\"height\":377,\"caption\":\"City Game\"}]}<\/script>\n<!-- \/ Yoast SEO Premium plugin. -->","yoast_head_json":{"title":"Produkt - City Game","description":"Secrets of Paris Louvre. Zagraj w samodzieln\u0105 gr\u0119 miejsk\u0105 i odkrywaj miasto poprzez zagadki, \u0142amig\u0142\u00f3wki i wyzwania. Graj we w\u0142asnym tempie i odkrywaj jak prawdziwy miejscowy!","robots":{"index":"noindex","follow":"follow","max-snippet":"max-snippet:-1","max-image-preview":"max-image-preview:large","max-video-preview":"max-video-preview:-1"},"og_locale":"pl_PL","og_type":"article","og_title":"Produkt","og_description":"Secrets of Paris Louvre. Zagraj w samodzieln\u0105 gr\u0119 miejsk\u0105 i odkrywaj miasto poprzez zagadki, \u0142amig\u0142\u00f3wki i wyzwania. Graj we w\u0142asnym tempie i odkrywaj jak prawdziwy miejscowy!","og_url":"https:\/\/testwebsite.citygame.com\/pl\/games\/unknown-location\/produkt-330\/","og_site_name":"City Game","article_publisher":"https:\/\/www.facebook.com\/profile.php?id=100086426226253","article_modified_time":"2026-04-02T11:24:50+00:00","og_image":[{"width":1024,"height":1024,"url":"https:\/\/testwebsite.citygame.com\/wp-content\/blogs.dir\/1\/files\/sites\/62\/2026\/01\/woman-using-phone-app-at-musee-national-de-la-marine-paris.jpg","type":"image\/jpeg"}],"twitter_card":"summary_large_image","schema":{"@context":"https:\/\/schema.org","@graph":[{"@type":"WebPage","@id":"https:\/\/testwebsite.citygame.com\/pl\/games\/unknown-location\/produkt-330\/","url":"https:\/\/testwebsite.citygame.com\/pl\/games\/unknown-location\/produkt-330\/","name":"Produkt - City Game","isPartOf":{"@id":"https:\/\/testwebsite.upevents.nl\/#website"},"primaryImageOfPage":{"@id":"https:\/\/testwebsite.citygame.com\/pl\/games\/unknown-location\/produkt-330\/#primaryimage"},"image":{"@id":"https:\/\/testwebsite.citygame.com\/pl\/games\/unknown-location\/produkt-330\/#primaryimage"},"thumbnailUrl":"https:\/\/testwebsite.citygame.com\/wp-content\/blogs.dir\/1\/files\/sites\/62\/2026\/01\/woman-using-phone-app-at-musee-national-de-la-marine-paris.jpg","datePublished":"2026-01-14T09:18:37+00:00","dateModified":"2026-04-02T11:24:50+00:00","description":"Secrets of Paris Louvre. Zagraj w samodzieln\u0105 gr\u0119 miejsk\u0105 i odkrywaj miasto poprzez zagadki, \u0142amig\u0142\u00f3wki i wyzwania. Graj we w\u0142asnym tempie i odkrywaj jak prawdziwy miejscowy!","breadcrumb":{"@id":"https:\/\/testwebsite.citygame.com\/pl\/games\/unknown-location\/produkt-330\/#breadcrumb"},"inLanguage":"pl-PL","potentialAction":[{"@type":"ReadAction","target":["https:\/\/testwebsite.citygame.com\/pl\/games\/unknown-location\/produkt-330\/"]}]},{"@type":"ImageObject","inLanguage":"pl-PL","@id":"https:\/\/testwebsite.citygame.com\/pl\/games\/unknown-location\/produkt-330\/#primaryimage","url":"https:\/\/testwebsite.citygame.com\/wp-content\/blogs.dir\/1\/files\/sites\/62\/2026\/01\/woman-using-phone-app-at-musee-national-de-la-marine-paris.jpg","contentUrl":"https:\/\/testwebsite.citygame.com\/wp-content\/blogs.dir\/1\/files\/sites\/62\/2026\/01\/woman-using-phone-app-at-musee-national-de-la-marine-paris.jpg","width":1024,"height":1024,"caption":"A woman uses a mobile app while exploring the area around a historic museum in Paris."},{"@type":"BreadcrumbList","@id":"https:\/\/testwebsite.citygame.com\/pl\/games\/unknown-location\/produkt-330\/#breadcrumb","itemListElement":[{"@type":"ListItem","position":1,"name":"Home","item":"https:\/\/testwebsite.citygame.com\/pl\/"},{"@type":"ListItem","position":2,"name":"Shop","item":"https:\/\/testwebsite.citygame.com\/shop\/"},{"@type":"ListItem","position":3,"name":"Produkt"}]},{"@type":"WebSite","@id":"https:\/\/testwebsite.upevents.nl\/#website","url":"https:\/\/testwebsite.upevents.nl\/","name":"City Game","description":"","publisher":{"@id":"https:\/\/testwebsite.upevents.nl\/#organization"},"alternateName":"citygame.com","potentialAction":[{"@type":"SearchAction","target":{"@type":"EntryPoint","urlTemplate":"https:\/\/testwebsite.upevents.nl\/?s={search_term_string}"},"query-input":{"@type":"PropertyValueSpecification","valueRequired":true,"valueName":"search_term_string"}}],"inLanguage":"pl-PL"},{"@type":["Organization","Place"],"@id":"https:\/\/testwebsite.upevents.nl\/#organization","name":"City Game","alternateName":"citygame.com","url":"https:\/\/testwebsite.upevents.nl\/","logo":{"@id":"https:\/\/testwebsite.citygame.com\/pl\/games\/unknown-location\/produkt-330\/#local-main-organization-logo"},"image":{"@id":"https:\/\/testwebsite.citygame.com\/pl\/games\/unknown-location\/produkt-330\/#local-main-organization-logo"},"sameAs":["https:\/\/www.facebook.com\/profile.php?id=100086426226253","https:\/\/www.instagram.com\/citygame_com","https:\/\/www.tiktok.com\/@citygamecom\/","https:\/\/www.linkedin.com\/company\/citygame-com"],"description":"Turn any city into a playground with our interactive City Games and self-guided tours. Fun, flexible, and ideal for groups and team building.","telephone":[],"openingHoursSpecification":[{"@type":"OpeningHoursSpecification","dayOfWeek":["Monday","Tuesday","Wednesday","Thursday","Friday","Saturday","Sunday"],"opens":"09:00","closes":"17:00"}]},{"@type":"ImageObject","inLanguage":"pl-PL","@id":"https:\/\/testwebsite.citygame.com\/pl\/games\/unknown-location\/produkt-330\/#local-main-organization-logo","url":"https:\/\/testwebsite.citygame.com\/wp-content\/blogs.dir\/1\/files\/sites\/62\/2025\/10\/CG_LOGO-City-Game.png","contentUrl":"https:\/\/testwebsite.citygame.com\/wp-content\/blogs.dir\/1\/files\/sites\/62\/2025\/10\/CG_LOGO-City-Game.png","width":351,"height":377,"caption":"City Game"}]}},"taxonomy_info":{"game-concept":[{"value":36,"label":"Secrets"}],"product_cat":[{"value":27,"label":"Geen categorie"}]},"featured_image_src_large":["https:\/\/testwebsite.citygame.com\/wp-content\/blogs.dir\/1\/files\/sites\/62\/2026\/01\/woman-using-phone-app-at-musee-national-de-la-marine-paris.jpg",1024,1024,false],"author_info":[],"comment_info":"","_links":{"self":[{"href":"https:\/\/testwebsite.citygame.com\/pl\/wp-json\/wp\/v2\/product\/39904","targetHints":{"allow":["GET"]}}],"collection":[{"href":"https:\/\/testwebsite.citygame.com\/pl\/wp-json\/wp\/v2\/product"}],"about":[{"href":"https:\/\/testwebsite.citygame.com\/pl\/wp-json\/wp\/v2\/types\/product"}],"acf:post":[{"embeddable":true,"href":"https:\/\/testwebsite.citygame.com\/pl\/wp-json\/wp\/v2\/pages\/7295"}],"wp:featuredmedia":[{"embeddable":true,"href":"https:\/\/testwebsite.citygame.com\/pl\/wp-json\/wp\/v2\/media\/4003"}],"wp:attachment":[{"href":"https:\/\/testwebsite.citygame.com\/pl\/wp-json\/wp\/v2\/media?parent=39904"}],"wp:term":[{"taxonomy":"game-concept","embeddable":true,"href":"https:\/\/testwebsite.citygame.com\/pl\/wp-json\/wp\/v2\/game-concept?post=39904"},{"taxonomy":"location","embeddable":true,"href":"https:\/\/testwebsite.citygame.com\/pl\/wp-json\/wp\/v2\/location?post=39904"},{"taxonomy":"product_brand","embeddable":true,"href":"https:\/\/testwebsite.citygame.com\/pl\/wp-json\/wp\/v2\/product_brand?post=39904"},{"taxonomy":"product_cat","embeddable":true,"href":"https:\/\/testwebsite.citygame.com\/pl\/wp-json\/wp\/v2\/product_cat?post=39904"},{"taxonomy":"product_tag","embeddable":true,"href":"https:\/\/testwebsite.citygame.com\/pl\/wp-json\/wp\/v2\/product_tag?post=39904"}],"curies":[{"name":"wp","href":"https:\/\/api.w.org\/{rel}","templated":true}]}}