{"id":39061,"date":"2026-01-13T15:41:21","date_gmt":"2026-01-13T15:41:21","guid":{"rendered":"https:\/\/testwebsite.citygame.com\/games\/unknown-location\/produkt-321\/"},"modified":"2026-04-02T09:13:58","modified_gmt":"2026-04-02T09:13:58","slug":"produkt-321","status":"publish","type":"product","link":"https:\/\/testwebsite.citygame.com\/pl\/games\/unknown-location\/produkt-321\/","title":{"rendered":"Produkt"},"content":{"rendered":"","protected":false},"excerpt":{"rendered":"","protected":false},"featured_media":3862,"template":"","meta":{"_acf_changed":false,"_yoast_wpseo_focuskw":"Secrets of Cologne","_yoast_wpseo_metadesc":"Secrets of Cologne. Zagraj w samodzieln\u0105 gr\u0119 miejsk\u0105 i odkryj miasto poprzez zagadki, \u0142amig\u0142\u00f3wki i wyzwania. Graj we w\u0142asnym tempie i odkrywaj jak prawdziwy miejscowy!","_kad_blocks_custom_css":"","_kad_blocks_head_custom_js":"","_kad_blocks_body_custom_js":"","_kad_blocks_footer_custom_js":"","ghostkit_customizer_options":"","ghostkit_custom_css":"","ghostkit_custom_js_head":"","ghostkit_custom_js_foot":"","ghostkit_typography":"","_kad_post_transparent":"","_kad_post_title":"","_kad_post_layout":"","_kad_post_sidebar_id":"","_kad_post_content_style":"","_kad_post_vertical_padding":"","_kad_post_feature":"","_kad_post_feature_position":"","_kad_post_header":false,"_kad_post_footer":false,"_kad_post_classname":"","_links_to":"","_links_to_target":""},"game-concept":[36],"location":[],"product_brand":[],"product_cat":[27],"product_tag":[],"class_list":{"0":"post-39061","1":"product","2":"type-product","3":"status-publish","4":"has-post-thumbnail","6":"game-concept-secrets","7":"product_cat-geen-categorie","9":"first","10":"instock","11":"shipping-taxable","12":"purchasable","13":"product-type-simple","14":"entry","15":"content-bg","16":"loop-entry"},"acf":{"full_bokun_product_name":"Self-Guided Secrets of Cologne Exploration Game","location_name":"Cologne","bokun_calendar_widget_code":"<script type=\"text\/javascript\" src=\"https:\/\/widgets.bokun.io\/assets\/javascripts\/apps\/build\/BokunWidgetsLoader.js?bookingChannelUUID=a1e93e96-5232-4734-a595-28405f4b5a31\" async><\/script>\n     \n    <div class=\"bokunWidget\" data-src=\"https:\/\/widgets.bokun.io\/online-sales\/a1e93e96-5232-4734-a595-28405f4b5a31\/experience-calendar\/859553\"><\/div>\n    <noscript>Please enable javascript in your browser to book<\/noscript>","bokun_button_widget_code":"<script type=\"text\/javascript\" src=\"https:\/\/widgets.bokun.io\/assets\/javascripts\/apps\/build\/BokunWidgetsLoader.js?bookingChannelUUID=a1e93e96-5232-4734-a595-28405f4b5a31\" async><\/script>\n      <style> #bokun_ed001e45_5927_4f62_b470_ca766338d083 { display: inline-block; padding: .4em 1em; background: #47b82e; border-radius: 999999px; box-shadow: none; font-weight: 600; font-size: 24px; text-decoration: none; text-align: center; color: #FFFFFF; border:none; cursor: pointer; transition: background .2s ease; } #bokun_ed001e45_5927_4f62_b470_ca766338d083:hover{ background: #2f7b1f; } #bokun_ed001e45_5927_4f62_b470_ca766338d083:active{ background: #378f24; } <\/style> <button class=\"bokunButton\" disabled id=bokun_ed001e45_5927_4f62_b470_ca766338d083 data-src=\"https:\/\/widgets.bokun.io\/online-sales\/a1e93e96-5232-4734-a595-28405f4b5a31\/experience-calendar\/859553?partialView=1\" data-testid=\"widget-book-button\" > Book now <\/button> ","what_you\u2019ll_experience_during_the_game":"Podczas gry miejskiej 'Secrets of Cologne' odkryjesz miasto poprzez wci\u0105gaj\u0105c\u0105 mieszank\u0119 opowie\u015bci i odkry\u0107. Gra poprowadzi Ci\u0119 zar\u00f3wno przez ikoniczne zabytki, jak i zaskakuj\u0105ce ukryte zak\u0105tki, zanurzaj\u0105c Ci\u0119 w atmosferze Kolonii. Po drodze natkniesz si\u0119 na takie punkty orientacyjne jak strzeliste bli\u017aniacze wie\u017ce Katedry Kolo\u0144skiej, t\u0119tni\u0105cy \u017cyciem Most Hohenzollern pokryty k\u0142\u00f3dkami mi\u0142o\u015bci, oraz imponuj\u0105ce Muzeum Ludwig z jego modernistyczn\u0105 architektur\u0105. Mo\u017cesz r\u00f3wnie\u017c min\u0105\u0107 tradycyjne miejsca, takie jak Peters Brauhaus, lub podziwia\u0107 wieki historii w roma\u0144skim ko\u015bciele Gro\u00df St. Martin.\n\nPodczas gry b\u0119dziesz rozwi\u0105zywa\u0107 kreatywne zagadki, odpowiada\u0107 na \u0142amig\u0142\u00f3wki, bra\u0107 udzia\u0142 w wyzwaniach fotograficznych i odkrywa\u0107 wskaz\u00f3wki, kt\u00f3re doprowadz\u0105 Ci\u0119 do rozwi\u0105zania ostatecznej miejskiej tajemnicy. Ka\u017cde wyzwanie przynosi punkty i przybli\u017ca Ci\u0119 do kolejnego kroku, a wskaz\u00f3wki s\u0105 dost\u0119pne w razie potrzeby, dzi\u0119ki czemu ka\u017cdy mo\u017ce cieszy\u0107 si\u0119 do\u015bwiadczeniem we w\u0142asnym tempie. Gr\u0119 mo\u017cna wstrzyma\u0107 i wznowi\u0107 w dowolnym momencie, co pozwala na eksploracj\u0119 Kolonii wed\u0142ug w\u0142asnego harmonogramu. Dla tych, kt\u00f3rzy lubi\u0105 rywalizacj\u0119, istnieje r\u00f3wnie\u017c szansa, aby wspi\u0105\u0107 si\u0119 na tablic\u0119 wynik\u00f3w i por\u00f3wna\u0107 sw\u00f3j sukces z innymi zespo\u0142ami.","how_to_play":"Po dokonaniu rezerwacji otrzymasz e-mail z osobistym linkiem do gry. Udaj si\u0119 do miejsca startu przy Obelisku i od razu rozpocznij swoj\u0105 przygod\u0119 z gr\u0105 miejsk\u0105. Gr\u0119 mo\u017cna wstrzyma\u0107 w dowolnym momencie i wznowi\u0107 p\u00f3\u017aniej, co zapewnia elastyczno\u015b\u0107 i pozwala dostosowa\u0107 j\u0105 do w\u0142asnego tempa eksploracji.","start_location":"Cologne, Breslauer Platz","available_languages":[],"players_per_group":"1-4","duration":"1.5-2 hours","image_overlay_color_image":"https:\/\/testwebsite.citygame.com\/wp-content\/blogs.dir\/1\/files\/sites\/62\/2026\/01\/SecretsColor.svg","image_overlay_game_logo":"https:\/\/testwebsite.citygame.com\/wp-content\/blogs.dir\/1\/files\/sites\/62\/2026\/01\/SecretsLogo.png","city_page":5936,"woocommerce_general_content":null,"the_story":"<strong>Genera\u0142 bez kapelusza jest jak rycerz bez miecza. Johann von Werth, dumny bohater wojenny Kolonii i legendarny uwodziciel, straci\u0142 sw\u00f3j najbardziej ikoniczny przedmiot \u2013 pi\u00f3ropusz. Odwa\u017cny, dramatyczny i absolutnie niezast\u0105piony, znikn\u0105\u0142 bez \u015bladu, pozostawiaj\u0105c go upokorzonego i okropnie niedoubranego.<\/strong><br><br>Teraz wzywa Ci\u0119 do pomocy w jego odzyskaniu. Od cichych \u0142uk\u00f3w po wspania\u0142e katedry, pod\u0105\u017caj szlakiem przez historyczne serce Kolonii. \u0141\u0105cz wskaz\u00f3wki, przechytrz przeszkody i krok po kroku przywr\u00f3\u0107 dum\u0119 bohaterowi. To nie jest zwyk\u0142e nag\u0142e wydarzenie modowe. To kwestia honoru.<br><br><strong>Przyszed\u0142e\u015b, aby odkrywa\u0107. Zosta\u0142e\u015b, aby ocali\u0107 histori\u0119.<\/strong>","name_main_character":"Jan von Werth","photo_main_character":39062,"loquiz_or_kokimoki":"Kokimoki"},"yoast_head":"<!-- This site is optimized with the Yoast SEO Premium plugin v26.2 (Yoast SEO v26.3) - https:\/\/yoast.com\/wordpress\/plugins\/seo\/ -->\n<title>Produkt - City Game<\/title>\n<meta name=\"description\" content=\"Secrets of Cologne. Zagraj w samodzieln\u0105 gr\u0119 miejsk\u0105 i odkryj miasto poprzez zagadki, \u0142amig\u0142\u00f3wki i wyzwania. Graj we w\u0142asnym tempie i odkrywaj jak prawdziwy miejscowy!\" \/>\n<meta name=\"robots\" content=\"noindex, follow, max-snippet:-1, max-image-preview:large, max-video-preview:-1\" \/>\n<meta property=\"og:locale\" content=\"pl_PL\" \/>\n<meta property=\"og:type\" content=\"article\" \/>\n<meta property=\"og:title\" content=\"Produkt\" \/>\n<meta property=\"og:description\" content=\"Secrets of Cologne. Zagraj w samodzieln\u0105 gr\u0119 miejsk\u0105 i odkryj miasto poprzez zagadki, \u0142amig\u0142\u00f3wki i wyzwania. Graj we w\u0142asnym tempie i odkrywaj jak prawdziwy miejscowy!\" \/>\n<meta property=\"og:url\" content=\"https:\/\/testwebsite.citygame.com\/pl\/games\/unknown-location\/produkt-321\/\" \/>\n<meta property=\"og:site_name\" content=\"City Game\" \/>\n<meta property=\"article:publisher\" content=\"https:\/\/www.facebook.com\/profile.php?id=100086426226253\" \/>\n<meta property=\"article:modified_time\" content=\"2026-04-02T09:13:58+00:00\" \/>\n<meta property=\"og:image\" content=\"https:\/\/testwebsite.citygame.com\/wp-content\/blogs.dir\/1\/files\/sites\/62\/2026\/01\/player-cologne-mediapark-gameplay-sunny-day.jpg\" \/>\n\t<meta property=\"og:image:width\" content=\"864\" \/>\n\t<meta property=\"og:image:height\" content=\"1184\" \/>\n\t<meta property=\"og:image:type\" content=\"image\/jpeg\" \/>\n<meta name=\"twitter:card\" content=\"summary_large_image\" \/>\n<script type=\"application\/ld+json\" class=\"yoast-schema-graph\">{\"@context\":\"https:\/\/schema.org\",\"@graph\":[{\"@type\":\"WebPage\",\"@id\":\"https:\/\/testwebsite.citygame.com\/pl\/games\/unknown-location\/produkt-321\/\",\"url\":\"https:\/\/testwebsite.citygame.com\/pl\/games\/unknown-location\/produkt-321\/\",\"name\":\"Produkt - City Game\",\"isPartOf\":{\"@id\":\"https:\/\/testwebsite.upevents.nl\/#website\"},\"primaryImageOfPage\":{\"@id\":\"https:\/\/testwebsite.citygame.com\/pl\/games\/unknown-location\/produkt-321\/#primaryimage\"},\"image\":{\"@id\":\"https:\/\/testwebsite.citygame.com\/pl\/games\/unknown-location\/produkt-321\/#primaryimage\"},\"thumbnailUrl\":\"https:\/\/testwebsite.citygame.com\/wp-content\/blogs.dir\/1\/files\/sites\/62\/2026\/01\/player-cologne-mediapark-gameplay-sunny-day.jpg\",\"datePublished\":\"2026-01-13T15:41:21+00:00\",\"dateModified\":\"2026-04-02T09:13:58+00:00\",\"description\":\"Secrets of Cologne. Zagraj w samodzieln\u0105 gr\u0119 miejsk\u0105 i odkryj miasto poprzez zagadki, \u0142amig\u0142\u00f3wki i wyzwania. Graj we w\u0142asnym tempie i odkrywaj jak prawdziwy miejscowy!\",\"breadcrumb\":{\"@id\":\"https:\/\/testwebsite.citygame.com\/pl\/games\/unknown-location\/produkt-321\/#breadcrumb\"},\"inLanguage\":\"pl-PL\",\"potentialAction\":[{\"@type\":\"ReadAction\",\"target\":[\"https:\/\/testwebsite.citygame.com\/pl\/games\/unknown-location\/produkt-321\/\"]}]},{\"@type\":\"ImageObject\",\"inLanguage\":\"pl-PL\",\"@id\":\"https:\/\/testwebsite.citygame.com\/pl\/games\/unknown-location\/produkt-321\/#primaryimage\",\"url\":\"https:\/\/testwebsite.citygame.com\/wp-content\/blogs.dir\/1\/files\/sites\/62\/2026\/01\/player-cologne-mediapark-gameplay-sunny-day.jpg\",\"contentUrl\":\"https:\/\/testwebsite.citygame.com\/wp-content\/blogs.dir\/1\/files\/sites\/62\/2026\/01\/player-cologne-mediapark-gameplay-sunny-day.jpg\",\"width\":864,\"height\":1184,\"caption\":\"A player looks at her phone while standing on the steps leading to the Mediapark in Cologne.\"},{\"@type\":\"BreadcrumbList\",\"@id\":\"https:\/\/testwebsite.citygame.com\/pl\/games\/unknown-location\/produkt-321\/#breadcrumb\",\"itemListElement\":[{\"@type\":\"ListItem\",\"position\":1,\"name\":\"Home\",\"item\":\"https:\/\/testwebsite.citygame.com\/pl\/\"},{\"@type\":\"ListItem\",\"position\":2,\"name\":\"Shop\",\"item\":\"https:\/\/testwebsite.citygame.com\/shop\/\"},{\"@type\":\"ListItem\",\"position\":3,\"name\":\"Produkt\"}]},{\"@type\":\"WebSite\",\"@id\":\"https:\/\/testwebsite.upevents.nl\/#website\",\"url\":\"https:\/\/testwebsite.upevents.nl\/\",\"name\":\"City Game\",\"description\":\"\",\"publisher\":{\"@id\":\"https:\/\/testwebsite.upevents.nl\/#organization\"},\"alternateName\":\"citygame.com\",\"potentialAction\":[{\"@type\":\"SearchAction\",\"target\":{\"@type\":\"EntryPoint\",\"urlTemplate\":\"https:\/\/testwebsite.upevents.nl\/?s={search_term_string}\"},\"query-input\":{\"@type\":\"PropertyValueSpecification\",\"valueRequired\":true,\"valueName\":\"search_term_string\"}}],\"inLanguage\":\"pl-PL\"},{\"@type\":[\"Organization\",\"Place\"],\"@id\":\"https:\/\/testwebsite.upevents.nl\/#organization\",\"name\":\"City Game\",\"alternateName\":\"citygame.com\",\"url\":\"https:\/\/testwebsite.upevents.nl\/\",\"logo\":{\"@id\":\"https:\/\/testwebsite.citygame.com\/pl\/games\/unknown-location\/produkt-321\/#local-main-organization-logo\"},\"image\":{\"@id\":\"https:\/\/testwebsite.citygame.com\/pl\/games\/unknown-location\/produkt-321\/#local-main-organization-logo\"},\"sameAs\":[\"https:\/\/www.facebook.com\/profile.php?id=100086426226253\",\"https:\/\/www.instagram.com\/citygame_com\",\"https:\/\/www.tiktok.com\/@citygamecom\/\",\"https:\/\/www.linkedin.com\/company\/citygame-com\"],\"description\":\"Turn any city into a playground with our interactive City Games and self-guided tours. Fun, flexible, and ideal for groups and team building.\",\"telephone\":[],\"openingHoursSpecification\":[{\"@type\":\"OpeningHoursSpecification\",\"dayOfWeek\":[\"Monday\",\"Tuesday\",\"Wednesday\",\"Thursday\",\"Friday\",\"Saturday\",\"Sunday\"],\"opens\":\"09:00\",\"closes\":\"17:00\"}]},{\"@type\":\"ImageObject\",\"inLanguage\":\"pl-PL\",\"@id\":\"https:\/\/testwebsite.citygame.com\/pl\/games\/unknown-location\/produkt-321\/#local-main-organization-logo\",\"url\":\"https:\/\/testwebsite.citygame.com\/wp-content\/blogs.dir\/1\/files\/sites\/62\/2025\/10\/CG_LOGO-City-Game.png\",\"contentUrl\":\"https:\/\/testwebsite.citygame.com\/wp-content\/blogs.dir\/1\/files\/sites\/62\/2025\/10\/CG_LOGO-City-Game.png\",\"width\":351,\"height\":377,\"caption\":\"City Game\"}]}<\/script>\n<!-- \/ Yoast SEO Premium plugin. -->","yoast_head_json":{"title":"Produkt - City Game","description":"Secrets of Cologne. Zagraj w samodzieln\u0105 gr\u0119 miejsk\u0105 i odkryj miasto poprzez zagadki, \u0142amig\u0142\u00f3wki i wyzwania. Graj we w\u0142asnym tempie i odkrywaj jak prawdziwy miejscowy!","robots":{"index":"noindex","follow":"follow","max-snippet":"max-snippet:-1","max-image-preview":"max-image-preview:large","max-video-preview":"max-video-preview:-1"},"og_locale":"pl_PL","og_type":"article","og_title":"Produkt","og_description":"Secrets of Cologne. Zagraj w samodzieln\u0105 gr\u0119 miejsk\u0105 i odkryj miasto poprzez zagadki, \u0142amig\u0142\u00f3wki i wyzwania. Graj we w\u0142asnym tempie i odkrywaj jak prawdziwy miejscowy!","og_url":"https:\/\/testwebsite.citygame.com\/pl\/games\/unknown-location\/produkt-321\/","og_site_name":"City Game","article_publisher":"https:\/\/www.facebook.com\/profile.php?id=100086426226253","article_modified_time":"2026-04-02T09:13:58+00:00","og_image":[{"width":864,"height":1184,"url":"https:\/\/testwebsite.citygame.com\/wp-content\/blogs.dir\/1\/files\/sites\/62\/2026\/01\/player-cologne-mediapark-gameplay-sunny-day.jpg","type":"image\/jpeg"}],"twitter_card":"summary_large_image","schema":{"@context":"https:\/\/schema.org","@graph":[{"@type":"WebPage","@id":"https:\/\/testwebsite.citygame.com\/pl\/games\/unknown-location\/produkt-321\/","url":"https:\/\/testwebsite.citygame.com\/pl\/games\/unknown-location\/produkt-321\/","name":"Produkt - City Game","isPartOf":{"@id":"https:\/\/testwebsite.upevents.nl\/#website"},"primaryImageOfPage":{"@id":"https:\/\/testwebsite.citygame.com\/pl\/games\/unknown-location\/produkt-321\/#primaryimage"},"image":{"@id":"https:\/\/testwebsite.citygame.com\/pl\/games\/unknown-location\/produkt-321\/#primaryimage"},"thumbnailUrl":"https:\/\/testwebsite.citygame.com\/wp-content\/blogs.dir\/1\/files\/sites\/62\/2026\/01\/player-cologne-mediapark-gameplay-sunny-day.jpg","datePublished":"2026-01-13T15:41:21+00:00","dateModified":"2026-04-02T09:13:58+00:00","description":"Secrets of Cologne. Zagraj w samodzieln\u0105 gr\u0119 miejsk\u0105 i odkryj miasto poprzez zagadki, \u0142amig\u0142\u00f3wki i wyzwania. Graj we w\u0142asnym tempie i odkrywaj jak prawdziwy miejscowy!","breadcrumb":{"@id":"https:\/\/testwebsite.citygame.com\/pl\/games\/unknown-location\/produkt-321\/#breadcrumb"},"inLanguage":"pl-PL","potentialAction":[{"@type":"ReadAction","target":["https:\/\/testwebsite.citygame.com\/pl\/games\/unknown-location\/produkt-321\/"]}]},{"@type":"ImageObject","inLanguage":"pl-PL","@id":"https:\/\/testwebsite.citygame.com\/pl\/games\/unknown-location\/produkt-321\/#primaryimage","url":"https:\/\/testwebsite.citygame.com\/wp-content\/blogs.dir\/1\/files\/sites\/62\/2026\/01\/player-cologne-mediapark-gameplay-sunny-day.jpg","contentUrl":"https:\/\/testwebsite.citygame.com\/wp-content\/blogs.dir\/1\/files\/sites\/62\/2026\/01\/player-cologne-mediapark-gameplay-sunny-day.jpg","width":864,"height":1184,"caption":"A player looks at her phone while standing on the steps leading to the Mediapark in Cologne."},{"@type":"BreadcrumbList","@id":"https:\/\/testwebsite.citygame.com\/pl\/games\/unknown-location\/produkt-321\/#breadcrumb","itemListElement":[{"@type":"ListItem","position":1,"name":"Home","item":"https:\/\/testwebsite.citygame.com\/pl\/"},{"@type":"ListItem","position":2,"name":"Shop","item":"https:\/\/testwebsite.citygame.com\/shop\/"},{"@type":"ListItem","position":3,"name":"Produkt"}]},{"@type":"WebSite","@id":"https:\/\/testwebsite.upevents.nl\/#website","url":"https:\/\/testwebsite.upevents.nl\/","name":"City Game","description":"","publisher":{"@id":"https:\/\/testwebsite.upevents.nl\/#organization"},"alternateName":"citygame.com","potentialAction":[{"@type":"SearchAction","target":{"@type":"EntryPoint","urlTemplate":"https:\/\/testwebsite.upevents.nl\/?s={search_term_string}"},"query-input":{"@type":"PropertyValueSpecification","valueRequired":true,"valueName":"search_term_string"}}],"inLanguage":"pl-PL"},{"@type":["Organization","Place"],"@id":"https:\/\/testwebsite.upevents.nl\/#organization","name":"City Game","alternateName":"citygame.com","url":"https:\/\/testwebsite.upevents.nl\/","logo":{"@id":"https:\/\/testwebsite.citygame.com\/pl\/games\/unknown-location\/produkt-321\/#local-main-organization-logo"},"image":{"@id":"https:\/\/testwebsite.citygame.com\/pl\/games\/unknown-location\/produkt-321\/#local-main-organization-logo"},"sameAs":["https:\/\/www.facebook.com\/profile.php?id=100086426226253","https:\/\/www.instagram.com\/citygame_com","https:\/\/www.tiktok.com\/@citygamecom\/","https:\/\/www.linkedin.com\/company\/citygame-com"],"description":"Turn any city into a playground with our interactive City Games and self-guided tours. Fun, flexible, and ideal for groups and team building.","telephone":[],"openingHoursSpecification":[{"@type":"OpeningHoursSpecification","dayOfWeek":["Monday","Tuesday","Wednesday","Thursday","Friday","Saturday","Sunday"],"opens":"09:00","closes":"17:00"}]},{"@type":"ImageObject","inLanguage":"pl-PL","@id":"https:\/\/testwebsite.citygame.com\/pl\/games\/unknown-location\/produkt-321\/#local-main-organization-logo","url":"https:\/\/testwebsite.citygame.com\/wp-content\/blogs.dir\/1\/files\/sites\/62\/2025\/10\/CG_LOGO-City-Game.png","contentUrl":"https:\/\/testwebsite.citygame.com\/wp-content\/blogs.dir\/1\/files\/sites\/62\/2025\/10\/CG_LOGO-City-Game.png","width":351,"height":377,"caption":"City Game"}]}},"taxonomy_info":{"game-concept":[{"value":36,"label":"Secrets"}],"product_cat":[{"value":27,"label":"Geen categorie"}]},"featured_image_src_large":["https:\/\/testwebsite.citygame.com\/wp-content\/blogs.dir\/1\/files\/sites\/62\/2026\/01\/player-cologne-mediapark-gameplay-sunny-day-747x1024.jpg",747,1024,true],"author_info":[],"comment_info":"","_links":{"self":[{"href":"https:\/\/testwebsite.citygame.com\/pl\/wp-json\/wp\/v2\/product\/39061","targetHints":{"allow":["GET"]}}],"collection":[{"href":"https:\/\/testwebsite.citygame.com\/pl\/wp-json\/wp\/v2\/product"}],"about":[{"href":"https:\/\/testwebsite.citygame.com\/pl\/wp-json\/wp\/v2\/types\/product"}],"acf:post":[{"embeddable":true,"href":"https:\/\/testwebsite.citygame.com\/pl\/wp-json\/wp\/v2\/pages\/5936"}],"wp:featuredmedia":[{"embeddable":true,"href":"https:\/\/testwebsite.citygame.com\/pl\/wp-json\/wp\/v2\/media\/3862"}],"wp:attachment":[{"href":"https:\/\/testwebsite.citygame.com\/pl\/wp-json\/wp\/v2\/media?parent=39061"}],"wp:term":[{"taxonomy":"game-concept","embeddable":true,"href":"https:\/\/testwebsite.citygame.com\/pl\/wp-json\/wp\/v2\/game-concept?post=39061"},{"taxonomy":"location","embeddable":true,"href":"https:\/\/testwebsite.citygame.com\/pl\/wp-json\/wp\/v2\/location?post=39061"},{"taxonomy":"product_brand","embeddable":true,"href":"https:\/\/testwebsite.citygame.com\/pl\/wp-json\/wp\/v2\/product_brand?post=39061"},{"taxonomy":"product_cat","embeddable":true,"href":"https:\/\/testwebsite.citygame.com\/pl\/wp-json\/wp\/v2\/product_cat?post=39061"},{"taxonomy":"product_tag","embeddable":true,"href":"https:\/\/testwebsite.citygame.com\/pl\/wp-json\/wp\/v2\/product_tag?post=39061"}],"curies":[{"name":"wp","href":"https:\/\/api.w.org\/{rel}","templated":true}]}}