{"id":67665,"date":"2026-03-16T09:02:21","date_gmt":"2026-03-16T09:02:21","guid":{"rendered":"https:\/\/testwebsite.citygame.com\/games\/unknown-location\/secrets-of-gorinchem\/"},"modified":"2026-04-09T09:32:57","modified_gmt":"2026-04-09T09:32:57","slug":"secrets-of-gorinchem","status":"publish","type":"product","link":"https:\/\/testwebsite.citygame.com\/no\/games\/gorinchem\/secrets-of-gorinchem\/","title":{"rendered":"Secrets of Gorinchem"},"content":{"rendered":"<p>Byspillet &#8216;Secrets of Gorinchem&#8217; er et fengslende selvguidet byspill som tar spillere med p\u00e5 et utforskende eventyr i Gorinchem sentrum. Dette GPS-baserte spillet forvandler smarttelefonen din til et morsomt navigasjonsverkt\u00f8y, som leder deg p\u00e5 en oppslukende reise fylt med g\u00e5ter, ledetr\u00e5der og fotoutfordringer. Mens deltakerne vandrer i gatene, vil de avdekke skjulte detaljer om Gorinchems historie og kultur, og tilby et unikt perspektiv p\u00e5 byens karakter, noe som garantert vil fascinere b\u00e5de lokale og bes\u00f8kende. Dette utforskningsspillet er like underholdende for enkeltspillere eller sammen med familiemedlemmer og vennegrupper, noe som gj\u00f8r det til et allsidig valg for \u00e5 oppdage byen Gorinchem.<\/p>\n","protected":false},"excerpt":{"rendered":"<p>Oppdag Gorinchems storhet og sjel! Fordyp deg i en by der levende kultur flettes sammen med fascinerende historie, fra gamle festningsverk til livlige markedsplasser. L\u00f8s g\u00e5ter mens du krysser dens karismatiske hjerte \u2013 Gorinchem er full av avsl\u00f8ringer i hvert hj\u00f8rne!<\/p>\n","protected":false},"featured_media":18985,"template":"","meta":{"_acf_changed":false,"_yoast_wpseo_focuskw":"Secrets of Gorinchem","_yoast_wpseo_metadesc":"Secrets of Gorinchem. Spill et selvguidet byspill og utforsk byen gjennom g\u00e5ter, ledetr\u00e5der og utfordringer. Spill i ditt eget tempo og oppdag som en lokal!","_kad_blocks_custom_css":"","_kad_blocks_head_custom_js":"","_kad_blocks_body_custom_js":"","_kad_blocks_footer_custom_js":"","ghostkit_customizer_options":"","ghostkit_custom_css":"","ghostkit_custom_js_head":"","ghostkit_custom_js_foot":"","ghostkit_typography":"","_kad_post_transparent":"default","_kad_post_title":"","_kad_post_layout":"default","_kad_post_sidebar_id":"","_kad_post_content_style":"default","_kad_post_vertical_padding":"default","_kad_post_feature":"","_kad_post_feature_position":"","_kad_post_header":false,"_kad_post_footer":false,"_kad_post_classname":"","_links_to":"","_links_to_target":""},"game-concept":[723],"location":[180],"product_brand":[],"product_cat":[27],"product_tag":[],"class_list":{"0":"post-67665","1":"product","2":"type-product","3":"status-publish","4":"has-post-thumbnail","6":"game-concept-secrets","7":"location-gorinchem","8":"product_cat-geen-categorie","10":"first","11":"instock","12":"shipping-taxable","13":"purchasable","14":"product-type-simple","15":"entry","16":"content-bg","17":"loop-entry"},"acf":{"full_bokun_product_name":"Self-Guided Secrets of Gorinchem Exploration Game","location_name":"Gorinchem","bokun_calendar_widget_code":"<script type=\"text\/javascript\" src=\"https:\/\/widgets.bokun.io\/assets\/javascripts\/apps\/build\/BokunWidgetsLoader.js?bookingChannelUUID=a1e93e96-5232-4734-a595-28405f4b5a31\" async><\/script>\n     \n    <div class=\"bokunWidget\" data-src=\"https:\/\/widgets.bokun.io\/online-sales\/a1e93e96-5232-4734-a595-28405f4b5a31\/experience-calendar\/887822\"><\/div>\n    <noscript>Please enable javascript in your browser to book<\/noscript>","bokun_button_widget_code":"<script type=\"text\/javascript\" src=\"https:\/\/widgets.bokun.io\/assets\/javascripts\/apps\/build\/BokunWidgetsLoader.js?bookingChannelUUID=a1e93e96-5232-4734-a595-28405f4b5a31\" async><\/script>\n      <style> #bokun_ed001e45_5927_4f62_b470_ca766338d083 { display: inline-block; padding: .4em 1em; background: #47b82e; border-radius: 999999px; box-shadow: none; font-weight: 600; font-size: 24px; text-decoration: none; text-align: center; color: #FFFFFF; border:none; cursor: pointer; transition: background .2s ease; } #bokun_ed001e45_5927_4f62_b470_ca766338d083:hover{ background: #2f7b1f; } #bokun_ed001e45_5927_4f62_b470_ca766338d083:active{ background: #378f24; } <\/style> <button class=\"bokunButton\" disabled id=bokun_ed001e45_5927_4f62_b470_ca766338d083 data-src=\"https:\/\/widgets.bokun.io\/online-sales\/a1e93e96-5232-4734-a595-28405f4b5a31\/experience-calendar\/887822?partialView=1\" data-testid=\"widget-book-button\" > Book now <\/button> ","what_you\u2019ll_experience_during_the_game":"Utforsk Gorinchem som aldri f\u00f8r med 'Secrets of Gorinchem City Game'. Dette unike byspillet kombinerer perfekt sightseeing med historiefortelling og interaktive utfordringer, og guider spillere gjennom noen ikoniske og skjulte perler i denne historiske nederlandske byen. Spillerne vil navigere seg gjennom landemerker som det travle sentrum, de rolige parkhj\u00f8rnene og de svingete elvebreddene. Reisen deres vil ogs\u00e5 ta dem til det sjarmerende havneomr\u00e5det, fullpakket med historiske nederlandske lektere og lokal kunst. Men forvent mer enn en enkel omvisning; 'Gorinchem City Game' er en skattkiste av oppdagelser og atmosf\u00e6re, som venter p\u00e5 modige utforskere for \u00e5 l\u00e5se opp dens hemmeligheter.\r\n\r\nMens de begir seg ut p\u00e5 denne oppdagelsesreisen, m\u00e5 spillerne l\u00f8se spennende g\u00e5ter, svare p\u00e5 mystiske ledetr\u00e5der og til og med delta i kreative fotoutfordringer, som hver bidrar til fremdrift mot en overraskende finale. Dette spillet byr p\u00e5 spenningen ved et nervepirrende mysterium som l\u00f8ses trinn for trinn mens spillerne tjener poeng, l\u00e5ser opp hint og til slutt avdekker det siste mysteriet. Det er opp til hver spiller hvordan de velger \u00e5 spille spillet. Sett p\u00e5 pause n\u00e5r du vil, eller fortsett fremover for de som er ivrige etter \u00e5 knekke neste ledetr\u00e5d; alt er i dine egne hender. Vis din konkurransedyktige side og sikt mot en h\u00f8y plassering p\u00e5 poengtavlen, og sett ditt preg p\u00e5 'Secrets of Gorinchem City Game'. Dette er ikke bare en bytur. Det er en interaktiv reise gjennom hjertet av Gorinchem, som tilbyr en unik blanding av utforskning og underholdning, noe som gj\u00f8r bes\u00f8ket ditt til denne byen til en virkelig minneverdig opplevelse.","how_to_play":"Bestill utforskningsspillet, sjekk e-posten vi sender deg med enkle instruksjoner, last ned Loquiz-appen, f\u00e5 tilgang til utforskningsspillet, og du er klar til \u00e5 starte spillopplevelsen din!","start_location":"Gorinchem, Grote markt","available_languages":["en"],"players_per_group":"1-4","duration":"1.5-2 hours","image_overlay_color_image":"https:\/\/testwebsite.citygame.com\/wp-content\/blogs.dir\/1\/files\/sites\/62\/2026\/01\/SecretsColor.svg","image_overlay_game_logo":"https:\/\/testwebsite.citygame.com\/wp-content\/blogs.dir\/1\/files\/sites\/62\/2026\/01\/SecretsLogo.png","city_page":13447,"woocommerce_general_content":null},"yoast_head":"<!-- This site is optimized with the Yoast SEO Premium plugin v26.2 (Yoast SEO v26.3) - https:\/\/yoast.com\/wordpress\/plugins\/seo\/ -->\n<title>Secrets of Gorinchem - City Game<\/title>\n<meta name=\"description\" content=\"Secrets of Gorinchem. Spill et selvguidet byspill og utforsk byen gjennom g\u00e5ter, ledetr\u00e5der og utfordringer. Spill i ditt eget tempo og oppdag som en lokal!\" \/>\n<meta name=\"robots\" content=\"noindex, follow, max-snippet:-1, max-image-preview:large, max-video-preview:-1\" \/>\n<meta property=\"og:locale\" content=\"nb_NO\" \/>\n<meta property=\"og:type\" content=\"article\" \/>\n<meta property=\"og:title\" content=\"Secrets of Gorinchem\" \/>\n<meta property=\"og:description\" content=\"Secrets of Gorinchem. Spill et selvguidet byspill og utforsk byen gjennom g\u00e5ter, ledetr\u00e5der og utfordringer. Spill i ditt eget tempo og oppdag som en lokal!\" \/>\n<meta property=\"og:url\" content=\"https:\/\/testwebsite.citygame.com\/no\/games\/gorinchem\/secrets-of-gorinchem\/\" \/>\n<meta property=\"og:site_name\" content=\"City Game\" \/>\n<meta property=\"article:publisher\" content=\"https:\/\/www.facebook.com\/profile.php?id=100086426226253\" \/>\n<meta property=\"article:modified_time\" content=\"2026-04-09T09:32:57+00:00\" \/>\n<meta property=\"og:image\" content=\"https:\/\/testwebsite.citygame.com\/wp-content\/blogs.dir\/1\/files\/sites\/62\/2026\/03\/woman-playing-city-game-gorinchem-fortifications-icarus-sculpture.jpg\" \/>\n\t<meta property=\"og:image:width\" content=\"1024\" \/>\n\t<meta property=\"og:image:height\" content=\"1024\" \/>\n\t<meta property=\"og:image:type\" content=\"image\/jpeg\" \/>\n<meta name=\"twitter:card\" content=\"summary_large_image\" \/>\n<meta name=\"twitter:label1\" content=\"Ansl. lesetid\" \/>\n\t<meta name=\"twitter:data1\" content=\"1 minutt\" \/>\n<script type=\"application\/ld+json\" class=\"yoast-schema-graph\">{\"@context\":\"https:\/\/schema.org\",\"@graph\":[{\"@type\":\"WebPage\",\"@id\":\"https:\/\/testwebsite.citygame.com\/no\/games\/gorinchem\/secrets-of-gorinchem\/\",\"url\":\"https:\/\/testwebsite.citygame.com\/no\/games\/gorinchem\/secrets-of-gorinchem\/\",\"name\":\"Secrets of Gorinchem - City Game\",\"isPartOf\":{\"@id\":\"https:\/\/testwebsite.upevents.nl\/#website\"},\"primaryImageOfPage\":{\"@id\":\"https:\/\/testwebsite.citygame.com\/no\/games\/gorinchem\/secrets-of-gorinchem\/#primaryimage\"},\"image\":{\"@id\":\"https:\/\/testwebsite.citygame.com\/no\/games\/gorinchem\/secrets-of-gorinchem\/#primaryimage\"},\"thumbnailUrl\":\"https:\/\/testwebsite.citygame.com\/wp-content\/blogs.dir\/1\/files\/sites\/62\/2026\/03\/woman-playing-city-game-gorinchem-fortifications-icarus-sculpture.jpg\",\"datePublished\":\"2026-03-16T09:02:21+00:00\",\"dateModified\":\"2026-04-09T09:32:57+00:00\",\"description\":\"Secrets of Gorinchem. Spill et selvguidet byspill og utforsk byen gjennom g\u00e5ter, ledetr\u00e5der og utfordringer. Spill i ditt eget tempo og oppdag som en lokal!\",\"breadcrumb\":{\"@id\":\"https:\/\/testwebsite.citygame.com\/no\/games\/gorinchem\/secrets-of-gorinchem\/#breadcrumb\"},\"inLanguage\":\"nb-NO\",\"potentialAction\":[{\"@type\":\"ReadAction\",\"target\":[\"https:\/\/testwebsite.citygame.com\/no\/games\/gorinchem\/secrets-of-gorinchem\/\"]}]},{\"@type\":\"ImageObject\",\"inLanguage\":\"nb-NO\",\"@id\":\"https:\/\/testwebsite.citygame.com\/no\/games\/gorinchem\/secrets-of-gorinchem\/#primaryimage\",\"url\":\"https:\/\/testwebsite.citygame.com\/wp-content\/blogs.dir\/1\/files\/sites\/62\/2026\/03\/woman-playing-city-game-gorinchem-fortifications-icarus-sculpture.jpg\",\"contentUrl\":\"https:\/\/testwebsite.citygame.com\/wp-content\/blogs.dir\/1\/files\/sites\/62\/2026\/03\/woman-playing-city-game-gorinchem-fortifications-icarus-sculpture.jpg\",\"width\":1024,\"height\":1024,\"caption\":\"A woman explores the historic fortifications of Gorinchem while playing an interactive game on her smartphone.\"},{\"@type\":\"BreadcrumbList\",\"@id\":\"https:\/\/testwebsite.citygame.com\/no\/games\/gorinchem\/secrets-of-gorinchem\/#breadcrumb\",\"itemListElement\":[{\"@type\":\"ListItem\",\"position\":1,\"name\":\"Home\",\"item\":\"https:\/\/testwebsite.citygame.com\/no\/\"},{\"@type\":\"ListItem\",\"position\":2,\"name\":\"Shop\",\"item\":\"https:\/\/testwebsite.citygame.com\/shop\/\"},{\"@type\":\"ListItem\",\"position\":3,\"name\":\"Secrets of Gorinchem\"}]},{\"@type\":\"WebSite\",\"@id\":\"https:\/\/testwebsite.upevents.nl\/#website\",\"url\":\"https:\/\/testwebsite.upevents.nl\/\",\"name\":\"City Game\",\"description\":\"\",\"publisher\":{\"@id\":\"https:\/\/testwebsite.upevents.nl\/#organization\"},\"alternateName\":\"citygame.com\",\"potentialAction\":[{\"@type\":\"SearchAction\",\"target\":{\"@type\":\"EntryPoint\",\"urlTemplate\":\"https:\/\/testwebsite.upevents.nl\/?s={search_term_string}\"},\"query-input\":{\"@type\":\"PropertyValueSpecification\",\"valueRequired\":true,\"valueName\":\"search_term_string\"}}],\"inLanguage\":\"nb-NO\"},{\"@type\":[\"Organization\",\"Place\"],\"@id\":\"https:\/\/testwebsite.upevents.nl\/#organization\",\"name\":\"City Game\",\"alternateName\":\"citygame.com\",\"url\":\"https:\/\/testwebsite.upevents.nl\/\",\"logo\":{\"@id\":\"https:\/\/testwebsite.citygame.com\/no\/games\/gorinchem\/secrets-of-gorinchem\/#local-main-organization-logo\"},\"image\":{\"@id\":\"https:\/\/testwebsite.citygame.com\/no\/games\/gorinchem\/secrets-of-gorinchem\/#local-main-organization-logo\"},\"sameAs\":[\"https:\/\/www.facebook.com\/profile.php?id=100086426226253\",\"https:\/\/www.instagram.com\/citygame_com\",\"https:\/\/www.tiktok.com\/@citygamecom\/\",\"https:\/\/www.linkedin.com\/company\/citygame-com\"],\"description\":\"Turn any city into a playground with our interactive City Games and self-guided tours. Fun, flexible, and ideal for groups and team building.\",\"telephone\":[],\"openingHoursSpecification\":[{\"@type\":\"OpeningHoursSpecification\",\"dayOfWeek\":[\"Monday\",\"Tuesday\",\"Wednesday\",\"Thursday\",\"Friday\",\"Saturday\",\"Sunday\"],\"opens\":\"09:00\",\"closes\":\"17:00\"}]},{\"@type\":\"ImageObject\",\"inLanguage\":\"nb-NO\",\"@id\":\"https:\/\/testwebsite.citygame.com\/no\/games\/gorinchem\/secrets-of-gorinchem\/#local-main-organization-logo\",\"url\":\"https:\/\/testwebsite.citygame.com\/wp-content\/blogs.dir\/1\/files\/sites\/62\/2025\/10\/CG_LOGO-City-Game.png\",\"contentUrl\":\"https:\/\/testwebsite.citygame.com\/wp-content\/blogs.dir\/1\/files\/sites\/62\/2025\/10\/CG_LOGO-City-Game.png\",\"width\":351,\"height\":377,\"caption\":\"City Game\"}]}<\/script>\n<!-- \/ Yoast SEO Premium plugin. -->","yoast_head_json":{"title":"Secrets of Gorinchem - City Game","description":"Secrets of Gorinchem. Spill et selvguidet byspill og utforsk byen gjennom g\u00e5ter, ledetr\u00e5der og utfordringer. Spill i ditt eget tempo og oppdag som en lokal!","robots":{"index":"noindex","follow":"follow","max-snippet":"max-snippet:-1","max-image-preview":"max-image-preview:large","max-video-preview":"max-video-preview:-1"},"og_locale":"nb_NO","og_type":"article","og_title":"Secrets of Gorinchem","og_description":"Secrets of Gorinchem. Spill et selvguidet byspill og utforsk byen gjennom g\u00e5ter, ledetr\u00e5der og utfordringer. Spill i ditt eget tempo og oppdag som en lokal!","og_url":"https:\/\/testwebsite.citygame.com\/no\/games\/gorinchem\/secrets-of-gorinchem\/","og_site_name":"City Game","article_publisher":"https:\/\/www.facebook.com\/profile.php?id=100086426226253","article_modified_time":"2026-04-09T09:32:57+00:00","og_image":[{"width":1024,"height":1024,"url":"https:\/\/testwebsite.citygame.com\/wp-content\/blogs.dir\/1\/files\/sites\/62\/2026\/03\/woman-playing-city-game-gorinchem-fortifications-icarus-sculpture.jpg","type":"image\/jpeg"}],"twitter_card":"summary_large_image","twitter_misc":{"Ansl. lesetid":"1 minutt"},"schema":{"@context":"https:\/\/schema.org","@graph":[{"@type":"WebPage","@id":"https:\/\/testwebsite.citygame.com\/no\/games\/gorinchem\/secrets-of-gorinchem\/","url":"https:\/\/testwebsite.citygame.com\/no\/games\/gorinchem\/secrets-of-gorinchem\/","name":"Secrets of Gorinchem - City Game","isPartOf":{"@id":"https:\/\/testwebsite.upevents.nl\/#website"},"primaryImageOfPage":{"@id":"https:\/\/testwebsite.citygame.com\/no\/games\/gorinchem\/secrets-of-gorinchem\/#primaryimage"},"image":{"@id":"https:\/\/testwebsite.citygame.com\/no\/games\/gorinchem\/secrets-of-gorinchem\/#primaryimage"},"thumbnailUrl":"https:\/\/testwebsite.citygame.com\/wp-content\/blogs.dir\/1\/files\/sites\/62\/2026\/03\/woman-playing-city-game-gorinchem-fortifications-icarus-sculpture.jpg","datePublished":"2026-03-16T09:02:21+00:00","dateModified":"2026-04-09T09:32:57+00:00","description":"Secrets of Gorinchem. Spill et selvguidet byspill og utforsk byen gjennom g\u00e5ter, ledetr\u00e5der og utfordringer. Spill i ditt eget tempo og oppdag som en lokal!","breadcrumb":{"@id":"https:\/\/testwebsite.citygame.com\/no\/games\/gorinchem\/secrets-of-gorinchem\/#breadcrumb"},"inLanguage":"nb-NO","potentialAction":[{"@type":"ReadAction","target":["https:\/\/testwebsite.citygame.com\/no\/games\/gorinchem\/secrets-of-gorinchem\/"]}]},{"@type":"ImageObject","inLanguage":"nb-NO","@id":"https:\/\/testwebsite.citygame.com\/no\/games\/gorinchem\/secrets-of-gorinchem\/#primaryimage","url":"https:\/\/testwebsite.citygame.com\/wp-content\/blogs.dir\/1\/files\/sites\/62\/2026\/03\/woman-playing-city-game-gorinchem-fortifications-icarus-sculpture.jpg","contentUrl":"https:\/\/testwebsite.citygame.com\/wp-content\/blogs.dir\/1\/files\/sites\/62\/2026\/03\/woman-playing-city-game-gorinchem-fortifications-icarus-sculpture.jpg","width":1024,"height":1024,"caption":"A woman explores the historic fortifications of Gorinchem while playing an interactive game on her smartphone."},{"@type":"BreadcrumbList","@id":"https:\/\/testwebsite.citygame.com\/no\/games\/gorinchem\/secrets-of-gorinchem\/#breadcrumb","itemListElement":[{"@type":"ListItem","position":1,"name":"Home","item":"https:\/\/testwebsite.citygame.com\/no\/"},{"@type":"ListItem","position":2,"name":"Shop","item":"https:\/\/testwebsite.citygame.com\/shop\/"},{"@type":"ListItem","position":3,"name":"Secrets of Gorinchem"}]},{"@type":"WebSite","@id":"https:\/\/testwebsite.upevents.nl\/#website","url":"https:\/\/testwebsite.upevents.nl\/","name":"City Game","description":"","publisher":{"@id":"https:\/\/testwebsite.upevents.nl\/#organization"},"alternateName":"citygame.com","potentialAction":[{"@type":"SearchAction","target":{"@type":"EntryPoint","urlTemplate":"https:\/\/testwebsite.upevents.nl\/?s={search_term_string}"},"query-input":{"@type":"PropertyValueSpecification","valueRequired":true,"valueName":"search_term_string"}}],"inLanguage":"nb-NO"},{"@type":["Organization","Place"],"@id":"https:\/\/testwebsite.upevents.nl\/#organization","name":"City Game","alternateName":"citygame.com","url":"https:\/\/testwebsite.upevents.nl\/","logo":{"@id":"https:\/\/testwebsite.citygame.com\/no\/games\/gorinchem\/secrets-of-gorinchem\/#local-main-organization-logo"},"image":{"@id":"https:\/\/testwebsite.citygame.com\/no\/games\/gorinchem\/secrets-of-gorinchem\/#local-main-organization-logo"},"sameAs":["https:\/\/www.facebook.com\/profile.php?id=100086426226253","https:\/\/www.instagram.com\/citygame_com","https:\/\/www.tiktok.com\/@citygamecom\/","https:\/\/www.linkedin.com\/company\/citygame-com"],"description":"Turn any city into a playground with our interactive City Games and self-guided tours. Fun, flexible, and ideal for groups and team building.","telephone":[],"openingHoursSpecification":[{"@type":"OpeningHoursSpecification","dayOfWeek":["Monday","Tuesday","Wednesday","Thursday","Friday","Saturday","Sunday"],"opens":"09:00","closes":"17:00"}]},{"@type":"ImageObject","inLanguage":"nb-NO","@id":"https:\/\/testwebsite.citygame.com\/no\/games\/gorinchem\/secrets-of-gorinchem\/#local-main-organization-logo","url":"https:\/\/testwebsite.citygame.com\/wp-content\/blogs.dir\/1\/files\/sites\/62\/2025\/10\/CG_LOGO-City-Game.png","contentUrl":"https:\/\/testwebsite.citygame.com\/wp-content\/blogs.dir\/1\/files\/sites\/62\/2025\/10\/CG_LOGO-City-Game.png","width":351,"height":377,"caption":"City Game"}]}},"taxonomy_info":{"game-concept":[{"value":723,"label":"Secrets"}],"location":[{"value":180,"label":"Gorinchem"}],"product_cat":[{"value":27,"label":"Geen categorie"}]},"featured_image_src_large":["https:\/\/testwebsite.citygame.com\/wp-content\/blogs.dir\/1\/files\/sites\/62\/2026\/03\/woman-playing-city-game-gorinchem-fortifications-icarus-sculpture.jpg",1024,1024,false],"author_info":[],"comment_info":"","_links":{"self":[{"href":"https:\/\/testwebsite.citygame.com\/no\/wp-json\/wp\/v2\/product\/67665","targetHints":{"allow":["GET"]}}],"collection":[{"href":"https:\/\/testwebsite.citygame.com\/no\/wp-json\/wp\/v2\/product"}],"about":[{"href":"https:\/\/testwebsite.citygame.com\/no\/wp-json\/wp\/v2\/types\/product"}],"acf:post":[{"embeddable":true,"href":"https:\/\/testwebsite.citygame.com\/no\/wp-json\/wp\/v2\/pages\/13447"}],"wp:featuredmedia":[{"embeddable":true,"href":"https:\/\/testwebsite.citygame.com\/no\/wp-json\/wp\/v2\/media\/18985"}],"wp:attachment":[{"href":"https:\/\/testwebsite.citygame.com\/no\/wp-json\/wp\/v2\/media?parent=67665"}],"wp:term":[{"taxonomy":"game-concept","embeddable":true,"href":"https:\/\/testwebsite.citygame.com\/no\/wp-json\/wp\/v2\/game-concept?post=67665"},{"taxonomy":"location","embeddable":true,"href":"https:\/\/testwebsite.citygame.com\/no\/wp-json\/wp\/v2\/location?post=67665"},{"taxonomy":"product_brand","embeddable":true,"href":"https:\/\/testwebsite.citygame.com\/no\/wp-json\/wp\/v2\/product_brand?post=67665"},{"taxonomy":"product_cat","embeddable":true,"href":"https:\/\/testwebsite.citygame.com\/no\/wp-json\/wp\/v2\/product_cat?post=67665"},{"taxonomy":"product_tag","embeddable":true,"href":"https:\/\/testwebsite.citygame.com\/no\/wp-json\/wp\/v2\/product_tag?post=67665"}],"curies":[{"name":"wp","href":"https:\/\/api.w.org\/{rel}","templated":true}]}}