{"id":66454,"date":"2026-03-13T17:13:40","date_gmt":"2026-03-13T17:13:40","guid":{"rendered":"https:\/\/testwebsite.citygame.com\/games\/unknown-location\/secrets-of-hellevoetsluis\/"},"modified":"2026-04-08T20:18:13","modified_gmt":"2026-04-08T20:18:13","slug":"secrets-of-hellevoetsluis","status":"publish","type":"product","link":"https:\/\/testwebsite.citygame.com\/no\/games\/hellevoetsluis\/secrets-of-hellevoetsluis\/","title":{"rendered":"Secrets of Hellevoetsluis"},"content":{"rendered":"<p>Avdekk sjarmen til Hellevoetsluis med v\u00e5rt selvguidede &#8216;Secrets of Hellevoetsluis City Game&#8217;. Dette GPS-baserte utforskingsspillet inviterer deg til \u00e5 utforske sentrum av Hellevoetsluis, ved \u00e5 bruke smarttelefonen din til \u00e5 dykke ned i en myriade av g\u00e5ter, sp\u00f8rsm\u00e5l og fotoutfordringer. Spillet gir ikke bare en interaktiv plattform for \u00e5 oppdage Hellevoetsluis, men lar ogs\u00e5 spillere avdekke byens fascinerende historie, kultur og skjulte detaljer. Som en engasjerende m\u00e5te \u00e5 reise gjennom Hellevoetsluis p\u00e5, er dette byutforskningsspillet den perfekte aktiviteten for b\u00e5de bes\u00f8kende og lokale. Enten du er en solo-utforsker eller del av et par, en familie eller en vennegjeng, tilbyr &#8216;Secrets of Hellevoetsluis City Game&#8217; en minneverdig reise inn i hjertet av denne spennende byen.<\/p>\n","protected":false},"excerpt":{"rendered":"<p>Opplev Hellevoetsluis&#8217; skjulte skatter! Dykk ned i en by hvor ekkoet av historiske kriger m\u00f8ter maritim prakt, og hver brosteinsbelagte sti er et spor som leder deg gjennom en fortelling om tid. Traverser havnesenteret og de dekadente festningene \u2013 Hellevoetsluis er full av flerlags mysterier som venter p\u00e5 \u00e5 bli avsl\u00f8rt!<\/p>\n","protected":false},"featured_media":18808,"template":"","meta":{"_acf_changed":false,"_yoast_wpseo_focuskw":"Secrets of Hellevoetsluis","_yoast_wpseo_metadesc":"Secrets of Hellevoetsluis. Spill et selvguidet byspill og utforsk byen gjennom g\u00e5ter, sp\u00f8rsm\u00e5l og utfordringer. Spill i ditt eget tempo og oppdag som en lokal!","_kad_blocks_custom_css":"","_kad_blocks_head_custom_js":"","_kad_blocks_body_custom_js":"","_kad_blocks_footer_custom_js":"","ghostkit_customizer_options":"","ghostkit_custom_css":"","ghostkit_custom_js_head":"","ghostkit_custom_js_foot":"","ghostkit_typography":"","_kad_post_transparent":"","_kad_post_title":"","_kad_post_layout":"","_kad_post_sidebar_id":"","_kad_post_content_style":"","_kad_post_vertical_padding":"","_kad_post_feature":"","_kad_post_feature_position":"","_kad_post_header":false,"_kad_post_footer":false,"_kad_post_classname":"","_links_to":"","_links_to_target":""},"game-concept":[723],"location":[196],"product_brand":[],"product_cat":[27],"product_tag":[],"class_list":{"0":"post-66454","1":"product","2":"type-product","3":"status-publish","4":"has-post-thumbnail","6":"game-concept-secrets","7":"location-hellevoetsluis","8":"product_cat-geen-categorie","10":"first","11":"instock","12":"shipping-taxable","13":"purchasable","14":"product-type-simple","15":"entry","16":"content-bg","17":"loop-entry"},"acf":{"full_bokun_product_name":"Self-Guided Secrets of Hellevoetsluis Exploration Game","location_name":"Hellevoetsluis","bokun_calendar_widget_code":"<script type=\"text\/javascript\" src=\"https:\/\/widgets.bokun.io\/assets\/javascripts\/apps\/build\/BokunWidgetsLoader.js?bookingChannelUUID=a1e93e96-5232-4734-a595-28405f4b5a31\" async><\/script>\n     \n    <div class=\"bokunWidget\" data-src=\"https:\/\/widgets.bokun.io\/online-sales\/a1e93e96-5232-4734-a595-28405f4b5a31\/experience-calendar\/885152\"><\/div>\n    <noscript>Please enable javascript in your browser to book<\/noscript>","bokun_button_widget_code":"<script type=\"text\/javascript\" src=\"https:\/\/widgets.bokun.io\/assets\/javascripts\/apps\/build\/BokunWidgetsLoader.js?bookingChannelUUID=a1e93e96-5232-4734-a595-28405f4b5a31\" async><\/script>\n      <style> #bokun_ed001e45_5927_4f62_b470_ca766338d083 { display: inline-block; padding: .4em 1em; background: #47b82e; border-radius: 999999px; box-shadow: none; font-weight: 600; font-size: 24px; text-decoration: none; text-align: center; color: #FFFFFF; border:none; cursor: pointer; transition: background .2s ease; } #bokun_ed001e45_5927_4f62_b470_ca766338d083:hover{ background: #2f7b1f; } #bokun_ed001e45_5927_4f62_b470_ca766338d083:active{ background: #378f24; } <\/style> <button class=\"bokunButton\" disabled id=bokun_ed001e45_5927_4f62_b470_ca766338d083 data-src=\"https:\/\/widgets.bokun.io\/online-sales\/a1e93e96-5232-4734-a595-28405f4b5a31\/experience-calendar\/885152?partialView=1\" data-testid=\"widget-book-button\" > Book now <\/button> ","what_you\u2019ll_experience_during_the_game":"Mens du deltar i 'Secrets of Hellevoetsluis City Game', vil du oppdage byen p\u00e5 en m\u00e5te du aldri har gjort f\u00f8r. Som en hybrid av fengslende historiefortelling og sightseeing, leder spillet deg gjennom b\u00e5de kjente og skjulte steder i Hellevoetsluis. Under reisen vil du komme til steder som garantert vil imponere deg, for eksempel visse fengslende punkter langs koordinatene 51.82490672535633,4.129899920624808 og 51.82531990000001,4.1279202999999995. Du vil avdekke historier som er innbakt i steder du kanskje aldri ville ha lagt merke til p\u00e5 dine vanlige turer rundt i byen. Ditt oppdrag: \u00e5 suge inn den unike atmosf\u00e6ren og rytmen i Hellevoetsluis, og bli ett med byens landskap.\n\nFor \u00e5 komme videre i spillet, vil du dykke ned i en rekke utfordrende g\u00e5ter og sp\u00f8rsm\u00e5l, hvor hvert riktig svar gir deg poeng og bringer deg et skritt n\u00e6rmere \u00e5 l\u00f8se spillets overordnede mysterium. Kreative fotoutfordringer vil presse deg til ikke bare \u00e5 se, men virkelig observere Hellevoetsluis; sp\u00f8rsm\u00e5l vil teste din oppmerksomhet p\u00e5 detaljer. For de som trives med litt konkurranse, er det en mulighet til \u00e5 kapre ekstra poeng for en topplassering p\u00e5 poengtavlen. Fleksibiliteten til City Game lar deg ta en pause n\u00e5r du vil, og fortsette der du slapp. Gj\u00f8r deg klar til \u00e5 begi deg ut p\u00e5 en uvanlig oppdagelsesreise i Hellevoetsluis med dette innovative utforskningsspillet.","how_to_play":"Bestill utforskningsspillet, sjekk e-posten vi sender deg med de enkle instruksjonene, last ned Loquiz-appen, f\u00e5 tilgang til utforskningsspillet og du er klar til \u00e5 starte din spillopplevelse!","start_location":"Hellevoetsluis, Plein Fort Haerlem","available_languages":["en"],"players_per_group":"1-4","duration":"1.5-2 hours","image_overlay_color_image":"https:\/\/testwebsite.citygame.com\/wp-content\/blogs.dir\/1\/files\/sites\/62\/2026\/01\/SecretsColor.svg","image_overlay_game_logo":"https:\/\/testwebsite.citygame.com\/wp-content\/blogs.dir\/1\/files\/sites\/62\/2026\/01\/SecretsLogo.png","city_page":15815,"woocommerce_general_content":null},"yoast_head":"<!-- This site is optimized with the Yoast SEO Premium plugin v26.2 (Yoast SEO v26.3) - https:\/\/yoast.com\/wordpress\/plugins\/seo\/ -->\n<title>Secrets of Hellevoetsluis - City Game<\/title>\n<meta name=\"description\" content=\"Secrets of Hellevoetsluis. Spill et selvguidet byspill og utforsk byen gjennom g\u00e5ter, sp\u00f8rsm\u00e5l og utfordringer. Spill i ditt eget tempo og oppdag som en lokal!\" \/>\n<meta name=\"robots\" content=\"noindex, follow, max-snippet:-1, max-image-preview:large, max-video-preview:-1\" \/>\n<meta property=\"og:locale\" content=\"nb_NO\" \/>\n<meta property=\"og:type\" content=\"article\" \/>\n<meta property=\"og:title\" content=\"Secrets of Hellevoetsluis\" \/>\n<meta property=\"og:description\" content=\"Secrets of Hellevoetsluis. Spill et selvguidet byspill og utforsk byen gjennom g\u00e5ter, sp\u00f8rsm\u00e5l og utfordringer. Spill i ditt eget tempo og oppdag som en lokal!\" \/>\n<meta property=\"og:url\" content=\"https:\/\/testwebsite.citygame.com\/no\/games\/hellevoetsluis\/secrets-of-hellevoetsluis\/\" \/>\n<meta property=\"og:site_name\" content=\"City Game\" \/>\n<meta property=\"article:publisher\" content=\"https:\/\/www.facebook.com\/profile.php?id=100086426226253\" \/>\n<meta property=\"article:modified_time\" content=\"2026-04-08T20:18:13+00:00\" \/>\n<meta property=\"og:image\" content=\"https:\/\/testwebsite.citygame.com\/wp-content\/blogs.dir\/1\/files\/sites\/62\/2026\/03\/group-of-players-de-hoop-windmill-hellevoetsluis.jpg\" \/>\n\t<meta property=\"og:image:width\" content=\"1024\" \/>\n\t<meta property=\"og:image:height\" content=\"1024\" \/>\n\t<meta property=\"og:image:type\" content=\"image\/jpeg\" \/>\n<meta name=\"twitter:card\" content=\"summary_large_image\" \/>\n<meta name=\"twitter:label1\" content=\"Ansl. lesetid\" \/>\n\t<meta name=\"twitter:data1\" content=\"1 minutt\" \/>\n<script type=\"application\/ld+json\" class=\"yoast-schema-graph\">{\"@context\":\"https:\/\/schema.org\",\"@graph\":[{\"@type\":\"WebPage\",\"@id\":\"https:\/\/testwebsite.citygame.com\/no\/games\/hellevoetsluis\/secrets-of-hellevoetsluis\/\",\"url\":\"https:\/\/testwebsite.citygame.com\/no\/games\/hellevoetsluis\/secrets-of-hellevoetsluis\/\",\"name\":\"Secrets of Hellevoetsluis - City Game\",\"isPartOf\":{\"@id\":\"https:\/\/testwebsite.upevents.nl\/#website\"},\"primaryImageOfPage\":{\"@id\":\"https:\/\/testwebsite.citygame.com\/no\/games\/hellevoetsluis\/secrets-of-hellevoetsluis\/#primaryimage\"},\"image\":{\"@id\":\"https:\/\/testwebsite.citygame.com\/no\/games\/hellevoetsluis\/secrets-of-hellevoetsluis\/#primaryimage\"},\"thumbnailUrl\":\"https:\/\/testwebsite.citygame.com\/wp-content\/blogs.dir\/1\/files\/sites\/62\/2026\/03\/group-of-players-de-hoop-windmill-hellevoetsluis.jpg\",\"datePublished\":\"2026-03-13T17:13:40+00:00\",\"dateModified\":\"2026-04-08T20:18:13+00:00\",\"description\":\"Secrets of Hellevoetsluis. Spill et selvguidet byspill og utforsk byen gjennom g\u00e5ter, sp\u00f8rsm\u00e5l og utfordringer. Spill i ditt eget tempo og oppdag som en lokal!\",\"breadcrumb\":{\"@id\":\"https:\/\/testwebsite.citygame.com\/no\/games\/hellevoetsluis\/secrets-of-hellevoetsluis\/#breadcrumb\"},\"inLanguage\":\"nb-NO\",\"potentialAction\":[{\"@type\":\"ReadAction\",\"target\":[\"https:\/\/testwebsite.citygame.com\/no\/games\/hellevoetsluis\/secrets-of-hellevoetsluis\/\"]}]},{\"@type\":\"ImageObject\",\"inLanguage\":\"nb-NO\",\"@id\":\"https:\/\/testwebsite.citygame.com\/no\/games\/hellevoetsluis\/secrets-of-hellevoetsluis\/#primaryimage\",\"url\":\"https:\/\/testwebsite.citygame.com\/wp-content\/blogs.dir\/1\/files\/sites\/62\/2026\/03\/group-of-players-de-hoop-windmill-hellevoetsluis.jpg\",\"contentUrl\":\"https:\/\/testwebsite.citygame.com\/wp-content\/blogs.dir\/1\/files\/sites\/62\/2026\/03\/group-of-players-de-hoop-windmill-hellevoetsluis.jpg\",\"width\":1024,\"height\":1024,\"caption\":\"A group of friends gathers around a smartphone near the historic De Hoop windmill in Hellevoetsluis.\"},{\"@type\":\"BreadcrumbList\",\"@id\":\"https:\/\/testwebsite.citygame.com\/no\/games\/hellevoetsluis\/secrets-of-hellevoetsluis\/#breadcrumb\",\"itemListElement\":[{\"@type\":\"ListItem\",\"position\":1,\"name\":\"Home\",\"item\":\"https:\/\/testwebsite.citygame.com\/no\/\"},{\"@type\":\"ListItem\",\"position\":2,\"name\":\"Shop\",\"item\":\"https:\/\/testwebsite.citygame.com\/shop\/\"},{\"@type\":\"ListItem\",\"position\":3,\"name\":\"Secrets of Hellevoetsluis\"}]},{\"@type\":\"WebSite\",\"@id\":\"https:\/\/testwebsite.upevents.nl\/#website\",\"url\":\"https:\/\/testwebsite.upevents.nl\/\",\"name\":\"City Game\",\"description\":\"\",\"publisher\":{\"@id\":\"https:\/\/testwebsite.upevents.nl\/#organization\"},\"alternateName\":\"citygame.com\",\"potentialAction\":[{\"@type\":\"SearchAction\",\"target\":{\"@type\":\"EntryPoint\",\"urlTemplate\":\"https:\/\/testwebsite.upevents.nl\/?s={search_term_string}\"},\"query-input\":{\"@type\":\"PropertyValueSpecification\",\"valueRequired\":true,\"valueName\":\"search_term_string\"}}],\"inLanguage\":\"nb-NO\"},{\"@type\":[\"Organization\",\"Place\"],\"@id\":\"https:\/\/testwebsite.upevents.nl\/#organization\",\"name\":\"City Game\",\"alternateName\":\"citygame.com\",\"url\":\"https:\/\/testwebsite.upevents.nl\/\",\"logo\":{\"@id\":\"https:\/\/testwebsite.citygame.com\/no\/games\/hellevoetsluis\/secrets-of-hellevoetsluis\/#local-main-organization-logo\"},\"image\":{\"@id\":\"https:\/\/testwebsite.citygame.com\/no\/games\/hellevoetsluis\/secrets-of-hellevoetsluis\/#local-main-organization-logo\"},\"sameAs\":[\"https:\/\/www.facebook.com\/profile.php?id=100086426226253\",\"https:\/\/www.instagram.com\/citygame_com\",\"https:\/\/www.tiktok.com\/@citygamecom\/\",\"https:\/\/www.linkedin.com\/company\/citygame-com\"],\"description\":\"Turn any city into a playground with our interactive City Games and self-guided tours. Fun, flexible, and ideal for groups and team building.\",\"telephone\":[],\"openingHoursSpecification\":[{\"@type\":\"OpeningHoursSpecification\",\"dayOfWeek\":[\"Monday\",\"Tuesday\",\"Wednesday\",\"Thursday\",\"Friday\",\"Saturday\",\"Sunday\"],\"opens\":\"09:00\",\"closes\":\"17:00\"}]},{\"@type\":\"ImageObject\",\"inLanguage\":\"nb-NO\",\"@id\":\"https:\/\/testwebsite.citygame.com\/no\/games\/hellevoetsluis\/secrets-of-hellevoetsluis\/#local-main-organization-logo\",\"url\":\"https:\/\/testwebsite.citygame.com\/wp-content\/blogs.dir\/1\/files\/sites\/62\/2025\/10\/CG_LOGO-City-Game.png\",\"contentUrl\":\"https:\/\/testwebsite.citygame.com\/wp-content\/blogs.dir\/1\/files\/sites\/62\/2025\/10\/CG_LOGO-City-Game.png\",\"width\":351,\"height\":377,\"caption\":\"City Game\"}]}<\/script>\n<!-- \/ Yoast SEO Premium plugin. -->","yoast_head_json":{"title":"Secrets of Hellevoetsluis - City Game","description":"Secrets of Hellevoetsluis. Spill et selvguidet byspill og utforsk byen gjennom g\u00e5ter, sp\u00f8rsm\u00e5l og utfordringer. Spill i ditt eget tempo og oppdag som en lokal!","robots":{"index":"noindex","follow":"follow","max-snippet":"max-snippet:-1","max-image-preview":"max-image-preview:large","max-video-preview":"max-video-preview:-1"},"og_locale":"nb_NO","og_type":"article","og_title":"Secrets of Hellevoetsluis","og_description":"Secrets of Hellevoetsluis. Spill et selvguidet byspill og utforsk byen gjennom g\u00e5ter, sp\u00f8rsm\u00e5l og utfordringer. Spill i ditt eget tempo og oppdag som en lokal!","og_url":"https:\/\/testwebsite.citygame.com\/no\/games\/hellevoetsluis\/secrets-of-hellevoetsluis\/","og_site_name":"City Game","article_publisher":"https:\/\/www.facebook.com\/profile.php?id=100086426226253","article_modified_time":"2026-04-08T20:18:13+00:00","og_image":[{"width":1024,"height":1024,"url":"https:\/\/testwebsite.citygame.com\/wp-content\/blogs.dir\/1\/files\/sites\/62\/2026\/03\/group-of-players-de-hoop-windmill-hellevoetsluis.jpg","type":"image\/jpeg"}],"twitter_card":"summary_large_image","twitter_misc":{"Ansl. lesetid":"1 minutt"},"schema":{"@context":"https:\/\/schema.org","@graph":[{"@type":"WebPage","@id":"https:\/\/testwebsite.citygame.com\/no\/games\/hellevoetsluis\/secrets-of-hellevoetsluis\/","url":"https:\/\/testwebsite.citygame.com\/no\/games\/hellevoetsluis\/secrets-of-hellevoetsluis\/","name":"Secrets of Hellevoetsluis - City Game","isPartOf":{"@id":"https:\/\/testwebsite.upevents.nl\/#website"},"primaryImageOfPage":{"@id":"https:\/\/testwebsite.citygame.com\/no\/games\/hellevoetsluis\/secrets-of-hellevoetsluis\/#primaryimage"},"image":{"@id":"https:\/\/testwebsite.citygame.com\/no\/games\/hellevoetsluis\/secrets-of-hellevoetsluis\/#primaryimage"},"thumbnailUrl":"https:\/\/testwebsite.citygame.com\/wp-content\/blogs.dir\/1\/files\/sites\/62\/2026\/03\/group-of-players-de-hoop-windmill-hellevoetsluis.jpg","datePublished":"2026-03-13T17:13:40+00:00","dateModified":"2026-04-08T20:18:13+00:00","description":"Secrets of Hellevoetsluis. Spill et selvguidet byspill og utforsk byen gjennom g\u00e5ter, sp\u00f8rsm\u00e5l og utfordringer. Spill i ditt eget tempo og oppdag som en lokal!","breadcrumb":{"@id":"https:\/\/testwebsite.citygame.com\/no\/games\/hellevoetsluis\/secrets-of-hellevoetsluis\/#breadcrumb"},"inLanguage":"nb-NO","potentialAction":[{"@type":"ReadAction","target":["https:\/\/testwebsite.citygame.com\/no\/games\/hellevoetsluis\/secrets-of-hellevoetsluis\/"]}]},{"@type":"ImageObject","inLanguage":"nb-NO","@id":"https:\/\/testwebsite.citygame.com\/no\/games\/hellevoetsluis\/secrets-of-hellevoetsluis\/#primaryimage","url":"https:\/\/testwebsite.citygame.com\/wp-content\/blogs.dir\/1\/files\/sites\/62\/2026\/03\/group-of-players-de-hoop-windmill-hellevoetsluis.jpg","contentUrl":"https:\/\/testwebsite.citygame.com\/wp-content\/blogs.dir\/1\/files\/sites\/62\/2026\/03\/group-of-players-de-hoop-windmill-hellevoetsluis.jpg","width":1024,"height":1024,"caption":"A group of friends gathers around a smartphone near the historic De Hoop windmill in Hellevoetsluis."},{"@type":"BreadcrumbList","@id":"https:\/\/testwebsite.citygame.com\/no\/games\/hellevoetsluis\/secrets-of-hellevoetsluis\/#breadcrumb","itemListElement":[{"@type":"ListItem","position":1,"name":"Home","item":"https:\/\/testwebsite.citygame.com\/no\/"},{"@type":"ListItem","position":2,"name":"Shop","item":"https:\/\/testwebsite.citygame.com\/shop\/"},{"@type":"ListItem","position":3,"name":"Secrets of Hellevoetsluis"}]},{"@type":"WebSite","@id":"https:\/\/testwebsite.upevents.nl\/#website","url":"https:\/\/testwebsite.upevents.nl\/","name":"City Game","description":"","publisher":{"@id":"https:\/\/testwebsite.upevents.nl\/#organization"},"alternateName":"citygame.com","potentialAction":[{"@type":"SearchAction","target":{"@type":"EntryPoint","urlTemplate":"https:\/\/testwebsite.upevents.nl\/?s={search_term_string}"},"query-input":{"@type":"PropertyValueSpecification","valueRequired":true,"valueName":"search_term_string"}}],"inLanguage":"nb-NO"},{"@type":["Organization","Place"],"@id":"https:\/\/testwebsite.upevents.nl\/#organization","name":"City Game","alternateName":"citygame.com","url":"https:\/\/testwebsite.upevents.nl\/","logo":{"@id":"https:\/\/testwebsite.citygame.com\/no\/games\/hellevoetsluis\/secrets-of-hellevoetsluis\/#local-main-organization-logo"},"image":{"@id":"https:\/\/testwebsite.citygame.com\/no\/games\/hellevoetsluis\/secrets-of-hellevoetsluis\/#local-main-organization-logo"},"sameAs":["https:\/\/www.facebook.com\/profile.php?id=100086426226253","https:\/\/www.instagram.com\/citygame_com","https:\/\/www.tiktok.com\/@citygamecom\/","https:\/\/www.linkedin.com\/company\/citygame-com"],"description":"Turn any city into a playground with our interactive City Games and self-guided tours. Fun, flexible, and ideal for groups and team building.","telephone":[],"openingHoursSpecification":[{"@type":"OpeningHoursSpecification","dayOfWeek":["Monday","Tuesday","Wednesday","Thursday","Friday","Saturday","Sunday"],"opens":"09:00","closes":"17:00"}]},{"@type":"ImageObject","inLanguage":"nb-NO","@id":"https:\/\/testwebsite.citygame.com\/no\/games\/hellevoetsluis\/secrets-of-hellevoetsluis\/#local-main-organization-logo","url":"https:\/\/testwebsite.citygame.com\/wp-content\/blogs.dir\/1\/files\/sites\/62\/2025\/10\/CG_LOGO-City-Game.png","contentUrl":"https:\/\/testwebsite.citygame.com\/wp-content\/blogs.dir\/1\/files\/sites\/62\/2025\/10\/CG_LOGO-City-Game.png","width":351,"height":377,"caption":"City Game"}]}},"taxonomy_info":{"game-concept":[{"value":723,"label":"Secrets"}],"location":[{"value":196,"label":"Hellevoetsluis"}],"product_cat":[{"value":27,"label":"Geen categorie"}]},"featured_image_src_large":["https:\/\/testwebsite.citygame.com\/wp-content\/blogs.dir\/1\/files\/sites\/62\/2026\/03\/group-of-players-de-hoop-windmill-hellevoetsluis.jpg",1024,1024,false],"author_info":[],"comment_info":"","_links":{"self":[{"href":"https:\/\/testwebsite.citygame.com\/no\/wp-json\/wp\/v2\/product\/66454","targetHints":{"allow":["GET"]}}],"collection":[{"href":"https:\/\/testwebsite.citygame.com\/no\/wp-json\/wp\/v2\/product"}],"about":[{"href":"https:\/\/testwebsite.citygame.com\/no\/wp-json\/wp\/v2\/types\/product"}],"acf:post":[{"embeddable":true,"href":"https:\/\/testwebsite.citygame.com\/no\/wp-json\/wp\/v2\/pages\/15815"}],"wp:featuredmedia":[{"embeddable":true,"href":"https:\/\/testwebsite.citygame.com\/no\/wp-json\/wp\/v2\/media\/18808"}],"wp:attachment":[{"href":"https:\/\/testwebsite.citygame.com\/no\/wp-json\/wp\/v2\/media?parent=66454"}],"wp:term":[{"taxonomy":"game-concept","embeddable":true,"href":"https:\/\/testwebsite.citygame.com\/no\/wp-json\/wp\/v2\/game-concept?post=66454"},{"taxonomy":"location","embeddable":true,"href":"https:\/\/testwebsite.citygame.com\/no\/wp-json\/wp\/v2\/location?post=66454"},{"taxonomy":"product_brand","embeddable":true,"href":"https:\/\/testwebsite.citygame.com\/no\/wp-json\/wp\/v2\/product_brand?post=66454"},{"taxonomy":"product_cat","embeddable":true,"href":"https:\/\/testwebsite.citygame.com\/no\/wp-json\/wp\/v2\/product_cat?post=66454"},{"taxonomy":"product_tag","embeddable":true,"href":"https:\/\/testwebsite.citygame.com\/no\/wp-json\/wp\/v2\/product_tag?post=66454"}],"curies":[{"name":"wp","href":"https:\/\/api.w.org\/{rel}","templated":true}]}}