{"id":65591,"date":"2026-02-12T19:44:42","date_gmt":"2026-02-12T19:44:42","guid":{"rendered":"https:\/\/testwebsite.citygame.com\/games\/unknown-location\/sherlock-holmes-dordrecht\/"},"modified":"2026-04-08T16:17:33","modified_gmt":"2026-04-08T16:17:33","slug":"sherlock-holmes-dordrecht","status":"publish","type":"product","link":"https:\/\/testwebsite.citygame.com\/no\/games\/dordrecht\/sherlock-holmes-dordrecht\/","title":{"rendered":"Sherlock Holmes Dordrecht"},"content":{"rendered":"<p>G\u00e5 inn i Sherlock Holmes&#8217; verden med dette selvguidede, historiedrevne mordmysteriet City Game satt i Dordts historiske sentrum. N\u00e5r et mystisk d\u00f8dsfall utspiller seg under Liberty Festival, navigerer du Dordts brosteinsbelagte gater for \u00e5 samle ledetr\u00e5der, l\u00f8se intrikate g\u00e5ter og avh\u00f8re digitale mistenkte. Med full frihet til \u00e5 spille i ditt eget tempo, blir selve byen bakteppet for din oppslukende detektivetterforskning, hvor hvert skritt trekker deg dypere inn i den utviklende fortellingen.<\/p>\n","protected":false},"excerpt":{"rendered":"<p>Sett deg inn i den legendariske Sherlock Holmes&#8217; sko, fordyp deg i et selvguidet mordmysterium midt i hjertet av Dordrecht. Sammen med teamet ditt, f\u00f8lg unnvikende ledetr\u00e5der, l\u00f8s intrikate g\u00e5ter og kappl\u00f8p mot tiden for \u00e5 avsl\u00f8re den rystende sannheten!<\/p>\n","protected":false},"featured_media":13203,"template":"","meta":{"_acf_changed":false,"_yoast_wpseo_focuskw":"Sherlock Holmes Dordrecht","_yoast_wpseo_metadesc":"Sherlock Holmes Dordrecht. Spill et selvguidet mordmysterium City Game, l\u00f8s g\u00e5ter, f\u00f8lg ledetr\u00e5der og avsl\u00f8r morderen i ditt eget tempo!","_kad_blocks_custom_css":"","_kad_blocks_head_custom_js":"","_kad_blocks_body_custom_js":"","_kad_blocks_footer_custom_js":"","ghostkit_customizer_options":"","ghostkit_custom_css":"","ghostkit_custom_js_head":"","ghostkit_custom_js_foot":"","ghostkit_typography":"","_kad_post_transparent":"default","_kad_post_title":"","_kad_post_layout":"default","_kad_post_sidebar_id":"","_kad_post_content_style":"default","_kad_post_vertical_padding":"default","_kad_post_feature":"","_kad_post_feature_position":"","_kad_post_header":false,"_kad_post_footer":false,"_kad_post_classname":"","_links_to":"","_links_to_target":""},"game-concept":[796],"location":[143],"product_brand":[],"product_cat":[27],"product_tag":[],"class_list":{"0":"post-65591","1":"product","2":"type-product","3":"status-publish","4":"has-post-thumbnail","6":"game-concept-sherlock","7":"location-dordrecht","8":"product_cat-geen-categorie","10":"first","11":"instock","12":"shipping-taxable","13":"purchasable","14":"product-type-simple","15":"entry","16":"content-bg","17":"loop-entry"},"acf":{"full_bokun_product_name":"Dordrecht Self-Guided Sherlock Holmes Murder Mystery Game","location_name":"Dordrecht","bokun_calendar_widget_code":"<script type=\"text\/javascript\" src=\"https:\/\/widgets.bokun.io\/assets\/javascripts\/apps\/build\/BokunWidgetsLoader.js?bookingChannelUUID=a1e93e96-5232-4734-a595-28405f4b5a31\" async><\/script>\n     \n    <div class=\"bokunWidget\" data-src=\"https:\/\/widgets.bokun.io\/online-sales\/a1e93e96-5232-4734-a595-28405f4b5a31\/experience-calendar\/820439\"><\/div>\n    <noscript>Please enable javascript in your browser to book<\/noscript>","bokun_button_widget_code":"<script type=\"text\/javascript\" src=\"https:\/\/widgets.bokun.io\/assets\/javascripts\/apps\/build\/BokunWidgetsLoader.js?bookingChannelUUID=a1e93e96-5232-4734-a595-28405f4b5a31\" async><\/script>\n      <style> #bokun_ed001e45_5927_4f62_b470_ca766338d083 { display: inline-block; padding: .4em 1em; background: #47b82e; border-radius: 999999px; box-shadow: none; font-weight: 600; font-size: 24px; text-decoration: none; text-align: center; color: #FFFFFF; border:none; cursor: pointer; transition: background .2s ease; } #bokun_ed001e45_5927_4f62_b470_ca766338d083:hover{ background: #2f7b1f; } #bokun_ed001e45_5927_4f62_b470_ca766338d083:active{ background: #378f24; } <\/style> <button class=\"bokunButton\" disabled id=bokun_ed001e45_5927_4f62_b470_ca766338d083 data-src=\"https:\/\/widgets.bokun.io\/online-sales\/a1e93e96-5232-4734-a595-28405f4b5a31\/experience-calendar\/820439?partialView=1\" data-testid=\"widget-book-button\" > Book now <\/button> ","what_you\u2019ll_experience_during_the_game":"Du trer inn i en fengslende detektivhistorie satt i Dordrecht, hvor et drap under Liberty Festival har kastet byen ut i mystikk. Mens du beveger deg gjennom gatene, utfolder historien seg rundt deg, og trekker deg dypere inn i et komplekst nett av hemmeligheter, l\u00f8gner og skjulte forbindelser. Ved hvert stopp avdekker du ledetr\u00e5der, l\u00f8ser sammenkoblede g\u00e5ter og m\u00f8ter uventede vendinger som omformer etterforskningen. Opplevelsen er fullstendig historiedrevet, og plasserer deg i hjertet av en forbrytelse som krever skarp tenkning og n\u00f8ye observasjon.\r\n\r\nDu avh\u00f8rer digitale mistenkte, analyserer deres alibier og ser etter motsetninger som kan knekke saken vid\u00e5pen. Underveis blir dine deduksjonsferdigheter satt p\u00e5 pr\u00f8ve n\u00e5r du pr\u00f8ver \u00e5 avdekke sannheten bak forbrytelsen uten \u00e5 vite hvem du kan stole p\u00e5. Du kontrollerer tempoet, fritt til \u00e5 pause eller fortsette n\u00e5r du trenger det, noe som gj\u00f8r det ideelt for b\u00e5de solo-detektiver og konkurransedyktige team. Hver beslutning du tar bringer deg ett skritt n\u00e6rmere \u00e5 avsl\u00f8re hva som virkelig skjedde i Dordrecht.","how_to_play":"Arbeid alene eller med venner, familie eller kolleger i team p\u00e5 opptil fire per enhet. Etter bestilling vil du motta en e-post med instruksjoner med alt du trenger.","start_location":"Dordrecht, Stadhuis","available_languages":["en","es","fr","de","it","nl"],"players_per_group":"1-4","duration":"1.5-2 hours","image_overlay_color_image":"https:\/\/testwebsite.citygame.com\/wp-content\/blogs.dir\/1\/files\/sites\/62\/2026\/01\/SherlockColor.svg","image_overlay_game_logo":"https:\/\/testwebsite.citygame.com\/wp-content\/blogs.dir\/1\/files\/sites\/62\/2026\/01\/SherlockLogo.png","city_page":4848,"woocommerce_general_content":null},"yoast_head":"<!-- This site is optimized with the Yoast SEO Premium plugin v26.2 (Yoast SEO v26.3) - https:\/\/yoast.com\/wordpress\/plugins\/seo\/ -->\n<title>Sherlock Holmes Dordrecht - City Game<\/title>\n<meta name=\"description\" content=\"Sherlock Holmes Dordrecht. Spill et selvguidet mordmysterium City Game, l\u00f8s g\u00e5ter, f\u00f8lg ledetr\u00e5der og avsl\u00f8r morderen i ditt eget tempo!\" \/>\n<meta name=\"robots\" content=\"noindex, follow, max-snippet:-1, max-image-preview:large, max-video-preview:-1\" \/>\n<meta property=\"og:locale\" content=\"nb_NO\" \/>\n<meta property=\"og:type\" content=\"article\" \/>\n<meta property=\"og:title\" content=\"Sherlock Holmes Dordrecht\" \/>\n<meta property=\"og:description\" content=\"Sherlock Holmes Dordrecht. Spill et selvguidet mordmysterium City Game, l\u00f8s g\u00e5ter, f\u00f8lg ledetr\u00e5der og avsl\u00f8r morderen i ditt eget tempo!\" \/>\n<meta property=\"og:url\" content=\"https:\/\/testwebsite.citygame.com\/no\/games\/dordrecht\/sherlock-holmes-dordrecht\/\" \/>\n<meta property=\"og:site_name\" content=\"City Game\" \/>\n<meta property=\"article:publisher\" content=\"https:\/\/www.facebook.com\/profile.php?id=100086426226253\" \/>\n<meta property=\"article:modified_time\" content=\"2026-04-08T16:17:33+00:00\" \/>\n<meta property=\"og:image\" content=\"https:\/\/testwebsite.citygame.com\/wp-content\/blogs.dir\/1\/files\/sites\/62\/2026\/02\/man-playing-sherlock-city-game-dordrecht.jpg\" \/>\n\t<meta property=\"og:image:width\" content=\"1024\" \/>\n\t<meta property=\"og:image:height\" content=\"1024\" \/>\n\t<meta property=\"og:image:type\" content=\"image\/jpeg\" \/>\n<meta name=\"twitter:card\" content=\"summary_large_image\" \/>\n<script type=\"application\/ld+json\" class=\"yoast-schema-graph\">{\"@context\":\"https:\/\/schema.org\",\"@graph\":[{\"@type\":\"WebPage\",\"@id\":\"https:\/\/testwebsite.citygame.com\/no\/games\/dordrecht\/sherlock-holmes-dordrecht\/\",\"url\":\"https:\/\/testwebsite.citygame.com\/no\/games\/dordrecht\/sherlock-holmes-dordrecht\/\",\"name\":\"Sherlock Holmes Dordrecht - City Game\",\"isPartOf\":{\"@id\":\"https:\/\/testwebsite.upevents.nl\/#website\"},\"primaryImageOfPage\":{\"@id\":\"https:\/\/testwebsite.citygame.com\/no\/games\/dordrecht\/sherlock-holmes-dordrecht\/#primaryimage\"},\"image\":{\"@id\":\"https:\/\/testwebsite.citygame.com\/no\/games\/dordrecht\/sherlock-holmes-dordrecht\/#primaryimage\"},\"thumbnailUrl\":\"https:\/\/testwebsite.citygame.com\/wp-content\/blogs.dir\/1\/files\/sites\/62\/2026\/02\/man-playing-sherlock-city-game-dordrecht.jpg\",\"datePublished\":\"2026-02-12T19:44:42+00:00\",\"dateModified\":\"2026-04-08T16:17:33+00:00\",\"description\":\"Sherlock Holmes Dordrecht. Spill et selvguidet mordmysterium City Game, l\u00f8s g\u00e5ter, f\u00f8lg ledetr\u00e5der og avsl\u00f8r morderen i ditt eget tempo!\",\"breadcrumb\":{\"@id\":\"https:\/\/testwebsite.citygame.com\/no\/games\/dordrecht\/sherlock-holmes-dordrecht\/#breadcrumb\"},\"inLanguage\":\"nb-NO\",\"potentialAction\":[{\"@type\":\"ReadAction\",\"target\":[\"https:\/\/testwebsite.citygame.com\/no\/games\/dordrecht\/sherlock-holmes-dordrecht\/\"]}]},{\"@type\":\"ImageObject\",\"inLanguage\":\"nb-NO\",\"@id\":\"https:\/\/testwebsite.citygame.com\/no\/games\/dordrecht\/sherlock-holmes-dordrecht\/#primaryimage\",\"url\":\"https:\/\/testwebsite.citygame.com\/wp-content\/blogs.dir\/1\/files\/sites\/62\/2026\/02\/man-playing-sherlock-city-game-dordrecht.jpg\",\"contentUrl\":\"https:\/\/testwebsite.citygame.com\/wp-content\/blogs.dir\/1\/files\/sites\/62\/2026\/02\/man-playing-sherlock-city-game-dordrecht.jpg\",\"width\":1024,\"height\":1024,\"caption\":\"A player uses his smartphone to solve challenges while exploring the streets of Dordrecht.\"},{\"@type\":\"BreadcrumbList\",\"@id\":\"https:\/\/testwebsite.citygame.com\/no\/games\/dordrecht\/sherlock-holmes-dordrecht\/#breadcrumb\",\"itemListElement\":[{\"@type\":\"ListItem\",\"position\":1,\"name\":\"Home\",\"item\":\"https:\/\/testwebsite.citygame.com\/no\/\"},{\"@type\":\"ListItem\",\"position\":2,\"name\":\"Shop\",\"item\":\"https:\/\/testwebsite.citygame.com\/shop\/\"},{\"@type\":\"ListItem\",\"position\":3,\"name\":\"Sherlock Holmes Dordrecht\"}]},{\"@type\":\"WebSite\",\"@id\":\"https:\/\/testwebsite.upevents.nl\/#website\",\"url\":\"https:\/\/testwebsite.upevents.nl\/\",\"name\":\"City Game\",\"description\":\"\",\"publisher\":{\"@id\":\"https:\/\/testwebsite.upevents.nl\/#organization\"},\"alternateName\":\"citygame.com\",\"potentialAction\":[{\"@type\":\"SearchAction\",\"target\":{\"@type\":\"EntryPoint\",\"urlTemplate\":\"https:\/\/testwebsite.upevents.nl\/?s={search_term_string}\"},\"query-input\":{\"@type\":\"PropertyValueSpecification\",\"valueRequired\":true,\"valueName\":\"search_term_string\"}}],\"inLanguage\":\"nb-NO\"},{\"@type\":[\"Organization\",\"Place\"],\"@id\":\"https:\/\/testwebsite.upevents.nl\/#organization\",\"name\":\"City Game\",\"alternateName\":\"citygame.com\",\"url\":\"https:\/\/testwebsite.upevents.nl\/\",\"logo\":{\"@id\":\"https:\/\/testwebsite.citygame.com\/no\/games\/dordrecht\/sherlock-holmes-dordrecht\/#local-main-organization-logo\"},\"image\":{\"@id\":\"https:\/\/testwebsite.citygame.com\/no\/games\/dordrecht\/sherlock-holmes-dordrecht\/#local-main-organization-logo\"},\"sameAs\":[\"https:\/\/www.facebook.com\/profile.php?id=100086426226253\",\"https:\/\/www.instagram.com\/citygame_com\",\"https:\/\/www.tiktok.com\/@citygamecom\/\",\"https:\/\/www.linkedin.com\/company\/citygame-com\"],\"description\":\"Turn any city into a playground with our interactive City Games and self-guided tours. Fun, flexible, and ideal for groups and team building.\",\"telephone\":[],\"openingHoursSpecification\":[{\"@type\":\"OpeningHoursSpecification\",\"dayOfWeek\":[\"Monday\",\"Tuesday\",\"Wednesday\",\"Thursday\",\"Friday\",\"Saturday\",\"Sunday\"],\"opens\":\"09:00\",\"closes\":\"17:00\"}]},{\"@type\":\"ImageObject\",\"inLanguage\":\"nb-NO\",\"@id\":\"https:\/\/testwebsite.citygame.com\/no\/games\/dordrecht\/sherlock-holmes-dordrecht\/#local-main-organization-logo\",\"url\":\"https:\/\/testwebsite.citygame.com\/wp-content\/blogs.dir\/1\/files\/sites\/62\/2025\/10\/CG_LOGO-City-Game.png\",\"contentUrl\":\"https:\/\/testwebsite.citygame.com\/wp-content\/blogs.dir\/1\/files\/sites\/62\/2025\/10\/CG_LOGO-City-Game.png\",\"width\":351,\"height\":377,\"caption\":\"City Game\"}]}<\/script>\n<!-- \/ Yoast SEO Premium plugin. -->","yoast_head_json":{"title":"Sherlock Holmes Dordrecht - City Game","description":"Sherlock Holmes Dordrecht. Spill et selvguidet mordmysterium City Game, l\u00f8s g\u00e5ter, f\u00f8lg ledetr\u00e5der og avsl\u00f8r morderen i ditt eget tempo!","robots":{"index":"noindex","follow":"follow","max-snippet":"max-snippet:-1","max-image-preview":"max-image-preview:large","max-video-preview":"max-video-preview:-1"},"og_locale":"nb_NO","og_type":"article","og_title":"Sherlock Holmes Dordrecht","og_description":"Sherlock Holmes Dordrecht. Spill et selvguidet mordmysterium City Game, l\u00f8s g\u00e5ter, f\u00f8lg ledetr\u00e5der og avsl\u00f8r morderen i ditt eget tempo!","og_url":"https:\/\/testwebsite.citygame.com\/no\/games\/dordrecht\/sherlock-holmes-dordrecht\/","og_site_name":"City Game","article_publisher":"https:\/\/www.facebook.com\/profile.php?id=100086426226253","article_modified_time":"2026-04-08T16:17:33+00:00","og_image":[{"width":1024,"height":1024,"url":"https:\/\/testwebsite.citygame.com\/wp-content\/blogs.dir\/1\/files\/sites\/62\/2026\/02\/man-playing-sherlock-city-game-dordrecht.jpg","type":"image\/jpeg"}],"twitter_card":"summary_large_image","schema":{"@context":"https:\/\/schema.org","@graph":[{"@type":"WebPage","@id":"https:\/\/testwebsite.citygame.com\/no\/games\/dordrecht\/sherlock-holmes-dordrecht\/","url":"https:\/\/testwebsite.citygame.com\/no\/games\/dordrecht\/sherlock-holmes-dordrecht\/","name":"Sherlock Holmes Dordrecht - City Game","isPartOf":{"@id":"https:\/\/testwebsite.upevents.nl\/#website"},"primaryImageOfPage":{"@id":"https:\/\/testwebsite.citygame.com\/no\/games\/dordrecht\/sherlock-holmes-dordrecht\/#primaryimage"},"image":{"@id":"https:\/\/testwebsite.citygame.com\/no\/games\/dordrecht\/sherlock-holmes-dordrecht\/#primaryimage"},"thumbnailUrl":"https:\/\/testwebsite.citygame.com\/wp-content\/blogs.dir\/1\/files\/sites\/62\/2026\/02\/man-playing-sherlock-city-game-dordrecht.jpg","datePublished":"2026-02-12T19:44:42+00:00","dateModified":"2026-04-08T16:17:33+00:00","description":"Sherlock Holmes Dordrecht. Spill et selvguidet mordmysterium City Game, l\u00f8s g\u00e5ter, f\u00f8lg ledetr\u00e5der og avsl\u00f8r morderen i ditt eget tempo!","breadcrumb":{"@id":"https:\/\/testwebsite.citygame.com\/no\/games\/dordrecht\/sherlock-holmes-dordrecht\/#breadcrumb"},"inLanguage":"nb-NO","potentialAction":[{"@type":"ReadAction","target":["https:\/\/testwebsite.citygame.com\/no\/games\/dordrecht\/sherlock-holmes-dordrecht\/"]}]},{"@type":"ImageObject","inLanguage":"nb-NO","@id":"https:\/\/testwebsite.citygame.com\/no\/games\/dordrecht\/sherlock-holmes-dordrecht\/#primaryimage","url":"https:\/\/testwebsite.citygame.com\/wp-content\/blogs.dir\/1\/files\/sites\/62\/2026\/02\/man-playing-sherlock-city-game-dordrecht.jpg","contentUrl":"https:\/\/testwebsite.citygame.com\/wp-content\/blogs.dir\/1\/files\/sites\/62\/2026\/02\/man-playing-sherlock-city-game-dordrecht.jpg","width":1024,"height":1024,"caption":"A player uses his smartphone to solve challenges while exploring the streets of Dordrecht."},{"@type":"BreadcrumbList","@id":"https:\/\/testwebsite.citygame.com\/no\/games\/dordrecht\/sherlock-holmes-dordrecht\/#breadcrumb","itemListElement":[{"@type":"ListItem","position":1,"name":"Home","item":"https:\/\/testwebsite.citygame.com\/no\/"},{"@type":"ListItem","position":2,"name":"Shop","item":"https:\/\/testwebsite.citygame.com\/shop\/"},{"@type":"ListItem","position":3,"name":"Sherlock Holmes Dordrecht"}]},{"@type":"WebSite","@id":"https:\/\/testwebsite.upevents.nl\/#website","url":"https:\/\/testwebsite.upevents.nl\/","name":"City Game","description":"","publisher":{"@id":"https:\/\/testwebsite.upevents.nl\/#organization"},"alternateName":"citygame.com","potentialAction":[{"@type":"SearchAction","target":{"@type":"EntryPoint","urlTemplate":"https:\/\/testwebsite.upevents.nl\/?s={search_term_string}"},"query-input":{"@type":"PropertyValueSpecification","valueRequired":true,"valueName":"search_term_string"}}],"inLanguage":"nb-NO"},{"@type":["Organization","Place"],"@id":"https:\/\/testwebsite.upevents.nl\/#organization","name":"City Game","alternateName":"citygame.com","url":"https:\/\/testwebsite.upevents.nl\/","logo":{"@id":"https:\/\/testwebsite.citygame.com\/no\/games\/dordrecht\/sherlock-holmes-dordrecht\/#local-main-organization-logo"},"image":{"@id":"https:\/\/testwebsite.citygame.com\/no\/games\/dordrecht\/sherlock-holmes-dordrecht\/#local-main-organization-logo"},"sameAs":["https:\/\/www.facebook.com\/profile.php?id=100086426226253","https:\/\/www.instagram.com\/citygame_com","https:\/\/www.tiktok.com\/@citygamecom\/","https:\/\/www.linkedin.com\/company\/citygame-com"],"description":"Turn any city into a playground with our interactive City Games and self-guided tours. Fun, flexible, and ideal for groups and team building.","telephone":[],"openingHoursSpecification":[{"@type":"OpeningHoursSpecification","dayOfWeek":["Monday","Tuesday","Wednesday","Thursday","Friday","Saturday","Sunday"],"opens":"09:00","closes":"17:00"}]},{"@type":"ImageObject","inLanguage":"nb-NO","@id":"https:\/\/testwebsite.citygame.com\/no\/games\/dordrecht\/sherlock-holmes-dordrecht\/#local-main-organization-logo","url":"https:\/\/testwebsite.citygame.com\/wp-content\/blogs.dir\/1\/files\/sites\/62\/2025\/10\/CG_LOGO-City-Game.png","contentUrl":"https:\/\/testwebsite.citygame.com\/wp-content\/blogs.dir\/1\/files\/sites\/62\/2025\/10\/CG_LOGO-City-Game.png","width":351,"height":377,"caption":"City Game"}]}},"taxonomy_info":{"game-concept":[{"value":796,"label":"Sherlock"}],"location":[{"value":143,"label":"Dordrecht"}],"product_cat":[{"value":27,"label":"Geen categorie"}]},"featured_image_src_large":["https:\/\/testwebsite.citygame.com\/wp-content\/blogs.dir\/1\/files\/sites\/62\/2026\/02\/man-playing-sherlock-city-game-dordrecht.jpg",1024,1024,false],"author_info":[],"comment_info":"","_links":{"self":[{"href":"https:\/\/testwebsite.citygame.com\/no\/wp-json\/wp\/v2\/product\/65591","targetHints":{"allow":["GET"]}}],"collection":[{"href":"https:\/\/testwebsite.citygame.com\/no\/wp-json\/wp\/v2\/product"}],"about":[{"href":"https:\/\/testwebsite.citygame.com\/no\/wp-json\/wp\/v2\/types\/product"}],"acf:post":[{"embeddable":true,"href":"https:\/\/testwebsite.citygame.com\/no\/wp-json\/wp\/v2\/pages\/4848"}],"wp:featuredmedia":[{"embeddable":true,"href":"https:\/\/testwebsite.citygame.com\/no\/wp-json\/wp\/v2\/media\/13203"}],"wp:attachment":[{"href":"https:\/\/testwebsite.citygame.com\/no\/wp-json\/wp\/v2\/media?parent=65591"}],"wp:term":[{"taxonomy":"game-concept","embeddable":true,"href":"https:\/\/testwebsite.citygame.com\/no\/wp-json\/wp\/v2\/game-concept?post=65591"},{"taxonomy":"location","embeddable":true,"href":"https:\/\/testwebsite.citygame.com\/no\/wp-json\/wp\/v2\/location?post=65591"},{"taxonomy":"product_brand","embeddable":true,"href":"https:\/\/testwebsite.citygame.com\/no\/wp-json\/wp\/v2\/product_brand?post=65591"},{"taxonomy":"product_cat","embeddable":true,"href":"https:\/\/testwebsite.citygame.com\/no\/wp-json\/wp\/v2\/product_cat?post=65591"},{"taxonomy":"product_tag","embeddable":true,"href":"https:\/\/testwebsite.citygame.com\/no\/wp-json\/wp\/v2\/product_tag?post=65591"}],"curies":[{"name":"wp","href":"https:\/\/api.w.org\/{rel}","templated":true}]}}