{"id":64844,"date":"2026-02-26T13:34:59","date_gmt":"2026-02-26T13:34:59","guid":{"rendered":"https:\/\/testwebsite.citygame.com\/games\/unknown-location\/secrets-of-ferizaj\/"},"modified":"2026-04-08T14:47:46","modified_gmt":"2026-04-08T14:47:46","slug":"secrets-of-ferizaj","status":"publish","type":"product","link":"https:\/\/testwebsite.citygame.com\/no\/games\/ferizaj\/secrets-of-ferizaj\/","title":{"rendered":"Secrets of Ferizaj"},"content":{"rendered":"<p>Oppdag sjarmen til Ferizaj med &#8220;Secrets of Ferizaj&#8221; City Game. Dette selvguidede, GPS-baserte City Game utfolder seg i sentrum av Ferizaj og inviterer deg med p\u00e5 et oppslukende utforskningseventyr. Bruk smarttelefonen din og begi deg ut p\u00e5 en unik reise hvor du knekker g\u00e5ter, l\u00f8ser mysterier og deltar i fotoutfordringer gjennom byens gater. Utforsk i ditt eget tempo mens du l\u00e6rer om Ferizajs rike historie, kulturelle oppdagelser og tidligere oversette detaljer. Dette utforskningsspillet er ikke bare ideelt for bes\u00f8kende som \u00f8nsker \u00e5 oppleve Ferizaj i et nytt lys, men ogs\u00e5 for lokalbefolkningen som \u00f8nsker \u00e5 gjenoppdage sin elskede by. Spillet appellerer til enkeltpersoner, par, familier og til og med vennegrupper, og tilbyr en hyggelig aktivitet for alle.<\/p>\n","protected":false},"excerpt":{"rendered":"<p>Avdekk Ferizajs Levende Lerret! Tre inn i en by hvor dristige veggmalerier, lagdelt historie og yrende gateliv kolliderer, sl\u00e5 deg s\u00e5 sammen med Mira Veseli for \u00e5 avdekke ledetr\u00e5der, spore hennes kunstneriske reise og returnere hennes manglende veggmaleri til veggen som ga henne liv!<\/p>\n","protected":false},"featured_media":16075,"template":"","meta":{"_acf_changed":false,"_yoast_wpseo_focuskw":"Secrets of Ferizaj","_yoast_wpseo_metadesc":"Secrets of Ferizaj. Spill et selvguidet City Game og utforsk byen gjennom g\u00e5ter, mysterier og utfordringer. Spill i ditt eget tempo og oppdag som en lokal!","_kad_blocks_custom_css":"","_kad_blocks_head_custom_js":"","_kad_blocks_body_custom_js":"","_kad_blocks_footer_custom_js":"","ghostkit_customizer_options":"","ghostkit_custom_css":"","ghostkit_custom_js_head":"","ghostkit_custom_js_foot":"","ghostkit_typography":"","_kad_post_transparent":"default","_kad_post_title":"","_kad_post_layout":"default","_kad_post_sidebar_id":"","_kad_post_content_style":"default","_kad_post_vertical_padding":"default","_kad_post_feature":"","_kad_post_feature_position":"","_kad_post_header":false,"_kad_post_footer":false,"_kad_post_classname":"","_links_to":"","_links_to_target":""},"game-concept":[723],"location":[611],"product_brand":[],"product_cat":[27],"product_tag":[],"class_list":{"0":"post-64844","1":"product","2":"type-product","3":"status-publish","4":"has-post-thumbnail","6":"game-concept-secrets","7":"location-ferizaj","8":"product_cat-geen-categorie","10":"first","11":"instock","12":"shipping-taxable","13":"purchasable","14":"product-type-simple","15":"entry","16":"content-bg","17":"loop-entry"},"acf":{"full_bokun_product_name":"Self-Guided Secrets of Ferizaj Exploration Game","location_name":"Ferizaj","bokun_calendar_widget_code":"<script type=\"text\/javascript\" src=\"https:\/\/widgets.bokun.io\/assets\/javascripts\/apps\/build\/BokunWidgetsLoader.js?bookingChannelUUID=a1e93e96-5232-4734-a595-28405f4b5a31\" async><\/script>\n     \n    <div class=\"bokunWidget\" data-src=\"https:\/\/widgets.bokun.io\/online-sales\/a1e93e96-5232-4734-a595-28405f4b5a31\/experience-calendar\/1121404\"><\/div>\n    <noscript>Please enable javascript in your browser to book<\/noscript>","bokun_button_widget_code":"<script type=\"text\/javascript\" src=\"https:\/\/widgets.bokun.io\/assets\/javascripts\/apps\/build\/BokunWidgetsLoader.js?bookingChannelUUID=a1e93e96-5232-4734-a595-28405f4b5a31\" async><\/script>\n      <style> #bokun_ed001e45_5927_4f62_b470_ca766338d083 { display: inline-block; padding: .4em 1em; background: #47b82e; border-radius: 999999px; box-shadow: none; font-weight: 600; font-size: 24px; text-decoration: none; text-align: center; color: #FFFFFF; border:none; cursor: pointer; transition: background .2s ease; } #bokun_ed001e45_5927_4f62_b470_ca766338d083:hover{ background: #2f7b1f; } #bokun_ed001e45_5927_4f62_b470_ca766338d083:active{ background: #378f24; } <\/style> <button class=\"bokunButton\" disabled id=bokun_ed001e45_5927_4f62_b470_ca766338d083 data-src=\"https:\/\/widgets.bokun.io\/online-sales\/a1e93e96-5232-4734-a595-28405f4b5a31\/experience-calendar\/1121404?partialView=1\" data-testid=\"widget-book-button\" > Book now <\/button> ","what_you\u2019ll_experience_during_the_game":"Utforsk Ferizaj som aldri f\u00f8r med v\u00e5rt oppslukende City Game som kombinerer sightseeing med engasjerende historiefortelling og interaktive utfordringer. Du vil bli guidet gjennom anerkjente og skjulte hj\u00f8rner av dette fascinerende stedet, hvert med sin egen historie \u00e5 fortelle. Se for deg kontrasten mellom den pulserende gatekunstscenen ved Gazmend Misini Mural og den dype kulturelle betydningen av St. Uro\u0161 ortodokse kirke (Kisha e Shn Uroshit) som st\u00e5r resolutt ved siden av Ferizajs store mosk\u00e9 (Xhamia e Madhe), og viser Ferizajs religi\u00f8se harmoni. G\u00e5 gjennom Ferizaj City Park (Parku i Qytetit), en gr\u00f8nn oase midt i den urbane jungelen, og avslutt p\u00e5 en h\u00f8y tone, midt i maset og kjasen i The Village - Shopping &amp; Fun, det st\u00f8rste moderne shoppingomr\u00e5det i byen.n\r\n\r\nMed City Game blir du en hovedperson i ditt eget Ferizaj-eventyr \u2013 l\u00f8s intrikate g\u00e5ter, smarte mysterier, og svar p\u00e5 kreative fotoutfordringer som avsl\u00f8rer byens hemmeligheter og gir deg poeng. Disse poengene l\u00e5ser opp hint og f\u00f8rer deg n\u00e6rmere \u00e5 l\u00f8se reisens siste mysterium. Du vil ha fleksibiliteten til \u00e5 pause spillet n\u00e5r det passer deg, og starte det igjen n\u00e5r du f\u00f8ler deg klar, noe som gj\u00f8r det til en virkelig personlig opplevelse. Og hvis en konkurranseinstinkt tar overh\u00e5nd, sikte p\u00e5 en topplassering p\u00e5 ledertavlen og bevis din dyktighet i dette utforskningsspillet. Det er mer enn bare en by \u00e5 oppdage, det er et spill \u00e5 vinne!","how_to_play":"Etter at du har fullf\u00f8rt bestillingen din, vil du motta en e-post med din personlige spillelenke. Dra til startstedet, P\u00ebrmbarues Privat Gazmend Misini-veggmaleriet, \u00e5pne lenken, og du kan begynne umiddelbart. Du st\u00e5r fritt til \u00e5 pause spillet n\u00e5r som helst og fortsette der du slapp. Nyt byen, f\u00f8lg ledetr\u00e5dene, og la Ferizajs farger veilede eventyret ditt.","start_location":"Ferizaj, P\u00ebrmbarues Privat Gazmend Misini Mural","available_languages":"","players_per_group":"1-4","duration":"1.5-2 hours","image_overlay_color_image":"https:\/\/testwebsite.citygame.com\/wp-content\/blogs.dir\/1\/files\/sites\/62\/2026\/01\/SecretsColor.svg","image_overlay_game_logo":"https:\/\/testwebsite.citygame.com\/wp-content\/blogs.dir\/1\/files\/sites\/62\/2026\/01\/SecretsLogo.png","city_page":15752,"woocommerce_general_content":null},"yoast_head":"<!-- This site is optimized with the Yoast SEO Premium plugin v26.2 (Yoast SEO v26.3) - https:\/\/yoast.com\/wordpress\/plugins\/seo\/ -->\n<title>Secrets of Ferizaj - City Game<\/title>\n<meta name=\"description\" content=\"Secrets of Ferizaj. Spill et selvguidet City Game og utforsk byen gjennom g\u00e5ter, mysterier og utfordringer. Spill i ditt eget tempo og oppdag som en lokal!\" \/>\n<meta name=\"robots\" content=\"noindex, follow, max-snippet:-1, max-image-preview:large, max-video-preview:-1\" \/>\n<meta property=\"og:locale\" content=\"nb_NO\" \/>\n<meta property=\"og:type\" content=\"article\" \/>\n<meta property=\"og:title\" content=\"Secrets of Ferizaj\" \/>\n<meta property=\"og:description\" content=\"Secrets of Ferizaj. Spill et selvguidet City Game og utforsk byen gjennom g\u00e5ter, mysterier og utfordringer. Spill i ditt eget tempo og oppdag som en lokal!\" \/>\n<meta property=\"og:url\" content=\"https:\/\/testwebsite.citygame.com\/no\/games\/ferizaj\/secrets-of-ferizaj\/\" \/>\n<meta property=\"og:site_name\" content=\"City Game\" \/>\n<meta property=\"article:publisher\" content=\"https:\/\/www.facebook.com\/profile.php?id=100086426226253\" \/>\n<meta property=\"article:modified_time\" content=\"2026-04-08T14:47:46+00:00\" \/>\n<meta property=\"og:image\" content=\"https:\/\/testwebsite.citygame.com\/wp-content\/blogs.dir\/1\/files\/sites\/62\/2026\/02\/ferizaj-players-discussing-clue-in-front-of-mural.jpg\" \/>\n\t<meta property=\"og:image:width\" content=\"1024\" \/>\n\t<meta property=\"og:image:height\" content=\"1024\" \/>\n\t<meta property=\"og:image:type\" content=\"image\/jpeg\" \/>\n<meta name=\"twitter:card\" content=\"summary_large_image\" \/>\n<meta name=\"twitter:label1\" content=\"Ansl. lesetid\" \/>\n\t<meta name=\"twitter:data1\" content=\"1 minutt\" \/>\n<script type=\"application\/ld+json\" class=\"yoast-schema-graph\">{\"@context\":\"https:\/\/schema.org\",\"@graph\":[{\"@type\":\"WebPage\",\"@id\":\"https:\/\/testwebsite.citygame.com\/no\/games\/ferizaj\/secrets-of-ferizaj\/\",\"url\":\"https:\/\/testwebsite.citygame.com\/no\/games\/ferizaj\/secrets-of-ferizaj\/\",\"name\":\"Secrets of Ferizaj - City Game\",\"isPartOf\":{\"@id\":\"https:\/\/testwebsite.upevents.nl\/#website\"},\"primaryImageOfPage\":{\"@id\":\"https:\/\/testwebsite.citygame.com\/no\/games\/ferizaj\/secrets-of-ferizaj\/#primaryimage\"},\"image\":{\"@id\":\"https:\/\/testwebsite.citygame.com\/no\/games\/ferizaj\/secrets-of-ferizaj\/#primaryimage\"},\"thumbnailUrl\":\"https:\/\/testwebsite.citygame.com\/wp-content\/blogs.dir\/1\/files\/sites\/62\/2026\/02\/ferizaj-players-discussing-clue-in-front-of-mural.jpg\",\"datePublished\":\"2026-02-26T13:34:59+00:00\",\"dateModified\":\"2026-04-08T14:47:46+00:00\",\"description\":\"Secrets of Ferizaj. Spill et selvguidet City Game og utforsk byen gjennom g\u00e5ter, mysterier og utfordringer. Spill i ditt eget tempo og oppdag som en lokal!\",\"breadcrumb\":{\"@id\":\"https:\/\/testwebsite.citygame.com\/no\/games\/ferizaj\/secrets-of-ferizaj\/#breadcrumb\"},\"inLanguage\":\"nb-NO\",\"potentialAction\":[{\"@type\":\"ReadAction\",\"target\":[\"https:\/\/testwebsite.citygame.com\/no\/games\/ferizaj\/secrets-of-ferizaj\/\"]}]},{\"@type\":\"ImageObject\",\"inLanguage\":\"nb-NO\",\"@id\":\"https:\/\/testwebsite.citygame.com\/no\/games\/ferizaj\/secrets-of-ferizaj\/#primaryimage\",\"url\":\"https:\/\/testwebsite.citygame.com\/wp-content\/blogs.dir\/1\/files\/sites\/62\/2026\/02\/ferizaj-players-discussing-clue-in-front-of-mural.jpg\",\"contentUrl\":\"https:\/\/testwebsite.citygame.com\/wp-content\/blogs.dir\/1\/files\/sites\/62\/2026\/02\/ferizaj-players-discussing-clue-in-front-of-mural.jpg\",\"width\":1024,\"height\":1024,\"caption\":\"Four friends collaborate on a city exploration game in Ferizaj, using a smartphone for clues.\"},{\"@type\":\"BreadcrumbList\",\"@id\":\"https:\/\/testwebsite.citygame.com\/no\/games\/ferizaj\/secrets-of-ferizaj\/#breadcrumb\",\"itemListElement\":[{\"@type\":\"ListItem\",\"position\":1,\"name\":\"Home\",\"item\":\"https:\/\/testwebsite.citygame.com\/no\/\"},{\"@type\":\"ListItem\",\"position\":2,\"name\":\"Shop\",\"item\":\"https:\/\/testwebsite.citygame.com\/shop\/\"},{\"@type\":\"ListItem\",\"position\":3,\"name\":\"Secrets of Ferizaj\"}]},{\"@type\":\"WebSite\",\"@id\":\"https:\/\/testwebsite.upevents.nl\/#website\",\"url\":\"https:\/\/testwebsite.upevents.nl\/\",\"name\":\"City Game\",\"description\":\"\",\"publisher\":{\"@id\":\"https:\/\/testwebsite.upevents.nl\/#organization\"},\"alternateName\":\"citygame.com\",\"potentialAction\":[{\"@type\":\"SearchAction\",\"target\":{\"@type\":\"EntryPoint\",\"urlTemplate\":\"https:\/\/testwebsite.upevents.nl\/?s={search_term_string}\"},\"query-input\":{\"@type\":\"PropertyValueSpecification\",\"valueRequired\":true,\"valueName\":\"search_term_string\"}}],\"inLanguage\":\"nb-NO\"},{\"@type\":[\"Organization\",\"Place\"],\"@id\":\"https:\/\/testwebsite.upevents.nl\/#organization\",\"name\":\"City Game\",\"alternateName\":\"citygame.com\",\"url\":\"https:\/\/testwebsite.upevents.nl\/\",\"logo\":{\"@id\":\"https:\/\/testwebsite.citygame.com\/no\/games\/ferizaj\/secrets-of-ferizaj\/#local-main-organization-logo\"},\"image\":{\"@id\":\"https:\/\/testwebsite.citygame.com\/no\/games\/ferizaj\/secrets-of-ferizaj\/#local-main-organization-logo\"},\"sameAs\":[\"https:\/\/www.facebook.com\/profile.php?id=100086426226253\",\"https:\/\/www.instagram.com\/citygame_com\",\"https:\/\/www.tiktok.com\/@citygamecom\/\",\"https:\/\/www.linkedin.com\/company\/citygame-com\"],\"description\":\"Turn any city into a playground with our interactive City Games and self-guided tours. Fun, flexible, and ideal for groups and team building.\",\"telephone\":[],\"openingHoursSpecification\":[{\"@type\":\"OpeningHoursSpecification\",\"dayOfWeek\":[\"Monday\",\"Tuesday\",\"Wednesday\",\"Thursday\",\"Friday\",\"Saturday\",\"Sunday\"],\"opens\":\"09:00\",\"closes\":\"17:00\"}]},{\"@type\":\"ImageObject\",\"inLanguage\":\"nb-NO\",\"@id\":\"https:\/\/testwebsite.citygame.com\/no\/games\/ferizaj\/secrets-of-ferizaj\/#local-main-organization-logo\",\"url\":\"https:\/\/testwebsite.citygame.com\/wp-content\/blogs.dir\/1\/files\/sites\/62\/2025\/10\/CG_LOGO-City-Game.png\",\"contentUrl\":\"https:\/\/testwebsite.citygame.com\/wp-content\/blogs.dir\/1\/files\/sites\/62\/2025\/10\/CG_LOGO-City-Game.png\",\"width\":351,\"height\":377,\"caption\":\"City Game\"}]}<\/script>\n<!-- \/ Yoast SEO Premium plugin. -->","yoast_head_json":{"title":"Secrets of Ferizaj - City Game","description":"Secrets of Ferizaj. Spill et selvguidet City Game og utforsk byen gjennom g\u00e5ter, mysterier og utfordringer. Spill i ditt eget tempo og oppdag som en lokal!","robots":{"index":"noindex","follow":"follow","max-snippet":"max-snippet:-1","max-image-preview":"max-image-preview:large","max-video-preview":"max-video-preview:-1"},"og_locale":"nb_NO","og_type":"article","og_title":"Secrets of Ferizaj","og_description":"Secrets of Ferizaj. Spill et selvguidet City Game og utforsk byen gjennom g\u00e5ter, mysterier og utfordringer. Spill i ditt eget tempo og oppdag som en lokal!","og_url":"https:\/\/testwebsite.citygame.com\/no\/games\/ferizaj\/secrets-of-ferizaj\/","og_site_name":"City Game","article_publisher":"https:\/\/www.facebook.com\/profile.php?id=100086426226253","article_modified_time":"2026-04-08T14:47:46+00:00","og_image":[{"width":1024,"height":1024,"url":"https:\/\/testwebsite.citygame.com\/wp-content\/blogs.dir\/1\/files\/sites\/62\/2026\/02\/ferizaj-players-discussing-clue-in-front-of-mural.jpg","type":"image\/jpeg"}],"twitter_card":"summary_large_image","twitter_misc":{"Ansl. lesetid":"1 minutt"},"schema":{"@context":"https:\/\/schema.org","@graph":[{"@type":"WebPage","@id":"https:\/\/testwebsite.citygame.com\/no\/games\/ferizaj\/secrets-of-ferizaj\/","url":"https:\/\/testwebsite.citygame.com\/no\/games\/ferizaj\/secrets-of-ferizaj\/","name":"Secrets of Ferizaj - City Game","isPartOf":{"@id":"https:\/\/testwebsite.upevents.nl\/#website"},"primaryImageOfPage":{"@id":"https:\/\/testwebsite.citygame.com\/no\/games\/ferizaj\/secrets-of-ferizaj\/#primaryimage"},"image":{"@id":"https:\/\/testwebsite.citygame.com\/no\/games\/ferizaj\/secrets-of-ferizaj\/#primaryimage"},"thumbnailUrl":"https:\/\/testwebsite.citygame.com\/wp-content\/blogs.dir\/1\/files\/sites\/62\/2026\/02\/ferizaj-players-discussing-clue-in-front-of-mural.jpg","datePublished":"2026-02-26T13:34:59+00:00","dateModified":"2026-04-08T14:47:46+00:00","description":"Secrets of Ferizaj. Spill et selvguidet City Game og utforsk byen gjennom g\u00e5ter, mysterier og utfordringer. Spill i ditt eget tempo og oppdag som en lokal!","breadcrumb":{"@id":"https:\/\/testwebsite.citygame.com\/no\/games\/ferizaj\/secrets-of-ferizaj\/#breadcrumb"},"inLanguage":"nb-NO","potentialAction":[{"@type":"ReadAction","target":["https:\/\/testwebsite.citygame.com\/no\/games\/ferizaj\/secrets-of-ferizaj\/"]}]},{"@type":"ImageObject","inLanguage":"nb-NO","@id":"https:\/\/testwebsite.citygame.com\/no\/games\/ferizaj\/secrets-of-ferizaj\/#primaryimage","url":"https:\/\/testwebsite.citygame.com\/wp-content\/blogs.dir\/1\/files\/sites\/62\/2026\/02\/ferizaj-players-discussing-clue-in-front-of-mural.jpg","contentUrl":"https:\/\/testwebsite.citygame.com\/wp-content\/blogs.dir\/1\/files\/sites\/62\/2026\/02\/ferizaj-players-discussing-clue-in-front-of-mural.jpg","width":1024,"height":1024,"caption":"Four friends collaborate on a city exploration game in Ferizaj, using a smartphone for clues."},{"@type":"BreadcrumbList","@id":"https:\/\/testwebsite.citygame.com\/no\/games\/ferizaj\/secrets-of-ferizaj\/#breadcrumb","itemListElement":[{"@type":"ListItem","position":1,"name":"Home","item":"https:\/\/testwebsite.citygame.com\/no\/"},{"@type":"ListItem","position":2,"name":"Shop","item":"https:\/\/testwebsite.citygame.com\/shop\/"},{"@type":"ListItem","position":3,"name":"Secrets of Ferizaj"}]},{"@type":"WebSite","@id":"https:\/\/testwebsite.upevents.nl\/#website","url":"https:\/\/testwebsite.upevents.nl\/","name":"City Game","description":"","publisher":{"@id":"https:\/\/testwebsite.upevents.nl\/#organization"},"alternateName":"citygame.com","potentialAction":[{"@type":"SearchAction","target":{"@type":"EntryPoint","urlTemplate":"https:\/\/testwebsite.upevents.nl\/?s={search_term_string}"},"query-input":{"@type":"PropertyValueSpecification","valueRequired":true,"valueName":"search_term_string"}}],"inLanguage":"nb-NO"},{"@type":["Organization","Place"],"@id":"https:\/\/testwebsite.upevents.nl\/#organization","name":"City Game","alternateName":"citygame.com","url":"https:\/\/testwebsite.upevents.nl\/","logo":{"@id":"https:\/\/testwebsite.citygame.com\/no\/games\/ferizaj\/secrets-of-ferizaj\/#local-main-organization-logo"},"image":{"@id":"https:\/\/testwebsite.citygame.com\/no\/games\/ferizaj\/secrets-of-ferizaj\/#local-main-organization-logo"},"sameAs":["https:\/\/www.facebook.com\/profile.php?id=100086426226253","https:\/\/www.instagram.com\/citygame_com","https:\/\/www.tiktok.com\/@citygamecom\/","https:\/\/www.linkedin.com\/company\/citygame-com"],"description":"Turn any city into a playground with our interactive City Games and self-guided tours. Fun, flexible, and ideal for groups and team building.","telephone":[],"openingHoursSpecification":[{"@type":"OpeningHoursSpecification","dayOfWeek":["Monday","Tuesday","Wednesday","Thursday","Friday","Saturday","Sunday"],"opens":"09:00","closes":"17:00"}]},{"@type":"ImageObject","inLanguage":"nb-NO","@id":"https:\/\/testwebsite.citygame.com\/no\/games\/ferizaj\/secrets-of-ferizaj\/#local-main-organization-logo","url":"https:\/\/testwebsite.citygame.com\/wp-content\/blogs.dir\/1\/files\/sites\/62\/2025\/10\/CG_LOGO-City-Game.png","contentUrl":"https:\/\/testwebsite.citygame.com\/wp-content\/blogs.dir\/1\/files\/sites\/62\/2025\/10\/CG_LOGO-City-Game.png","width":351,"height":377,"caption":"City Game"}]}},"taxonomy_info":{"game-concept":[{"value":723,"label":"Secrets"}],"location":[{"value":611,"label":"Ferizaj"}],"product_cat":[{"value":27,"label":"Geen categorie"}]},"featured_image_src_large":["https:\/\/testwebsite.citygame.com\/wp-content\/blogs.dir\/1\/files\/sites\/62\/2026\/02\/ferizaj-players-discussing-clue-in-front-of-mural.jpg",1024,1024,false],"author_info":[],"comment_info":"","_links":{"self":[{"href":"https:\/\/testwebsite.citygame.com\/no\/wp-json\/wp\/v2\/product\/64844","targetHints":{"allow":["GET"]}}],"collection":[{"href":"https:\/\/testwebsite.citygame.com\/no\/wp-json\/wp\/v2\/product"}],"about":[{"href":"https:\/\/testwebsite.citygame.com\/no\/wp-json\/wp\/v2\/types\/product"}],"acf:post":[{"embeddable":true,"href":"https:\/\/testwebsite.citygame.com\/no\/wp-json\/wp\/v2\/pages\/15752"}],"wp:featuredmedia":[{"embeddable":true,"href":"https:\/\/testwebsite.citygame.com\/no\/wp-json\/wp\/v2\/media\/16075"}],"wp:attachment":[{"href":"https:\/\/testwebsite.citygame.com\/no\/wp-json\/wp\/v2\/media?parent=64844"}],"wp:term":[{"taxonomy":"game-concept","embeddable":true,"href":"https:\/\/testwebsite.citygame.com\/no\/wp-json\/wp\/v2\/game-concept?post=64844"},{"taxonomy":"location","embeddable":true,"href":"https:\/\/testwebsite.citygame.com\/no\/wp-json\/wp\/v2\/location?post=64844"},{"taxonomy":"product_brand","embeddable":true,"href":"https:\/\/testwebsite.citygame.com\/no\/wp-json\/wp\/v2\/product_brand?post=64844"},{"taxonomy":"product_cat","embeddable":true,"href":"https:\/\/testwebsite.citygame.com\/no\/wp-json\/wp\/v2\/product_cat?post=64844"},{"taxonomy":"product_tag","embeddable":true,"href":"https:\/\/testwebsite.citygame.com\/no\/wp-json\/wp\/v2\/product_tag?post=64844"}],"curies":[{"name":"wp","href":"https:\/\/api.w.org\/{rel}","templated":true}]}}