{"id":63429,"date":"2026-03-13T10:41:05","date_gmt":"2026-03-13T10:41:05","guid":{"rendered":"https:\/\/testwebsite.citygame.com\/games\/unknown-location\/secrets-of-madrid\/"},"modified":"2026-04-08T11:40:41","modified_gmt":"2026-04-08T11:40:41","slug":"secrets-of-madrid","status":"publish","type":"product","link":"https:\/\/testwebsite.citygame.com\/no\/games\/madrid\/secrets-of-madrid\/","title":{"rendered":"Secrets of Madrid"},"content":{"rendered":"<p>&#8216;Secrets of Madrid City Game&#8217; er et selvguidet, GPS-basert utforskningsspill som finner sted i Madrids historiske sentrum. Deltakerne kan navigere gjennom byens gater ved hjelp av smarttelefonen sin, og l\u00f8se ulike puslespill, g\u00e5ter og fotoutfordringer underveis. Spillet tilbyr en unik m\u00e5te for spillere \u00e5 dykke ned i Madrids rike historie, autentisk oppleve kulturen og avsl\u00f8re byens ofte oversette detaljer. B\u00e5de lokale og bes\u00f8kende vurderer dette som en fengslende m\u00e5te \u00e5 se byen p\u00e5. Spillet passer perfekt for alle typer spillere, fra solo-utforskere til par, familier og til og med vennegjenger som er ivrige etter \u00e5 avsl\u00f8re hemmelighetene i denne fascinerende byen.<\/p>\n","protected":false},"excerpt":{"rendered":"<p>Oppdag Madrids magi og majestet! Utforsk en by hvor pasjonen str\u00f8mmer gjennom storsl\u00e5tte bulevarder og historien hvisker i hver tapasbar og flamencosal. Knytt sammen tr\u00e5dene mens du reiser gjennom dens livlige kjerne; Madrid er full av spennende oppdagelser rundt hvert hj\u00f8rne!<\/p>\n","protected":false},"featured_media":18470,"template":"","meta":{"_acf_changed":false,"_yoast_wpseo_focuskw":"Secrets of Madrid","_yoast_wpseo_metadesc":"Secrets of Madrid. Spill et selvguidet Byspill og utforsk byen gjennom puslespill, g\u00e5ter og utfordringer. Spill i ditt eget tempo og oppdag som en lokal!","_kad_blocks_custom_css":"","_kad_blocks_head_custom_js":"","_kad_blocks_body_custom_js":"","_kad_blocks_footer_custom_js":"","ghostkit_customizer_options":"","ghostkit_custom_css":"","ghostkit_custom_js_head":"","ghostkit_custom_js_foot":"","ghostkit_typography":"","_kad_post_transparent":"","_kad_post_title":"","_kad_post_layout":"","_kad_post_sidebar_id":"","_kad_post_content_style":"","_kad_post_vertical_padding":"","_kad_post_feature":"","_kad_post_feature_position":"","_kad_post_header":false,"_kad_post_footer":false,"_kad_post_classname":"","_links_to":"","_links_to_target":""},"game-concept":[723],"location":[257],"product_brand":[],"product_cat":[27],"product_tag":[],"class_list":{"0":"post-63429","1":"product","2":"type-product","3":"status-publish","4":"has-post-thumbnail","6":"game-concept-secrets","7":"location-madrid","8":"product_cat-geen-categorie","10":"first","11":"instock","12":"shipping-taxable","13":"purchasable","14":"product-type-simple","15":"entry","16":"content-bg","17":"loop-entry"},"acf":{"full_bokun_product_name":"Self-Guided Secrets of Madrid Exploration Game","location_name":"Madrid","bokun_calendar_widget_code":"<script type=\"text\/javascript\" src=\"https:\/\/widgets.bokun.io\/assets\/javascripts\/apps\/build\/BokunWidgetsLoader.js?bookingChannelUUID=a1e93e96-5232-4734-a595-28405f4b5a31\" async><\/script>\n     \n    <div class=\"bokunWidget\" data-src=\"https:\/\/widgets.bokun.io\/online-sales\/a1e93e96-5232-4734-a595-28405f4b5a31\/experience-calendar\/872778\"><\/div>\n    <noscript>Please enable javascript in your browser to book<\/noscript>","bokun_button_widget_code":"<script type=\"text\/javascript\" src=\"https:\/\/widgets.bokun.io\/assets\/javascripts\/apps\/build\/BokunWidgetsLoader.js?bookingChannelUUID=a1e93e96-5232-4734-a595-28405f4b5a31\" async><\/script>\n      <style> #bokun_ed001e45_5927_4f62_b470_ca766338d083 { display: inline-block; padding: .4em 1em; background: #47b82e; border-radius: 999999px; box-shadow: none; font-weight: 600; font-size: 24px; text-decoration: none; text-align: center; color: #FFFFFF; border:none; cursor: pointer; transition: background .2s ease; } #bokun_ed001e45_5927_4f62_b470_ca766338d083:hover{ background: #2f7b1f; } #bokun_ed001e45_5927_4f62_b470_ca766338d083:active{ background: #378f24; } <\/style> <button class=\"bokunButton\" disabled id=bokun_ed001e45_5927_4f62_b470_ca766338d083 data-src=\"https:\/\/widgets.bokun.io\/online-sales\/a1e93e96-5232-4734-a595-28405f4b5a31\/experience-calendar\/872778?partialView=1\" data-testid=\"widget-book-button\" > Book now <\/button> ","what_you\u2019ll_experience_during_the_game":"Legg ut p\u00e5 en fortryllende reise n\u00e5r byen Madrid avsl\u00f8rer sine hemmeligheter i dette innovative Byspillet. Dette oppslukende eventyret vever sammen sightseeing med en spennende fortelling og fengslende utfordringer, og leder deg til \u00e5 avdekke Madrids mangfoldige lag. Spillet vil guide spillere gjennom b\u00e5de popul\u00e6re og skjulte perler i byen, og kaste nytt lys over landemerker som Royal Palace of Madrid, Plaza Mayor og The Prado Museum. Mens du navigerer byens fantastiske fasader og pulserende nabolag, vil historien avdekke en dyp forbindelse med Madrids sjel, og etterlate deg med varige minner.\n\nSpillmekanikken er engasjerende, da spillere blir presentert for spennende puslespill, g\u00e5ter og kreative fotoutfordringer. N\u00e5r du knekker hver utfordring, tjener du poeng, l\u00e5ser opp verdifulle hint, og kommer n\u00e6rmere \u00e5 tyde det spennende mysteriet i kjernen av spillet. Dessuten forst\u00e5r vi at utforskning ikke b\u00f8r komme med tidsbegrensninger! S\u00e5, enten du vil ta en tapaspause p\u00e5 en sjarmerende kaf\u00e9 eller ta noen fantastiske bilder, kan spillet suspenderes og gjenopptas n\u00e5r du vil. For de konkurranselystne er det en ekstra spenning i \u00e5 sikte mot en h\u00f8y plassering p\u00e5 poengtavlen. Bli med oss p\u00e5 dette banebrytende Byspillet og opplev den pulserende metropolen Madrid som aldri f\u00f8r.","how_to_play":"Bestill Utforskningsspillet, sjekk e-posten vi sender deg med de enkle instruksjonene, last ned Loquiz-appen, f\u00e5 tilgang til Utforskningsspillet og du er klar til \u00e5 starte din spillopplevelse!","start_location":"Madrid, Puerta del Sol","available_languages":["en"],"players_per_group":"1-4","duration":"1.5-2 hours","image_overlay_color_image":"https:\/\/testwebsite.citygame.com\/wp-content\/blogs.dir\/1\/files\/sites\/62\/2026\/01\/SecretsColor.svg","image_overlay_game_logo":"https:\/\/testwebsite.citygame.com\/wp-content\/blogs.dir\/1\/files\/sites\/62\/2026\/01\/SecretsLogo.png","city_page":10558,"woocommerce_general_content":null},"yoast_head":"<!-- This site is optimized with the Yoast SEO Premium plugin v26.2 (Yoast SEO v26.3) - https:\/\/yoast.com\/wordpress\/plugins\/seo\/ -->\n<title>Secrets of Madrid - City Game<\/title>\n<meta name=\"description\" content=\"Secrets of Madrid. Spill et selvguidet Byspill og utforsk byen gjennom puslespill, g\u00e5ter og utfordringer. Spill i ditt eget tempo og oppdag som en lokal!\" \/>\n<meta name=\"robots\" content=\"noindex, follow, max-snippet:-1, max-image-preview:large, max-video-preview:-1\" \/>\n<meta property=\"og:locale\" content=\"nb_NO\" \/>\n<meta property=\"og:type\" content=\"article\" \/>\n<meta property=\"og:title\" content=\"Secrets of Madrid\" \/>\n<meta property=\"og:description\" content=\"Secrets of Madrid. Spill et selvguidet Byspill og utforsk byen gjennom puslespill, g\u00e5ter og utfordringer. Spill i ditt eget tempo og oppdag som en lokal!\" \/>\n<meta property=\"og:url\" content=\"https:\/\/testwebsite.citygame.com\/no\/games\/madrid\/secrets-of-madrid\/\" \/>\n<meta property=\"og:site_name\" content=\"City Game\" \/>\n<meta property=\"article:publisher\" content=\"https:\/\/www.facebook.com\/profile.php?id=100086426226253\" \/>\n<meta property=\"article:modified_time\" content=\"2026-04-08T11:40:41+00:00\" \/>\n<meta property=\"og:image\" content=\"https:\/\/testwebsite.citygame.com\/wp-content\/blogs.dir\/1\/files\/sites\/62\/2026\/03\/city-game-madrid-players-looking-at-phone.jpg\" \/>\n\t<meta property=\"og:image:width\" content=\"1024\" \/>\n\t<meta property=\"og:image:height\" content=\"1024\" \/>\n\t<meta property=\"og:image:type\" content=\"image\/jpeg\" \/>\n<meta name=\"twitter:card\" content=\"summary_large_image\" \/>\n<meta name=\"twitter:label1\" content=\"Ansl. lesetid\" \/>\n\t<meta name=\"twitter:data1\" content=\"1 minutt\" \/>\n<script type=\"application\/ld+json\" class=\"yoast-schema-graph\">{\"@context\":\"https:\/\/schema.org\",\"@graph\":[{\"@type\":\"WebPage\",\"@id\":\"https:\/\/testwebsite.citygame.com\/no\/games\/madrid\/secrets-of-madrid\/\",\"url\":\"https:\/\/testwebsite.citygame.com\/no\/games\/madrid\/secrets-of-madrid\/\",\"name\":\"Secrets of Madrid - City Game\",\"isPartOf\":{\"@id\":\"https:\/\/testwebsite.upevents.nl\/#website\"},\"primaryImageOfPage\":{\"@id\":\"https:\/\/testwebsite.citygame.com\/no\/games\/madrid\/secrets-of-madrid\/#primaryimage\"},\"image\":{\"@id\":\"https:\/\/testwebsite.citygame.com\/no\/games\/madrid\/secrets-of-madrid\/#primaryimage\"},\"thumbnailUrl\":\"https:\/\/testwebsite.citygame.com\/wp-content\/blogs.dir\/1\/files\/sites\/62\/2026\/03\/city-game-madrid-players-looking-at-phone.jpg\",\"datePublished\":\"2026-03-13T10:41:05+00:00\",\"dateModified\":\"2026-04-08T11:40:41+00:00\",\"description\":\"Secrets of Madrid. Spill et selvguidet Byspill og utforsk byen gjennom puslespill, g\u00e5ter og utfordringer. Spill i ditt eget tempo og oppdag som en lokal!\",\"breadcrumb\":{\"@id\":\"https:\/\/testwebsite.citygame.com\/no\/games\/madrid\/secrets-of-madrid\/#breadcrumb\"},\"inLanguage\":\"nb-NO\",\"potentialAction\":[{\"@type\":\"ReadAction\",\"target\":[\"https:\/\/testwebsite.citygame.com\/no\/games\/madrid\/secrets-of-madrid\/\"]}]},{\"@type\":\"ImageObject\",\"inLanguage\":\"nb-NO\",\"@id\":\"https:\/\/testwebsite.citygame.com\/no\/games\/madrid\/secrets-of-madrid\/#primaryimage\",\"url\":\"https:\/\/testwebsite.citygame.com\/wp-content\/blogs.dir\/1\/files\/sites\/62\/2026\/03\/city-game-madrid-players-looking-at-phone.jpg\",\"contentUrl\":\"https:\/\/testwebsite.citygame.com\/wp-content\/blogs.dir\/1\/files\/sites\/62\/2026\/03\/city-game-madrid-players-looking-at-phone.jpg\",\"width\":1024,\"height\":1024,\"caption\":\"A group of young people gather around a smartphone while exploring the streets of Madrid.\"},{\"@type\":\"BreadcrumbList\",\"@id\":\"https:\/\/testwebsite.citygame.com\/no\/games\/madrid\/secrets-of-madrid\/#breadcrumb\",\"itemListElement\":[{\"@type\":\"ListItem\",\"position\":1,\"name\":\"Home\",\"item\":\"https:\/\/testwebsite.citygame.com\/no\/\"},{\"@type\":\"ListItem\",\"position\":2,\"name\":\"Shop\",\"item\":\"https:\/\/testwebsite.citygame.com\/shop\/\"},{\"@type\":\"ListItem\",\"position\":3,\"name\":\"Secrets of Madrid\"}]},{\"@type\":\"WebSite\",\"@id\":\"https:\/\/testwebsite.upevents.nl\/#website\",\"url\":\"https:\/\/testwebsite.upevents.nl\/\",\"name\":\"City Game\",\"description\":\"\",\"publisher\":{\"@id\":\"https:\/\/testwebsite.upevents.nl\/#organization\"},\"alternateName\":\"citygame.com\",\"potentialAction\":[{\"@type\":\"SearchAction\",\"target\":{\"@type\":\"EntryPoint\",\"urlTemplate\":\"https:\/\/testwebsite.upevents.nl\/?s={search_term_string}\"},\"query-input\":{\"@type\":\"PropertyValueSpecification\",\"valueRequired\":true,\"valueName\":\"search_term_string\"}}],\"inLanguage\":\"nb-NO\"},{\"@type\":[\"Organization\",\"Place\"],\"@id\":\"https:\/\/testwebsite.upevents.nl\/#organization\",\"name\":\"City Game\",\"alternateName\":\"citygame.com\",\"url\":\"https:\/\/testwebsite.upevents.nl\/\",\"logo\":{\"@id\":\"https:\/\/testwebsite.citygame.com\/no\/games\/madrid\/secrets-of-madrid\/#local-main-organization-logo\"},\"image\":{\"@id\":\"https:\/\/testwebsite.citygame.com\/no\/games\/madrid\/secrets-of-madrid\/#local-main-organization-logo\"},\"sameAs\":[\"https:\/\/www.facebook.com\/profile.php?id=100086426226253\",\"https:\/\/www.instagram.com\/citygame_com\",\"https:\/\/www.tiktok.com\/@citygamecom\/\",\"https:\/\/www.linkedin.com\/company\/citygame-com\"],\"description\":\"Turn any city into a playground with our interactive City Games and self-guided tours. Fun, flexible, and ideal for groups and team building.\",\"telephone\":[],\"openingHoursSpecification\":[{\"@type\":\"OpeningHoursSpecification\",\"dayOfWeek\":[\"Monday\",\"Tuesday\",\"Wednesday\",\"Thursday\",\"Friday\",\"Saturday\",\"Sunday\"],\"opens\":\"09:00\",\"closes\":\"17:00\"}]},{\"@type\":\"ImageObject\",\"inLanguage\":\"nb-NO\",\"@id\":\"https:\/\/testwebsite.citygame.com\/no\/games\/madrid\/secrets-of-madrid\/#local-main-organization-logo\",\"url\":\"https:\/\/testwebsite.citygame.com\/wp-content\/blogs.dir\/1\/files\/sites\/62\/2025\/10\/CG_LOGO-City-Game.png\",\"contentUrl\":\"https:\/\/testwebsite.citygame.com\/wp-content\/blogs.dir\/1\/files\/sites\/62\/2025\/10\/CG_LOGO-City-Game.png\",\"width\":351,\"height\":377,\"caption\":\"City Game\"}]}<\/script>\n<!-- \/ Yoast SEO Premium plugin. -->","yoast_head_json":{"title":"Secrets of Madrid - City Game","description":"Secrets of Madrid. Spill et selvguidet Byspill og utforsk byen gjennom puslespill, g\u00e5ter og utfordringer. Spill i ditt eget tempo og oppdag som en lokal!","robots":{"index":"noindex","follow":"follow","max-snippet":"max-snippet:-1","max-image-preview":"max-image-preview:large","max-video-preview":"max-video-preview:-1"},"og_locale":"nb_NO","og_type":"article","og_title":"Secrets of Madrid","og_description":"Secrets of Madrid. Spill et selvguidet Byspill og utforsk byen gjennom puslespill, g\u00e5ter og utfordringer. Spill i ditt eget tempo og oppdag som en lokal!","og_url":"https:\/\/testwebsite.citygame.com\/no\/games\/madrid\/secrets-of-madrid\/","og_site_name":"City Game","article_publisher":"https:\/\/www.facebook.com\/profile.php?id=100086426226253","article_modified_time":"2026-04-08T11:40:41+00:00","og_image":[{"width":1024,"height":1024,"url":"https:\/\/testwebsite.citygame.com\/wp-content\/blogs.dir\/1\/files\/sites\/62\/2026\/03\/city-game-madrid-players-looking-at-phone.jpg","type":"image\/jpeg"}],"twitter_card":"summary_large_image","twitter_misc":{"Ansl. lesetid":"1 minutt"},"schema":{"@context":"https:\/\/schema.org","@graph":[{"@type":"WebPage","@id":"https:\/\/testwebsite.citygame.com\/no\/games\/madrid\/secrets-of-madrid\/","url":"https:\/\/testwebsite.citygame.com\/no\/games\/madrid\/secrets-of-madrid\/","name":"Secrets of Madrid - City Game","isPartOf":{"@id":"https:\/\/testwebsite.upevents.nl\/#website"},"primaryImageOfPage":{"@id":"https:\/\/testwebsite.citygame.com\/no\/games\/madrid\/secrets-of-madrid\/#primaryimage"},"image":{"@id":"https:\/\/testwebsite.citygame.com\/no\/games\/madrid\/secrets-of-madrid\/#primaryimage"},"thumbnailUrl":"https:\/\/testwebsite.citygame.com\/wp-content\/blogs.dir\/1\/files\/sites\/62\/2026\/03\/city-game-madrid-players-looking-at-phone.jpg","datePublished":"2026-03-13T10:41:05+00:00","dateModified":"2026-04-08T11:40:41+00:00","description":"Secrets of Madrid. Spill et selvguidet Byspill og utforsk byen gjennom puslespill, g\u00e5ter og utfordringer. Spill i ditt eget tempo og oppdag som en lokal!","breadcrumb":{"@id":"https:\/\/testwebsite.citygame.com\/no\/games\/madrid\/secrets-of-madrid\/#breadcrumb"},"inLanguage":"nb-NO","potentialAction":[{"@type":"ReadAction","target":["https:\/\/testwebsite.citygame.com\/no\/games\/madrid\/secrets-of-madrid\/"]}]},{"@type":"ImageObject","inLanguage":"nb-NO","@id":"https:\/\/testwebsite.citygame.com\/no\/games\/madrid\/secrets-of-madrid\/#primaryimage","url":"https:\/\/testwebsite.citygame.com\/wp-content\/blogs.dir\/1\/files\/sites\/62\/2026\/03\/city-game-madrid-players-looking-at-phone.jpg","contentUrl":"https:\/\/testwebsite.citygame.com\/wp-content\/blogs.dir\/1\/files\/sites\/62\/2026\/03\/city-game-madrid-players-looking-at-phone.jpg","width":1024,"height":1024,"caption":"A group of young people gather around a smartphone while exploring the streets of Madrid."},{"@type":"BreadcrumbList","@id":"https:\/\/testwebsite.citygame.com\/no\/games\/madrid\/secrets-of-madrid\/#breadcrumb","itemListElement":[{"@type":"ListItem","position":1,"name":"Home","item":"https:\/\/testwebsite.citygame.com\/no\/"},{"@type":"ListItem","position":2,"name":"Shop","item":"https:\/\/testwebsite.citygame.com\/shop\/"},{"@type":"ListItem","position":3,"name":"Secrets of Madrid"}]},{"@type":"WebSite","@id":"https:\/\/testwebsite.upevents.nl\/#website","url":"https:\/\/testwebsite.upevents.nl\/","name":"City Game","description":"","publisher":{"@id":"https:\/\/testwebsite.upevents.nl\/#organization"},"alternateName":"citygame.com","potentialAction":[{"@type":"SearchAction","target":{"@type":"EntryPoint","urlTemplate":"https:\/\/testwebsite.upevents.nl\/?s={search_term_string}"},"query-input":{"@type":"PropertyValueSpecification","valueRequired":true,"valueName":"search_term_string"}}],"inLanguage":"nb-NO"},{"@type":["Organization","Place"],"@id":"https:\/\/testwebsite.upevents.nl\/#organization","name":"City Game","alternateName":"citygame.com","url":"https:\/\/testwebsite.upevents.nl\/","logo":{"@id":"https:\/\/testwebsite.citygame.com\/no\/games\/madrid\/secrets-of-madrid\/#local-main-organization-logo"},"image":{"@id":"https:\/\/testwebsite.citygame.com\/no\/games\/madrid\/secrets-of-madrid\/#local-main-organization-logo"},"sameAs":["https:\/\/www.facebook.com\/profile.php?id=100086426226253","https:\/\/www.instagram.com\/citygame_com","https:\/\/www.tiktok.com\/@citygamecom\/","https:\/\/www.linkedin.com\/company\/citygame-com"],"description":"Turn any city into a playground with our interactive City Games and self-guided tours. Fun, flexible, and ideal for groups and team building.","telephone":[],"openingHoursSpecification":[{"@type":"OpeningHoursSpecification","dayOfWeek":["Monday","Tuesday","Wednesday","Thursday","Friday","Saturday","Sunday"],"opens":"09:00","closes":"17:00"}]},{"@type":"ImageObject","inLanguage":"nb-NO","@id":"https:\/\/testwebsite.citygame.com\/no\/games\/madrid\/secrets-of-madrid\/#local-main-organization-logo","url":"https:\/\/testwebsite.citygame.com\/wp-content\/blogs.dir\/1\/files\/sites\/62\/2025\/10\/CG_LOGO-City-Game.png","contentUrl":"https:\/\/testwebsite.citygame.com\/wp-content\/blogs.dir\/1\/files\/sites\/62\/2025\/10\/CG_LOGO-City-Game.png","width":351,"height":377,"caption":"City Game"}]}},"taxonomy_info":{"game-concept":[{"value":723,"label":"Secrets"}],"location":[{"value":257,"label":"Madrid"}],"product_cat":[{"value":27,"label":"Geen categorie"}]},"featured_image_src_large":["https:\/\/testwebsite.citygame.com\/wp-content\/blogs.dir\/1\/files\/sites\/62\/2026\/03\/city-game-madrid-players-looking-at-phone.jpg",1024,1024,false],"author_info":[],"comment_info":"","_links":{"self":[{"href":"https:\/\/testwebsite.citygame.com\/no\/wp-json\/wp\/v2\/product\/63429","targetHints":{"allow":["GET"]}}],"collection":[{"href":"https:\/\/testwebsite.citygame.com\/no\/wp-json\/wp\/v2\/product"}],"about":[{"href":"https:\/\/testwebsite.citygame.com\/no\/wp-json\/wp\/v2\/types\/product"}],"acf:post":[{"embeddable":true,"href":"https:\/\/testwebsite.citygame.com\/no\/wp-json\/wp\/v2\/pages\/10558"}],"wp:featuredmedia":[{"embeddable":true,"href":"https:\/\/testwebsite.citygame.com\/no\/wp-json\/wp\/v2\/media\/18470"}],"wp:attachment":[{"href":"https:\/\/testwebsite.citygame.com\/no\/wp-json\/wp\/v2\/media?parent=63429"}],"wp:term":[{"taxonomy":"game-concept","embeddable":true,"href":"https:\/\/testwebsite.citygame.com\/no\/wp-json\/wp\/v2\/game-concept?post=63429"},{"taxonomy":"location","embeddable":true,"href":"https:\/\/testwebsite.citygame.com\/no\/wp-json\/wp\/v2\/location?post=63429"},{"taxonomy":"product_brand","embeddable":true,"href":"https:\/\/testwebsite.citygame.com\/no\/wp-json\/wp\/v2\/product_brand?post=63429"},{"taxonomy":"product_cat","embeddable":true,"href":"https:\/\/testwebsite.citygame.com\/no\/wp-json\/wp\/v2\/product_cat?post=63429"},{"taxonomy":"product_tag","embeddable":true,"href":"https:\/\/testwebsite.citygame.com\/no\/wp-json\/wp\/v2\/product_tag?post=63429"}],"curies":[{"name":"wp","href":"https:\/\/api.w.org\/{rel}","templated":true}]}}