{"id":60800,"date":"2026-02-05T11:17:39","date_gmt":"2026-02-05T11:17:39","guid":{"rendered":"https:\/\/testwebsite.citygame.com\/games\/unknown-location\/sherlock-holmes-lyon\/"},"modified":"2026-04-08T06:26:04","modified_gmt":"2026-04-08T06:26:04","slug":"sherlock-holmes-lyon","status":"publish","type":"product","link":"https:\/\/testwebsite.citygame.com\/no\/games\/lyon\/sherlock-holmes-lyon\/","title":{"rendered":"Sherlock Holmes Lyon"},"content":{"rendered":"<p>Tr\u00e5 inn i rollen som detektiv i The Sherlock Holmes City Game i Lyons historiske sentrum, en selvguidet, historiedrevet mordmysterium-opplevelse. Mens en etterforskning utfolder seg rundt et grusomt mord under Frihetsfestivalen, blir Lyons gater \u00e5stedet \u2013 hvor dere samler ledetr\u00e5der, l\u00f8ser intrikate g\u00e5ter og avh\u00f8rer digitale mistenkte. Fordypet i Sherlock Holmes&#8217; verden vil dere f\u00f8lge fortellingen i eget tempo, avdekke hemmeligheter og sette sammen bevis p\u00e5 veien mot sannheten.<\/p>\n","protected":false},"excerpt":{"rendered":"<p>Tr\u00e5 inn i Sherlock Holmes&#8217; sko i dette selvguidede mordmysteriet som utspiller seg i hjertet av Lyon. Sammen med teamet ditt vil dere f\u00f8lge spor, l\u00f8se g\u00e5ter og strebe etter \u00e5 avdekke sannheten f\u00f8r tiden renner ut!<\/p>\n","protected":false},"featured_media":10706,"template":"","meta":{"_acf_changed":false,"_yoast_wpseo_focuskw":"Sherlock Holmes Lyon","_yoast_wpseo_metadesc":"Sherlock Holmes Lyon. Spill et selvguidet mordmysterium City Game, l\u00f8s g\u00e5ter, f\u00f8lg spor og avsl\u00f8r morderen i eget tempo!","_kad_blocks_custom_css":"","_kad_blocks_head_custom_js":"","_kad_blocks_body_custom_js":"","_kad_blocks_footer_custom_js":"","ghostkit_customizer_options":"","ghostkit_custom_css":"","ghostkit_custom_js_head":"","ghostkit_custom_js_foot":"","ghostkit_typography":"","_kad_post_transparent":"","_kad_post_title":"","_kad_post_layout":"","_kad_post_sidebar_id":"","_kad_post_content_style":"","_kad_post_vertical_padding":"","_kad_post_feature":"","_kad_post_feature_position":"","_kad_post_header":false,"_kad_post_footer":false,"_kad_post_classname":"","_links_to":"","_links_to_target":""},"game-concept":[796],"location":[255],"product_brand":[],"product_cat":[27],"product_tag":[],"class_list":{"0":"post-60800","1":"product","2":"type-product","3":"status-publish","4":"has-post-thumbnail","6":"game-concept-sherlock","7":"location-lyon","8":"product_cat-geen-categorie","10":"first","11":"instock","12":"shipping-taxable","13":"purchasable","14":"product-type-simple","15":"entry","16":"content-bg","17":"loop-entry"},"acf":{"full_bokun_product_name":"Lyon Self-Guided Sherlock Holmes Murder Mystery Game","location_name":"Lyon","bokun_calendar_widget_code":"<script type=\"text\/javascript\" src=\"https:\/\/widgets.bokun.io\/assets\/javascripts\/apps\/build\/BokunWidgetsLoader.js?bookingChannelUUID=a1e93e96-5232-4734-a595-28405f4b5a31\" async><\/script>\n     \n    <div class=\"bokunWidget\" data-src=\"https:\/\/widgets.bokun.io\/online-sales\/a1e93e96-5232-4734-a595-28405f4b5a31\/experience-calendar\/731665\"><\/div>\n    <noscript>Please enable javascript in your browser to book<\/noscript>","bokun_button_widget_code":"<script type=\"text\/javascript\" src=\"https:\/\/widgets.bokun.io\/assets\/javascripts\/apps\/build\/BokunWidgetsLoader.js?bookingChannelUUID=a1e93e96-5232-4734-a595-28405f4b5a31\" async><\/script>\n      <style> #bokun_ed001e45_5927_4f62_b470_ca766338d083 { display: inline-block; padding: .4em 1em; background: #47b82e; border-radius: 999999px; box-shadow: none; font-weight: 600; font-size: 24px; text-decoration: none; text-align: center; color: #FFFFFF; border:none; cursor: pointer; transition: background .2s ease; } #bokun_ed001e45_5927_4f62_b470_ca766338d083:hover{ background: #2f7b1f; } #bokun_ed001e45_5927_4f62_b470_ca766338d083:active{ background: #378f24; } <\/style> <button class=\"bokunButton\" disabled id=bokun_ed001e45_5927_4f62_b470_ca766338d083 data-src=\"https:\/\/widgets.bokun.io\/online-sales\/a1e93e96-5232-4734-a595-28405f4b5a31\/experience-calendar\/731665?partialView=1\" data-testid=\"widget-book-button\" > Book now <\/button> ","what_you\u2019ll_experience_during_the_game":"Du trer inn i en gripende detektivhistorie som utspiller seg i hjertet av Lyon, der hver gate skjuler en ledetr\u00e5d og hver sving fordyper mysteriet. Mens du beveger deg gjennom byen, utfolder saken seg rundt deg \u2013 et mord under Frihetsfestivalen, innhyllet i hemmelighet og fylt med motstridende vitneutsagn. Du f\u00f8lger sporet, avh\u00f8rer digitale mistenkte, plukker fra hverandre alibier og legger merke til motsetninger som kan l\u00f8se saken.\n\nP\u00e5 hvert sted avdekker du nye g\u00e5ter, siler gjennom mystiske meldinger og navigerer uventede vendinger som utfordrer dine deduktive evner. Opplevelsen er fullstendig historiedrevet, og stoler p\u00e5 din kritiske tenkning, skarpe observasjonsevne og instinkt for sannheten. Du kan etterforske i ditt eget tempo, ta pauser og fortsette n\u00e5r du selv \u00f8nsker. Og hvis du er del av et team, tilf\u00f8rer presset om \u00e5 l\u00f8se mysteriet f\u00f8r de andre et ekstra lag med spenning.","how_to_play":"Arbeid alene eller med venner, familie eller kolleger i team p\u00e5 opptil fire per enhet. Etter bestilling vil du motta en e-post med instruksjoner med alt du trenger.","start_location":"Lyon, Place Bellecour","available_languages":["en","es","fr","de","it","nl"],"players_per_group":"1-4","duration":"1.5-2 hours","image_overlay_color_image":"https:\/\/testwebsite.citygame.com\/wp-content\/blogs.dir\/1\/files\/sites\/62\/2026\/01\/SherlockColor.svg","image_overlay_game_logo":"https:\/\/testwebsite.citygame.com\/wp-content\/blogs.dir\/1\/files\/sites\/62\/2026\/01\/SherlockLogo.png","city_page":7312,"woocommerce_general_content":null},"yoast_head":"<!-- This site is optimized with the Yoast SEO Premium plugin v26.2 (Yoast SEO v26.3) - https:\/\/yoast.com\/wordpress\/plugins\/seo\/ -->\n<title>Sherlock Holmes Lyon - City Game<\/title>\n<meta name=\"description\" content=\"Sherlock Holmes Lyon. Spill et selvguidet mordmysterium City Game, l\u00f8s g\u00e5ter, f\u00f8lg spor og avsl\u00f8r morderen i eget tempo!\" \/>\n<meta name=\"robots\" content=\"noindex, follow, max-snippet:-1, max-image-preview:large, max-video-preview:-1\" \/>\n<meta property=\"og:locale\" content=\"nb_NO\" \/>\n<meta property=\"og:type\" content=\"article\" \/>\n<meta property=\"og:title\" content=\"Sherlock Holmes Lyon\" \/>\n<meta property=\"og:description\" content=\"Sherlock Holmes Lyon. Spill et selvguidet mordmysterium City Game, l\u00f8s g\u00e5ter, f\u00f8lg spor og avsl\u00f8r morderen i eget tempo!\" \/>\n<meta property=\"og:url\" content=\"https:\/\/testwebsite.citygame.com\/no\/games\/lyon\/sherlock-holmes-lyon\/\" \/>\n<meta property=\"og:site_name\" content=\"City Game\" \/>\n<meta property=\"article:publisher\" content=\"https:\/\/www.facebook.com\/profile.php?id=100086426226253\" \/>\n<meta property=\"article:modified_time\" content=\"2026-04-08T06:26:04+00:00\" \/>\n<meta property=\"og:image\" content=\"https:\/\/testwebsite.citygame.com\/wp-content\/blogs.dir\/1\/files\/sites\/62\/2026\/02\/lyon-players-city-game-smartphone-map.jpg\" \/>\n\t<meta property=\"og:image:width\" content=\"1344\" \/>\n\t<meta property=\"og:image:height\" content=\"768\" \/>\n\t<meta property=\"og:image:type\" content=\"image\/jpeg\" \/>\n<meta name=\"twitter:card\" content=\"summary_large_image\" \/>\n<script type=\"application\/ld+json\" class=\"yoast-schema-graph\">{\"@context\":\"https:\/\/schema.org\",\"@graph\":[{\"@type\":\"WebPage\",\"@id\":\"https:\/\/testwebsite.citygame.com\/no\/games\/lyon\/sherlock-holmes-lyon\/\",\"url\":\"https:\/\/testwebsite.citygame.com\/no\/games\/lyon\/sherlock-holmes-lyon\/\",\"name\":\"Sherlock Holmes Lyon - City Game\",\"isPartOf\":{\"@id\":\"https:\/\/testwebsite.upevents.nl\/#website\"},\"primaryImageOfPage\":{\"@id\":\"https:\/\/testwebsite.citygame.com\/no\/games\/lyon\/sherlock-holmes-lyon\/#primaryimage\"},\"image\":{\"@id\":\"https:\/\/testwebsite.citygame.com\/no\/games\/lyon\/sherlock-holmes-lyon\/#primaryimage\"},\"thumbnailUrl\":\"https:\/\/testwebsite.citygame.com\/wp-content\/blogs.dir\/1\/files\/sites\/62\/2026\/02\/lyon-players-city-game-smartphone-map.jpg\",\"datePublished\":\"2026-02-05T11:17:39+00:00\",\"dateModified\":\"2026-04-08T06:26:04+00:00\",\"description\":\"Sherlock Holmes Lyon. Spill et selvguidet mordmysterium City Game, l\u00f8s g\u00e5ter, f\u00f8lg spor og avsl\u00f8r morderen i eget tempo!\",\"breadcrumb\":{\"@id\":\"https:\/\/testwebsite.citygame.com\/no\/games\/lyon\/sherlock-holmes-lyon\/#breadcrumb\"},\"inLanguage\":\"nb-NO\",\"potentialAction\":[{\"@type\":\"ReadAction\",\"target\":[\"https:\/\/testwebsite.citygame.com\/no\/games\/lyon\/sherlock-holmes-lyon\/\"]}]},{\"@type\":\"ImageObject\",\"inLanguage\":\"nb-NO\",\"@id\":\"https:\/\/testwebsite.citygame.com\/no\/games\/lyon\/sherlock-holmes-lyon\/#primaryimage\",\"url\":\"https:\/\/testwebsite.citygame.com\/wp-content\/blogs.dir\/1\/files\/sites\/62\/2026\/02\/lyon-players-city-game-smartphone-map.jpg\",\"contentUrl\":\"https:\/\/testwebsite.citygame.com\/wp-content\/blogs.dir\/1\/files\/sites\/62\/2026\/02\/lyon-players-city-game-smartphone-map.jpg\",\"width\":1344,\"height\":768,\"caption\":\"A group of friends works together to solve a clue on their phone in Lyon.\"},{\"@type\":\"BreadcrumbList\",\"@id\":\"https:\/\/testwebsite.citygame.com\/no\/games\/lyon\/sherlock-holmes-lyon\/#breadcrumb\",\"itemListElement\":[{\"@type\":\"ListItem\",\"position\":1,\"name\":\"Home\",\"item\":\"https:\/\/testwebsite.citygame.com\/no\/\"},{\"@type\":\"ListItem\",\"position\":2,\"name\":\"Shop\",\"item\":\"https:\/\/testwebsite.citygame.com\/shop\/\"},{\"@type\":\"ListItem\",\"position\":3,\"name\":\"Sherlock Holmes Lyon\"}]},{\"@type\":\"WebSite\",\"@id\":\"https:\/\/testwebsite.upevents.nl\/#website\",\"url\":\"https:\/\/testwebsite.upevents.nl\/\",\"name\":\"City Game\",\"description\":\"\",\"publisher\":{\"@id\":\"https:\/\/testwebsite.upevents.nl\/#organization\"},\"alternateName\":\"citygame.com\",\"potentialAction\":[{\"@type\":\"SearchAction\",\"target\":{\"@type\":\"EntryPoint\",\"urlTemplate\":\"https:\/\/testwebsite.upevents.nl\/?s={search_term_string}\"},\"query-input\":{\"@type\":\"PropertyValueSpecification\",\"valueRequired\":true,\"valueName\":\"search_term_string\"}}],\"inLanguage\":\"nb-NO\"},{\"@type\":[\"Organization\",\"Place\"],\"@id\":\"https:\/\/testwebsite.upevents.nl\/#organization\",\"name\":\"City Game\",\"alternateName\":\"citygame.com\",\"url\":\"https:\/\/testwebsite.upevents.nl\/\",\"logo\":{\"@id\":\"https:\/\/testwebsite.citygame.com\/no\/games\/lyon\/sherlock-holmes-lyon\/#local-main-organization-logo\"},\"image\":{\"@id\":\"https:\/\/testwebsite.citygame.com\/no\/games\/lyon\/sherlock-holmes-lyon\/#local-main-organization-logo\"},\"sameAs\":[\"https:\/\/www.facebook.com\/profile.php?id=100086426226253\",\"https:\/\/www.instagram.com\/citygame_com\",\"https:\/\/www.tiktok.com\/@citygamecom\/\",\"https:\/\/www.linkedin.com\/company\/citygame-com\"],\"description\":\"Turn any city into a playground with our interactive City Games and self-guided tours. Fun, flexible, and ideal for groups and team building.\",\"telephone\":[],\"openingHoursSpecification\":[{\"@type\":\"OpeningHoursSpecification\",\"dayOfWeek\":[\"Monday\",\"Tuesday\",\"Wednesday\",\"Thursday\",\"Friday\",\"Saturday\",\"Sunday\"],\"opens\":\"09:00\",\"closes\":\"17:00\"}]},{\"@type\":\"ImageObject\",\"inLanguage\":\"nb-NO\",\"@id\":\"https:\/\/testwebsite.citygame.com\/no\/games\/lyon\/sherlock-holmes-lyon\/#local-main-organization-logo\",\"url\":\"https:\/\/testwebsite.citygame.com\/wp-content\/blogs.dir\/1\/files\/sites\/62\/2025\/10\/CG_LOGO-City-Game.png\",\"contentUrl\":\"https:\/\/testwebsite.citygame.com\/wp-content\/blogs.dir\/1\/files\/sites\/62\/2025\/10\/CG_LOGO-City-Game.png\",\"width\":351,\"height\":377,\"caption\":\"City Game\"}]}<\/script>\n<!-- \/ Yoast SEO Premium plugin. -->","yoast_head_json":{"title":"Sherlock Holmes Lyon - City Game","description":"Sherlock Holmes Lyon. Spill et selvguidet mordmysterium City Game, l\u00f8s g\u00e5ter, f\u00f8lg spor og avsl\u00f8r morderen i eget tempo!","robots":{"index":"noindex","follow":"follow","max-snippet":"max-snippet:-1","max-image-preview":"max-image-preview:large","max-video-preview":"max-video-preview:-1"},"og_locale":"nb_NO","og_type":"article","og_title":"Sherlock Holmes Lyon","og_description":"Sherlock Holmes Lyon. Spill et selvguidet mordmysterium City Game, l\u00f8s g\u00e5ter, f\u00f8lg spor og avsl\u00f8r morderen i eget tempo!","og_url":"https:\/\/testwebsite.citygame.com\/no\/games\/lyon\/sherlock-holmes-lyon\/","og_site_name":"City Game","article_publisher":"https:\/\/www.facebook.com\/profile.php?id=100086426226253","article_modified_time":"2026-04-08T06:26:04+00:00","og_image":[{"width":1344,"height":768,"url":"https:\/\/testwebsite.citygame.com\/wp-content\/blogs.dir\/1\/files\/sites\/62\/2026\/02\/lyon-players-city-game-smartphone-map.jpg","type":"image\/jpeg"}],"twitter_card":"summary_large_image","schema":{"@context":"https:\/\/schema.org","@graph":[{"@type":"WebPage","@id":"https:\/\/testwebsite.citygame.com\/no\/games\/lyon\/sherlock-holmes-lyon\/","url":"https:\/\/testwebsite.citygame.com\/no\/games\/lyon\/sherlock-holmes-lyon\/","name":"Sherlock Holmes Lyon - City Game","isPartOf":{"@id":"https:\/\/testwebsite.upevents.nl\/#website"},"primaryImageOfPage":{"@id":"https:\/\/testwebsite.citygame.com\/no\/games\/lyon\/sherlock-holmes-lyon\/#primaryimage"},"image":{"@id":"https:\/\/testwebsite.citygame.com\/no\/games\/lyon\/sherlock-holmes-lyon\/#primaryimage"},"thumbnailUrl":"https:\/\/testwebsite.citygame.com\/wp-content\/blogs.dir\/1\/files\/sites\/62\/2026\/02\/lyon-players-city-game-smartphone-map.jpg","datePublished":"2026-02-05T11:17:39+00:00","dateModified":"2026-04-08T06:26:04+00:00","description":"Sherlock Holmes Lyon. Spill et selvguidet mordmysterium City Game, l\u00f8s g\u00e5ter, f\u00f8lg spor og avsl\u00f8r morderen i eget tempo!","breadcrumb":{"@id":"https:\/\/testwebsite.citygame.com\/no\/games\/lyon\/sherlock-holmes-lyon\/#breadcrumb"},"inLanguage":"nb-NO","potentialAction":[{"@type":"ReadAction","target":["https:\/\/testwebsite.citygame.com\/no\/games\/lyon\/sherlock-holmes-lyon\/"]}]},{"@type":"ImageObject","inLanguage":"nb-NO","@id":"https:\/\/testwebsite.citygame.com\/no\/games\/lyon\/sherlock-holmes-lyon\/#primaryimage","url":"https:\/\/testwebsite.citygame.com\/wp-content\/blogs.dir\/1\/files\/sites\/62\/2026\/02\/lyon-players-city-game-smartphone-map.jpg","contentUrl":"https:\/\/testwebsite.citygame.com\/wp-content\/blogs.dir\/1\/files\/sites\/62\/2026\/02\/lyon-players-city-game-smartphone-map.jpg","width":1344,"height":768,"caption":"A group of friends works together to solve a clue on their phone in Lyon."},{"@type":"BreadcrumbList","@id":"https:\/\/testwebsite.citygame.com\/no\/games\/lyon\/sherlock-holmes-lyon\/#breadcrumb","itemListElement":[{"@type":"ListItem","position":1,"name":"Home","item":"https:\/\/testwebsite.citygame.com\/no\/"},{"@type":"ListItem","position":2,"name":"Shop","item":"https:\/\/testwebsite.citygame.com\/shop\/"},{"@type":"ListItem","position":3,"name":"Sherlock Holmes Lyon"}]},{"@type":"WebSite","@id":"https:\/\/testwebsite.upevents.nl\/#website","url":"https:\/\/testwebsite.upevents.nl\/","name":"City Game","description":"","publisher":{"@id":"https:\/\/testwebsite.upevents.nl\/#organization"},"alternateName":"citygame.com","potentialAction":[{"@type":"SearchAction","target":{"@type":"EntryPoint","urlTemplate":"https:\/\/testwebsite.upevents.nl\/?s={search_term_string}"},"query-input":{"@type":"PropertyValueSpecification","valueRequired":true,"valueName":"search_term_string"}}],"inLanguage":"nb-NO"},{"@type":["Organization","Place"],"@id":"https:\/\/testwebsite.upevents.nl\/#organization","name":"City Game","alternateName":"citygame.com","url":"https:\/\/testwebsite.upevents.nl\/","logo":{"@id":"https:\/\/testwebsite.citygame.com\/no\/games\/lyon\/sherlock-holmes-lyon\/#local-main-organization-logo"},"image":{"@id":"https:\/\/testwebsite.citygame.com\/no\/games\/lyon\/sherlock-holmes-lyon\/#local-main-organization-logo"},"sameAs":["https:\/\/www.facebook.com\/profile.php?id=100086426226253","https:\/\/www.instagram.com\/citygame_com","https:\/\/www.tiktok.com\/@citygamecom\/","https:\/\/www.linkedin.com\/company\/citygame-com"],"description":"Turn any city into a playground with our interactive City Games and self-guided tours. Fun, flexible, and ideal for groups and team building.","telephone":[],"openingHoursSpecification":[{"@type":"OpeningHoursSpecification","dayOfWeek":["Monday","Tuesday","Wednesday","Thursday","Friday","Saturday","Sunday"],"opens":"09:00","closes":"17:00"}]},{"@type":"ImageObject","inLanguage":"nb-NO","@id":"https:\/\/testwebsite.citygame.com\/no\/games\/lyon\/sherlock-holmes-lyon\/#local-main-organization-logo","url":"https:\/\/testwebsite.citygame.com\/wp-content\/blogs.dir\/1\/files\/sites\/62\/2025\/10\/CG_LOGO-City-Game.png","contentUrl":"https:\/\/testwebsite.citygame.com\/wp-content\/blogs.dir\/1\/files\/sites\/62\/2025\/10\/CG_LOGO-City-Game.png","width":351,"height":377,"caption":"City Game"}]}},"taxonomy_info":{"game-concept":[{"value":796,"label":"Sherlock"}],"location":[{"value":255,"label":"Lyon"}],"product_cat":[{"value":27,"label":"Geen categorie"}]},"featured_image_src_large":["https:\/\/testwebsite.citygame.com\/wp-content\/blogs.dir\/1\/files\/sites\/62\/2026\/02\/lyon-players-city-game-smartphone-map-1024x585.jpg",1024,585,true],"author_info":[],"comment_info":"","_links":{"self":[{"href":"https:\/\/testwebsite.citygame.com\/no\/wp-json\/wp\/v2\/product\/60800","targetHints":{"allow":["GET"]}}],"collection":[{"href":"https:\/\/testwebsite.citygame.com\/no\/wp-json\/wp\/v2\/product"}],"about":[{"href":"https:\/\/testwebsite.citygame.com\/no\/wp-json\/wp\/v2\/types\/product"}],"acf:post":[{"embeddable":true,"href":"https:\/\/testwebsite.citygame.com\/no\/wp-json\/wp\/v2\/pages\/7312"}],"wp:featuredmedia":[{"embeddable":true,"href":"https:\/\/testwebsite.citygame.com\/no\/wp-json\/wp\/v2\/media\/10706"}],"wp:attachment":[{"href":"https:\/\/testwebsite.citygame.com\/no\/wp-json\/wp\/v2\/media?parent=60800"}],"wp:term":[{"taxonomy":"game-concept","embeddable":true,"href":"https:\/\/testwebsite.citygame.com\/no\/wp-json\/wp\/v2\/game-concept?post=60800"},{"taxonomy":"location","embeddable":true,"href":"https:\/\/testwebsite.citygame.com\/no\/wp-json\/wp\/v2\/location?post=60800"},{"taxonomy":"product_brand","embeddable":true,"href":"https:\/\/testwebsite.citygame.com\/no\/wp-json\/wp\/v2\/product_brand?post=60800"},{"taxonomy":"product_cat","embeddable":true,"href":"https:\/\/testwebsite.citygame.com\/no\/wp-json\/wp\/v2\/product_cat?post=60800"},{"taxonomy":"product_tag","embeddable":true,"href":"https:\/\/testwebsite.citygame.com\/no\/wp-json\/wp\/v2\/product_tag?post=60800"}],"curies":[{"name":"wp","href":"https:\/\/api.w.org\/{rel}","templated":true}]}}