{"id":59459,"date":"2026-02-19T14:44:01","date_gmt":"2026-02-19T14:44:01","guid":{"rendered":"https:\/\/testwebsite.citygame.com\/games\/unknown-location\/sherlock-holmes-ponta-delgada\/"},"modified":"2026-04-08T04:04:55","modified_gmt":"2026-04-08T04:04:55","slug":"sherlock-holmes-ponta-delgada","status":"publish","type":"product","link":"https:\/\/testwebsite.citygame.com\/no\/games\/ponta-delgada\/sherlock-holmes-ponta-delgada\/","title":{"rendered":"Sherlock Holmes Ponta Delgada"},"content":{"rendered":"<p>Fordyp deg i den fengslende verdenen til Sherlock Holmes med v\u00e5rt selvguidede, historiedrevne mordmysterium City Game i sentrum av Ponta Delgada. Bli en detektiv i egen rett idet byen forvandles til en altomfattende detektivlekeplass for din etterforskning, full av spennende fortellinger, hemmelige ledetr\u00e5der og g\u00e5tefulle oppgaver. Under denne medrivende ekspedisjonen, med Liberty Festival som bakteppe, vil du engasjere deg med digitale mistenkte, l\u00f8se hjernekr\u00f8llende g\u00e5ter, og m\u00f8ysommelig samle brikker i ditt eget tempo, noe som gj\u00f8r hvert skritt p\u00e5 din fordypende detektivreise virkelig gripende.<\/p>\n","protected":false},"excerpt":{"rendered":"<p>Tr\u00e5 inn i Sherlock Holmes&#8217;s listige fotspor blant de pulserende gatene i Ponta Delgada i dette selvguidede mordmysteriet. Sammen med teamet ditt, f\u00f8lg unnvikende spor, l\u00f8s intrikate g\u00e5ter og avsl\u00f8r den sjokkerende sannheten f\u00f8r tiden renner ut!<\/p>\n","protected":false},"featured_media":14944,"template":"","meta":{"_acf_changed":false,"_yoast_wpseo_focuskw":"Sherlock Holmes Ponta Delgada","_yoast_wpseo_metadesc":"Sherlock Holmes Ponta Delgada. Spill et selvguidet mordmysterium City Game, l\u00f8s g\u00e5ter, f\u00f8lg ledetr\u00e5der og avsl\u00f8r morderen i ditt eget tempo!","_kad_blocks_custom_css":"","_kad_blocks_head_custom_js":"","_kad_blocks_body_custom_js":"","_kad_blocks_footer_custom_js":"","ghostkit_customizer_options":"","ghostkit_custom_css":"","ghostkit_custom_js_head":"","ghostkit_custom_js_foot":"","ghostkit_typography":"","_kad_post_transparent":"default","_kad_post_title":"","_kad_post_layout":"default","_kad_post_sidebar_id":"","_kad_post_content_style":"default","_kad_post_vertical_padding":"default","_kad_post_feature":"","_kad_post_feature_position":"","_kad_post_header":false,"_kad_post_footer":false,"_kad_post_classname":"","_links_to":"","_links_to_target":""},"game-concept":[796],"location":[326],"product_brand":[],"product_cat":[27],"product_tag":[],"class_list":{"0":"post-59459","1":"product","2":"type-product","3":"status-publish","4":"has-post-thumbnail","6":"game-concept-sherlock","7":"location-ponta-delgada","8":"product_cat-geen-categorie","10":"first","11":"instock","12":"shipping-taxable","13":"purchasable","14":"product-type-simple","15":"entry","16":"content-bg","17":"loop-entry"},"acf":{"full_bokun_product_name":"Ponta Delgada Self-Guided Sherlock Holmes Murder Mystery Game","location_name":"Ponta Delgada","bokun_calendar_widget_code":"<script type=\"text\/javascript\" src=\"https:\/\/widgets.bokun.io\/assets\/javascripts\/apps\/build\/BokunWidgetsLoader.js?bookingChannelUUID=a1e93e96-5232-4734-a595-28405f4b5a31\" async><\/script>\n     \n    <div class=\"bokunWidget\" data-src=\"https:\/\/widgets.bokun.io\/online-sales\/a1e93e96-5232-4734-a595-28405f4b5a31\/experience-calendar\/771773\"><\/div>\n    <noscript>Please enable javascript in your browser to book<\/noscript>","bokun_button_widget_code":"<script type=\"text\/javascript\" src=\"https:\/\/widgets.bokun.io\/assets\/javascripts\/apps\/build\/BokunWidgetsLoader.js?bookingChannelUUID=a1e93e96-5232-4734-a595-28405f4b5a31\" async><\/script>\n      <style> #bokun_ed001e45_5927_4f62_b470_ca766338d083 { display: inline-block; padding: .4em 1em; background: #47b82e; border-radius: 999999px; box-shadow: none; font-weight: 600; font-size: 24px; text-decoration: none; text-align: center; color: #FFFFFF; border:none; cursor: pointer; transition: background .2s ease; } #bokun_ed001e45_5927_4f62_b470_ca766338d083:hover{ background: #2f7b1f; } #bokun_ed001e45_5927_4f62_b470_ca766338d083:active{ background: #378f24; } <\/style> <button class=\"bokunButton\" disabled id=bokun_ed001e45_5927_4f62_b470_ca766338d083 data-src=\"https:\/\/widgets.bokun.io\/online-sales\/a1e93e96-5232-4734-a595-28405f4b5a31\/experience-calendar\/771773?partialView=1\" data-testid=\"widget-book-button\" > Book now <\/button> ","what_you\u2019ll_experience_during_the_game":"Ved starten av The Sherlock Holmes City Game i Ponta Delgada, blir du umiddelbart en n\u00f8kkelspiller i en intens spennende detektivfortelling. Mens du navigerer gjennom byens gater, utfolder en kompleks historie seg, og venter p\u00e5 din skarpe intellekt og observante dyktighet for \u00e5 tyde veien fremover. Historien fletter seg sammen med bevegelsene dine, actionfylt med den spennende oppdagelsen av ledetr\u00e5der, l\u00f8sning av intrikate g\u00e5ter, og underveis m\u00f8ter du uventede vendinger i etterforskningen.\r\n\r\nDet handler ikke bare om \u00e5 finne ledetr\u00e5dene \u2013 det handler om \u00e5 analysere dem, avh\u00f8re digitale mistenkte, og lese inn i deres alibier eller motsetninger. Du m\u00e5 avdekke sannheten bak et urovekkende mord som fant sted under Liberty Festival. Husk, hver ledetr\u00e5d er integrert og ingen er for liten til \u00e5 v\u00e6re et sentralt aspekt av denne fullt historiedrevne opplevelsen. Bruk din kritiske tenkning, observasjon og deduksjon til det fulle. Hele spillet er fleksibelt, slik at du kan diktere tempoet \u2013 pause n\u00e5r du \u00f8nsker \u00e5 legge strategi og fortsette n\u00e5r det passer deg. For litt ekstra spenning, konkurrer mot andre lag om \u00e5 v\u00e6re den raskeste probleml\u00f8seren, men husk \u2013 \u00e5 l\u00f8se dette tilfredsstillende kriminelle mysteriet er, tross alt, hovedattraksjonen i dette unike detektiveventyret.","how_to_play":"Arbeid alene eller sammen med venner, familie eller kolleger i team p\u00e5 opptil fire per enhet. Etter bestilling vil du motta en e-post med instruksjoner og alt du trenger.","start_location":"Ponta Delgada, Portas da Cidade","available_languages":["nl","en","fr","de","it","es"],"players_per_group":"1-4","duration":"1.5-2 hours","image_overlay_color_image":"https:\/\/testwebsite.citygame.com\/wp-content\/blogs.dir\/1\/files\/sites\/62\/2026\/01\/SherlockColor.svg","image_overlay_game_logo":"https:\/\/testwebsite.citygame.com\/wp-content\/blogs.dir\/1\/files\/sites\/62\/2026\/01\/SherlockLogo.png","city_page":9044,"woocommerce_general_content":null},"yoast_head":"<!-- This site is optimized with the Yoast SEO Premium plugin v26.2 (Yoast SEO v26.3) - https:\/\/yoast.com\/wordpress\/plugins\/seo\/ -->\n<title>Sherlock Holmes Ponta Delgada - City Game<\/title>\n<meta name=\"description\" content=\"Sherlock Holmes Ponta Delgada. Spill et selvguidet mordmysterium City Game, l\u00f8s g\u00e5ter, f\u00f8lg ledetr\u00e5der og avsl\u00f8r morderen i ditt eget tempo!\" \/>\n<meta name=\"robots\" content=\"noindex, follow, max-snippet:-1, max-image-preview:large, max-video-preview:-1\" \/>\n<meta property=\"og:locale\" content=\"nb_NO\" \/>\n<meta property=\"og:type\" content=\"article\" \/>\n<meta property=\"og:title\" content=\"Sherlock Holmes Ponta Delgada\" \/>\n<meta property=\"og:description\" content=\"Sherlock Holmes Ponta Delgada. Spill et selvguidet mordmysterium City Game, l\u00f8s g\u00e5ter, f\u00f8lg ledetr\u00e5der og avsl\u00f8r morderen i ditt eget tempo!\" \/>\n<meta property=\"og:url\" content=\"https:\/\/testwebsite.citygame.com\/no\/games\/ponta-delgada\/sherlock-holmes-ponta-delgada\/\" \/>\n<meta property=\"og:site_name\" content=\"City Game\" \/>\n<meta property=\"article:publisher\" content=\"https:\/\/www.facebook.com\/profile.php?id=100086426226253\" \/>\n<meta property=\"article:modified_time\" content=\"2026-04-08T04:04:55+00:00\" \/>\n<meta property=\"og:image\" content=\"https:\/\/testwebsite.citygame.com\/wp-content\/blogs.dir\/1\/files\/sites\/62\/2026\/02\/group-of-friends-playing-city-game-ponta-delgada-palacio-de-santana.jpg\" \/>\n\t<meta property=\"og:image:width\" content=\"1024\" \/>\n\t<meta property=\"og:image:height\" content=\"1024\" \/>\n\t<meta property=\"og:image:type\" content=\"image\/jpeg\" \/>\n<meta name=\"twitter:card\" content=\"summary_large_image\" \/>\n<script type=\"application\/ld+json\" class=\"yoast-schema-graph\">{\"@context\":\"https:\/\/schema.org\",\"@graph\":[{\"@type\":\"WebPage\",\"@id\":\"https:\/\/testwebsite.citygame.com\/no\/games\/ponta-delgada\/sherlock-holmes-ponta-delgada\/\",\"url\":\"https:\/\/testwebsite.citygame.com\/no\/games\/ponta-delgada\/sherlock-holmes-ponta-delgada\/\",\"name\":\"Sherlock Holmes Ponta Delgada - City Game\",\"isPartOf\":{\"@id\":\"https:\/\/testwebsite.upevents.nl\/#website\"},\"primaryImageOfPage\":{\"@id\":\"https:\/\/testwebsite.citygame.com\/no\/games\/ponta-delgada\/sherlock-holmes-ponta-delgada\/#primaryimage\"},\"image\":{\"@id\":\"https:\/\/testwebsite.citygame.com\/no\/games\/ponta-delgada\/sherlock-holmes-ponta-delgada\/#primaryimage\"},\"thumbnailUrl\":\"https:\/\/testwebsite.citygame.com\/wp-content\/blogs.dir\/1\/files\/sites\/62\/2026\/02\/group-of-friends-playing-city-game-ponta-delgada-palacio-de-santana.jpg\",\"datePublished\":\"2026-02-19T14:44:01+00:00\",\"dateModified\":\"2026-04-08T04:04:55+00:00\",\"description\":\"Sherlock Holmes Ponta Delgada. Spill et selvguidet mordmysterium City Game, l\u00f8s g\u00e5ter, f\u00f8lg ledetr\u00e5der og avsl\u00f8r morderen i ditt eget tempo!\",\"breadcrumb\":{\"@id\":\"https:\/\/testwebsite.citygame.com\/no\/games\/ponta-delgada\/sherlock-holmes-ponta-delgada\/#breadcrumb\"},\"inLanguage\":\"nb-NO\",\"potentialAction\":[{\"@type\":\"ReadAction\",\"target\":[\"https:\/\/testwebsite.citygame.com\/no\/games\/ponta-delgada\/sherlock-holmes-ponta-delgada\/\"]}]},{\"@type\":\"ImageObject\",\"inLanguage\":\"nb-NO\",\"@id\":\"https:\/\/testwebsite.citygame.com\/no\/games\/ponta-delgada\/sherlock-holmes-ponta-delgada\/#primaryimage\",\"url\":\"https:\/\/testwebsite.citygame.com\/wp-content\/blogs.dir\/1\/files\/sites\/62\/2026\/02\/group-of-friends-playing-city-game-ponta-delgada-palacio-de-santana.jpg\",\"contentUrl\":\"https:\/\/testwebsite.citygame.com\/wp-content\/blogs.dir\/1\/files\/sites\/62\/2026\/02\/group-of-friends-playing-city-game-ponta-delgada-palacio-de-santana.jpg\",\"width\":1024,\"height\":1024,\"caption\":\"A group of friends collaborates to solve a puzzle on their phone in Ponta Delgada.\"},{\"@type\":\"BreadcrumbList\",\"@id\":\"https:\/\/testwebsite.citygame.com\/no\/games\/ponta-delgada\/sherlock-holmes-ponta-delgada\/#breadcrumb\",\"itemListElement\":[{\"@type\":\"ListItem\",\"position\":1,\"name\":\"Home\",\"item\":\"https:\/\/testwebsite.citygame.com\/no\/\"},{\"@type\":\"ListItem\",\"position\":2,\"name\":\"Shop\",\"item\":\"https:\/\/testwebsite.citygame.com\/shop\/\"},{\"@type\":\"ListItem\",\"position\":3,\"name\":\"Sherlock Holmes Ponta Delgada\"}]},{\"@type\":\"WebSite\",\"@id\":\"https:\/\/testwebsite.upevents.nl\/#website\",\"url\":\"https:\/\/testwebsite.upevents.nl\/\",\"name\":\"City Game\",\"description\":\"\",\"publisher\":{\"@id\":\"https:\/\/testwebsite.upevents.nl\/#organization\"},\"alternateName\":\"citygame.com\",\"potentialAction\":[{\"@type\":\"SearchAction\",\"target\":{\"@type\":\"EntryPoint\",\"urlTemplate\":\"https:\/\/testwebsite.upevents.nl\/?s={search_term_string}\"},\"query-input\":{\"@type\":\"PropertyValueSpecification\",\"valueRequired\":true,\"valueName\":\"search_term_string\"}}],\"inLanguage\":\"nb-NO\"},{\"@type\":[\"Organization\",\"Place\"],\"@id\":\"https:\/\/testwebsite.upevents.nl\/#organization\",\"name\":\"City Game\",\"alternateName\":\"citygame.com\",\"url\":\"https:\/\/testwebsite.upevents.nl\/\",\"logo\":{\"@id\":\"https:\/\/testwebsite.citygame.com\/no\/games\/ponta-delgada\/sherlock-holmes-ponta-delgada\/#local-main-organization-logo\"},\"image\":{\"@id\":\"https:\/\/testwebsite.citygame.com\/no\/games\/ponta-delgada\/sherlock-holmes-ponta-delgada\/#local-main-organization-logo\"},\"sameAs\":[\"https:\/\/www.facebook.com\/profile.php?id=100086426226253\",\"https:\/\/www.instagram.com\/citygame_com\",\"https:\/\/www.tiktok.com\/@citygamecom\/\",\"https:\/\/www.linkedin.com\/company\/citygame-com\"],\"description\":\"Turn any city into a playground with our interactive City Games and self-guided tours. Fun, flexible, and ideal for groups and team building.\",\"telephone\":[],\"openingHoursSpecification\":[{\"@type\":\"OpeningHoursSpecification\",\"dayOfWeek\":[\"Monday\",\"Tuesday\",\"Wednesday\",\"Thursday\",\"Friday\",\"Saturday\",\"Sunday\"],\"opens\":\"09:00\",\"closes\":\"17:00\"}]},{\"@type\":\"ImageObject\",\"inLanguage\":\"nb-NO\",\"@id\":\"https:\/\/testwebsite.citygame.com\/no\/games\/ponta-delgada\/sherlock-holmes-ponta-delgada\/#local-main-organization-logo\",\"url\":\"https:\/\/testwebsite.citygame.com\/wp-content\/blogs.dir\/1\/files\/sites\/62\/2025\/10\/CG_LOGO-City-Game.png\",\"contentUrl\":\"https:\/\/testwebsite.citygame.com\/wp-content\/blogs.dir\/1\/files\/sites\/62\/2025\/10\/CG_LOGO-City-Game.png\",\"width\":351,\"height\":377,\"caption\":\"City Game\"}]}<\/script>\n<!-- \/ Yoast SEO Premium plugin. -->","yoast_head_json":{"title":"Sherlock Holmes Ponta Delgada - City Game","description":"Sherlock Holmes Ponta Delgada. Spill et selvguidet mordmysterium City Game, l\u00f8s g\u00e5ter, f\u00f8lg ledetr\u00e5der og avsl\u00f8r morderen i ditt eget tempo!","robots":{"index":"noindex","follow":"follow","max-snippet":"max-snippet:-1","max-image-preview":"max-image-preview:large","max-video-preview":"max-video-preview:-1"},"og_locale":"nb_NO","og_type":"article","og_title":"Sherlock Holmes Ponta Delgada","og_description":"Sherlock Holmes Ponta Delgada. Spill et selvguidet mordmysterium City Game, l\u00f8s g\u00e5ter, f\u00f8lg ledetr\u00e5der og avsl\u00f8r morderen i ditt eget tempo!","og_url":"https:\/\/testwebsite.citygame.com\/no\/games\/ponta-delgada\/sherlock-holmes-ponta-delgada\/","og_site_name":"City Game","article_publisher":"https:\/\/www.facebook.com\/profile.php?id=100086426226253","article_modified_time":"2026-04-08T04:04:55+00:00","og_image":[{"width":1024,"height":1024,"url":"https:\/\/testwebsite.citygame.com\/wp-content\/blogs.dir\/1\/files\/sites\/62\/2026\/02\/group-of-friends-playing-city-game-ponta-delgada-palacio-de-santana.jpg","type":"image\/jpeg"}],"twitter_card":"summary_large_image","schema":{"@context":"https:\/\/schema.org","@graph":[{"@type":"WebPage","@id":"https:\/\/testwebsite.citygame.com\/no\/games\/ponta-delgada\/sherlock-holmes-ponta-delgada\/","url":"https:\/\/testwebsite.citygame.com\/no\/games\/ponta-delgada\/sherlock-holmes-ponta-delgada\/","name":"Sherlock Holmes Ponta Delgada - City Game","isPartOf":{"@id":"https:\/\/testwebsite.upevents.nl\/#website"},"primaryImageOfPage":{"@id":"https:\/\/testwebsite.citygame.com\/no\/games\/ponta-delgada\/sherlock-holmes-ponta-delgada\/#primaryimage"},"image":{"@id":"https:\/\/testwebsite.citygame.com\/no\/games\/ponta-delgada\/sherlock-holmes-ponta-delgada\/#primaryimage"},"thumbnailUrl":"https:\/\/testwebsite.citygame.com\/wp-content\/blogs.dir\/1\/files\/sites\/62\/2026\/02\/group-of-friends-playing-city-game-ponta-delgada-palacio-de-santana.jpg","datePublished":"2026-02-19T14:44:01+00:00","dateModified":"2026-04-08T04:04:55+00:00","description":"Sherlock Holmes Ponta Delgada. Spill et selvguidet mordmysterium City Game, l\u00f8s g\u00e5ter, f\u00f8lg ledetr\u00e5der og avsl\u00f8r morderen i ditt eget tempo!","breadcrumb":{"@id":"https:\/\/testwebsite.citygame.com\/no\/games\/ponta-delgada\/sherlock-holmes-ponta-delgada\/#breadcrumb"},"inLanguage":"nb-NO","potentialAction":[{"@type":"ReadAction","target":["https:\/\/testwebsite.citygame.com\/no\/games\/ponta-delgada\/sherlock-holmes-ponta-delgada\/"]}]},{"@type":"ImageObject","inLanguage":"nb-NO","@id":"https:\/\/testwebsite.citygame.com\/no\/games\/ponta-delgada\/sherlock-holmes-ponta-delgada\/#primaryimage","url":"https:\/\/testwebsite.citygame.com\/wp-content\/blogs.dir\/1\/files\/sites\/62\/2026\/02\/group-of-friends-playing-city-game-ponta-delgada-palacio-de-santana.jpg","contentUrl":"https:\/\/testwebsite.citygame.com\/wp-content\/blogs.dir\/1\/files\/sites\/62\/2026\/02\/group-of-friends-playing-city-game-ponta-delgada-palacio-de-santana.jpg","width":1024,"height":1024,"caption":"A group of friends collaborates to solve a puzzle on their phone in Ponta Delgada."},{"@type":"BreadcrumbList","@id":"https:\/\/testwebsite.citygame.com\/no\/games\/ponta-delgada\/sherlock-holmes-ponta-delgada\/#breadcrumb","itemListElement":[{"@type":"ListItem","position":1,"name":"Home","item":"https:\/\/testwebsite.citygame.com\/no\/"},{"@type":"ListItem","position":2,"name":"Shop","item":"https:\/\/testwebsite.citygame.com\/shop\/"},{"@type":"ListItem","position":3,"name":"Sherlock Holmes Ponta Delgada"}]},{"@type":"WebSite","@id":"https:\/\/testwebsite.upevents.nl\/#website","url":"https:\/\/testwebsite.upevents.nl\/","name":"City Game","description":"","publisher":{"@id":"https:\/\/testwebsite.upevents.nl\/#organization"},"alternateName":"citygame.com","potentialAction":[{"@type":"SearchAction","target":{"@type":"EntryPoint","urlTemplate":"https:\/\/testwebsite.upevents.nl\/?s={search_term_string}"},"query-input":{"@type":"PropertyValueSpecification","valueRequired":true,"valueName":"search_term_string"}}],"inLanguage":"nb-NO"},{"@type":["Organization","Place"],"@id":"https:\/\/testwebsite.upevents.nl\/#organization","name":"City Game","alternateName":"citygame.com","url":"https:\/\/testwebsite.upevents.nl\/","logo":{"@id":"https:\/\/testwebsite.citygame.com\/no\/games\/ponta-delgada\/sherlock-holmes-ponta-delgada\/#local-main-organization-logo"},"image":{"@id":"https:\/\/testwebsite.citygame.com\/no\/games\/ponta-delgada\/sherlock-holmes-ponta-delgada\/#local-main-organization-logo"},"sameAs":["https:\/\/www.facebook.com\/profile.php?id=100086426226253","https:\/\/www.instagram.com\/citygame_com","https:\/\/www.tiktok.com\/@citygamecom\/","https:\/\/www.linkedin.com\/company\/citygame-com"],"description":"Turn any city into a playground with our interactive City Games and self-guided tours. Fun, flexible, and ideal for groups and team building.","telephone":[],"openingHoursSpecification":[{"@type":"OpeningHoursSpecification","dayOfWeek":["Monday","Tuesday","Wednesday","Thursday","Friday","Saturday","Sunday"],"opens":"09:00","closes":"17:00"}]},{"@type":"ImageObject","inLanguage":"nb-NO","@id":"https:\/\/testwebsite.citygame.com\/no\/games\/ponta-delgada\/sherlock-holmes-ponta-delgada\/#local-main-organization-logo","url":"https:\/\/testwebsite.citygame.com\/wp-content\/blogs.dir\/1\/files\/sites\/62\/2025\/10\/CG_LOGO-City-Game.png","contentUrl":"https:\/\/testwebsite.citygame.com\/wp-content\/blogs.dir\/1\/files\/sites\/62\/2025\/10\/CG_LOGO-City-Game.png","width":351,"height":377,"caption":"City Game"}]}},"taxonomy_info":{"game-concept":[{"value":796,"label":"Sherlock"}],"location":[{"value":326,"label":"Ponta Delgada"}],"product_cat":[{"value":27,"label":"Geen categorie"}]},"featured_image_src_large":["https:\/\/testwebsite.citygame.com\/wp-content\/blogs.dir\/1\/files\/sites\/62\/2026\/02\/group-of-friends-playing-city-game-ponta-delgada-palacio-de-santana.jpg",1024,1024,false],"author_info":[],"comment_info":"","_links":{"self":[{"href":"https:\/\/testwebsite.citygame.com\/no\/wp-json\/wp\/v2\/product\/59459","targetHints":{"allow":["GET"]}}],"collection":[{"href":"https:\/\/testwebsite.citygame.com\/no\/wp-json\/wp\/v2\/product"}],"about":[{"href":"https:\/\/testwebsite.citygame.com\/no\/wp-json\/wp\/v2\/types\/product"}],"acf:post":[{"embeddable":true,"href":"https:\/\/testwebsite.citygame.com\/no\/wp-json\/wp\/v2\/pages\/9044"}],"wp:featuredmedia":[{"embeddable":true,"href":"https:\/\/testwebsite.citygame.com\/no\/wp-json\/wp\/v2\/media\/14944"}],"wp:attachment":[{"href":"https:\/\/testwebsite.citygame.com\/no\/wp-json\/wp\/v2\/media?parent=59459"}],"wp:term":[{"taxonomy":"game-concept","embeddable":true,"href":"https:\/\/testwebsite.citygame.com\/no\/wp-json\/wp\/v2\/game-concept?post=59459"},{"taxonomy":"location","embeddable":true,"href":"https:\/\/testwebsite.citygame.com\/no\/wp-json\/wp\/v2\/location?post=59459"},{"taxonomy":"product_brand","embeddable":true,"href":"https:\/\/testwebsite.citygame.com\/no\/wp-json\/wp\/v2\/product_brand?post=59459"},{"taxonomy":"product_cat","embeddable":true,"href":"https:\/\/testwebsite.citygame.com\/no\/wp-json\/wp\/v2\/product_cat?post=59459"},{"taxonomy":"product_tag","embeddable":true,"href":"https:\/\/testwebsite.citygame.com\/no\/wp-json\/wp\/v2\/product_tag?post=59459"}],"curies":[{"name":"wp","href":"https:\/\/api.w.org\/{rel}","templated":true}]}}