{"id":58268,"date":"2026-03-19T11:05:34","date_gmt":"2026-03-19T11:05:34","guid":{"rendered":"https:\/\/testwebsite.citygame.com\/games\/unknown-location\/secrets-of-singapore-city\/"},"modified":"2026-04-08T01:56:52","modified_gmt":"2026-04-08T01:56:52","slug":"secrets-of-singapore-city","status":"publish","type":"product","link":"https:\/\/testwebsite.citygame.com\/no\/games\/singapore-city\/secrets-of-singapore-city\/","title":{"rendered":"Secrets of Singapore City"},"content":{"rendered":"<p>Tre inn i det fengslende &#8216;Secrets of Singapore City Game&#8217;, en selvguidet, GPS-basert utforskning som tar deg rett inn i Singapore sentrum. Dette oppslukende byspillet lar spillere navigere i Singapores travle gater ved hjelp av smarttelefonene sine, l\u00f8se spennende g\u00e5ter, rebuser og delta i unike foto-utfordringer. Etter hvert som du dykker dypere inn i spillet, vil du avdekke Singapores rike historie, pulserende kultur og oppdage skjulte sider ved Singapore City. Perfekt for b\u00e5de lokale og bes\u00f8kende, spillet v\u00e5rt er en interaktiv m\u00e5te \u00e5 forst\u00e5 og engasjere seg i byen p\u00e5 et helt nytt niv\u00e5. Spillet passer for alle \u2013 fra enkeltspillere til par, organiserte grupper og til og med familier. Det finnes ingen bedre m\u00e5te \u00e5 oppleve Singapore City p\u00e5 en unik, morsom og l\u00e6rerik m\u00e5te.<\/p>\n","protected":false},"excerpt":{"rendered":"<p>Opplev Singapore Citys pulserende energi og ro! Vandre gjennom en metropol hvor moderne skyskrapere m\u00f8ter gamle templer, og tradisjoner smelter sammen med futuristiske visjoner. V\u00e6r forberedt p\u00e5 \u00e5 l\u00f8se g\u00e5ter og dykke ned i et samspill av kulturer, mens Singapore City avsl\u00f8rer skjulte skatter i hver krik og krok!<\/p>\n","protected":false},"featured_media":19280,"template":"","meta":{"_acf_changed":false,"_yoast_wpseo_focuskw":"Secrets of Singapore City","_yoast_wpseo_metadesc":"Secrets of Singapore City. Spill et selvguidet byspill og utforsk byen gjennom g\u00e5ter, rebuser og utfordringer. Spill i ditt eget tempo og oppdag som en lokal!","_kad_blocks_custom_css":"","_kad_blocks_head_custom_js":"","_kad_blocks_body_custom_js":"","_kad_blocks_footer_custom_js":"","ghostkit_customizer_options":"","ghostkit_custom_css":"","ghostkit_custom_js_head":"","ghostkit_custom_js_foot":"","ghostkit_typography":"","_kad_post_transparent":"","_kad_post_title":"","_kad_post_layout":"","_kad_post_sidebar_id":"","_kad_post_content_style":"","_kad_post_vertical_padding":"","_kad_post_feature":"","_kad_post_feature_position":"","_kad_post_header":false,"_kad_post_footer":false,"_kad_post_classname":"","_links_to":"","_links_to_target":""},"game-concept":[723],"location":[588],"product_brand":[],"product_cat":[27],"product_tag":[],"class_list":{"0":"post-58268","1":"product","2":"type-product","3":"status-publish","4":"has-post-thumbnail","6":"game-concept-secrets","7":"location-singapore-city","8":"product_cat-geen-categorie","10":"first","11":"instock","12":"shipping-taxable","13":"purchasable","14":"product-type-simple","15":"entry","16":"content-bg","17":"loop-entry"},"acf":{"full_bokun_product_name":"Self-Guided Secrets of Singapore Exploration Game","location_name":"Singapore City","bokun_calendar_widget_code":"<script type=\"text\/javascript\" src=\"https:\/\/widgets.bokun.io\/assets\/javascripts\/apps\/build\/BokunWidgetsLoader.js?bookingChannelUUID=a1e93e96-5232-4734-a595-28405f4b5a31\" async><\/script>\n     \n    <div class=\"bokunWidget\" data-src=\"https:\/\/widgets.bokun.io\/online-sales\/a1e93e96-5232-4734-a595-28405f4b5a31\/experience-calendar\/796264\"><\/div>\n    <noscript>Please enable javascript in your browser to book<\/noscript>","bokun_button_widget_code":"<script type=\"text\/javascript\" src=\"https:\/\/widgets.bokun.io\/assets\/javascripts\/apps\/build\/BokunWidgetsLoader.js?bookingChannelUUID=a1e93e96-5232-4734-a595-28405f4b5a31\" async><\/script>\n      <style> #bokun_ed001e45_5927_4f62_b470_ca766338d083 { display: inline-block; padding: .4em 1em; background: #47b82e; border-radius: 999999px; box-shadow: none; font-weight: 600; font-size: 24px; text-decoration: none; text-align: center; color: #FFFFFF; border:none; cursor: pointer; transition: background .2s ease; } #bokun_ed001e45_5927_4f62_b470_ca766338d083:hover{ background: #2f7b1f; } #bokun_ed001e45_5927_4f62_b470_ca766338d083:active{ background: #378f24; } <\/style> <button class=\"bokunButton\" disabled id=bokun_ed001e45_5927_4f62_b470_ca766338d083 data-src=\"https:\/\/widgets.bokun.io\/online-sales\/a1e93e96-5232-4734-a595-28405f4b5a31\/experience-calendar\/796264?partialView=1\" data-testid=\"widget-book-button\" > Book now <\/button> ","what_you\u2019ll_experience_during_the_game":"I spillet 'Secrets of Singapore City' vil du ikke bare utforske denne dynamiske byen, men ogs\u00e5 delta i en interaktiv opplevelse full av oppslukende historiefortelling og spennende utfordringer. Spillet vil lede deg gjennom en blanding av kjente landemerker og skjulte perler i Singapore, og gi deg et unikt og helhetlig innblikk i byens sjarm. Fra s\u00e6regne spisesteder gjemt bort i pulserende nabolag til arkitektoniske underverk som ArtScience Museum, vil du avdekke de mindre tr\u00e5kkede stiene gjennom Singapores rike landskap. Dette utforskningsspillet tilbyr en innovativ m\u00e5te \u00e5 oppleve, verdsette og forst\u00e5 Singapore City p\u00e5. \n\nN\u00e5r du spiller dette byspillet, vil du l\u00f8se g\u00e5ter, svare p\u00e5 sp\u00f8rsm\u00e5l og ta morsomme fotoutfordringer, alt mens du fordyper deg i Singapores fengslende hjerte. Hvert l\u00f8ste puslespill vil ikke bare gi deg poeng og spenning, men ogs\u00e5 veilede deg ett skritt n\u00e6rmere \u00e5 tyde et spennende sluttmysterium. Selv om dette spillet utspiller seg i ditt eget tempo og kan pauses og gjenopptas i henhold til timeplanen din, tilbyr det en spennende sjanse for konkurranseinnstilte spillere til \u00e5 n\u00e5 toppen av ledertavlen. S\u00e5, hvis du er klar til \u00e5 injisere litt ekstra spenning i din sightseeingopplevelse i Singapore, er v\u00e5rt byspill her for \u00e5 legge til den vrien av eventyr!","how_to_play":"Bestill utforskningsspillet, sjekk e-posten vi sender deg med de enkle instruksjonene, last ned Loquiz-appen, f\u00e5 tilgang til utforskningsspillet og du er klar til \u00e5 starte din spillopplevelse!","start_location":"Buddha Tooth Relic Temple, Singapore","available_languages":["en"],"players_per_group":"1-4","duration":"1.5-2 hours","image_overlay_color_image":"https:\/\/testwebsite.citygame.com\/wp-content\/blogs.dir\/1\/files\/sites\/62\/2026\/01\/SecretsColor.svg","image_overlay_game_logo":"https:\/\/testwebsite.citygame.com\/wp-content\/blogs.dir\/1\/files\/sites\/62\/2026\/01\/SecretsLogo.png","city_page":13161,"woocommerce_general_content":null},"yoast_head":"<!-- This site is optimized with the Yoast SEO Premium plugin v26.2 (Yoast SEO v26.3) - https:\/\/yoast.com\/wordpress\/plugins\/seo\/ -->\n<title>Secrets of Singapore City - City Game<\/title>\n<meta name=\"description\" content=\"Secrets of Singapore City. Spill et selvguidet byspill og utforsk byen gjennom g\u00e5ter, rebuser og utfordringer. Spill i ditt eget tempo og oppdag som en lokal!\" \/>\n<meta name=\"robots\" content=\"noindex, follow, max-snippet:-1, max-image-preview:large, max-video-preview:-1\" \/>\n<meta property=\"og:locale\" content=\"nb_NO\" \/>\n<meta property=\"og:type\" content=\"article\" \/>\n<meta property=\"og:title\" content=\"Secrets of Singapore City\" \/>\n<meta property=\"og:description\" content=\"Secrets of Singapore City. Spill et selvguidet byspill og utforsk byen gjennom g\u00e5ter, rebuser og utfordringer. Spill i ditt eget tempo og oppdag som en lokal!\" \/>\n<meta property=\"og:url\" content=\"https:\/\/testwebsite.citygame.com\/no\/games\/singapore-city\/secrets-of-singapore-city\/\" \/>\n<meta property=\"og:site_name\" content=\"City Game\" \/>\n<meta property=\"article:publisher\" content=\"https:\/\/www.facebook.com\/profile.php?id=100086426226253\" \/>\n<meta property=\"article:modified_time\" content=\"2026-04-08T01:56:52+00:00\" \/>\n<meta property=\"og:image\" content=\"https:\/\/testwebsite.citygame.com\/wp-content\/blogs.dir\/1\/files\/sites\/62\/2026\/03\/singapore-city-secrets-of-game-player-at-hindu-temple.jpg\" \/>\n\t<meta property=\"og:image:width\" content=\"1024\" \/>\n\t<meta property=\"og:image:height\" content=\"1024\" \/>\n\t<meta property=\"og:image:type\" content=\"image\/jpeg\" \/>\n<meta name=\"twitter:card\" content=\"summary_large_image\" \/>\n<meta name=\"twitter:label1\" content=\"Ansl. lesetid\" \/>\n\t<meta name=\"twitter:data1\" content=\"1 minutt\" \/>\n<script type=\"application\/ld+json\" class=\"yoast-schema-graph\">{\"@context\":\"https:\/\/schema.org\",\"@graph\":[{\"@type\":\"WebPage\",\"@id\":\"https:\/\/testwebsite.citygame.com\/no\/games\/singapore-city\/secrets-of-singapore-city\/\",\"url\":\"https:\/\/testwebsite.citygame.com\/no\/games\/singapore-city\/secrets-of-singapore-city\/\",\"name\":\"Secrets of Singapore City - City Game\",\"isPartOf\":{\"@id\":\"https:\/\/testwebsite.upevents.nl\/#website\"},\"primaryImageOfPage\":{\"@id\":\"https:\/\/testwebsite.citygame.com\/no\/games\/singapore-city\/secrets-of-singapore-city\/#primaryimage\"},\"image\":{\"@id\":\"https:\/\/testwebsite.citygame.com\/no\/games\/singapore-city\/secrets-of-singapore-city\/#primaryimage\"},\"thumbnailUrl\":\"https:\/\/testwebsite.citygame.com\/wp-content\/blogs.dir\/1\/files\/sites\/62\/2026\/03\/singapore-city-secrets-of-game-player-at-hindu-temple.jpg\",\"datePublished\":\"2026-03-19T11:05:34+00:00\",\"dateModified\":\"2026-04-08T01:56:52+00:00\",\"description\":\"Secrets of Singapore City. Spill et selvguidet byspill og utforsk byen gjennom g\u00e5ter, rebuser og utfordringer. Spill i ditt eget tempo og oppdag som en lokal!\",\"breadcrumb\":{\"@id\":\"https:\/\/testwebsite.citygame.com\/no\/games\/singapore-city\/secrets-of-singapore-city\/#breadcrumb\"},\"inLanguage\":\"nb-NO\",\"potentialAction\":[{\"@type\":\"ReadAction\",\"target\":[\"https:\/\/testwebsite.citygame.com\/no\/games\/singapore-city\/secrets-of-singapore-city\/\"]}]},{\"@type\":\"ImageObject\",\"inLanguage\":\"nb-NO\",\"@id\":\"https:\/\/testwebsite.citygame.com\/no\/games\/singapore-city\/secrets-of-singapore-city\/#primaryimage\",\"url\":\"https:\/\/testwebsite.citygame.com\/wp-content\/blogs.dir\/1\/files\/sites\/62\/2026\/03\/singapore-city-secrets-of-game-player-at-hindu-temple.jpg\",\"contentUrl\":\"https:\/\/testwebsite.citygame.com\/wp-content\/blogs.dir\/1\/files\/sites\/62\/2026\/03\/singapore-city-secrets-of-game-player-at-hindu-temple.jpg\",\"width\":1024,\"height\":1024,\"caption\":\"A traveler explores a temple in Singapore City while playing an interactive mobile game.\"},{\"@type\":\"BreadcrumbList\",\"@id\":\"https:\/\/testwebsite.citygame.com\/no\/games\/singapore-city\/secrets-of-singapore-city\/#breadcrumb\",\"itemListElement\":[{\"@type\":\"ListItem\",\"position\":1,\"name\":\"Home\",\"item\":\"https:\/\/testwebsite.citygame.com\/no\/\"},{\"@type\":\"ListItem\",\"position\":2,\"name\":\"Shop\",\"item\":\"https:\/\/testwebsite.citygame.com\/shop\/\"},{\"@type\":\"ListItem\",\"position\":3,\"name\":\"Secrets of Singapore City\"}]},{\"@type\":\"WebSite\",\"@id\":\"https:\/\/testwebsite.upevents.nl\/#website\",\"url\":\"https:\/\/testwebsite.upevents.nl\/\",\"name\":\"City Game\",\"description\":\"\",\"publisher\":{\"@id\":\"https:\/\/testwebsite.upevents.nl\/#organization\"},\"alternateName\":\"citygame.com\",\"potentialAction\":[{\"@type\":\"SearchAction\",\"target\":{\"@type\":\"EntryPoint\",\"urlTemplate\":\"https:\/\/testwebsite.upevents.nl\/?s={search_term_string}\"},\"query-input\":{\"@type\":\"PropertyValueSpecification\",\"valueRequired\":true,\"valueName\":\"search_term_string\"}}],\"inLanguage\":\"nb-NO\"},{\"@type\":[\"Organization\",\"Place\"],\"@id\":\"https:\/\/testwebsite.upevents.nl\/#organization\",\"name\":\"City Game\",\"alternateName\":\"citygame.com\",\"url\":\"https:\/\/testwebsite.upevents.nl\/\",\"logo\":{\"@id\":\"https:\/\/testwebsite.citygame.com\/no\/games\/singapore-city\/secrets-of-singapore-city\/#local-main-organization-logo\"},\"image\":{\"@id\":\"https:\/\/testwebsite.citygame.com\/no\/games\/singapore-city\/secrets-of-singapore-city\/#local-main-organization-logo\"},\"sameAs\":[\"https:\/\/www.facebook.com\/profile.php?id=100086426226253\",\"https:\/\/www.instagram.com\/citygame_com\",\"https:\/\/www.tiktok.com\/@citygamecom\/\",\"https:\/\/www.linkedin.com\/company\/citygame-com\"],\"description\":\"Turn any city into a playground with our interactive City Games and self-guided tours. Fun, flexible, and ideal for groups and team building.\",\"telephone\":[],\"openingHoursSpecification\":[{\"@type\":\"OpeningHoursSpecification\",\"dayOfWeek\":[\"Monday\",\"Tuesday\",\"Wednesday\",\"Thursday\",\"Friday\",\"Saturday\",\"Sunday\"],\"opens\":\"09:00\",\"closes\":\"17:00\"}]},{\"@type\":\"ImageObject\",\"inLanguage\":\"nb-NO\",\"@id\":\"https:\/\/testwebsite.citygame.com\/no\/games\/singapore-city\/secrets-of-singapore-city\/#local-main-organization-logo\",\"url\":\"https:\/\/testwebsite.citygame.com\/wp-content\/blogs.dir\/1\/files\/sites\/62\/2025\/10\/CG_LOGO-City-Game.png\",\"contentUrl\":\"https:\/\/testwebsite.citygame.com\/wp-content\/blogs.dir\/1\/files\/sites\/62\/2025\/10\/CG_LOGO-City-Game.png\",\"width\":351,\"height\":377,\"caption\":\"City Game\"}]}<\/script>\n<!-- \/ Yoast SEO Premium plugin. -->","yoast_head_json":{"title":"Secrets of Singapore City - City Game","description":"Secrets of Singapore City. Spill et selvguidet byspill og utforsk byen gjennom g\u00e5ter, rebuser og utfordringer. Spill i ditt eget tempo og oppdag som en lokal!","robots":{"index":"noindex","follow":"follow","max-snippet":"max-snippet:-1","max-image-preview":"max-image-preview:large","max-video-preview":"max-video-preview:-1"},"og_locale":"nb_NO","og_type":"article","og_title":"Secrets of Singapore City","og_description":"Secrets of Singapore City. Spill et selvguidet byspill og utforsk byen gjennom g\u00e5ter, rebuser og utfordringer. Spill i ditt eget tempo og oppdag som en lokal!","og_url":"https:\/\/testwebsite.citygame.com\/no\/games\/singapore-city\/secrets-of-singapore-city\/","og_site_name":"City Game","article_publisher":"https:\/\/www.facebook.com\/profile.php?id=100086426226253","article_modified_time":"2026-04-08T01:56:52+00:00","og_image":[{"width":1024,"height":1024,"url":"https:\/\/testwebsite.citygame.com\/wp-content\/blogs.dir\/1\/files\/sites\/62\/2026\/03\/singapore-city-secrets-of-game-player-at-hindu-temple.jpg","type":"image\/jpeg"}],"twitter_card":"summary_large_image","twitter_misc":{"Ansl. lesetid":"1 minutt"},"schema":{"@context":"https:\/\/schema.org","@graph":[{"@type":"WebPage","@id":"https:\/\/testwebsite.citygame.com\/no\/games\/singapore-city\/secrets-of-singapore-city\/","url":"https:\/\/testwebsite.citygame.com\/no\/games\/singapore-city\/secrets-of-singapore-city\/","name":"Secrets of Singapore City - City Game","isPartOf":{"@id":"https:\/\/testwebsite.upevents.nl\/#website"},"primaryImageOfPage":{"@id":"https:\/\/testwebsite.citygame.com\/no\/games\/singapore-city\/secrets-of-singapore-city\/#primaryimage"},"image":{"@id":"https:\/\/testwebsite.citygame.com\/no\/games\/singapore-city\/secrets-of-singapore-city\/#primaryimage"},"thumbnailUrl":"https:\/\/testwebsite.citygame.com\/wp-content\/blogs.dir\/1\/files\/sites\/62\/2026\/03\/singapore-city-secrets-of-game-player-at-hindu-temple.jpg","datePublished":"2026-03-19T11:05:34+00:00","dateModified":"2026-04-08T01:56:52+00:00","description":"Secrets of Singapore City. Spill et selvguidet byspill og utforsk byen gjennom g\u00e5ter, rebuser og utfordringer. Spill i ditt eget tempo og oppdag som en lokal!","breadcrumb":{"@id":"https:\/\/testwebsite.citygame.com\/no\/games\/singapore-city\/secrets-of-singapore-city\/#breadcrumb"},"inLanguage":"nb-NO","potentialAction":[{"@type":"ReadAction","target":["https:\/\/testwebsite.citygame.com\/no\/games\/singapore-city\/secrets-of-singapore-city\/"]}]},{"@type":"ImageObject","inLanguage":"nb-NO","@id":"https:\/\/testwebsite.citygame.com\/no\/games\/singapore-city\/secrets-of-singapore-city\/#primaryimage","url":"https:\/\/testwebsite.citygame.com\/wp-content\/blogs.dir\/1\/files\/sites\/62\/2026\/03\/singapore-city-secrets-of-game-player-at-hindu-temple.jpg","contentUrl":"https:\/\/testwebsite.citygame.com\/wp-content\/blogs.dir\/1\/files\/sites\/62\/2026\/03\/singapore-city-secrets-of-game-player-at-hindu-temple.jpg","width":1024,"height":1024,"caption":"A traveler explores a temple in Singapore City while playing an interactive mobile game."},{"@type":"BreadcrumbList","@id":"https:\/\/testwebsite.citygame.com\/no\/games\/singapore-city\/secrets-of-singapore-city\/#breadcrumb","itemListElement":[{"@type":"ListItem","position":1,"name":"Home","item":"https:\/\/testwebsite.citygame.com\/no\/"},{"@type":"ListItem","position":2,"name":"Shop","item":"https:\/\/testwebsite.citygame.com\/shop\/"},{"@type":"ListItem","position":3,"name":"Secrets of Singapore City"}]},{"@type":"WebSite","@id":"https:\/\/testwebsite.upevents.nl\/#website","url":"https:\/\/testwebsite.upevents.nl\/","name":"City Game","description":"","publisher":{"@id":"https:\/\/testwebsite.upevents.nl\/#organization"},"alternateName":"citygame.com","potentialAction":[{"@type":"SearchAction","target":{"@type":"EntryPoint","urlTemplate":"https:\/\/testwebsite.upevents.nl\/?s={search_term_string}"},"query-input":{"@type":"PropertyValueSpecification","valueRequired":true,"valueName":"search_term_string"}}],"inLanguage":"nb-NO"},{"@type":["Organization","Place"],"@id":"https:\/\/testwebsite.upevents.nl\/#organization","name":"City Game","alternateName":"citygame.com","url":"https:\/\/testwebsite.upevents.nl\/","logo":{"@id":"https:\/\/testwebsite.citygame.com\/no\/games\/singapore-city\/secrets-of-singapore-city\/#local-main-organization-logo"},"image":{"@id":"https:\/\/testwebsite.citygame.com\/no\/games\/singapore-city\/secrets-of-singapore-city\/#local-main-organization-logo"},"sameAs":["https:\/\/www.facebook.com\/profile.php?id=100086426226253","https:\/\/www.instagram.com\/citygame_com","https:\/\/www.tiktok.com\/@citygamecom\/","https:\/\/www.linkedin.com\/company\/citygame-com"],"description":"Turn any city into a playground with our interactive City Games and self-guided tours. Fun, flexible, and ideal for groups and team building.","telephone":[],"openingHoursSpecification":[{"@type":"OpeningHoursSpecification","dayOfWeek":["Monday","Tuesday","Wednesday","Thursday","Friday","Saturday","Sunday"],"opens":"09:00","closes":"17:00"}]},{"@type":"ImageObject","inLanguage":"nb-NO","@id":"https:\/\/testwebsite.citygame.com\/no\/games\/singapore-city\/secrets-of-singapore-city\/#local-main-organization-logo","url":"https:\/\/testwebsite.citygame.com\/wp-content\/blogs.dir\/1\/files\/sites\/62\/2025\/10\/CG_LOGO-City-Game.png","contentUrl":"https:\/\/testwebsite.citygame.com\/wp-content\/blogs.dir\/1\/files\/sites\/62\/2025\/10\/CG_LOGO-City-Game.png","width":351,"height":377,"caption":"City Game"}]}},"taxonomy_info":{"game-concept":[{"value":723,"label":"Secrets"}],"location":[{"value":588,"label":"Singapore City"}],"product_cat":[{"value":27,"label":"Geen categorie"}]},"featured_image_src_large":["https:\/\/testwebsite.citygame.com\/wp-content\/blogs.dir\/1\/files\/sites\/62\/2026\/03\/singapore-city-secrets-of-game-player-at-hindu-temple.jpg",1024,1024,false],"author_info":[],"comment_info":"","_links":{"self":[{"href":"https:\/\/testwebsite.citygame.com\/no\/wp-json\/wp\/v2\/product\/58268","targetHints":{"allow":["GET"]}}],"collection":[{"href":"https:\/\/testwebsite.citygame.com\/no\/wp-json\/wp\/v2\/product"}],"about":[{"href":"https:\/\/testwebsite.citygame.com\/no\/wp-json\/wp\/v2\/types\/product"}],"acf:post":[{"embeddable":true,"href":"https:\/\/testwebsite.citygame.com\/no\/wp-json\/wp\/v2\/pages\/13161"}],"wp:featuredmedia":[{"embeddable":true,"href":"https:\/\/testwebsite.citygame.com\/no\/wp-json\/wp\/v2\/media\/19280"}],"wp:attachment":[{"href":"https:\/\/testwebsite.citygame.com\/no\/wp-json\/wp\/v2\/media?parent=58268"}],"wp:term":[{"taxonomy":"game-concept","embeddable":true,"href":"https:\/\/testwebsite.citygame.com\/no\/wp-json\/wp\/v2\/game-concept?post=58268"},{"taxonomy":"location","embeddable":true,"href":"https:\/\/testwebsite.citygame.com\/no\/wp-json\/wp\/v2\/location?post=58268"},{"taxonomy":"product_brand","embeddable":true,"href":"https:\/\/testwebsite.citygame.com\/no\/wp-json\/wp\/v2\/product_brand?post=58268"},{"taxonomy":"product_cat","embeddable":true,"href":"https:\/\/testwebsite.citygame.com\/no\/wp-json\/wp\/v2\/product_cat?post=58268"},{"taxonomy":"product_tag","embeddable":true,"href":"https:\/\/testwebsite.citygame.com\/no\/wp-json\/wp\/v2\/product_tag?post=58268"}],"curies":[{"name":"wp","href":"https:\/\/api.w.org\/{rel}","templated":true}]}}