{"id":54462,"date":"2026-02-04T09:29:24","date_gmt":"2026-02-04T09:29:24","guid":{"rendered":"https:\/\/testwebsite.citygame.com\/games\/unknown-location\/sherlock-holmes-doha\/"},"modified":"2026-04-07T18:56:59","modified_gmt":"2026-04-07T18:56:59","slug":"sherlock-holmes-doha","status":"publish","type":"product","link":"https:\/\/testwebsite.citygame.com\/no\/games\/doha\/sherlock-holmes-doha\/","title":{"rendered":"Sherlock Holmes Doha"},"content":{"rendered":"<p>Tre inn i Sherlock Holmes&#8217; verden med dette selvstyrte, historiedrevne drapsmysteriet City Game satt i sentrum av Doha. Mens byen blir scenen for en nervepirrende etterforskning av et drap som skjedde under Liberty Festival, vil du f\u00f8lge en fortelling som utfolder seg mens du navigerer i gatene som en ekte detektiv. Samle ledetr\u00e5der, l\u00f8s intrikate g\u00e5ter og forh\u00f8r et utvalg av digitale mistenkte i ditt eget tempo, og fordyp deg i en gripende sak som vekker klassisk detektivarbeid til live.<\/p>\n","protected":false},"excerpt":{"rendered":"<p>Tre inn i skoene til den legendariske Sherlock Holmes i hjertet av Doha, og ta fatt p\u00e5 et selvguidet mordmysterium fylt med spenning. Ved \u00e5 sette sammen kryptiske ledetr\u00e5der, l\u00f8se tankevekkende g\u00e5ter og samle teamet ditt for \u00e5 avsl\u00f8re sannheten, kastes du inn i et kappl\u00f8p mot tiden for \u00e5 l\u00f8se saken f\u00f8r sporet blir kaldt!<\/p>\n","protected":false},"featured_media":10059,"template":"","meta":{"_acf_changed":false,"_yoast_wpseo_focuskw":"Sherlock Holmes Doha","_yoast_wpseo_metadesc":"Sherlock Holmes Doha. Spill et selvguidet drapsmysterium City Game, l\u00f8s g\u00e5ter, f\u00f8lg ledetr\u00e5der og avsl\u00f8r morderen i ditt eget tempo!","_kad_blocks_custom_css":"","_kad_blocks_head_custom_js":"","_kad_blocks_body_custom_js":"","_kad_blocks_footer_custom_js":"","ghostkit_customizer_options":"","ghostkit_custom_css":"","ghostkit_custom_js_head":"","ghostkit_custom_js_foot":"","ghostkit_typography":"","_kad_post_transparent":"","_kad_post_title":"","_kad_post_layout":"","_kad_post_sidebar_id":"","_kad_post_content_style":"","_kad_post_vertical_padding":"","_kad_post_feature":"","_kad_post_feature_position":"","_kad_post_header":false,"_kad_post_footer":false,"_kad_post_classname":"","_links_to":"","_links_to_target":""},"game-concept":[796],"location":[142],"product_brand":[],"product_cat":[27],"product_tag":[],"class_list":{"0":"post-54462","1":"product","2":"type-product","3":"status-publish","4":"has-post-thumbnail","6":"game-concept-sherlock","7":"location-doha","8":"product_cat-geen-categorie","10":"first","11":"instock","12":"shipping-taxable","13":"purchasable","14":"product-type-simple","15":"entry","16":"content-bg","17":"loop-entry"},"acf":{"full_bokun_product_name":"Doha Self-Guided Sherlock Holmes Murder Mystery Game","location_name":"Doha","bokun_calendar_widget_code":"<script type=\"text\/javascript\" src=\"https:\/\/widgets.bokun.io\/assets\/javascripts\/apps\/build\/BokunWidgetsLoader.js?bookingChannelUUID=a1e93e96-5232-4734-a595-28405f4b5a31\" async><\/script>\n     \n    <div class=\"bokunWidget\" data-src=\"https:\/\/widgets.bokun.io\/online-sales\/a1e93e96-5232-4734-a595-28405f4b5a31\/experience-calendar\/729281\"><\/div>\n    <noscript>Please enable javascript in your browser to book<\/noscript>","bokun_button_widget_code":"<script type=\"text\/javascript\" src=\"https:\/\/widgets.bokun.io\/assets\/javascripts\/apps\/build\/BokunWidgetsLoader.js?bookingChannelUUID=a1e93e96-5232-4734-a595-28405f4b5a31\" async><\/script>\n      <style> #bokun_ed001e45_5927_4f62_b470_ca766338d083 { display: inline-block; padding: .4em 1em; background: #47b82e; border-radius: 999999px; box-shadow: none; font-weight: 600; font-size: 24px; text-decoration: none; text-align: center; color: #FFFFFF; border:none; cursor: pointer; transition: background .2s ease; } #bokun_ed001e45_5927_4f62_b470_ca766338d083:hover{ background: #2f7b1f; } #bokun_ed001e45_5927_4f62_b470_ca766338d083:active{ background: #378f24; } <\/style> <button class=\"bokunButton\" disabled id=bokun_ed001e45_5927_4f62_b470_ca766338d083 data-src=\"https:\/\/widgets.bokun.io\/online-sales\/a1e93e96-5232-4734-a595-28405f4b5a31\/experience-calendar\/729281?partialView=1\" data-testid=\"widget-book-button\" > Book now <\/button> ","what_you\u2019ll_experience_during_the_game":"Du trer inn i en gripende detektivhistorie satt i hjertet av Doha, hvor hver gate og hvert hj\u00f8rne blir en del av etterforskningen din. Mens mysteriet utfolder seg rundt det sjokkerende drapet under Liberty Festival, beveger du deg gjennom byen i ditt eget tempo, og setter sammen en lagdelt fortelling fylt med spenning og skjulte sannheter.\n\nDu leter etter ledetr\u00e5der, l\u00f8ser kryptiske g\u00e5ter og m\u00f8ter uventede vendinger. Forh\u00f8r digitale mistenkte, analyser alibiene deres og avdekk motsetninger som bringer deg n\u00e6rmere sannheten. Dine observasjonsevner, deduksjon og kritiske tenkning er dine st\u00f8rste verkt\u00f8y i denne fullt historiedrevne opplevelsen. Enten du jobber alene eller i et team, former dine valg saken mens du jager spor og graver under overflaten. Du kan pause n\u00e5r som helst og gjenoppta n\u00e5r du er klar, og beholder full kontroll over etterforskningen fra start til slutt.","how_to_play":"Arbeid alene eller med venner, familie eller kolleger i team p\u00e5 opptil fire per enhet. Etter bestilling vil du motta en e-post med instruksjoner med alt du trenger.","start_location":"The National Archives of Qatar","available_languages":["en","es","fr","de","it","nl"],"players_per_group":"1-4","duration":"1.5-2 hours","image_overlay_color_image":"https:\/\/testwebsite.citygame.com\/wp-content\/blogs.dir\/1\/files\/sites\/62\/2026\/01\/SherlockColor.svg","image_overlay_game_logo":"https:\/\/testwebsite.citygame.com\/wp-content\/blogs.dir\/1\/files\/sites\/62\/2026\/01\/SherlockLogo.png","city_page":6035,"woocommerce_general_content":null},"yoast_head":"<!-- This site is optimized with the Yoast SEO Premium plugin v26.2 (Yoast SEO v26.3) - https:\/\/yoast.com\/wordpress\/plugins\/seo\/ -->\n<title>Sherlock Holmes Doha - City Game<\/title>\n<meta name=\"description\" content=\"Sherlock Holmes Doha. Spill et selvguidet drapsmysterium City Game, l\u00f8s g\u00e5ter, f\u00f8lg ledetr\u00e5der og avsl\u00f8r morderen i ditt eget tempo!\" \/>\n<meta name=\"robots\" content=\"noindex, follow, max-snippet:-1, max-image-preview:large, max-video-preview:-1\" \/>\n<meta property=\"og:locale\" content=\"nb_NO\" \/>\n<meta property=\"og:type\" content=\"article\" \/>\n<meta property=\"og:title\" content=\"Sherlock Holmes Doha\" \/>\n<meta property=\"og:description\" content=\"Sherlock Holmes Doha. Spill et selvguidet drapsmysterium City Game, l\u00f8s g\u00e5ter, f\u00f8lg ledetr\u00e5der og avsl\u00f8r morderen i ditt eget tempo!\" \/>\n<meta property=\"og:url\" content=\"https:\/\/testwebsite.citygame.com\/no\/games\/doha\/sherlock-holmes-doha\/\" \/>\n<meta property=\"og:site_name\" content=\"City Game\" \/>\n<meta property=\"article:publisher\" content=\"https:\/\/www.facebook.com\/profile.php?id=100086426226253\" \/>\n<meta property=\"article:modified_time\" content=\"2026-04-07T18:56:59+00:00\" \/>\n<meta property=\"og:image\" content=\"https:\/\/testwebsite.citygame.com\/wp-content\/blogs.dir\/1\/files\/sites\/62\/2026\/02\/group-of-friends-playing-sherlock-city-game-on-a-phone-in-a-european-city.jpg\" \/>\n\t<meta property=\"og:image:width\" content=\"1344\" \/>\n\t<meta property=\"og:image:height\" content=\"768\" \/>\n\t<meta property=\"og:image:type\" content=\"image\/jpeg\" \/>\n<meta name=\"twitter:card\" content=\"summary_large_image\" \/>\n<script type=\"application\/ld+json\" class=\"yoast-schema-graph\">{\"@context\":\"https:\/\/schema.org\",\"@graph\":[{\"@type\":\"WebPage\",\"@id\":\"https:\/\/testwebsite.citygame.com\/no\/games\/doha\/sherlock-holmes-doha\/\",\"url\":\"https:\/\/testwebsite.citygame.com\/no\/games\/doha\/sherlock-holmes-doha\/\",\"name\":\"Sherlock Holmes Doha - City Game\",\"isPartOf\":{\"@id\":\"https:\/\/testwebsite.upevents.nl\/#website\"},\"primaryImageOfPage\":{\"@id\":\"https:\/\/testwebsite.citygame.com\/no\/games\/doha\/sherlock-holmes-doha\/#primaryimage\"},\"image\":{\"@id\":\"https:\/\/testwebsite.citygame.com\/no\/games\/doha\/sherlock-holmes-doha\/#primaryimage\"},\"thumbnailUrl\":\"https:\/\/testwebsite.citygame.com\/wp-content\/blogs.dir\/1\/files\/sites\/62\/2026\/02\/group-of-friends-playing-sherlock-city-game-on-a-phone-in-a-european-city.jpg\",\"datePublished\":\"2026-02-04T09:29:24+00:00\",\"dateModified\":\"2026-04-07T18:56:59+00:00\",\"description\":\"Sherlock Holmes Doha. Spill et selvguidet drapsmysterium City Game, l\u00f8s g\u00e5ter, f\u00f8lg ledetr\u00e5der og avsl\u00f8r morderen i ditt eget tempo!\",\"breadcrumb\":{\"@id\":\"https:\/\/testwebsite.citygame.com\/no\/games\/doha\/sherlock-holmes-doha\/#breadcrumb\"},\"inLanguage\":\"nb-NO\",\"potentialAction\":[{\"@type\":\"ReadAction\",\"target\":[\"https:\/\/testwebsite.citygame.com\/no\/games\/doha\/sherlock-holmes-doha\/\"]}]},{\"@type\":\"ImageObject\",\"inLanguage\":\"nb-NO\",\"@id\":\"https:\/\/testwebsite.citygame.com\/no\/games\/doha\/sherlock-holmes-doha\/#primaryimage\",\"url\":\"https:\/\/testwebsite.citygame.com\/wp-content\/blogs.dir\/1\/files\/sites\/62\/2026\/02\/group-of-friends-playing-sherlock-city-game-on-a-phone-in-a-european-city.jpg\",\"contentUrl\":\"https:\/\/testwebsite.citygame.com\/wp-content\/blogs.dir\/1\/files\/sites\/62\/2026\/02\/group-of-friends-playing-sherlock-city-game-on-a-phone-in-a-european-city.jpg\",\"width\":1344,\"height\":768,\"caption\":\"A group of young adults collaborates on a mobile city game while standing on a busy street.\"},{\"@type\":\"BreadcrumbList\",\"@id\":\"https:\/\/testwebsite.citygame.com\/no\/games\/doha\/sherlock-holmes-doha\/#breadcrumb\",\"itemListElement\":[{\"@type\":\"ListItem\",\"position\":1,\"name\":\"Home\",\"item\":\"https:\/\/testwebsite.citygame.com\/no\/\"},{\"@type\":\"ListItem\",\"position\":2,\"name\":\"Shop\",\"item\":\"https:\/\/testwebsite.citygame.com\/shop\/\"},{\"@type\":\"ListItem\",\"position\":3,\"name\":\"Sherlock Holmes Doha\"}]},{\"@type\":\"WebSite\",\"@id\":\"https:\/\/testwebsite.upevents.nl\/#website\",\"url\":\"https:\/\/testwebsite.upevents.nl\/\",\"name\":\"City Game\",\"description\":\"\",\"publisher\":{\"@id\":\"https:\/\/testwebsite.upevents.nl\/#organization\"},\"alternateName\":\"citygame.com\",\"potentialAction\":[{\"@type\":\"SearchAction\",\"target\":{\"@type\":\"EntryPoint\",\"urlTemplate\":\"https:\/\/testwebsite.upevents.nl\/?s={search_term_string}\"},\"query-input\":{\"@type\":\"PropertyValueSpecification\",\"valueRequired\":true,\"valueName\":\"search_term_string\"}}],\"inLanguage\":\"nb-NO\"},{\"@type\":[\"Organization\",\"Place\"],\"@id\":\"https:\/\/testwebsite.upevents.nl\/#organization\",\"name\":\"City Game\",\"alternateName\":\"citygame.com\",\"url\":\"https:\/\/testwebsite.upevents.nl\/\",\"logo\":{\"@id\":\"https:\/\/testwebsite.citygame.com\/no\/games\/doha\/sherlock-holmes-doha\/#local-main-organization-logo\"},\"image\":{\"@id\":\"https:\/\/testwebsite.citygame.com\/no\/games\/doha\/sherlock-holmes-doha\/#local-main-organization-logo\"},\"sameAs\":[\"https:\/\/www.facebook.com\/profile.php?id=100086426226253\",\"https:\/\/www.instagram.com\/citygame_com\",\"https:\/\/www.tiktok.com\/@citygamecom\/\",\"https:\/\/www.linkedin.com\/company\/citygame-com\"],\"description\":\"Turn any city into a playground with our interactive City Games and self-guided tours. Fun, flexible, and ideal for groups and team building.\",\"telephone\":[],\"openingHoursSpecification\":[{\"@type\":\"OpeningHoursSpecification\",\"dayOfWeek\":[\"Monday\",\"Tuesday\",\"Wednesday\",\"Thursday\",\"Friday\",\"Saturday\",\"Sunday\"],\"opens\":\"09:00\",\"closes\":\"17:00\"}]},{\"@type\":\"ImageObject\",\"inLanguage\":\"nb-NO\",\"@id\":\"https:\/\/testwebsite.citygame.com\/no\/games\/doha\/sherlock-holmes-doha\/#local-main-organization-logo\",\"url\":\"https:\/\/testwebsite.citygame.com\/wp-content\/blogs.dir\/1\/files\/sites\/62\/2025\/10\/CG_LOGO-City-Game.png\",\"contentUrl\":\"https:\/\/testwebsite.citygame.com\/wp-content\/blogs.dir\/1\/files\/sites\/62\/2025\/10\/CG_LOGO-City-Game.png\",\"width\":351,\"height\":377,\"caption\":\"City Game\"}]}<\/script>\n<!-- \/ Yoast SEO Premium plugin. -->","yoast_head_json":{"title":"Sherlock Holmes Doha - City Game","description":"Sherlock Holmes Doha. Spill et selvguidet drapsmysterium City Game, l\u00f8s g\u00e5ter, f\u00f8lg ledetr\u00e5der og avsl\u00f8r morderen i ditt eget tempo!","robots":{"index":"noindex","follow":"follow","max-snippet":"max-snippet:-1","max-image-preview":"max-image-preview:large","max-video-preview":"max-video-preview:-1"},"og_locale":"nb_NO","og_type":"article","og_title":"Sherlock Holmes Doha","og_description":"Sherlock Holmes Doha. Spill et selvguidet drapsmysterium City Game, l\u00f8s g\u00e5ter, f\u00f8lg ledetr\u00e5der og avsl\u00f8r morderen i ditt eget tempo!","og_url":"https:\/\/testwebsite.citygame.com\/no\/games\/doha\/sherlock-holmes-doha\/","og_site_name":"City Game","article_publisher":"https:\/\/www.facebook.com\/profile.php?id=100086426226253","article_modified_time":"2026-04-07T18:56:59+00:00","og_image":[{"width":1344,"height":768,"url":"https:\/\/testwebsite.citygame.com\/wp-content\/blogs.dir\/1\/files\/sites\/62\/2026\/02\/group-of-friends-playing-sherlock-city-game-on-a-phone-in-a-european-city.jpg","type":"image\/jpeg"}],"twitter_card":"summary_large_image","schema":{"@context":"https:\/\/schema.org","@graph":[{"@type":"WebPage","@id":"https:\/\/testwebsite.citygame.com\/no\/games\/doha\/sherlock-holmes-doha\/","url":"https:\/\/testwebsite.citygame.com\/no\/games\/doha\/sherlock-holmes-doha\/","name":"Sherlock Holmes Doha - City Game","isPartOf":{"@id":"https:\/\/testwebsite.upevents.nl\/#website"},"primaryImageOfPage":{"@id":"https:\/\/testwebsite.citygame.com\/no\/games\/doha\/sherlock-holmes-doha\/#primaryimage"},"image":{"@id":"https:\/\/testwebsite.citygame.com\/no\/games\/doha\/sherlock-holmes-doha\/#primaryimage"},"thumbnailUrl":"https:\/\/testwebsite.citygame.com\/wp-content\/blogs.dir\/1\/files\/sites\/62\/2026\/02\/group-of-friends-playing-sherlock-city-game-on-a-phone-in-a-european-city.jpg","datePublished":"2026-02-04T09:29:24+00:00","dateModified":"2026-04-07T18:56:59+00:00","description":"Sherlock Holmes Doha. Spill et selvguidet drapsmysterium City Game, l\u00f8s g\u00e5ter, f\u00f8lg ledetr\u00e5der og avsl\u00f8r morderen i ditt eget tempo!","breadcrumb":{"@id":"https:\/\/testwebsite.citygame.com\/no\/games\/doha\/sherlock-holmes-doha\/#breadcrumb"},"inLanguage":"nb-NO","potentialAction":[{"@type":"ReadAction","target":["https:\/\/testwebsite.citygame.com\/no\/games\/doha\/sherlock-holmes-doha\/"]}]},{"@type":"ImageObject","inLanguage":"nb-NO","@id":"https:\/\/testwebsite.citygame.com\/no\/games\/doha\/sherlock-holmes-doha\/#primaryimage","url":"https:\/\/testwebsite.citygame.com\/wp-content\/blogs.dir\/1\/files\/sites\/62\/2026\/02\/group-of-friends-playing-sherlock-city-game-on-a-phone-in-a-european-city.jpg","contentUrl":"https:\/\/testwebsite.citygame.com\/wp-content\/blogs.dir\/1\/files\/sites\/62\/2026\/02\/group-of-friends-playing-sherlock-city-game-on-a-phone-in-a-european-city.jpg","width":1344,"height":768,"caption":"A group of young adults collaborates on a mobile city game while standing on a busy street."},{"@type":"BreadcrumbList","@id":"https:\/\/testwebsite.citygame.com\/no\/games\/doha\/sherlock-holmes-doha\/#breadcrumb","itemListElement":[{"@type":"ListItem","position":1,"name":"Home","item":"https:\/\/testwebsite.citygame.com\/no\/"},{"@type":"ListItem","position":2,"name":"Shop","item":"https:\/\/testwebsite.citygame.com\/shop\/"},{"@type":"ListItem","position":3,"name":"Sherlock Holmes Doha"}]},{"@type":"WebSite","@id":"https:\/\/testwebsite.upevents.nl\/#website","url":"https:\/\/testwebsite.upevents.nl\/","name":"City Game","description":"","publisher":{"@id":"https:\/\/testwebsite.upevents.nl\/#organization"},"alternateName":"citygame.com","potentialAction":[{"@type":"SearchAction","target":{"@type":"EntryPoint","urlTemplate":"https:\/\/testwebsite.upevents.nl\/?s={search_term_string}"},"query-input":{"@type":"PropertyValueSpecification","valueRequired":true,"valueName":"search_term_string"}}],"inLanguage":"nb-NO"},{"@type":["Organization","Place"],"@id":"https:\/\/testwebsite.upevents.nl\/#organization","name":"City Game","alternateName":"citygame.com","url":"https:\/\/testwebsite.upevents.nl\/","logo":{"@id":"https:\/\/testwebsite.citygame.com\/no\/games\/doha\/sherlock-holmes-doha\/#local-main-organization-logo"},"image":{"@id":"https:\/\/testwebsite.citygame.com\/no\/games\/doha\/sherlock-holmes-doha\/#local-main-organization-logo"},"sameAs":["https:\/\/www.facebook.com\/profile.php?id=100086426226253","https:\/\/www.instagram.com\/citygame_com","https:\/\/www.tiktok.com\/@citygamecom\/","https:\/\/www.linkedin.com\/company\/citygame-com"],"description":"Turn any city into a playground with our interactive City Games and self-guided tours. Fun, flexible, and ideal for groups and team building.","telephone":[],"openingHoursSpecification":[{"@type":"OpeningHoursSpecification","dayOfWeek":["Monday","Tuesday","Wednesday","Thursday","Friday","Saturday","Sunday"],"opens":"09:00","closes":"17:00"}]},{"@type":"ImageObject","inLanguage":"nb-NO","@id":"https:\/\/testwebsite.citygame.com\/no\/games\/doha\/sherlock-holmes-doha\/#local-main-organization-logo","url":"https:\/\/testwebsite.citygame.com\/wp-content\/blogs.dir\/1\/files\/sites\/62\/2025\/10\/CG_LOGO-City-Game.png","contentUrl":"https:\/\/testwebsite.citygame.com\/wp-content\/blogs.dir\/1\/files\/sites\/62\/2025\/10\/CG_LOGO-City-Game.png","width":351,"height":377,"caption":"City Game"}]}},"taxonomy_info":{"game-concept":[{"value":796,"label":"Sherlock"}],"location":[{"value":142,"label":"Doha"}],"product_cat":[{"value":27,"label":"Geen categorie"}]},"featured_image_src_large":["https:\/\/testwebsite.citygame.com\/wp-content\/blogs.dir\/1\/files\/sites\/62\/2026\/02\/group-of-friends-playing-sherlock-city-game-on-a-phone-in-a-european-city-1024x585.jpg",1024,585,true],"author_info":[],"comment_info":"","_links":{"self":[{"href":"https:\/\/testwebsite.citygame.com\/no\/wp-json\/wp\/v2\/product\/54462","targetHints":{"allow":["GET"]}}],"collection":[{"href":"https:\/\/testwebsite.citygame.com\/no\/wp-json\/wp\/v2\/product"}],"about":[{"href":"https:\/\/testwebsite.citygame.com\/no\/wp-json\/wp\/v2\/types\/product"}],"acf:post":[{"embeddable":true,"href":"https:\/\/testwebsite.citygame.com\/no\/wp-json\/wp\/v2\/pages\/6035"}],"wp:featuredmedia":[{"embeddable":true,"href":"https:\/\/testwebsite.citygame.com\/no\/wp-json\/wp\/v2\/media\/10059"}],"wp:attachment":[{"href":"https:\/\/testwebsite.citygame.com\/no\/wp-json\/wp\/v2\/media?parent=54462"}],"wp:term":[{"taxonomy":"game-concept","embeddable":true,"href":"https:\/\/testwebsite.citygame.com\/no\/wp-json\/wp\/v2\/game-concept?post=54462"},{"taxonomy":"location","embeddable":true,"href":"https:\/\/testwebsite.citygame.com\/no\/wp-json\/wp\/v2\/location?post=54462"},{"taxonomy":"product_brand","embeddable":true,"href":"https:\/\/testwebsite.citygame.com\/no\/wp-json\/wp\/v2\/product_brand?post=54462"},{"taxonomy":"product_cat","embeddable":true,"href":"https:\/\/testwebsite.citygame.com\/no\/wp-json\/wp\/v2\/product_cat?post=54462"},{"taxonomy":"product_tag","embeddable":true,"href":"https:\/\/testwebsite.citygame.com\/no\/wp-json\/wp\/v2\/product_tag?post=54462"}],"curies":[{"name":"wp","href":"https:\/\/api.w.org\/{rel}","templated":true}]}}