{"id":54370,"date":"2026-01-13T10:37:16","date_gmt":"2026-01-13T10:37:16","guid":{"rendered":"https:\/\/testwebsite.citygame.com\/games\/unknown-location\/secrets-of-katowice\/"},"modified":"2026-04-07T18:45:43","modified_gmt":"2026-04-07T18:45:43","slug":"secrets-of-katowice","status":"publish","type":"product","link":"https:\/\/testwebsite.citygame.com\/no\/games\/katowice\/secrets-of-katowice\/","title":{"rendered":"Secrets of Katowice"},"content":{"rendered":"<p>City Game Katowice er et selvguidet byspill som finner sted i Katowices sentrum. Dette GPS-baserte spillet lar spillere utforske byen ved hjelp av smarttelefonen sin, og l\u00f8se oppgaver, g\u00e5ter og fotoutfordringer underveis. Gjennom hele opplevelsen oppdager deltakerne skjulte detaljer og f\u00e5r innsikt i Katowices historie og lokale kultur. Utforskningsspillet passer for b\u00e5de bes\u00f8kende og lokale, og tilbyr en morsom og engasjerende aktivitet for alle som er interessert i \u00e5 l\u00e6re mer om byen. Det fungerer like bra for enkeltspillere, par, familier eller vennegrupper.<\/p>\n","protected":false},"excerpt":{"rendered":"<p>Slipp l\u00f8s Katowices frihets\u00e5nd! Vandre gjennom gater der st\u00e5l m\u00f8ter sjel, avdekk skjulte spor, og bli med Wojciech Korfanty p\u00e5 en spennende jakt for \u00e5 gjenopprette Frihetens Vinger, det steinhuggede symbolet p\u00e5 Schlesias urokkelige mot.<\/p>\n","protected":false},"featured_media":3596,"template":"","meta":{"_acf_changed":false,"_yoast_wpseo_focuskw":"Secrets of Katowice","_yoast_wpseo_metadesc":"Secrets of Katowice. Spill et selvguidet City Game og utforsk byen gjennom oppgaver, g\u00e5ter og utfordringer. Spill i ditt eget tempo og oppdag som en lokal!","_kad_blocks_custom_css":"","_kad_blocks_head_custom_js":"","_kad_blocks_body_custom_js":"","_kad_blocks_footer_custom_js":"","ghostkit_customizer_options":"","ghostkit_custom_css":"","ghostkit_custom_js_head":"","ghostkit_custom_js_foot":"","ghostkit_typography":"","_kad_post_transparent":"default","_kad_post_title":"","_kad_post_layout":"default","_kad_post_sidebar_id":"","_kad_post_content_style":"default","_kad_post_vertical_padding":"default","_kad_post_feature":"","_kad_post_feature_position":"","_kad_post_header":false,"_kad_post_footer":false,"_kad_post_classname":"","_links_to":"","_links_to_target":""},"game-concept":[723],"location":[219],"product_brand":[],"product_cat":[27],"product_tag":[],"class_list":{"0":"post-54370","1":"product","2":"type-product","3":"status-publish","4":"has-post-thumbnail","6":"game-concept-secrets","7":"location-katowice","8":"product_cat-geen-categorie","10":"first","11":"instock","12":"shipping-taxable","13":"purchasable","14":"product-type-simple","15":"entry","16":"content-bg","17":"loop-entry"},"acf":{"full_bokun_product_name":"Self-Guided Secrets of Katowice Exploration Game","location_name":"Katowice","bokun_calendar_widget_code":"<script type=\"text\/javascript\" src=\"https:\/\/widgets.bokun.io\/assets\/javascripts\/apps\/build\/BokunWidgetsLoader.js?bookingChannelUUID=a1e93e96-5232-4734-a595-28405f4b5a31\" async><\/script>\n     \n    <div class=\"bokunWidget\" data-src=\"https:\/\/widgets.bokun.io\/online-sales\/a1e93e96-5232-4734-a595-28405f4b5a31\/experience-calendar\/1102509\"><\/div>\n    <noscript>Please enable javascript in your browser to book<\/noscript>","bokun_button_widget_code":"<script type=\"text\/javascript\" src=\"https:\/\/widgets.bokun.io\/assets\/javascripts\/apps\/build\/BokunWidgetsLoader.js?bookingChannelUUID=a1e93e96-5232-4734-a595-28405f4b5a31\" async><\/script>\n      <style> #bokun_ed001e45_5927_4f62_b470_ca766338d083 { display: inline-block; padding: .4em 1em; background: #47b82e; border-radius: 999999px; box-shadow: none; font-weight: 600; font-size: 24px; text-decoration: none; text-align: center; color: #FFFFFF; border:none; cursor: pointer; transition: background .2s ease; } #bokun_ed001e45_5927_4f62_b470_ca766338d083:hover{ background: #2f7b1f; } #bokun_ed001e45_5927_4f62_b470_ca766338d083:active{ background: #378f24; } <\/style> <button class=\"bokunButton\" disabled id=bokun_ed001e45_5927_4f62_b470_ca766338d083 data-src=\"https:\/\/widgets.bokun.io\/online-sales\/a1e93e96-5232-4734-a595-28405f4b5a31\/experience-calendar\/1102509?partialView=1\" data-testid=\"widget-book-button\" > Book now <\/button> ","what_you\u2019ll_experience_during_the_game":"N\u00e5r du utforsker Katowice gjennom City Game, utfolder opplevelsen seg som en blanding av urban oppdagelse og engasjerende historiefortelling. Veiledet av spillets fortelling vil du m\u00f8te b\u00e5de landemerker og steder som ofte blir oversett. Underveis kan du st\u00e5 foran den futuristiske Spodek-arenaen, reflektere ved monumentet til Henryk S\u0142awik og J\u00f3zsef Antall Sr., eller beundre arkitekturen til konserthallen bygget p\u00e5 tidligere industrigrunn. Ruten vil ogs\u00e5 lede deg mot skjulte hj\u00f8rner, som den lekne Labyrinten eller den intrikate mosaikken ved Open University, og avsl\u00f8re et mangefasettert portrett av Katowice.\r\n\r\nGjennom spillet vil du l\u00f8se en rekke lagdelte utfordringer, fra logikkbaserte oppgaver til kreative fotooppgaver som setter omgivelsene dine i fokus. \u00c5 fullf\u00f8re hver utfordring gir deg poeng og avdekker nye spor, og bringer deg gradvis n\u00e6rmere \u00e5 l\u00f8se det endelige mysteriet. City Game kan pauses og gjenopptas i ditt eget tempo, noe som gj\u00f8r det enkelt \u00e5 utforske Katowice etter din egen timeplan. For de med et konkurranseinstinkt er det ogs\u00e5 mulighet til \u00e5 konkurrere om en plass p\u00e5 poengtavlen.","how_to_play":"Etter bestilling vil du motta en e-post med en direkte spillelenke. Bare dra til startstedet ved Henryk S\u0142awik og J\u00f3zsef Antall Sr., \u00e5pne lenken p\u00e5 smarttelefonen din, og begynn reisen din. Spillet er GPS-basert, s\u00e5 telefonen din vil veilede deg fra ett sted til det neste. Du kan pause spillet n\u00e5r du m\u00e5tte \u00f8nske og fortsette senere for \u00e5 fullf\u00f8re oppdraget ditt med \u00e5 gjenopprette Frihetens Vinger.","start_location":"katowice, Henryk S\u0142awik and J\u00f3zsef Antall Sr.","available_languages":"","players_per_group":"1-4","duration":"1.5-2 hours","image_overlay_color_image":"https:\/\/testwebsite.citygame.com\/wp-content\/blogs.dir\/1\/files\/sites\/62\/2026\/01\/SecretsColor.svg","image_overlay_game_logo":"https:\/\/testwebsite.citygame.com\/wp-content\/blogs.dir\/1\/files\/sites\/62\/2026\/01\/SecretsLogo.png","city_page":15929,"woocommerce_general_content":null},"yoast_head":"<!-- This site is optimized with the Yoast SEO Premium plugin v26.2 (Yoast SEO v26.3) - https:\/\/yoast.com\/wordpress\/plugins\/seo\/ -->\n<title>Secrets of Katowice - City Game<\/title>\n<meta name=\"description\" content=\"Secrets of Katowice. Spill et selvguidet City Game og utforsk byen gjennom oppgaver, g\u00e5ter og utfordringer. Spill i ditt eget tempo og oppdag som en lokal!\" \/>\n<meta name=\"robots\" content=\"noindex, follow, max-snippet:-1, max-image-preview:large, max-video-preview:-1\" \/>\n<meta property=\"og:locale\" content=\"nb_NO\" \/>\n<meta property=\"og:type\" content=\"article\" \/>\n<meta property=\"og:title\" content=\"Secrets of Katowice\" \/>\n<meta property=\"og:description\" content=\"Secrets of Katowice. Spill et selvguidet City Game og utforsk byen gjennom oppgaver, g\u00e5ter og utfordringer. Spill i ditt eget tempo og oppdag som en lokal!\" \/>\n<meta property=\"og:url\" content=\"https:\/\/testwebsite.citygame.com\/no\/games\/katowice\/secrets-of-katowice\/\" \/>\n<meta property=\"og:site_name\" content=\"City Game\" \/>\n<meta property=\"article:publisher\" content=\"https:\/\/www.facebook.com\/profile.php?id=100086426226253\" \/>\n<meta property=\"article:modified_time\" content=\"2026-04-07T18:45:43+00:00\" \/>\n<meta property=\"og:image\" content=\"https:\/\/testwebsite.citygame.com\/wp-content\/blogs.dir\/1\/files\/sites\/62\/2026\/01\/man-with-phone-in-front-of-spodek-arena-in-katowice.jpg\" \/>\n\t<meta property=\"og:image:width\" content=\"1024\" \/>\n\t<meta property=\"og:image:height\" content=\"1024\" \/>\n\t<meta property=\"og:image:type\" content=\"image\/jpeg\" \/>\n<meta name=\"twitter:card\" content=\"summary_large_image\" \/>\n<script type=\"application\/ld+json\" class=\"yoast-schema-graph\">{\"@context\":\"https:\/\/schema.org\",\"@graph\":[{\"@type\":\"WebPage\",\"@id\":\"https:\/\/testwebsite.citygame.com\/no\/games\/katowice\/secrets-of-katowice\/\",\"url\":\"https:\/\/testwebsite.citygame.com\/no\/games\/katowice\/secrets-of-katowice\/\",\"name\":\"Secrets of Katowice - City Game\",\"isPartOf\":{\"@id\":\"https:\/\/testwebsite.upevents.nl\/#website\"},\"primaryImageOfPage\":{\"@id\":\"https:\/\/testwebsite.citygame.com\/no\/games\/katowice\/secrets-of-katowice\/#primaryimage\"},\"image\":{\"@id\":\"https:\/\/testwebsite.citygame.com\/no\/games\/katowice\/secrets-of-katowice\/#primaryimage\"},\"thumbnailUrl\":\"https:\/\/testwebsite.citygame.com\/wp-content\/blogs.dir\/1\/files\/sites\/62\/2026\/01\/man-with-phone-in-front-of-spodek-arena-in-katowice.jpg\",\"datePublished\":\"2026-01-13T10:37:16+00:00\",\"dateModified\":\"2026-04-07T18:45:43+00:00\",\"description\":\"Secrets of Katowice. Spill et selvguidet City Game og utforsk byen gjennom oppgaver, g\u00e5ter og utfordringer. Spill i ditt eget tempo og oppdag som en lokal!\",\"breadcrumb\":{\"@id\":\"https:\/\/testwebsite.citygame.com\/no\/games\/katowice\/secrets-of-katowice\/#breadcrumb\"},\"inLanguage\":\"nb-NO\",\"potentialAction\":[{\"@type\":\"ReadAction\",\"target\":[\"https:\/\/testwebsite.citygame.com\/no\/games\/katowice\/secrets-of-katowice\/\"]}]},{\"@type\":\"ImageObject\",\"inLanguage\":\"nb-NO\",\"@id\":\"https:\/\/testwebsite.citygame.com\/no\/games\/katowice\/secrets-of-katowice\/#primaryimage\",\"url\":\"https:\/\/testwebsite.citygame.com\/wp-content\/blogs.dir\/1\/files\/sites\/62\/2026\/01\/man-with-phone-in-front-of-spodek-arena-in-katowice.jpg\",\"contentUrl\":\"https:\/\/testwebsite.citygame.com\/wp-content\/blogs.dir\/1\/files\/sites\/62\/2026\/01\/man-with-phone-in-front-of-spodek-arena-in-katowice.jpg\",\"width\":1024,\"height\":1024,\"caption\":\"A man uses his smartphone in a large plaza in front of the Spodek arena in Katowice.\"},{\"@type\":\"BreadcrumbList\",\"@id\":\"https:\/\/testwebsite.citygame.com\/no\/games\/katowice\/secrets-of-katowice\/#breadcrumb\",\"itemListElement\":[{\"@type\":\"ListItem\",\"position\":1,\"name\":\"Home\",\"item\":\"https:\/\/testwebsite.citygame.com\/no\/\"},{\"@type\":\"ListItem\",\"position\":2,\"name\":\"Shop\",\"item\":\"https:\/\/testwebsite.citygame.com\/shop\/\"},{\"@type\":\"ListItem\",\"position\":3,\"name\":\"Secrets of Katowice\"}]},{\"@type\":\"WebSite\",\"@id\":\"https:\/\/testwebsite.upevents.nl\/#website\",\"url\":\"https:\/\/testwebsite.upevents.nl\/\",\"name\":\"City Game\",\"description\":\"\",\"publisher\":{\"@id\":\"https:\/\/testwebsite.upevents.nl\/#organization\"},\"alternateName\":\"citygame.com\",\"potentialAction\":[{\"@type\":\"SearchAction\",\"target\":{\"@type\":\"EntryPoint\",\"urlTemplate\":\"https:\/\/testwebsite.upevents.nl\/?s={search_term_string}\"},\"query-input\":{\"@type\":\"PropertyValueSpecification\",\"valueRequired\":true,\"valueName\":\"search_term_string\"}}],\"inLanguage\":\"nb-NO\"},{\"@type\":[\"Organization\",\"Place\"],\"@id\":\"https:\/\/testwebsite.upevents.nl\/#organization\",\"name\":\"City Game\",\"alternateName\":\"citygame.com\",\"url\":\"https:\/\/testwebsite.upevents.nl\/\",\"logo\":{\"@id\":\"https:\/\/testwebsite.citygame.com\/no\/games\/katowice\/secrets-of-katowice\/#local-main-organization-logo\"},\"image\":{\"@id\":\"https:\/\/testwebsite.citygame.com\/no\/games\/katowice\/secrets-of-katowice\/#local-main-organization-logo\"},\"sameAs\":[\"https:\/\/www.facebook.com\/profile.php?id=100086426226253\",\"https:\/\/www.instagram.com\/citygame_com\",\"https:\/\/www.tiktok.com\/@citygamecom\/\",\"https:\/\/www.linkedin.com\/company\/citygame-com\"],\"description\":\"Turn any city into a playground with our interactive City Games and self-guided tours. Fun, flexible, and ideal for groups and team building.\",\"telephone\":[],\"openingHoursSpecification\":[{\"@type\":\"OpeningHoursSpecification\",\"dayOfWeek\":[\"Monday\",\"Tuesday\",\"Wednesday\",\"Thursday\",\"Friday\",\"Saturday\",\"Sunday\"],\"opens\":\"09:00\",\"closes\":\"17:00\"}]},{\"@type\":\"ImageObject\",\"inLanguage\":\"nb-NO\",\"@id\":\"https:\/\/testwebsite.citygame.com\/no\/games\/katowice\/secrets-of-katowice\/#local-main-organization-logo\",\"url\":\"https:\/\/testwebsite.citygame.com\/wp-content\/blogs.dir\/1\/files\/sites\/62\/2025\/10\/CG_LOGO-City-Game.png\",\"contentUrl\":\"https:\/\/testwebsite.citygame.com\/wp-content\/blogs.dir\/1\/files\/sites\/62\/2025\/10\/CG_LOGO-City-Game.png\",\"width\":351,\"height\":377,\"caption\":\"City Game\"}]}<\/script>\n<!-- \/ Yoast SEO Premium plugin. -->","yoast_head_json":{"title":"Secrets of Katowice - City Game","description":"Secrets of Katowice. Spill et selvguidet City Game og utforsk byen gjennom oppgaver, g\u00e5ter og utfordringer. Spill i ditt eget tempo og oppdag som en lokal!","robots":{"index":"noindex","follow":"follow","max-snippet":"max-snippet:-1","max-image-preview":"max-image-preview:large","max-video-preview":"max-video-preview:-1"},"og_locale":"nb_NO","og_type":"article","og_title":"Secrets of Katowice","og_description":"Secrets of Katowice. Spill et selvguidet City Game og utforsk byen gjennom oppgaver, g\u00e5ter og utfordringer. Spill i ditt eget tempo og oppdag som en lokal!","og_url":"https:\/\/testwebsite.citygame.com\/no\/games\/katowice\/secrets-of-katowice\/","og_site_name":"City Game","article_publisher":"https:\/\/www.facebook.com\/profile.php?id=100086426226253","article_modified_time":"2026-04-07T18:45:43+00:00","og_image":[{"width":1024,"height":1024,"url":"https:\/\/testwebsite.citygame.com\/wp-content\/blogs.dir\/1\/files\/sites\/62\/2026\/01\/man-with-phone-in-front-of-spodek-arena-in-katowice.jpg","type":"image\/jpeg"}],"twitter_card":"summary_large_image","schema":{"@context":"https:\/\/schema.org","@graph":[{"@type":"WebPage","@id":"https:\/\/testwebsite.citygame.com\/no\/games\/katowice\/secrets-of-katowice\/","url":"https:\/\/testwebsite.citygame.com\/no\/games\/katowice\/secrets-of-katowice\/","name":"Secrets of Katowice - City Game","isPartOf":{"@id":"https:\/\/testwebsite.upevents.nl\/#website"},"primaryImageOfPage":{"@id":"https:\/\/testwebsite.citygame.com\/no\/games\/katowice\/secrets-of-katowice\/#primaryimage"},"image":{"@id":"https:\/\/testwebsite.citygame.com\/no\/games\/katowice\/secrets-of-katowice\/#primaryimage"},"thumbnailUrl":"https:\/\/testwebsite.citygame.com\/wp-content\/blogs.dir\/1\/files\/sites\/62\/2026\/01\/man-with-phone-in-front-of-spodek-arena-in-katowice.jpg","datePublished":"2026-01-13T10:37:16+00:00","dateModified":"2026-04-07T18:45:43+00:00","description":"Secrets of Katowice. Spill et selvguidet City Game og utforsk byen gjennom oppgaver, g\u00e5ter og utfordringer. Spill i ditt eget tempo og oppdag som en lokal!","breadcrumb":{"@id":"https:\/\/testwebsite.citygame.com\/no\/games\/katowice\/secrets-of-katowice\/#breadcrumb"},"inLanguage":"nb-NO","potentialAction":[{"@type":"ReadAction","target":["https:\/\/testwebsite.citygame.com\/no\/games\/katowice\/secrets-of-katowice\/"]}]},{"@type":"ImageObject","inLanguage":"nb-NO","@id":"https:\/\/testwebsite.citygame.com\/no\/games\/katowice\/secrets-of-katowice\/#primaryimage","url":"https:\/\/testwebsite.citygame.com\/wp-content\/blogs.dir\/1\/files\/sites\/62\/2026\/01\/man-with-phone-in-front-of-spodek-arena-in-katowice.jpg","contentUrl":"https:\/\/testwebsite.citygame.com\/wp-content\/blogs.dir\/1\/files\/sites\/62\/2026\/01\/man-with-phone-in-front-of-spodek-arena-in-katowice.jpg","width":1024,"height":1024,"caption":"A man uses his smartphone in a large plaza in front of the Spodek arena in Katowice."},{"@type":"BreadcrumbList","@id":"https:\/\/testwebsite.citygame.com\/no\/games\/katowice\/secrets-of-katowice\/#breadcrumb","itemListElement":[{"@type":"ListItem","position":1,"name":"Home","item":"https:\/\/testwebsite.citygame.com\/no\/"},{"@type":"ListItem","position":2,"name":"Shop","item":"https:\/\/testwebsite.citygame.com\/shop\/"},{"@type":"ListItem","position":3,"name":"Secrets of Katowice"}]},{"@type":"WebSite","@id":"https:\/\/testwebsite.upevents.nl\/#website","url":"https:\/\/testwebsite.upevents.nl\/","name":"City Game","description":"","publisher":{"@id":"https:\/\/testwebsite.upevents.nl\/#organization"},"alternateName":"citygame.com","potentialAction":[{"@type":"SearchAction","target":{"@type":"EntryPoint","urlTemplate":"https:\/\/testwebsite.upevents.nl\/?s={search_term_string}"},"query-input":{"@type":"PropertyValueSpecification","valueRequired":true,"valueName":"search_term_string"}}],"inLanguage":"nb-NO"},{"@type":["Organization","Place"],"@id":"https:\/\/testwebsite.upevents.nl\/#organization","name":"City Game","alternateName":"citygame.com","url":"https:\/\/testwebsite.upevents.nl\/","logo":{"@id":"https:\/\/testwebsite.citygame.com\/no\/games\/katowice\/secrets-of-katowice\/#local-main-organization-logo"},"image":{"@id":"https:\/\/testwebsite.citygame.com\/no\/games\/katowice\/secrets-of-katowice\/#local-main-organization-logo"},"sameAs":["https:\/\/www.facebook.com\/profile.php?id=100086426226253","https:\/\/www.instagram.com\/citygame_com","https:\/\/www.tiktok.com\/@citygamecom\/","https:\/\/www.linkedin.com\/company\/citygame-com"],"description":"Turn any city into a playground with our interactive City Games and self-guided tours. Fun, flexible, and ideal for groups and team building.","telephone":[],"openingHoursSpecification":[{"@type":"OpeningHoursSpecification","dayOfWeek":["Monday","Tuesday","Wednesday","Thursday","Friday","Saturday","Sunday"],"opens":"09:00","closes":"17:00"}]},{"@type":"ImageObject","inLanguage":"nb-NO","@id":"https:\/\/testwebsite.citygame.com\/no\/games\/katowice\/secrets-of-katowice\/#local-main-organization-logo","url":"https:\/\/testwebsite.citygame.com\/wp-content\/blogs.dir\/1\/files\/sites\/62\/2025\/10\/CG_LOGO-City-Game.png","contentUrl":"https:\/\/testwebsite.citygame.com\/wp-content\/blogs.dir\/1\/files\/sites\/62\/2025\/10\/CG_LOGO-City-Game.png","width":351,"height":377,"caption":"City Game"}]}},"taxonomy_info":{"game-concept":[{"value":723,"label":"Secrets"}],"location":[{"value":219,"label":"Katowice"}],"product_cat":[{"value":27,"label":"Geen categorie"}]},"featured_image_src_large":["https:\/\/testwebsite.citygame.com\/wp-content\/blogs.dir\/1\/files\/sites\/62\/2026\/01\/man-with-phone-in-front-of-spodek-arena-in-katowice.jpg",1024,1024,false],"author_info":[],"comment_info":"","_links":{"self":[{"href":"https:\/\/testwebsite.citygame.com\/no\/wp-json\/wp\/v2\/product\/54370","targetHints":{"allow":["GET"]}}],"collection":[{"href":"https:\/\/testwebsite.citygame.com\/no\/wp-json\/wp\/v2\/product"}],"about":[{"href":"https:\/\/testwebsite.citygame.com\/no\/wp-json\/wp\/v2\/types\/product"}],"acf:post":[{"embeddable":true,"href":"https:\/\/testwebsite.citygame.com\/no\/wp-json\/wp\/v2\/pages\/15929"}],"wp:featuredmedia":[{"embeddable":true,"href":"https:\/\/testwebsite.citygame.com\/no\/wp-json\/wp\/v2\/media\/3596"}],"wp:attachment":[{"href":"https:\/\/testwebsite.citygame.com\/no\/wp-json\/wp\/v2\/media?parent=54370"}],"wp:term":[{"taxonomy":"game-concept","embeddable":true,"href":"https:\/\/testwebsite.citygame.com\/no\/wp-json\/wp\/v2\/game-concept?post=54370"},{"taxonomy":"location","embeddable":true,"href":"https:\/\/testwebsite.citygame.com\/no\/wp-json\/wp\/v2\/location?post=54370"},{"taxonomy":"product_brand","embeddable":true,"href":"https:\/\/testwebsite.citygame.com\/no\/wp-json\/wp\/v2\/product_brand?post=54370"},{"taxonomy":"product_cat","embeddable":true,"href":"https:\/\/testwebsite.citygame.com\/no\/wp-json\/wp\/v2\/product_cat?post=54370"},{"taxonomy":"product_tag","embeddable":true,"href":"https:\/\/testwebsite.citygame.com\/no\/wp-json\/wp\/v2\/product_tag?post=54370"}],"curies":[{"name":"wp","href":"https:\/\/api.w.org\/{rel}","templated":true}]}}