{"id":65294,"date":"2026-01-14T16:16:49","date_gmt":"2026-01-14T16:16:49","guid":{"rendered":"https:\/\/testwebsite.citygame.com\/games\/unknown-location\/secrets-of-paris-pantheon\/"},"modified":"2026-04-08T15:39:43","modified_gmt":"2026-04-08T15:39:43","slug":"secrets-of-paris-pantheon","status":"publish","type":"product","link":"https:\/\/testwebsite.citygame.com\/nl\/games\/paris\/secrets-of-paris-pantheon\/","title":{"rendered":"Secrets of Paris Pantheon"},"content":{"rendered":"<p>Het City Game Paris is een zelfgeleid, GPS-gebaseerd ontdekkingsspel dat plaatsvindt in een specifiek gebied van Parijs, namelijk Pantheon. Met hun smartphone navigeren spelers door de buurt terwijl ze puzzels, raadsels en fotouitdagingen oplossen die de rijke geschiedenis, unieke cultuur en verborgen details van het gebied onthullen. Dit zelfgeleide stadsspel biedt een boeiende manier om Parijs in je eigen tempo te ontdekken en is geschikt voor zowel bezoekers als locals. Of je nu alleen verkent, als stel, met familie of in een vriendengroep, het City Game Paris biedt een leuke en informatieve ervaring. Als een GPS-gebaseerd spel combineert het interactieve verhalen met echte ontdekkingen in een levendig deel van de stad.<\/p>\n","protected":false},"excerpt":{"rendered":"<p>Ontdek Parijs&#8217; Lichten &amp; Legenden! Van met boeken omzoomde boulevards tot verborgen binnenplaatsen, jaag op aanwijzingen door het Quartier Latin terwijl je Voltaire helpt de veerpen terug te vinden die zijn strijd tegen onrecht een stem gaf, waar het verleden van de stad in het heden oplaait.<\/p>\n","protected":false},"featured_media":4017,"template":"","meta":{"_acf_changed":false,"_yoast_wpseo_focuskw":"Secrets of Paris Pantheon","_yoast_wpseo_metadesc":"Secrets of Paris Pantheon. Speel een zelfgeleid City Game en verken de stad door middel van puzzels, raadsels en uitdagingen. Speel in je eigen tempo en ontdek als een local!","_kad_blocks_custom_css":"","_kad_blocks_head_custom_js":"","_kad_blocks_body_custom_js":"","_kad_blocks_footer_custom_js":"","ghostkit_customizer_options":"","ghostkit_custom_css":"","ghostkit_custom_js_head":"","ghostkit_custom_js_foot":"","ghostkit_typography":"","_kad_post_transparent":"default","_kad_post_title":"","_kad_post_layout":"default","_kad_post_sidebar_id":"","_kad_post_content_style":"default","_kad_post_vertical_padding":"default","_kad_post_feature":"","_kad_post_feature_position":"","_kad_post_header":false,"_kad_post_footer":false,"_kad_post_classname":"","_links_to":"","_links_to_target":""},"game-concept":[704],"location":[317],"product_brand":[],"product_cat":[661],"product_tag":[],"class_list":{"0":"post-65294","1":"product","2":"type-product","3":"status-publish","4":"has-post-thumbnail","6":"game-concept-secrets","7":"location-paris","8":"product_cat-niet-gecategoriseerd","10":"first","11":"instock","12":"shipping-taxable","13":"purchasable","14":"product-type-simple","15":"entry","16":"content-bg","17":"loop-entry"},"acf":{"full_bokun_product_name":"Self-Guided Secrets of Paris: Panth\u00e9on Area Exploration Game","location_name":"Paris Pantheon","bokun_calendar_widget_code":"<script type=\"text\/javascript\" src=\"https:\/\/widgets.bokun.io\/assets\/javascripts\/apps\/build\/BokunWidgetsLoader.js?bookingChannelUUID=a1e93e96-5232-4734-a595-28405f4b5a31\" async><\/script>\n     \n    <div class=\"bokunWidget\" data-src=\"https:\/\/widgets.bokun.io\/online-sales\/a1e93e96-5232-4734-a595-28405f4b5a31\/experience-calendar\/1002135\"><\/div>\n    <noscript>Please enable javascript in your browser to book<\/noscript>","bokun_button_widget_code":"<script type=\"text\/javascript\" src=\"https:\/\/widgets.bokun.io\/assets\/javascripts\/apps\/build\/BokunWidgetsLoader.js?bookingChannelUUID=a1e93e96-5232-4734-a595-28405f4b5a31\" async><\/script>\n      <style> #bokun_ed001e45_5927_4f62_b470_ca766338d083 { display: inline-block; padding: .4em 1em; background: #47b82e; border-radius: 999999px; box-shadow: none; font-weight: 600; font-size: 24px; text-decoration: none; text-align: center; color: #FFFFFF; border:none; cursor: pointer; transition: background .2s ease; } #bokun_ed001e45_5927_4f62_b470_ca766338d083:hover{ background: #2f7b1f; } #bokun_ed001e45_5927_4f62_b470_ca766338d083:active{ background: #378f24; } <\/style> <button class=\"bokunButton\" disabled id=bokun_ed001e45_5927_4f62_b470_ca766338d083 data-src=\"https:\/\/widgets.bokun.io\/online-sales\/a1e93e96-5232-4734-a595-28405f4b5a31\/experience-calendar\/1002135?partialView=1\" data-testid=\"widget-book-button\" > Book now <\/button> ","what_you\u2019ll_experience_during_the_game":"Tijdens de Secrets of Paris Pantheon City Game verken je het historische hart van het 5e arrondissement door een mix van meeslepende verhalen en ontdekkingen in de echte wereld. Terwijl het spel je door het gebied leidt, kom je grandioze bezienswaardigheden tegen zoals het neoklassieke Panth\u00e9on en het imposante ijzerwerk van de Biblioth\u00e8que Sainte-Genevi\u00e8ve. Onderweg ontdek je ook rustige hoekjes en ontmoetingsplekken, van de vredige \u00c9glise Saint-\u00c9tienne-du-Mont tot de levendige caf\u00e9s van Place de la Contrescarpe. Elke locatie voegt sfeer en karakter toe aan je reis door dit gelaagde deel van Parijs.\r\n\r\nTerwijl het speelt, los je verschillende puzzels, raadsels en fotouitdagingen op die je verbinding met elke locatie verdiepen en het verhaal voortstuwen. Elk correct antwoord levert punten op en ontgrendelt aanwijzingen terwijl je vordert naar het ontrafelen van een laatste mysterie. Je kunt ervoor kiezen om het City Game te pauzeren en in je eigen tempo voort te zetten, waardoor de ervaring gemakkelijk in je dag in Parijs past. Voor degenen die van een uitdaging houden, voegt het strijden om een toppositie op het leaderboard een extra laag plezier toe aan dit ontdekkingsspel.","how_to_play":"Zodra je boekt, ontvang je een e-mail met een directe speellink. Ga simpelweg naar de startlocatie bij het Panth\u00e9on en start het spel op je telefoon. Je kunt meteen beginnen met spelen, pauzeren wanneer je wilt en doorgaan in je eigen ritme. De stad wordt je speeltuin, en elke hoek kan de volgende aanwijzing bevatten voor Voltaires verloren veerpen.","start_location":"Paris, Place du Panth\u00e9on","available_languages":"","players_per_group":"1-4","duration":"1.5-2 hours","image_overlay_color_image":"https:\/\/testwebsite.citygame.com\/wp-content\/blogs.dir\/1\/files\/sites\/62\/2026\/01\/SecretsColor.svg","image_overlay_game_logo":"https:\/\/testwebsite.citygame.com\/wp-content\/blogs.dir\/1\/files\/sites\/62\/2026\/01\/SecretsLogo.png","city_page":7295,"woocommerce_general_content":null},"yoast_head":"<!-- This site is optimized with the Yoast SEO Premium plugin v26.2 (Yoast SEO v26.3) - https:\/\/yoast.com\/wordpress\/plugins\/seo\/ -->\n<title>Secrets of Paris Pantheon - City Game<\/title>\n<meta name=\"description\" content=\"Secrets of Paris Pantheon. Speel een zelfgeleid City Game en verken de stad door middel van puzzels, raadsels en uitdagingen. Speel in je eigen tempo en ontdek als een local!\" \/>\n<meta name=\"robots\" content=\"noindex, follow, max-snippet:-1, max-image-preview:large, max-video-preview:-1\" \/>\n<meta property=\"og:locale\" content=\"nl_NL\" \/>\n<meta property=\"og:type\" content=\"article\" \/>\n<meta property=\"og:title\" content=\"Secrets of Paris Pantheon\" \/>\n<meta property=\"og:description\" content=\"Secrets of Paris Pantheon. Speel een zelfgeleid City Game en verken de stad door middel van puzzels, raadsels en uitdagingen. Speel in je eigen tempo en ontdek als een local!\" \/>\n<meta property=\"og:url\" content=\"https:\/\/testwebsite.citygame.com\/nl\/games\/paris\/secrets-of-paris-pantheon\/\" \/>\n<meta property=\"og:site_name\" content=\"City Game\" \/>\n<meta property=\"article:publisher\" content=\"https:\/\/www.facebook.com\/profile.php?id=100086426226253\" \/>\n<meta property=\"article:modified_time\" content=\"2026-04-08T15:39:43+00:00\" \/>\n<meta property=\"og:image\" content=\"https:\/\/testwebsite.citygame.com\/wp-content\/blogs.dir\/1\/files\/sites\/62\/2026\/01\/man-using-phone-at-a-paris-crossroads.jpg\" \/>\n\t<meta property=\"og:image:width\" content=\"1024\" \/>\n\t<meta property=\"og:image:height\" content=\"1024\" \/>\n\t<meta property=\"og:image:type\" content=\"image\/jpeg\" \/>\n<meta name=\"twitter:card\" content=\"summary_large_image\" \/>\n<meta name=\"twitter:label1\" content=\"Geschatte leestijd\" \/>\n\t<meta name=\"twitter:data1\" content=\"1 minuut\" \/>\n<script type=\"application\/ld+json\" class=\"yoast-schema-graph\">{\"@context\":\"https:\/\/schema.org\",\"@graph\":[{\"@type\":\"WebPage\",\"@id\":\"https:\/\/testwebsite.citygame.com\/nl\/games\/paris\/secrets-of-paris-pantheon\/\",\"url\":\"https:\/\/testwebsite.citygame.com\/nl\/games\/paris\/secrets-of-paris-pantheon\/\",\"name\":\"Secrets of Paris Pantheon - City Game\",\"isPartOf\":{\"@id\":\"https:\/\/testwebsite.upevents.nl\/#website\"},\"primaryImageOfPage\":{\"@id\":\"https:\/\/testwebsite.citygame.com\/nl\/games\/paris\/secrets-of-paris-pantheon\/#primaryimage\"},\"image\":{\"@id\":\"https:\/\/testwebsite.citygame.com\/nl\/games\/paris\/secrets-of-paris-pantheon\/#primaryimage\"},\"thumbnailUrl\":\"https:\/\/testwebsite.citygame.com\/wp-content\/blogs.dir\/1\/files\/sites\/62\/2026\/01\/man-using-phone-at-a-paris-crossroads.jpg\",\"datePublished\":\"2026-01-14T16:16:49+00:00\",\"dateModified\":\"2026-04-08T15:39:43+00:00\",\"description\":\"Secrets of Paris Pantheon. Speel een zelfgeleid City Game en verken de stad door middel van puzzels, raadsels en uitdagingen. Speel in je eigen tempo en ontdek als een local!\",\"breadcrumb\":{\"@id\":\"https:\/\/testwebsite.citygame.com\/nl\/games\/paris\/secrets-of-paris-pantheon\/#breadcrumb\"},\"inLanguage\":\"nl-NL\",\"potentialAction\":[{\"@type\":\"ReadAction\",\"target\":[\"https:\/\/testwebsite.citygame.com\/nl\/games\/paris\/secrets-of-paris-pantheon\/\"]}]},{\"@type\":\"ImageObject\",\"inLanguage\":\"nl-NL\",\"@id\":\"https:\/\/testwebsite.citygame.com\/nl\/games\/paris\/secrets-of-paris-pantheon\/#primaryimage\",\"url\":\"https:\/\/testwebsite.citygame.com\/wp-content\/blogs.dir\/1\/files\/sites\/62\/2026\/01\/man-using-phone-at-a-paris-crossroads.jpg\",\"contentUrl\":\"https:\/\/testwebsite.citygame.com\/wp-content\/blogs.dir\/1\/files\/sites\/62\/2026\/01\/man-using-phone-at-a-paris-crossroads.jpg\",\"width\":1024,\"height\":1024,\"caption\":\"A tourist navigates a sunny street corner in Paris with a smartphone app.\"},{\"@type\":\"BreadcrumbList\",\"@id\":\"https:\/\/testwebsite.citygame.com\/nl\/games\/paris\/secrets-of-paris-pantheon\/#breadcrumb\",\"itemListElement\":[{\"@type\":\"ListItem\",\"position\":1,\"name\":\"Home\",\"item\":\"https:\/\/testwebsite.citygame.com\/nl\/\"},{\"@type\":\"ListItem\",\"position\":2,\"name\":\"Shop\",\"item\":\"https:\/\/testwebsite.citygame.com\/shop\/\"},{\"@type\":\"ListItem\",\"position\":3,\"name\":\"Secrets of Paris Pantheon\"}]},{\"@type\":\"WebSite\",\"@id\":\"https:\/\/testwebsite.upevents.nl\/#website\",\"url\":\"https:\/\/testwebsite.upevents.nl\/\",\"name\":\"City Game\",\"description\":\"\",\"publisher\":{\"@id\":\"https:\/\/testwebsite.upevents.nl\/#organization\"},\"alternateName\":\"citygame.com\",\"potentialAction\":[{\"@type\":\"SearchAction\",\"target\":{\"@type\":\"EntryPoint\",\"urlTemplate\":\"https:\/\/testwebsite.upevents.nl\/?s={search_term_string}\"},\"query-input\":{\"@type\":\"PropertyValueSpecification\",\"valueRequired\":true,\"valueName\":\"search_term_string\"}}],\"inLanguage\":\"nl-NL\"},{\"@type\":[\"Organization\",\"Place\"],\"@id\":\"https:\/\/testwebsite.upevents.nl\/#organization\",\"name\":\"City Game\",\"alternateName\":\"citygame.com\",\"url\":\"https:\/\/testwebsite.upevents.nl\/\",\"logo\":{\"@id\":\"https:\/\/testwebsite.citygame.com\/nl\/games\/paris\/secrets-of-paris-pantheon\/#local-main-organization-logo\"},\"image\":{\"@id\":\"https:\/\/testwebsite.citygame.com\/nl\/games\/paris\/secrets-of-paris-pantheon\/#local-main-organization-logo\"},\"sameAs\":[\"https:\/\/www.facebook.com\/profile.php?id=100086426226253\",\"https:\/\/www.instagram.com\/citygame_com\",\"https:\/\/www.tiktok.com\/@citygamecom\/\",\"https:\/\/www.linkedin.com\/company\/citygame-com\"],\"description\":\"Turn any city into a playground with our interactive City Games and self-guided tours. Fun, flexible, and ideal for groups and team building.\",\"telephone\":[],\"openingHoursSpecification\":[{\"@type\":\"OpeningHoursSpecification\",\"dayOfWeek\":[\"Monday\",\"Tuesday\",\"Wednesday\",\"Thursday\",\"Friday\",\"Saturday\",\"Sunday\"],\"opens\":\"09:00\",\"closes\":\"17:00\"}]},{\"@type\":\"ImageObject\",\"inLanguage\":\"nl-NL\",\"@id\":\"https:\/\/testwebsite.citygame.com\/nl\/games\/paris\/secrets-of-paris-pantheon\/#local-main-organization-logo\",\"url\":\"https:\/\/testwebsite.citygame.com\/wp-content\/blogs.dir\/1\/files\/sites\/62\/2025\/10\/CG_LOGO-City-Game.png\",\"contentUrl\":\"https:\/\/testwebsite.citygame.com\/wp-content\/blogs.dir\/1\/files\/sites\/62\/2025\/10\/CG_LOGO-City-Game.png\",\"width\":351,\"height\":377,\"caption\":\"City Game\"}]}<\/script>\n<!-- \/ Yoast SEO Premium plugin. -->","yoast_head_json":{"title":"Secrets of Paris Pantheon - City Game","description":"Secrets of Paris Pantheon. Speel een zelfgeleid City Game en verken de stad door middel van puzzels, raadsels en uitdagingen. Speel in je eigen tempo en ontdek als een local!","robots":{"index":"noindex","follow":"follow","max-snippet":"max-snippet:-1","max-image-preview":"max-image-preview:large","max-video-preview":"max-video-preview:-1"},"og_locale":"nl_NL","og_type":"article","og_title":"Secrets of Paris Pantheon","og_description":"Secrets of Paris Pantheon. Speel een zelfgeleid City Game en verken de stad door middel van puzzels, raadsels en uitdagingen. Speel in je eigen tempo en ontdek als een local!","og_url":"https:\/\/testwebsite.citygame.com\/nl\/games\/paris\/secrets-of-paris-pantheon\/","og_site_name":"City Game","article_publisher":"https:\/\/www.facebook.com\/profile.php?id=100086426226253","article_modified_time":"2026-04-08T15:39:43+00:00","og_image":[{"width":1024,"height":1024,"url":"https:\/\/testwebsite.citygame.com\/wp-content\/blogs.dir\/1\/files\/sites\/62\/2026\/01\/man-using-phone-at-a-paris-crossroads.jpg","type":"image\/jpeg"}],"twitter_card":"summary_large_image","twitter_misc":{"Geschatte leestijd":"1 minuut"},"schema":{"@context":"https:\/\/schema.org","@graph":[{"@type":"WebPage","@id":"https:\/\/testwebsite.citygame.com\/nl\/games\/paris\/secrets-of-paris-pantheon\/","url":"https:\/\/testwebsite.citygame.com\/nl\/games\/paris\/secrets-of-paris-pantheon\/","name":"Secrets of Paris Pantheon - City Game","isPartOf":{"@id":"https:\/\/testwebsite.upevents.nl\/#website"},"primaryImageOfPage":{"@id":"https:\/\/testwebsite.citygame.com\/nl\/games\/paris\/secrets-of-paris-pantheon\/#primaryimage"},"image":{"@id":"https:\/\/testwebsite.citygame.com\/nl\/games\/paris\/secrets-of-paris-pantheon\/#primaryimage"},"thumbnailUrl":"https:\/\/testwebsite.citygame.com\/wp-content\/blogs.dir\/1\/files\/sites\/62\/2026\/01\/man-using-phone-at-a-paris-crossroads.jpg","datePublished":"2026-01-14T16:16:49+00:00","dateModified":"2026-04-08T15:39:43+00:00","description":"Secrets of Paris Pantheon. Speel een zelfgeleid City Game en verken de stad door middel van puzzels, raadsels en uitdagingen. Speel in je eigen tempo en ontdek als een local!","breadcrumb":{"@id":"https:\/\/testwebsite.citygame.com\/nl\/games\/paris\/secrets-of-paris-pantheon\/#breadcrumb"},"inLanguage":"nl-NL","potentialAction":[{"@type":"ReadAction","target":["https:\/\/testwebsite.citygame.com\/nl\/games\/paris\/secrets-of-paris-pantheon\/"]}]},{"@type":"ImageObject","inLanguage":"nl-NL","@id":"https:\/\/testwebsite.citygame.com\/nl\/games\/paris\/secrets-of-paris-pantheon\/#primaryimage","url":"https:\/\/testwebsite.citygame.com\/wp-content\/blogs.dir\/1\/files\/sites\/62\/2026\/01\/man-using-phone-at-a-paris-crossroads.jpg","contentUrl":"https:\/\/testwebsite.citygame.com\/wp-content\/blogs.dir\/1\/files\/sites\/62\/2026\/01\/man-using-phone-at-a-paris-crossroads.jpg","width":1024,"height":1024,"caption":"A tourist navigates a sunny street corner in Paris with a smartphone app."},{"@type":"BreadcrumbList","@id":"https:\/\/testwebsite.citygame.com\/nl\/games\/paris\/secrets-of-paris-pantheon\/#breadcrumb","itemListElement":[{"@type":"ListItem","position":1,"name":"Home","item":"https:\/\/testwebsite.citygame.com\/nl\/"},{"@type":"ListItem","position":2,"name":"Shop","item":"https:\/\/testwebsite.citygame.com\/shop\/"},{"@type":"ListItem","position":3,"name":"Secrets of Paris Pantheon"}]},{"@type":"WebSite","@id":"https:\/\/testwebsite.upevents.nl\/#website","url":"https:\/\/testwebsite.upevents.nl\/","name":"City Game","description":"","publisher":{"@id":"https:\/\/testwebsite.upevents.nl\/#organization"},"alternateName":"citygame.com","potentialAction":[{"@type":"SearchAction","target":{"@type":"EntryPoint","urlTemplate":"https:\/\/testwebsite.upevents.nl\/?s={search_term_string}"},"query-input":{"@type":"PropertyValueSpecification","valueRequired":true,"valueName":"search_term_string"}}],"inLanguage":"nl-NL"},{"@type":["Organization","Place"],"@id":"https:\/\/testwebsite.upevents.nl\/#organization","name":"City Game","alternateName":"citygame.com","url":"https:\/\/testwebsite.upevents.nl\/","logo":{"@id":"https:\/\/testwebsite.citygame.com\/nl\/games\/paris\/secrets-of-paris-pantheon\/#local-main-organization-logo"},"image":{"@id":"https:\/\/testwebsite.citygame.com\/nl\/games\/paris\/secrets-of-paris-pantheon\/#local-main-organization-logo"},"sameAs":["https:\/\/www.facebook.com\/profile.php?id=100086426226253","https:\/\/www.instagram.com\/citygame_com","https:\/\/www.tiktok.com\/@citygamecom\/","https:\/\/www.linkedin.com\/company\/citygame-com"],"description":"Turn any city into a playground with our interactive City Games and self-guided tours. Fun, flexible, and ideal for groups and team building.","telephone":[],"openingHoursSpecification":[{"@type":"OpeningHoursSpecification","dayOfWeek":["Monday","Tuesday","Wednesday","Thursday","Friday","Saturday","Sunday"],"opens":"09:00","closes":"17:00"}]},{"@type":"ImageObject","inLanguage":"nl-NL","@id":"https:\/\/testwebsite.citygame.com\/nl\/games\/paris\/secrets-of-paris-pantheon\/#local-main-organization-logo","url":"https:\/\/testwebsite.citygame.com\/wp-content\/blogs.dir\/1\/files\/sites\/62\/2025\/10\/CG_LOGO-City-Game.png","contentUrl":"https:\/\/testwebsite.citygame.com\/wp-content\/blogs.dir\/1\/files\/sites\/62\/2025\/10\/CG_LOGO-City-Game.png","width":351,"height":377,"caption":"City Game"}]}},"taxonomy_info":{"game-concept":[{"value":704,"label":"Secrets"}],"location":[{"value":317,"label":"Paris"}],"product_cat":[{"value":661,"label":"Niet-gecategoriseerd"}]},"featured_image_src_large":["https:\/\/testwebsite.citygame.com\/wp-content\/blogs.dir\/1\/files\/sites\/62\/2026\/01\/man-using-phone-at-a-paris-crossroads.jpg",1024,1024,false],"author_info":[],"comment_info":"","_links":{"self":[{"href":"https:\/\/testwebsite.citygame.com\/nl\/wp-json\/wp\/v2\/product\/65294","targetHints":{"allow":["GET"]}}],"collection":[{"href":"https:\/\/testwebsite.citygame.com\/nl\/wp-json\/wp\/v2\/product"}],"about":[{"href":"https:\/\/testwebsite.citygame.com\/nl\/wp-json\/wp\/v2\/types\/product"}],"acf:post":[{"embeddable":true,"href":"https:\/\/testwebsite.citygame.com\/nl\/wp-json\/wp\/v2\/pages\/7295"}],"wp:featuredmedia":[{"embeddable":true,"href":"https:\/\/testwebsite.citygame.com\/nl\/wp-json\/wp\/v2\/media\/4017"}],"wp:attachment":[{"href":"https:\/\/testwebsite.citygame.com\/nl\/wp-json\/wp\/v2\/media?parent=65294"}],"wp:term":[{"taxonomy":"game-concept","embeddable":true,"href":"https:\/\/testwebsite.citygame.com\/nl\/wp-json\/wp\/v2\/game-concept?post=65294"},{"taxonomy":"location","embeddable":true,"href":"https:\/\/testwebsite.citygame.com\/nl\/wp-json\/wp\/v2\/location?post=65294"},{"taxonomy":"product_brand","embeddable":true,"href":"https:\/\/testwebsite.citygame.com\/nl\/wp-json\/wp\/v2\/product_brand?post=65294"},{"taxonomy":"product_cat","embeddable":true,"href":"https:\/\/testwebsite.citygame.com\/nl\/wp-json\/wp\/v2\/product_cat?post=65294"},{"taxonomy":"product_tag","embeddable":true,"href":"https:\/\/testwebsite.citygame.com\/nl\/wp-json\/wp\/v2\/product_tag?post=65294"}],"curies":[{"name":"wp","href":"https:\/\/api.w.org\/{rel}","templated":true}]}}