{"id":56258,"date":"2026-01-13T15:37:58","date_gmt":"2026-01-13T15:37:58","guid":{"rendered":"https:\/\/testwebsite.citygame.com\/games\/unknown-location\/secrets-of-vasteras\/"},"modified":"2026-04-07T22:23:44","modified_gmt":"2026-04-07T22:23:44","slug":"secrets-of-vasteras","status":"publish","type":"product","link":"https:\/\/testwebsite.citygame.com\/nl\/games\/vasteras\/secrets-of-vasteras\/","title":{"rendered":"Secrets of Vasteras"},"content":{"rendered":"<p>De City Game V\u00e4ster\u00e5s is een zelfgeleide stadsgame die plaatsvindt in het stadscentrum van V\u00e4ster\u00e5s. Met behulp van een GPS-gebaseerde game-app op hun smartphones verkennen spelers het gebied terwijl ze puzzels, raadsels en fotouitdagingen oplossen. Onderweg ontdekken deelnemers aspecten van de cultuur van V\u00e4ster\u00e5s, lokale verhalen en verborgen details die anders onopgemerkt zouden blijven. Dit ontdekkingsspel biedt een flexibele en boeiende manier om de stad te ervaren, of je nu een bezoeker bent of een local. Geschikt voor solospelers, koppels, families en vriendengroepen, de City Game V\u00e4ster\u00e5s biedt een interactieve manier om in contact te komen met het stedelijke landschap.<\/p>\n","protected":false},"excerpt":{"rendered":"<p>Ontketen de Vikinggeest van V\u00e4ster\u00e5s! Stap een stad binnen waar oude legendes moderne charme ontmoeten, los aanwijzingen op om Erik Stormbeard Skaldsson te helpen de Horn of Endless Cheer te heroveren en de hartslag van Zweden&#8217;s onverschrokken verleden te laten ontwaken.<\/p>\n","protected":false},"featured_media":3841,"template":"","meta":{"_acf_changed":false,"_yoast_wpseo_focuskw":"Secrets of Vasteras","_yoast_wpseo_metadesc":"Secrets of Vasteras. Speel een zelfgeleide City Game en verken de stad via puzzels, raadsels en uitdagingen. Speel op je eigen tempo en ontdek als een local!","_kad_blocks_custom_css":"","_kad_blocks_head_custom_js":"","_kad_blocks_body_custom_js":"","_kad_blocks_footer_custom_js":"","ghostkit_customizer_options":"","ghostkit_custom_css":"","ghostkit_custom_js_head":"","ghostkit_custom_js_foot":"","ghostkit_typography":"","_kad_post_transparent":"","_kad_post_title":"","_kad_post_layout":"","_kad_post_sidebar_id":"","_kad_post_content_style":"","_kad_post_vertical_padding":"","_kad_post_feature":"","_kad_post_feature_position":"","_kad_post_header":false,"_kad_post_footer":false,"_kad_post_classname":"","_links_to":"","_links_to_target":""},"game-concept":[704],"location":[417],"product_brand":[],"product_cat":[661],"product_tag":[],"class_list":{"0":"post-56258","1":"product","2":"type-product","3":"status-publish","4":"has-post-thumbnail","6":"game-concept-secrets","7":"location-vasteras","8":"product_cat-niet-gecategoriseerd","10":"first","11":"instock","12":"shipping-taxable","13":"purchasable","14":"product-type-simple","15":"entry","16":"content-bg","17":"loop-entry"},"acf":{"full_bokun_product_name":"Self-Guided Secrets of V\u00e4ster\u00e5s Exploration Game","location_name":"Vasteras","bokun_calendar_widget_code":"<script type=\"text\/javascript\" src=\"https:\/\/widgets.bokun.io\/assets\/javascripts\/apps\/build\/BokunWidgetsLoader.js?bookingChannelUUID=a1e93e96-5232-4734-a595-28405f4b5a31\" async><\/script>\n     \n    <div class=\"bokunWidget\" data-src=\"https:\/\/widgets.bokun.io\/online-sales\/a1e93e96-5232-4734-a595-28405f4b5a31\/experience-calendar\/1096709\"><\/div>\n    <noscript>Please enable javascript in your browser to book<\/noscript>","bokun_button_widget_code":"<script type=\"text\/javascript\" src=\"https:\/\/widgets.bokun.io\/assets\/javascripts\/apps\/build\/BokunWidgetsLoader.js?bookingChannelUUID=a1e93e96-5232-4734-a595-28405f4b5a31\" async><\/script>\n      <style> #bokun_ed001e45_5927_4f62_b470_ca766338d083 { display: inline-block; padding: .4em 1em; background: #47b82e; border-radius: 999999px; box-shadow: none; font-weight: 600; font-size: 24px; text-decoration: none; text-align: center; color: #FFFFFF; border:none; cursor: pointer; transition: background .2s ease; } #bokun_ed001e45_5927_4f62_b470_ca766338d083:hover{ background: #2f7b1f; } #bokun_ed001e45_5927_4f62_b470_ca766338d083:active{ background: #378f24; } <\/style> <button class=\"bokunButton\" disabled id=bokun_ed001e45_5927_4f62_b470_ca766338d083 data-src=\"https:\/\/widgets.bokun.io\/online-sales\/a1e93e96-5232-4734-a595-28405f4b5a31\/experience-calendar\/1096709?partialView=1\" data-testid=\"widget-book-button\" > Book now <\/button> ","what_you\u2019ll_experience_during_the_game":"Tijdens de Secrets of V\u00e4ster\u00e5s City Game verken je de stad via een mix van verhalen, aanwijzingen en ontdekkingen. Terwijl het spel je door zowel iconische als verborgen plekjes leidt, ervaar je de culturele rijkdom van V\u00e4ster\u00e5s vanuit frisse perspectieven. Onderweg bevind je je misschien buiten de V\u00e4ster\u00e5s Domkerk, steek je de oude stenen bogen van Storbron over, of passeer je de opvallende muren van V\u00e4ster\u00e5s Konsthall. Lokale bezienswaardigheden zoals Karlsgatan 2 en V\u00e4xhuset komen ook in beeld, waardoor de stad wordt ingekaderd door kunst, geschiedenis en het dagelijks leven.\n\nTijdens het navigeren door V\u00e4ster\u00e5s ga je puzzels, raadsels en creatieve uitdagingen aan die de locaties tot leven brengen. Elke taak levert punten op, onthult hints en brengt je dichter bij het oplossen van een laatste mysterie dat in de route is verweven. Je kunt stoppen en verdergaan wanneer je maar wilt, zodat je op je eigen tempo van de stad kunt genieten. Voor degenen die van een beetje vriendschappelijke competitie houden, biedt het leaderboard een extra laag motivatie tijdens dit ontdekkingsspel.","how_to_play":"Na het boeken van je City Game V\u00e4ster\u00e5s ontvang je een e-mail met een directe speellink. Ga eenvoudigweg naar de startlocatie bij V\u00e4ster\u00e5s Konstmuseum (Huis van Kunst), en start het spel op je telefoon. Volg vandaar de GPS-route, los taken op en verken op je eigen tempo. Je kunt het spel op elk moment pauzeren en later verdergaan\u2014het avontuur wacht op je.","start_location":"V\u00e4ster\u00e5s, V\u00e4ster\u00e5s Konstmuseum","available_languages":[],"players_per_group":"1-4","duration":"1.5-2 hours","image_overlay_color_image":"https:\/\/testwebsite.citygame.com\/wp-content\/blogs.dir\/1\/files\/sites\/62\/2026\/01\/SecretsColor.svg","image_overlay_game_logo":"https:\/\/testwebsite.citygame.com\/wp-content\/blogs.dir\/1\/files\/sites\/62\/2026\/01\/SecretsLogo.png","city_page":7563,"woocommerce_general_content":null},"yoast_head":"<!-- This site is optimized with the Yoast SEO Premium plugin v26.2 (Yoast SEO v26.3) - https:\/\/yoast.com\/wordpress\/plugins\/seo\/ -->\n<title>Secrets of Vasteras - City Game<\/title>\n<meta name=\"description\" content=\"Secrets of Vasteras. Speel een zelfgeleide City Game en verken de stad via puzzels, raadsels en uitdagingen. Speel op je eigen tempo en ontdek als een local!\" \/>\n<meta name=\"robots\" content=\"noindex, follow, max-snippet:-1, max-image-preview:large, max-video-preview:-1\" \/>\n<meta property=\"og:locale\" content=\"nl_NL\" \/>\n<meta property=\"og:type\" content=\"article\" \/>\n<meta property=\"og:title\" content=\"Secrets of Vasteras\" \/>\n<meta property=\"og:description\" content=\"Secrets of Vasteras. Speel een zelfgeleide City Game en verken de stad via puzzels, raadsels en uitdagingen. Speel op je eigen tempo en ontdek als een local!\" \/>\n<meta property=\"og:url\" content=\"https:\/\/testwebsite.citygame.com\/nl\/games\/vasteras\/secrets-of-vasteras\/\" \/>\n<meta property=\"og:site_name\" content=\"City Game\" \/>\n<meta property=\"article:publisher\" content=\"https:\/\/www.facebook.com\/profile.php?id=100086426226253\" \/>\n<meta property=\"article:modified_time\" content=\"2026-04-07T22:23:44+00:00\" \/>\n<meta property=\"og:image\" content=\"https:\/\/testwebsite.citygame.com\/wp-content\/blogs.dir\/1\/files\/sites\/62\/2026\/01\/group-of-friends-playing-city-game-on-phone-by-canal-vasteras.jpg\" \/>\n\t<meta property=\"og:image:width\" content=\"864\" \/>\n\t<meta property=\"og:image:height\" content=\"1184\" \/>\n\t<meta property=\"og:image:type\" content=\"image\/jpeg\" \/>\n<meta name=\"twitter:card\" content=\"summary_large_image\" \/>\n<meta name=\"twitter:label1\" content=\"Geschatte leestijd\" \/>\n\t<meta name=\"twitter:data1\" content=\"1 minuut\" \/>\n<script type=\"application\/ld+json\" class=\"yoast-schema-graph\">{\"@context\":\"https:\/\/schema.org\",\"@graph\":[{\"@type\":\"WebPage\",\"@id\":\"https:\/\/testwebsite.citygame.com\/nl\/games\/vasteras\/secrets-of-vasteras\/\",\"url\":\"https:\/\/testwebsite.citygame.com\/nl\/games\/vasteras\/secrets-of-vasteras\/\",\"name\":\"Secrets of Vasteras - City Game\",\"isPartOf\":{\"@id\":\"https:\/\/testwebsite.upevents.nl\/#website\"},\"primaryImageOfPage\":{\"@id\":\"https:\/\/testwebsite.citygame.com\/nl\/games\/vasteras\/secrets-of-vasteras\/#primaryimage\"},\"image\":{\"@id\":\"https:\/\/testwebsite.citygame.com\/nl\/games\/vasteras\/secrets-of-vasteras\/#primaryimage\"},\"thumbnailUrl\":\"https:\/\/testwebsite.citygame.com\/wp-content\/blogs.dir\/1\/files\/sites\/62\/2026\/01\/group-of-friends-playing-city-game-on-phone-by-canal-vasteras.jpg\",\"datePublished\":\"2026-01-13T15:37:58+00:00\",\"dateModified\":\"2026-04-07T22:23:44+00:00\",\"description\":\"Secrets of Vasteras. Speel een zelfgeleide City Game en verken de stad via puzzels, raadsels en uitdagingen. Speel op je eigen tempo en ontdek als een local!\",\"breadcrumb\":{\"@id\":\"https:\/\/testwebsite.citygame.com\/nl\/games\/vasteras\/secrets-of-vasteras\/#breadcrumb\"},\"inLanguage\":\"nl-NL\",\"potentialAction\":[{\"@type\":\"ReadAction\",\"target\":[\"https:\/\/testwebsite.citygame.com\/nl\/games\/vasteras\/secrets-of-vasteras\/\"]}]},{\"@type\":\"ImageObject\",\"inLanguage\":\"nl-NL\",\"@id\":\"https:\/\/testwebsite.citygame.com\/nl\/games\/vasteras\/secrets-of-vasteras\/#primaryimage\",\"url\":\"https:\/\/testwebsite.citygame.com\/wp-content\/blogs.dir\/1\/files\/sites\/62\/2026\/01\/group-of-friends-playing-city-game-on-phone-by-canal-vasteras.jpg\",\"contentUrl\":\"https:\/\/testwebsite.citygame.com\/wp-content\/blogs.dir\/1\/files\/sites\/62\/2026\/01\/group-of-friends-playing-city-game-on-phone-by-canal-vasteras.jpg\",\"width\":864,\"height\":1184,\"caption\":\"A group of friends explores the historic city center of Vasteras with a mobile game.\"},{\"@type\":\"BreadcrumbList\",\"@id\":\"https:\/\/testwebsite.citygame.com\/nl\/games\/vasteras\/secrets-of-vasteras\/#breadcrumb\",\"itemListElement\":[{\"@type\":\"ListItem\",\"position\":1,\"name\":\"Home\",\"item\":\"https:\/\/testwebsite.citygame.com\/nl\/\"},{\"@type\":\"ListItem\",\"position\":2,\"name\":\"Shop\",\"item\":\"https:\/\/testwebsite.citygame.com\/shop\/\"},{\"@type\":\"ListItem\",\"position\":3,\"name\":\"Secrets of Vasteras\"}]},{\"@type\":\"WebSite\",\"@id\":\"https:\/\/testwebsite.upevents.nl\/#website\",\"url\":\"https:\/\/testwebsite.upevents.nl\/\",\"name\":\"City Game\",\"description\":\"\",\"publisher\":{\"@id\":\"https:\/\/testwebsite.upevents.nl\/#organization\"},\"alternateName\":\"citygame.com\",\"potentialAction\":[{\"@type\":\"SearchAction\",\"target\":{\"@type\":\"EntryPoint\",\"urlTemplate\":\"https:\/\/testwebsite.upevents.nl\/?s={search_term_string}\"},\"query-input\":{\"@type\":\"PropertyValueSpecification\",\"valueRequired\":true,\"valueName\":\"search_term_string\"}}],\"inLanguage\":\"nl-NL\"},{\"@type\":[\"Organization\",\"Place\"],\"@id\":\"https:\/\/testwebsite.upevents.nl\/#organization\",\"name\":\"City Game\",\"alternateName\":\"citygame.com\",\"url\":\"https:\/\/testwebsite.upevents.nl\/\",\"logo\":{\"@id\":\"https:\/\/testwebsite.citygame.com\/nl\/games\/vasteras\/secrets-of-vasteras\/#local-main-organization-logo\"},\"image\":{\"@id\":\"https:\/\/testwebsite.citygame.com\/nl\/games\/vasteras\/secrets-of-vasteras\/#local-main-organization-logo\"},\"sameAs\":[\"https:\/\/www.facebook.com\/profile.php?id=100086426226253\",\"https:\/\/www.instagram.com\/citygame_com\",\"https:\/\/www.tiktok.com\/@citygamecom\/\",\"https:\/\/www.linkedin.com\/company\/citygame-com\"],\"description\":\"Turn any city into a playground with our interactive City Games and self-guided tours. Fun, flexible, and ideal for groups and team building.\",\"telephone\":[],\"openingHoursSpecification\":[{\"@type\":\"OpeningHoursSpecification\",\"dayOfWeek\":[\"Monday\",\"Tuesday\",\"Wednesday\",\"Thursday\",\"Friday\",\"Saturday\",\"Sunday\"],\"opens\":\"09:00\",\"closes\":\"17:00\"}]},{\"@type\":\"ImageObject\",\"inLanguage\":\"nl-NL\",\"@id\":\"https:\/\/testwebsite.citygame.com\/nl\/games\/vasteras\/secrets-of-vasteras\/#local-main-organization-logo\",\"url\":\"https:\/\/testwebsite.citygame.com\/wp-content\/blogs.dir\/1\/files\/sites\/62\/2025\/10\/CG_LOGO-City-Game.png\",\"contentUrl\":\"https:\/\/testwebsite.citygame.com\/wp-content\/blogs.dir\/1\/files\/sites\/62\/2025\/10\/CG_LOGO-City-Game.png\",\"width\":351,\"height\":377,\"caption\":\"City Game\"}]}<\/script>\n<!-- \/ Yoast SEO Premium plugin. -->","yoast_head_json":{"title":"Secrets of Vasteras - City Game","description":"Secrets of Vasteras. Speel een zelfgeleide City Game en verken de stad via puzzels, raadsels en uitdagingen. Speel op je eigen tempo en ontdek als een local!","robots":{"index":"noindex","follow":"follow","max-snippet":"max-snippet:-1","max-image-preview":"max-image-preview:large","max-video-preview":"max-video-preview:-1"},"og_locale":"nl_NL","og_type":"article","og_title":"Secrets of Vasteras","og_description":"Secrets of Vasteras. Speel een zelfgeleide City Game en verken de stad via puzzels, raadsels en uitdagingen. Speel op je eigen tempo en ontdek als een local!","og_url":"https:\/\/testwebsite.citygame.com\/nl\/games\/vasteras\/secrets-of-vasteras\/","og_site_name":"City Game","article_publisher":"https:\/\/www.facebook.com\/profile.php?id=100086426226253","article_modified_time":"2026-04-07T22:23:44+00:00","og_image":[{"width":864,"height":1184,"url":"https:\/\/testwebsite.citygame.com\/wp-content\/blogs.dir\/1\/files\/sites\/62\/2026\/01\/group-of-friends-playing-city-game-on-phone-by-canal-vasteras.jpg","type":"image\/jpeg"}],"twitter_card":"summary_large_image","twitter_misc":{"Geschatte leestijd":"1 minuut"},"schema":{"@context":"https:\/\/schema.org","@graph":[{"@type":"WebPage","@id":"https:\/\/testwebsite.citygame.com\/nl\/games\/vasteras\/secrets-of-vasteras\/","url":"https:\/\/testwebsite.citygame.com\/nl\/games\/vasteras\/secrets-of-vasteras\/","name":"Secrets of Vasteras - City Game","isPartOf":{"@id":"https:\/\/testwebsite.upevents.nl\/#website"},"primaryImageOfPage":{"@id":"https:\/\/testwebsite.citygame.com\/nl\/games\/vasteras\/secrets-of-vasteras\/#primaryimage"},"image":{"@id":"https:\/\/testwebsite.citygame.com\/nl\/games\/vasteras\/secrets-of-vasteras\/#primaryimage"},"thumbnailUrl":"https:\/\/testwebsite.citygame.com\/wp-content\/blogs.dir\/1\/files\/sites\/62\/2026\/01\/group-of-friends-playing-city-game-on-phone-by-canal-vasteras.jpg","datePublished":"2026-01-13T15:37:58+00:00","dateModified":"2026-04-07T22:23:44+00:00","description":"Secrets of Vasteras. Speel een zelfgeleide City Game en verken de stad via puzzels, raadsels en uitdagingen. Speel op je eigen tempo en ontdek als een local!","breadcrumb":{"@id":"https:\/\/testwebsite.citygame.com\/nl\/games\/vasteras\/secrets-of-vasteras\/#breadcrumb"},"inLanguage":"nl-NL","potentialAction":[{"@type":"ReadAction","target":["https:\/\/testwebsite.citygame.com\/nl\/games\/vasteras\/secrets-of-vasteras\/"]}]},{"@type":"ImageObject","inLanguage":"nl-NL","@id":"https:\/\/testwebsite.citygame.com\/nl\/games\/vasteras\/secrets-of-vasteras\/#primaryimage","url":"https:\/\/testwebsite.citygame.com\/wp-content\/blogs.dir\/1\/files\/sites\/62\/2026\/01\/group-of-friends-playing-city-game-on-phone-by-canal-vasteras.jpg","contentUrl":"https:\/\/testwebsite.citygame.com\/wp-content\/blogs.dir\/1\/files\/sites\/62\/2026\/01\/group-of-friends-playing-city-game-on-phone-by-canal-vasteras.jpg","width":864,"height":1184,"caption":"A group of friends explores the historic city center of Vasteras with a mobile game."},{"@type":"BreadcrumbList","@id":"https:\/\/testwebsite.citygame.com\/nl\/games\/vasteras\/secrets-of-vasteras\/#breadcrumb","itemListElement":[{"@type":"ListItem","position":1,"name":"Home","item":"https:\/\/testwebsite.citygame.com\/nl\/"},{"@type":"ListItem","position":2,"name":"Shop","item":"https:\/\/testwebsite.citygame.com\/shop\/"},{"@type":"ListItem","position":3,"name":"Secrets of Vasteras"}]},{"@type":"WebSite","@id":"https:\/\/testwebsite.upevents.nl\/#website","url":"https:\/\/testwebsite.upevents.nl\/","name":"City Game","description":"","publisher":{"@id":"https:\/\/testwebsite.upevents.nl\/#organization"},"alternateName":"citygame.com","potentialAction":[{"@type":"SearchAction","target":{"@type":"EntryPoint","urlTemplate":"https:\/\/testwebsite.upevents.nl\/?s={search_term_string}"},"query-input":{"@type":"PropertyValueSpecification","valueRequired":true,"valueName":"search_term_string"}}],"inLanguage":"nl-NL"},{"@type":["Organization","Place"],"@id":"https:\/\/testwebsite.upevents.nl\/#organization","name":"City Game","alternateName":"citygame.com","url":"https:\/\/testwebsite.upevents.nl\/","logo":{"@id":"https:\/\/testwebsite.citygame.com\/nl\/games\/vasteras\/secrets-of-vasteras\/#local-main-organization-logo"},"image":{"@id":"https:\/\/testwebsite.citygame.com\/nl\/games\/vasteras\/secrets-of-vasteras\/#local-main-organization-logo"},"sameAs":["https:\/\/www.facebook.com\/profile.php?id=100086426226253","https:\/\/www.instagram.com\/citygame_com","https:\/\/www.tiktok.com\/@citygamecom\/","https:\/\/www.linkedin.com\/company\/citygame-com"],"description":"Turn any city into a playground with our interactive City Games and self-guided tours. Fun, flexible, and ideal for groups and team building.","telephone":[],"openingHoursSpecification":[{"@type":"OpeningHoursSpecification","dayOfWeek":["Monday","Tuesday","Wednesday","Thursday","Friday","Saturday","Sunday"],"opens":"09:00","closes":"17:00"}]},{"@type":"ImageObject","inLanguage":"nl-NL","@id":"https:\/\/testwebsite.citygame.com\/nl\/games\/vasteras\/secrets-of-vasteras\/#local-main-organization-logo","url":"https:\/\/testwebsite.citygame.com\/wp-content\/blogs.dir\/1\/files\/sites\/62\/2025\/10\/CG_LOGO-City-Game.png","contentUrl":"https:\/\/testwebsite.citygame.com\/wp-content\/blogs.dir\/1\/files\/sites\/62\/2025\/10\/CG_LOGO-City-Game.png","width":351,"height":377,"caption":"City Game"}]}},"taxonomy_info":{"game-concept":[{"value":704,"label":"Secrets"}],"location":[{"value":417,"label":"V\u00e4ster\u00e5s"}],"product_cat":[{"value":661,"label":"Niet-gecategoriseerd"}]},"featured_image_src_large":["https:\/\/testwebsite.citygame.com\/wp-content\/blogs.dir\/1\/files\/sites\/62\/2026\/01\/group-of-friends-playing-city-game-on-phone-by-canal-vasteras-747x1024.jpg",747,1024,true],"author_info":[],"comment_info":"","_links":{"self":[{"href":"https:\/\/testwebsite.citygame.com\/nl\/wp-json\/wp\/v2\/product\/56258","targetHints":{"allow":["GET"]}}],"collection":[{"href":"https:\/\/testwebsite.citygame.com\/nl\/wp-json\/wp\/v2\/product"}],"about":[{"href":"https:\/\/testwebsite.citygame.com\/nl\/wp-json\/wp\/v2\/types\/product"}],"acf:post":[{"embeddable":true,"href":"https:\/\/testwebsite.citygame.com\/nl\/wp-json\/wp\/v2\/pages\/7563"}],"wp:featuredmedia":[{"embeddable":true,"href":"https:\/\/testwebsite.citygame.com\/nl\/wp-json\/wp\/v2\/media\/3841"}],"wp:attachment":[{"href":"https:\/\/testwebsite.citygame.com\/nl\/wp-json\/wp\/v2\/media?parent=56258"}],"wp:term":[{"taxonomy":"game-concept","embeddable":true,"href":"https:\/\/testwebsite.citygame.com\/nl\/wp-json\/wp\/v2\/game-concept?post=56258"},{"taxonomy":"location","embeddable":true,"href":"https:\/\/testwebsite.citygame.com\/nl\/wp-json\/wp\/v2\/location?post=56258"},{"taxonomy":"product_brand","embeddable":true,"href":"https:\/\/testwebsite.citygame.com\/nl\/wp-json\/wp\/v2\/product_brand?post=56258"},{"taxonomy":"product_cat","embeddable":true,"href":"https:\/\/testwebsite.citygame.com\/nl\/wp-json\/wp\/v2\/product_cat?post=56258"},{"taxonomy":"product_tag","embeddable":true,"href":"https:\/\/testwebsite.citygame.com\/nl\/wp-json\/wp\/v2\/product_tag?post=56258"}],"curies":[{"name":"wp","href":"https:\/\/api.w.org\/{rel}","templated":true}]}}