{"id":55833,"date":"2026-01-13T10:36:50","date_gmt":"2026-01-13T10:36:50","guid":{"rendered":"https:\/\/testwebsite.citygame.com\/games\/unknown-location\/secrets-of-norrkoping\/"},"modified":"2026-04-07T21:37:12","modified_gmt":"2026-04-07T21:37:12","slug":"secrets-of-norrkoping","status":"publish","type":"product","link":"https:\/\/testwebsite.citygame.com\/nl\/games\/norrkoping\/secrets-of-norrkoping\/","title":{"rendered":"Secrets of Norrk\u00f6ping"},"content":{"rendered":"<p>Het *Secrets of Norrk\u00f6ping* Stadsspel is een zelfgeleid, GPS-gebaseerd spel dat plaatsvindt in het stadscentrum van Norrk\u00f6ping. Met je smartphone verken je de omgeving door een verscheidenheid aan puzzels, raadsels en fotouitdagingen op te lossen. Dit interactieve ontdekkingsspel biedt onderweg inzicht in de cultuur, geschiedenis en minder bekende details van Norrk\u00f6ping. Ontworpen voor zowel bezoekers als locals, stelt het zelfgeleide stadsspel je in staat om in je eigen tempo te bewegen terwijl je geniet van een nieuw perspectief op de stad. Het Stadsspel Norrk\u00f6ping is geschikt voor zowel solospelers, stellen, families als vriendengroepen.<\/p>\n","protected":false},"excerpt":{"rendered":"<p>Ontdek de Verborgen Grootsheid van Norrk\u00f6ping! Dwaal langs bruisende rivieren en wonderen van rode baksteen terwijl je Johann III helpt de Verloren Sluitsteen terug te winnen en de grootse architecturale droom van de stad nieuw leven in te blazen.<\/p>\n","protected":false},"featured_media":3587,"template":"","meta":{"_acf_changed":false,"_yoast_wpseo_focuskw":"Secrets of Norrk\u00f6ping","_yoast_wpseo_metadesc":"Secrets of Norrk\u00f6ping. Speel een zelfgeleid Stadsspel en verken de stad via puzzels, raadsels en uitdagingen. Speel in je eigen tempo en ontdek als een local!","_kad_blocks_custom_css":"","_kad_blocks_head_custom_js":"","_kad_blocks_body_custom_js":"","_kad_blocks_footer_custom_js":"","ghostkit_customizer_options":"","ghostkit_custom_css":"","ghostkit_custom_js_head":"","ghostkit_custom_js_foot":"","ghostkit_typography":"","_kad_post_transparent":"","_kad_post_title":"","_kad_post_layout":"","_kad_post_sidebar_id":"","_kad_post_content_style":"","_kad_post_vertical_padding":"","_kad_post_feature":"","_kad_post_feature_position":"","_kad_post_header":false,"_kad_post_footer":false,"_kad_post_classname":"","_links_to":"","_links_to_target":""},"game-concept":[704],"location":[301],"product_brand":[],"product_cat":[661],"product_tag":[],"class_list":{"0":"post-55833","1":"product","2":"type-product","3":"status-publish","4":"has-post-thumbnail","6":"game-concept-secrets","7":"location-norrkoping","8":"product_cat-niet-gecategoriseerd","10":"first","11":"instock","12":"shipping-taxable","13":"purchasable","14":"product-type-simple","15":"entry","16":"content-bg","17":"loop-entry"},"acf":{"full_bokun_product_name":"Self-Guided Secrets of Norrk\u00f6ping Exploration Game","location_name":"Norrk\u00f6ping","bokun_calendar_widget_code":"<script type=\"text\/javascript\" src=\"https:\/\/widgets.bokun.io\/assets\/javascripts\/apps\/build\/BokunWidgetsLoader.js?bookingChannelUUID=a1e93e96-5232-4734-a595-28405f4b5a31\" async><\/script>\n     \n    <div class=\"bokunWidget\" data-src=\"https:\/\/widgets.bokun.io\/online-sales\/a1e93e96-5232-4734-a595-28405f4b5a31\/experience-calendar\/1096691\"><\/div>\n    <noscript>Please enable javascript in your browser to book<\/noscript>","bokun_button_widget_code":"<script type=\"text\/javascript\" src=\"https:\/\/widgets.bokun.io\/assets\/javascripts\/apps\/build\/BokunWidgetsLoader.js?bookingChannelUUID=a1e93e96-5232-4734-a595-28405f4b5a31\" async><\/script>\n      <style> #bokun_ed001e45_5927_4f62_b470_ca766338d083 { display: inline-block; padding: .4em 1em; background: #47b82e; border-radius: 999999px; box-shadow: none; font-weight: 600; font-size: 24px; text-decoration: none; text-align: center; color: #FFFFFF; border:none; cursor: pointer; transition: background .2s ease; } #bokun_ed001e45_5927_4f62_b470_ca766338d083:hover{ background: #2f7b1f; } #bokun_ed001e45_5927_4f62_b470_ca766338d083:active{ background: #378f24; } <\/style> <button class=\"bokunButton\" disabled id=bokun_ed001e45_5927_4f62_b470_ca766338d083 data-src=\"https:\/\/widgets.bokun.io\/online-sales\/a1e93e96-5232-4734-a595-28405f4b5a31\/experience-calendar\/1096691?partialView=1\" data-testid=\"widget-book-button\" > Book now <\/button> ","what_you\u2019ll_experience_during_the_game":"Ontdek Norrk\u00f6ping met een stadsspel dat lokale verhalen combineert met interactieve verkenning. Terwijl je het pad volgt, word je langs historische bezienswaardigheden en verborgen hoekjes geleid, van de opvallende gevel van H\u00f6rsal tot de rivieroverstekende charme van Gamlebro. Onderweg kom je langs plaatsen zoals het Arbetets Museum, een symbool van het werkende-leven erfgoed van de stad, en de rustige voetpaden nabij S\u00f6dra kyrkog\u00e5rden. Elke locatie biedt een nieuwe laag sfeer, en trekt je mee in zowel het dagelijkse ritme als de diepe geschiedenis van Norrk\u00f6ping.\n\nTijdens het spel ga je een verscheidenheid aan uitdagingen aan, waaronder raadsels, puzzels en creatieve fototaken die aansluiten bij je omgeving. Door ze op te lossen verdien je punten, onthul je nuttige hints en kom je dichter bij het ontrafelen van het uiteindelijke mysterie. Het Stadsspel in Norrk\u00f6ping kan in je eigen tempo worden gepauzeerd en hervat, wat flexibiliteit biedt, of je nu alleen of in een groep verkent. Voor degenen die een competitievere uitdaging zoeken, worden scores bijgehouden op een klassement waar teams kunnen strijden om de top te bereiken.","how_to_play":"Na het boeken ontvang je een e-mail met je directe speellink. Ga gewoon naar de startlocatie bij Sankt Olai en begin je avontuur wanneer het jou uitkomt. Het spel werkt volledig op je smartphone, dus je kunt pauzeren en later verdergaan wanneer het jou schikt.","start_location":"Norrk\u00f6ping, Sankt Olai","available_languages":[],"players_per_group":"1-4","duration":"1.5-2 hours","image_overlay_color_image":"https:\/\/testwebsite.citygame.com\/wp-content\/blogs.dir\/1\/files\/sites\/62\/2026\/01\/SecretsColor.svg","image_overlay_game_logo":"https:\/\/testwebsite.citygame.com\/wp-content\/blogs.dir\/1\/files\/sites\/62\/2026\/01\/SecretsLogo.png","city_page":15960,"woocommerce_general_content":null},"yoast_head":"<!-- This site is optimized with the Yoast SEO Premium plugin v26.2 (Yoast SEO v26.3) - https:\/\/yoast.com\/wordpress\/plugins\/seo\/ -->\n<title>Secrets of Norrk\u00f6ping - City Game<\/title>\n<meta name=\"description\" content=\"Secrets of Norrk\u00f6ping. Speel een zelfgeleid Stadsspel en verken de stad via puzzels, raadsels en uitdagingen. Speel in je eigen tempo en ontdek als een local!\" \/>\n<meta name=\"robots\" content=\"noindex, follow, max-snippet:-1, max-image-preview:large, max-video-preview:-1\" \/>\n<meta property=\"og:locale\" content=\"nl_NL\" \/>\n<meta property=\"og:type\" content=\"article\" \/>\n<meta property=\"og:title\" content=\"Secrets of Norrk\u00f6ping\" \/>\n<meta property=\"og:description\" content=\"Secrets of Norrk\u00f6ping. Speel een zelfgeleid Stadsspel en verken de stad via puzzels, raadsels en uitdagingen. Speel in je eigen tempo en ontdek als een local!\" \/>\n<meta property=\"og:url\" content=\"https:\/\/testwebsite.citygame.com\/nl\/games\/norrkoping\/secrets-of-norrkoping\/\" \/>\n<meta property=\"og:site_name\" content=\"City Game\" \/>\n<meta property=\"article:publisher\" content=\"https:\/\/www.facebook.com\/profile.php?id=100086426226253\" \/>\n<meta property=\"article:modified_time\" content=\"2026-04-07T21:37:12+00:00\" \/>\n<meta property=\"og:image\" content=\"https:\/\/testwebsite.citygame.com\/wp-content\/blogs.dir\/1\/files\/sites\/62\/2026\/01\/group-of-friends-playing-city-game-norrkyping.jpg\" \/>\n\t<meta property=\"og:image:width\" content=\"864\" \/>\n\t<meta property=\"og:image:height\" content=\"1184\" \/>\n\t<meta property=\"og:image:type\" content=\"image\/jpeg\" \/>\n<meta name=\"twitter:card\" content=\"summary_large_image\" \/>\n<script type=\"application\/ld+json\" class=\"yoast-schema-graph\">{\"@context\":\"https:\/\/schema.org\",\"@graph\":[{\"@type\":\"WebPage\",\"@id\":\"https:\/\/testwebsite.citygame.com\/nl\/games\/norrkoping\/secrets-of-norrkoping\/\",\"url\":\"https:\/\/testwebsite.citygame.com\/nl\/games\/norrkoping\/secrets-of-norrkoping\/\",\"name\":\"Secrets of Norrk\u00f6ping - City Game\",\"isPartOf\":{\"@id\":\"https:\/\/testwebsite.upevents.nl\/#website\"},\"primaryImageOfPage\":{\"@id\":\"https:\/\/testwebsite.citygame.com\/nl\/games\/norrkoping\/secrets-of-norrkoping\/#primaryimage\"},\"image\":{\"@id\":\"https:\/\/testwebsite.citygame.com\/nl\/games\/norrkoping\/secrets-of-norrkoping\/#primaryimage\"},\"thumbnailUrl\":\"https:\/\/testwebsite.citygame.com\/wp-content\/blogs.dir\/1\/files\/sites\/62\/2026\/01\/group-of-friends-playing-city-game-norrkyping.jpg\",\"datePublished\":\"2026-01-13T10:36:50+00:00\",\"dateModified\":\"2026-04-07T21:37:12+00:00\",\"description\":\"Secrets of Norrk\u00f6ping. Speel een zelfgeleid Stadsspel en verken de stad via puzzels, raadsels en uitdagingen. Speel in je eigen tempo en ontdek als een local!\",\"breadcrumb\":{\"@id\":\"https:\/\/testwebsite.citygame.com\/nl\/games\/norrkoping\/secrets-of-norrkoping\/#breadcrumb\"},\"inLanguage\":\"nl-NL\",\"potentialAction\":[{\"@type\":\"ReadAction\",\"target\":[\"https:\/\/testwebsite.citygame.com\/nl\/games\/norrkoping\/secrets-of-norrkoping\/\"]}]},{\"@type\":\"ImageObject\",\"inLanguage\":\"nl-NL\",\"@id\":\"https:\/\/testwebsite.citygame.com\/nl\/games\/norrkoping\/secrets-of-norrkoping\/#primaryimage\",\"url\":\"https:\/\/testwebsite.citygame.com\/wp-content\/blogs.dir\/1\/files\/sites\/62\/2026\/01\/group-of-friends-playing-city-game-norrkyping.jpg\",\"contentUrl\":\"https:\/\/testwebsite.citygame.com\/wp-content\/blogs.dir\/1\/files\/sites\/62\/2026\/01\/group-of-friends-playing-city-game-norrkyping.jpg\",\"width\":864,\"height\":1184,\"caption\":\"A team of friends collaborates while playing an outdoor discovery game in a Norrk\u00f6ping park.\"},{\"@type\":\"BreadcrumbList\",\"@id\":\"https:\/\/testwebsite.citygame.com\/nl\/games\/norrkoping\/secrets-of-norrkoping\/#breadcrumb\",\"itemListElement\":[{\"@type\":\"ListItem\",\"position\":1,\"name\":\"Home\",\"item\":\"https:\/\/testwebsite.citygame.com\/nl\/\"},{\"@type\":\"ListItem\",\"position\":2,\"name\":\"Shop\",\"item\":\"https:\/\/testwebsite.citygame.com\/shop\/\"},{\"@type\":\"ListItem\",\"position\":3,\"name\":\"Secrets of Norrk\u00f6ping\"}]},{\"@type\":\"WebSite\",\"@id\":\"https:\/\/testwebsite.upevents.nl\/#website\",\"url\":\"https:\/\/testwebsite.upevents.nl\/\",\"name\":\"City Game\",\"description\":\"\",\"publisher\":{\"@id\":\"https:\/\/testwebsite.upevents.nl\/#organization\"},\"alternateName\":\"citygame.com\",\"potentialAction\":[{\"@type\":\"SearchAction\",\"target\":{\"@type\":\"EntryPoint\",\"urlTemplate\":\"https:\/\/testwebsite.upevents.nl\/?s={search_term_string}\"},\"query-input\":{\"@type\":\"PropertyValueSpecification\",\"valueRequired\":true,\"valueName\":\"search_term_string\"}}],\"inLanguage\":\"nl-NL\"},{\"@type\":[\"Organization\",\"Place\"],\"@id\":\"https:\/\/testwebsite.upevents.nl\/#organization\",\"name\":\"City Game\",\"alternateName\":\"citygame.com\",\"url\":\"https:\/\/testwebsite.upevents.nl\/\",\"logo\":{\"@id\":\"https:\/\/testwebsite.citygame.com\/nl\/games\/norrkoping\/secrets-of-norrkoping\/#local-main-organization-logo\"},\"image\":{\"@id\":\"https:\/\/testwebsite.citygame.com\/nl\/games\/norrkoping\/secrets-of-norrkoping\/#local-main-organization-logo\"},\"sameAs\":[\"https:\/\/www.facebook.com\/profile.php?id=100086426226253\",\"https:\/\/www.instagram.com\/citygame_com\",\"https:\/\/www.tiktok.com\/@citygamecom\/\",\"https:\/\/www.linkedin.com\/company\/citygame-com\"],\"description\":\"Turn any city into a playground with our interactive City Games and self-guided tours. Fun, flexible, and ideal for groups and team building.\",\"telephone\":[],\"openingHoursSpecification\":[{\"@type\":\"OpeningHoursSpecification\",\"dayOfWeek\":[\"Monday\",\"Tuesday\",\"Wednesday\",\"Thursday\",\"Friday\",\"Saturday\",\"Sunday\"],\"opens\":\"09:00\",\"closes\":\"17:00\"}]},{\"@type\":\"ImageObject\",\"inLanguage\":\"nl-NL\",\"@id\":\"https:\/\/testwebsite.citygame.com\/nl\/games\/norrkoping\/secrets-of-norrkoping\/#local-main-organization-logo\",\"url\":\"https:\/\/testwebsite.citygame.com\/wp-content\/blogs.dir\/1\/files\/sites\/62\/2025\/10\/CG_LOGO-City-Game.png\",\"contentUrl\":\"https:\/\/testwebsite.citygame.com\/wp-content\/blogs.dir\/1\/files\/sites\/62\/2025\/10\/CG_LOGO-City-Game.png\",\"width\":351,\"height\":377,\"caption\":\"City Game\"}]}<\/script>\n<!-- \/ Yoast SEO Premium plugin. -->","yoast_head_json":{"title":"Secrets of Norrk\u00f6ping - City Game","description":"Secrets of Norrk\u00f6ping. Speel een zelfgeleid Stadsspel en verken de stad via puzzels, raadsels en uitdagingen. Speel in je eigen tempo en ontdek als een local!","robots":{"index":"noindex","follow":"follow","max-snippet":"max-snippet:-1","max-image-preview":"max-image-preview:large","max-video-preview":"max-video-preview:-1"},"og_locale":"nl_NL","og_type":"article","og_title":"Secrets of Norrk\u00f6ping","og_description":"Secrets of Norrk\u00f6ping. Speel een zelfgeleid Stadsspel en verken de stad via puzzels, raadsels en uitdagingen. Speel in je eigen tempo en ontdek als een local!","og_url":"https:\/\/testwebsite.citygame.com\/nl\/games\/norrkoping\/secrets-of-norrkoping\/","og_site_name":"City Game","article_publisher":"https:\/\/www.facebook.com\/profile.php?id=100086426226253","article_modified_time":"2026-04-07T21:37:12+00:00","og_image":[{"width":864,"height":1184,"url":"https:\/\/testwebsite.citygame.com\/wp-content\/blogs.dir\/1\/files\/sites\/62\/2026\/01\/group-of-friends-playing-city-game-norrkyping.jpg","type":"image\/jpeg"}],"twitter_card":"summary_large_image","schema":{"@context":"https:\/\/schema.org","@graph":[{"@type":"WebPage","@id":"https:\/\/testwebsite.citygame.com\/nl\/games\/norrkoping\/secrets-of-norrkoping\/","url":"https:\/\/testwebsite.citygame.com\/nl\/games\/norrkoping\/secrets-of-norrkoping\/","name":"Secrets of Norrk\u00f6ping - City Game","isPartOf":{"@id":"https:\/\/testwebsite.upevents.nl\/#website"},"primaryImageOfPage":{"@id":"https:\/\/testwebsite.citygame.com\/nl\/games\/norrkoping\/secrets-of-norrkoping\/#primaryimage"},"image":{"@id":"https:\/\/testwebsite.citygame.com\/nl\/games\/norrkoping\/secrets-of-norrkoping\/#primaryimage"},"thumbnailUrl":"https:\/\/testwebsite.citygame.com\/wp-content\/blogs.dir\/1\/files\/sites\/62\/2026\/01\/group-of-friends-playing-city-game-norrkyping.jpg","datePublished":"2026-01-13T10:36:50+00:00","dateModified":"2026-04-07T21:37:12+00:00","description":"Secrets of Norrk\u00f6ping. Speel een zelfgeleid Stadsspel en verken de stad via puzzels, raadsels en uitdagingen. Speel in je eigen tempo en ontdek als een local!","breadcrumb":{"@id":"https:\/\/testwebsite.citygame.com\/nl\/games\/norrkoping\/secrets-of-norrkoping\/#breadcrumb"},"inLanguage":"nl-NL","potentialAction":[{"@type":"ReadAction","target":["https:\/\/testwebsite.citygame.com\/nl\/games\/norrkoping\/secrets-of-norrkoping\/"]}]},{"@type":"ImageObject","inLanguage":"nl-NL","@id":"https:\/\/testwebsite.citygame.com\/nl\/games\/norrkoping\/secrets-of-norrkoping\/#primaryimage","url":"https:\/\/testwebsite.citygame.com\/wp-content\/blogs.dir\/1\/files\/sites\/62\/2026\/01\/group-of-friends-playing-city-game-norrkyping.jpg","contentUrl":"https:\/\/testwebsite.citygame.com\/wp-content\/blogs.dir\/1\/files\/sites\/62\/2026\/01\/group-of-friends-playing-city-game-norrkyping.jpg","width":864,"height":1184,"caption":"A team of friends collaborates while playing an outdoor discovery game in a Norrk\u00f6ping park."},{"@type":"BreadcrumbList","@id":"https:\/\/testwebsite.citygame.com\/nl\/games\/norrkoping\/secrets-of-norrkoping\/#breadcrumb","itemListElement":[{"@type":"ListItem","position":1,"name":"Home","item":"https:\/\/testwebsite.citygame.com\/nl\/"},{"@type":"ListItem","position":2,"name":"Shop","item":"https:\/\/testwebsite.citygame.com\/shop\/"},{"@type":"ListItem","position":3,"name":"Secrets of Norrk\u00f6ping"}]},{"@type":"WebSite","@id":"https:\/\/testwebsite.upevents.nl\/#website","url":"https:\/\/testwebsite.upevents.nl\/","name":"City Game","description":"","publisher":{"@id":"https:\/\/testwebsite.upevents.nl\/#organization"},"alternateName":"citygame.com","potentialAction":[{"@type":"SearchAction","target":{"@type":"EntryPoint","urlTemplate":"https:\/\/testwebsite.upevents.nl\/?s={search_term_string}"},"query-input":{"@type":"PropertyValueSpecification","valueRequired":true,"valueName":"search_term_string"}}],"inLanguage":"nl-NL"},{"@type":["Organization","Place"],"@id":"https:\/\/testwebsite.upevents.nl\/#organization","name":"City Game","alternateName":"citygame.com","url":"https:\/\/testwebsite.upevents.nl\/","logo":{"@id":"https:\/\/testwebsite.citygame.com\/nl\/games\/norrkoping\/secrets-of-norrkoping\/#local-main-organization-logo"},"image":{"@id":"https:\/\/testwebsite.citygame.com\/nl\/games\/norrkoping\/secrets-of-norrkoping\/#local-main-organization-logo"},"sameAs":["https:\/\/www.facebook.com\/profile.php?id=100086426226253","https:\/\/www.instagram.com\/citygame_com","https:\/\/www.tiktok.com\/@citygamecom\/","https:\/\/www.linkedin.com\/company\/citygame-com"],"description":"Turn any city into a playground with our interactive City Games and self-guided tours. Fun, flexible, and ideal for groups and team building.","telephone":[],"openingHoursSpecification":[{"@type":"OpeningHoursSpecification","dayOfWeek":["Monday","Tuesday","Wednesday","Thursday","Friday","Saturday","Sunday"],"opens":"09:00","closes":"17:00"}]},{"@type":"ImageObject","inLanguage":"nl-NL","@id":"https:\/\/testwebsite.citygame.com\/nl\/games\/norrkoping\/secrets-of-norrkoping\/#local-main-organization-logo","url":"https:\/\/testwebsite.citygame.com\/wp-content\/blogs.dir\/1\/files\/sites\/62\/2025\/10\/CG_LOGO-City-Game.png","contentUrl":"https:\/\/testwebsite.citygame.com\/wp-content\/blogs.dir\/1\/files\/sites\/62\/2025\/10\/CG_LOGO-City-Game.png","width":351,"height":377,"caption":"City Game"}]}},"taxonomy_info":{"game-concept":[{"value":704,"label":"Secrets"}],"location":[{"value":301,"label":"Norrk\u00f6ping"}],"product_cat":[{"value":661,"label":"Niet-gecategoriseerd"}]},"featured_image_src_large":["https:\/\/testwebsite.citygame.com\/wp-content\/blogs.dir\/1\/files\/sites\/62\/2026\/01\/group-of-friends-playing-city-game-norrkyping-747x1024.jpg",747,1024,true],"author_info":[],"comment_info":"","_links":{"self":[{"href":"https:\/\/testwebsite.citygame.com\/nl\/wp-json\/wp\/v2\/product\/55833","targetHints":{"allow":["GET"]}}],"collection":[{"href":"https:\/\/testwebsite.citygame.com\/nl\/wp-json\/wp\/v2\/product"}],"about":[{"href":"https:\/\/testwebsite.citygame.com\/nl\/wp-json\/wp\/v2\/types\/product"}],"acf:post":[{"embeddable":true,"href":"https:\/\/testwebsite.citygame.com\/nl\/wp-json\/wp\/v2\/pages\/15960"}],"wp:featuredmedia":[{"embeddable":true,"href":"https:\/\/testwebsite.citygame.com\/nl\/wp-json\/wp\/v2\/media\/3587"}],"wp:attachment":[{"href":"https:\/\/testwebsite.citygame.com\/nl\/wp-json\/wp\/v2\/media?parent=55833"}],"wp:term":[{"taxonomy":"game-concept","embeddable":true,"href":"https:\/\/testwebsite.citygame.com\/nl\/wp-json\/wp\/v2\/game-concept?post=55833"},{"taxonomy":"location","embeddable":true,"href":"https:\/\/testwebsite.citygame.com\/nl\/wp-json\/wp\/v2\/location?post=55833"},{"taxonomy":"product_brand","embeddable":true,"href":"https:\/\/testwebsite.citygame.com\/nl\/wp-json\/wp\/v2\/product_brand?post=55833"},{"taxonomy":"product_cat","embeddable":true,"href":"https:\/\/testwebsite.citygame.com\/nl\/wp-json\/wp\/v2\/product_cat?post=55833"},{"taxonomy":"product_tag","embeddable":true,"href":"https:\/\/testwebsite.citygame.com\/nl\/wp-json\/wp\/v2\/product_tag?post=55833"}],"curies":[{"name":"wp","href":"https:\/\/api.w.org\/{rel}","templated":true}]}}