{"id":68291,"date":"2026-01-15T13:01:31","date_gmt":"2026-01-15T13:01:31","guid":{"rendered":"https:\/\/testwebsite.citygame.com\/games\/unknown-location\/secrets-of-verona\/"},"modified":"2026-04-09T11:46:59","modified_gmt":"2026-04-09T11:46:59","slug":"secrets-of-verona","status":"publish","type":"product","link":"https:\/\/testwebsite.citygame.com\/lt\/games\/verona\/secrets-of-verona\/","title":{"rendered":"Secrets of Verona"},"content":{"rendered":"<p>Miesto \u017eaidimas Veronoje yra savaranki\u0161kas, GPS pagrindu veikiantis \u017eaidimas, vykstantis istorin\u0117je Veronos miesto \u0161irdyje. Naudodami savo i\u0161maniuosius telefonus, \u017eaid\u0117jai tyrin\u0117ja miest\u0105 spr\u0119sdami galvos\u016bkius, m\u012fsles ir nuotrauk\u0173 i\u0161\u0161\u016bkius savo tempu. \u0160is savaranki\u0161kas miesto \u017eaidimas si\u016blo unikal\u0173 b\u016bd\u0105 atrasti Veronos istorij\u0105, kult\u016br\u0105 ir pasl\u0117ptas detales, kaip \u012ftraukian\u010dio tyrin\u0117jimo \u017eaidimo dal\u012f. Jis tinka tiek lankytojams, tiek vietiniams gyventojams, ir puikiai veikia, ar \u017eaid\u017eiate vienas, poroje, su \u0161eima ar draug\u0173 grup\u0117je. GPS pagrindu veikiantis \u017eaidimas leid\u017eia smagiai ir interaktyviai patirti Veronos \u017eaves\u012f.<\/p>\n","protected":false},"excerpt":{"rendered":"<p>Atskleiskite Veronos paslaptis ir poezij\u0105! Klajokite romanti\u0161komis gatv\u0117mis ir senovin\u0117mis arenomis, prisijungdami prie Dante Alighieri jaudinan\u010dioje u\u017eduotyje atgauti tr\u016bkstam\u0105 &#8216;Dievi\u0161kosios komedijos&#8217; puslap\u012f, kuriame slypi paskutin\u0117 miesto paslaptis.<\/p>\n","protected":false},"featured_media":4089,"template":"","meta":{"_acf_changed":false,"_yoast_wpseo_focuskw":"Secrets of Verona","_yoast_wpseo_metadesc":"Secrets of Verona. \u017daiskite savaranki\u0161k\u0105 Miesto \u017eaidim\u0105 ir tyrin\u0117kite miest\u0105 per galvos\u016bkius, m\u012fsles ir i\u0161\u0161\u016bkius. \u017daiskite savo tempu ir atraskite kaip vietinis!","_kad_blocks_custom_css":"","_kad_blocks_head_custom_js":"","_kad_blocks_body_custom_js":"","_kad_blocks_footer_custom_js":"","ghostkit_customizer_options":"","ghostkit_custom_css":"","ghostkit_custom_js_head":"","ghostkit_custom_js_foot":"","ghostkit_typography":"","_kad_post_transparent":"default","_kad_post_title":"","_kad_post_layout":"default","_kad_post_sidebar_id":"","_kad_post_content_style":"default","_kad_post_vertical_padding":"default","_kad_post_feature":"","_kad_post_feature_position":"","_kad_post_header":false,"_kad_post_footer":false,"_kad_post_classname":"","_links_to":"","_links_to_target":""},"game-concept":[722],"location":[463],"product_brand":[],"product_cat":[27],"product_tag":[],"class_list":{"0":"post-68291","1":"product","2":"type-product","3":"status-publish","4":"has-post-thumbnail","6":"game-concept-secrets","7":"location-verona","8":"product_cat-geen-categorie","10":"first","11":"instock","12":"shipping-taxable","13":"purchasable","14":"product-type-simple","15":"entry","16":"content-bg","17":"loop-entry"},"acf":{"full_bokun_product_name":"Self-Guided Secrets of Verona Exploration Game","location_name":"Verona","bokun_calendar_widget_code":"<script type=\"text\/javascript\" src=\"https:\/\/widgets.bokun.io\/assets\/javascripts\/apps\/build\/BokunWidgetsLoader.js?bookingChannelUUID=a1e93e96-5232-4734-a595-28405f4b5a31\" async><\/script>\n     \n    <div class=\"bokunWidget\" data-src=\"https:\/\/widgets.bokun.io\/online-sales\/a1e93e96-5232-4734-a595-28405f4b5a31\/experience-calendar\/1108069\"><\/div>\n    <noscript>Please enable javascript in your browser to book<\/noscript>","bokun_button_widget_code":"<script type=\"text\/javascript\" src=\"https:\/\/widgets.bokun.io\/assets\/javascripts\/apps\/build\/BokunWidgetsLoader.js?bookingChannelUUID=a1e93e96-5232-4734-a595-28405f4b5a31\" async><\/script>\n      <style> #bokun_ed001e45_5927_4f62_b470_ca766338d083 { display: inline-block; padding: .4em 1em; background: #47b82e; border-radius: 999999px; box-shadow: none; font-weight: 600; font-size: 24px; text-decoration: none; text-align: center; color: #FFFFFF; border:none; cursor: pointer; transition: background .2s ease; } #bokun_ed001e45_5927_4f62_b470_ca766338d083:hover{ background: #2f7b1f; } #bokun_ed001e45_5927_4f62_b470_ca766338d083:active{ background: #378f24; } <\/style> <button class=\"bokunButton\" disabled id=bokun_ed001e45_5927_4f62_b470_ca766338d083 data-src=\"https:\/\/widgets.bokun.io\/online-sales\/a1e93e96-5232-4734-a595-28405f4b5a31\/experience-calendar\/1108069?partialView=1\" data-testid=\"widget-book-button\" > Book now <\/button> ","what_you\u2019ll_experience_during_the_game":"Miesto \u017eaidimo 'Secrets of Verona' metu j\u016bs tyrin\u0117site miest\u0105 per \u012ftraukian\u010di\u0105 istorij\u0105 ir interaktyvius atradimus. \u017daidimas veda jus per gerai \u017einomus paminklus ir ramesnius kampelius, kviesdamas giliau pa\u017evelgti \u012f Veron\u0105 formuojan\u010di\u0105 atmosfer\u0105 ir istorij\u0105. Eidami tarp nuostabi\u0173 viet\u0173, toki\u0173 kaip Arena di Verona, gyvybinga Piazza delle Erbe ir garsusis D\u017euljetos balkonas, istorija atsiskleid\u017eia aplink jus, sukurdama naujus ry\u0161ius su vietomis, kurios jau gali atrodyti pa\u017e\u012fstamos. Pakeliui galite susidurti ir su tokiomis vietomis kaip Castelvecchio muziejus ar Arco dei Gavi, si\u016blan\u010diomis \u012fvair\u0173 architekt\u016bros stili\u0173 ir laikotarpi\u0173 derin\u012f.\r\n\r\n\u017daidimui progresuojant, spr\u0119site galvos\u016bkius, atsakysite \u012f m\u012fsles ir imsit\u0117s k\u016brybini\u0173 nuotrauk\u0173 i\u0161\u0161\u016bki\u0173, susijusi\u0173 su j\u016bs\u0173 aplinka. Kiekviena u\u017eduotis padeda jums rinkti ta\u0161kus, atrakinti u\u017euominas ir palaipsniui art\u0117ti prie galutin\u0117s pasl\u0117ptos paslapties atskleidimo. Galite bet kada sustabdyti \u017eaidim\u0105, pails\u0117ti ar laisvai tyrin\u0117ti, o tada t\u0119sti, kai b\u016bsite pasiruo\u0161\u0119. Daugiau konkurencingiems \u017eaid\u0117jams ar komandoms lyderi\u0173 lentel\u0117 suteikia papildom\u0105 motyvacijos sluoksn\u012f, kol tyrin\u0117jate Veron\u0105 per \u0161\u012f \u012ftraukiant\u012f Miesto \u017eaidim\u0105.","how_to_play":"U\u017esisakius, gausite el. lai\u0161k\u0105 su tiesiogine \u017eaidimo nuoroda. Tiesiog eikite \u012f pradin\u0119 viet\u0105 Piazza delle Erbe, atidarykite nuorod\u0105 savo i\u0161maniajame telefone ir prad\u0117kite kelion\u0119, kai tik panor\u0117site. \u017daidim\u0105 galima sustabdyti ir t\u0119sti bet kuriuo metu, leid\u017eiant jums tyrin\u0117ti Veron\u0105 savo tempu, sekant Dant\u0117s poetiniu taku, kad atskleistum\u0117te paskutin\u0119 miesto paslapt\u012f.","start_location":"Verona, Piazza delle Erbe","available_languages":"","players_per_group":"1-4","duration":"1.5-2 hours","image_overlay_color_image":"https:\/\/testwebsite.citygame.com\/wp-content\/blogs.dir\/1\/files\/sites\/62\/2026\/01\/SecretsColor.svg","image_overlay_game_logo":"https:\/\/testwebsite.citygame.com\/wp-content\/blogs.dir\/1\/files\/sites\/62\/2026\/01\/SecretsLogo.png","city_page":11330,"woocommerce_general_content":null},"yoast_head":"<!-- This site is optimized with the Yoast SEO Premium plugin v26.2 (Yoast SEO v26.3) - https:\/\/yoast.com\/wordpress\/plugins\/seo\/ -->\n<title>Secrets of Verona - City Game<\/title>\n<meta name=\"description\" content=\"Secrets of Verona. \u017daiskite savaranki\u0161k\u0105 Miesto \u017eaidim\u0105 ir tyrin\u0117kite miest\u0105 per galvos\u016bkius, m\u012fsles ir i\u0161\u0161\u016bkius. \u017daiskite savo tempu ir atraskite kaip vietinis!\" \/>\n<meta name=\"robots\" content=\"noindex, follow, max-snippet:-1, max-image-preview:large, max-video-preview:-1\" \/>\n<meta property=\"og:locale\" content=\"lt_LT\" \/>\n<meta property=\"og:type\" content=\"article\" \/>\n<meta property=\"og:title\" content=\"Secrets of Verona\" \/>\n<meta property=\"og:description\" content=\"Secrets of Verona. \u017daiskite savaranki\u0161k\u0105 Miesto \u017eaidim\u0105 ir tyrin\u0117kite miest\u0105 per galvos\u016bkius, m\u012fsles ir i\u0161\u0161\u016bkius. \u017daiskite savo tempu ir atraskite kaip vietinis!\" \/>\n<meta property=\"og:url\" content=\"https:\/\/testwebsite.citygame.com\/lt\/games\/verona\/secrets-of-verona\/\" \/>\n<meta property=\"og:site_name\" content=\"City Game\" \/>\n<meta property=\"article:publisher\" content=\"https:\/\/www.facebook.com\/profile.php?id=100086426226253\" \/>\n<meta property=\"article:modified_time\" content=\"2026-04-09T11:46:59+00:00\" \/>\n<meta property=\"og:image\" content=\"https:\/\/testwebsite.citygame.com\/wp-content\/blogs.dir\/1\/files\/sites\/62\/2026\/01\/group-of-friends-playing-city-game-in-front-of-verona-cathedral.jpg\" \/>\n\t<meta property=\"og:image:width\" content=\"864\" \/>\n\t<meta property=\"og:image:height\" content=\"1184\" \/>\n\t<meta property=\"og:image:type\" content=\"image\/jpeg\" \/>\n<meta name=\"twitter:card\" content=\"summary_large_image\" \/>\n<script type=\"application\/ld+json\" class=\"yoast-schema-graph\">{\"@context\":\"https:\/\/schema.org\",\"@graph\":[{\"@type\":\"WebPage\",\"@id\":\"https:\/\/testwebsite.citygame.com\/lt\/games\/verona\/secrets-of-verona\/\",\"url\":\"https:\/\/testwebsite.citygame.com\/lt\/games\/verona\/secrets-of-verona\/\",\"name\":\"Secrets of Verona - City Game\",\"isPartOf\":{\"@id\":\"https:\/\/testwebsite.upevents.nl\/#website\"},\"primaryImageOfPage\":{\"@id\":\"https:\/\/testwebsite.citygame.com\/lt\/games\/verona\/secrets-of-verona\/#primaryimage\"},\"image\":{\"@id\":\"https:\/\/testwebsite.citygame.com\/lt\/games\/verona\/secrets-of-verona\/#primaryimage\"},\"thumbnailUrl\":\"https:\/\/testwebsite.citygame.com\/wp-content\/blogs.dir\/1\/files\/sites\/62\/2026\/01\/group-of-friends-playing-city-game-in-front-of-verona-cathedral.jpg\",\"datePublished\":\"2026-01-15T13:01:31+00:00\",\"dateModified\":\"2026-04-09T11:46:59+00:00\",\"description\":\"Secrets of Verona. \u017daiskite savaranki\u0161k\u0105 Miesto \u017eaidim\u0105 ir tyrin\u0117kite miest\u0105 per galvos\u016bkius, m\u012fsles ir i\u0161\u0161\u016bkius. \u017daiskite savo tempu ir atraskite kaip vietinis!\",\"breadcrumb\":{\"@id\":\"https:\/\/testwebsite.citygame.com\/lt\/games\/verona\/secrets-of-verona\/#breadcrumb\"},\"inLanguage\":\"lt-LT\",\"potentialAction\":[{\"@type\":\"ReadAction\",\"target\":[\"https:\/\/testwebsite.citygame.com\/lt\/games\/verona\/secrets-of-verona\/\"]}]},{\"@type\":\"ImageObject\",\"inLanguage\":\"lt-LT\",\"@id\":\"https:\/\/testwebsite.citygame.com\/lt\/games\/verona\/secrets-of-verona\/#primaryimage\",\"url\":\"https:\/\/testwebsite.citygame.com\/wp-content\/blogs.dir\/1\/files\/sites\/62\/2026\/01\/group-of-friends-playing-city-game-in-front-of-verona-cathedral.jpg\",\"contentUrl\":\"https:\/\/testwebsite.citygame.com\/wp-content\/blogs.dir\/1\/files\/sites\/62\/2026\/01\/group-of-friends-playing-city-game-in-front-of-verona-cathedral.jpg\",\"width\":864,\"height\":1184,\"caption\":\"A group of friends uses a smartphone app while standing in front of the Verona Cathedral.\"},{\"@type\":\"BreadcrumbList\",\"@id\":\"https:\/\/testwebsite.citygame.com\/lt\/games\/verona\/secrets-of-verona\/#breadcrumb\",\"itemListElement\":[{\"@type\":\"ListItem\",\"position\":1,\"name\":\"Home\",\"item\":\"https:\/\/testwebsite.citygame.com\/lt\/\"},{\"@type\":\"ListItem\",\"position\":2,\"name\":\"Shop\",\"item\":\"https:\/\/testwebsite.citygame.com\/shop\/\"},{\"@type\":\"ListItem\",\"position\":3,\"name\":\"Secrets of Verona\"}]},{\"@type\":\"WebSite\",\"@id\":\"https:\/\/testwebsite.upevents.nl\/#website\",\"url\":\"https:\/\/testwebsite.upevents.nl\/\",\"name\":\"City Game\",\"description\":\"\",\"publisher\":{\"@id\":\"https:\/\/testwebsite.upevents.nl\/#organization\"},\"alternateName\":\"citygame.com\",\"potentialAction\":[{\"@type\":\"SearchAction\",\"target\":{\"@type\":\"EntryPoint\",\"urlTemplate\":\"https:\/\/testwebsite.upevents.nl\/?s={search_term_string}\"},\"query-input\":{\"@type\":\"PropertyValueSpecification\",\"valueRequired\":true,\"valueName\":\"search_term_string\"}}],\"inLanguage\":\"lt-LT\"},{\"@type\":[\"Organization\",\"Place\"],\"@id\":\"https:\/\/testwebsite.upevents.nl\/#organization\",\"name\":\"City Game\",\"alternateName\":\"citygame.com\",\"url\":\"https:\/\/testwebsite.upevents.nl\/\",\"logo\":{\"@id\":\"https:\/\/testwebsite.citygame.com\/lt\/games\/verona\/secrets-of-verona\/#local-main-organization-logo\"},\"image\":{\"@id\":\"https:\/\/testwebsite.citygame.com\/lt\/games\/verona\/secrets-of-verona\/#local-main-organization-logo\"},\"sameAs\":[\"https:\/\/www.facebook.com\/profile.php?id=100086426226253\",\"https:\/\/www.instagram.com\/citygame_com\",\"https:\/\/www.tiktok.com\/@citygamecom\/\",\"https:\/\/www.linkedin.com\/company\/citygame-com\"],\"description\":\"Turn any city into a playground with our interactive City Games and self-guided tours. Fun, flexible, and ideal for groups and team building.\",\"telephone\":[],\"openingHoursSpecification\":[{\"@type\":\"OpeningHoursSpecification\",\"dayOfWeek\":[\"Monday\",\"Tuesday\",\"Wednesday\",\"Thursday\",\"Friday\",\"Saturday\",\"Sunday\"],\"opens\":\"09:00\",\"closes\":\"17:00\"}]},{\"@type\":\"ImageObject\",\"inLanguage\":\"lt-LT\",\"@id\":\"https:\/\/testwebsite.citygame.com\/lt\/games\/verona\/secrets-of-verona\/#local-main-organization-logo\",\"url\":\"https:\/\/testwebsite.citygame.com\/wp-content\/blogs.dir\/1\/files\/sites\/62\/2025\/10\/CG_LOGO-City-Game.png\",\"contentUrl\":\"https:\/\/testwebsite.citygame.com\/wp-content\/blogs.dir\/1\/files\/sites\/62\/2025\/10\/CG_LOGO-City-Game.png\",\"width\":351,\"height\":377,\"caption\":\"City Game\"}]}<\/script>\n<!-- \/ Yoast SEO Premium plugin. -->","yoast_head_json":{"title":"Secrets of Verona - City Game","description":"Secrets of Verona. \u017daiskite savaranki\u0161k\u0105 Miesto \u017eaidim\u0105 ir tyrin\u0117kite miest\u0105 per galvos\u016bkius, m\u012fsles ir i\u0161\u0161\u016bkius. \u017daiskite savo tempu ir atraskite kaip vietinis!","robots":{"index":"noindex","follow":"follow","max-snippet":"max-snippet:-1","max-image-preview":"max-image-preview:large","max-video-preview":"max-video-preview:-1"},"og_locale":"lt_LT","og_type":"article","og_title":"Secrets of Verona","og_description":"Secrets of Verona. \u017daiskite savaranki\u0161k\u0105 Miesto \u017eaidim\u0105 ir tyrin\u0117kite miest\u0105 per galvos\u016bkius, m\u012fsles ir i\u0161\u0161\u016bkius. \u017daiskite savo tempu ir atraskite kaip vietinis!","og_url":"https:\/\/testwebsite.citygame.com\/lt\/games\/verona\/secrets-of-verona\/","og_site_name":"City Game","article_publisher":"https:\/\/www.facebook.com\/profile.php?id=100086426226253","article_modified_time":"2026-04-09T11:46:59+00:00","og_image":[{"width":864,"height":1184,"url":"https:\/\/testwebsite.citygame.com\/wp-content\/blogs.dir\/1\/files\/sites\/62\/2026\/01\/group-of-friends-playing-city-game-in-front-of-verona-cathedral.jpg","type":"image\/jpeg"}],"twitter_card":"summary_large_image","schema":{"@context":"https:\/\/schema.org","@graph":[{"@type":"WebPage","@id":"https:\/\/testwebsite.citygame.com\/lt\/games\/verona\/secrets-of-verona\/","url":"https:\/\/testwebsite.citygame.com\/lt\/games\/verona\/secrets-of-verona\/","name":"Secrets of Verona - City Game","isPartOf":{"@id":"https:\/\/testwebsite.upevents.nl\/#website"},"primaryImageOfPage":{"@id":"https:\/\/testwebsite.citygame.com\/lt\/games\/verona\/secrets-of-verona\/#primaryimage"},"image":{"@id":"https:\/\/testwebsite.citygame.com\/lt\/games\/verona\/secrets-of-verona\/#primaryimage"},"thumbnailUrl":"https:\/\/testwebsite.citygame.com\/wp-content\/blogs.dir\/1\/files\/sites\/62\/2026\/01\/group-of-friends-playing-city-game-in-front-of-verona-cathedral.jpg","datePublished":"2026-01-15T13:01:31+00:00","dateModified":"2026-04-09T11:46:59+00:00","description":"Secrets of Verona. \u017daiskite savaranki\u0161k\u0105 Miesto \u017eaidim\u0105 ir tyrin\u0117kite miest\u0105 per galvos\u016bkius, m\u012fsles ir i\u0161\u0161\u016bkius. \u017daiskite savo tempu ir atraskite kaip vietinis!","breadcrumb":{"@id":"https:\/\/testwebsite.citygame.com\/lt\/games\/verona\/secrets-of-verona\/#breadcrumb"},"inLanguage":"lt-LT","potentialAction":[{"@type":"ReadAction","target":["https:\/\/testwebsite.citygame.com\/lt\/games\/verona\/secrets-of-verona\/"]}]},{"@type":"ImageObject","inLanguage":"lt-LT","@id":"https:\/\/testwebsite.citygame.com\/lt\/games\/verona\/secrets-of-verona\/#primaryimage","url":"https:\/\/testwebsite.citygame.com\/wp-content\/blogs.dir\/1\/files\/sites\/62\/2026\/01\/group-of-friends-playing-city-game-in-front-of-verona-cathedral.jpg","contentUrl":"https:\/\/testwebsite.citygame.com\/wp-content\/blogs.dir\/1\/files\/sites\/62\/2026\/01\/group-of-friends-playing-city-game-in-front-of-verona-cathedral.jpg","width":864,"height":1184,"caption":"A group of friends uses a smartphone app while standing in front of the Verona Cathedral."},{"@type":"BreadcrumbList","@id":"https:\/\/testwebsite.citygame.com\/lt\/games\/verona\/secrets-of-verona\/#breadcrumb","itemListElement":[{"@type":"ListItem","position":1,"name":"Home","item":"https:\/\/testwebsite.citygame.com\/lt\/"},{"@type":"ListItem","position":2,"name":"Shop","item":"https:\/\/testwebsite.citygame.com\/shop\/"},{"@type":"ListItem","position":3,"name":"Secrets of Verona"}]},{"@type":"WebSite","@id":"https:\/\/testwebsite.upevents.nl\/#website","url":"https:\/\/testwebsite.upevents.nl\/","name":"City Game","description":"","publisher":{"@id":"https:\/\/testwebsite.upevents.nl\/#organization"},"alternateName":"citygame.com","potentialAction":[{"@type":"SearchAction","target":{"@type":"EntryPoint","urlTemplate":"https:\/\/testwebsite.upevents.nl\/?s={search_term_string}"},"query-input":{"@type":"PropertyValueSpecification","valueRequired":true,"valueName":"search_term_string"}}],"inLanguage":"lt-LT"},{"@type":["Organization","Place"],"@id":"https:\/\/testwebsite.upevents.nl\/#organization","name":"City Game","alternateName":"citygame.com","url":"https:\/\/testwebsite.upevents.nl\/","logo":{"@id":"https:\/\/testwebsite.citygame.com\/lt\/games\/verona\/secrets-of-verona\/#local-main-organization-logo"},"image":{"@id":"https:\/\/testwebsite.citygame.com\/lt\/games\/verona\/secrets-of-verona\/#local-main-organization-logo"},"sameAs":["https:\/\/www.facebook.com\/profile.php?id=100086426226253","https:\/\/www.instagram.com\/citygame_com","https:\/\/www.tiktok.com\/@citygamecom\/","https:\/\/www.linkedin.com\/company\/citygame-com"],"description":"Turn any city into a playground with our interactive City Games and self-guided tours. Fun, flexible, and ideal for groups and team building.","telephone":[],"openingHoursSpecification":[{"@type":"OpeningHoursSpecification","dayOfWeek":["Monday","Tuesday","Wednesday","Thursday","Friday","Saturday","Sunday"],"opens":"09:00","closes":"17:00"}]},{"@type":"ImageObject","inLanguage":"lt-LT","@id":"https:\/\/testwebsite.citygame.com\/lt\/games\/verona\/secrets-of-verona\/#local-main-organization-logo","url":"https:\/\/testwebsite.citygame.com\/wp-content\/blogs.dir\/1\/files\/sites\/62\/2025\/10\/CG_LOGO-City-Game.png","contentUrl":"https:\/\/testwebsite.citygame.com\/wp-content\/blogs.dir\/1\/files\/sites\/62\/2025\/10\/CG_LOGO-City-Game.png","width":351,"height":377,"caption":"City Game"}]}},"taxonomy_info":{"game-concept":[{"value":722,"label":"Secrets"}],"location":[{"value":463,"label":"Verona"}],"product_cat":[{"value":27,"label":"Geen categorie"}]},"featured_image_src_large":["https:\/\/testwebsite.citygame.com\/wp-content\/blogs.dir\/1\/files\/sites\/62\/2026\/01\/group-of-friends-playing-city-game-in-front-of-verona-cathedral-747x1024.jpg",747,1024,true],"author_info":[],"comment_info":"","_links":{"self":[{"href":"https:\/\/testwebsite.citygame.com\/lt\/wp-json\/wp\/v2\/product\/68291","targetHints":{"allow":["GET"]}}],"collection":[{"href":"https:\/\/testwebsite.citygame.com\/lt\/wp-json\/wp\/v2\/product"}],"about":[{"href":"https:\/\/testwebsite.citygame.com\/lt\/wp-json\/wp\/v2\/types\/product"}],"acf:post":[{"embeddable":true,"href":"https:\/\/testwebsite.citygame.com\/lt\/wp-json\/wp\/v2\/pages\/11330"}],"wp:featuredmedia":[{"embeddable":true,"href":"https:\/\/testwebsite.citygame.com\/lt\/wp-json\/wp\/v2\/media\/4089"}],"wp:attachment":[{"href":"https:\/\/testwebsite.citygame.com\/lt\/wp-json\/wp\/v2\/media?parent=68291"}],"wp:term":[{"taxonomy":"game-concept","embeddable":true,"href":"https:\/\/testwebsite.citygame.com\/lt\/wp-json\/wp\/v2\/game-concept?post=68291"},{"taxonomy":"location","embeddable":true,"href":"https:\/\/testwebsite.citygame.com\/lt\/wp-json\/wp\/v2\/location?post=68291"},{"taxonomy":"product_brand","embeddable":true,"href":"https:\/\/testwebsite.citygame.com\/lt\/wp-json\/wp\/v2\/product_brand?post=68291"},{"taxonomy":"product_cat","embeddable":true,"href":"https:\/\/testwebsite.citygame.com\/lt\/wp-json\/wp\/v2\/product_cat?post=68291"},{"taxonomy":"product_tag","embeddable":true,"href":"https:\/\/testwebsite.citygame.com\/lt\/wp-json\/wp\/v2\/product_tag?post=68291"}],"curies":[{"name":"wp","href":"https:\/\/api.w.org\/{rel}","templated":true}]}}