{"id":68081,"date":"2026-02-06T14:22:51","date_gmt":"2026-02-06T14:22:51","guid":{"rendered":"https:\/\/testwebsite.citygame.com\/games\/unknown-location\/sherlock-holmes-bern\/"},"modified":"2026-04-09T10:29:08","modified_gmt":"2026-04-09T10:29:08","slug":"sherlock-holmes-bern","status":"publish","type":"product","link":"https:\/\/testwebsite.citygame.com\/lt\/games\/bern\/sherlock-holmes-bern\/","title":{"rendered":"Sherlock Holmes Bern"},"content":{"rendered":"<p>\u017denkite \u012f \u0160erloko Holmso pasaul\u012f su \u0161iuo savaranki\u0161kai valdomu, istorija paremtu \u017emog\u017eudyst\u0117s paslapties Miesto \u017daidimu, vykstan\u010diu istoriniame Berno miesto centre. Kai akmenimis gr\u012fstos gatv\u0117s tampa \u0161iurpaus nusikaltimo fonu Laisv\u0117s festivalio metu, j\u016bs prisiimsite detektyvo vaidmen\u012f\u2014rinksite \u012fkal\u010dius, spr\u0119site galvos\u016bkius ir tardysite skaitmeninius \u012ftariamuosius, kad atskleistum\u0117te ties\u0105. Tyrimas vyksta jums judant per miest\u0105 savo tempu, visi\u0161kai pasin\u0117rus \u012f atmosferin\u012f pasakojim\u0105, kuriame kiekvienas sprendimas priartina jus prie bylos i\u0161ai\u0161kinimo.<\/p>\n","protected":false},"excerpt":{"rendered":"<p>\u012esijauskite \u012f \u0160erloko Holmso vaidmen\u012f \u012ftraukian\u010dioje, savaranki\u0161kai valdomoje \u017emog\u017eudyst\u0117s paslaptyje Berno mieste. \u012eminkite sud\u0117tingas m\u012fsles, sekite paslaptingus p\u0117dsakus ir dirbkite su savo komanda, kad atskleistum\u0117te ties\u0105 \u0161iame jaudinan\u010diame i\u0161\u0161\u016bkyje!<\/p>\n","protected":false},"featured_media":11365,"template":"","meta":{"_acf_changed":false,"_yoast_wpseo_focuskw":"Sherlock Holmes Bern","_yoast_wpseo_metadesc":"Sherlock Holmes Bern. \u017daiskite savaranki\u0161kai valdom\u0105 \u017emog\u017eudyst\u0117s paslapties Miesto \u017daidim\u0105, spr\u0119skite galvos\u016bkius, sekite u\u017euominas ir atskleiskite \u017eudik\u0105 savo tempu!","_kad_blocks_custom_css":"","_kad_blocks_head_custom_js":"","_kad_blocks_body_custom_js":"","_kad_blocks_footer_custom_js":"","ghostkit_customizer_options":"","ghostkit_custom_css":"","ghostkit_custom_js_head":"","ghostkit_custom_js_foot":"","ghostkit_typography":"","_kad_post_transparent":"","_kad_post_title":"","_kad_post_layout":"","_kad_post_sidebar_id":"","_kad_post_content_style":"","_kad_post_vertical_padding":"","_kad_post_feature":"","_kad_post_feature_position":"","_kad_post_header":false,"_kad_post_footer":false,"_kad_post_classname":"","_links_to":"","_links_to_target":""},"game-concept":[783],"location":[88],"product_brand":[],"product_cat":[27],"product_tag":[],"class_list":{"0":"post-68081","1":"product","2":"type-product","3":"status-publish","4":"has-post-thumbnail","6":"game-concept-sherlock","7":"location-bern","8":"product_cat-geen-categorie","10":"first","11":"instock","12":"shipping-taxable","13":"purchasable","14":"product-type-simple","15":"entry","16":"content-bg","17":"loop-entry"},"acf":{"full_bokun_product_name":"Bern Self-Guided Sherlock Holmes Murder Mystery Game","location_name":"Bern","bokun_calendar_widget_code":"<script type=\"text\/javascript\" src=\"https:\/\/widgets.bokun.io\/assets\/javascripts\/apps\/build\/BokunWidgetsLoader.js?bookingChannelUUID=a1e93e96-5232-4734-a595-28405f4b5a31\" async><\/script>\n     \n    <div class=\"bokunWidget\" data-src=\"https:\/\/widgets.bokun.io\/online-sales\/a1e93e96-5232-4734-a595-28405f4b5a31\/experience-calendar\/760685\"><\/div>\n    <noscript>Please enable javascript in your browser to book<\/noscript>","bokun_button_widget_code":"<script type=\"text\/javascript\" src=\"https:\/\/widgets.bokun.io\/assets\/javascripts\/apps\/build\/BokunWidgetsLoader.js?bookingChannelUUID=a1e93e96-5232-4734-a595-28405f4b5a31\" async><\/script>\n      <style> #bokun_ed001e45_5927_4f62_b470_ca766338d083 { display: inline-block; padding: .4em 1em; background: #47b82e; border-radius: 999999px; box-shadow: none; font-weight: 600; font-size: 24px; text-decoration: none; text-align: center; color: #FFFFFF; border:none; cursor: pointer; transition: background .2s ease; } #bokun_ed001e45_5927_4f62_b470_ca766338d083:hover{ background: #2f7b1f; } #bokun_ed001e45_5927_4f62_b470_ca766338d083:active{ background: #378f24; } <\/style> <button class=\"bokunButton\" disabled id=bokun_ed001e45_5927_4f62_b470_ca766338d083 data-src=\"https:\/\/widgets.bokun.io\/online-sales\/a1e93e96-5232-4734-a595-28405f4b5a31\/experience-calendar\/760685?partialView=1\" data-testid=\"widget-book-button\" > Book now <\/button> ","what_you\u2019ll_experience_during_the_game":"\u201eSherlock Holmes City Game' Berno mieste, j\u016bs \u012f\u017eengiate \u012f \u012ftraukian\u010di\u0105 detektyvin\u0119 istorij\u0105, giliai \u012faust\u0105 \u012f miesto audin\u012f. Tyrimui besivystant, j\u016bs jud\u0117site Berno gatv\u0117mis ir skersgatviais, rinksit\u0117s \u012fkal\u010dius, spr\u0119site sud\u0117tingus galvos\u016bkius ir susidursite su netik\u0117tais pos\u016bkiais, kurie pakeis j\u016bs\u0173 keli\u0105. Kiekviena miesto dalis tampa bylos dalimi, kai stengiat\u0117s i\u0161siai\u0161kinti, kas i\u0161 tikr\u0173j\u0173 nutiko Laisv\u0117s festivalio metu, kai bendruomen\u0119 sukr\u0117t\u0117 \u017emog\u017eudyst\u0117.\n\nJ\u016bs tardote skaitmeninius \u012ftariamuosius, analizuojate alibi ir atskleid\u017eiate prie\u0161taravimus, visada ie\u0161kodami tiesos, slypin\u010dios u\u017e nusikaltimo. J\u016bs\u0173 dedukcijos, steb\u0117jimo ir kritinio m\u0105stymo geb\u0117jimai yra b\u016btini, ir kiekvienas sprendimas priartina jus prie sprendimo. Patirtis yra visi\u0161kai pagr\u012fsta istorija ir orientuota \u012f j\u016bs\u0173, kaip detektyvo, vaidmen\u012f bylos centre. Galite \u017eaisti visi\u0161kai savo tempu, daryti pertraukas arba t\u0119sti, kai tik panor\u0117site. Jei esate komandoje, galite netgi var\u017eytis, kas yra ry\u0161kiausias bylos protas.","how_to_play":"\u017daiskite vieni arba su draugais, \u0161eima ar kolegomis komandose iki keturi\u0173 asmen\u0173 vienam \u012frenginiui. U\u017esisakius, gausite el. lai\u0161k\u0105 su instrukcijomis, kuriame rasite visk\u0105, ko jums reikia.","start_location":"Bern, Bundeshaus","available_languages":["en","fr","de","es","nl","it"],"players_per_group":"1-4","duration":"1.5-2 hours","image_overlay_color_image":"https:\/\/testwebsite.citygame.com\/wp-content\/blogs.dir\/1\/files\/sites\/62\/2026\/01\/SherlockColor.svg","image_overlay_game_logo":"https:\/\/testwebsite.citygame.com\/wp-content\/blogs.dir\/1\/files\/sites\/62\/2026\/01\/SherlockLogo.png","city_page":8312,"woocommerce_general_content":null},"yoast_head":"<!-- This site is optimized with the Yoast SEO Premium plugin v26.2 (Yoast SEO v26.3) - https:\/\/yoast.com\/wordpress\/plugins\/seo\/ -->\n<title>Sherlock Holmes Bern - City Game<\/title>\n<meta name=\"description\" content=\"Sherlock Holmes Bern. \u017daiskite savaranki\u0161kai valdom\u0105 \u017emog\u017eudyst\u0117s paslapties Miesto \u017daidim\u0105, spr\u0119skite galvos\u016bkius, sekite u\u017euominas ir atskleiskite \u017eudik\u0105 savo tempu!\" \/>\n<meta name=\"robots\" content=\"noindex, follow, max-snippet:-1, max-image-preview:large, max-video-preview:-1\" \/>\n<meta property=\"og:locale\" content=\"lt_LT\" \/>\n<meta property=\"og:type\" content=\"article\" \/>\n<meta property=\"og:title\" content=\"Sherlock Holmes Bern\" \/>\n<meta property=\"og:description\" content=\"Sherlock Holmes Bern. \u017daiskite savaranki\u0161kai valdom\u0105 \u017emog\u017eudyst\u0117s paslapties Miesto \u017daidim\u0105, spr\u0119skite galvos\u016bkius, sekite u\u017euominas ir atskleiskite \u017eudik\u0105 savo tempu!\" \/>\n<meta property=\"og:url\" content=\"https:\/\/testwebsite.citygame.com\/lt\/games\/bern\/sherlock-holmes-bern\/\" \/>\n<meta property=\"og:site_name\" content=\"City Game\" \/>\n<meta property=\"article:publisher\" content=\"https:\/\/www.facebook.com\/profile.php?id=100086426226253\" \/>\n<meta property=\"article:modified_time\" content=\"2026-04-09T10:29:08+00:00\" \/>\n<meta property=\"og:image\" content=\"https:\/\/testwebsite.citygame.com\/wp-content\/blogs.dir\/1\/files\/sites\/62\/2026\/02\/group-of-friends-playing-sherlock-city-game-on-smartphone-in-bern.jpg\" \/>\n\t<meta property=\"og:image:width\" content=\"1344\" \/>\n\t<meta property=\"og:image:height\" content=\"768\" \/>\n\t<meta property=\"og:image:type\" content=\"image\/jpeg\" \/>\n<meta name=\"twitter:card\" content=\"summary_large_image\" \/>\n<script type=\"application\/ld+json\" class=\"yoast-schema-graph\">{\"@context\":\"https:\/\/schema.org\",\"@graph\":[{\"@type\":\"WebPage\",\"@id\":\"https:\/\/testwebsite.citygame.com\/lt\/games\/bern\/sherlock-holmes-bern\/\",\"url\":\"https:\/\/testwebsite.citygame.com\/lt\/games\/bern\/sherlock-holmes-bern\/\",\"name\":\"Sherlock Holmes Bern - City Game\",\"isPartOf\":{\"@id\":\"https:\/\/testwebsite.upevents.nl\/#website\"},\"primaryImageOfPage\":{\"@id\":\"https:\/\/testwebsite.citygame.com\/lt\/games\/bern\/sherlock-holmes-bern\/#primaryimage\"},\"image\":{\"@id\":\"https:\/\/testwebsite.citygame.com\/lt\/games\/bern\/sherlock-holmes-bern\/#primaryimage\"},\"thumbnailUrl\":\"https:\/\/testwebsite.citygame.com\/wp-content\/blogs.dir\/1\/files\/sites\/62\/2026\/02\/group-of-friends-playing-sherlock-city-game-on-smartphone-in-bern.jpg\",\"datePublished\":\"2026-02-06T14:22:51+00:00\",\"dateModified\":\"2026-04-09T10:29:08+00:00\",\"description\":\"Sherlock Holmes Bern. \u017daiskite savaranki\u0161kai valdom\u0105 \u017emog\u017eudyst\u0117s paslapties Miesto \u017daidim\u0105, spr\u0119skite galvos\u016bkius, sekite u\u017euominas ir atskleiskite \u017eudik\u0105 savo tempu!\",\"breadcrumb\":{\"@id\":\"https:\/\/testwebsite.citygame.com\/lt\/games\/bern\/sherlock-holmes-bern\/#breadcrumb\"},\"inLanguage\":\"lt-LT\",\"potentialAction\":[{\"@type\":\"ReadAction\",\"target\":[\"https:\/\/testwebsite.citygame.com\/lt\/games\/bern\/sherlock-holmes-bern\/\"]}]},{\"@type\":\"ImageObject\",\"inLanguage\":\"lt-LT\",\"@id\":\"https:\/\/testwebsite.citygame.com\/lt\/games\/bern\/sherlock-holmes-bern\/#primaryimage\",\"url\":\"https:\/\/testwebsite.citygame.com\/wp-content\/blogs.dir\/1\/files\/sites\/62\/2026\/02\/group-of-friends-playing-sherlock-city-game-on-smartphone-in-bern.jpg\",\"contentUrl\":\"https:\/\/testwebsite.citygame.com\/wp-content\/blogs.dir\/1\/files\/sites\/62\/2026\/02\/group-of-friends-playing-sherlock-city-game-on-smartphone-in-bern.jpg\",\"width\":1344,\"height\":768,\"caption\":\"A group of friends collaborate while playing an interactive Sherlock city game on a smartphone in Bern.\"},{\"@type\":\"BreadcrumbList\",\"@id\":\"https:\/\/testwebsite.citygame.com\/lt\/games\/bern\/sherlock-holmes-bern\/#breadcrumb\",\"itemListElement\":[{\"@type\":\"ListItem\",\"position\":1,\"name\":\"Home\",\"item\":\"https:\/\/testwebsite.citygame.com\/lt\/\"},{\"@type\":\"ListItem\",\"position\":2,\"name\":\"Shop\",\"item\":\"https:\/\/testwebsite.citygame.com\/shop\/\"},{\"@type\":\"ListItem\",\"position\":3,\"name\":\"Sherlock Holmes Bern\"}]},{\"@type\":\"WebSite\",\"@id\":\"https:\/\/testwebsite.upevents.nl\/#website\",\"url\":\"https:\/\/testwebsite.upevents.nl\/\",\"name\":\"City Game\",\"description\":\"\",\"publisher\":{\"@id\":\"https:\/\/testwebsite.upevents.nl\/#organization\"},\"alternateName\":\"citygame.com\",\"potentialAction\":[{\"@type\":\"SearchAction\",\"target\":{\"@type\":\"EntryPoint\",\"urlTemplate\":\"https:\/\/testwebsite.upevents.nl\/?s={search_term_string}\"},\"query-input\":{\"@type\":\"PropertyValueSpecification\",\"valueRequired\":true,\"valueName\":\"search_term_string\"}}],\"inLanguage\":\"lt-LT\"},{\"@type\":[\"Organization\",\"Place\"],\"@id\":\"https:\/\/testwebsite.upevents.nl\/#organization\",\"name\":\"City Game\",\"alternateName\":\"citygame.com\",\"url\":\"https:\/\/testwebsite.upevents.nl\/\",\"logo\":{\"@id\":\"https:\/\/testwebsite.citygame.com\/lt\/games\/bern\/sherlock-holmes-bern\/#local-main-organization-logo\"},\"image\":{\"@id\":\"https:\/\/testwebsite.citygame.com\/lt\/games\/bern\/sherlock-holmes-bern\/#local-main-organization-logo\"},\"sameAs\":[\"https:\/\/www.facebook.com\/profile.php?id=100086426226253\",\"https:\/\/www.instagram.com\/citygame_com\",\"https:\/\/www.tiktok.com\/@citygamecom\/\",\"https:\/\/www.linkedin.com\/company\/citygame-com\"],\"description\":\"Turn any city into a playground with our interactive City Games and self-guided tours. Fun, flexible, and ideal for groups and team building.\",\"telephone\":[],\"openingHoursSpecification\":[{\"@type\":\"OpeningHoursSpecification\",\"dayOfWeek\":[\"Monday\",\"Tuesday\",\"Wednesday\",\"Thursday\",\"Friday\",\"Saturday\",\"Sunday\"],\"opens\":\"09:00\",\"closes\":\"17:00\"}]},{\"@type\":\"ImageObject\",\"inLanguage\":\"lt-LT\",\"@id\":\"https:\/\/testwebsite.citygame.com\/lt\/games\/bern\/sherlock-holmes-bern\/#local-main-organization-logo\",\"url\":\"https:\/\/testwebsite.citygame.com\/wp-content\/blogs.dir\/1\/files\/sites\/62\/2025\/10\/CG_LOGO-City-Game.png\",\"contentUrl\":\"https:\/\/testwebsite.citygame.com\/wp-content\/blogs.dir\/1\/files\/sites\/62\/2025\/10\/CG_LOGO-City-Game.png\",\"width\":351,\"height\":377,\"caption\":\"City Game\"}]}<\/script>\n<!-- \/ Yoast SEO Premium plugin. -->","yoast_head_json":{"title":"Sherlock Holmes Bern - City Game","description":"Sherlock Holmes Bern. \u017daiskite savaranki\u0161kai valdom\u0105 \u017emog\u017eudyst\u0117s paslapties Miesto \u017daidim\u0105, spr\u0119skite galvos\u016bkius, sekite u\u017euominas ir atskleiskite \u017eudik\u0105 savo tempu!","robots":{"index":"noindex","follow":"follow","max-snippet":"max-snippet:-1","max-image-preview":"max-image-preview:large","max-video-preview":"max-video-preview:-1"},"og_locale":"lt_LT","og_type":"article","og_title":"Sherlock Holmes Bern","og_description":"Sherlock Holmes Bern. \u017daiskite savaranki\u0161kai valdom\u0105 \u017emog\u017eudyst\u0117s paslapties Miesto \u017daidim\u0105, spr\u0119skite galvos\u016bkius, sekite u\u017euominas ir atskleiskite \u017eudik\u0105 savo tempu!","og_url":"https:\/\/testwebsite.citygame.com\/lt\/games\/bern\/sherlock-holmes-bern\/","og_site_name":"City Game","article_publisher":"https:\/\/www.facebook.com\/profile.php?id=100086426226253","article_modified_time":"2026-04-09T10:29:08+00:00","og_image":[{"width":1344,"height":768,"url":"https:\/\/testwebsite.citygame.com\/wp-content\/blogs.dir\/1\/files\/sites\/62\/2026\/02\/group-of-friends-playing-sherlock-city-game-on-smartphone-in-bern.jpg","type":"image\/jpeg"}],"twitter_card":"summary_large_image","schema":{"@context":"https:\/\/schema.org","@graph":[{"@type":"WebPage","@id":"https:\/\/testwebsite.citygame.com\/lt\/games\/bern\/sherlock-holmes-bern\/","url":"https:\/\/testwebsite.citygame.com\/lt\/games\/bern\/sherlock-holmes-bern\/","name":"Sherlock Holmes Bern - City Game","isPartOf":{"@id":"https:\/\/testwebsite.upevents.nl\/#website"},"primaryImageOfPage":{"@id":"https:\/\/testwebsite.citygame.com\/lt\/games\/bern\/sherlock-holmes-bern\/#primaryimage"},"image":{"@id":"https:\/\/testwebsite.citygame.com\/lt\/games\/bern\/sherlock-holmes-bern\/#primaryimage"},"thumbnailUrl":"https:\/\/testwebsite.citygame.com\/wp-content\/blogs.dir\/1\/files\/sites\/62\/2026\/02\/group-of-friends-playing-sherlock-city-game-on-smartphone-in-bern.jpg","datePublished":"2026-02-06T14:22:51+00:00","dateModified":"2026-04-09T10:29:08+00:00","description":"Sherlock Holmes Bern. \u017daiskite savaranki\u0161kai valdom\u0105 \u017emog\u017eudyst\u0117s paslapties Miesto \u017daidim\u0105, spr\u0119skite galvos\u016bkius, sekite u\u017euominas ir atskleiskite \u017eudik\u0105 savo tempu!","breadcrumb":{"@id":"https:\/\/testwebsite.citygame.com\/lt\/games\/bern\/sherlock-holmes-bern\/#breadcrumb"},"inLanguage":"lt-LT","potentialAction":[{"@type":"ReadAction","target":["https:\/\/testwebsite.citygame.com\/lt\/games\/bern\/sherlock-holmes-bern\/"]}]},{"@type":"ImageObject","inLanguage":"lt-LT","@id":"https:\/\/testwebsite.citygame.com\/lt\/games\/bern\/sherlock-holmes-bern\/#primaryimage","url":"https:\/\/testwebsite.citygame.com\/wp-content\/blogs.dir\/1\/files\/sites\/62\/2026\/02\/group-of-friends-playing-sherlock-city-game-on-smartphone-in-bern.jpg","contentUrl":"https:\/\/testwebsite.citygame.com\/wp-content\/blogs.dir\/1\/files\/sites\/62\/2026\/02\/group-of-friends-playing-sherlock-city-game-on-smartphone-in-bern.jpg","width":1344,"height":768,"caption":"A group of friends collaborate while playing an interactive Sherlock city game on a smartphone in Bern."},{"@type":"BreadcrumbList","@id":"https:\/\/testwebsite.citygame.com\/lt\/games\/bern\/sherlock-holmes-bern\/#breadcrumb","itemListElement":[{"@type":"ListItem","position":1,"name":"Home","item":"https:\/\/testwebsite.citygame.com\/lt\/"},{"@type":"ListItem","position":2,"name":"Shop","item":"https:\/\/testwebsite.citygame.com\/shop\/"},{"@type":"ListItem","position":3,"name":"Sherlock Holmes Bern"}]},{"@type":"WebSite","@id":"https:\/\/testwebsite.upevents.nl\/#website","url":"https:\/\/testwebsite.upevents.nl\/","name":"City Game","description":"","publisher":{"@id":"https:\/\/testwebsite.upevents.nl\/#organization"},"alternateName":"citygame.com","potentialAction":[{"@type":"SearchAction","target":{"@type":"EntryPoint","urlTemplate":"https:\/\/testwebsite.upevents.nl\/?s={search_term_string}"},"query-input":{"@type":"PropertyValueSpecification","valueRequired":true,"valueName":"search_term_string"}}],"inLanguage":"lt-LT"},{"@type":["Organization","Place"],"@id":"https:\/\/testwebsite.upevents.nl\/#organization","name":"City Game","alternateName":"citygame.com","url":"https:\/\/testwebsite.upevents.nl\/","logo":{"@id":"https:\/\/testwebsite.citygame.com\/lt\/games\/bern\/sherlock-holmes-bern\/#local-main-organization-logo"},"image":{"@id":"https:\/\/testwebsite.citygame.com\/lt\/games\/bern\/sherlock-holmes-bern\/#local-main-organization-logo"},"sameAs":["https:\/\/www.facebook.com\/profile.php?id=100086426226253","https:\/\/www.instagram.com\/citygame_com","https:\/\/www.tiktok.com\/@citygamecom\/","https:\/\/www.linkedin.com\/company\/citygame-com"],"description":"Turn any city into a playground with our interactive City Games and self-guided tours. Fun, flexible, and ideal for groups and team building.","telephone":[],"openingHoursSpecification":[{"@type":"OpeningHoursSpecification","dayOfWeek":["Monday","Tuesday","Wednesday","Thursday","Friday","Saturday","Sunday"],"opens":"09:00","closes":"17:00"}]},{"@type":"ImageObject","inLanguage":"lt-LT","@id":"https:\/\/testwebsite.citygame.com\/lt\/games\/bern\/sherlock-holmes-bern\/#local-main-organization-logo","url":"https:\/\/testwebsite.citygame.com\/wp-content\/blogs.dir\/1\/files\/sites\/62\/2025\/10\/CG_LOGO-City-Game.png","contentUrl":"https:\/\/testwebsite.citygame.com\/wp-content\/blogs.dir\/1\/files\/sites\/62\/2025\/10\/CG_LOGO-City-Game.png","width":351,"height":377,"caption":"City Game"}]}},"taxonomy_info":{"game-concept":[{"value":783,"label":"Sherlock"}],"location":[{"value":88,"label":"Bern"}],"product_cat":[{"value":27,"label":"Geen categorie"}]},"featured_image_src_large":["https:\/\/testwebsite.citygame.com\/wp-content\/blogs.dir\/1\/files\/sites\/62\/2026\/02\/group-of-friends-playing-sherlock-city-game-on-smartphone-in-bern-1024x585.jpg",1024,585,true],"author_info":[],"comment_info":"","_links":{"self":[{"href":"https:\/\/testwebsite.citygame.com\/lt\/wp-json\/wp\/v2\/product\/68081","targetHints":{"allow":["GET"]}}],"collection":[{"href":"https:\/\/testwebsite.citygame.com\/lt\/wp-json\/wp\/v2\/product"}],"about":[{"href":"https:\/\/testwebsite.citygame.com\/lt\/wp-json\/wp\/v2\/types\/product"}],"acf:post":[{"embeddable":true,"href":"https:\/\/testwebsite.citygame.com\/lt\/wp-json\/wp\/v2\/pages\/8312"}],"wp:featuredmedia":[{"embeddable":true,"href":"https:\/\/testwebsite.citygame.com\/lt\/wp-json\/wp\/v2\/media\/11365"}],"wp:attachment":[{"href":"https:\/\/testwebsite.citygame.com\/lt\/wp-json\/wp\/v2\/media?parent=68081"}],"wp:term":[{"taxonomy":"game-concept","embeddable":true,"href":"https:\/\/testwebsite.citygame.com\/lt\/wp-json\/wp\/v2\/game-concept?post=68081"},{"taxonomy":"location","embeddable":true,"href":"https:\/\/testwebsite.citygame.com\/lt\/wp-json\/wp\/v2\/location?post=68081"},{"taxonomy":"product_brand","embeddable":true,"href":"https:\/\/testwebsite.citygame.com\/lt\/wp-json\/wp\/v2\/product_brand?post=68081"},{"taxonomy":"product_cat","embeddable":true,"href":"https:\/\/testwebsite.citygame.com\/lt\/wp-json\/wp\/v2\/product_cat?post=68081"},{"taxonomy":"product_tag","embeddable":true,"href":"https:\/\/testwebsite.citygame.com\/lt\/wp-json\/wp\/v2\/product_tag?post=68081"}],"curies":[{"name":"wp","href":"https:\/\/api.w.org\/{rel}","templated":true}]}}