{"id":67969,"date":"2026-02-05T17:50:43","date_gmt":"2026-02-05T17:50:43","guid":{"rendered":"https:\/\/testwebsite.citygame.com\/games\/unknown-location\/sherlock-holmes-gothenburg\/"},"modified":"2026-04-09T10:07:21","modified_gmt":"2026-04-09T10:07:21","slug":"sherlock-holmes-gothenburg","status":"publish","type":"product","link":"https:\/\/testwebsite.citygame.com\/lt\/games\/gothenburg\/sherlock-holmes-gothenburg\/","title":{"rendered":"Sherlock Holmes Gothenburg"},"content":{"rendered":"<p>Pasinerkite \u012f Sherlock Holmes pasaul\u012f su \u0161iuo savaranki\u0161ku, istorija paremtu \u017emog\u017eudyst\u0117s paslapties Miesto \u017eaidimu, vykstan\u010diu istoriniame Gothenburg centre. B\u016bdami detektyvai, tiriantys byl\u0105, atskleisite besivystant\u012f naratyv\u0105, nar\u0161ydami po miest\u0105 ir tirdami sukre\u010dian\u010di\u0105 \u017emog\u017eudyst\u0119, \u012fvykusi\u0105 per Liberty Festival. Rinkite u\u017euominas, spr\u0119skite galvos\u016bkius ir apklauskite skaitmeninius \u012ftariamuosius savo tempu, pasinerdami \u012f jaudinant\u012f tyrim\u0105, kuris atgaivina Holmes pasaul\u012f Gothenburg gatv\u0117se.<\/p>\n","protected":false},"excerpt":{"rendered":"<p>\u012esijauskite \u012f kultinio Sherlock Holmes vaidmen\u012f ir pasinerkite \u012f \u017eav\u0173 savaranki\u0161k\u0105 \u017emog\u017eudyst\u0117s paslapties \u017eaidim\u0105, vykstant\u012f Gothenburg. Sekdami u\u017euominas, spr\u0119sdami sud\u0117tingus galvos\u016bkius ir bendradarbiaudami su savo komanda, atskleisite ties\u0105, \u012frodydami savo detektyvinius sugeb\u0117jimus, kol tiksi laikrodis \u2013 j\u016bs\u0173 laukia i\u0161\u0161\u016bkis!<\/p>\n","protected":false},"featured_media":10915,"template":"","meta":{"_acf_changed":false,"_yoast_wpseo_focuskw":"Sherlock Holmes Gothenburg","_yoast_wpseo_metadesc":"Sherlock Holmes Gothenburg. \u017daiskite savaranki\u0161k\u0105 \u017emog\u017eudyst\u0117s paslapties Miesto \u017eaidim\u0105, spr\u0119skite galvos\u016bkius, sekite u\u017euominas ir atskleiskite \u017eudik\u0105 savo tempu!","_kad_blocks_custom_css":"","_kad_blocks_head_custom_js":"","_kad_blocks_body_custom_js":"","_kad_blocks_footer_custom_js":"","ghostkit_customizer_options":"","ghostkit_custom_css":"","ghostkit_custom_js_head":"","ghostkit_custom_js_foot":"","ghostkit_typography":"","_kad_post_transparent":"","_kad_post_title":"","_kad_post_layout":"","_kad_post_sidebar_id":"","_kad_post_content_style":"","_kad_post_vertical_padding":"","_kad_post_feature":"","_kad_post_feature_position":"","_kad_post_header":false,"_kad_post_footer":false,"_kad_post_classname":"","_links_to":"","_links_to_target":""},"game-concept":[783],"location":[181],"product_brand":[],"product_cat":[27],"product_tag":[],"class_list":{"0":"post-67969","1":"product","2":"type-product","3":"status-publish","4":"has-post-thumbnail","6":"game-concept-sherlock","7":"location-gothenburg","8":"product_cat-geen-categorie","10":"first","11":"instock","12":"shipping-taxable","13":"purchasable","14":"product-type-simple","15":"entry","16":"content-bg","17":"loop-entry"},"acf":{"full_bokun_product_name":"Gothenburg Self-Guided Sherlock Holmes Murder Mystery Game","location_name":"Gothenburg","bokun_calendar_widget_code":"<script type=\"text\/javascript\" src=\"https:\/\/widgets.bokun.io\/assets\/javascripts\/apps\/build\/BokunWidgetsLoader.js?bookingChannelUUID=a1e93e96-5232-4734-a595-28405f4b5a31\" async><\/script>\n     \n    <div class=\"bokunWidget\" data-src=\"https:\/\/widgets.bokun.io\/online-sales\/a1e93e96-5232-4734-a595-28405f4b5a31\/experience-calendar\/733201\"><\/div>\n    <noscript>Please enable javascript in your browser to book<\/noscript>","bokun_button_widget_code":"<script type=\"text\/javascript\" src=\"https:\/\/widgets.bokun.io\/assets\/javascripts\/apps\/build\/BokunWidgetsLoader.js?bookingChannelUUID=a1e93e96-5232-4734-a595-28405f4b5a31\" async><\/script>\n      <style> #bokun_ed001e45_5927_4f62_b470_ca766338d083 { display: inline-block; padding: .4em 1em; background: #47b82e; border-radius: 999999px; box-shadow: none; font-weight: 600; font-size: 24px; text-decoration: none; text-align: center; color: #FFFFFF; border:none; cursor: pointer; transition: background .2s ease; } #bokun_ed001e45_5927_4f62_b470_ca766338d083:hover{ background: #2f7b1f; } #bokun_ed001e45_5927_4f62_b470_ca766338d083:active{ background: #378f24; } <\/style> <button class=\"bokunButton\" disabled id=bokun_ed001e45_5927_4f62_b470_ca766338d083 data-src=\"https:\/\/widgets.bokun.io\/online-sales\/a1e93e96-5232-4734-a595-28405f4b5a31\/experience-calendar\/733201?partialView=1\" data-testid=\"widget-book-button\" > Book now <\/button> ","what_you\u2019ll_experience_during_the_game":"\u012e\u017eengiate \u012f jaudinan\u010di\u0105 detektyvin\u0119 istorij\u0105, vykstan\u010di\u0105 Gothenburg \u0161irdyje, kur negailestinga \u017emog\u017eudyst\u0117 per Liberty Festival\u012f sukr\u0117t\u0117 miest\u0105. Jud\u0117dami po miest\u0105, paslaptis atsiskleid\u017eia aplink jus, \u012ftraukdama jus giliau \u012f u\u017euomin\u0173, galvos\u016bki\u0173 ir pasl\u0117pt\u0173 ties\u0173 pasaul\u012f. Gatv\u0117s tampa j\u016bs\u0173 tyrimo lenta, kurioje kiekvienas sprendimas priartina jus prie to, kas i\u0161 ties\u0173 \u012fvyko t\u0105 nakt\u012f, atskleidimo.  \n\nApklaussite skaitmeninius \u012ftariamuosius, nagrin\u0117site alibis ir analizuosiete prie\u0161taravimus, kurie meta i\u0161\u0161\u016bk\u012f j\u016bs\u0173 intuicijai. Kiekvienas bylos pos\u016bkis reikalauja a\u0161tresnio steb\u0117jimo, pareikalaujantis j\u016bs\u0173 visi\u0161ko d\u0117mesio ir dedukcini\u0173 \u012fg\u016bd\u017ei\u0173. Besivystantis naratyvas i\u0161laiko jus \u012ftrauktus nuo prad\u017eios iki pabaigos, o j\u016bs galite \u017eaisti visi\u0161kai savo tempu. Nesvarbu, ar dirbate vieni, ar rungtyniaujate komandoje, istorija reaguoja \u012f j\u016bs\u0173 pasirinkimus, leisdama sekti \u012fkal\u010diais, kad ir kur jie vest\u0173.","how_to_play":"\u017daiskite vieni arba su draugais, \u0161eima ar kolegomis komandose iki keturi\u0173 asmen\u0173 vienam \u012frenginiui. U\u017esisak\u0119 gausite instrukcij\u0173 el. lai\u0161k\u0105 su viskuo, ko jums reikia.","start_location":"Gothenburg, R\u00e5dhuset","available_languages":["en","es","fr","de","it","nl"],"players_per_group":"1-4","duration":"1.5-2 hours","image_overlay_color_image":"https:\/\/testwebsite.citygame.com\/wp-content\/blogs.dir\/1\/files\/sites\/62\/2026\/01\/SherlockColor.svg","image_overlay_game_logo":"https:\/\/testwebsite.citygame.com\/wp-content\/blogs.dir\/1\/files\/sites\/62\/2026\/01\/SherlockLogo.png","city_page":10913,"woocommerce_general_content":null},"yoast_head":"<!-- This site is optimized with the Yoast SEO Premium plugin v26.2 (Yoast SEO v26.3) - https:\/\/yoast.com\/wordpress\/plugins\/seo\/ -->\n<title>Sherlock Holmes Gothenburg - City Game<\/title>\n<meta name=\"description\" content=\"Sherlock Holmes Gothenburg. \u017daiskite savaranki\u0161k\u0105 \u017emog\u017eudyst\u0117s paslapties Miesto \u017eaidim\u0105, spr\u0119skite galvos\u016bkius, sekite u\u017euominas ir atskleiskite \u017eudik\u0105 savo tempu!\" \/>\n<meta name=\"robots\" content=\"noindex, follow, max-snippet:-1, max-image-preview:large, max-video-preview:-1\" \/>\n<meta property=\"og:locale\" content=\"lt_LT\" \/>\n<meta property=\"og:type\" content=\"article\" \/>\n<meta property=\"og:title\" content=\"Sherlock Holmes Gothenburg\" \/>\n<meta property=\"og:description\" content=\"Sherlock Holmes Gothenburg. \u017daiskite savaranki\u0161k\u0105 \u017emog\u017eudyst\u0117s paslapties Miesto \u017eaidim\u0105, spr\u0119skite galvos\u016bkius, sekite u\u017euominas ir atskleiskite \u017eudik\u0105 savo tempu!\" \/>\n<meta property=\"og:url\" content=\"https:\/\/testwebsite.citygame.com\/lt\/games\/gothenburg\/sherlock-holmes-gothenburg\/\" \/>\n<meta property=\"og:site_name\" content=\"City Game\" \/>\n<meta property=\"article:publisher\" content=\"https:\/\/www.facebook.com\/profile.php?id=100086426226253\" \/>\n<meta property=\"article:modified_time\" content=\"2026-04-09T10:07:21+00:00\" \/>\n<meta property=\"og:image\" content=\"https:\/\/testwebsite.citygame.com\/wp-content\/blogs.dir\/1\/files\/sites\/62\/2026\/02\/sherlock-gameplay-gothenburg-pedestrian-street.jpg\" \/>\n\t<meta property=\"og:image:width\" content=\"1344\" \/>\n\t<meta property=\"og:image:height\" content=\"768\" \/>\n\t<meta property=\"og:image:type\" content=\"image\/jpeg\" \/>\n<meta name=\"twitter:card\" content=\"summary_large_image\" \/>\n<script type=\"application\/ld+json\" class=\"yoast-schema-graph\">{\"@context\":\"https:\/\/schema.org\",\"@graph\":[{\"@type\":\"WebPage\",\"@id\":\"https:\/\/testwebsite.citygame.com\/lt\/games\/gothenburg\/sherlock-holmes-gothenburg\/\",\"url\":\"https:\/\/testwebsite.citygame.com\/lt\/games\/gothenburg\/sherlock-holmes-gothenburg\/\",\"name\":\"Sherlock Holmes Gothenburg - City Game\",\"isPartOf\":{\"@id\":\"https:\/\/testwebsite.upevents.nl\/#website\"},\"primaryImageOfPage\":{\"@id\":\"https:\/\/testwebsite.citygame.com\/lt\/games\/gothenburg\/sherlock-holmes-gothenburg\/#primaryimage\"},\"image\":{\"@id\":\"https:\/\/testwebsite.citygame.com\/lt\/games\/gothenburg\/sherlock-holmes-gothenburg\/#primaryimage\"},\"thumbnailUrl\":\"https:\/\/testwebsite.citygame.com\/wp-content\/blogs.dir\/1\/files\/sites\/62\/2026\/02\/sherlock-gameplay-gothenburg-pedestrian-street.jpg\",\"datePublished\":\"2026-02-05T17:50:43+00:00\",\"dateModified\":\"2026-04-09T10:07:21+00:00\",\"description\":\"Sherlock Holmes Gothenburg. \u017daiskite savaranki\u0161k\u0105 \u017emog\u017eudyst\u0117s paslapties Miesto \u017eaidim\u0105, spr\u0119skite galvos\u016bkius, sekite u\u017euominas ir atskleiskite \u017eudik\u0105 savo tempu!\",\"breadcrumb\":{\"@id\":\"https:\/\/testwebsite.citygame.com\/lt\/games\/gothenburg\/sherlock-holmes-gothenburg\/#breadcrumb\"},\"inLanguage\":\"lt-LT\",\"potentialAction\":[{\"@type\":\"ReadAction\",\"target\":[\"https:\/\/testwebsite.citygame.com\/lt\/games\/gothenburg\/sherlock-holmes-gothenburg\/\"]}]},{\"@type\":\"ImageObject\",\"inLanguage\":\"lt-LT\",\"@id\":\"https:\/\/testwebsite.citygame.com\/lt\/games\/gothenburg\/sherlock-holmes-gothenburg\/#primaryimage\",\"url\":\"https:\/\/testwebsite.citygame.com\/wp-content\/blogs.dir\/1\/files\/sites\/62\/2026\/02\/sherlock-gameplay-gothenburg-pedestrian-street.jpg\",\"contentUrl\":\"https:\/\/testwebsite.citygame.com\/wp-content\/blogs.dir\/1\/files\/sites\/62\/2026\/02\/sherlock-gameplay-gothenburg-pedestrian-street.jpg\",\"width\":1344,\"height\":768,\"caption\":\"A player uses her smartphone to solve a mystery on a beautiful European city street.\"},{\"@type\":\"BreadcrumbList\",\"@id\":\"https:\/\/testwebsite.citygame.com\/lt\/games\/gothenburg\/sherlock-holmes-gothenburg\/#breadcrumb\",\"itemListElement\":[{\"@type\":\"ListItem\",\"position\":1,\"name\":\"Home\",\"item\":\"https:\/\/testwebsite.citygame.com\/lt\/\"},{\"@type\":\"ListItem\",\"position\":2,\"name\":\"Shop\",\"item\":\"https:\/\/testwebsite.citygame.com\/shop\/\"},{\"@type\":\"ListItem\",\"position\":3,\"name\":\"Sherlock Holmes Gothenburg\"}]},{\"@type\":\"WebSite\",\"@id\":\"https:\/\/testwebsite.upevents.nl\/#website\",\"url\":\"https:\/\/testwebsite.upevents.nl\/\",\"name\":\"City Game\",\"description\":\"\",\"publisher\":{\"@id\":\"https:\/\/testwebsite.upevents.nl\/#organization\"},\"alternateName\":\"citygame.com\",\"potentialAction\":[{\"@type\":\"SearchAction\",\"target\":{\"@type\":\"EntryPoint\",\"urlTemplate\":\"https:\/\/testwebsite.upevents.nl\/?s={search_term_string}\"},\"query-input\":{\"@type\":\"PropertyValueSpecification\",\"valueRequired\":true,\"valueName\":\"search_term_string\"}}],\"inLanguage\":\"lt-LT\"},{\"@type\":[\"Organization\",\"Place\"],\"@id\":\"https:\/\/testwebsite.upevents.nl\/#organization\",\"name\":\"City Game\",\"alternateName\":\"citygame.com\",\"url\":\"https:\/\/testwebsite.upevents.nl\/\",\"logo\":{\"@id\":\"https:\/\/testwebsite.citygame.com\/lt\/games\/gothenburg\/sherlock-holmes-gothenburg\/#local-main-organization-logo\"},\"image\":{\"@id\":\"https:\/\/testwebsite.citygame.com\/lt\/games\/gothenburg\/sherlock-holmes-gothenburg\/#local-main-organization-logo\"},\"sameAs\":[\"https:\/\/www.facebook.com\/profile.php?id=100086426226253\",\"https:\/\/www.instagram.com\/citygame_com\",\"https:\/\/www.tiktok.com\/@citygamecom\/\",\"https:\/\/www.linkedin.com\/company\/citygame-com\"],\"description\":\"Turn any city into a playground with our interactive City Games and self-guided tours. Fun, flexible, and ideal for groups and team building.\",\"telephone\":[],\"openingHoursSpecification\":[{\"@type\":\"OpeningHoursSpecification\",\"dayOfWeek\":[\"Monday\",\"Tuesday\",\"Wednesday\",\"Thursday\",\"Friday\",\"Saturday\",\"Sunday\"],\"opens\":\"09:00\",\"closes\":\"17:00\"}]},{\"@type\":\"ImageObject\",\"inLanguage\":\"lt-LT\",\"@id\":\"https:\/\/testwebsite.citygame.com\/lt\/games\/gothenburg\/sherlock-holmes-gothenburg\/#local-main-organization-logo\",\"url\":\"https:\/\/testwebsite.citygame.com\/wp-content\/blogs.dir\/1\/files\/sites\/62\/2025\/10\/CG_LOGO-City-Game.png\",\"contentUrl\":\"https:\/\/testwebsite.citygame.com\/wp-content\/blogs.dir\/1\/files\/sites\/62\/2025\/10\/CG_LOGO-City-Game.png\",\"width\":351,\"height\":377,\"caption\":\"City Game\"}]}<\/script>\n<!-- \/ Yoast SEO Premium plugin. -->","yoast_head_json":{"title":"Sherlock Holmes Gothenburg - City Game","description":"Sherlock Holmes Gothenburg. \u017daiskite savaranki\u0161k\u0105 \u017emog\u017eudyst\u0117s paslapties Miesto \u017eaidim\u0105, spr\u0119skite galvos\u016bkius, sekite u\u017euominas ir atskleiskite \u017eudik\u0105 savo tempu!","robots":{"index":"noindex","follow":"follow","max-snippet":"max-snippet:-1","max-image-preview":"max-image-preview:large","max-video-preview":"max-video-preview:-1"},"og_locale":"lt_LT","og_type":"article","og_title":"Sherlock Holmes Gothenburg","og_description":"Sherlock Holmes Gothenburg. \u017daiskite savaranki\u0161k\u0105 \u017emog\u017eudyst\u0117s paslapties Miesto \u017eaidim\u0105, spr\u0119skite galvos\u016bkius, sekite u\u017euominas ir atskleiskite \u017eudik\u0105 savo tempu!","og_url":"https:\/\/testwebsite.citygame.com\/lt\/games\/gothenburg\/sherlock-holmes-gothenburg\/","og_site_name":"City Game","article_publisher":"https:\/\/www.facebook.com\/profile.php?id=100086426226253","article_modified_time":"2026-04-09T10:07:21+00:00","og_image":[{"width":1344,"height":768,"url":"https:\/\/testwebsite.citygame.com\/wp-content\/blogs.dir\/1\/files\/sites\/62\/2026\/02\/sherlock-gameplay-gothenburg-pedestrian-street.jpg","type":"image\/jpeg"}],"twitter_card":"summary_large_image","schema":{"@context":"https:\/\/schema.org","@graph":[{"@type":"WebPage","@id":"https:\/\/testwebsite.citygame.com\/lt\/games\/gothenburg\/sherlock-holmes-gothenburg\/","url":"https:\/\/testwebsite.citygame.com\/lt\/games\/gothenburg\/sherlock-holmes-gothenburg\/","name":"Sherlock Holmes Gothenburg - City Game","isPartOf":{"@id":"https:\/\/testwebsite.upevents.nl\/#website"},"primaryImageOfPage":{"@id":"https:\/\/testwebsite.citygame.com\/lt\/games\/gothenburg\/sherlock-holmes-gothenburg\/#primaryimage"},"image":{"@id":"https:\/\/testwebsite.citygame.com\/lt\/games\/gothenburg\/sherlock-holmes-gothenburg\/#primaryimage"},"thumbnailUrl":"https:\/\/testwebsite.citygame.com\/wp-content\/blogs.dir\/1\/files\/sites\/62\/2026\/02\/sherlock-gameplay-gothenburg-pedestrian-street.jpg","datePublished":"2026-02-05T17:50:43+00:00","dateModified":"2026-04-09T10:07:21+00:00","description":"Sherlock Holmes Gothenburg. \u017daiskite savaranki\u0161k\u0105 \u017emog\u017eudyst\u0117s paslapties Miesto \u017eaidim\u0105, spr\u0119skite galvos\u016bkius, sekite u\u017euominas ir atskleiskite \u017eudik\u0105 savo tempu!","breadcrumb":{"@id":"https:\/\/testwebsite.citygame.com\/lt\/games\/gothenburg\/sherlock-holmes-gothenburg\/#breadcrumb"},"inLanguage":"lt-LT","potentialAction":[{"@type":"ReadAction","target":["https:\/\/testwebsite.citygame.com\/lt\/games\/gothenburg\/sherlock-holmes-gothenburg\/"]}]},{"@type":"ImageObject","inLanguage":"lt-LT","@id":"https:\/\/testwebsite.citygame.com\/lt\/games\/gothenburg\/sherlock-holmes-gothenburg\/#primaryimage","url":"https:\/\/testwebsite.citygame.com\/wp-content\/blogs.dir\/1\/files\/sites\/62\/2026\/02\/sherlock-gameplay-gothenburg-pedestrian-street.jpg","contentUrl":"https:\/\/testwebsite.citygame.com\/wp-content\/blogs.dir\/1\/files\/sites\/62\/2026\/02\/sherlock-gameplay-gothenburg-pedestrian-street.jpg","width":1344,"height":768,"caption":"A player uses her smartphone to solve a mystery on a beautiful European city street."},{"@type":"BreadcrumbList","@id":"https:\/\/testwebsite.citygame.com\/lt\/games\/gothenburg\/sherlock-holmes-gothenburg\/#breadcrumb","itemListElement":[{"@type":"ListItem","position":1,"name":"Home","item":"https:\/\/testwebsite.citygame.com\/lt\/"},{"@type":"ListItem","position":2,"name":"Shop","item":"https:\/\/testwebsite.citygame.com\/shop\/"},{"@type":"ListItem","position":3,"name":"Sherlock Holmes Gothenburg"}]},{"@type":"WebSite","@id":"https:\/\/testwebsite.upevents.nl\/#website","url":"https:\/\/testwebsite.upevents.nl\/","name":"City Game","description":"","publisher":{"@id":"https:\/\/testwebsite.upevents.nl\/#organization"},"alternateName":"citygame.com","potentialAction":[{"@type":"SearchAction","target":{"@type":"EntryPoint","urlTemplate":"https:\/\/testwebsite.upevents.nl\/?s={search_term_string}"},"query-input":{"@type":"PropertyValueSpecification","valueRequired":true,"valueName":"search_term_string"}}],"inLanguage":"lt-LT"},{"@type":["Organization","Place"],"@id":"https:\/\/testwebsite.upevents.nl\/#organization","name":"City Game","alternateName":"citygame.com","url":"https:\/\/testwebsite.upevents.nl\/","logo":{"@id":"https:\/\/testwebsite.citygame.com\/lt\/games\/gothenburg\/sherlock-holmes-gothenburg\/#local-main-organization-logo"},"image":{"@id":"https:\/\/testwebsite.citygame.com\/lt\/games\/gothenburg\/sherlock-holmes-gothenburg\/#local-main-organization-logo"},"sameAs":["https:\/\/www.facebook.com\/profile.php?id=100086426226253","https:\/\/www.instagram.com\/citygame_com","https:\/\/www.tiktok.com\/@citygamecom\/","https:\/\/www.linkedin.com\/company\/citygame-com"],"description":"Turn any city into a playground with our interactive City Games and self-guided tours. Fun, flexible, and ideal for groups and team building.","telephone":[],"openingHoursSpecification":[{"@type":"OpeningHoursSpecification","dayOfWeek":["Monday","Tuesday","Wednesday","Thursday","Friday","Saturday","Sunday"],"opens":"09:00","closes":"17:00"}]},{"@type":"ImageObject","inLanguage":"lt-LT","@id":"https:\/\/testwebsite.citygame.com\/lt\/games\/gothenburg\/sherlock-holmes-gothenburg\/#local-main-organization-logo","url":"https:\/\/testwebsite.citygame.com\/wp-content\/blogs.dir\/1\/files\/sites\/62\/2025\/10\/CG_LOGO-City-Game.png","contentUrl":"https:\/\/testwebsite.citygame.com\/wp-content\/blogs.dir\/1\/files\/sites\/62\/2025\/10\/CG_LOGO-City-Game.png","width":351,"height":377,"caption":"City Game"}]}},"taxonomy_info":{"game-concept":[{"value":783,"label":"Sherlock"}],"location":[{"value":181,"label":"Gothenburg"}],"product_cat":[{"value":27,"label":"Geen categorie"}]},"featured_image_src_large":["https:\/\/testwebsite.citygame.com\/wp-content\/blogs.dir\/1\/files\/sites\/62\/2026\/02\/sherlock-gameplay-gothenburg-pedestrian-street-1024x585.jpg",1024,585,true],"author_info":[],"comment_info":"","_links":{"self":[{"href":"https:\/\/testwebsite.citygame.com\/lt\/wp-json\/wp\/v2\/product\/67969","targetHints":{"allow":["GET"]}}],"collection":[{"href":"https:\/\/testwebsite.citygame.com\/lt\/wp-json\/wp\/v2\/product"}],"about":[{"href":"https:\/\/testwebsite.citygame.com\/lt\/wp-json\/wp\/v2\/types\/product"}],"acf:post":[{"embeddable":true,"href":"https:\/\/testwebsite.citygame.com\/lt\/wp-json\/wp\/v2\/pages\/10913"}],"wp:featuredmedia":[{"embeddable":true,"href":"https:\/\/testwebsite.citygame.com\/lt\/wp-json\/wp\/v2\/media\/10915"}],"wp:attachment":[{"href":"https:\/\/testwebsite.citygame.com\/lt\/wp-json\/wp\/v2\/media?parent=67969"}],"wp:term":[{"taxonomy":"game-concept","embeddable":true,"href":"https:\/\/testwebsite.citygame.com\/lt\/wp-json\/wp\/v2\/game-concept?post=67969"},{"taxonomy":"location","embeddable":true,"href":"https:\/\/testwebsite.citygame.com\/lt\/wp-json\/wp\/v2\/location?post=67969"},{"taxonomy":"product_brand","embeddable":true,"href":"https:\/\/testwebsite.citygame.com\/lt\/wp-json\/wp\/v2\/product_brand?post=67969"},{"taxonomy":"product_cat","embeddable":true,"href":"https:\/\/testwebsite.citygame.com\/lt\/wp-json\/wp\/v2\/product_cat?post=67969"},{"taxonomy":"product_tag","embeddable":true,"href":"https:\/\/testwebsite.citygame.com\/lt\/wp-json\/wp\/v2\/product_tag?post=67969"}],"curies":[{"name":"wp","href":"https:\/\/api.w.org\/{rel}","templated":true}]}}