{"id":66948,"date":"2026-03-16T12:16:34","date_gmt":"2026-03-16T12:16:34","guid":{"rendered":"https:\/\/testwebsite.citygame.com\/games\/unknown-location\/secrets-of-timisoara\/"},"modified":"2026-04-09T00:42:11","modified_gmt":"2026-04-09T00:42:11","slug":"secrets-of-timisoara","status":"publish","type":"product","link":"https:\/\/testwebsite.citygame.com\/lt\/games\/timisoara\/secrets-of-timisoara\/","title":{"rendered":"Secrets of Timisoara"},"content":{"rendered":"<p>Atraskite sud\u0117tingas Timi\u0161oaros miesto centro detales su m\u016bs\u0173 GPS pagrindu veikian\u010diu Miesto \u017eaidimu. \u0160is savadis miesto \u017eaidimas suteikia unikal\u0173 b\u016bd\u0105 \u012fminti miesto istorijas ir paslaptis, nes \u017eaid\u0117jai tyrin\u0117ja naudodamiesi i\u0161maniuoju telefonu, spr\u0119sdami intriguojan\u010dias m\u012fsles, galvos\u016bkius ir \u012ftraukian\u010dias nuotrauk\u0173 u\u017eduotis. \u0160ios tyrin\u0117jimo kelion\u0117s metu jie pasineria giliai \u012f turting\u0105 Timi\u0161oaros istorij\u0105, kult\u016br\u0105 ir atskleid\u017eia ma\u017eiau \u017einomas, pasl\u0117ptas miesto detales. \u017daidimas skirtas tiek lankytojams, tiek vietiniams gyventojams, su lanks\u010diu \u017eaidimu, tinkan\u010diu solo \u017eaid\u0117jams, poroms, \u0161eimoms ir net draug\u0173 grup\u0117ms. Keliaukite po unikal\u0173 Timi\u0161oaros miestovaizd\u012f per \u0161i\u0105 praturtinan\u010di\u0105 ir pramogin\u0119 kelion\u0119, tobul\u0105 laisvalaikio ir mokymosi derin\u012f.<\/p>\n","protected":false},"excerpt":{"rendered":"<p>Atraskite Timi\u0161oaros \u017eaves\u012f ir aur\u0105! Keliaukite po miest\u0105, kurio gyvybingos kult\u016bros ritmas dera su baroko architekt\u016bros strukt\u016briniu gro\u017eiu. \u012eminkite u\u017euominas \u017eavioje kelion\u0117je po jo gyvybingus kra\u0161tovaizd\u017eius, kur istorija klesti tarp kavini\u0173 ir katedr\u0173. Timisoara \u2013 tai j\u016bs\u0173 kruop\u0161\u010diai paruo\u0161ta drob\u0117, pilna jaudinan\u010di\u0173 atradim\u0173!<\/p>\n","protected":false},"featured_media":19099,"template":"","meta":{"_acf_changed":false,"_yoast_wpseo_focuskw":"Secrets of Timisoara","_yoast_wpseo_metadesc":"Secrets of Timisoara. \u017daiskite savad\u012f Miesto \u017eaidim\u0105 ir tyrin\u0117kite miest\u0105 spr\u0119sdami galvos\u016bkius, m\u012fsles ir atlikdami u\u017eduotis. \u017daiskite savo tempu ir atraskite kaip vietinis!","_kad_blocks_custom_css":"","_kad_blocks_head_custom_js":"","_kad_blocks_body_custom_js":"","_kad_blocks_footer_custom_js":"","ghostkit_customizer_options":"","ghostkit_custom_css":"","ghostkit_custom_js_head":"","ghostkit_custom_js_foot":"","ghostkit_typography":"","_kad_post_transparent":"","_kad_post_title":"","_kad_post_layout":"","_kad_post_sidebar_id":"","_kad_post_content_style":"","_kad_post_vertical_padding":"","_kad_post_feature":"","_kad_post_feature_position":"","_kad_post_header":false,"_kad_post_footer":false,"_kad_post_classname":"","_links_to":"","_links_to_target":""},"game-concept":[722],"location":[396],"product_brand":[],"product_cat":[27],"product_tag":[],"class_list":{"0":"post-66948","1":"product","2":"type-product","3":"status-publish","4":"has-post-thumbnail","6":"game-concept-secrets","7":"location-timisoara","8":"product_cat-geen-categorie","10":"first","11":"instock","12":"shipping-taxable","13":"purchasable","14":"product-type-simple","15":"entry","16":"content-bg","17":"loop-entry"},"acf":{"full_bokun_product_name":"Self-Guided Secrets of Timisoara Exploration Game","location_name":"Timisoara","bokun_calendar_widget_code":"<script type=\"text\/javascript\" src=\"https:\/\/widgets.bokun.io\/assets\/javascripts\/apps\/build\/BokunWidgetsLoader.js?bookingChannelUUID=a1e93e96-5232-4734-a595-28405f4b5a31\" async><\/script>\n     \n    <div class=\"bokunWidget\" data-src=\"https:\/\/widgets.bokun.io\/online-sales\/a1e93e96-5232-4734-a595-28405f4b5a31\/experience-calendar\/924253\"><\/div>\n    <noscript>Please enable javascript in your browser to book<\/noscript>","bokun_button_widget_code":"<script type=\"text\/javascript\" src=\"https:\/\/widgets.bokun.io\/assets\/javascripts\/apps\/build\/BokunWidgetsLoader.js?bookingChannelUUID=a1e93e96-5232-4734-a595-28405f4b5a31\" async><\/script>\n      <style> #bokun_ed001e45_5927_4f62_b470_ca766338d083 { display: inline-block; padding: .4em 1em; background: #47b82e; border-radius: 999999px; box-shadow: none; font-weight: 600; font-size: 24px; text-decoration: none; text-align: center; color: #FFFFFF; border:none; cursor: pointer; transition: background .2s ease; } #bokun_ed001e45_5927_4f62_b470_ca766338d083:hover{ background: #2f7b1f; } #bokun_ed001e45_5927_4f62_b470_ca766338d083:active{ background: #378f24; } <\/style> <button class=\"bokunButton\" disabled id=bokun_ed001e45_5927_4f62_b470_ca766338d083 data-src=\"https:\/\/widgets.bokun.io\/online-sales\/a1e93e96-5232-4734-a595-28405f4b5a31\/experience-calendar\/924253?partialView=1\" data-testid=\"widget-book-button\" > Book now <\/button> ","what_you\u2019ll_experience_during_the_game":"Tyrin\u0117kite gyvybing\u0105 Timi\u0161oaros \u017eaves\u012f su m\u016bs\u0173 \u012ftraukian\u010diu Miesto \u017eaidimu, unikaliu lankytin\u0173 viet\u0173 ap\u017ei\u016br\u0117jimo, interaktyvaus pasakojimo ir i\u0161\u0161\u016bki\u0173 deriniu. Jus lyd\u0117s nematoma gija per garsius ir ma\u017eiau \u017einomus \u0161io gra\u017eaus Rumunijos miesto kampelius. Klajodami po miesto istorinius paminklus ir pasl\u0117ptus lobius, pasinerkite \u012f nuostabi\u0105 Metropolitan Cathedral ir Union Square architekt\u016br\u0105, giliau \u012fminkite Senojo miesto paslaptis ir raskite pasl\u0117pt\u0173 lobi\u0173 Theresia Bastion. Atminkite, tai ne tik ekskursija, bet ir tyrin\u0117jimo \u017eaidimas, atgaivinantis turting\u0105 Timi\u0161oaros istorij\u0105 ir kult\u016br\u0105 patrauklioje ir nuotyki\u0173 kupinoje atmosferoje. \n\nIntrigos ir tyrin\u0117jimo dvasia, leisit\u0117s \u012f daugyb\u0119 i\u0161\u0161\u016bki\u0173, leisdamiesi \u012f \u0161\u012f nuotyk\u012f. Atverkite miesto istorijos sluoksnius spr\u0119sdami galvos\u016bkius ir atsakydami \u012f klausimus, susijusius su j\u016bs\u0173 aplinka. K\u016brybingos nuotrauk\u0173 u\u017eduotys suteikia malon\u0173 pos\u016bk\u012f, o pakeliui u\u017edirbti ta\u0161kai u\u017etikrins auk\u0161tesnes pozicijas \u017eaidimo lyderi\u0173 lentel\u0117je. \u017daidimas turi paslapties element\u0105 su u\u017euominomis, kurios pad\u0117s jums progresuoti sprend\u017eiant galutin\u0119 m\u012fsl\u0119. M\u0117gaukit\u0117s laisve bet kada sustabdyti \u017eaidim\u0105 ir t\u0119skite, kai tik norite t\u0119sti savo nuostab\u0173 Timi\u0161oaros tyrin\u0117jim\u0105 Miesto \u017eaidime.","how_to_play":"U\u017esisakykite Exploration Game, patikrinkite el. lai\u0161k\u0105, kur\u012f jums atsi\u0173sime su paprastomis instrukcijomis, atsisi\u0173skite Loquiz App, pasiekite Exploration Game ir b\u016bsite pasiruo\u0161\u0119 prad\u0117ti savo \u017eaidimo patirt\u012f!","start_location":"Timisoara, Teatrul Na\u021bional Sala 2","available_languages":["en"],"players_per_group":"1-4","duration":"1.5-2 hours","image_overlay_color_image":"https:\/\/testwebsite.citygame.com\/wp-content\/blogs.dir\/1\/files\/sites\/62\/2026\/01\/SecretsColor.svg","image_overlay_game_logo":"https:\/\/testwebsite.citygame.com\/wp-content\/blogs.dir\/1\/files\/sites\/62\/2026\/01\/SecretsLogo.png","city_page":15954,"woocommerce_general_content":null},"yoast_head":"<!-- This site is optimized with the Yoast SEO Premium plugin v26.2 (Yoast SEO v26.3) - https:\/\/yoast.com\/wordpress\/plugins\/seo\/ -->\n<title>Secrets of Timisoara - City Game<\/title>\n<meta name=\"description\" content=\"Secrets of Timisoara. \u017daiskite savad\u012f Miesto \u017eaidim\u0105 ir tyrin\u0117kite miest\u0105 spr\u0119sdami galvos\u016bkius, m\u012fsles ir atlikdami u\u017eduotis. \u017daiskite savo tempu ir atraskite kaip vietinis!\" \/>\n<meta name=\"robots\" content=\"noindex, follow, max-snippet:-1, max-image-preview:large, max-video-preview:-1\" \/>\n<meta property=\"og:locale\" content=\"lt_LT\" \/>\n<meta property=\"og:type\" content=\"article\" \/>\n<meta property=\"og:title\" content=\"Secrets of Timisoara\" \/>\n<meta property=\"og:description\" content=\"Secrets of Timisoara. \u017daiskite savad\u012f Miesto \u017eaidim\u0105 ir tyrin\u0117kite miest\u0105 spr\u0119sdami galvos\u016bkius, m\u012fsles ir atlikdami u\u017eduotis. \u017daiskite savo tempu ir atraskite kaip vietinis!\" \/>\n<meta property=\"og:url\" content=\"https:\/\/testwebsite.citygame.com\/lt\/games\/timisoara\/secrets-of-timisoara\/\" \/>\n<meta property=\"og:site_name\" content=\"City Game\" \/>\n<meta property=\"article:publisher\" content=\"https:\/\/www.facebook.com\/profile.php?id=100086426226253\" \/>\n<meta property=\"article:modified_time\" content=\"2026-04-09T00:42:11+00:00\" \/>\n<meta property=\"og:image\" content=\"https:\/\/testwebsite.citygame.com\/wp-content\/blogs.dir\/1\/files\/sites\/62\/2026\/03\/woman-playing-city-game-timisoara-cobblestone-street.jpg\" \/>\n\t<meta property=\"og:image:width\" content=\"1024\" \/>\n\t<meta property=\"og:image:height\" content=\"1024\" \/>\n\t<meta property=\"og:image:type\" content=\"image\/jpeg\" \/>\n<meta name=\"twitter:card\" content=\"summary_large_image\" \/>\n<meta name=\"twitter:label1\" content=\"Est. reading time\" \/>\n\t<meta name=\"twitter:data1\" content=\"1 minut\u0117\" \/>\n<script type=\"application\/ld+json\" class=\"yoast-schema-graph\">{\"@context\":\"https:\/\/schema.org\",\"@graph\":[{\"@type\":\"WebPage\",\"@id\":\"https:\/\/testwebsite.citygame.com\/lt\/games\/timisoara\/secrets-of-timisoara\/\",\"url\":\"https:\/\/testwebsite.citygame.com\/lt\/games\/timisoara\/secrets-of-timisoara\/\",\"name\":\"Secrets of Timisoara - City Game\",\"isPartOf\":{\"@id\":\"https:\/\/testwebsite.upevents.nl\/#website\"},\"primaryImageOfPage\":{\"@id\":\"https:\/\/testwebsite.citygame.com\/lt\/games\/timisoara\/secrets-of-timisoara\/#primaryimage\"},\"image\":{\"@id\":\"https:\/\/testwebsite.citygame.com\/lt\/games\/timisoara\/secrets-of-timisoara\/#primaryimage\"},\"thumbnailUrl\":\"https:\/\/testwebsite.citygame.com\/wp-content\/blogs.dir\/1\/files\/sites\/62\/2026\/03\/woman-playing-city-game-timisoara-cobblestone-street.jpg\",\"datePublished\":\"2026-03-16T12:16:34+00:00\",\"dateModified\":\"2026-04-09T00:42:11+00:00\",\"description\":\"Secrets of Timisoara. \u017daiskite savad\u012f Miesto \u017eaidim\u0105 ir tyrin\u0117kite miest\u0105 spr\u0119sdami galvos\u016bkius, m\u012fsles ir atlikdami u\u017eduotis. \u017daiskite savo tempu ir atraskite kaip vietinis!\",\"breadcrumb\":{\"@id\":\"https:\/\/testwebsite.citygame.com\/lt\/games\/timisoara\/secrets-of-timisoara\/#breadcrumb\"},\"inLanguage\":\"lt-LT\",\"potentialAction\":[{\"@type\":\"ReadAction\",\"target\":[\"https:\/\/testwebsite.citygame.com\/lt\/games\/timisoara\/secrets-of-timisoara\/\"]}]},{\"@type\":\"ImageObject\",\"inLanguage\":\"lt-LT\",\"@id\":\"https:\/\/testwebsite.citygame.com\/lt\/games\/timisoara\/secrets-of-timisoara\/#primaryimage\",\"url\":\"https:\/\/testwebsite.citygame.com\/wp-content\/blogs.dir\/1\/files\/sites\/62\/2026\/03\/woman-playing-city-game-timisoara-cobblestone-street.jpg\",\"contentUrl\":\"https:\/\/testwebsite.citygame.com\/wp-content\/blogs.dir\/1\/files\/sites\/62\/2026\/03\/woman-playing-city-game-timisoara-cobblestone-street.jpg\",\"width\":1024,\"height\":1024,\"caption\":\"A tourist explores a historic, cobblestone street in Timisoara using a mobile city discovery game.\"},{\"@type\":\"BreadcrumbList\",\"@id\":\"https:\/\/testwebsite.citygame.com\/lt\/games\/timisoara\/secrets-of-timisoara\/#breadcrumb\",\"itemListElement\":[{\"@type\":\"ListItem\",\"position\":1,\"name\":\"Home\",\"item\":\"https:\/\/testwebsite.citygame.com\/lt\/\"},{\"@type\":\"ListItem\",\"position\":2,\"name\":\"Shop\",\"item\":\"https:\/\/testwebsite.citygame.com\/shop\/\"},{\"@type\":\"ListItem\",\"position\":3,\"name\":\"Secrets of Timisoara\"}]},{\"@type\":\"WebSite\",\"@id\":\"https:\/\/testwebsite.upevents.nl\/#website\",\"url\":\"https:\/\/testwebsite.upevents.nl\/\",\"name\":\"City Game\",\"description\":\"\",\"publisher\":{\"@id\":\"https:\/\/testwebsite.upevents.nl\/#organization\"},\"alternateName\":\"citygame.com\",\"potentialAction\":[{\"@type\":\"SearchAction\",\"target\":{\"@type\":\"EntryPoint\",\"urlTemplate\":\"https:\/\/testwebsite.upevents.nl\/?s={search_term_string}\"},\"query-input\":{\"@type\":\"PropertyValueSpecification\",\"valueRequired\":true,\"valueName\":\"search_term_string\"}}],\"inLanguage\":\"lt-LT\"},{\"@type\":[\"Organization\",\"Place\"],\"@id\":\"https:\/\/testwebsite.upevents.nl\/#organization\",\"name\":\"City Game\",\"alternateName\":\"citygame.com\",\"url\":\"https:\/\/testwebsite.upevents.nl\/\",\"logo\":{\"@id\":\"https:\/\/testwebsite.citygame.com\/lt\/games\/timisoara\/secrets-of-timisoara\/#local-main-organization-logo\"},\"image\":{\"@id\":\"https:\/\/testwebsite.citygame.com\/lt\/games\/timisoara\/secrets-of-timisoara\/#local-main-organization-logo\"},\"sameAs\":[\"https:\/\/www.facebook.com\/profile.php?id=100086426226253\",\"https:\/\/www.instagram.com\/citygame_com\",\"https:\/\/www.tiktok.com\/@citygamecom\/\",\"https:\/\/www.linkedin.com\/company\/citygame-com\"],\"description\":\"Turn any city into a playground with our interactive City Games and self-guided tours. Fun, flexible, and ideal for groups and team building.\",\"telephone\":[],\"openingHoursSpecification\":[{\"@type\":\"OpeningHoursSpecification\",\"dayOfWeek\":[\"Monday\",\"Tuesday\",\"Wednesday\",\"Thursday\",\"Friday\",\"Saturday\",\"Sunday\"],\"opens\":\"09:00\",\"closes\":\"17:00\"}]},{\"@type\":\"ImageObject\",\"inLanguage\":\"lt-LT\",\"@id\":\"https:\/\/testwebsite.citygame.com\/lt\/games\/timisoara\/secrets-of-timisoara\/#local-main-organization-logo\",\"url\":\"https:\/\/testwebsite.citygame.com\/wp-content\/blogs.dir\/1\/files\/sites\/62\/2025\/10\/CG_LOGO-City-Game.png\",\"contentUrl\":\"https:\/\/testwebsite.citygame.com\/wp-content\/blogs.dir\/1\/files\/sites\/62\/2025\/10\/CG_LOGO-City-Game.png\",\"width\":351,\"height\":377,\"caption\":\"City Game\"}]}<\/script>\n<!-- \/ Yoast SEO Premium plugin. -->","yoast_head_json":{"title":"Secrets of Timisoara - City Game","description":"Secrets of Timisoara. \u017daiskite savad\u012f Miesto \u017eaidim\u0105 ir tyrin\u0117kite miest\u0105 spr\u0119sdami galvos\u016bkius, m\u012fsles ir atlikdami u\u017eduotis. \u017daiskite savo tempu ir atraskite kaip vietinis!","robots":{"index":"noindex","follow":"follow","max-snippet":"max-snippet:-1","max-image-preview":"max-image-preview:large","max-video-preview":"max-video-preview:-1"},"og_locale":"lt_LT","og_type":"article","og_title":"Secrets of Timisoara","og_description":"Secrets of Timisoara. \u017daiskite savad\u012f Miesto \u017eaidim\u0105 ir tyrin\u0117kite miest\u0105 spr\u0119sdami galvos\u016bkius, m\u012fsles ir atlikdami u\u017eduotis. \u017daiskite savo tempu ir atraskite kaip vietinis!","og_url":"https:\/\/testwebsite.citygame.com\/lt\/games\/timisoara\/secrets-of-timisoara\/","og_site_name":"City Game","article_publisher":"https:\/\/www.facebook.com\/profile.php?id=100086426226253","article_modified_time":"2026-04-09T00:42:11+00:00","og_image":[{"width":1024,"height":1024,"url":"https:\/\/testwebsite.citygame.com\/wp-content\/blogs.dir\/1\/files\/sites\/62\/2026\/03\/woman-playing-city-game-timisoara-cobblestone-street.jpg","type":"image\/jpeg"}],"twitter_card":"summary_large_image","twitter_misc":{"Est. reading time":"1 minut\u0117"},"schema":{"@context":"https:\/\/schema.org","@graph":[{"@type":"WebPage","@id":"https:\/\/testwebsite.citygame.com\/lt\/games\/timisoara\/secrets-of-timisoara\/","url":"https:\/\/testwebsite.citygame.com\/lt\/games\/timisoara\/secrets-of-timisoara\/","name":"Secrets of Timisoara - City Game","isPartOf":{"@id":"https:\/\/testwebsite.upevents.nl\/#website"},"primaryImageOfPage":{"@id":"https:\/\/testwebsite.citygame.com\/lt\/games\/timisoara\/secrets-of-timisoara\/#primaryimage"},"image":{"@id":"https:\/\/testwebsite.citygame.com\/lt\/games\/timisoara\/secrets-of-timisoara\/#primaryimage"},"thumbnailUrl":"https:\/\/testwebsite.citygame.com\/wp-content\/blogs.dir\/1\/files\/sites\/62\/2026\/03\/woman-playing-city-game-timisoara-cobblestone-street.jpg","datePublished":"2026-03-16T12:16:34+00:00","dateModified":"2026-04-09T00:42:11+00:00","description":"Secrets of Timisoara. \u017daiskite savad\u012f Miesto \u017eaidim\u0105 ir tyrin\u0117kite miest\u0105 spr\u0119sdami galvos\u016bkius, m\u012fsles ir atlikdami u\u017eduotis. \u017daiskite savo tempu ir atraskite kaip vietinis!","breadcrumb":{"@id":"https:\/\/testwebsite.citygame.com\/lt\/games\/timisoara\/secrets-of-timisoara\/#breadcrumb"},"inLanguage":"lt-LT","potentialAction":[{"@type":"ReadAction","target":["https:\/\/testwebsite.citygame.com\/lt\/games\/timisoara\/secrets-of-timisoara\/"]}]},{"@type":"ImageObject","inLanguage":"lt-LT","@id":"https:\/\/testwebsite.citygame.com\/lt\/games\/timisoara\/secrets-of-timisoara\/#primaryimage","url":"https:\/\/testwebsite.citygame.com\/wp-content\/blogs.dir\/1\/files\/sites\/62\/2026\/03\/woman-playing-city-game-timisoara-cobblestone-street.jpg","contentUrl":"https:\/\/testwebsite.citygame.com\/wp-content\/blogs.dir\/1\/files\/sites\/62\/2026\/03\/woman-playing-city-game-timisoara-cobblestone-street.jpg","width":1024,"height":1024,"caption":"A tourist explores a historic, cobblestone street in Timisoara using a mobile city discovery game."},{"@type":"BreadcrumbList","@id":"https:\/\/testwebsite.citygame.com\/lt\/games\/timisoara\/secrets-of-timisoara\/#breadcrumb","itemListElement":[{"@type":"ListItem","position":1,"name":"Home","item":"https:\/\/testwebsite.citygame.com\/lt\/"},{"@type":"ListItem","position":2,"name":"Shop","item":"https:\/\/testwebsite.citygame.com\/shop\/"},{"@type":"ListItem","position":3,"name":"Secrets of Timisoara"}]},{"@type":"WebSite","@id":"https:\/\/testwebsite.upevents.nl\/#website","url":"https:\/\/testwebsite.upevents.nl\/","name":"City Game","description":"","publisher":{"@id":"https:\/\/testwebsite.upevents.nl\/#organization"},"alternateName":"citygame.com","potentialAction":[{"@type":"SearchAction","target":{"@type":"EntryPoint","urlTemplate":"https:\/\/testwebsite.upevents.nl\/?s={search_term_string}"},"query-input":{"@type":"PropertyValueSpecification","valueRequired":true,"valueName":"search_term_string"}}],"inLanguage":"lt-LT"},{"@type":["Organization","Place"],"@id":"https:\/\/testwebsite.upevents.nl\/#organization","name":"City Game","alternateName":"citygame.com","url":"https:\/\/testwebsite.upevents.nl\/","logo":{"@id":"https:\/\/testwebsite.citygame.com\/lt\/games\/timisoara\/secrets-of-timisoara\/#local-main-organization-logo"},"image":{"@id":"https:\/\/testwebsite.citygame.com\/lt\/games\/timisoara\/secrets-of-timisoara\/#local-main-organization-logo"},"sameAs":["https:\/\/www.facebook.com\/profile.php?id=100086426226253","https:\/\/www.instagram.com\/citygame_com","https:\/\/www.tiktok.com\/@citygamecom\/","https:\/\/www.linkedin.com\/company\/citygame-com"],"description":"Turn any city into a playground with our interactive City Games and self-guided tours. Fun, flexible, and ideal for groups and team building.","telephone":[],"openingHoursSpecification":[{"@type":"OpeningHoursSpecification","dayOfWeek":["Monday","Tuesday","Wednesday","Thursday","Friday","Saturday","Sunday"],"opens":"09:00","closes":"17:00"}]},{"@type":"ImageObject","inLanguage":"lt-LT","@id":"https:\/\/testwebsite.citygame.com\/lt\/games\/timisoara\/secrets-of-timisoara\/#local-main-organization-logo","url":"https:\/\/testwebsite.citygame.com\/wp-content\/blogs.dir\/1\/files\/sites\/62\/2025\/10\/CG_LOGO-City-Game.png","contentUrl":"https:\/\/testwebsite.citygame.com\/wp-content\/blogs.dir\/1\/files\/sites\/62\/2025\/10\/CG_LOGO-City-Game.png","width":351,"height":377,"caption":"City Game"}]}},"taxonomy_info":{"game-concept":[{"value":722,"label":"Secrets"}],"location":[{"value":396,"label":"Timi\u0219oara"}],"product_cat":[{"value":27,"label":"Geen categorie"}]},"featured_image_src_large":["https:\/\/testwebsite.citygame.com\/wp-content\/blogs.dir\/1\/files\/sites\/62\/2026\/03\/woman-playing-city-game-timisoara-cobblestone-street.jpg",1024,1024,false],"author_info":[],"comment_info":"","_links":{"self":[{"href":"https:\/\/testwebsite.citygame.com\/lt\/wp-json\/wp\/v2\/product\/66948","targetHints":{"allow":["GET"]}}],"collection":[{"href":"https:\/\/testwebsite.citygame.com\/lt\/wp-json\/wp\/v2\/product"}],"about":[{"href":"https:\/\/testwebsite.citygame.com\/lt\/wp-json\/wp\/v2\/types\/product"}],"acf:post":[{"embeddable":true,"href":"https:\/\/testwebsite.citygame.com\/lt\/wp-json\/wp\/v2\/pages\/15954"}],"wp:featuredmedia":[{"embeddable":true,"href":"https:\/\/testwebsite.citygame.com\/lt\/wp-json\/wp\/v2\/media\/19099"}],"wp:attachment":[{"href":"https:\/\/testwebsite.citygame.com\/lt\/wp-json\/wp\/v2\/media?parent=66948"}],"wp:term":[{"taxonomy":"game-concept","embeddable":true,"href":"https:\/\/testwebsite.citygame.com\/lt\/wp-json\/wp\/v2\/game-concept?post=66948"},{"taxonomy":"location","embeddable":true,"href":"https:\/\/testwebsite.citygame.com\/lt\/wp-json\/wp\/v2\/location?post=66948"},{"taxonomy":"product_brand","embeddable":true,"href":"https:\/\/testwebsite.citygame.com\/lt\/wp-json\/wp\/v2\/product_brand?post=66948"},{"taxonomy":"product_cat","embeddable":true,"href":"https:\/\/testwebsite.citygame.com\/lt\/wp-json\/wp\/v2\/product_cat?post=66948"},{"taxonomy":"product_tag","embeddable":true,"href":"https:\/\/testwebsite.citygame.com\/lt\/wp-json\/wp\/v2\/product_tag?post=66948"}],"curies":[{"name":"wp","href":"https:\/\/api.w.org\/{rel}","templated":true}]}}