{"id":66917,"date":"2026-03-16T11:54:38","date_gmt":"2026-03-16T11:54:38","guid":{"rendered":"https:\/\/testwebsite.citygame.com\/games\/unknown-location\/secrets-of-zutphen\/"},"modified":"2026-04-09T00:25:14","modified_gmt":"2026-04-09T00:25:14","slug":"secrets-of-zutphen","status":"publish","type":"product","link":"https:\/\/testwebsite.citygame.com\/lt\/games\/zutphen\/secrets-of-zutphen\/","title":{"rendered":"Secrets of Zutphen"},"content":{"rendered":"<p>Atraskite Zutpheno \u017eaves\u012f su &#8220;Secrets of Zutphen City Game&#8221;, \u012ftraukian\u010diu, savaranki\u0161ku miesto \u017eaidimu, vykstan\u010diu istoriniame Zutpheno centre. \u0160is GPS pagrindu veikiantis \u017eaidimas paver\u010dia j\u016bs\u0173 telefon\u0105 nuotyki\u0173 ir tyrin\u0117jim\u0173 portalu, mesdamas jums i\u0161\u0161\u016bk\u012f spr\u0119sti m\u012fsles, \u012fminti galvos\u016bkius ir \u012fvykdyti nuotrauk\u0173 u\u017eduotis, i\u0161sibars\u010diusias po vis\u0105 miest\u0105. Keliaudami nuo ta\u0161ko iki ta\u0161ko, pasinersite \u012f Zutpheno istorij\u0105, kult\u016br\u0105 ir atrasite pasl\u0117ptas detales, kurios nepastebimos \u012fprastai akiai. Nesvarbu, ar esate vietinis gyventojas, ie\u0161kantis naujos perspektyvos, ar smalsus lankytojas, \u0161is tyrin\u0117jimo \u017eaidimas yra puikus b\u016bdas susipa\u017einti su miestu. \u017daidimas puikiai tinka \u017eaisti vienam arba gali tapti patrauklia grupine veikla poroms, \u0161eimoms ar draug\u0173 grup\u0117ms.<\/p>\n","protected":false},"excerpt":{"rendered":"<p>Atskleiskite Zutpheno uolum\u0105 ir gyvybingum\u0105! Leiskit\u0117s \u012f nuotykius mieste, kur turtinga istorija sklinda i\u0161 senovini\u0173 bok\u0161t\u0173, o k\u016brybin\u0117 energija teka kaip IJssel up\u0117, d\u0117liodami u\u017euominas tarp \u017eaving\u0173 gatveli\u0173. Zutphenas i\u0161ties yra lobis, laukiantis j\u016bs\u0173 atradimo!<\/p>\n","protected":false},"featured_media":19082,"template":"","meta":{"_acf_changed":false,"_yoast_wpseo_focuskw":"Secrets of Zutphen","_yoast_wpseo_metadesc":"Secrets of Zutphen. \u017daiskite savaranki\u0161k\u0105 miesto \u017eaidim\u0105 ir tyrin\u0117kite miest\u0105 spr\u0119sdami galvos\u016bkius, m\u012fsles ir u\u017eduotis. \u017daiskite savo tempu ir atraskite kaip vietinis!","_kad_blocks_custom_css":"","_kad_blocks_head_custom_js":"","_kad_blocks_body_custom_js":"","_kad_blocks_footer_custom_js":"","ghostkit_customizer_options":"","ghostkit_custom_css":"","ghostkit_custom_js_head":"","ghostkit_custom_js_foot":"","ghostkit_typography":"","_kad_post_transparent":"","_kad_post_title":"","_kad_post_layout":"","_kad_post_sidebar_id":"","_kad_post_content_style":"","_kad_post_vertical_padding":"","_kad_post_feature":"","_kad_post_feature_position":"","_kad_post_header":false,"_kad_post_footer":false,"_kad_post_classname":"","_links_to":"","_links_to_target":""},"game-concept":[722],"location":[438],"product_brand":[],"product_cat":[27],"product_tag":[],"class_list":{"0":"post-66917","1":"product","2":"type-product","3":"status-publish","4":"has-post-thumbnail","6":"game-concept-secrets","7":"location-zutphen","8":"product_cat-geen-categorie","10":"first","11":"instock","12":"shipping-taxable","13":"purchasable","14":"product-type-simple","15":"entry","16":"content-bg","17":"loop-entry"},"acf":{"full_bokun_product_name":"Self-Guided Secrets of Zutphen Exploration Game","location_name":"Zutphen","bokun_calendar_widget_code":"<script type=\"text\/javascript\" src=\"https:\/\/widgets.bokun.io\/assets\/javascripts\/apps\/build\/BokunWidgetsLoader.js?bookingChannelUUID=a1e93e96-5232-4734-a595-28405f4b5a31\" async><\/script>\n     \n    <div class=\"bokunWidget\" data-src=\"https:\/\/widgets.bokun.io\/online-sales\/a1e93e96-5232-4734-a595-28405f4b5a31\/experience-calendar\/887827\"><\/div>\n    <noscript>Please enable javascript in your browser to book<\/noscript>","bokun_button_widget_code":"<script type=\"text\/javascript\" src=\"https:\/\/widgets.bokun.io\/assets\/javascripts\/apps\/build\/BokunWidgetsLoader.js?bookingChannelUUID=a1e93e96-5232-4734-a595-28405f4b5a31\" async><\/script>\n      <style> #bokun_ed001e45_5927_4f62_b470_ca766338d083 { display: inline-block; padding: .4em 1em; background: #47b82e; border-radius: 999999px; box-shadow: none; font-weight: 600; font-size: 24px; text-decoration: none; text-align: center; color: #FFFFFF; border:none; cursor: pointer; transition: background .2s ease; } #bokun_ed001e45_5927_4f62_b470_ca766338d083:hover{ background: #2f7b1f; } #bokun_ed001e45_5927_4f62_b470_ca766338d083:active{ background: #378f24; } <\/style> <button class=\"bokunButton\" disabled id=bokun_ed001e45_5927_4f62_b470_ca766338d083 data-src=\"https:\/\/widgets.bokun.io\/online-sales\/a1e93e96-5232-4734-a595-28405f4b5a31\/experience-calendar\/887827?partialView=1\" data-testid=\"widget-book-button\" > Book now <\/button> ","what_you\u2019ll_experience_during_the_game":"The Secrets of Zutphen City Game skland\u017eiai derina ap\u017evalg\u0105 ir \u012ftraukiant\u012f pasakojim\u0105 su \u012fvairiomis interaktyviomis u\u017eduotimis. Kai nar\u0161ysite tiek gerai \u017einomais takais, tiek pasl\u0117ptais Zutpheno kampeliais, \u017eaidimas \u012ftraukian\u010diu b\u016bdu atskleis miesto \u017eaves\u012f ir istorij\u0105. M\u0117gaukit\u0117s miesto didybe, ap\u017ei\u016br\u0117dami ikonines vietas, tokias kaip 52.144247 koordinat\u0117, papildytas ma\u017eiau atrast\u0173 viet\u0173, toki\u0173 kaip 52.139909 ir 52.142608 koordinat\u0117s, \u017eavesiu, visa tai panir\u0119 \u012f ry\u0161ki\u0105 patirt\u012f, jungian\u010di\u0105 realyb\u0119 ir fikcij\u0105.\n\nPasinerkite \u012f \u017eaidim\u0105, kuris ne tik atskleid\u017eia Zutpheno paslaptis, bet ir i\u0161bando j\u016bs\u0173 dr\u0105s\u0105. J\u016bs\u0173 laukian\u010dios u\u017eduotys svyruos nuo prot\u0105 ver\u010dian\u010di\u0173 m\u012fsli\u0173 iki i\u0161rading\u0173 nuotrauk\u0173 u\u017eduo\u010di\u0173, kiekviena kruop\u0161\u010diai sukurta, kad jus i\u0161laikyt\u0173 budrius. S\u0117km\u0117 \u012fveikiant \u0161iuos i\u0161bandymus apdovanoja jus ta\u0161kais, atrakina u\u017euominas ir paruo\u0161ia dirv\u0105 galutin\u0117s m\u012fsl\u0117s, esan\u010dios miesto \u0161irdyje, i\u0161sprendimui. Atminkite, kad \u0161\u012f tyrin\u0117jimo \u017eaidim\u0105 galima pristabdyti, leid\u017eiant jums i\u0161ties pasinerti \u012f Zutpheno atmosfer\u0105 arba siekti auk\u0161tos vietos lyderi\u0173 lentel\u0117je savo tempu. \u0160io miesto \u017eaidimo gro\u017eis slypi tame, kad miestas tampa j\u016bs\u0173 \u017eaidim\u0173 aik\u0161tele ir galvos\u016bkiu, susipynusiu \u012f atradim\u0173 pasakojim\u0105.","how_to_play":"U\u017esisakykite tyrin\u0117jimo \u017eaidim\u0105, patikrinkite m\u016bs\u0173 atsi\u0173st\u0105 el. lai\u0161k\u0105 su paprastomis instrukcijomis, atsisi\u0173skite Loquiz program\u0117l\u0119, pasiekite tyrin\u0117jimo \u017eaidim\u0105 ir esate pasiruo\u0161\u0119 prad\u0117ti savo \u017eaidimo patirt\u012f!","start_location":"Zutphen, Kerkhof","available_languages":["en"],"players_per_group":"1-4","duration":"1.5-2 hours","image_overlay_color_image":"https:\/\/testwebsite.citygame.com\/wp-content\/blogs.dir\/1\/files\/sites\/62\/2026\/01\/SecretsColor.svg","image_overlay_game_logo":"https:\/\/testwebsite.citygame.com\/wp-content\/blogs.dir\/1\/files\/sites\/62\/2026\/01\/SecretsLogo.png","city_page":15911,"woocommerce_general_content":null},"yoast_head":"<!-- This site is optimized with the Yoast SEO Premium plugin v26.2 (Yoast SEO v26.3) - https:\/\/yoast.com\/wordpress\/plugins\/seo\/ -->\n<title>Secrets of Zutphen - City Game<\/title>\n<meta name=\"description\" content=\"Secrets of Zutphen. \u017daiskite savaranki\u0161k\u0105 miesto \u017eaidim\u0105 ir tyrin\u0117kite miest\u0105 spr\u0119sdami galvos\u016bkius, m\u012fsles ir u\u017eduotis. \u017daiskite savo tempu ir atraskite kaip vietinis!\" \/>\n<meta name=\"robots\" content=\"noindex, follow, max-snippet:-1, max-image-preview:large, max-video-preview:-1\" \/>\n<meta property=\"og:locale\" content=\"lt_LT\" \/>\n<meta property=\"og:type\" content=\"article\" \/>\n<meta property=\"og:title\" content=\"Secrets of Zutphen\" \/>\n<meta property=\"og:description\" content=\"Secrets of Zutphen. \u017daiskite savaranki\u0161k\u0105 miesto \u017eaidim\u0105 ir tyrin\u0117kite miest\u0105 spr\u0119sdami galvos\u016bkius, m\u012fsles ir u\u017eduotis. \u017daiskite savo tempu ir atraskite kaip vietinis!\" \/>\n<meta property=\"og:url\" content=\"https:\/\/testwebsite.citygame.com\/lt\/games\/zutphen\/secrets-of-zutphen\/\" \/>\n<meta property=\"og:site_name\" content=\"City Game\" \/>\n<meta property=\"article:publisher\" content=\"https:\/\/www.facebook.com\/profile.php?id=100086426226253\" \/>\n<meta property=\"article:modified_time\" content=\"2026-04-09T00:25:14+00:00\" \/>\n<meta property=\"og:image\" content=\"https:\/\/testwebsite.citygame.com\/wp-content\/blogs.dir\/1\/files\/sites\/62\/2026\/03\/man-playing-city-game-on-smartphone-in-zutphen.jpg\" \/>\n\t<meta property=\"og:image:width\" content=\"1024\" \/>\n\t<meta property=\"og:image:height\" content=\"1024\" \/>\n\t<meta property=\"og:image:type\" content=\"image\/jpeg\" \/>\n<meta name=\"twitter:card\" content=\"summary_large_image\" \/>\n<meta name=\"twitter:label1\" content=\"Est. reading time\" \/>\n\t<meta name=\"twitter:data1\" content=\"1 minut\u0117\" \/>\n<script type=\"application\/ld+json\" class=\"yoast-schema-graph\">{\"@context\":\"https:\/\/schema.org\",\"@graph\":[{\"@type\":\"WebPage\",\"@id\":\"https:\/\/testwebsite.citygame.com\/lt\/games\/zutphen\/secrets-of-zutphen\/\",\"url\":\"https:\/\/testwebsite.citygame.com\/lt\/games\/zutphen\/secrets-of-zutphen\/\",\"name\":\"Secrets of Zutphen - City Game\",\"isPartOf\":{\"@id\":\"https:\/\/testwebsite.upevents.nl\/#website\"},\"primaryImageOfPage\":{\"@id\":\"https:\/\/testwebsite.citygame.com\/lt\/games\/zutphen\/secrets-of-zutphen\/#primaryimage\"},\"image\":{\"@id\":\"https:\/\/testwebsite.citygame.com\/lt\/games\/zutphen\/secrets-of-zutphen\/#primaryimage\"},\"thumbnailUrl\":\"https:\/\/testwebsite.citygame.com\/wp-content\/blogs.dir\/1\/files\/sites\/62\/2026\/03\/man-playing-city-game-on-smartphone-in-zutphen.jpg\",\"datePublished\":\"2026-03-16T11:54:38+00:00\",\"dateModified\":\"2026-04-09T00:25:14+00:00\",\"description\":\"Secrets of Zutphen. \u017daiskite savaranki\u0161k\u0105 miesto \u017eaidim\u0105 ir tyrin\u0117kite miest\u0105 spr\u0119sdami galvos\u016bkius, m\u012fsles ir u\u017eduotis. \u017daiskite savo tempu ir atraskite kaip vietinis!\",\"breadcrumb\":{\"@id\":\"https:\/\/testwebsite.citygame.com\/lt\/games\/zutphen\/secrets-of-zutphen\/#breadcrumb\"},\"inLanguage\":\"lt-LT\",\"potentialAction\":[{\"@type\":\"ReadAction\",\"target\":[\"https:\/\/testwebsite.citygame.com\/lt\/games\/zutphen\/secrets-of-zutphen\/\"]}]},{\"@type\":\"ImageObject\",\"inLanguage\":\"lt-LT\",\"@id\":\"https:\/\/testwebsite.citygame.com\/lt\/games\/zutphen\/secrets-of-zutphen\/#primaryimage\",\"url\":\"https:\/\/testwebsite.citygame.com\/wp-content\/blogs.dir\/1\/files\/sites\/62\/2026\/03\/man-playing-city-game-on-smartphone-in-zutphen.jpg\",\"contentUrl\":\"https:\/\/testwebsite.citygame.com\/wp-content\/blogs.dir\/1\/files\/sites\/62\/2026\/03\/man-playing-city-game-on-smartphone-in-zutphen.jpg\",\"width\":1024,\"height\":1024,\"caption\":\"A player interacts with a city game app while standing on a historic street in Zutphen.\"},{\"@type\":\"BreadcrumbList\",\"@id\":\"https:\/\/testwebsite.citygame.com\/lt\/games\/zutphen\/secrets-of-zutphen\/#breadcrumb\",\"itemListElement\":[{\"@type\":\"ListItem\",\"position\":1,\"name\":\"Home\",\"item\":\"https:\/\/testwebsite.citygame.com\/lt\/\"},{\"@type\":\"ListItem\",\"position\":2,\"name\":\"Shop\",\"item\":\"https:\/\/testwebsite.citygame.com\/shop\/\"},{\"@type\":\"ListItem\",\"position\":3,\"name\":\"Secrets of Zutphen\"}]},{\"@type\":\"WebSite\",\"@id\":\"https:\/\/testwebsite.upevents.nl\/#website\",\"url\":\"https:\/\/testwebsite.upevents.nl\/\",\"name\":\"City Game\",\"description\":\"\",\"publisher\":{\"@id\":\"https:\/\/testwebsite.upevents.nl\/#organization\"},\"alternateName\":\"citygame.com\",\"potentialAction\":[{\"@type\":\"SearchAction\",\"target\":{\"@type\":\"EntryPoint\",\"urlTemplate\":\"https:\/\/testwebsite.upevents.nl\/?s={search_term_string}\"},\"query-input\":{\"@type\":\"PropertyValueSpecification\",\"valueRequired\":true,\"valueName\":\"search_term_string\"}}],\"inLanguage\":\"lt-LT\"},{\"@type\":[\"Organization\",\"Place\"],\"@id\":\"https:\/\/testwebsite.upevents.nl\/#organization\",\"name\":\"City Game\",\"alternateName\":\"citygame.com\",\"url\":\"https:\/\/testwebsite.upevents.nl\/\",\"logo\":{\"@id\":\"https:\/\/testwebsite.citygame.com\/lt\/games\/zutphen\/secrets-of-zutphen\/#local-main-organization-logo\"},\"image\":{\"@id\":\"https:\/\/testwebsite.citygame.com\/lt\/games\/zutphen\/secrets-of-zutphen\/#local-main-organization-logo\"},\"sameAs\":[\"https:\/\/www.facebook.com\/profile.php?id=100086426226253\",\"https:\/\/www.instagram.com\/citygame_com\",\"https:\/\/www.tiktok.com\/@citygamecom\/\",\"https:\/\/www.linkedin.com\/company\/citygame-com\"],\"description\":\"Turn any city into a playground with our interactive City Games and self-guided tours. Fun, flexible, and ideal for groups and team building.\",\"telephone\":[],\"openingHoursSpecification\":[{\"@type\":\"OpeningHoursSpecification\",\"dayOfWeek\":[\"Monday\",\"Tuesday\",\"Wednesday\",\"Thursday\",\"Friday\",\"Saturday\",\"Sunday\"],\"opens\":\"09:00\",\"closes\":\"17:00\"}]},{\"@type\":\"ImageObject\",\"inLanguage\":\"lt-LT\",\"@id\":\"https:\/\/testwebsite.citygame.com\/lt\/games\/zutphen\/secrets-of-zutphen\/#local-main-organization-logo\",\"url\":\"https:\/\/testwebsite.citygame.com\/wp-content\/blogs.dir\/1\/files\/sites\/62\/2025\/10\/CG_LOGO-City-Game.png\",\"contentUrl\":\"https:\/\/testwebsite.citygame.com\/wp-content\/blogs.dir\/1\/files\/sites\/62\/2025\/10\/CG_LOGO-City-Game.png\",\"width\":351,\"height\":377,\"caption\":\"City Game\"}]}<\/script>\n<!-- \/ Yoast SEO Premium plugin. -->","yoast_head_json":{"title":"Secrets of Zutphen - City Game","description":"Secrets of Zutphen. \u017daiskite savaranki\u0161k\u0105 miesto \u017eaidim\u0105 ir tyrin\u0117kite miest\u0105 spr\u0119sdami galvos\u016bkius, m\u012fsles ir u\u017eduotis. \u017daiskite savo tempu ir atraskite kaip vietinis!","robots":{"index":"noindex","follow":"follow","max-snippet":"max-snippet:-1","max-image-preview":"max-image-preview:large","max-video-preview":"max-video-preview:-1"},"og_locale":"lt_LT","og_type":"article","og_title":"Secrets of Zutphen","og_description":"Secrets of Zutphen. \u017daiskite savaranki\u0161k\u0105 miesto \u017eaidim\u0105 ir tyrin\u0117kite miest\u0105 spr\u0119sdami galvos\u016bkius, m\u012fsles ir u\u017eduotis. \u017daiskite savo tempu ir atraskite kaip vietinis!","og_url":"https:\/\/testwebsite.citygame.com\/lt\/games\/zutphen\/secrets-of-zutphen\/","og_site_name":"City Game","article_publisher":"https:\/\/www.facebook.com\/profile.php?id=100086426226253","article_modified_time":"2026-04-09T00:25:14+00:00","og_image":[{"width":1024,"height":1024,"url":"https:\/\/testwebsite.citygame.com\/wp-content\/blogs.dir\/1\/files\/sites\/62\/2026\/03\/man-playing-city-game-on-smartphone-in-zutphen.jpg","type":"image\/jpeg"}],"twitter_card":"summary_large_image","twitter_misc":{"Est. reading time":"1 minut\u0117"},"schema":{"@context":"https:\/\/schema.org","@graph":[{"@type":"WebPage","@id":"https:\/\/testwebsite.citygame.com\/lt\/games\/zutphen\/secrets-of-zutphen\/","url":"https:\/\/testwebsite.citygame.com\/lt\/games\/zutphen\/secrets-of-zutphen\/","name":"Secrets of Zutphen - City Game","isPartOf":{"@id":"https:\/\/testwebsite.upevents.nl\/#website"},"primaryImageOfPage":{"@id":"https:\/\/testwebsite.citygame.com\/lt\/games\/zutphen\/secrets-of-zutphen\/#primaryimage"},"image":{"@id":"https:\/\/testwebsite.citygame.com\/lt\/games\/zutphen\/secrets-of-zutphen\/#primaryimage"},"thumbnailUrl":"https:\/\/testwebsite.citygame.com\/wp-content\/blogs.dir\/1\/files\/sites\/62\/2026\/03\/man-playing-city-game-on-smartphone-in-zutphen.jpg","datePublished":"2026-03-16T11:54:38+00:00","dateModified":"2026-04-09T00:25:14+00:00","description":"Secrets of Zutphen. \u017daiskite savaranki\u0161k\u0105 miesto \u017eaidim\u0105 ir tyrin\u0117kite miest\u0105 spr\u0119sdami galvos\u016bkius, m\u012fsles ir u\u017eduotis. \u017daiskite savo tempu ir atraskite kaip vietinis!","breadcrumb":{"@id":"https:\/\/testwebsite.citygame.com\/lt\/games\/zutphen\/secrets-of-zutphen\/#breadcrumb"},"inLanguage":"lt-LT","potentialAction":[{"@type":"ReadAction","target":["https:\/\/testwebsite.citygame.com\/lt\/games\/zutphen\/secrets-of-zutphen\/"]}]},{"@type":"ImageObject","inLanguage":"lt-LT","@id":"https:\/\/testwebsite.citygame.com\/lt\/games\/zutphen\/secrets-of-zutphen\/#primaryimage","url":"https:\/\/testwebsite.citygame.com\/wp-content\/blogs.dir\/1\/files\/sites\/62\/2026\/03\/man-playing-city-game-on-smartphone-in-zutphen.jpg","contentUrl":"https:\/\/testwebsite.citygame.com\/wp-content\/blogs.dir\/1\/files\/sites\/62\/2026\/03\/man-playing-city-game-on-smartphone-in-zutphen.jpg","width":1024,"height":1024,"caption":"A player interacts with a city game app while standing on a historic street in Zutphen."},{"@type":"BreadcrumbList","@id":"https:\/\/testwebsite.citygame.com\/lt\/games\/zutphen\/secrets-of-zutphen\/#breadcrumb","itemListElement":[{"@type":"ListItem","position":1,"name":"Home","item":"https:\/\/testwebsite.citygame.com\/lt\/"},{"@type":"ListItem","position":2,"name":"Shop","item":"https:\/\/testwebsite.citygame.com\/shop\/"},{"@type":"ListItem","position":3,"name":"Secrets of Zutphen"}]},{"@type":"WebSite","@id":"https:\/\/testwebsite.upevents.nl\/#website","url":"https:\/\/testwebsite.upevents.nl\/","name":"City Game","description":"","publisher":{"@id":"https:\/\/testwebsite.upevents.nl\/#organization"},"alternateName":"citygame.com","potentialAction":[{"@type":"SearchAction","target":{"@type":"EntryPoint","urlTemplate":"https:\/\/testwebsite.upevents.nl\/?s={search_term_string}"},"query-input":{"@type":"PropertyValueSpecification","valueRequired":true,"valueName":"search_term_string"}}],"inLanguage":"lt-LT"},{"@type":["Organization","Place"],"@id":"https:\/\/testwebsite.upevents.nl\/#organization","name":"City Game","alternateName":"citygame.com","url":"https:\/\/testwebsite.upevents.nl\/","logo":{"@id":"https:\/\/testwebsite.citygame.com\/lt\/games\/zutphen\/secrets-of-zutphen\/#local-main-organization-logo"},"image":{"@id":"https:\/\/testwebsite.citygame.com\/lt\/games\/zutphen\/secrets-of-zutphen\/#local-main-organization-logo"},"sameAs":["https:\/\/www.facebook.com\/profile.php?id=100086426226253","https:\/\/www.instagram.com\/citygame_com","https:\/\/www.tiktok.com\/@citygamecom\/","https:\/\/www.linkedin.com\/company\/citygame-com"],"description":"Turn any city into a playground with our interactive City Games and self-guided tours. Fun, flexible, and ideal for groups and team building.","telephone":[],"openingHoursSpecification":[{"@type":"OpeningHoursSpecification","dayOfWeek":["Monday","Tuesday","Wednesday","Thursday","Friday","Saturday","Sunday"],"opens":"09:00","closes":"17:00"}]},{"@type":"ImageObject","inLanguage":"lt-LT","@id":"https:\/\/testwebsite.citygame.com\/lt\/games\/zutphen\/secrets-of-zutphen\/#local-main-organization-logo","url":"https:\/\/testwebsite.citygame.com\/wp-content\/blogs.dir\/1\/files\/sites\/62\/2025\/10\/CG_LOGO-City-Game.png","contentUrl":"https:\/\/testwebsite.citygame.com\/wp-content\/blogs.dir\/1\/files\/sites\/62\/2025\/10\/CG_LOGO-City-Game.png","width":351,"height":377,"caption":"City Game"}]}},"taxonomy_info":{"game-concept":[{"value":722,"label":"Secrets"}],"location":[{"value":438,"label":"Zutphen"}],"product_cat":[{"value":27,"label":"Geen categorie"}]},"featured_image_src_large":["https:\/\/testwebsite.citygame.com\/wp-content\/blogs.dir\/1\/files\/sites\/62\/2026\/03\/man-playing-city-game-on-smartphone-in-zutphen.jpg",1024,1024,false],"author_info":[],"comment_info":"","_links":{"self":[{"href":"https:\/\/testwebsite.citygame.com\/lt\/wp-json\/wp\/v2\/product\/66917","targetHints":{"allow":["GET"]}}],"collection":[{"href":"https:\/\/testwebsite.citygame.com\/lt\/wp-json\/wp\/v2\/product"}],"about":[{"href":"https:\/\/testwebsite.citygame.com\/lt\/wp-json\/wp\/v2\/types\/product"}],"acf:post":[{"embeddable":true,"href":"https:\/\/testwebsite.citygame.com\/lt\/wp-json\/wp\/v2\/pages\/15911"}],"wp:featuredmedia":[{"embeddable":true,"href":"https:\/\/testwebsite.citygame.com\/lt\/wp-json\/wp\/v2\/media\/19082"}],"wp:attachment":[{"href":"https:\/\/testwebsite.citygame.com\/lt\/wp-json\/wp\/v2\/media?parent=66917"}],"wp:term":[{"taxonomy":"game-concept","embeddable":true,"href":"https:\/\/testwebsite.citygame.com\/lt\/wp-json\/wp\/v2\/game-concept?post=66917"},{"taxonomy":"location","embeddable":true,"href":"https:\/\/testwebsite.citygame.com\/lt\/wp-json\/wp\/v2\/location?post=66917"},{"taxonomy":"product_brand","embeddable":true,"href":"https:\/\/testwebsite.citygame.com\/lt\/wp-json\/wp\/v2\/product_brand?post=66917"},{"taxonomy":"product_cat","embeddable":true,"href":"https:\/\/testwebsite.citygame.com\/lt\/wp-json\/wp\/v2\/product_cat?post=66917"},{"taxonomy":"product_tag","embeddable":true,"href":"https:\/\/testwebsite.citygame.com\/lt\/wp-json\/wp\/v2\/product_tag?post=66917"}],"curies":[{"name":"wp","href":"https:\/\/api.w.org\/{rel}","templated":true}]}}