{"id":66855,"date":"2026-03-16T10:57:36","date_gmt":"2026-03-16T10:57:36","guid":{"rendered":"https:\/\/testwebsite.citygame.com\/games\/unknown-location\/secrets-of-wijk-bij-duurstede\/"},"modified":"2026-04-08T23:50:35","modified_gmt":"2026-04-08T23:50:35","slug":"secrets-of-wijk-bij-duurstede","status":"publish","type":"product","link":"https:\/\/testwebsite.citygame.com\/lt\/games\/wijk-bij-duurstede\/secrets-of-wijk-bij-duurstede\/","title":{"rendered":"Secrets of Wijk bij Duurstede"},"content":{"rendered":"<p>Pasinerkite \u012f nepaprast\u0105 tyrin\u0117jimo \u017eaidim\u0105, savaranki\u0161k\u0105, GPS pagrindu veikiant\u012f &#8216;Secrets of Wijk bij Duurstede City Game&#8217;, esant\u012f Wijk bij Duurstede miesto centre. Dalyviai nar\u0161ys miesto gatv\u0117mis ir spr\u0119s \u012ftraukian\u010dias m\u012fsles, galvos\u016bkius ir nuotrauk\u0173 i\u0161\u0161\u016bkius, visa tai naudodami savo i\u0161man\u0173j\u012f telefon\u0105. Keliaudami per \u017eaidim\u0105, \u017eaid\u0117jai atskleis unikali\u0105 miesto istorij\u0105, kult\u016brin\u012f patrauklum\u0105 ir atras pasl\u0117ptas detales. \u0160i nauja patirtis d\u017eiugins tiek vietinius, norin\u010dius i\u0161 naujo atrasti savo gimt\u0105j\u012f miest\u0105, tiek lankytojus, ie\u0161kan\u010dius \u012ftraukian\u010dios veiklos. Nesvarbu, ar esate solo tyrin\u0117tojas, ar poros, \u0161eimos ar draug\u0173 grup\u0117s dalis, &#8216;City Game Wijk bij Duurstede&#8217; rasite stimuliuojan\u010diu ir pramoginiu b\u016bdu pa\u017einti miest\u0105.<\/p>\n","protected":false},"excerpt":{"rendered":"<p>Atraskite Wijk bij Duurstede paslaptis! Pasinerkite \u012f miest\u0105, kuriame \u0161iuolaikinis menas susilieja su viduram\u017ei\u0173 \u017eavesiu, o tradicijos \u0161nab\u017eda nuo sen\u0173 pilies sien\u0173 iki jauki\u0173 akmenimis gr\u012fst\u0173 gatveli\u0173. I\u0161\u0161ifruokite jo pasl\u0117ptas istorijas, nar\u0161ydami po jo m\u012fsling\u0105 branduol\u012f, nes Wijk bij Duurstede gausu netik\u0117t\u0173 atradim\u0173 kiekviename pos\u016bkyje!<\/p>\n","protected":false},"featured_media":19053,"template":"","meta":{"_acf_changed":false,"_yoast_wpseo_focuskw":"Secrets of Wijk bij Duurstede","_yoast_wpseo_metadesc":"Secrets of Wijk bij Duurstede. \u017daiskite savaranki\u0161k\u0105 miesto \u017eaidim\u0105 ir tyrin\u0117kite miest\u0105 spr\u0119sdami galvos\u016bkius, m\u012fsles ir i\u0161\u0161\u016bkius. \u017daiskite savo tempu ir atraskite kaip vietinis!","_kad_blocks_custom_css":"","_kad_blocks_head_custom_js":"","_kad_blocks_body_custom_js":"","_kad_blocks_footer_custom_js":"","ghostkit_customizer_options":"","ghostkit_custom_css":"","ghostkit_custom_js_head":"","ghostkit_custom_js_foot":"","ghostkit_typography":"","_kad_post_transparent":"","_kad_post_title":"","_kad_post_layout":"","_kad_post_sidebar_id":"","_kad_post_content_style":"","_kad_post_vertical_padding":"","_kad_post_feature":"","_kad_post_feature_position":"","_kad_post_header":false,"_kad_post_footer":false,"_kad_post_classname":"","_links_to":"","_links_to_target":""},"game-concept":[722],"location":[427],"product_brand":[],"product_cat":[27],"product_tag":[],"class_list":{"0":"post-66855","1":"product","2":"type-product","3":"status-publish","4":"has-post-thumbnail","6":"game-concept-secrets","7":"location-wijk-bij-duurstede","8":"product_cat-geen-categorie","10":"first","11":"instock","12":"shipping-taxable","13":"purchasable","14":"product-type-simple","15":"entry","16":"content-bg","17":"loop-entry"},"acf":{"full_bokun_product_name":"Self-Guided Secrets of Wijk bij Duurstede Exploration Game","location_name":"Wijk bij Duurstede","bokun_calendar_widget_code":"<script type=\"text\/javascript\" src=\"https:\/\/widgets.bokun.io\/assets\/javascripts\/apps\/build\/BokunWidgetsLoader.js?bookingChannelUUID=a1e93e96-5232-4734-a595-28405f4b5a31\" async><\/script>\n     \n    <div class=\"bokunWidget\" data-src=\"https:\/\/widgets.bokun.io\/online-sales\/a1e93e96-5232-4734-a595-28405f4b5a31\/experience-calendar\/885169\"><\/div>\n    <noscript>Please enable javascript in your browser to book<\/noscript>","bokun_button_widget_code":"<script type=\"text\/javascript\" src=\"https:\/\/widgets.bokun.io\/assets\/javascripts\/apps\/build\/BokunWidgetsLoader.js?bookingChannelUUID=a1e93e96-5232-4734-a595-28405f4b5a31\" async><\/script>\n      <style> #bokun_ed001e45_5927_4f62_b470_ca766338d083 { display: inline-block; padding: .4em 1em; background: #47b82e; border-radius: 999999px; box-shadow: none; font-weight: 600; font-size: 24px; text-decoration: none; text-align: center; color: #FFFFFF; border:none; cursor: pointer; transition: background .2s ease; } #bokun_ed001e45_5927_4f62_b470_ca766338d083:hover{ background: #2f7b1f; } #bokun_ed001e45_5927_4f62_b470_ca766338d083:active{ background: #378f24; } <\/style> <button class=\"bokunButton\" disabled id=bokun_ed001e45_5927_4f62_b470_ca766338d083 data-src=\"https:\/\/widgets.bokun.io\/online-sales\/a1e93e96-5232-4734-a595-28405f4b5a31\/experience-calendar\/885169?partialView=1\" data-testid=\"widget-book-button\" > Book now <\/button> ","what_you\u2019ll_experience_during_the_game":"Patirkite \u017eavi\u0105 ap\u017evalgos ir interaktyvaus \u017eaidimo sintez\u0119 su 'Secrets of Wijk bij Duurstede City Game'. \u0160i jaudinanti tyrin\u0117jimo kelion\u0117 atskleis jums tiek \u017einomus, tiek ma\u017eiau \u017einomus miesto lobius. Klajodami po Wijk bij Duurstede, susidursite su vaizdingomis vietov\u0117mis, istoriniais paminklais ir pasl\u0117ptais kampeliais, kuri\u0173 kiekvienas turi savo i\u0161skirtin\u0119 istorij\u0105. \u017daidimas atskleid\u017eia nuostabi\u0105 ikonini\u0173 statini\u0173, toki\u0173 kaip Lebuinus Church, meno \u0161edevr\u0173 Molen muziejuje ir \u017eavingos Noorderplantsoen parko aplinkos, gretinim\u0105. Atrandimo jaudulys, kartu su apgaubian\u010dia siu\u017eetine linija, sukuria \u012ftraukian\u010di\u0105 ir magi\u0161k\u0105 atmosfer\u0105, padarydami j\u016bs\u0173 tyrin\u0117jim\u0105 nepamir\u0161tamu.\n\nPereikite nuo tradicinio ekskursijos ir pasinerkite \u012f interaktyv\u0173 \u017eaidim\u0105 su 'City Game'. Kelion\u0117s metu susidursite su \u012fdomiais galvos\u016bkiais, \u017eavingomis m\u012fsl\u0117mis ir priver\u010dian\u010diais susim\u0105styti klausimais, kuri\u0173 kiekvienas sukurtas, kad pagerint\u0173 j\u016bs\u0173 tyrin\u0117jimo patirt\u012f. \u012eveikite \u0161iuos interaktyvius i\u0161\u0161\u016bkius, kad u\u017edirbtum\u0117te ta\u0161k\u0173, atrakintum\u0117te pasl\u0117ptas u\u017euominas ir progresuotum\u0117te istorijoje link galutin\u0117s miesto paslapties atskleidimo. \u017daidim\u0105 galima bet kada sustabdyti, suteikiant jums laisv\u0119 tyrin\u0117ti Wijk bij Duurstede savo tempu. Ir jei jau\u010diat\u0117s konkurencingi, siekite u\u017esitikrinti auk\u0161t\u0105 viet\u0105 \u017eaidimo lyderi\u0173 lentel\u0117je. Patirkite naujovi\u0161k\u0105 b\u016bd\u0105 tyrin\u0117ti miest\u0105 su 'Secrets of Wijk bij Duurstede City Game' \u2013 miesto atradimas dar niekada nebuvo toks jaudinantis.","how_to_play":"U\u017esisakykite tyrin\u0117jimo \u017eaidim\u0105, patikrinkite el. lai\u0161k\u0105, kur\u012f jums i\u0161si\u0173sime su paprastomis instrukcijomis, atsisi\u0173skite 'Loquiz App', pasiekite tyrin\u0117jimo \u017eaidim\u0105 ir esate pasiruo\u0161\u0119 prad\u0117ti savo \u017eaidimo patirt\u012f!","start_location":"Wijk bij Duurstede, Markt","available_languages":["en"],"players_per_group":"1-4","duration":"1.5-2 hours","image_overlay_color_image":"https:\/\/testwebsite.citygame.com\/wp-content\/blogs.dir\/1\/files\/sites\/62\/2026\/01\/SecretsColor.svg","image_overlay_game_logo":"https:\/\/testwebsite.citygame.com\/wp-content\/blogs.dir\/1\/files\/sites\/62\/2026\/01\/SecretsLogo.png","city_page":15887,"woocommerce_general_content":null},"yoast_head":"<!-- This site is optimized with the Yoast SEO Premium plugin v26.2 (Yoast SEO v26.3) - https:\/\/yoast.com\/wordpress\/plugins\/seo\/ -->\n<title>Secrets of Wijk bij Duurstede - City Game<\/title>\n<meta name=\"description\" content=\"Secrets of Wijk bij Duurstede. \u017daiskite savaranki\u0161k\u0105 miesto \u017eaidim\u0105 ir tyrin\u0117kite miest\u0105 spr\u0119sdami galvos\u016bkius, m\u012fsles ir i\u0161\u0161\u016bkius. \u017daiskite savo tempu ir atraskite kaip vietinis!\" \/>\n<meta name=\"robots\" content=\"noindex, follow, max-snippet:-1, max-image-preview:large, max-video-preview:-1\" \/>\n<meta property=\"og:locale\" content=\"lt_LT\" \/>\n<meta property=\"og:type\" content=\"article\" \/>\n<meta property=\"og:title\" content=\"Secrets of Wijk bij Duurstede\" \/>\n<meta property=\"og:description\" content=\"Secrets of Wijk bij Duurstede. \u017daiskite savaranki\u0161k\u0105 miesto \u017eaidim\u0105 ir tyrin\u0117kite miest\u0105 spr\u0119sdami galvos\u016bkius, m\u012fsles ir i\u0161\u0161\u016bkius. \u017daiskite savo tempu ir atraskite kaip vietinis!\" \/>\n<meta property=\"og:url\" content=\"https:\/\/testwebsite.citygame.com\/lt\/games\/wijk-bij-duurstede\/secrets-of-wijk-bij-duurstede\/\" \/>\n<meta property=\"og:site_name\" content=\"City Game\" \/>\n<meta property=\"article:publisher\" content=\"https:\/\/www.facebook.com\/profile.php?id=100086426226253\" \/>\n<meta property=\"article:modified_time\" content=\"2026-04-08T23:50:35+00:00\" \/>\n<meta property=\"og:image\" content=\"https:\/\/testwebsite.citygame.com\/wp-content\/blogs.dir\/1\/files\/sites\/62\/2026\/03\/man-playing-city-game-grote-kerk-wijk-bij-duurstede.jpg\" \/>\n\t<meta property=\"og:image:width\" content=\"1024\" \/>\n\t<meta property=\"og:image:height\" content=\"1024\" \/>\n\t<meta property=\"og:image:type\" content=\"image\/jpeg\" \/>\n<meta name=\"twitter:card\" content=\"summary_large_image\" \/>\n<meta name=\"twitter:label1\" content=\"Est. reading time\" \/>\n\t<meta name=\"twitter:data1\" content=\"1 minut\u0117\" \/>\n<script type=\"application\/ld+json\" class=\"yoast-schema-graph\">{\"@context\":\"https:\/\/schema.org\",\"@graph\":[{\"@type\":\"WebPage\",\"@id\":\"https:\/\/testwebsite.citygame.com\/lt\/games\/wijk-bij-duurstede\/secrets-of-wijk-bij-duurstede\/\",\"url\":\"https:\/\/testwebsite.citygame.com\/lt\/games\/wijk-bij-duurstede\/secrets-of-wijk-bij-duurstede\/\",\"name\":\"Secrets of Wijk bij Duurstede - City Game\",\"isPartOf\":{\"@id\":\"https:\/\/testwebsite.upevents.nl\/#website\"},\"primaryImageOfPage\":{\"@id\":\"https:\/\/testwebsite.citygame.com\/lt\/games\/wijk-bij-duurstede\/secrets-of-wijk-bij-duurstede\/#primaryimage\"},\"image\":{\"@id\":\"https:\/\/testwebsite.citygame.com\/lt\/games\/wijk-bij-duurstede\/secrets-of-wijk-bij-duurstede\/#primaryimage\"},\"thumbnailUrl\":\"https:\/\/testwebsite.citygame.com\/wp-content\/blogs.dir\/1\/files\/sites\/62\/2026\/03\/man-playing-city-game-grote-kerk-wijk-bij-duurstede.jpg\",\"datePublished\":\"2026-03-16T10:57:36+00:00\",\"dateModified\":\"2026-04-08T23:50:35+00:00\",\"description\":\"Secrets of Wijk bij Duurstede. \u017daiskite savaranki\u0161k\u0105 miesto \u017eaidim\u0105 ir tyrin\u0117kite miest\u0105 spr\u0119sdami galvos\u016bkius, m\u012fsles ir i\u0161\u0161\u016bkius. \u017daiskite savo tempu ir atraskite kaip vietinis!\",\"breadcrumb\":{\"@id\":\"https:\/\/testwebsite.citygame.com\/lt\/games\/wijk-bij-duurstede\/secrets-of-wijk-bij-duurstede\/#breadcrumb\"},\"inLanguage\":\"lt-LT\",\"potentialAction\":[{\"@type\":\"ReadAction\",\"target\":[\"https:\/\/testwebsite.citygame.com\/lt\/games\/wijk-bij-duurstede\/secrets-of-wijk-bij-duurstede\/\"]}]},{\"@type\":\"ImageObject\",\"inLanguage\":\"lt-LT\",\"@id\":\"https:\/\/testwebsite.citygame.com\/lt\/games\/wijk-bij-duurstede\/secrets-of-wijk-bij-duurstede\/#primaryimage\",\"url\":\"https:\/\/testwebsite.citygame.com\/wp-content\/blogs.dir\/1\/files\/sites\/62\/2026\/03\/man-playing-city-game-grote-kerk-wijk-bij-duurstede.jpg\",\"contentUrl\":\"https:\/\/testwebsite.citygame.com\/wp-content\/blogs.dir\/1\/files\/sites\/62\/2026\/03\/man-playing-city-game-grote-kerk-wijk-bij-duurstede.jpg\",\"width\":1024,\"height\":1024,\"caption\":\"A player uses his smartphone to explore the historic center of Wijk bij Duurstede, Netherlands.\"},{\"@type\":\"BreadcrumbList\",\"@id\":\"https:\/\/testwebsite.citygame.com\/lt\/games\/wijk-bij-duurstede\/secrets-of-wijk-bij-duurstede\/#breadcrumb\",\"itemListElement\":[{\"@type\":\"ListItem\",\"position\":1,\"name\":\"Home\",\"item\":\"https:\/\/testwebsite.citygame.com\/lt\/\"},{\"@type\":\"ListItem\",\"position\":2,\"name\":\"Shop\",\"item\":\"https:\/\/testwebsite.citygame.com\/shop\/\"},{\"@type\":\"ListItem\",\"position\":3,\"name\":\"Secrets of Wijk bij Duurstede\"}]},{\"@type\":\"WebSite\",\"@id\":\"https:\/\/testwebsite.upevents.nl\/#website\",\"url\":\"https:\/\/testwebsite.upevents.nl\/\",\"name\":\"City Game\",\"description\":\"\",\"publisher\":{\"@id\":\"https:\/\/testwebsite.upevents.nl\/#organization\"},\"alternateName\":\"citygame.com\",\"potentialAction\":[{\"@type\":\"SearchAction\",\"target\":{\"@type\":\"EntryPoint\",\"urlTemplate\":\"https:\/\/testwebsite.upevents.nl\/?s={search_term_string}\"},\"query-input\":{\"@type\":\"PropertyValueSpecification\",\"valueRequired\":true,\"valueName\":\"search_term_string\"}}],\"inLanguage\":\"lt-LT\"},{\"@type\":[\"Organization\",\"Place\"],\"@id\":\"https:\/\/testwebsite.upevents.nl\/#organization\",\"name\":\"City Game\",\"alternateName\":\"citygame.com\",\"url\":\"https:\/\/testwebsite.upevents.nl\/\",\"logo\":{\"@id\":\"https:\/\/testwebsite.citygame.com\/lt\/games\/wijk-bij-duurstede\/secrets-of-wijk-bij-duurstede\/#local-main-organization-logo\"},\"image\":{\"@id\":\"https:\/\/testwebsite.citygame.com\/lt\/games\/wijk-bij-duurstede\/secrets-of-wijk-bij-duurstede\/#local-main-organization-logo\"},\"sameAs\":[\"https:\/\/www.facebook.com\/profile.php?id=100086426226253\",\"https:\/\/www.instagram.com\/citygame_com\",\"https:\/\/www.tiktok.com\/@citygamecom\/\",\"https:\/\/www.linkedin.com\/company\/citygame-com\"],\"description\":\"Turn any city into a playground with our interactive City Games and self-guided tours. Fun, flexible, and ideal for groups and team building.\",\"telephone\":[],\"openingHoursSpecification\":[{\"@type\":\"OpeningHoursSpecification\",\"dayOfWeek\":[\"Monday\",\"Tuesday\",\"Wednesday\",\"Thursday\",\"Friday\",\"Saturday\",\"Sunday\"],\"opens\":\"09:00\",\"closes\":\"17:00\"}]},{\"@type\":\"ImageObject\",\"inLanguage\":\"lt-LT\",\"@id\":\"https:\/\/testwebsite.citygame.com\/lt\/games\/wijk-bij-duurstede\/secrets-of-wijk-bij-duurstede\/#local-main-organization-logo\",\"url\":\"https:\/\/testwebsite.citygame.com\/wp-content\/blogs.dir\/1\/files\/sites\/62\/2025\/10\/CG_LOGO-City-Game.png\",\"contentUrl\":\"https:\/\/testwebsite.citygame.com\/wp-content\/blogs.dir\/1\/files\/sites\/62\/2025\/10\/CG_LOGO-City-Game.png\",\"width\":351,\"height\":377,\"caption\":\"City Game\"}]}<\/script>\n<!-- \/ Yoast SEO Premium plugin. -->","yoast_head_json":{"title":"Secrets of Wijk bij Duurstede - City Game","description":"Secrets of Wijk bij Duurstede. \u017daiskite savaranki\u0161k\u0105 miesto \u017eaidim\u0105 ir tyrin\u0117kite miest\u0105 spr\u0119sdami galvos\u016bkius, m\u012fsles ir i\u0161\u0161\u016bkius. \u017daiskite savo tempu ir atraskite kaip vietinis!","robots":{"index":"noindex","follow":"follow","max-snippet":"max-snippet:-1","max-image-preview":"max-image-preview:large","max-video-preview":"max-video-preview:-1"},"og_locale":"lt_LT","og_type":"article","og_title":"Secrets of Wijk bij Duurstede","og_description":"Secrets of Wijk bij Duurstede. \u017daiskite savaranki\u0161k\u0105 miesto \u017eaidim\u0105 ir tyrin\u0117kite miest\u0105 spr\u0119sdami galvos\u016bkius, m\u012fsles ir i\u0161\u0161\u016bkius. \u017daiskite savo tempu ir atraskite kaip vietinis!","og_url":"https:\/\/testwebsite.citygame.com\/lt\/games\/wijk-bij-duurstede\/secrets-of-wijk-bij-duurstede\/","og_site_name":"City Game","article_publisher":"https:\/\/www.facebook.com\/profile.php?id=100086426226253","article_modified_time":"2026-04-08T23:50:35+00:00","og_image":[{"width":1024,"height":1024,"url":"https:\/\/testwebsite.citygame.com\/wp-content\/blogs.dir\/1\/files\/sites\/62\/2026\/03\/man-playing-city-game-grote-kerk-wijk-bij-duurstede.jpg","type":"image\/jpeg"}],"twitter_card":"summary_large_image","twitter_misc":{"Est. reading time":"1 minut\u0117"},"schema":{"@context":"https:\/\/schema.org","@graph":[{"@type":"WebPage","@id":"https:\/\/testwebsite.citygame.com\/lt\/games\/wijk-bij-duurstede\/secrets-of-wijk-bij-duurstede\/","url":"https:\/\/testwebsite.citygame.com\/lt\/games\/wijk-bij-duurstede\/secrets-of-wijk-bij-duurstede\/","name":"Secrets of Wijk bij Duurstede - City Game","isPartOf":{"@id":"https:\/\/testwebsite.upevents.nl\/#website"},"primaryImageOfPage":{"@id":"https:\/\/testwebsite.citygame.com\/lt\/games\/wijk-bij-duurstede\/secrets-of-wijk-bij-duurstede\/#primaryimage"},"image":{"@id":"https:\/\/testwebsite.citygame.com\/lt\/games\/wijk-bij-duurstede\/secrets-of-wijk-bij-duurstede\/#primaryimage"},"thumbnailUrl":"https:\/\/testwebsite.citygame.com\/wp-content\/blogs.dir\/1\/files\/sites\/62\/2026\/03\/man-playing-city-game-grote-kerk-wijk-bij-duurstede.jpg","datePublished":"2026-03-16T10:57:36+00:00","dateModified":"2026-04-08T23:50:35+00:00","description":"Secrets of Wijk bij Duurstede. \u017daiskite savaranki\u0161k\u0105 miesto \u017eaidim\u0105 ir tyrin\u0117kite miest\u0105 spr\u0119sdami galvos\u016bkius, m\u012fsles ir i\u0161\u0161\u016bkius. \u017daiskite savo tempu ir atraskite kaip vietinis!","breadcrumb":{"@id":"https:\/\/testwebsite.citygame.com\/lt\/games\/wijk-bij-duurstede\/secrets-of-wijk-bij-duurstede\/#breadcrumb"},"inLanguage":"lt-LT","potentialAction":[{"@type":"ReadAction","target":["https:\/\/testwebsite.citygame.com\/lt\/games\/wijk-bij-duurstede\/secrets-of-wijk-bij-duurstede\/"]}]},{"@type":"ImageObject","inLanguage":"lt-LT","@id":"https:\/\/testwebsite.citygame.com\/lt\/games\/wijk-bij-duurstede\/secrets-of-wijk-bij-duurstede\/#primaryimage","url":"https:\/\/testwebsite.citygame.com\/wp-content\/blogs.dir\/1\/files\/sites\/62\/2026\/03\/man-playing-city-game-grote-kerk-wijk-bij-duurstede.jpg","contentUrl":"https:\/\/testwebsite.citygame.com\/wp-content\/blogs.dir\/1\/files\/sites\/62\/2026\/03\/man-playing-city-game-grote-kerk-wijk-bij-duurstede.jpg","width":1024,"height":1024,"caption":"A player uses his smartphone to explore the historic center of Wijk bij Duurstede, Netherlands."},{"@type":"BreadcrumbList","@id":"https:\/\/testwebsite.citygame.com\/lt\/games\/wijk-bij-duurstede\/secrets-of-wijk-bij-duurstede\/#breadcrumb","itemListElement":[{"@type":"ListItem","position":1,"name":"Home","item":"https:\/\/testwebsite.citygame.com\/lt\/"},{"@type":"ListItem","position":2,"name":"Shop","item":"https:\/\/testwebsite.citygame.com\/shop\/"},{"@type":"ListItem","position":3,"name":"Secrets of Wijk bij Duurstede"}]},{"@type":"WebSite","@id":"https:\/\/testwebsite.upevents.nl\/#website","url":"https:\/\/testwebsite.upevents.nl\/","name":"City Game","description":"","publisher":{"@id":"https:\/\/testwebsite.upevents.nl\/#organization"},"alternateName":"citygame.com","potentialAction":[{"@type":"SearchAction","target":{"@type":"EntryPoint","urlTemplate":"https:\/\/testwebsite.upevents.nl\/?s={search_term_string}"},"query-input":{"@type":"PropertyValueSpecification","valueRequired":true,"valueName":"search_term_string"}}],"inLanguage":"lt-LT"},{"@type":["Organization","Place"],"@id":"https:\/\/testwebsite.upevents.nl\/#organization","name":"City Game","alternateName":"citygame.com","url":"https:\/\/testwebsite.upevents.nl\/","logo":{"@id":"https:\/\/testwebsite.citygame.com\/lt\/games\/wijk-bij-duurstede\/secrets-of-wijk-bij-duurstede\/#local-main-organization-logo"},"image":{"@id":"https:\/\/testwebsite.citygame.com\/lt\/games\/wijk-bij-duurstede\/secrets-of-wijk-bij-duurstede\/#local-main-organization-logo"},"sameAs":["https:\/\/www.facebook.com\/profile.php?id=100086426226253","https:\/\/www.instagram.com\/citygame_com","https:\/\/www.tiktok.com\/@citygamecom\/","https:\/\/www.linkedin.com\/company\/citygame-com"],"description":"Turn any city into a playground with our interactive City Games and self-guided tours. Fun, flexible, and ideal for groups and team building.","telephone":[],"openingHoursSpecification":[{"@type":"OpeningHoursSpecification","dayOfWeek":["Monday","Tuesday","Wednesday","Thursday","Friday","Saturday","Sunday"],"opens":"09:00","closes":"17:00"}]},{"@type":"ImageObject","inLanguage":"lt-LT","@id":"https:\/\/testwebsite.citygame.com\/lt\/games\/wijk-bij-duurstede\/secrets-of-wijk-bij-duurstede\/#local-main-organization-logo","url":"https:\/\/testwebsite.citygame.com\/wp-content\/blogs.dir\/1\/files\/sites\/62\/2025\/10\/CG_LOGO-City-Game.png","contentUrl":"https:\/\/testwebsite.citygame.com\/wp-content\/blogs.dir\/1\/files\/sites\/62\/2025\/10\/CG_LOGO-City-Game.png","width":351,"height":377,"caption":"City Game"}]}},"taxonomy_info":{"game-concept":[{"value":722,"label":"Secrets"}],"location":[{"value":427,"label":"Wijk bij Duurstede"}],"product_cat":[{"value":27,"label":"Geen categorie"}]},"featured_image_src_large":["https:\/\/testwebsite.citygame.com\/wp-content\/blogs.dir\/1\/files\/sites\/62\/2026\/03\/man-playing-city-game-grote-kerk-wijk-bij-duurstede.jpg",1024,1024,false],"author_info":[],"comment_info":"","_links":{"self":[{"href":"https:\/\/testwebsite.citygame.com\/lt\/wp-json\/wp\/v2\/product\/66855","targetHints":{"allow":["GET"]}}],"collection":[{"href":"https:\/\/testwebsite.citygame.com\/lt\/wp-json\/wp\/v2\/product"}],"about":[{"href":"https:\/\/testwebsite.citygame.com\/lt\/wp-json\/wp\/v2\/types\/product"}],"acf:post":[{"embeddable":true,"href":"https:\/\/testwebsite.citygame.com\/lt\/wp-json\/wp\/v2\/pages\/15887"}],"wp:featuredmedia":[{"embeddable":true,"href":"https:\/\/testwebsite.citygame.com\/lt\/wp-json\/wp\/v2\/media\/19053"}],"wp:attachment":[{"href":"https:\/\/testwebsite.citygame.com\/lt\/wp-json\/wp\/v2\/media?parent=66855"}],"wp:term":[{"taxonomy":"game-concept","embeddable":true,"href":"https:\/\/testwebsite.citygame.com\/lt\/wp-json\/wp\/v2\/game-concept?post=66855"},{"taxonomy":"location","embeddable":true,"href":"https:\/\/testwebsite.citygame.com\/lt\/wp-json\/wp\/v2\/location?post=66855"},{"taxonomy":"product_brand","embeddable":true,"href":"https:\/\/testwebsite.citygame.com\/lt\/wp-json\/wp\/v2\/product_brand?post=66855"},{"taxonomy":"product_cat","embeddable":true,"href":"https:\/\/testwebsite.citygame.com\/lt\/wp-json\/wp\/v2\/product_cat?post=66855"},{"taxonomy":"product_tag","embeddable":true,"href":"https:\/\/testwebsite.citygame.com\/lt\/wp-json\/wp\/v2\/product_tag?post=66855"}],"curies":[{"name":"wp","href":"https:\/\/api.w.org\/{rel}","templated":true}]}}