{"id":66239,"date":"2026-03-13T15:16:59","date_gmt":"2026-03-13T15:16:59","guid":{"rendered":"https:\/\/testwebsite.citygame.com\/games\/unknown-location\/secrets-of-bergen-op-zoom\/"},"modified":"2026-04-08T18:20:08","modified_gmt":"2026-04-08T18:20:08","slug":"secrets-of-bergen-op-zoom","status":"publish","type":"product","link":"https:\/\/testwebsite.citygame.com\/lt\/games\/bergen-op-zoom\/secrets-of-bergen-op-zoom\/","title":{"rendered":"Secrets of Bergen op Zoom"},"content":{"rendered":"<p>&#8216;The Secrets of Bergen op Zoom City Game&#8217; yra savaranki\u0161kas, GPS pagrindu veikiantis tyrin\u0117jimo \u017eaidimas, kuris nukelia jus \u012f nuotykius po Bergen op Zoom miesto centr\u0105. Naudodamiesi savo i\u0161maniuoju telefonu, smagiai atrasite intriguojan\u010di\u0173 galvos\u016bki\u0173, m\u012fsli\u0173 ir nuotrauk\u0173 i\u0161\u0161\u016bki\u0173, kartu atskleisdami pasl\u0117pt\u0105 miesto istorij\u0105, kult\u016br\u0105 ir unikalias detales. Puikiai tinkantis tiek vietiniams, tiek turistams, \u0161is City Game si\u016blo \u012ftraukiant\u012f b\u016bd\u0105 giliau pa\u017evelgti \u012f Bergen op Zoom. Tai lanksti veikla, tinkanti tiek solo \u017eaid\u0117jams, tiek poroms, \u0161eimoms ir draug\u0173 grup\u0117ms. Nesvarbu, ar esate Bergen op Zoom gyventojas, ar tiesiog keliaujate pro \u0161al\u012f, pasinerkite \u012f miesto paslaptis su \u0161iuo \u012fdomiu, savaranki\u0161ku miesto \u017eaidimu.<\/p>\n","protected":false},"excerpt":{"rendered":"<p>Atraskite pasl\u0117ptus Bergen op Zoom brangakmenius! Pasinerkite \u012f miest\u0105, kur istorija \u012fsi\u0161aknijusi senovin\u0117je architekt\u016broje, o kult\u016bra pulsuoja gyvybingose gatv\u0117se ir aik\u0161t\u0117se. Atskleiskite paslaptis keliaudami po putojant\u012f miesto centr\u0105 \u2013 Bergen op Zoom \u017eada paslap\u010di\u0173 kiekviename kampe!<\/p>\n","protected":false},"featured_media":18721,"template":"","meta":{"_acf_changed":false,"_yoast_wpseo_focuskw":"Secrets of Bergen op Zoom","_yoast_wpseo_metadesc":"Secrets of Bergen op Zoom. \u017daiskite savaranki\u0161k\u0105 City Game ir tyrin\u0117kite miest\u0105 spr\u0119sdami galvos\u016bkius, m\u012fsles bei \u012fveikdami i\u0161\u0161\u016bkius. \u017daiskite savo tempu ir atraskite miest\u0105 kaip vietinis!","_kad_blocks_custom_css":"","_kad_blocks_head_custom_js":"","_kad_blocks_body_custom_js":"","_kad_blocks_footer_custom_js":"","ghostkit_customizer_options":"","ghostkit_custom_css":"","ghostkit_custom_js_head":"","ghostkit_custom_js_foot":"","ghostkit_typography":"","_kad_post_transparent":"","_kad_post_title":"","_kad_post_layout":"","_kad_post_sidebar_id":"","_kad_post_content_style":"","_kad_post_vertical_padding":"","_kad_post_feature":"","_kad_post_feature_position":"","_kad_post_header":false,"_kad_post_footer":false,"_kad_post_classname":"","_links_to":"","_links_to_target":""},"game-concept":[722],"location":[85],"product_brand":[],"product_cat":[27],"product_tag":[],"class_list":{"0":"post-66239","1":"product","2":"type-product","3":"status-publish","4":"has-post-thumbnail","6":"game-concept-secrets","7":"location-bergen-op-zoom","8":"product_cat-geen-categorie","10":"first","11":"instock","12":"shipping-taxable","13":"purchasable","14":"product-type-simple","15":"entry","16":"content-bg","17":"loop-entry"},"acf":{"full_bokun_product_name":"Self-Guided Secrets of Bergen op Zoom Exploration Game","location_name":"Bergen op Zoom","bokun_calendar_widget_code":"<script type=\"text\/javascript\" src=\"https:\/\/widgets.bokun.io\/assets\/javascripts\/apps\/build\/BokunWidgetsLoader.js?bookingChannelUUID=a1e93e96-5232-4734-a595-28405f4b5a31\" async><\/script>\n     \n    <div class=\"bokunWidget\" data-src=\"https:\/\/widgets.bokun.io\/online-sales\/a1e93e96-5232-4734-a595-28405f4b5a31\/experience-calendar\/887807\"><\/div>\n    <noscript>Please enable javascript in your browser to book<\/noscript>","bokun_button_widget_code":"<script type=\"text\/javascript\" src=\"https:\/\/widgets.bokun.io\/assets\/javascripts\/apps\/build\/BokunWidgetsLoader.js?bookingChannelUUID=a1e93e96-5232-4734-a595-28405f4b5a31\" async><\/script>\n      <style> #bokun_ed001e45_5927_4f62_b470_ca766338d083 { display: inline-block; padding: .4em 1em; background: #47b82e; border-radius: 999999px; box-shadow: none; font-weight: 600; font-size: 24px; text-decoration: none; text-align: center; color: #FFFFFF; border:none; cursor: pointer; transition: background .2s ease; } #bokun_ed001e45_5927_4f62_b470_ca766338d083:hover{ background: #2f7b1f; } #bokun_ed001e45_5927_4f62_b470_ca766338d083:active{ background: #378f24; } <\/style> <button class=\"bokunButton\" disabled id=bokun_ed001e45_5927_4f62_b470_ca766338d083 data-src=\"https:\/\/widgets.bokun.io\/online-sales\/a1e93e96-5232-4734-a595-28405f4b5a31\/experience-calendar\/887807?partialView=1\" data-testid=\"widget-book-button\" > Book now <\/button> ","what_you\u2019ll_experience_during_the_game":"The Secrets of Bergen op Zoom City Game puikiai sujungia \u012ftraukiant\u012f pasakojim\u0105 ir interaktyvius i\u0161\u0161\u016bkius su maloniu miesto tyrin\u0117jimu. Pasinerdami \u012f \u0161\u012f skaitmenin\u012f nuotyk\u012f, \u017eaid\u0117jai atras ikoni\u0161kas ir ma\u017eiau \u017einomas vietas, pasl\u0117ptas gyvybinguose Bergen op Zoom kampeliuose. \u017daidimo kelion\u0117 persipina su \u012ftraukian\u010diomis istorijomis ir i\u0161\u0161\u016bkiais, kurie atsiskleid\u017eia aplink pagrindinius akcentus, tokius kaip nuostabi Sint Gertrudiskerk, raminantis Anton van Duinkerkenpark ir istorinis Markiezenhof r\u016bmai. Kiekviena vieta \u012fpina savo magij\u0105 \u012f istorij\u0105, si\u016blydama unikali\u0105 tyrin\u0117jimo patirt\u012f per miesto \u0161ird\u012f.\n\nKeliaudami po Bergen op Zoom, \u017eaid\u0117jai spr\u0119s jaudinant\u012f galvos\u016bki\u0173, m\u012fsli\u0173 ir klausim\u0173 derin\u012f, kartu imdamiesi k\u016brybini\u0173 nuotrauk\u0173 i\u0161\u0161\u016bki\u0173, kurie yra \u017eaidimo dalis. \u0160ios u\u017eduotys skirtos ne tik linksminti, bet ir atskleisti u\u017euominas, u\u017edirbti ta\u0161kus ir atrakinti patarimus, padedan\u010dius i\u0161spr\u0119sti gilesn\u0119 paslapt\u012f. \u017daid\u0117jai turi lankstum\u0105 bet kada pristabdyti \u017eaidim\u0105 ir gali entuziastingai atnaujinti savo u\u017eduot\u012f bet kuriuo metu. Jei konkurenciniai elementai u\u017edega j\u016bs\u0173 dvasi\u0105, visada galite siekti auk\u0161tos vietos City Game lyderi\u0173 lentel\u0117je. \u0160is tyrin\u0117jimo \u017eaidimas \u012fpu\u010dia gyvyb\u0117s \u012f Bergen op Zoom gatves, sukuriant nepamir\u0161tam\u0105 nuotyk\u012f, kol atskleid\u017eiate miesto paslaptis.","how_to_play":"U\u017esisakykite Exploration Game, patikrinkite m\u016bs\u0173 atsi\u0173st\u0105 el. lai\u0161k\u0105 su paprastomis instrukcijomis, atsisi\u0173skite Loquiz App, pasiekite Exploration Game ir b\u016bsite pasiruo\u0161\u0119 prad\u0117ti savo \u017eaidimo patirt\u012f!","start_location":"Bergen op Zoom, Grote Markt","available_languages":["en"],"players_per_group":"1-4","duration":"1.5-2 hours","image_overlay_color_image":"https:\/\/testwebsite.citygame.com\/wp-content\/blogs.dir\/1\/files\/sites\/62\/2026\/01\/SecretsColor.svg","image_overlay_game_logo":"https:\/\/testwebsite.citygame.com\/wp-content\/blogs.dir\/1\/files\/sites\/62\/2026\/01\/SecretsLogo.png","city_page":12157,"woocommerce_general_content":null},"yoast_head":"<!-- This site is optimized with the Yoast SEO Premium plugin v26.2 (Yoast SEO v26.3) - https:\/\/yoast.com\/wordpress\/plugins\/seo\/ -->\n<title>Secrets of Bergen op Zoom - City Game<\/title>\n<meta name=\"description\" content=\"Secrets of Bergen op Zoom. \u017daiskite savaranki\u0161k\u0105 City Game ir tyrin\u0117kite miest\u0105 spr\u0119sdami galvos\u016bkius, m\u012fsles bei \u012fveikdami i\u0161\u0161\u016bkius. \u017daiskite savo tempu ir atraskite miest\u0105 kaip vietinis!\" \/>\n<meta name=\"robots\" content=\"noindex, follow, max-snippet:-1, max-image-preview:large, max-video-preview:-1\" \/>\n<meta property=\"og:locale\" content=\"lt_LT\" \/>\n<meta property=\"og:type\" content=\"article\" \/>\n<meta property=\"og:title\" content=\"Secrets of Bergen op Zoom\" \/>\n<meta property=\"og:description\" content=\"Secrets of Bergen op Zoom. \u017daiskite savaranki\u0161k\u0105 City Game ir tyrin\u0117kite miest\u0105 spr\u0119sdami galvos\u016bkius, m\u012fsles bei \u012fveikdami i\u0161\u0161\u016bkius. \u017daiskite savo tempu ir atraskite miest\u0105 kaip vietinis!\" \/>\n<meta property=\"og:url\" content=\"https:\/\/testwebsite.citygame.com\/lt\/games\/bergen-op-zoom\/secrets-of-bergen-op-zoom\/\" \/>\n<meta property=\"og:site_name\" content=\"City Game\" \/>\n<meta property=\"article:publisher\" content=\"https:\/\/www.facebook.com\/profile.php?id=100086426226253\" \/>\n<meta property=\"article:modified_time\" content=\"2026-04-08T18:20:08+00:00\" \/>\n<meta property=\"og:image\" content=\"https:\/\/testwebsite.citygame.com\/wp-content\/blogs.dir\/1\/files\/sites\/62\/2026\/03\/bergen-op-zoom-secrets-of-game-player-historic-street.jpg\" \/>\n\t<meta property=\"og:image:width\" content=\"1024\" \/>\n\t<meta property=\"og:image:height\" content=\"1024\" \/>\n\t<meta property=\"og:image:type\" content=\"image\/jpeg\" \/>\n<meta name=\"twitter:card\" content=\"summary_large_image\" \/>\n<meta name=\"twitter:label1\" content=\"Est. reading time\" \/>\n\t<meta name=\"twitter:data1\" content=\"1 minut\u0117\" \/>\n<script type=\"application\/ld+json\" class=\"yoast-schema-graph\">{\"@context\":\"https:\/\/schema.org\",\"@graph\":[{\"@type\":\"WebPage\",\"@id\":\"https:\/\/testwebsite.citygame.com\/lt\/games\/bergen-op-zoom\/secrets-of-bergen-op-zoom\/\",\"url\":\"https:\/\/testwebsite.citygame.com\/lt\/games\/bergen-op-zoom\/secrets-of-bergen-op-zoom\/\",\"name\":\"Secrets of Bergen op Zoom - City Game\",\"isPartOf\":{\"@id\":\"https:\/\/testwebsite.upevents.nl\/#website\"},\"primaryImageOfPage\":{\"@id\":\"https:\/\/testwebsite.citygame.com\/lt\/games\/bergen-op-zoom\/secrets-of-bergen-op-zoom\/#primaryimage\"},\"image\":{\"@id\":\"https:\/\/testwebsite.citygame.com\/lt\/games\/bergen-op-zoom\/secrets-of-bergen-op-zoom\/#primaryimage\"},\"thumbnailUrl\":\"https:\/\/testwebsite.citygame.com\/wp-content\/blogs.dir\/1\/files\/sites\/62\/2026\/03\/bergen-op-zoom-secrets-of-game-player-historic-street.jpg\",\"datePublished\":\"2026-03-13T15:16:59+00:00\",\"dateModified\":\"2026-04-08T18:20:08+00:00\",\"description\":\"Secrets of Bergen op Zoom. \u017daiskite savaranki\u0161k\u0105 City Game ir tyrin\u0117kite miest\u0105 spr\u0119sdami galvos\u016bkius, m\u012fsles bei \u012fveikdami i\u0161\u0161\u016bkius. \u017daiskite savo tempu ir atraskite miest\u0105 kaip vietinis!\",\"breadcrumb\":{\"@id\":\"https:\/\/testwebsite.citygame.com\/lt\/games\/bergen-op-zoom\/secrets-of-bergen-op-zoom\/#breadcrumb\"},\"inLanguage\":\"lt-LT\",\"potentialAction\":[{\"@type\":\"ReadAction\",\"target\":[\"https:\/\/testwebsite.citygame.com\/lt\/games\/bergen-op-zoom\/secrets-of-bergen-op-zoom\/\"]}]},{\"@type\":\"ImageObject\",\"inLanguage\":\"lt-LT\",\"@id\":\"https:\/\/testwebsite.citygame.com\/lt\/games\/bergen-op-zoom\/secrets-of-bergen-op-zoom\/#primaryimage\",\"url\":\"https:\/\/testwebsite.citygame.com\/wp-content\/blogs.dir\/1\/files\/sites\/62\/2026\/03\/bergen-op-zoom-secrets-of-game-player-historic-street.jpg\",\"contentUrl\":\"https:\/\/testwebsite.citygame.com\/wp-content\/blogs.dir\/1\/files\/sites\/62\/2026\/03\/bergen-op-zoom-secrets-of-game-player-historic-street.jpg\",\"width\":1024,\"height\":1024,\"caption\":\"A young man explores the historic streets of Bergen op Zoom with a city game on his phone.\"},{\"@type\":\"BreadcrumbList\",\"@id\":\"https:\/\/testwebsite.citygame.com\/lt\/games\/bergen-op-zoom\/secrets-of-bergen-op-zoom\/#breadcrumb\",\"itemListElement\":[{\"@type\":\"ListItem\",\"position\":1,\"name\":\"Home\",\"item\":\"https:\/\/testwebsite.citygame.com\/lt\/\"},{\"@type\":\"ListItem\",\"position\":2,\"name\":\"Shop\",\"item\":\"https:\/\/testwebsite.citygame.com\/shop\/\"},{\"@type\":\"ListItem\",\"position\":3,\"name\":\"Secrets of Bergen op Zoom\"}]},{\"@type\":\"WebSite\",\"@id\":\"https:\/\/testwebsite.upevents.nl\/#website\",\"url\":\"https:\/\/testwebsite.upevents.nl\/\",\"name\":\"City Game\",\"description\":\"\",\"publisher\":{\"@id\":\"https:\/\/testwebsite.upevents.nl\/#organization\"},\"alternateName\":\"citygame.com\",\"potentialAction\":[{\"@type\":\"SearchAction\",\"target\":{\"@type\":\"EntryPoint\",\"urlTemplate\":\"https:\/\/testwebsite.upevents.nl\/?s={search_term_string}\"},\"query-input\":{\"@type\":\"PropertyValueSpecification\",\"valueRequired\":true,\"valueName\":\"search_term_string\"}}],\"inLanguage\":\"lt-LT\"},{\"@type\":[\"Organization\",\"Place\"],\"@id\":\"https:\/\/testwebsite.upevents.nl\/#organization\",\"name\":\"City Game\",\"alternateName\":\"citygame.com\",\"url\":\"https:\/\/testwebsite.upevents.nl\/\",\"logo\":{\"@id\":\"https:\/\/testwebsite.citygame.com\/lt\/games\/bergen-op-zoom\/secrets-of-bergen-op-zoom\/#local-main-organization-logo\"},\"image\":{\"@id\":\"https:\/\/testwebsite.citygame.com\/lt\/games\/bergen-op-zoom\/secrets-of-bergen-op-zoom\/#local-main-organization-logo\"},\"sameAs\":[\"https:\/\/www.facebook.com\/profile.php?id=100086426226253\",\"https:\/\/www.instagram.com\/citygame_com\",\"https:\/\/www.tiktok.com\/@citygamecom\/\",\"https:\/\/www.linkedin.com\/company\/citygame-com\"],\"description\":\"Turn any city into a playground with our interactive City Games and self-guided tours. Fun, flexible, and ideal for groups and team building.\",\"telephone\":[],\"openingHoursSpecification\":[{\"@type\":\"OpeningHoursSpecification\",\"dayOfWeek\":[\"Monday\",\"Tuesday\",\"Wednesday\",\"Thursday\",\"Friday\",\"Saturday\",\"Sunday\"],\"opens\":\"09:00\",\"closes\":\"17:00\"}]},{\"@type\":\"ImageObject\",\"inLanguage\":\"lt-LT\",\"@id\":\"https:\/\/testwebsite.citygame.com\/lt\/games\/bergen-op-zoom\/secrets-of-bergen-op-zoom\/#local-main-organization-logo\",\"url\":\"https:\/\/testwebsite.citygame.com\/wp-content\/blogs.dir\/1\/files\/sites\/62\/2025\/10\/CG_LOGO-City-Game.png\",\"contentUrl\":\"https:\/\/testwebsite.citygame.com\/wp-content\/blogs.dir\/1\/files\/sites\/62\/2025\/10\/CG_LOGO-City-Game.png\",\"width\":351,\"height\":377,\"caption\":\"City Game\"}]}<\/script>\n<!-- \/ Yoast SEO Premium plugin. -->","yoast_head_json":{"title":"Secrets of Bergen op Zoom - City Game","description":"Secrets of Bergen op Zoom. \u017daiskite savaranki\u0161k\u0105 City Game ir tyrin\u0117kite miest\u0105 spr\u0119sdami galvos\u016bkius, m\u012fsles bei \u012fveikdami i\u0161\u0161\u016bkius. \u017daiskite savo tempu ir atraskite miest\u0105 kaip vietinis!","robots":{"index":"noindex","follow":"follow","max-snippet":"max-snippet:-1","max-image-preview":"max-image-preview:large","max-video-preview":"max-video-preview:-1"},"og_locale":"lt_LT","og_type":"article","og_title":"Secrets of Bergen op Zoom","og_description":"Secrets of Bergen op Zoom. \u017daiskite savaranki\u0161k\u0105 City Game ir tyrin\u0117kite miest\u0105 spr\u0119sdami galvos\u016bkius, m\u012fsles bei \u012fveikdami i\u0161\u0161\u016bkius. \u017daiskite savo tempu ir atraskite miest\u0105 kaip vietinis!","og_url":"https:\/\/testwebsite.citygame.com\/lt\/games\/bergen-op-zoom\/secrets-of-bergen-op-zoom\/","og_site_name":"City Game","article_publisher":"https:\/\/www.facebook.com\/profile.php?id=100086426226253","article_modified_time":"2026-04-08T18:20:08+00:00","og_image":[{"width":1024,"height":1024,"url":"https:\/\/testwebsite.citygame.com\/wp-content\/blogs.dir\/1\/files\/sites\/62\/2026\/03\/bergen-op-zoom-secrets-of-game-player-historic-street.jpg","type":"image\/jpeg"}],"twitter_card":"summary_large_image","twitter_misc":{"Est. reading time":"1 minut\u0117"},"schema":{"@context":"https:\/\/schema.org","@graph":[{"@type":"WebPage","@id":"https:\/\/testwebsite.citygame.com\/lt\/games\/bergen-op-zoom\/secrets-of-bergen-op-zoom\/","url":"https:\/\/testwebsite.citygame.com\/lt\/games\/bergen-op-zoom\/secrets-of-bergen-op-zoom\/","name":"Secrets of Bergen op Zoom - City Game","isPartOf":{"@id":"https:\/\/testwebsite.upevents.nl\/#website"},"primaryImageOfPage":{"@id":"https:\/\/testwebsite.citygame.com\/lt\/games\/bergen-op-zoom\/secrets-of-bergen-op-zoom\/#primaryimage"},"image":{"@id":"https:\/\/testwebsite.citygame.com\/lt\/games\/bergen-op-zoom\/secrets-of-bergen-op-zoom\/#primaryimage"},"thumbnailUrl":"https:\/\/testwebsite.citygame.com\/wp-content\/blogs.dir\/1\/files\/sites\/62\/2026\/03\/bergen-op-zoom-secrets-of-game-player-historic-street.jpg","datePublished":"2026-03-13T15:16:59+00:00","dateModified":"2026-04-08T18:20:08+00:00","description":"Secrets of Bergen op Zoom. \u017daiskite savaranki\u0161k\u0105 City Game ir tyrin\u0117kite miest\u0105 spr\u0119sdami galvos\u016bkius, m\u012fsles bei \u012fveikdami i\u0161\u0161\u016bkius. \u017daiskite savo tempu ir atraskite miest\u0105 kaip vietinis!","breadcrumb":{"@id":"https:\/\/testwebsite.citygame.com\/lt\/games\/bergen-op-zoom\/secrets-of-bergen-op-zoom\/#breadcrumb"},"inLanguage":"lt-LT","potentialAction":[{"@type":"ReadAction","target":["https:\/\/testwebsite.citygame.com\/lt\/games\/bergen-op-zoom\/secrets-of-bergen-op-zoom\/"]}]},{"@type":"ImageObject","inLanguage":"lt-LT","@id":"https:\/\/testwebsite.citygame.com\/lt\/games\/bergen-op-zoom\/secrets-of-bergen-op-zoom\/#primaryimage","url":"https:\/\/testwebsite.citygame.com\/wp-content\/blogs.dir\/1\/files\/sites\/62\/2026\/03\/bergen-op-zoom-secrets-of-game-player-historic-street.jpg","contentUrl":"https:\/\/testwebsite.citygame.com\/wp-content\/blogs.dir\/1\/files\/sites\/62\/2026\/03\/bergen-op-zoom-secrets-of-game-player-historic-street.jpg","width":1024,"height":1024,"caption":"A young man explores the historic streets of Bergen op Zoom with a city game on his phone."},{"@type":"BreadcrumbList","@id":"https:\/\/testwebsite.citygame.com\/lt\/games\/bergen-op-zoom\/secrets-of-bergen-op-zoom\/#breadcrumb","itemListElement":[{"@type":"ListItem","position":1,"name":"Home","item":"https:\/\/testwebsite.citygame.com\/lt\/"},{"@type":"ListItem","position":2,"name":"Shop","item":"https:\/\/testwebsite.citygame.com\/shop\/"},{"@type":"ListItem","position":3,"name":"Secrets of Bergen op Zoom"}]},{"@type":"WebSite","@id":"https:\/\/testwebsite.upevents.nl\/#website","url":"https:\/\/testwebsite.upevents.nl\/","name":"City Game","description":"","publisher":{"@id":"https:\/\/testwebsite.upevents.nl\/#organization"},"alternateName":"citygame.com","potentialAction":[{"@type":"SearchAction","target":{"@type":"EntryPoint","urlTemplate":"https:\/\/testwebsite.upevents.nl\/?s={search_term_string}"},"query-input":{"@type":"PropertyValueSpecification","valueRequired":true,"valueName":"search_term_string"}}],"inLanguage":"lt-LT"},{"@type":["Organization","Place"],"@id":"https:\/\/testwebsite.upevents.nl\/#organization","name":"City Game","alternateName":"citygame.com","url":"https:\/\/testwebsite.upevents.nl\/","logo":{"@id":"https:\/\/testwebsite.citygame.com\/lt\/games\/bergen-op-zoom\/secrets-of-bergen-op-zoom\/#local-main-organization-logo"},"image":{"@id":"https:\/\/testwebsite.citygame.com\/lt\/games\/bergen-op-zoom\/secrets-of-bergen-op-zoom\/#local-main-organization-logo"},"sameAs":["https:\/\/www.facebook.com\/profile.php?id=100086426226253","https:\/\/www.instagram.com\/citygame_com","https:\/\/www.tiktok.com\/@citygamecom\/","https:\/\/www.linkedin.com\/company\/citygame-com"],"description":"Turn any city into a playground with our interactive City Games and self-guided tours. Fun, flexible, and ideal for groups and team building.","telephone":[],"openingHoursSpecification":[{"@type":"OpeningHoursSpecification","dayOfWeek":["Monday","Tuesday","Wednesday","Thursday","Friday","Saturday","Sunday"],"opens":"09:00","closes":"17:00"}]},{"@type":"ImageObject","inLanguage":"lt-LT","@id":"https:\/\/testwebsite.citygame.com\/lt\/games\/bergen-op-zoom\/secrets-of-bergen-op-zoom\/#local-main-organization-logo","url":"https:\/\/testwebsite.citygame.com\/wp-content\/blogs.dir\/1\/files\/sites\/62\/2025\/10\/CG_LOGO-City-Game.png","contentUrl":"https:\/\/testwebsite.citygame.com\/wp-content\/blogs.dir\/1\/files\/sites\/62\/2025\/10\/CG_LOGO-City-Game.png","width":351,"height":377,"caption":"City Game"}]}},"taxonomy_info":{"game-concept":[{"value":722,"label":"Secrets"}],"location":[{"value":85,"label":"Bergen op Zoom"}],"product_cat":[{"value":27,"label":"Geen categorie"}]},"featured_image_src_large":["https:\/\/testwebsite.citygame.com\/wp-content\/blogs.dir\/1\/files\/sites\/62\/2026\/03\/bergen-op-zoom-secrets-of-game-player-historic-street.jpg",1024,1024,false],"author_info":[],"comment_info":"","_links":{"self":[{"href":"https:\/\/testwebsite.citygame.com\/lt\/wp-json\/wp\/v2\/product\/66239","targetHints":{"allow":["GET"]}}],"collection":[{"href":"https:\/\/testwebsite.citygame.com\/lt\/wp-json\/wp\/v2\/product"}],"about":[{"href":"https:\/\/testwebsite.citygame.com\/lt\/wp-json\/wp\/v2\/types\/product"}],"acf:post":[{"embeddable":true,"href":"https:\/\/testwebsite.citygame.com\/lt\/wp-json\/wp\/v2\/pages\/12157"}],"wp:featuredmedia":[{"embeddable":true,"href":"https:\/\/testwebsite.citygame.com\/lt\/wp-json\/wp\/v2\/media\/18721"}],"wp:attachment":[{"href":"https:\/\/testwebsite.citygame.com\/lt\/wp-json\/wp\/v2\/media?parent=66239"}],"wp:term":[{"taxonomy":"game-concept","embeddable":true,"href":"https:\/\/testwebsite.citygame.com\/lt\/wp-json\/wp\/v2\/game-concept?post=66239"},{"taxonomy":"location","embeddable":true,"href":"https:\/\/testwebsite.citygame.com\/lt\/wp-json\/wp\/v2\/location?post=66239"},{"taxonomy":"product_brand","embeddable":true,"href":"https:\/\/testwebsite.citygame.com\/lt\/wp-json\/wp\/v2\/product_brand?post=66239"},{"taxonomy":"product_cat","embeddable":true,"href":"https:\/\/testwebsite.citygame.com\/lt\/wp-json\/wp\/v2\/product_cat?post=66239"},{"taxonomy":"product_tag","embeddable":true,"href":"https:\/\/testwebsite.citygame.com\/lt\/wp-json\/wp\/v2\/product_tag?post=66239"}],"curies":[{"name":"wp","href":"https:\/\/api.w.org\/{rel}","templated":true}]}}