{"id":65706,"date":"2026-01-13T11:48:27","date_gmt":"2026-01-13T11:48:27","guid":{"rendered":"https:\/\/testwebsite.citygame.com\/games\/unknown-location\/secrets-of-athens\/"},"modified":"2026-04-08T16:32:00","modified_gmt":"2026-04-08T16:32:00","slug":"secrets-of-athens","status":"publish","type":"product","link":"https:\/\/testwebsite.citygame.com\/lt\/games\/athens\/secrets-of-athens\/","title":{"rendered":"Secrets of Athens"},"content":{"rendered":"<p>Miesto \u017eaidimas At\u0117nai yra savaranki\u0161kas, GPS pagrindu veikiantis miesto \u017eaidimas, vykstantis At\u0117n\u0173 istoriniame centre. Naudodami savo i\u0161man\u0173j\u012f telefon\u0105, tyrin\u0117site miest\u0105 spr\u0119sdami galvos\u016bkius, m\u012fsles ir \u012ftraukian\u010dias nuotrauk\u0173 u\u017eduotis, kurios nuves jus per senovines gatves ir ikoninius orientyrus. Keliaujant, tyrin\u0117jimo \u017eaidimas atskleis \u017eavi\u0173 \u012f\u017evalg\u0173 apie At\u0117n\u0173 istorij\u0105, kult\u016br\u0105 ir pasl\u0117ptas detales, kuri\u0173 galb\u016bt ne\u017eino net vietiniai gyventojai. Sukurtas lankstumui ir pramogai, \u0161is savaranki\u0161kas miesto \u017eaidimas idealiai tinka solo nuotyki\u0173 ie\u0161kotojams, poroms, \u0161eimoms ir draug\u0173 grup\u0117ms. Nesvarbu, ar lankot\u0117s pirm\u0105 kart\u0105, ar i\u0161 naujo atrandate savo miest\u0105, Miesto \u017eaidimas At\u0117nai si\u016blo unikal\u0173 b\u016bd\u0105 patirti sostin\u0117s \u0161ird\u012f.<\/p>\n","protected":false},"excerpt":{"rendered":"<p>Atraskite At\u0117n\u0173 paslaptis! Skub\u0117kite nuo saul\u0117s nutviekst\u0173 griuv\u0117si\u0173 iki grafi\u010diais i\u0161margint\u0173 al\u0117j\u0173 ir gyvybing\u0173 aik\u0161\u010di\u0173, d\u0117liodami u\u017euominas, kad pad\u0117tum\u0117te Tes\u0117jui susigr\u0105\u017einti pamest\u0105 si\u016bl\u0173 kamuol\u012f, kuris ka\u017ekada i\u0161ved\u0117 j\u012f i\u0161 labirinto ir dabar v\u0117l turi j\u012f i\u0161gelb\u0117ti.<\/p>\n","protected":false},"featured_media":3686,"template":"","meta":{"_acf_changed":false,"_yoast_wpseo_focuskw":"Secrets of Athens","_yoast_wpseo_metadesc":"Secrets of Athens. \u017daiskite savaranki\u0161k\u0105 Miesto \u017eaidim\u0105 ir tyrin\u0117kite miest\u0105 spr\u0119sdami galvos\u016bkius, m\u012fsles ir u\u017eduotis. \u017daiskite savo tempu ir atraskite kaip vietinis!","_kad_blocks_custom_css":"","_kad_blocks_head_custom_js":"","_kad_blocks_body_custom_js":"","_kad_blocks_footer_custom_js":"","ghostkit_customizer_options":"","ghostkit_custom_css":"","ghostkit_custom_js_head":"","ghostkit_custom_js_foot":"","ghostkit_typography":"","_kad_post_transparent":"default","_kad_post_title":"","_kad_post_layout":"default","_kad_post_sidebar_id":"","_kad_post_content_style":"default","_kad_post_vertical_padding":"default","_kad_post_feature":"","_kad_post_feature_position":"","_kad_post_header":false,"_kad_post_footer":false,"_kad_post_classname":"","_links_to":"","_links_to_target":""},"game-concept":[722],"location":[72],"product_brand":[],"product_cat":[27],"product_tag":[],"class_list":{"0":"post-65706","1":"product","2":"type-product","3":"status-publish","4":"has-post-thumbnail","6":"game-concept-secrets","7":"location-athens","8":"product_cat-geen-categorie","10":"first","11":"instock","12":"shipping-taxable","13":"purchasable","14":"product-type-simple","15":"entry","16":"content-bg","17":"loop-entry"},"acf":{"full_bokun_product_name":"Self-Guided Secrets of Athens Exploration Game","location_name":"Athens","bokun_calendar_widget_code":"<script type=\"text\/javascript\" src=\"https:\/\/widgets.bokun.io\/assets\/javascripts\/apps\/build\/BokunWidgetsLoader.js?bookingChannelUUID=a1e93e96-5232-4734-a595-28405f4b5a31\" async><\/script>\n     \n    <div class=\"bokunWidget\" data-src=\"https:\/\/widgets.bokun.io\/online-sales\/a1e93e96-5232-4734-a595-28405f4b5a31\/experience-calendar\/1082839\"><\/div>\n    <noscript>Please enable javascript in your browser to book<\/noscript>","bokun_button_widget_code":"<script type=\"text\/javascript\" src=\"https:\/\/widgets.bokun.io\/assets\/javascripts\/apps\/build\/BokunWidgetsLoader.js?bookingChannelUUID=a1e93e96-5232-4734-a595-28405f4b5a31\" async><\/script>\n      <style> #bokun_ed001e45_5927_4f62_b470_ca766338d083 { display: inline-block; padding: .4em 1em; background: #47b82e; border-radius: 999999px; box-shadow: none; font-weight: 600; font-size: 24px; text-decoration: none; text-align: center; color: #FFFFFF; border:none; cursor: pointer; transition: background .2s ease; } #bokun_ed001e45_5927_4f62_b470_ca766338d083:hover{ background: #2f7b1f; } #bokun_ed001e45_5927_4f62_b470_ca766338d083:active{ background: #378f24; } <\/style> <button class=\"bokunButton\" disabled id=bokun_ed001e45_5927_4f62_b470_ca766338d083 data-src=\"https:\/\/widgets.bokun.io\/online-sales\/a1e93e96-5232-4734-a595-28405f4b5a31\/experience-calendar\/1082839?partialView=1\" data-testid=\"widget-book-button\" > Book now <\/button> ","what_you\u2019ll_experience_during_the_game":"Tyrin\u0117dami At\u0117nus su \u0161iuo Miesto \u017eaidimu, seksite \u012ftraukian\u010dia siu\u017eeto linija, kuri i\u0161siskleis judant tarp \u017eymi\u0173 viet\u0173, pasl\u0117pt\u0173 kampeli\u0173 ir netik\u0117t\u0173 atradim\u0173. Mar\u0161rutas apjungia ikonines vietas, tokias kaip Akropolis ir Syntagma aik\u0161t\u0117, su ma\u017eiau \u017einomais perlais, pavyzd\u017eiui, Stoa Emporon ir ba\u017eny\u010dia, susijusia su Agia Filothei. Keliaudami, patirsite tylius istorinius pasa\u017eus, gyvybingas aik\u0161tes ir \u017eali\u0105sias oazes, tokias kaip karalien\u0117s Amalijos \u012fkurtas ramus sodas. Kiekviena stotel\u0117 atskleid\u017eia skirting\u0105 At\u0117n\u0173 charakterio sluoksn\u012f \u2013 nuo senovini\u0173 pamat\u0173 iki \u0161iuolaikini\u0173 kult\u016bros viet\u0173.\r\n\r\n\u017daidimo metu spr\u0119site \u012fvairias u\u017eduotis, \u012fskaitant galvos\u016bkius, m\u012fsles, su vieta susijusius klausimus ir nuotrauk\u0173 u\u017eduotis, kurios atgaivins aplink\u0105. Atlikdami \u0161ias u\u017eduotis, u\u017edirbsite ta\u0161k\u0173, atrakinsite u\u017euominas ir priart\u0117site prie galutin\u0117s paslapties, esan\u010dios patirties \u0161irdyje, i\u0161sprendimo. Miesto \u017eaidim\u0105 galima pristabdyti ir t\u0119sti bet kada, leid\u017eiant jums tyrin\u0117ti At\u0117nus savo tempu. Tiems, kurie m\u0117gsta konkurencij\u0105, lyderi\u0173 lentel\u0117 leid\u017eia asmenims ar komandoms pamatyti, kaip jie u\u017eima viet\u0105 tarp kit\u0173 \u017eaid\u0117j\u0173.","how_to_play":"U\u017esisakius, gausite el. lai\u0161k\u0105 su tiesiogine \u017eaidimo nuoroda. Tiesiog nukeliaukite \u012f prad\u017eios viet\u0105 Syntagmos aik\u0161t\u0117je ir prad\u0117kite savo nuotykius, kai tik b\u016bsite pasiruo\u0161\u0119. \u017daidimas veikia j\u016bs\u0173 i\u0161maniajame telefone, tod\u0117l galite j\u012f pristabdyti bet kada ir t\u0119sti v\u0117liau, jums patogiu metu.","start_location":"Athens, Syntagma Square","available_languages":"","players_per_group":"1-4","duration":"1.5-2 hours","image_overlay_color_image":"https:\/\/testwebsite.citygame.com\/wp-content\/blogs.dir\/1\/files\/sites\/62\/2026\/01\/SecretsColor.svg","image_overlay_game_logo":"https:\/\/testwebsite.citygame.com\/wp-content\/blogs.dir\/1\/files\/sites\/62\/2026\/01\/SecretsLogo.png","city_page":8286,"woocommerce_general_content":null},"yoast_head":"<!-- This site is optimized with the Yoast SEO Premium plugin v26.2 (Yoast SEO v26.3) - https:\/\/yoast.com\/wordpress\/plugins\/seo\/ -->\n<title>Secrets of Athens - City Game<\/title>\n<meta name=\"description\" content=\"Secrets of Athens. \u017daiskite savaranki\u0161k\u0105 Miesto \u017eaidim\u0105 ir tyrin\u0117kite miest\u0105 spr\u0119sdami galvos\u016bkius, m\u012fsles ir u\u017eduotis. \u017daiskite savo tempu ir atraskite kaip vietinis!\" \/>\n<meta name=\"robots\" content=\"noindex, follow, max-snippet:-1, max-image-preview:large, max-video-preview:-1\" \/>\n<meta property=\"og:locale\" content=\"lt_LT\" \/>\n<meta property=\"og:type\" content=\"article\" \/>\n<meta property=\"og:title\" content=\"Secrets of Athens\" \/>\n<meta property=\"og:description\" content=\"Secrets of Athens. \u017daiskite savaranki\u0161k\u0105 Miesto \u017eaidim\u0105 ir tyrin\u0117kite miest\u0105 spr\u0119sdami galvos\u016bkius, m\u012fsles ir u\u017eduotis. \u017daiskite savo tempu ir atraskite kaip vietinis!\" \/>\n<meta property=\"og:url\" content=\"https:\/\/testwebsite.citygame.com\/lt\/games\/athens\/secrets-of-athens\/\" \/>\n<meta property=\"og:site_name\" content=\"City Game\" \/>\n<meta property=\"article:publisher\" content=\"https:\/\/www.facebook.com\/profile.php?id=100086426226253\" \/>\n<meta property=\"article:modified_time\" content=\"2026-04-08T16:32:00+00:00\" \/>\n<meta property=\"og:image\" content=\"https:\/\/testwebsite.citygame.com\/wp-content\/blogs.dir\/1\/files\/sites\/62\/2026\/01\/woman-using-phone-athens-view-philopappos-hill.jpg\" \/>\n\t<meta property=\"og:image:width\" content=\"1024\" \/>\n\t<meta property=\"og:image:height\" content=\"1024\" \/>\n\t<meta property=\"og:image:type\" content=\"image\/jpeg\" \/>\n<meta name=\"twitter:card\" content=\"summary_large_image\" \/>\n<meta name=\"twitter:label1\" content=\"Est. reading time\" \/>\n\t<meta name=\"twitter:data1\" content=\"1 minut\u0117\" \/>\n<script type=\"application\/ld+json\" class=\"yoast-schema-graph\">{\"@context\":\"https:\/\/schema.org\",\"@graph\":[{\"@type\":\"WebPage\",\"@id\":\"https:\/\/testwebsite.citygame.com\/lt\/games\/athens\/secrets-of-athens\/\",\"url\":\"https:\/\/testwebsite.citygame.com\/lt\/games\/athens\/secrets-of-athens\/\",\"name\":\"Secrets of Athens - City Game\",\"isPartOf\":{\"@id\":\"https:\/\/testwebsite.upevents.nl\/#website\"},\"primaryImageOfPage\":{\"@id\":\"https:\/\/testwebsite.citygame.com\/lt\/games\/athens\/secrets-of-athens\/#primaryimage\"},\"image\":{\"@id\":\"https:\/\/testwebsite.citygame.com\/lt\/games\/athens\/secrets-of-athens\/#primaryimage\"},\"thumbnailUrl\":\"https:\/\/testwebsite.citygame.com\/wp-content\/blogs.dir\/1\/files\/sites\/62\/2026\/01\/woman-using-phone-athens-view-philopappos-hill.jpg\",\"datePublished\":\"2026-01-13T11:48:27+00:00\",\"dateModified\":\"2026-04-08T16:32:00+00:00\",\"description\":\"Secrets of Athens. \u017daiskite savaranki\u0161k\u0105 Miesto \u017eaidim\u0105 ir tyrin\u0117kite miest\u0105 spr\u0119sdami galvos\u016bkius, m\u012fsles ir u\u017eduotis. \u017daiskite savo tempu ir atraskite kaip vietinis!\",\"breadcrumb\":{\"@id\":\"https:\/\/testwebsite.citygame.com\/lt\/games\/athens\/secrets-of-athens\/#breadcrumb\"},\"inLanguage\":\"lt-LT\",\"potentialAction\":[{\"@type\":\"ReadAction\",\"target\":[\"https:\/\/testwebsite.citygame.com\/lt\/games\/athens\/secrets-of-athens\/\"]}]},{\"@type\":\"ImageObject\",\"inLanguage\":\"lt-LT\",\"@id\":\"https:\/\/testwebsite.citygame.com\/lt\/games\/athens\/secrets-of-athens\/#primaryimage\",\"url\":\"https:\/\/testwebsite.citygame.com\/wp-content\/blogs.dir\/1\/files\/sites\/62\/2026\/01\/woman-using-phone-athens-view-philopappos-hill.jpg\",\"contentUrl\":\"https:\/\/testwebsite.citygame.com\/wp-content\/blogs.dir\/1\/files\/sites\/62\/2026\/01\/woman-using-phone-athens-view-philopappos-hill.jpg\",\"width\":1024,\"height\":1024,\"caption\":\"A tourist enjoys the sunny view over Athens from a rocky outcrop while looking at her smartphone.\"},{\"@type\":\"BreadcrumbList\",\"@id\":\"https:\/\/testwebsite.citygame.com\/lt\/games\/athens\/secrets-of-athens\/#breadcrumb\",\"itemListElement\":[{\"@type\":\"ListItem\",\"position\":1,\"name\":\"Home\",\"item\":\"https:\/\/testwebsite.citygame.com\/lt\/\"},{\"@type\":\"ListItem\",\"position\":2,\"name\":\"Shop\",\"item\":\"https:\/\/testwebsite.citygame.com\/shop\/\"},{\"@type\":\"ListItem\",\"position\":3,\"name\":\"Secrets of Athens\"}]},{\"@type\":\"WebSite\",\"@id\":\"https:\/\/testwebsite.upevents.nl\/#website\",\"url\":\"https:\/\/testwebsite.upevents.nl\/\",\"name\":\"City Game\",\"description\":\"\",\"publisher\":{\"@id\":\"https:\/\/testwebsite.upevents.nl\/#organization\"},\"alternateName\":\"citygame.com\",\"potentialAction\":[{\"@type\":\"SearchAction\",\"target\":{\"@type\":\"EntryPoint\",\"urlTemplate\":\"https:\/\/testwebsite.upevents.nl\/?s={search_term_string}\"},\"query-input\":{\"@type\":\"PropertyValueSpecification\",\"valueRequired\":true,\"valueName\":\"search_term_string\"}}],\"inLanguage\":\"lt-LT\"},{\"@type\":[\"Organization\",\"Place\"],\"@id\":\"https:\/\/testwebsite.upevents.nl\/#organization\",\"name\":\"City Game\",\"alternateName\":\"citygame.com\",\"url\":\"https:\/\/testwebsite.upevents.nl\/\",\"logo\":{\"@id\":\"https:\/\/testwebsite.citygame.com\/lt\/games\/athens\/secrets-of-athens\/#local-main-organization-logo\"},\"image\":{\"@id\":\"https:\/\/testwebsite.citygame.com\/lt\/games\/athens\/secrets-of-athens\/#local-main-organization-logo\"},\"sameAs\":[\"https:\/\/www.facebook.com\/profile.php?id=100086426226253\",\"https:\/\/www.instagram.com\/citygame_com\",\"https:\/\/www.tiktok.com\/@citygamecom\/\",\"https:\/\/www.linkedin.com\/company\/citygame-com\"],\"description\":\"Turn any city into a playground with our interactive City Games and self-guided tours. Fun, flexible, and ideal for groups and team building.\",\"telephone\":[],\"openingHoursSpecification\":[{\"@type\":\"OpeningHoursSpecification\",\"dayOfWeek\":[\"Monday\",\"Tuesday\",\"Wednesday\",\"Thursday\",\"Friday\",\"Saturday\",\"Sunday\"],\"opens\":\"09:00\",\"closes\":\"17:00\"}]},{\"@type\":\"ImageObject\",\"inLanguage\":\"lt-LT\",\"@id\":\"https:\/\/testwebsite.citygame.com\/lt\/games\/athens\/secrets-of-athens\/#local-main-organization-logo\",\"url\":\"https:\/\/testwebsite.citygame.com\/wp-content\/blogs.dir\/1\/files\/sites\/62\/2025\/10\/CG_LOGO-City-Game.png\",\"contentUrl\":\"https:\/\/testwebsite.citygame.com\/wp-content\/blogs.dir\/1\/files\/sites\/62\/2025\/10\/CG_LOGO-City-Game.png\",\"width\":351,\"height\":377,\"caption\":\"City Game\"}]}<\/script>\n<!-- \/ Yoast SEO Premium plugin. -->","yoast_head_json":{"title":"Secrets of Athens - City Game","description":"Secrets of Athens. \u017daiskite savaranki\u0161k\u0105 Miesto \u017eaidim\u0105 ir tyrin\u0117kite miest\u0105 spr\u0119sdami galvos\u016bkius, m\u012fsles ir u\u017eduotis. \u017daiskite savo tempu ir atraskite kaip vietinis!","robots":{"index":"noindex","follow":"follow","max-snippet":"max-snippet:-1","max-image-preview":"max-image-preview:large","max-video-preview":"max-video-preview:-1"},"og_locale":"lt_LT","og_type":"article","og_title":"Secrets of Athens","og_description":"Secrets of Athens. \u017daiskite savaranki\u0161k\u0105 Miesto \u017eaidim\u0105 ir tyrin\u0117kite miest\u0105 spr\u0119sdami galvos\u016bkius, m\u012fsles ir u\u017eduotis. \u017daiskite savo tempu ir atraskite kaip vietinis!","og_url":"https:\/\/testwebsite.citygame.com\/lt\/games\/athens\/secrets-of-athens\/","og_site_name":"City Game","article_publisher":"https:\/\/www.facebook.com\/profile.php?id=100086426226253","article_modified_time":"2026-04-08T16:32:00+00:00","og_image":[{"width":1024,"height":1024,"url":"https:\/\/testwebsite.citygame.com\/wp-content\/blogs.dir\/1\/files\/sites\/62\/2026\/01\/woman-using-phone-athens-view-philopappos-hill.jpg","type":"image\/jpeg"}],"twitter_card":"summary_large_image","twitter_misc":{"Est. reading time":"1 minut\u0117"},"schema":{"@context":"https:\/\/schema.org","@graph":[{"@type":"WebPage","@id":"https:\/\/testwebsite.citygame.com\/lt\/games\/athens\/secrets-of-athens\/","url":"https:\/\/testwebsite.citygame.com\/lt\/games\/athens\/secrets-of-athens\/","name":"Secrets of Athens - City Game","isPartOf":{"@id":"https:\/\/testwebsite.upevents.nl\/#website"},"primaryImageOfPage":{"@id":"https:\/\/testwebsite.citygame.com\/lt\/games\/athens\/secrets-of-athens\/#primaryimage"},"image":{"@id":"https:\/\/testwebsite.citygame.com\/lt\/games\/athens\/secrets-of-athens\/#primaryimage"},"thumbnailUrl":"https:\/\/testwebsite.citygame.com\/wp-content\/blogs.dir\/1\/files\/sites\/62\/2026\/01\/woman-using-phone-athens-view-philopappos-hill.jpg","datePublished":"2026-01-13T11:48:27+00:00","dateModified":"2026-04-08T16:32:00+00:00","description":"Secrets of Athens. \u017daiskite savaranki\u0161k\u0105 Miesto \u017eaidim\u0105 ir tyrin\u0117kite miest\u0105 spr\u0119sdami galvos\u016bkius, m\u012fsles ir u\u017eduotis. \u017daiskite savo tempu ir atraskite kaip vietinis!","breadcrumb":{"@id":"https:\/\/testwebsite.citygame.com\/lt\/games\/athens\/secrets-of-athens\/#breadcrumb"},"inLanguage":"lt-LT","potentialAction":[{"@type":"ReadAction","target":["https:\/\/testwebsite.citygame.com\/lt\/games\/athens\/secrets-of-athens\/"]}]},{"@type":"ImageObject","inLanguage":"lt-LT","@id":"https:\/\/testwebsite.citygame.com\/lt\/games\/athens\/secrets-of-athens\/#primaryimage","url":"https:\/\/testwebsite.citygame.com\/wp-content\/blogs.dir\/1\/files\/sites\/62\/2026\/01\/woman-using-phone-athens-view-philopappos-hill.jpg","contentUrl":"https:\/\/testwebsite.citygame.com\/wp-content\/blogs.dir\/1\/files\/sites\/62\/2026\/01\/woman-using-phone-athens-view-philopappos-hill.jpg","width":1024,"height":1024,"caption":"A tourist enjoys the sunny view over Athens from a rocky outcrop while looking at her smartphone."},{"@type":"BreadcrumbList","@id":"https:\/\/testwebsite.citygame.com\/lt\/games\/athens\/secrets-of-athens\/#breadcrumb","itemListElement":[{"@type":"ListItem","position":1,"name":"Home","item":"https:\/\/testwebsite.citygame.com\/lt\/"},{"@type":"ListItem","position":2,"name":"Shop","item":"https:\/\/testwebsite.citygame.com\/shop\/"},{"@type":"ListItem","position":3,"name":"Secrets of Athens"}]},{"@type":"WebSite","@id":"https:\/\/testwebsite.upevents.nl\/#website","url":"https:\/\/testwebsite.upevents.nl\/","name":"City Game","description":"","publisher":{"@id":"https:\/\/testwebsite.upevents.nl\/#organization"},"alternateName":"citygame.com","potentialAction":[{"@type":"SearchAction","target":{"@type":"EntryPoint","urlTemplate":"https:\/\/testwebsite.upevents.nl\/?s={search_term_string}"},"query-input":{"@type":"PropertyValueSpecification","valueRequired":true,"valueName":"search_term_string"}}],"inLanguage":"lt-LT"},{"@type":["Organization","Place"],"@id":"https:\/\/testwebsite.upevents.nl\/#organization","name":"City Game","alternateName":"citygame.com","url":"https:\/\/testwebsite.upevents.nl\/","logo":{"@id":"https:\/\/testwebsite.citygame.com\/lt\/games\/athens\/secrets-of-athens\/#local-main-organization-logo"},"image":{"@id":"https:\/\/testwebsite.citygame.com\/lt\/games\/athens\/secrets-of-athens\/#local-main-organization-logo"},"sameAs":["https:\/\/www.facebook.com\/profile.php?id=100086426226253","https:\/\/www.instagram.com\/citygame_com","https:\/\/www.tiktok.com\/@citygamecom\/","https:\/\/www.linkedin.com\/company\/citygame-com"],"description":"Turn any city into a playground with our interactive City Games and self-guided tours. Fun, flexible, and ideal for groups and team building.","telephone":[],"openingHoursSpecification":[{"@type":"OpeningHoursSpecification","dayOfWeek":["Monday","Tuesday","Wednesday","Thursday","Friday","Saturday","Sunday"],"opens":"09:00","closes":"17:00"}]},{"@type":"ImageObject","inLanguage":"lt-LT","@id":"https:\/\/testwebsite.citygame.com\/lt\/games\/athens\/secrets-of-athens\/#local-main-organization-logo","url":"https:\/\/testwebsite.citygame.com\/wp-content\/blogs.dir\/1\/files\/sites\/62\/2025\/10\/CG_LOGO-City-Game.png","contentUrl":"https:\/\/testwebsite.citygame.com\/wp-content\/blogs.dir\/1\/files\/sites\/62\/2025\/10\/CG_LOGO-City-Game.png","width":351,"height":377,"caption":"City Game"}]}},"taxonomy_info":{"game-concept":[{"value":722,"label":"Secrets"}],"location":[{"value":72,"label":"Athens"}],"product_cat":[{"value":27,"label":"Geen categorie"}]},"featured_image_src_large":["https:\/\/testwebsite.citygame.com\/wp-content\/blogs.dir\/1\/files\/sites\/62\/2026\/01\/woman-using-phone-athens-view-philopappos-hill.jpg",1024,1024,false],"author_info":[],"comment_info":"","_links":{"self":[{"href":"https:\/\/testwebsite.citygame.com\/lt\/wp-json\/wp\/v2\/product\/65706","targetHints":{"allow":["GET"]}}],"collection":[{"href":"https:\/\/testwebsite.citygame.com\/lt\/wp-json\/wp\/v2\/product"}],"about":[{"href":"https:\/\/testwebsite.citygame.com\/lt\/wp-json\/wp\/v2\/types\/product"}],"acf:post":[{"embeddable":true,"href":"https:\/\/testwebsite.citygame.com\/lt\/wp-json\/wp\/v2\/pages\/8286"}],"wp:featuredmedia":[{"embeddable":true,"href":"https:\/\/testwebsite.citygame.com\/lt\/wp-json\/wp\/v2\/media\/3686"}],"wp:attachment":[{"href":"https:\/\/testwebsite.citygame.com\/lt\/wp-json\/wp\/v2\/media?parent=65706"}],"wp:term":[{"taxonomy":"game-concept","embeddable":true,"href":"https:\/\/testwebsite.citygame.com\/lt\/wp-json\/wp\/v2\/game-concept?post=65706"},{"taxonomy":"location","embeddable":true,"href":"https:\/\/testwebsite.citygame.com\/lt\/wp-json\/wp\/v2\/location?post=65706"},{"taxonomy":"product_brand","embeddable":true,"href":"https:\/\/testwebsite.citygame.com\/lt\/wp-json\/wp\/v2\/product_brand?post=65706"},{"taxonomy":"product_cat","embeddable":true,"href":"https:\/\/testwebsite.citygame.com\/lt\/wp-json\/wp\/v2\/product_cat?post=65706"},{"taxonomy":"product_tag","embeddable":true,"href":"https:\/\/testwebsite.citygame.com\/lt\/wp-json\/wp\/v2\/product_tag?post=65706"}],"curies":[{"name":"wp","href":"https:\/\/api.w.org\/{rel}","templated":true}]}}