{"id":65418,"date":"2026-02-06T13:06:33","date_gmt":"2026-02-06T13:06:33","guid":{"rendered":"https:\/\/testwebsite.citygame.com\/games\/unknown-location\/sherlock-holmes-prague\/"},"modified":"2026-04-08T15:54:49","modified_gmt":"2026-04-08T15:54:49","slug":"sherlock-holmes-prague","status":"publish","type":"product","link":"https:\/\/testwebsite.citygame.com\/lt\/games\/prague\/sherlock-holmes-prague\/","title":{"rendered":"Sherlock Holmes Prague"},"content":{"rendered":"<p>Pasinerkite \u012f Sherlocko Holmeso pasaul\u012f su \u0161iuo savaranki\u0161ku, istorija paremtu \u017emog\u017eudyst\u0117s paslap\u010di\u0173 City Game \u017eaidimu, vykstan\u010diu istoriniame Prahos centre. Kai Laisv\u0117s festivalio metu \u012fvykdoma \u017emog\u017eudyst\u0117, esate pakviestas i\u0161spr\u0119sti byl\u0105, rinkdamas \u012fkal\u010dius, spr\u0119sdamas sud\u0117tingus galvos\u016bkius ir tardydamas skaitmeninius \u012ftariamuosius, \u012fpintas \u012f besiple\u010diant\u012f naratyv\u0105. Tyrin\u0117dami gili\u0173 nuotaik\u0173 gatves, miestas tampa j\u016bs\u0173 tyrim\u0173 lauku, leid\u017eian\u010diu \u017eaisti savo tempu, visi\u0161kai pasin\u0117rus \u012f detektyvo meistro vaidmen\u012f.<\/p>\n","protected":false},"excerpt":{"rendered":"<p>Pasinerkite \u012f \u017eavi\u0105 Sherlocko Holmeso vaidmen\u012f savaranki\u0161kame \u017emog\u017eudyst\u0117s paslap\u010di\u0173 \u017eaidime, vykstan\u010diame intriguojan\u010dioje Prahos \u0161irdyje. Su savo komanda sekite sunkiai surandamus \u012fkal\u010dius, spr\u0119skite sud\u0117tingus galvos\u016bkius ir lenktyniaukite su laiku, kad atskleistum\u0117te sukre\u010dian\u010di\u0105 ties\u0105 &#8211; j\u016bs\u0173 laukia jaudinantis i\u0161\u0161\u016bkis!<\/p>\n","protected":false},"featured_media":11315,"template":"","meta":{"_acf_changed":false,"_yoast_wpseo_focuskw":"Sherlock Holmes Prague","_yoast_wpseo_metadesc":"Sherlock Holmes Prague. \u017daiskite savaranki\u0161k\u0105 \u017emog\u017eudyst\u0117s paslap\u010di\u0173 City Game, spr\u0119skite galvos\u016bkius, sekite \u012fkal\u010dius ir atskleiskite \u017eudik\u0105 savo tempu!","_kad_blocks_custom_css":"","_kad_blocks_head_custom_js":"","_kad_blocks_body_custom_js":"","_kad_blocks_footer_custom_js":"","ghostkit_customizer_options":"","ghostkit_custom_css":"","ghostkit_custom_js_head":"","ghostkit_custom_js_foot":"","ghostkit_typography":"","_kad_post_transparent":"","_kad_post_title":"","_kad_post_layout":"","_kad_post_sidebar_id":"","_kad_post_content_style":"","_kad_post_vertical_padding":"","_kad_post_feature":"","_kad_post_feature_position":"","_kad_post_header":false,"_kad_post_footer":false,"_kad_post_classname":"","_links_to":"","_links_to_target":""},"game-concept":[783],"location":[331],"product_brand":[],"product_cat":[27],"product_tag":[],"class_list":{"0":"post-65418","1":"product","2":"type-product","3":"status-publish","4":"has-post-thumbnail","6":"game-concept-sherlock","7":"location-prague","8":"product_cat-geen-categorie","10":"first","11":"instock","12":"shipping-taxable","13":"purchasable","14":"product-type-simple","15":"entry","16":"content-bg","17":"loop-entry"},"acf":{"full_bokun_product_name":"Prague Self-Guided Sherlock Holmes Murder Mystery Game","location_name":"Prague","bokun_calendar_widget_code":"<script type=\"text\/javascript\" src=\"https:\/\/widgets.bokun.io\/assets\/javascripts\/apps\/build\/BokunWidgetsLoader.js?bookingChannelUUID=a1e93e96-5232-4734-a595-28405f4b5a31\" async><\/script>\n     \n    <div class=\"bokunWidget\" data-src=\"https:\/\/widgets.bokun.io\/online-sales\/a1e93e96-5232-4734-a595-28405f4b5a31\/experience-calendar\/758983\"><\/div>\n    <noscript>Please enable javascript in your browser to book<\/noscript>","bokun_button_widget_code":"<script type=\"text\/javascript\" src=\"https:\/\/widgets.bokun.io\/assets\/javascripts\/apps\/build\/BokunWidgetsLoader.js?bookingChannelUUID=a1e93e96-5232-4734-a595-28405f4b5a31\" async><\/script>\n      <style> #bokun_ed001e45_5927_4f62_b470_ca766338d083 { display: inline-block; padding: .4em 1em; background: #47b82e; border-radius: 999999px; box-shadow: none; font-weight: 600; font-size: 24px; text-decoration: none; text-align: center; color: #FFFFFF; border:none; cursor: pointer; transition: background .2s ease; } #bokun_ed001e45_5927_4f62_b470_ca766338d083:hover{ background: #2f7b1f; } #bokun_ed001e45_5927_4f62_b470_ca766338d083:active{ background: #378f24; } <\/style> <button class=\"bokunButton\" disabled id=bokun_ed001e45_5927_4f62_b470_ca766338d083 data-src=\"https:\/\/widgets.bokun.io\/online-sales\/a1e93e96-5232-4734-a595-28405f4b5a31\/experience-calendar\/758983?partialView=1\" data-testid=\"widget-book-button\" > Book now <\/button> ","what_you\u2019ll_experience_during_the_game":"\u017dengiate \u012f \u012ftraukian\u010di\u0105 detektyvin\u0119 istorij\u0105, vykstan\u010di\u0105 Prahoje, kurioje sukre\u010dianti \u017emog\u017eudyst\u0117 Laisv\u0117s festivalio metu panardino miest\u0105 \u012f ne\u017einomyb\u0119. Jud\u0117dami nuotaikingomis gatv\u0117mis, istorija atsiskleid\u017eia po truput\u012f, giliau \u012fvesdama jus \u012f tyrim\u0105. Kiekviename etape atrasite pasl\u0117pt\u0173 \u012fkal\u010di\u0173, spr\u0119site sud\u0117tingus galvos\u016bkius ir susidursite su netik\u0117tais pos\u016bkiais, kurie i\u0161bandys j\u016bs\u0173 prot\u0105 ir instinktus.\n\nTardote skaitmeninius \u012ftariamuosius, analizuojate prie\u0161taringus alibi ir tikrinate kiekvien\u0105 parei\u0161kim\u0105, ie\u0161kodami tiesos sprag\u0173. Kiekvienu sprendimu remiat\u0117s pastabumu, kritiniu m\u0105stymu ir a\u0161triu dedukcijos geb\u0117jimu, kad atskirtum\u0117te mel\u0105 nuo atskleidim\u0173. Visa patirtis yra visi\u0161kai pagr\u012fsta istorija, leid\u017eianti jums \u017eaisti savo tempu, sustabdyti ir t\u0119sti, kada tik jums patogu. Komandoms, ie\u0161kan\u010dioms papildomo i\u0161\u0161\u016bkio, konkurencinis prana\u0161umas suteikia paslapties, neu\u017ego\u017edamas naratyvo.","how_to_play":"\u017daiskite vienas arba su draugais, \u0161eima ar kolegomis komandose iki keturi\u0173 asmen\u0173 vienam \u012frenginiui. Po u\u017esakymo gausite instrukcij\u0173 el. lai\u0161k\u0105 su viskuo, ko jums reikia.","start_location":"Prague, Starom\u011bstsk\u00e9 n\u00e1m\u011bst\u00ed","available_languages":["en","fr","de","es","nl","it"],"players_per_group":"1-4","duration":"1.5-2 hours","image_overlay_color_image":"https:\/\/testwebsite.citygame.com\/wp-content\/blogs.dir\/1\/files\/sites\/62\/2026\/01\/SherlockColor.svg","image_overlay_game_logo":"https:\/\/testwebsite.citygame.com\/wp-content\/blogs.dir\/1\/files\/sites\/62\/2026\/01\/SherlockLogo.png","city_page":8238,"woocommerce_general_content":null},"yoast_head":"<!-- This site is optimized with the Yoast SEO Premium plugin v26.2 (Yoast SEO v26.3) - https:\/\/yoast.com\/wordpress\/plugins\/seo\/ -->\n<title>Sherlock Holmes Prague - City Game<\/title>\n<meta name=\"description\" content=\"Sherlock Holmes Prague. \u017daiskite savaranki\u0161k\u0105 \u017emog\u017eudyst\u0117s paslap\u010di\u0173 City Game, spr\u0119skite galvos\u016bkius, sekite \u012fkal\u010dius ir atskleiskite \u017eudik\u0105 savo tempu!\" \/>\n<meta name=\"robots\" content=\"noindex, follow, max-snippet:-1, max-image-preview:large, max-video-preview:-1\" \/>\n<meta property=\"og:locale\" content=\"lt_LT\" \/>\n<meta property=\"og:type\" content=\"article\" \/>\n<meta property=\"og:title\" content=\"Sherlock Holmes Prague\" \/>\n<meta property=\"og:description\" content=\"Sherlock Holmes Prague. \u017daiskite savaranki\u0161k\u0105 \u017emog\u017eudyst\u0117s paslap\u010di\u0173 City Game, spr\u0119skite galvos\u016bkius, sekite \u012fkal\u010dius ir atskleiskite \u017eudik\u0105 savo tempu!\" \/>\n<meta property=\"og:url\" content=\"https:\/\/testwebsite.citygame.com\/lt\/games\/prague\/sherlock-holmes-prague\/\" \/>\n<meta property=\"og:site_name\" content=\"City Game\" \/>\n<meta property=\"article:publisher\" content=\"https:\/\/www.facebook.com\/profile.php?id=100086426226253\" \/>\n<meta property=\"article:modified_time\" content=\"2026-04-08T15:54:49+00:00\" \/>\n<meta property=\"og:image\" content=\"https:\/\/testwebsite.citygame.com\/wp-content\/blogs.dir\/1\/files\/sites\/62\/2026\/02\/a-group-of-friends-playing-a-city-game-on-a-phone-in-prague.jpg\" \/>\n\t<meta property=\"og:image:width\" content=\"1344\" \/>\n\t<meta property=\"og:image:height\" content=\"768\" \/>\n\t<meta property=\"og:image:type\" content=\"image\/jpeg\" \/>\n<meta name=\"twitter:card\" content=\"summary_large_image\" \/>\n<script type=\"application\/ld+json\" class=\"yoast-schema-graph\">{\"@context\":\"https:\/\/schema.org\",\"@graph\":[{\"@type\":\"WebPage\",\"@id\":\"https:\/\/testwebsite.citygame.com\/lt\/games\/prague\/sherlock-holmes-prague\/\",\"url\":\"https:\/\/testwebsite.citygame.com\/lt\/games\/prague\/sherlock-holmes-prague\/\",\"name\":\"Sherlock Holmes Prague - City Game\",\"isPartOf\":{\"@id\":\"https:\/\/testwebsite.upevents.nl\/#website\"},\"primaryImageOfPage\":{\"@id\":\"https:\/\/testwebsite.citygame.com\/lt\/games\/prague\/sherlock-holmes-prague\/#primaryimage\"},\"image\":{\"@id\":\"https:\/\/testwebsite.citygame.com\/lt\/games\/prague\/sherlock-holmes-prague\/#primaryimage\"},\"thumbnailUrl\":\"https:\/\/testwebsite.citygame.com\/wp-content\/blogs.dir\/1\/files\/sites\/62\/2026\/02\/a-group-of-friends-playing-a-city-game-on-a-phone-in-prague.jpg\",\"datePublished\":\"2026-02-06T13:06:33+00:00\",\"dateModified\":\"2026-04-08T15:54:49+00:00\",\"description\":\"Sherlock Holmes Prague. \u017daiskite savaranki\u0161k\u0105 \u017emog\u017eudyst\u0117s paslap\u010di\u0173 City Game, spr\u0119skite galvos\u016bkius, sekite \u012fkal\u010dius ir atskleiskite \u017eudik\u0105 savo tempu!\",\"breadcrumb\":{\"@id\":\"https:\/\/testwebsite.citygame.com\/lt\/games\/prague\/sherlock-holmes-prague\/#breadcrumb\"},\"inLanguage\":\"lt-LT\",\"potentialAction\":[{\"@type\":\"ReadAction\",\"target\":[\"https:\/\/testwebsite.citygame.com\/lt\/games\/prague\/sherlock-holmes-prague\/\"]}]},{\"@type\":\"ImageObject\",\"inLanguage\":\"lt-LT\",\"@id\":\"https:\/\/testwebsite.citygame.com\/lt\/games\/prague\/sherlock-holmes-prague\/#primaryimage\",\"url\":\"https:\/\/testwebsite.citygame.com\/wp-content\/blogs.dir\/1\/files\/sites\/62\/2026\/02\/a-group-of-friends-playing-a-city-game-on-a-phone-in-prague.jpg\",\"contentUrl\":\"https:\/\/testwebsite.citygame.com\/wp-content\/blogs.dir\/1\/files\/sites\/62\/2026\/02\/a-group-of-friends-playing-a-city-game-on-a-phone-in-prague.jpg\",\"width\":1344,\"height\":768,\"caption\":\"A group of friends huddle around a smartphone while exploring a historic street in Prague.\"},{\"@type\":\"BreadcrumbList\",\"@id\":\"https:\/\/testwebsite.citygame.com\/lt\/games\/prague\/sherlock-holmes-prague\/#breadcrumb\",\"itemListElement\":[{\"@type\":\"ListItem\",\"position\":1,\"name\":\"Home\",\"item\":\"https:\/\/testwebsite.citygame.com\/lt\/\"},{\"@type\":\"ListItem\",\"position\":2,\"name\":\"Shop\",\"item\":\"https:\/\/testwebsite.citygame.com\/shop\/\"},{\"@type\":\"ListItem\",\"position\":3,\"name\":\"Sherlock Holmes Prague\"}]},{\"@type\":\"WebSite\",\"@id\":\"https:\/\/testwebsite.upevents.nl\/#website\",\"url\":\"https:\/\/testwebsite.upevents.nl\/\",\"name\":\"City Game\",\"description\":\"\",\"publisher\":{\"@id\":\"https:\/\/testwebsite.upevents.nl\/#organization\"},\"alternateName\":\"citygame.com\",\"potentialAction\":[{\"@type\":\"SearchAction\",\"target\":{\"@type\":\"EntryPoint\",\"urlTemplate\":\"https:\/\/testwebsite.upevents.nl\/?s={search_term_string}\"},\"query-input\":{\"@type\":\"PropertyValueSpecification\",\"valueRequired\":true,\"valueName\":\"search_term_string\"}}],\"inLanguage\":\"lt-LT\"},{\"@type\":[\"Organization\",\"Place\"],\"@id\":\"https:\/\/testwebsite.upevents.nl\/#organization\",\"name\":\"City Game\",\"alternateName\":\"citygame.com\",\"url\":\"https:\/\/testwebsite.upevents.nl\/\",\"logo\":{\"@id\":\"https:\/\/testwebsite.citygame.com\/lt\/games\/prague\/sherlock-holmes-prague\/#local-main-organization-logo\"},\"image\":{\"@id\":\"https:\/\/testwebsite.citygame.com\/lt\/games\/prague\/sherlock-holmes-prague\/#local-main-organization-logo\"},\"sameAs\":[\"https:\/\/www.facebook.com\/profile.php?id=100086426226253\",\"https:\/\/www.instagram.com\/citygame_com\",\"https:\/\/www.tiktok.com\/@citygamecom\/\",\"https:\/\/www.linkedin.com\/company\/citygame-com\"],\"description\":\"Turn any city into a playground with our interactive City Games and self-guided tours. Fun, flexible, and ideal for groups and team building.\",\"telephone\":[],\"openingHoursSpecification\":[{\"@type\":\"OpeningHoursSpecification\",\"dayOfWeek\":[\"Monday\",\"Tuesday\",\"Wednesday\",\"Thursday\",\"Friday\",\"Saturday\",\"Sunday\"],\"opens\":\"09:00\",\"closes\":\"17:00\"}]},{\"@type\":\"ImageObject\",\"inLanguage\":\"lt-LT\",\"@id\":\"https:\/\/testwebsite.citygame.com\/lt\/games\/prague\/sherlock-holmes-prague\/#local-main-organization-logo\",\"url\":\"https:\/\/testwebsite.citygame.com\/wp-content\/blogs.dir\/1\/files\/sites\/62\/2025\/10\/CG_LOGO-City-Game.png\",\"contentUrl\":\"https:\/\/testwebsite.citygame.com\/wp-content\/blogs.dir\/1\/files\/sites\/62\/2025\/10\/CG_LOGO-City-Game.png\",\"width\":351,\"height\":377,\"caption\":\"City Game\"}]}<\/script>\n<!-- \/ Yoast SEO Premium plugin. -->","yoast_head_json":{"title":"Sherlock Holmes Prague - City Game","description":"Sherlock Holmes Prague. \u017daiskite savaranki\u0161k\u0105 \u017emog\u017eudyst\u0117s paslap\u010di\u0173 City Game, spr\u0119skite galvos\u016bkius, sekite \u012fkal\u010dius ir atskleiskite \u017eudik\u0105 savo tempu!","robots":{"index":"noindex","follow":"follow","max-snippet":"max-snippet:-1","max-image-preview":"max-image-preview:large","max-video-preview":"max-video-preview:-1"},"og_locale":"lt_LT","og_type":"article","og_title":"Sherlock Holmes Prague","og_description":"Sherlock Holmes Prague. \u017daiskite savaranki\u0161k\u0105 \u017emog\u017eudyst\u0117s paslap\u010di\u0173 City Game, spr\u0119skite galvos\u016bkius, sekite \u012fkal\u010dius ir atskleiskite \u017eudik\u0105 savo tempu!","og_url":"https:\/\/testwebsite.citygame.com\/lt\/games\/prague\/sherlock-holmes-prague\/","og_site_name":"City Game","article_publisher":"https:\/\/www.facebook.com\/profile.php?id=100086426226253","article_modified_time":"2026-04-08T15:54:49+00:00","og_image":[{"width":1344,"height":768,"url":"https:\/\/testwebsite.citygame.com\/wp-content\/blogs.dir\/1\/files\/sites\/62\/2026\/02\/a-group-of-friends-playing-a-city-game-on-a-phone-in-prague.jpg","type":"image\/jpeg"}],"twitter_card":"summary_large_image","schema":{"@context":"https:\/\/schema.org","@graph":[{"@type":"WebPage","@id":"https:\/\/testwebsite.citygame.com\/lt\/games\/prague\/sherlock-holmes-prague\/","url":"https:\/\/testwebsite.citygame.com\/lt\/games\/prague\/sherlock-holmes-prague\/","name":"Sherlock Holmes Prague - City Game","isPartOf":{"@id":"https:\/\/testwebsite.upevents.nl\/#website"},"primaryImageOfPage":{"@id":"https:\/\/testwebsite.citygame.com\/lt\/games\/prague\/sherlock-holmes-prague\/#primaryimage"},"image":{"@id":"https:\/\/testwebsite.citygame.com\/lt\/games\/prague\/sherlock-holmes-prague\/#primaryimage"},"thumbnailUrl":"https:\/\/testwebsite.citygame.com\/wp-content\/blogs.dir\/1\/files\/sites\/62\/2026\/02\/a-group-of-friends-playing-a-city-game-on-a-phone-in-prague.jpg","datePublished":"2026-02-06T13:06:33+00:00","dateModified":"2026-04-08T15:54:49+00:00","description":"Sherlock Holmes Prague. \u017daiskite savaranki\u0161k\u0105 \u017emog\u017eudyst\u0117s paslap\u010di\u0173 City Game, spr\u0119skite galvos\u016bkius, sekite \u012fkal\u010dius ir atskleiskite \u017eudik\u0105 savo tempu!","breadcrumb":{"@id":"https:\/\/testwebsite.citygame.com\/lt\/games\/prague\/sherlock-holmes-prague\/#breadcrumb"},"inLanguage":"lt-LT","potentialAction":[{"@type":"ReadAction","target":["https:\/\/testwebsite.citygame.com\/lt\/games\/prague\/sherlock-holmes-prague\/"]}]},{"@type":"ImageObject","inLanguage":"lt-LT","@id":"https:\/\/testwebsite.citygame.com\/lt\/games\/prague\/sherlock-holmes-prague\/#primaryimage","url":"https:\/\/testwebsite.citygame.com\/wp-content\/blogs.dir\/1\/files\/sites\/62\/2026\/02\/a-group-of-friends-playing-a-city-game-on-a-phone-in-prague.jpg","contentUrl":"https:\/\/testwebsite.citygame.com\/wp-content\/blogs.dir\/1\/files\/sites\/62\/2026\/02\/a-group-of-friends-playing-a-city-game-on-a-phone-in-prague.jpg","width":1344,"height":768,"caption":"A group of friends huddle around a smartphone while exploring a historic street in Prague."},{"@type":"BreadcrumbList","@id":"https:\/\/testwebsite.citygame.com\/lt\/games\/prague\/sherlock-holmes-prague\/#breadcrumb","itemListElement":[{"@type":"ListItem","position":1,"name":"Home","item":"https:\/\/testwebsite.citygame.com\/lt\/"},{"@type":"ListItem","position":2,"name":"Shop","item":"https:\/\/testwebsite.citygame.com\/shop\/"},{"@type":"ListItem","position":3,"name":"Sherlock Holmes Prague"}]},{"@type":"WebSite","@id":"https:\/\/testwebsite.upevents.nl\/#website","url":"https:\/\/testwebsite.upevents.nl\/","name":"City Game","description":"","publisher":{"@id":"https:\/\/testwebsite.upevents.nl\/#organization"},"alternateName":"citygame.com","potentialAction":[{"@type":"SearchAction","target":{"@type":"EntryPoint","urlTemplate":"https:\/\/testwebsite.upevents.nl\/?s={search_term_string}"},"query-input":{"@type":"PropertyValueSpecification","valueRequired":true,"valueName":"search_term_string"}}],"inLanguage":"lt-LT"},{"@type":["Organization","Place"],"@id":"https:\/\/testwebsite.upevents.nl\/#organization","name":"City Game","alternateName":"citygame.com","url":"https:\/\/testwebsite.upevents.nl\/","logo":{"@id":"https:\/\/testwebsite.citygame.com\/lt\/games\/prague\/sherlock-holmes-prague\/#local-main-organization-logo"},"image":{"@id":"https:\/\/testwebsite.citygame.com\/lt\/games\/prague\/sherlock-holmes-prague\/#local-main-organization-logo"},"sameAs":["https:\/\/www.facebook.com\/profile.php?id=100086426226253","https:\/\/www.instagram.com\/citygame_com","https:\/\/www.tiktok.com\/@citygamecom\/","https:\/\/www.linkedin.com\/company\/citygame-com"],"description":"Turn any city into a playground with our interactive City Games and self-guided tours. Fun, flexible, and ideal for groups and team building.","telephone":[],"openingHoursSpecification":[{"@type":"OpeningHoursSpecification","dayOfWeek":["Monday","Tuesday","Wednesday","Thursday","Friday","Saturday","Sunday"],"opens":"09:00","closes":"17:00"}]},{"@type":"ImageObject","inLanguage":"lt-LT","@id":"https:\/\/testwebsite.citygame.com\/lt\/games\/prague\/sherlock-holmes-prague\/#local-main-organization-logo","url":"https:\/\/testwebsite.citygame.com\/wp-content\/blogs.dir\/1\/files\/sites\/62\/2025\/10\/CG_LOGO-City-Game.png","contentUrl":"https:\/\/testwebsite.citygame.com\/wp-content\/blogs.dir\/1\/files\/sites\/62\/2025\/10\/CG_LOGO-City-Game.png","width":351,"height":377,"caption":"City Game"}]}},"taxonomy_info":{"game-concept":[{"value":783,"label":"Sherlock"}],"location":[{"value":331,"label":"Prague"}],"product_cat":[{"value":27,"label":"Geen categorie"}]},"featured_image_src_large":["https:\/\/testwebsite.citygame.com\/wp-content\/blogs.dir\/1\/files\/sites\/62\/2026\/02\/a-group-of-friends-playing-a-city-game-on-a-phone-in-prague-1024x585.jpg",1024,585,true],"author_info":[],"comment_info":"","_links":{"self":[{"href":"https:\/\/testwebsite.citygame.com\/lt\/wp-json\/wp\/v2\/product\/65418","targetHints":{"allow":["GET"]}}],"collection":[{"href":"https:\/\/testwebsite.citygame.com\/lt\/wp-json\/wp\/v2\/product"}],"about":[{"href":"https:\/\/testwebsite.citygame.com\/lt\/wp-json\/wp\/v2\/types\/product"}],"acf:post":[{"embeddable":true,"href":"https:\/\/testwebsite.citygame.com\/lt\/wp-json\/wp\/v2\/pages\/8238"}],"wp:featuredmedia":[{"embeddable":true,"href":"https:\/\/testwebsite.citygame.com\/lt\/wp-json\/wp\/v2\/media\/11315"}],"wp:attachment":[{"href":"https:\/\/testwebsite.citygame.com\/lt\/wp-json\/wp\/v2\/media?parent=65418"}],"wp:term":[{"taxonomy":"game-concept","embeddable":true,"href":"https:\/\/testwebsite.citygame.com\/lt\/wp-json\/wp\/v2\/game-concept?post=65418"},{"taxonomy":"location","embeddable":true,"href":"https:\/\/testwebsite.citygame.com\/lt\/wp-json\/wp\/v2\/location?post=65418"},{"taxonomy":"product_brand","embeddable":true,"href":"https:\/\/testwebsite.citygame.com\/lt\/wp-json\/wp\/v2\/product_brand?post=65418"},{"taxonomy":"product_cat","embeddable":true,"href":"https:\/\/testwebsite.citygame.com\/lt\/wp-json\/wp\/v2\/product_cat?post=65418"},{"taxonomy":"product_tag","embeddable":true,"href":"https:\/\/testwebsite.citygame.com\/lt\/wp-json\/wp\/v2\/product_tag?post=65418"}],"curies":[{"name":"wp","href":"https:\/\/api.w.org\/{rel}","templated":true}]}}