{"id":64676,"date":"2026-01-27T15:51:46","date_gmt":"2026-01-27T15:51:46","guid":{"rendered":"https:\/\/testwebsite.citygame.com\/games\/unknown-location\/secrets-of-bruges\/"},"modified":"2026-04-08T14:25:58","modified_gmt":"2026-04-08T14:25:58","slug":"secrets-of-bruges","status":"publish","type":"product","link":"https:\/\/testwebsite.citygame.com\/lt\/games\/bruges\/secrets-of-bruges\/","title":{"rendered":"Secrets of Bruges"},"content":{"rendered":"<p>\u201eCity Game Bruges\u201c yra savaranki\u0161kas, GPS pagrindu veikiantis \u017eaidimas, vykstantis istorin\u0117je Briug\u0117s \u0161irdyje. Naudodami savo i\u0161man\u0173j\u012f telefon\u0105, tyrin\u0117site miest\u0105 spr\u0119sdami galvos\u016bkius, m\u012fsles ir nuotrauk\u0173 u\u017eduotis, kurios atskleis pasl\u0117ptas detales. \u0160is tyrin\u0117jimo \u017eaidimas suteikia \u012f\u017evalg\u0173 apie turting\u0105 Briug\u0117s istorij\u0105 ir kult\u016br\u0105, tod\u0117l tai yra patraukli patirtis tiek lankytojams, tiek vietiniams gyventojams. Savaranki\u0161kas miesto \u017eaidimas sukurtas lanks\u010diai ir puikiai tinka vieni\u0161iems \u017eaid\u0117jams, poroms, \u0161eimoms ar draug\u0173 grup\u0117ms. Nesvarbu, ar atrandate Briug\u0119 pirm\u0105 kart\u0105, ar matote j\u0105 i\u0161 naujos perspektyvos, \u201eCity Game Bruges\u201c suteiks j\u016bs\u0173 kelionei \u017eaismingumo.<\/p>\n","protected":false},"excerpt":{"rendered":"<p>Patirkite Briug\u0119, nesenstant\u012f lob\u012f! Pasinerkite \u012f miest\u0105, kur persipina viduram\u017ei\u0173 ir \u0161iuolaikin\u0117s dvasios, nuo \u0161imtme\u010di\u0173 senumo Turgaus aik\u0161t\u0117s iki nuostabiai modernios Koncert\u0173 sal\u0117s. Nardydami po jo jaukias akmenimis gr\u012fstas gatveles, spr\u0119sdami galvos\u016bkius, kiekvienas Briug\u0117s kampelis alsuoja \u017eavesiu ir intriga!<\/p>\n","protected":false},"featured_media":5662,"template":"","meta":{"_acf_changed":false,"_yoast_wpseo_focuskw":"Secrets of Bruges","_yoast_wpseo_metadesc":"Secrets of Bruges. \u017daiskite savaranki\u0161k\u0105 miesto \u017eaidim\u0105 ir tyrin\u0117kite miest\u0105 spr\u0119sdami galvos\u016bkius, m\u012fsles ir i\u0161\u0161\u016bkius. \u017daiskite savo tempu ir atraskite kaip vietinis!","_kad_blocks_custom_css":"","_kad_blocks_head_custom_js":"","_kad_blocks_body_custom_js":"","_kad_blocks_footer_custom_js":"","ghostkit_customizer_options":"","ghostkit_custom_css":"","ghostkit_custom_js_head":"","ghostkit_custom_js_foot":"","ghostkit_typography":"","_kad_post_transparent":"default","_kad_post_title":"","_kad_post_layout":"default","_kad_post_sidebar_id":"","_kad_post_content_style":"default","_kad_post_vertical_padding":"default","_kad_post_feature":"","_kad_post_feature_position":"","_kad_post_header":false,"_kad_post_footer":false,"_kad_post_classname":"","_links_to":"","_links_to_target":""},"game-concept":[722],"location":[104],"product_brand":[],"product_cat":[27],"product_tag":[],"class_list":{"0":"post-64676","1":"product","2":"type-product","3":"status-publish","4":"has-post-thumbnail","6":"game-concept-secrets","7":"location-bruges","8":"product_cat-geen-categorie","10":"first","11":"instock","12":"shipping-taxable","13":"purchasable","14":"product-type-simple","15":"entry","16":"content-bg","17":"loop-entry"},"acf":{"full_bokun_product_name":"Self-Guided Secrets of Bruges Exploration Game","location_name":"Bruges","bokun_calendar_widget_code":"<script type=\"text\/javascript\" src=\"https:\/\/widgets.bokun.io\/assets\/javascripts\/apps\/build\/BokunWidgetsLoader.js?bookingChannelUUID=a1e93e96-5232-4734-a595-28405f4b5a31\" async><\/script>\n     \n    <div class=\"bokunWidget\" data-src=\"https:\/\/widgets.bokun.io\/online-sales\/a1e93e96-5232-4734-a595-28405f4b5a31\/experience-calendar\/1002096\"><\/div>\n    <noscript>Please enable javascript in your browser to book<\/noscript>","bokun_button_widget_code":"<script type=\"text\/javascript\" src=\"https:\/\/widgets.bokun.io\/assets\/javascripts\/apps\/build\/BokunWidgetsLoader.js?bookingChannelUUID=a1e93e96-5232-4734-a595-28405f4b5a31\" async><\/script>\n      <style> #bokun_ed001e45_5927_4f62_b470_ca766338d083 { display: inline-block; padding: .4em 1em; background: #47b82e; border-radius: 999999px; box-shadow: none; font-weight: 600; font-size: 24px; text-decoration: none; text-align: center; color: #FFFFFF; border:none; cursor: pointer; transition: background .2s ease; } #bokun_ed001e45_5927_4f62_b470_ca766338d083:hover{ background: #2f7b1f; } #bokun_ed001e45_5927_4f62_b470_ca766338d083:active{ background: #378f24; } <\/style> <button class=\"bokunButton\" disabled id=bokun_ed001e45_5927_4f62_b470_ca766338d083 data-src=\"https:\/\/widgets.bokun.io\/online-sales\/a1e93e96-5232-4734-a595-28405f4b5a31\/experience-calendar\/1002096?partialView=1\" data-testid=\"widget-book-button\" > Book now <\/button> ","what_you\u2019ll_experience_during_the_game":"Miesto \u017eaidimas Briug\u0117je sujungia ap\u017evalgines ekskursijas su \u012ftraukian\u010dia istorija ir interaktyviais i\u0161\u0161\u016bkiais, vedan\u010diais jus per \u0161io viduram\u017ei\u0173 miesto \u0161ird\u012f. Tyrin\u0117dami atrasite tiek ikonines, tiek pasl\u0117ptas vietas, nuo didingosios Markt aik\u0161t\u0117s ir Belfry bok\u0161to iki rami\u0173 kanal\u0173 ir atmosferini\u0173 al\u0117j\u0173, esan\u010di\u0173 atokiau nuo pagrindini\u0173 tak\u0173. Pakeliui \u012fgysite nauj\u0105 perspektyv\u0105 apie turting\u0105 Briug\u0117s istorij\u0105 ir \u017eavingas gatves, atrasite tiek gerai \u017einomas, tiek tyliai pasisl\u0117pusias vietas. \u017daidimas kvie\u010dia atrasti miest\u0105 savo tempu, tuo pa\u010diu tampant jo besiskleid\u017eian\u010dio pasakojimo dalimi.\r\n\r\nViso \u017eaidimo metu spr\u0119site \u012fvairius interaktyvius galvos\u016bkius, vietov\u0117mis pagr\u012fstas m\u012fsles ir k\u016brybines nuotrauk\u0173 u\u017eduotis, kurios i\u0161\u0161\u016bks j\u016bs\u0173 pastabumui ir smalsumui. Kiekvienas \u012fvykdytas i\u0161\u0161\u016bkis priartins jus prie galutin\u0117s paslapties atskleidimo, tuo pa\u010diu u\u017edirbdami ta\u0161k\u0173 ir atrakindami naudingus patarimus. Galite sustabdyti miesto \u017eaidim\u0105 bet kuriuo metu ir t\u0119sti Briug\u0117s tyrin\u0117jim\u0105, kai tik jums patogu. Tiems, kurie jau\u010diasi konkurencingi, yra galimyb\u0117 pakilti \u012f lyderi\u0173 lentel\u0119 su auk\u0161tu balu.","how_to_play":"U\u017esisakykite tyrin\u0117jimo \u017eaidim\u0105, patikrinkite m\u016bs\u0173 atsi\u0173st\u0105 el. lai\u0161k\u0105 su paprastomis instrukcijomis, atsisi\u0173skite 'Loquiz App', pasiekite tyrin\u0117jimo \u017eaidim\u0105 ir b\u016bsite pasiruo\u0161\u0119 prad\u0117ti savo \u017eaidimo patirt\u012f!","start_location":"Bruges, Markt","available_languages":["en","fr"],"players_per_group":"1-4","duration":"1.5-2 hours","image_overlay_color_image":"https:\/\/testwebsite.citygame.com\/wp-content\/blogs.dir\/1\/files\/sites\/62\/2026\/01\/SecretsColor.svg","image_overlay_game_logo":"https:\/\/testwebsite.citygame.com\/wp-content\/blogs.dir\/1\/files\/sites\/62\/2026\/01\/SecretsLogo.png","city_page":5629,"woocommerce_general_content":null},"yoast_head":"<!-- This site is optimized with the Yoast SEO Premium plugin v26.2 (Yoast SEO v26.3) - https:\/\/yoast.com\/wordpress\/plugins\/seo\/ -->\n<title>Secrets of Bruges - City Game<\/title>\n<meta name=\"description\" content=\"Secrets of Bruges. \u017daiskite savaranki\u0161k\u0105 miesto \u017eaidim\u0105 ir tyrin\u0117kite miest\u0105 spr\u0119sdami galvos\u016bkius, m\u012fsles ir i\u0161\u0161\u016bkius. \u017daiskite savo tempu ir atraskite kaip vietinis!\" \/>\n<meta name=\"robots\" content=\"noindex, follow, max-snippet:-1, max-image-preview:large, max-video-preview:-1\" \/>\n<meta property=\"og:locale\" content=\"lt_LT\" \/>\n<meta property=\"og:type\" content=\"article\" \/>\n<meta property=\"og:title\" content=\"Secrets of Bruges\" \/>\n<meta property=\"og:description\" content=\"Secrets of Bruges. \u017daiskite savaranki\u0161k\u0105 miesto \u017eaidim\u0105 ir tyrin\u0117kite miest\u0105 spr\u0119sdami galvos\u016bkius, m\u012fsles ir i\u0161\u0161\u016bkius. \u017daiskite savo tempu ir atraskite kaip vietinis!\" \/>\n<meta property=\"og:url\" content=\"https:\/\/testwebsite.citygame.com\/lt\/games\/bruges\/secrets-of-bruges\/\" \/>\n<meta property=\"og:site_name\" content=\"City Game\" \/>\n<meta property=\"article:publisher\" content=\"https:\/\/www.facebook.com\/profile.php?id=100086426226253\" \/>\n<meta property=\"article:modified_time\" content=\"2026-04-08T14:25:58+00:00\" \/>\n<meta property=\"og:image\" content=\"https:\/\/testwebsite.citygame.com\/wp-content\/blogs.dir\/1\/files\/sites\/62\/2026\/01\/group-playing-city-game-bruges-markt.jpg\" \/>\n\t<meta property=\"og:image:width\" content=\"1024\" \/>\n\t<meta property=\"og:image:height\" content=\"1024\" \/>\n\t<meta property=\"og:image:type\" content=\"image\/jpeg\" \/>\n<meta name=\"twitter:card\" content=\"summary_large_image\" \/>\n<meta name=\"twitter:label1\" content=\"Est. reading time\" \/>\n\t<meta name=\"twitter:data1\" content=\"1 minut\u0117\" \/>\n<script type=\"application\/ld+json\" class=\"yoast-schema-graph\">{\"@context\":\"https:\/\/schema.org\",\"@graph\":[{\"@type\":\"WebPage\",\"@id\":\"https:\/\/testwebsite.citygame.com\/lt\/games\/bruges\/secrets-of-bruges\/\",\"url\":\"https:\/\/testwebsite.citygame.com\/lt\/games\/bruges\/secrets-of-bruges\/\",\"name\":\"Secrets of Bruges - City Game\",\"isPartOf\":{\"@id\":\"https:\/\/testwebsite.upevents.nl\/#website\"},\"primaryImageOfPage\":{\"@id\":\"https:\/\/testwebsite.citygame.com\/lt\/games\/bruges\/secrets-of-bruges\/#primaryimage\"},\"image\":{\"@id\":\"https:\/\/testwebsite.citygame.com\/lt\/games\/bruges\/secrets-of-bruges\/#primaryimage\"},\"thumbnailUrl\":\"https:\/\/testwebsite.citygame.com\/wp-content\/blogs.dir\/1\/files\/sites\/62\/2026\/01\/group-playing-city-game-bruges-markt.jpg\",\"datePublished\":\"2026-01-27T15:51:46+00:00\",\"dateModified\":\"2026-04-08T14:25:58+00:00\",\"description\":\"Secrets of Bruges. \u017daiskite savaranki\u0161k\u0105 miesto \u017eaidim\u0105 ir tyrin\u0117kite miest\u0105 spr\u0119sdami galvos\u016bkius, m\u012fsles ir i\u0161\u0161\u016bkius. \u017daiskite savo tempu ir atraskite kaip vietinis!\",\"breadcrumb\":{\"@id\":\"https:\/\/testwebsite.citygame.com\/lt\/games\/bruges\/secrets-of-bruges\/#breadcrumb\"},\"inLanguage\":\"lt-LT\",\"potentialAction\":[{\"@type\":\"ReadAction\",\"target\":[\"https:\/\/testwebsite.citygame.com\/lt\/games\/bruges\/secrets-of-bruges\/\"]}]},{\"@type\":\"ImageObject\",\"inLanguage\":\"lt-LT\",\"@id\":\"https:\/\/testwebsite.citygame.com\/lt\/games\/bruges\/secrets-of-bruges\/#primaryimage\",\"url\":\"https:\/\/testwebsite.citygame.com\/wp-content\/blogs.dir\/1\/files\/sites\/62\/2026\/01\/group-playing-city-game-bruges-markt.jpg\",\"contentUrl\":\"https:\/\/testwebsite.citygame.com\/wp-content\/blogs.dir\/1\/files\/sites\/62\/2026\/01\/group-playing-city-game-bruges-markt.jpg\",\"width\":1024,\"height\":1024,\"caption\":\"A group of young adults work together on a city game challenge in Bruges' historic center.\"},{\"@type\":\"BreadcrumbList\",\"@id\":\"https:\/\/testwebsite.citygame.com\/lt\/games\/bruges\/secrets-of-bruges\/#breadcrumb\",\"itemListElement\":[{\"@type\":\"ListItem\",\"position\":1,\"name\":\"Home\",\"item\":\"https:\/\/testwebsite.citygame.com\/lt\/\"},{\"@type\":\"ListItem\",\"position\":2,\"name\":\"Shop\",\"item\":\"https:\/\/testwebsite.citygame.com\/shop\/\"},{\"@type\":\"ListItem\",\"position\":3,\"name\":\"Secrets of Bruges\"}]},{\"@type\":\"WebSite\",\"@id\":\"https:\/\/testwebsite.upevents.nl\/#website\",\"url\":\"https:\/\/testwebsite.upevents.nl\/\",\"name\":\"City Game\",\"description\":\"\",\"publisher\":{\"@id\":\"https:\/\/testwebsite.upevents.nl\/#organization\"},\"alternateName\":\"citygame.com\",\"potentialAction\":[{\"@type\":\"SearchAction\",\"target\":{\"@type\":\"EntryPoint\",\"urlTemplate\":\"https:\/\/testwebsite.upevents.nl\/?s={search_term_string}\"},\"query-input\":{\"@type\":\"PropertyValueSpecification\",\"valueRequired\":true,\"valueName\":\"search_term_string\"}}],\"inLanguage\":\"lt-LT\"},{\"@type\":[\"Organization\",\"Place\"],\"@id\":\"https:\/\/testwebsite.upevents.nl\/#organization\",\"name\":\"City Game\",\"alternateName\":\"citygame.com\",\"url\":\"https:\/\/testwebsite.upevents.nl\/\",\"logo\":{\"@id\":\"https:\/\/testwebsite.citygame.com\/lt\/games\/bruges\/secrets-of-bruges\/#local-main-organization-logo\"},\"image\":{\"@id\":\"https:\/\/testwebsite.citygame.com\/lt\/games\/bruges\/secrets-of-bruges\/#local-main-organization-logo\"},\"sameAs\":[\"https:\/\/www.facebook.com\/profile.php?id=100086426226253\",\"https:\/\/www.instagram.com\/citygame_com\",\"https:\/\/www.tiktok.com\/@citygamecom\/\",\"https:\/\/www.linkedin.com\/company\/citygame-com\"],\"description\":\"Turn any city into a playground with our interactive City Games and self-guided tours. Fun, flexible, and ideal for groups and team building.\",\"telephone\":[],\"openingHoursSpecification\":[{\"@type\":\"OpeningHoursSpecification\",\"dayOfWeek\":[\"Monday\",\"Tuesday\",\"Wednesday\",\"Thursday\",\"Friday\",\"Saturday\",\"Sunday\"],\"opens\":\"09:00\",\"closes\":\"17:00\"}]},{\"@type\":\"ImageObject\",\"inLanguage\":\"lt-LT\",\"@id\":\"https:\/\/testwebsite.citygame.com\/lt\/games\/bruges\/secrets-of-bruges\/#local-main-organization-logo\",\"url\":\"https:\/\/testwebsite.citygame.com\/wp-content\/blogs.dir\/1\/files\/sites\/62\/2025\/10\/CG_LOGO-City-Game.png\",\"contentUrl\":\"https:\/\/testwebsite.citygame.com\/wp-content\/blogs.dir\/1\/files\/sites\/62\/2025\/10\/CG_LOGO-City-Game.png\",\"width\":351,\"height\":377,\"caption\":\"City Game\"}]}<\/script>\n<!-- \/ Yoast SEO Premium plugin. -->","yoast_head_json":{"title":"Secrets of Bruges - City Game","description":"Secrets of Bruges. \u017daiskite savaranki\u0161k\u0105 miesto \u017eaidim\u0105 ir tyrin\u0117kite miest\u0105 spr\u0119sdami galvos\u016bkius, m\u012fsles ir i\u0161\u0161\u016bkius. \u017daiskite savo tempu ir atraskite kaip vietinis!","robots":{"index":"noindex","follow":"follow","max-snippet":"max-snippet:-1","max-image-preview":"max-image-preview:large","max-video-preview":"max-video-preview:-1"},"og_locale":"lt_LT","og_type":"article","og_title":"Secrets of Bruges","og_description":"Secrets of Bruges. \u017daiskite savaranki\u0161k\u0105 miesto \u017eaidim\u0105 ir tyrin\u0117kite miest\u0105 spr\u0119sdami galvos\u016bkius, m\u012fsles ir i\u0161\u0161\u016bkius. \u017daiskite savo tempu ir atraskite kaip vietinis!","og_url":"https:\/\/testwebsite.citygame.com\/lt\/games\/bruges\/secrets-of-bruges\/","og_site_name":"City Game","article_publisher":"https:\/\/www.facebook.com\/profile.php?id=100086426226253","article_modified_time":"2026-04-08T14:25:58+00:00","og_image":[{"width":1024,"height":1024,"url":"https:\/\/testwebsite.citygame.com\/wp-content\/blogs.dir\/1\/files\/sites\/62\/2026\/01\/group-playing-city-game-bruges-markt.jpg","type":"image\/jpeg"}],"twitter_card":"summary_large_image","twitter_misc":{"Est. reading time":"1 minut\u0117"},"schema":{"@context":"https:\/\/schema.org","@graph":[{"@type":"WebPage","@id":"https:\/\/testwebsite.citygame.com\/lt\/games\/bruges\/secrets-of-bruges\/","url":"https:\/\/testwebsite.citygame.com\/lt\/games\/bruges\/secrets-of-bruges\/","name":"Secrets of Bruges - City Game","isPartOf":{"@id":"https:\/\/testwebsite.upevents.nl\/#website"},"primaryImageOfPage":{"@id":"https:\/\/testwebsite.citygame.com\/lt\/games\/bruges\/secrets-of-bruges\/#primaryimage"},"image":{"@id":"https:\/\/testwebsite.citygame.com\/lt\/games\/bruges\/secrets-of-bruges\/#primaryimage"},"thumbnailUrl":"https:\/\/testwebsite.citygame.com\/wp-content\/blogs.dir\/1\/files\/sites\/62\/2026\/01\/group-playing-city-game-bruges-markt.jpg","datePublished":"2026-01-27T15:51:46+00:00","dateModified":"2026-04-08T14:25:58+00:00","description":"Secrets of Bruges. \u017daiskite savaranki\u0161k\u0105 miesto \u017eaidim\u0105 ir tyrin\u0117kite miest\u0105 spr\u0119sdami galvos\u016bkius, m\u012fsles ir i\u0161\u0161\u016bkius. \u017daiskite savo tempu ir atraskite kaip vietinis!","breadcrumb":{"@id":"https:\/\/testwebsite.citygame.com\/lt\/games\/bruges\/secrets-of-bruges\/#breadcrumb"},"inLanguage":"lt-LT","potentialAction":[{"@type":"ReadAction","target":["https:\/\/testwebsite.citygame.com\/lt\/games\/bruges\/secrets-of-bruges\/"]}]},{"@type":"ImageObject","inLanguage":"lt-LT","@id":"https:\/\/testwebsite.citygame.com\/lt\/games\/bruges\/secrets-of-bruges\/#primaryimage","url":"https:\/\/testwebsite.citygame.com\/wp-content\/blogs.dir\/1\/files\/sites\/62\/2026\/01\/group-playing-city-game-bruges-markt.jpg","contentUrl":"https:\/\/testwebsite.citygame.com\/wp-content\/blogs.dir\/1\/files\/sites\/62\/2026\/01\/group-playing-city-game-bruges-markt.jpg","width":1024,"height":1024,"caption":"A group of young adults work together on a city game challenge in Bruges' historic center."},{"@type":"BreadcrumbList","@id":"https:\/\/testwebsite.citygame.com\/lt\/games\/bruges\/secrets-of-bruges\/#breadcrumb","itemListElement":[{"@type":"ListItem","position":1,"name":"Home","item":"https:\/\/testwebsite.citygame.com\/lt\/"},{"@type":"ListItem","position":2,"name":"Shop","item":"https:\/\/testwebsite.citygame.com\/shop\/"},{"@type":"ListItem","position":3,"name":"Secrets of Bruges"}]},{"@type":"WebSite","@id":"https:\/\/testwebsite.upevents.nl\/#website","url":"https:\/\/testwebsite.upevents.nl\/","name":"City Game","description":"","publisher":{"@id":"https:\/\/testwebsite.upevents.nl\/#organization"},"alternateName":"citygame.com","potentialAction":[{"@type":"SearchAction","target":{"@type":"EntryPoint","urlTemplate":"https:\/\/testwebsite.upevents.nl\/?s={search_term_string}"},"query-input":{"@type":"PropertyValueSpecification","valueRequired":true,"valueName":"search_term_string"}}],"inLanguage":"lt-LT"},{"@type":["Organization","Place"],"@id":"https:\/\/testwebsite.upevents.nl\/#organization","name":"City Game","alternateName":"citygame.com","url":"https:\/\/testwebsite.upevents.nl\/","logo":{"@id":"https:\/\/testwebsite.citygame.com\/lt\/games\/bruges\/secrets-of-bruges\/#local-main-organization-logo"},"image":{"@id":"https:\/\/testwebsite.citygame.com\/lt\/games\/bruges\/secrets-of-bruges\/#local-main-organization-logo"},"sameAs":["https:\/\/www.facebook.com\/profile.php?id=100086426226253","https:\/\/www.instagram.com\/citygame_com","https:\/\/www.tiktok.com\/@citygamecom\/","https:\/\/www.linkedin.com\/company\/citygame-com"],"description":"Turn any city into a playground with our interactive City Games and self-guided tours. Fun, flexible, and ideal for groups and team building.","telephone":[],"openingHoursSpecification":[{"@type":"OpeningHoursSpecification","dayOfWeek":["Monday","Tuesday","Wednesday","Thursday","Friday","Saturday","Sunday"],"opens":"09:00","closes":"17:00"}]},{"@type":"ImageObject","inLanguage":"lt-LT","@id":"https:\/\/testwebsite.citygame.com\/lt\/games\/bruges\/secrets-of-bruges\/#local-main-organization-logo","url":"https:\/\/testwebsite.citygame.com\/wp-content\/blogs.dir\/1\/files\/sites\/62\/2025\/10\/CG_LOGO-City-Game.png","contentUrl":"https:\/\/testwebsite.citygame.com\/wp-content\/blogs.dir\/1\/files\/sites\/62\/2025\/10\/CG_LOGO-City-Game.png","width":351,"height":377,"caption":"City Game"}]}},"taxonomy_info":{"game-concept":[{"value":722,"label":"Secrets"}],"location":[{"value":104,"label":"Bruges"}],"product_cat":[{"value":27,"label":"Geen categorie"}]},"featured_image_src_large":["https:\/\/testwebsite.citygame.com\/wp-content\/blogs.dir\/1\/files\/sites\/62\/2026\/01\/group-playing-city-game-bruges-markt.jpg",1024,1024,false],"author_info":[],"comment_info":"","_links":{"self":[{"href":"https:\/\/testwebsite.citygame.com\/lt\/wp-json\/wp\/v2\/product\/64676","targetHints":{"allow":["GET"]}}],"collection":[{"href":"https:\/\/testwebsite.citygame.com\/lt\/wp-json\/wp\/v2\/product"}],"about":[{"href":"https:\/\/testwebsite.citygame.com\/lt\/wp-json\/wp\/v2\/types\/product"}],"acf:post":[{"embeddable":true,"href":"https:\/\/testwebsite.citygame.com\/lt\/wp-json\/wp\/v2\/pages\/5629"}],"wp:featuredmedia":[{"embeddable":true,"href":"https:\/\/testwebsite.citygame.com\/lt\/wp-json\/wp\/v2\/media\/5662"}],"wp:attachment":[{"href":"https:\/\/testwebsite.citygame.com\/lt\/wp-json\/wp\/v2\/media?parent=64676"}],"wp:term":[{"taxonomy":"game-concept","embeddable":true,"href":"https:\/\/testwebsite.citygame.com\/lt\/wp-json\/wp\/v2\/game-concept?post=64676"},{"taxonomy":"location","embeddable":true,"href":"https:\/\/testwebsite.citygame.com\/lt\/wp-json\/wp\/v2\/location?post=64676"},{"taxonomy":"product_brand","embeddable":true,"href":"https:\/\/testwebsite.citygame.com\/lt\/wp-json\/wp\/v2\/product_brand?post=64676"},{"taxonomy":"product_cat","embeddable":true,"href":"https:\/\/testwebsite.citygame.com\/lt\/wp-json\/wp\/v2\/product_cat?post=64676"},{"taxonomy":"product_tag","embeddable":true,"href":"https:\/\/testwebsite.citygame.com\/lt\/wp-json\/wp\/v2\/product_tag?post=64676"}],"curies":[{"name":"wp","href":"https:\/\/api.w.org\/{rel}","templated":true}]}}