{"id":64153,"date":"2026-01-13T15:28:07","date_gmt":"2026-01-13T15:28:07","guid":{"rendered":"https:\/\/testwebsite.citygame.com\/games\/unknown-location\/secrets-of-schwerin\/"},"modified":"2026-04-08T13:14:48","modified_gmt":"2026-04-08T13:14:48","slug":"secrets-of-schwerin","status":"publish","type":"product","link":"https:\/\/testwebsite.citygame.com\/lt\/games\/schwerin\/secrets-of-schwerin\/","title":{"rendered":"Secrets of Schwerin"},"content":{"rendered":"<p>\u201eCity Game Schwerin\u201c yra savaranki\u0161kas miesto \u017eaidimas, vykstantis istoriniame \u0160verino centre. \u0160is GPS pagrindu sukurtas \u017eaidimas leid\u017eia \u017eaid\u0117jams tyrin\u0117ti miest\u0105 naudojant i\u0161man\u0173j\u012f telefon\u0105, sprend\u017eiant galvos\u016bkius, m\u012fsles ir nuotrauk\u0173 u\u017eduotis. Klaid\u017eiodami \u017eavingomis gatvel\u0117mis, \u017eaid\u0117jai atras pasl\u0117ptas detales ir su\u017einos apie turting\u0105 \u0160verino istorij\u0105 bei kult\u016brin\u012f paveld\u0105. \u0160is tyrin\u0117jimo \u017eaidimas tinka tiek lankytojams, tiek vietiniams gyventojams, si\u016blydamas nauj\u0105 b\u016bd\u0105 patirti miest\u0105. Nesvarbu, ar \u017eaid\u017eiate vieni, poroje, su \u0161eima ar draug\u0173 grupe, \u201eCity Game Schwerin\u201c yra \u012ftraukiantis b\u016bdas pamatyti miesto akcentus ir ma\u017eiau \u017einomus kampelius.<\/p>\n","protected":false},"excerpt":{"rendered":"<p>Atraskite \u0160verino paslaptis! Tyrin\u0117kite miest\u0105, kur pasak\u0173 pilys susilieja su \u017e\u0117rin\u010diais e\u017eerais, o grindinio akmenys \u0161nab\u017eda apie karali\u0161kas intrigas. Sekite u\u017euominomis, kad pad\u0117tum\u0117te Paului Friedrichui atgauti ceremonialin\u012f kard\u0105 ir u\u017ebaigti jo palikim\u0105!<\/p>\n","protected":false},"featured_media":3809,"template":"","meta":{"_acf_changed":false,"_yoast_wpseo_focuskw":"Secrets of Schwerin","_yoast_wpseo_metadesc":"Secrets of Schwerin. \u017daiskite savaranki\u0161k\u0105 \u201eCity Game\u201c ir tyrin\u0117kite miest\u0105 spr\u0119sdami galvos\u016bkius, m\u012fsles ir i\u0161\u0161\u016bkius. \u017daiskite savo tempu ir atraskite kaip vietinis!","_kad_blocks_custom_css":"","_kad_blocks_head_custom_js":"","_kad_blocks_body_custom_js":"","_kad_blocks_footer_custom_js":"","ghostkit_customizer_options":"","ghostkit_custom_css":"","ghostkit_custom_js_head":"","ghostkit_custom_js_foot":"","ghostkit_typography":"","_kad_post_transparent":"","_kad_post_title":"","_kad_post_layout":"","_kad_post_sidebar_id":"","_kad_post_content_style":"","_kad_post_vertical_padding":"","_kad_post_feature":"","_kad_post_feature_position":"","_kad_post_header":false,"_kad_post_footer":false,"_kad_post_classname":"","_links_to":"","_links_to_target":""},"game-concept":[722],"location":[364],"product_brand":[],"product_cat":[27],"product_tag":[],"class_list":{"0":"post-64153","1":"product","2":"type-product","3":"status-publish","4":"has-post-thumbnail","6":"game-concept-secrets","7":"location-schwerin","8":"product_cat-geen-categorie","10":"first","11":"instock","12":"shipping-taxable","13":"purchasable","14":"product-type-simple","15":"entry","16":"content-bg","17":"loop-entry"},"acf":{"full_bokun_product_name":"Self-Guided Secrets of Schwerin Exploration Game","location_name":"Schwerin","bokun_calendar_widget_code":"<script type=\"text\/javascript\" src=\"https:\/\/widgets.bokun.io\/assets\/javascripts\/apps\/build\/BokunWidgetsLoader.js?bookingChannelUUID=a1e93e96-5232-4734-a595-28405f4b5a31\" async><\/script>\n     \n    <div class=\"bokunWidget\" data-src=\"https:\/\/widgets.bokun.io\/online-sales\/a1e93e96-5232-4734-a595-28405f4b5a31\/experience-calendar\/1072001\"><\/div>\n    <noscript>Please enable javascript in your browser to book<\/noscript>","bokun_button_widget_code":"<script type=\"text\/javascript\" src=\"https:\/\/widgets.bokun.io\/assets\/javascripts\/apps\/build\/BokunWidgetsLoader.js?bookingChannelUUID=a1e93e96-5232-4734-a595-28405f4b5a31\" async><\/script>\n      <style> #bokun_ed001e45_5927_4f62_b470_ca766338d083 { display: inline-block; padding: .4em 1em; background: #47b82e; border-radius: 999999px; box-shadow: none; font-weight: 600; font-size: 24px; text-decoration: none; text-align: center; color: #FFFFFF; border:none; cursor: pointer; transition: background .2s ease; } #bokun_ed001e45_5927_4f62_b470_ca766338d083:hover{ background: #2f7b1f; } #bokun_ed001e45_5927_4f62_b470_ca766338d083:active{ background: #378f24; } <\/style> <button class=\"bokunButton\" disabled id=bokun_ed001e45_5927_4f62_b470_ca766338d083 data-src=\"https:\/\/widgets.bokun.io\/online-sales\/a1e93e96-5232-4734-a595-28405f4b5a31\/experience-calendar\/1072001?partialView=1\" data-testid=\"widget-book-button\" > Book now <\/button> ","what_you\u2019ll_experience_during_the_game":"\u017daisdami \u201eSecrets of Schwerin City Game\u201c, tyrin\u0117site miest\u0105 per \u012ftraukiant\u012f istorijomis gr\u012fst\u0105 atradim\u0173 ir interaktyvi\u0173 i\u0161\u0161\u016bki\u0173 derin\u012f. \u017daidimui vedant jus per \u0160verin\u0105, susidursite su ikonini\u0173 viet\u0173 ir pasl\u0117pt\u0173 detali\u0173, \u012fpint\u0173 \u012f vietin\u012f gatv\u0117s kra\u0161tovaizd\u012f, deriniu. Praeisite pro tokius akcentus kaip \u012fsp\u016bdingasis Schwerin Castle tiltas, eleganti\u0161kas buv\u0119s Former Collegiate Building ir gyvybinga turgaus aik\u0161t\u0117 prie Colonnade Building. Pakeliui atmosferin\u0117s vietos, tokios kaip Schelfkirche St. Nikolai ir bronzin\u0117s \u201eSchirmkinder\u201c statulos prie vandens, atskleis daugiau \u0160verino daugiasluoksnio charakterio.\n\nViso \u017eaidimo metu spr\u0119site u\u017euominas ir galvos\u016bkius, atliksite k\u016brybines nuotrauk\u0173 u\u017eduotis ir \u012fveiksite m\u012fsles, kurios pad\u0117s jums atskleisti didesn\u0119 paslapt\u012f. Kiekvienas \u012fvykdytas i\u0161\u0161\u016bkis pelno ta\u0161k\u0173, atrakina u\u017euominas ir priartina jus prie \u017eaidimo pabaigos. Nesvarbu, ar m\u0117gstate atsipalaidavus\u012f temp\u0105, ar konkurencin\u0119 dvasi\u0105, \u017eaidim\u0105 galima bet kada pristabdyti ir t\u0119sti, kai b\u016bsite pasiruo\u0161\u0119. Tiek grup\u0117ms, tiek individualiems \u017eaid\u0117jams \u201eCity Game\u201c si\u016blo unikal\u0173 b\u016bd\u0105 bendrauti su \u0160verinu, taip pat konkuruoti d\u0117l auk\u0161\u010diausios vietos lyderi\u0173 lentel\u0117je.","how_to_play":"U\u017esisak\u0119 gausite el. lai\u0161k\u0105 su tiesiogine \u017eaidimo nuoroda. Tiesiog eikite \u012f pradin\u0119 viet\u0105, prie Schlossbr\u00fccke, netoli Schwerin Castle, atidarykite nuorod\u0105 savo i\u0161maniajame telefone ir prad\u0117kite nuotykius. Galite \u017eaisti i\u0161 karto arba prad\u0117ti v\u0117liau, jums patogiu metu. Pristabdykite \u017eaidim\u0105, kada tik norite, ir t\u0119skite, kai b\u016bsite pasiruo\u0161\u0119.","start_location":"Schwerin, Schwerin Castle (Schlossbr\u00fccke)","available_languages":[],"players_per_group":"1-4","duration":"1.5-2 hours","image_overlay_color_image":"https:\/\/testwebsite.citygame.com\/wp-content\/blogs.dir\/1\/files\/sites\/62\/2026\/01\/SecretsColor.svg","image_overlay_game_logo":"https:\/\/testwebsite.citygame.com\/wp-content\/blogs.dir\/1\/files\/sites\/62\/2026\/01\/SecretsLogo.png","city_page":8357,"woocommerce_general_content":null},"yoast_head":"<!-- This site is optimized with the Yoast SEO Premium plugin v26.2 (Yoast SEO v26.3) - https:\/\/yoast.com\/wordpress\/plugins\/seo\/ -->\n<title>Secrets of Schwerin - City Game<\/title>\n<meta name=\"description\" content=\"Secrets of Schwerin. \u017daiskite savaranki\u0161k\u0105 \u201eCity Game\u201c ir tyrin\u0117kite miest\u0105 spr\u0119sdami galvos\u016bkius, m\u012fsles ir i\u0161\u0161\u016bkius. \u017daiskite savo tempu ir atraskite kaip vietinis!\" \/>\n<meta name=\"robots\" content=\"noindex, follow, max-snippet:-1, max-image-preview:large, max-video-preview:-1\" \/>\n<meta property=\"og:locale\" content=\"lt_LT\" \/>\n<meta property=\"og:type\" content=\"article\" \/>\n<meta property=\"og:title\" content=\"Secrets of Schwerin\" \/>\n<meta property=\"og:description\" content=\"Secrets of Schwerin. \u017daiskite savaranki\u0161k\u0105 \u201eCity Game\u201c ir tyrin\u0117kite miest\u0105 spr\u0119sdami galvos\u016bkius, m\u012fsles ir i\u0161\u0161\u016bkius. \u017daiskite savo tempu ir atraskite kaip vietinis!\" \/>\n<meta property=\"og:url\" content=\"https:\/\/testwebsite.citygame.com\/lt\/games\/schwerin\/secrets-of-schwerin\/\" \/>\n<meta property=\"og:site_name\" content=\"City Game\" \/>\n<meta property=\"article:publisher\" content=\"https:\/\/www.facebook.com\/profile.php?id=100086426226253\" \/>\n<meta property=\"article:modified_time\" content=\"2026-04-08T13:14:48+00:00\" \/>\n<meta property=\"og:image\" content=\"https:\/\/testwebsite.citygame.com\/wp-content\/blogs.dir\/1\/files\/sites\/62\/2026\/01\/city-game-schwerin-pfaffenteich-players.jpg\" \/>\n\t<meta property=\"og:image:width\" content=\"1024\" \/>\n\t<meta property=\"og:image:height\" content=\"1024\" \/>\n\t<meta property=\"og:image:type\" content=\"image\/jpeg\" \/>\n<meta name=\"twitter:card\" content=\"summary_large_image\" \/>\n<meta name=\"twitter:label1\" content=\"Est. reading time\" \/>\n\t<meta name=\"twitter:data1\" content=\"1 minut\u0117\" \/>\n<script type=\"application\/ld+json\" class=\"yoast-schema-graph\">{\"@context\":\"https:\/\/schema.org\",\"@graph\":[{\"@type\":\"WebPage\",\"@id\":\"https:\/\/testwebsite.citygame.com\/lt\/games\/schwerin\/secrets-of-schwerin\/\",\"url\":\"https:\/\/testwebsite.citygame.com\/lt\/games\/schwerin\/secrets-of-schwerin\/\",\"name\":\"Secrets of Schwerin - City Game\",\"isPartOf\":{\"@id\":\"https:\/\/testwebsite.upevents.nl\/#website\"},\"primaryImageOfPage\":{\"@id\":\"https:\/\/testwebsite.citygame.com\/lt\/games\/schwerin\/secrets-of-schwerin\/#primaryimage\"},\"image\":{\"@id\":\"https:\/\/testwebsite.citygame.com\/lt\/games\/schwerin\/secrets-of-schwerin\/#primaryimage\"},\"thumbnailUrl\":\"https:\/\/testwebsite.citygame.com\/wp-content\/blogs.dir\/1\/files\/sites\/62\/2026\/01\/city-game-schwerin-pfaffenteich-players.jpg\",\"datePublished\":\"2026-01-13T15:28:07+00:00\",\"dateModified\":\"2026-04-08T13:14:48+00:00\",\"description\":\"Secrets of Schwerin. \u017daiskite savaranki\u0161k\u0105 \u201eCity Game\u201c ir tyrin\u0117kite miest\u0105 spr\u0119sdami galvos\u016bkius, m\u012fsles ir i\u0161\u0161\u016bkius. \u017daiskite savo tempu ir atraskite kaip vietinis!\",\"breadcrumb\":{\"@id\":\"https:\/\/testwebsite.citygame.com\/lt\/games\/schwerin\/secrets-of-schwerin\/#breadcrumb\"},\"inLanguage\":\"lt-LT\",\"potentialAction\":[{\"@type\":\"ReadAction\",\"target\":[\"https:\/\/testwebsite.citygame.com\/lt\/games\/schwerin\/secrets-of-schwerin\/\"]}]},{\"@type\":\"ImageObject\",\"inLanguage\":\"lt-LT\",\"@id\":\"https:\/\/testwebsite.citygame.com\/lt\/games\/schwerin\/secrets-of-schwerin\/#primaryimage\",\"url\":\"https:\/\/testwebsite.citygame.com\/wp-content\/blogs.dir\/1\/files\/sites\/62\/2026\/01\/city-game-schwerin-pfaffenteich-players.jpg\",\"contentUrl\":\"https:\/\/testwebsite.citygame.com\/wp-content\/blogs.dir\/1\/files\/sites\/62\/2026\/01\/city-game-schwerin-pfaffenteich-players.jpg\",\"width\":1024,\"height\":1024,\"caption\":\"A group of young people gather around a smartphone while exploring Schwerin's Pfaffenteich.\"},{\"@type\":\"BreadcrumbList\",\"@id\":\"https:\/\/testwebsite.citygame.com\/lt\/games\/schwerin\/secrets-of-schwerin\/#breadcrumb\",\"itemListElement\":[{\"@type\":\"ListItem\",\"position\":1,\"name\":\"Home\",\"item\":\"https:\/\/testwebsite.citygame.com\/lt\/\"},{\"@type\":\"ListItem\",\"position\":2,\"name\":\"Shop\",\"item\":\"https:\/\/testwebsite.citygame.com\/shop\/\"},{\"@type\":\"ListItem\",\"position\":3,\"name\":\"Secrets of Schwerin\"}]},{\"@type\":\"WebSite\",\"@id\":\"https:\/\/testwebsite.upevents.nl\/#website\",\"url\":\"https:\/\/testwebsite.upevents.nl\/\",\"name\":\"City Game\",\"description\":\"\",\"publisher\":{\"@id\":\"https:\/\/testwebsite.upevents.nl\/#organization\"},\"alternateName\":\"citygame.com\",\"potentialAction\":[{\"@type\":\"SearchAction\",\"target\":{\"@type\":\"EntryPoint\",\"urlTemplate\":\"https:\/\/testwebsite.upevents.nl\/?s={search_term_string}\"},\"query-input\":{\"@type\":\"PropertyValueSpecification\",\"valueRequired\":true,\"valueName\":\"search_term_string\"}}],\"inLanguage\":\"lt-LT\"},{\"@type\":[\"Organization\",\"Place\"],\"@id\":\"https:\/\/testwebsite.upevents.nl\/#organization\",\"name\":\"City Game\",\"alternateName\":\"citygame.com\",\"url\":\"https:\/\/testwebsite.upevents.nl\/\",\"logo\":{\"@id\":\"https:\/\/testwebsite.citygame.com\/lt\/games\/schwerin\/secrets-of-schwerin\/#local-main-organization-logo\"},\"image\":{\"@id\":\"https:\/\/testwebsite.citygame.com\/lt\/games\/schwerin\/secrets-of-schwerin\/#local-main-organization-logo\"},\"sameAs\":[\"https:\/\/www.facebook.com\/profile.php?id=100086426226253\",\"https:\/\/www.instagram.com\/citygame_com\",\"https:\/\/www.tiktok.com\/@citygamecom\/\",\"https:\/\/www.linkedin.com\/company\/citygame-com\"],\"description\":\"Turn any city into a playground with our interactive City Games and self-guided tours. Fun, flexible, and ideal for groups and team building.\",\"telephone\":[],\"openingHoursSpecification\":[{\"@type\":\"OpeningHoursSpecification\",\"dayOfWeek\":[\"Monday\",\"Tuesday\",\"Wednesday\",\"Thursday\",\"Friday\",\"Saturday\",\"Sunday\"],\"opens\":\"09:00\",\"closes\":\"17:00\"}]},{\"@type\":\"ImageObject\",\"inLanguage\":\"lt-LT\",\"@id\":\"https:\/\/testwebsite.citygame.com\/lt\/games\/schwerin\/secrets-of-schwerin\/#local-main-organization-logo\",\"url\":\"https:\/\/testwebsite.citygame.com\/wp-content\/blogs.dir\/1\/files\/sites\/62\/2025\/10\/CG_LOGO-City-Game.png\",\"contentUrl\":\"https:\/\/testwebsite.citygame.com\/wp-content\/blogs.dir\/1\/files\/sites\/62\/2025\/10\/CG_LOGO-City-Game.png\",\"width\":351,\"height\":377,\"caption\":\"City Game\"}]}<\/script>\n<!-- \/ Yoast SEO Premium plugin. -->","yoast_head_json":{"title":"Secrets of Schwerin - City Game","description":"Secrets of Schwerin. \u017daiskite savaranki\u0161k\u0105 \u201eCity Game\u201c ir tyrin\u0117kite miest\u0105 spr\u0119sdami galvos\u016bkius, m\u012fsles ir i\u0161\u0161\u016bkius. \u017daiskite savo tempu ir atraskite kaip vietinis!","robots":{"index":"noindex","follow":"follow","max-snippet":"max-snippet:-1","max-image-preview":"max-image-preview:large","max-video-preview":"max-video-preview:-1"},"og_locale":"lt_LT","og_type":"article","og_title":"Secrets of Schwerin","og_description":"Secrets of Schwerin. \u017daiskite savaranki\u0161k\u0105 \u201eCity Game\u201c ir tyrin\u0117kite miest\u0105 spr\u0119sdami galvos\u016bkius, m\u012fsles ir i\u0161\u0161\u016bkius. \u017daiskite savo tempu ir atraskite kaip vietinis!","og_url":"https:\/\/testwebsite.citygame.com\/lt\/games\/schwerin\/secrets-of-schwerin\/","og_site_name":"City Game","article_publisher":"https:\/\/www.facebook.com\/profile.php?id=100086426226253","article_modified_time":"2026-04-08T13:14:48+00:00","og_image":[{"width":1024,"height":1024,"url":"https:\/\/testwebsite.citygame.com\/wp-content\/blogs.dir\/1\/files\/sites\/62\/2026\/01\/city-game-schwerin-pfaffenteich-players.jpg","type":"image\/jpeg"}],"twitter_card":"summary_large_image","twitter_misc":{"Est. reading time":"1 minut\u0117"},"schema":{"@context":"https:\/\/schema.org","@graph":[{"@type":"WebPage","@id":"https:\/\/testwebsite.citygame.com\/lt\/games\/schwerin\/secrets-of-schwerin\/","url":"https:\/\/testwebsite.citygame.com\/lt\/games\/schwerin\/secrets-of-schwerin\/","name":"Secrets of Schwerin - City Game","isPartOf":{"@id":"https:\/\/testwebsite.upevents.nl\/#website"},"primaryImageOfPage":{"@id":"https:\/\/testwebsite.citygame.com\/lt\/games\/schwerin\/secrets-of-schwerin\/#primaryimage"},"image":{"@id":"https:\/\/testwebsite.citygame.com\/lt\/games\/schwerin\/secrets-of-schwerin\/#primaryimage"},"thumbnailUrl":"https:\/\/testwebsite.citygame.com\/wp-content\/blogs.dir\/1\/files\/sites\/62\/2026\/01\/city-game-schwerin-pfaffenteich-players.jpg","datePublished":"2026-01-13T15:28:07+00:00","dateModified":"2026-04-08T13:14:48+00:00","description":"Secrets of Schwerin. \u017daiskite savaranki\u0161k\u0105 \u201eCity Game\u201c ir tyrin\u0117kite miest\u0105 spr\u0119sdami galvos\u016bkius, m\u012fsles ir i\u0161\u0161\u016bkius. \u017daiskite savo tempu ir atraskite kaip vietinis!","breadcrumb":{"@id":"https:\/\/testwebsite.citygame.com\/lt\/games\/schwerin\/secrets-of-schwerin\/#breadcrumb"},"inLanguage":"lt-LT","potentialAction":[{"@type":"ReadAction","target":["https:\/\/testwebsite.citygame.com\/lt\/games\/schwerin\/secrets-of-schwerin\/"]}]},{"@type":"ImageObject","inLanguage":"lt-LT","@id":"https:\/\/testwebsite.citygame.com\/lt\/games\/schwerin\/secrets-of-schwerin\/#primaryimage","url":"https:\/\/testwebsite.citygame.com\/wp-content\/blogs.dir\/1\/files\/sites\/62\/2026\/01\/city-game-schwerin-pfaffenteich-players.jpg","contentUrl":"https:\/\/testwebsite.citygame.com\/wp-content\/blogs.dir\/1\/files\/sites\/62\/2026\/01\/city-game-schwerin-pfaffenteich-players.jpg","width":1024,"height":1024,"caption":"A group of young people gather around a smartphone while exploring Schwerin's Pfaffenteich."},{"@type":"BreadcrumbList","@id":"https:\/\/testwebsite.citygame.com\/lt\/games\/schwerin\/secrets-of-schwerin\/#breadcrumb","itemListElement":[{"@type":"ListItem","position":1,"name":"Home","item":"https:\/\/testwebsite.citygame.com\/lt\/"},{"@type":"ListItem","position":2,"name":"Shop","item":"https:\/\/testwebsite.citygame.com\/shop\/"},{"@type":"ListItem","position":3,"name":"Secrets of Schwerin"}]},{"@type":"WebSite","@id":"https:\/\/testwebsite.upevents.nl\/#website","url":"https:\/\/testwebsite.upevents.nl\/","name":"City Game","description":"","publisher":{"@id":"https:\/\/testwebsite.upevents.nl\/#organization"},"alternateName":"citygame.com","potentialAction":[{"@type":"SearchAction","target":{"@type":"EntryPoint","urlTemplate":"https:\/\/testwebsite.upevents.nl\/?s={search_term_string}"},"query-input":{"@type":"PropertyValueSpecification","valueRequired":true,"valueName":"search_term_string"}}],"inLanguage":"lt-LT"},{"@type":["Organization","Place"],"@id":"https:\/\/testwebsite.upevents.nl\/#organization","name":"City Game","alternateName":"citygame.com","url":"https:\/\/testwebsite.upevents.nl\/","logo":{"@id":"https:\/\/testwebsite.citygame.com\/lt\/games\/schwerin\/secrets-of-schwerin\/#local-main-organization-logo"},"image":{"@id":"https:\/\/testwebsite.citygame.com\/lt\/games\/schwerin\/secrets-of-schwerin\/#local-main-organization-logo"},"sameAs":["https:\/\/www.facebook.com\/profile.php?id=100086426226253","https:\/\/www.instagram.com\/citygame_com","https:\/\/www.tiktok.com\/@citygamecom\/","https:\/\/www.linkedin.com\/company\/citygame-com"],"description":"Turn any city into a playground with our interactive City Games and self-guided tours. Fun, flexible, and ideal for groups and team building.","telephone":[],"openingHoursSpecification":[{"@type":"OpeningHoursSpecification","dayOfWeek":["Monday","Tuesday","Wednesday","Thursday","Friday","Saturday","Sunday"],"opens":"09:00","closes":"17:00"}]},{"@type":"ImageObject","inLanguage":"lt-LT","@id":"https:\/\/testwebsite.citygame.com\/lt\/games\/schwerin\/secrets-of-schwerin\/#local-main-organization-logo","url":"https:\/\/testwebsite.citygame.com\/wp-content\/blogs.dir\/1\/files\/sites\/62\/2025\/10\/CG_LOGO-City-Game.png","contentUrl":"https:\/\/testwebsite.citygame.com\/wp-content\/blogs.dir\/1\/files\/sites\/62\/2025\/10\/CG_LOGO-City-Game.png","width":351,"height":377,"caption":"City Game"}]}},"taxonomy_info":{"game-concept":[{"value":722,"label":"Secrets"}],"location":[{"value":364,"label":"Schwerin"}],"product_cat":[{"value":27,"label":"Geen categorie"}]},"featured_image_src_large":["https:\/\/testwebsite.citygame.com\/wp-content\/blogs.dir\/1\/files\/sites\/62\/2026\/01\/city-game-schwerin-pfaffenteich-players.jpg",1024,1024,false],"author_info":[],"comment_info":"","_links":{"self":[{"href":"https:\/\/testwebsite.citygame.com\/lt\/wp-json\/wp\/v2\/product\/64153","targetHints":{"allow":["GET"]}}],"collection":[{"href":"https:\/\/testwebsite.citygame.com\/lt\/wp-json\/wp\/v2\/product"}],"about":[{"href":"https:\/\/testwebsite.citygame.com\/lt\/wp-json\/wp\/v2\/types\/product"}],"acf:post":[{"embeddable":true,"href":"https:\/\/testwebsite.citygame.com\/lt\/wp-json\/wp\/v2\/pages\/8357"}],"wp:featuredmedia":[{"embeddable":true,"href":"https:\/\/testwebsite.citygame.com\/lt\/wp-json\/wp\/v2\/media\/3809"}],"wp:attachment":[{"href":"https:\/\/testwebsite.citygame.com\/lt\/wp-json\/wp\/v2\/media?parent=64153"}],"wp:term":[{"taxonomy":"game-concept","embeddable":true,"href":"https:\/\/testwebsite.citygame.com\/lt\/wp-json\/wp\/v2\/game-concept?post=64153"},{"taxonomy":"location","embeddable":true,"href":"https:\/\/testwebsite.citygame.com\/lt\/wp-json\/wp\/v2\/location?post=64153"},{"taxonomy":"product_brand","embeddable":true,"href":"https:\/\/testwebsite.citygame.com\/lt\/wp-json\/wp\/v2\/product_brand?post=64153"},{"taxonomy":"product_cat","embeddable":true,"href":"https:\/\/testwebsite.citygame.com\/lt\/wp-json\/wp\/v2\/product_cat?post=64153"},{"taxonomy":"product_tag","embeddable":true,"href":"https:\/\/testwebsite.citygame.com\/lt\/wp-json\/wp\/v2\/product_tag?post=64153"}],"curies":[{"name":"wp","href":"https:\/\/api.w.org\/{rel}","templated":true}]}}