{"id":63398,"date":"2026-02-05T19:53:48","date_gmt":"2026-02-05T19:53:48","guid":{"rendered":"https:\/\/testwebsite.citygame.com\/games\/unknown-location\/sherlock-holmes-manchester\/"},"modified":"2026-04-08T11:35:58","modified_gmt":"2026-04-08T11:35:58","slug":"sherlock-holmes-manchester","status":"publish","type":"product","link":"https:\/\/testwebsite.citygame.com\/lt\/games\/manchester\/sherlock-holmes-manchester\/","title":{"rendered":"Sherlock Holmes Manchester"},"content":{"rendered":"<p>\u012e\u017eenkite \u012f \u0160erloko Holmso pasaul\u012f su \u0161iuo savaranki\u0161ku, istorija pagr\u012fstu detektyviniu miesto \u017eaidimu, vykstan\u010diu Man\u010desterio centre. Taikusis Liberty festivalis buvo sudau\u017eytas \u0161iurpiu nu\u017eudymu, ir jums teks atskleisti ties\u0105, o miesto centras taps fonu j\u016bs\u0173 jaudinan\u010diam detektyviniam tyrimui. Jud\u0117kite savo tempu per besiskleid\u017eian\u010di\u0105 istorij\u0105, rinkite u\u017euominas, spr\u0119skite sud\u0117tingus galvos\u016bkius ir apklauskite skaitmeninius \u012ftariamuosius, kad i\u0161narpliotum\u0117te byl\u0105 tikru Holmeso stiliumi.<\/p>\n","protected":false},"excerpt":{"rendered":"<p>\u012esik\u016bnykite \u012f legendinio \u0160erloko Holmso vaidmen\u012f \u0161ioje savaranki\u0161koje detektyvin\u0117je nuotykin\u0117je istorijoje Man\u010desteryje. Nar\u0161ydami po u\u017euomin\u0173 ir intriguojan\u010di\u0173 galvos\u016bki\u0173 tinkl\u0105, j\u016bs ir j\u016bs\u0173 komanda turite spar\u010diai dirbti, kad atskleistum\u0117te ties\u0105, pasinertum\u0117te \u012f paslapt\u012f, laukia i\u0161\u0161\u016bkis!<\/p>\n","protected":false},"featured_media":11031,"template":"","meta":{"_acf_changed":false,"_yoast_wpseo_focuskw":"Sherlock Holmes Manchester","_yoast_wpseo_metadesc":"Sherlock Holmes Manchester. \u017daiskite savaranki\u0161k\u0105 detektyvin\u012f miesto \u017eaidim\u0105, spr\u0119skite galvos\u016bkius, sekite u\u017euominomis ir atskleiskite \u017eudik\u0105 savo tempu!","_kad_blocks_custom_css":"","_kad_blocks_head_custom_js":"","_kad_blocks_body_custom_js":"","_kad_blocks_footer_custom_js":"","ghostkit_customizer_options":"","ghostkit_custom_css":"","ghostkit_custom_js_head":"","ghostkit_custom_js_foot":"","ghostkit_typography":"","_kad_post_transparent":"","_kad_post_title":"","_kad_post_layout":"","_kad_post_sidebar_id":"","_kad_post_content_style":"","_kad_post_vertical_padding":"","_kad_post_feature":"","_kad_post_feature_position":"","_kad_post_header":false,"_kad_post_footer":false,"_kad_post_classname":"","_links_to":"","_links_to_target":""},"game-concept":[783],"location":[264],"product_brand":[],"product_cat":[27],"product_tag":[],"class_list":{"0":"post-63398","1":"product","2":"type-product","3":"status-publish","4":"has-post-thumbnail","6":"game-concept-sherlock","7":"location-manchester","8":"product_cat-geen-categorie","10":"first","11":"instock","12":"shipping-taxable","13":"purchasable","14":"product-type-simple","15":"entry","16":"content-bg","17":"loop-entry"},"acf":{"full_bokun_product_name":"Manchester Self-Guided Sherlock Holmes Murder Mystery Game","location_name":"Manchester","bokun_calendar_widget_code":"<script type=\"text\/javascript\" src=\"https:\/\/widgets.bokun.io\/assets\/javascripts\/apps\/build\/BokunWidgetsLoader.js?bookingChannelUUID=a1e93e96-5232-4734-a595-28405f4b5a31\" async><\/script>\n     \n    <div class=\"bokunWidget\" data-src=\"https:\/\/widgets.bokun.io\/online-sales\/a1e93e96-5232-4734-a595-28405f4b5a31\/experience-calendar\/733274\"><\/div>\n    <noscript>Please enable javascript in your browser to book<\/noscript>","bokun_button_widget_code":"<script type=\"text\/javascript\" src=\"https:\/\/widgets.bokun.io\/assets\/javascripts\/apps\/build\/BokunWidgetsLoader.js?bookingChannelUUID=a1e93e96-5232-4734-a595-28405f4b5a31\" async><\/script>\n      <style> #bokun_ed001e45_5927_4f62_b470_ca766338d083 { display: inline-block; padding: .4em 1em; background: #47b82e; border-radius: 999999px; box-shadow: none; font-weight: 600; font-size: 24px; text-decoration: none; text-align: center; color: #FFFFFF; border:none; cursor: pointer; transition: background .2s ease; } #bokun_ed001e45_5927_4f62_b470_ca766338d083:hover{ background: #2f7b1f; } #bokun_ed001e45_5927_4f62_b470_ca766338d083:active{ background: #378f24; } <\/style> <button class=\"bokunButton\" disabled id=bokun_ed001e45_5927_4f62_b470_ca766338d083 data-src=\"https:\/\/widgets.bokun.io\/online-sales\/a1e93e96-5232-4734-a595-28405f4b5a31\/experience-calendar\/733274?partialView=1\" data-testid=\"widget-book-button\" > Book now <\/button> ","what_you\u2019ll_experience_during_the_game":"J\u016bs pasineriate \u012f \u012ftraukian\u010di\u0105 detektyvin\u0119 istorij\u0105, vykstan\u010di\u0105 Man\u010desterio \u0161irdyje, kur pats miestas tampa paslapties dalimi. Jud\u0117dami jo gatv\u0117mis, atskleid\u017eiate daugiasluoksn\u012f tyrim\u0105, kuris su kiekviena u\u017euomina \u012ftraukia jus vis giliau. Istorija pama\u017eu atsiskleid\u017eia, vedanti jus \u012f skaitmenini\u0173 \u012ftariam\u0173j\u0173 apklausas, alibi analiz\u0119 ir prie\u0161taravim\u0173 konfrontavim\u0105 didelio statymo tiesos paie\u0161kose po nu\u017eudymo, sukr\u0117tusio Liberty festival\u012f. Kiekvienas i\u0161spr\u0119stas galvos\u016bkis ir atskleista staigmena patikrina j\u016bs\u0173 pastabum\u0105, kritin\u012f m\u0105stym\u0105 ir dedukcijos \u012fg\u016bd\u017eius. Patirtis yra visi\u0161kai pagr\u012fsta istorija, pastatant jus \u012f besiskleid\u017eian\u010dios kriminalin\u0117s bylos centr\u0105, kur j\u016bs\u0173 sprendimai formuoja tyrim\u0105. \u017daid\u017eiate visi\u0161kai savo tempu, laisvai sustabdydami ir t\u0119sdami bet kada, kai norite. Nors galite lenktyniauti su kitomis komandomis, kad pirmieji i\u0161spr\u0119stum\u0117te byl\u0105, kiekvienas atradimas priklauso jums.","how_to_play":"\u017daiskite vienas arba su draugais, \u0161eima ar kolegomis komandose iki keturi\u0173 asmen\u0173 vienam \u012frenginiui. U\u017esisak\u0119 gausite el. lai\u0161k\u0105 su instrukcijomis ir visa reikalinga informacija.","start_location":"Manchester, Albert Square","available_languages":["en","es","fr","de","it","nl"],"players_per_group":"1-4","duration":"1.5-2 hours","image_overlay_color_image":"https:\/\/testwebsite.citygame.com\/wp-content\/blogs.dir\/1\/files\/sites\/62\/2026\/01\/SherlockColor.svg","image_overlay_game_logo":"https:\/\/testwebsite.citygame.com\/wp-content\/blogs.dir\/1\/files\/sites\/62\/2026\/01\/SherlockLogo.png","city_page":11029,"woocommerce_general_content":null},"yoast_head":"<!-- This site is optimized with the Yoast SEO Premium plugin v26.2 (Yoast SEO v26.3) - https:\/\/yoast.com\/wordpress\/plugins\/seo\/ -->\n<title>Sherlock Holmes Manchester - City Game<\/title>\n<meta name=\"description\" content=\"Sherlock Holmes Manchester. \u017daiskite savaranki\u0161k\u0105 detektyvin\u012f miesto \u017eaidim\u0105, spr\u0119skite galvos\u016bkius, sekite u\u017euominomis ir atskleiskite \u017eudik\u0105 savo tempu!\" \/>\n<meta name=\"robots\" content=\"noindex, follow, max-snippet:-1, max-image-preview:large, max-video-preview:-1\" \/>\n<meta property=\"og:locale\" content=\"lt_LT\" \/>\n<meta property=\"og:type\" content=\"article\" \/>\n<meta property=\"og:title\" content=\"Sherlock Holmes Manchester\" \/>\n<meta property=\"og:description\" content=\"Sherlock Holmes Manchester. \u017daiskite savaranki\u0161k\u0105 detektyvin\u012f miesto \u017eaidim\u0105, spr\u0119skite galvos\u016bkius, sekite u\u017euominomis ir atskleiskite \u017eudik\u0105 savo tempu!\" \/>\n<meta property=\"og:url\" content=\"https:\/\/testwebsite.citygame.com\/lt\/games\/manchester\/sherlock-holmes-manchester\/\" \/>\n<meta property=\"og:site_name\" content=\"City Game\" \/>\n<meta property=\"article:publisher\" content=\"https:\/\/www.facebook.com\/profile.php?id=100086426226253\" \/>\n<meta property=\"article:modified_time\" content=\"2026-04-08T11:35:58+00:00\" \/>\n<meta property=\"og:image\" content=\"https:\/\/testwebsite.citygame.com\/wp-content\/blogs.dir\/1\/files\/sites\/62\/2026\/02\/group-of-friends-playing-city-game-manchester.jpg\" \/>\n\t<meta property=\"og:image:width\" content=\"1344\" \/>\n\t<meta property=\"og:image:height\" content=\"768\" \/>\n\t<meta property=\"og:image:type\" content=\"image\/jpeg\" \/>\n<meta name=\"twitter:card\" content=\"summary_large_image\" \/>\n<script type=\"application\/ld+json\" class=\"yoast-schema-graph\">{\"@context\":\"https:\/\/schema.org\",\"@graph\":[{\"@type\":\"WebPage\",\"@id\":\"https:\/\/testwebsite.citygame.com\/lt\/games\/manchester\/sherlock-holmes-manchester\/\",\"url\":\"https:\/\/testwebsite.citygame.com\/lt\/games\/manchester\/sherlock-holmes-manchester\/\",\"name\":\"Sherlock Holmes Manchester - City Game\",\"isPartOf\":{\"@id\":\"https:\/\/testwebsite.upevents.nl\/#website\"},\"primaryImageOfPage\":{\"@id\":\"https:\/\/testwebsite.citygame.com\/lt\/games\/manchester\/sherlock-holmes-manchester\/#primaryimage\"},\"image\":{\"@id\":\"https:\/\/testwebsite.citygame.com\/lt\/games\/manchester\/sherlock-holmes-manchester\/#primaryimage\"},\"thumbnailUrl\":\"https:\/\/testwebsite.citygame.com\/wp-content\/blogs.dir\/1\/files\/sites\/62\/2026\/02\/group-of-friends-playing-city-game-manchester.jpg\",\"datePublished\":\"2026-02-05T19:53:48+00:00\",\"dateModified\":\"2026-04-08T11:35:58+00:00\",\"description\":\"Sherlock Holmes Manchester. \u017daiskite savaranki\u0161k\u0105 detektyvin\u012f miesto \u017eaidim\u0105, spr\u0119skite galvos\u016bkius, sekite u\u017euominomis ir atskleiskite \u017eudik\u0105 savo tempu!\",\"breadcrumb\":{\"@id\":\"https:\/\/testwebsite.citygame.com\/lt\/games\/manchester\/sherlock-holmes-manchester\/#breadcrumb\"},\"inLanguage\":\"lt-LT\",\"potentialAction\":[{\"@type\":\"ReadAction\",\"target\":[\"https:\/\/testwebsite.citygame.com\/lt\/games\/manchester\/sherlock-holmes-manchester\/\"]}]},{\"@type\":\"ImageObject\",\"inLanguage\":\"lt-LT\",\"@id\":\"https:\/\/testwebsite.citygame.com\/lt\/games\/manchester\/sherlock-holmes-manchester\/#primaryimage\",\"url\":\"https:\/\/testwebsite.citygame.com\/wp-content\/blogs.dir\/1\/files\/sites\/62\/2026\/02\/group-of-friends-playing-city-game-manchester.jpg\",\"contentUrl\":\"https:\/\/testwebsite.citygame.com\/wp-content\/blogs.dir\/1\/files\/sites\/62\/2026\/02\/group-of-friends-playing-city-game-manchester.jpg\",\"width\":1344,\"height\":768,\"caption\":\"A group of young adults collaborates to solve a puzzle on a smartphone during a city game.\"},{\"@type\":\"BreadcrumbList\",\"@id\":\"https:\/\/testwebsite.citygame.com\/lt\/games\/manchester\/sherlock-holmes-manchester\/#breadcrumb\",\"itemListElement\":[{\"@type\":\"ListItem\",\"position\":1,\"name\":\"Home\",\"item\":\"https:\/\/testwebsite.citygame.com\/lt\/\"},{\"@type\":\"ListItem\",\"position\":2,\"name\":\"Shop\",\"item\":\"https:\/\/testwebsite.citygame.com\/shop\/\"},{\"@type\":\"ListItem\",\"position\":3,\"name\":\"Sherlock Holmes Manchester\"}]},{\"@type\":\"WebSite\",\"@id\":\"https:\/\/testwebsite.upevents.nl\/#website\",\"url\":\"https:\/\/testwebsite.upevents.nl\/\",\"name\":\"City Game\",\"description\":\"\",\"publisher\":{\"@id\":\"https:\/\/testwebsite.upevents.nl\/#organization\"},\"alternateName\":\"citygame.com\",\"potentialAction\":[{\"@type\":\"SearchAction\",\"target\":{\"@type\":\"EntryPoint\",\"urlTemplate\":\"https:\/\/testwebsite.upevents.nl\/?s={search_term_string}\"},\"query-input\":{\"@type\":\"PropertyValueSpecification\",\"valueRequired\":true,\"valueName\":\"search_term_string\"}}],\"inLanguage\":\"lt-LT\"},{\"@type\":[\"Organization\",\"Place\"],\"@id\":\"https:\/\/testwebsite.upevents.nl\/#organization\",\"name\":\"City Game\",\"alternateName\":\"citygame.com\",\"url\":\"https:\/\/testwebsite.upevents.nl\/\",\"logo\":{\"@id\":\"https:\/\/testwebsite.citygame.com\/lt\/games\/manchester\/sherlock-holmes-manchester\/#local-main-organization-logo\"},\"image\":{\"@id\":\"https:\/\/testwebsite.citygame.com\/lt\/games\/manchester\/sherlock-holmes-manchester\/#local-main-organization-logo\"},\"sameAs\":[\"https:\/\/www.facebook.com\/profile.php?id=100086426226253\",\"https:\/\/www.instagram.com\/citygame_com\",\"https:\/\/www.tiktok.com\/@citygamecom\/\",\"https:\/\/www.linkedin.com\/company\/citygame-com\"],\"description\":\"Turn any city into a playground with our interactive City Games and self-guided tours. Fun, flexible, and ideal for groups and team building.\",\"telephone\":[],\"openingHoursSpecification\":[{\"@type\":\"OpeningHoursSpecification\",\"dayOfWeek\":[\"Monday\",\"Tuesday\",\"Wednesday\",\"Thursday\",\"Friday\",\"Saturday\",\"Sunday\"],\"opens\":\"09:00\",\"closes\":\"17:00\"}]},{\"@type\":\"ImageObject\",\"inLanguage\":\"lt-LT\",\"@id\":\"https:\/\/testwebsite.citygame.com\/lt\/games\/manchester\/sherlock-holmes-manchester\/#local-main-organization-logo\",\"url\":\"https:\/\/testwebsite.citygame.com\/wp-content\/blogs.dir\/1\/files\/sites\/62\/2025\/10\/CG_LOGO-City-Game.png\",\"contentUrl\":\"https:\/\/testwebsite.citygame.com\/wp-content\/blogs.dir\/1\/files\/sites\/62\/2025\/10\/CG_LOGO-City-Game.png\",\"width\":351,\"height\":377,\"caption\":\"City Game\"}]}<\/script>\n<!-- \/ Yoast SEO Premium plugin. -->","yoast_head_json":{"title":"Sherlock Holmes Manchester - City Game","description":"Sherlock Holmes Manchester. \u017daiskite savaranki\u0161k\u0105 detektyvin\u012f miesto \u017eaidim\u0105, spr\u0119skite galvos\u016bkius, sekite u\u017euominomis ir atskleiskite \u017eudik\u0105 savo tempu!","robots":{"index":"noindex","follow":"follow","max-snippet":"max-snippet:-1","max-image-preview":"max-image-preview:large","max-video-preview":"max-video-preview:-1"},"og_locale":"lt_LT","og_type":"article","og_title":"Sherlock Holmes Manchester","og_description":"Sherlock Holmes Manchester. \u017daiskite savaranki\u0161k\u0105 detektyvin\u012f miesto \u017eaidim\u0105, spr\u0119skite galvos\u016bkius, sekite u\u017euominomis ir atskleiskite \u017eudik\u0105 savo tempu!","og_url":"https:\/\/testwebsite.citygame.com\/lt\/games\/manchester\/sherlock-holmes-manchester\/","og_site_name":"City Game","article_publisher":"https:\/\/www.facebook.com\/profile.php?id=100086426226253","article_modified_time":"2026-04-08T11:35:58+00:00","og_image":[{"width":1344,"height":768,"url":"https:\/\/testwebsite.citygame.com\/wp-content\/blogs.dir\/1\/files\/sites\/62\/2026\/02\/group-of-friends-playing-city-game-manchester.jpg","type":"image\/jpeg"}],"twitter_card":"summary_large_image","schema":{"@context":"https:\/\/schema.org","@graph":[{"@type":"WebPage","@id":"https:\/\/testwebsite.citygame.com\/lt\/games\/manchester\/sherlock-holmes-manchester\/","url":"https:\/\/testwebsite.citygame.com\/lt\/games\/manchester\/sherlock-holmes-manchester\/","name":"Sherlock Holmes Manchester - City Game","isPartOf":{"@id":"https:\/\/testwebsite.upevents.nl\/#website"},"primaryImageOfPage":{"@id":"https:\/\/testwebsite.citygame.com\/lt\/games\/manchester\/sherlock-holmes-manchester\/#primaryimage"},"image":{"@id":"https:\/\/testwebsite.citygame.com\/lt\/games\/manchester\/sherlock-holmes-manchester\/#primaryimage"},"thumbnailUrl":"https:\/\/testwebsite.citygame.com\/wp-content\/blogs.dir\/1\/files\/sites\/62\/2026\/02\/group-of-friends-playing-city-game-manchester.jpg","datePublished":"2026-02-05T19:53:48+00:00","dateModified":"2026-04-08T11:35:58+00:00","description":"Sherlock Holmes Manchester. \u017daiskite savaranki\u0161k\u0105 detektyvin\u012f miesto \u017eaidim\u0105, spr\u0119skite galvos\u016bkius, sekite u\u017euominomis ir atskleiskite \u017eudik\u0105 savo tempu!","breadcrumb":{"@id":"https:\/\/testwebsite.citygame.com\/lt\/games\/manchester\/sherlock-holmes-manchester\/#breadcrumb"},"inLanguage":"lt-LT","potentialAction":[{"@type":"ReadAction","target":["https:\/\/testwebsite.citygame.com\/lt\/games\/manchester\/sherlock-holmes-manchester\/"]}]},{"@type":"ImageObject","inLanguage":"lt-LT","@id":"https:\/\/testwebsite.citygame.com\/lt\/games\/manchester\/sherlock-holmes-manchester\/#primaryimage","url":"https:\/\/testwebsite.citygame.com\/wp-content\/blogs.dir\/1\/files\/sites\/62\/2026\/02\/group-of-friends-playing-city-game-manchester.jpg","contentUrl":"https:\/\/testwebsite.citygame.com\/wp-content\/blogs.dir\/1\/files\/sites\/62\/2026\/02\/group-of-friends-playing-city-game-manchester.jpg","width":1344,"height":768,"caption":"A group of young adults collaborates to solve a puzzle on a smartphone during a city game."},{"@type":"BreadcrumbList","@id":"https:\/\/testwebsite.citygame.com\/lt\/games\/manchester\/sherlock-holmes-manchester\/#breadcrumb","itemListElement":[{"@type":"ListItem","position":1,"name":"Home","item":"https:\/\/testwebsite.citygame.com\/lt\/"},{"@type":"ListItem","position":2,"name":"Shop","item":"https:\/\/testwebsite.citygame.com\/shop\/"},{"@type":"ListItem","position":3,"name":"Sherlock Holmes Manchester"}]},{"@type":"WebSite","@id":"https:\/\/testwebsite.upevents.nl\/#website","url":"https:\/\/testwebsite.upevents.nl\/","name":"City Game","description":"","publisher":{"@id":"https:\/\/testwebsite.upevents.nl\/#organization"},"alternateName":"citygame.com","potentialAction":[{"@type":"SearchAction","target":{"@type":"EntryPoint","urlTemplate":"https:\/\/testwebsite.upevents.nl\/?s={search_term_string}"},"query-input":{"@type":"PropertyValueSpecification","valueRequired":true,"valueName":"search_term_string"}}],"inLanguage":"lt-LT"},{"@type":["Organization","Place"],"@id":"https:\/\/testwebsite.upevents.nl\/#organization","name":"City Game","alternateName":"citygame.com","url":"https:\/\/testwebsite.upevents.nl\/","logo":{"@id":"https:\/\/testwebsite.citygame.com\/lt\/games\/manchester\/sherlock-holmes-manchester\/#local-main-organization-logo"},"image":{"@id":"https:\/\/testwebsite.citygame.com\/lt\/games\/manchester\/sherlock-holmes-manchester\/#local-main-organization-logo"},"sameAs":["https:\/\/www.facebook.com\/profile.php?id=100086426226253","https:\/\/www.instagram.com\/citygame_com","https:\/\/www.tiktok.com\/@citygamecom\/","https:\/\/www.linkedin.com\/company\/citygame-com"],"description":"Turn any city into a playground with our interactive City Games and self-guided tours. Fun, flexible, and ideal for groups and team building.","telephone":[],"openingHoursSpecification":[{"@type":"OpeningHoursSpecification","dayOfWeek":["Monday","Tuesday","Wednesday","Thursday","Friday","Saturday","Sunday"],"opens":"09:00","closes":"17:00"}]},{"@type":"ImageObject","inLanguage":"lt-LT","@id":"https:\/\/testwebsite.citygame.com\/lt\/games\/manchester\/sherlock-holmes-manchester\/#local-main-organization-logo","url":"https:\/\/testwebsite.citygame.com\/wp-content\/blogs.dir\/1\/files\/sites\/62\/2025\/10\/CG_LOGO-City-Game.png","contentUrl":"https:\/\/testwebsite.citygame.com\/wp-content\/blogs.dir\/1\/files\/sites\/62\/2025\/10\/CG_LOGO-City-Game.png","width":351,"height":377,"caption":"City Game"}]}},"taxonomy_info":{"game-concept":[{"value":783,"label":"Sherlock"}],"location":[{"value":264,"label":"Manchester"}],"product_cat":[{"value":27,"label":"Geen categorie"}]},"featured_image_src_large":["https:\/\/testwebsite.citygame.com\/wp-content\/blogs.dir\/1\/files\/sites\/62\/2026\/02\/group-of-friends-playing-city-game-manchester-1024x585.jpg",1024,585,true],"author_info":[],"comment_info":"","_links":{"self":[{"href":"https:\/\/testwebsite.citygame.com\/lt\/wp-json\/wp\/v2\/product\/63398","targetHints":{"allow":["GET"]}}],"collection":[{"href":"https:\/\/testwebsite.citygame.com\/lt\/wp-json\/wp\/v2\/product"}],"about":[{"href":"https:\/\/testwebsite.citygame.com\/lt\/wp-json\/wp\/v2\/types\/product"}],"acf:post":[{"embeddable":true,"href":"https:\/\/testwebsite.citygame.com\/lt\/wp-json\/wp\/v2\/pages\/11029"}],"wp:featuredmedia":[{"embeddable":true,"href":"https:\/\/testwebsite.citygame.com\/lt\/wp-json\/wp\/v2\/media\/11031"}],"wp:attachment":[{"href":"https:\/\/testwebsite.citygame.com\/lt\/wp-json\/wp\/v2\/media?parent=63398"}],"wp:term":[{"taxonomy":"game-concept","embeddable":true,"href":"https:\/\/testwebsite.citygame.com\/lt\/wp-json\/wp\/v2\/game-concept?post=63398"},{"taxonomy":"location","embeddable":true,"href":"https:\/\/testwebsite.citygame.com\/lt\/wp-json\/wp\/v2\/location?post=63398"},{"taxonomy":"product_brand","embeddable":true,"href":"https:\/\/testwebsite.citygame.com\/lt\/wp-json\/wp\/v2\/product_brand?post=63398"},{"taxonomy":"product_cat","embeddable":true,"href":"https:\/\/testwebsite.citygame.com\/lt\/wp-json\/wp\/v2\/product_cat?post=63398"},{"taxonomy":"product_tag","embeddable":true,"href":"https:\/\/testwebsite.citygame.com\/lt\/wp-json\/wp\/v2\/product_tag?post=63398"}],"curies":[{"name":"wp","href":"https:\/\/api.w.org\/{rel}","templated":true}]}}