{"id":63136,"date":"2026-03-13T10:07:49","date_gmt":"2026-03-13T10:07:49","guid":{"rendered":"https:\/\/testwebsite.citygame.com\/games\/unknown-location\/secrets-of-copenhagen\/"},"modified":"2026-04-08T11:03:07","modified_gmt":"2026-04-08T11:03:07","slug":"secrets-of-copenhagen","status":"publish","type":"product","link":"https:\/\/testwebsite.citygame.com\/lt\/games\/copenhagen\/secrets-of-copenhagen\/","title":{"rendered":"Secrets of Copenhagen"},"content":{"rendered":"<p>Pasinerkite \u012f turting\u0105 modernios gyvyb\u0117s ir klasikin\u0117s architekt\u016bros derin\u012f su &#8220;Secrets of Copenhagen City Game&#8221; \u2013 savaranki\u0161ku, GPS pagrindu veikian\u010diu tyrin\u0117jimo \u017eaidimu. Vykstantis istoriniame Kopenhagos centre, \u0161i \u012ftraukianti veikla panardina \u017eaid\u0117jus \u012f miesto gelmes, naudojant i\u0161maniuosius telefonus navigacijai, m\u012fsling\u0173 galvos\u016bki\u0173 sprendimui, slapt\u0173 m\u012fsli\u0173 interpretavimui ir ry\u0161ki\u0173 nuotrauk\u0173 i\u0161\u0161\u016bki\u0173 vykdymui. Atraskite u\u017eburian\u010di\u0105 Danijos sostin\u0117s istorij\u0105, gyvybing\u0105 kult\u016br\u0105 ir gerai pasl\u0117ptas puses, dalyvaudami \u0161iame \u012fdomiame miesto \u017eaidime. Kopenhagos paslaptys laukia, kol jas atras visi, tod\u0117l tai puikus pasirinkimas vietiniams, ie\u0161kantiems naujos perspektyvos, arba lankytojams, siekiantiems pa\u017evelgti giliau. Nesvarbu, ar m\u0117gstate vieni\u0161\u0173 tyrin\u0117jim\u0173 jaudul\u012f, ar norite pasidalinti \u0161iuo nuotykiu kaip pora, \u0161eima ar energinga draug\u0173 grup\u0117, &#8220;Secrets of Copenhagen City Game&#8221; si\u016blo unikal\u0173 linksmybi\u0173, mokymosi ir atradim\u0173 derin\u012f.<\/p>\n","protected":false},"excerpt":{"rendered":"<p>Atraskite Kopenhagos \u017eaves\u012f ir charakter\u012f! Keliaukite po miest\u0105, kuriame didinga istorija persipina su \u0161iuolaiki\u0161kumu, nuo diding\u0173 r\u016bm\u0173 iki gatvi\u0173, papuo\u0161t\u0173 grafi\u010diais. \u012eminkite paslaptis, nar\u0161ydami po charizmati\u0161k\u0105 jo \u0161ird\u012f \u2013 Kopenhaga yra pasl\u0117pt\u0173 lobi\u0173 skrynia kiekviename kampelyje!<\/p>\n","protected":false},"featured_media":18448,"template":"","meta":{"_acf_changed":false,"_yoast_wpseo_focuskw":"Secrets of Copenhagen","_yoast_wpseo_metadesc":"Secrets of Copenhagen. \u017daiskite savaranki\u0161k\u0105 miesto \u017eaidim\u0105 ir tyrin\u0117kite miest\u0105 spr\u0119sdami galvos\u016bkius, m\u012fsles ir \u012fveikdami i\u0161\u0161\u016bkius. \u017daiskite savo tempu ir atraskite kaip vietinis!","_kad_blocks_custom_css":"","_kad_blocks_head_custom_js":"","_kad_blocks_body_custom_js":"","_kad_blocks_footer_custom_js":"","ghostkit_customizer_options":"","ghostkit_custom_css":"","ghostkit_custom_js_head":"","ghostkit_custom_js_foot":"","ghostkit_typography":"","_kad_post_transparent":"","_kad_post_title":"","_kad_post_layout":"","_kad_post_sidebar_id":"","_kad_post_content_style":"","_kad_post_vertical_padding":"","_kad_post_feature":"","_kad_post_feature_position":"","_kad_post_header":false,"_kad_post_footer":false,"_kad_post_classname":"","_links_to":"","_links_to_target":""},"game-concept":[722],"location":[128],"product_brand":[],"product_cat":[27],"product_tag":[],"class_list":{"0":"post-63136","1":"product","2":"type-product","3":"status-publish","4":"has-post-thumbnail","6":"game-concept-secrets","7":"location-copenhagen","8":"product_cat-geen-categorie","10":"first","11":"instock","12":"shipping-taxable","13":"purchasable","14":"product-type-simple","15":"entry","16":"content-bg","17":"loop-entry"},"acf":{"full_bokun_product_name":"Self-Guided Secrets of Copenhagen Exploration Game","location_name":"Copenhagen","bokun_calendar_widget_code":"<script type=\"text\/javascript\" src=\"https:\/\/widgets.bokun.io\/assets\/javascripts\/apps\/build\/BokunWidgetsLoader.js?bookingChannelUUID=a1e93e96-5232-4734-a595-28405f4b5a31\" async><\/script>\n     \n    <div class=\"bokunWidget\" data-src=\"https:\/\/widgets.bokun.io\/online-sales\/a1e93e96-5232-4734-a595-28405f4b5a31\/experience-calendar\/872761\"><\/div>\n    <noscript>Please enable javascript in your browser to book<\/noscript>","bokun_button_widget_code":"<script type=\"text\/javascript\" src=\"https:\/\/widgets.bokun.io\/assets\/javascripts\/apps\/build\/BokunWidgetsLoader.js?bookingChannelUUID=a1e93e96-5232-4734-a595-28405f4b5a31\" async><\/script>\n      <style> #bokun_ed001e45_5927_4f62_b470_ca766338d083 { display: inline-block; padding: .4em 1em; background: #47b82e; border-radius: 999999px; box-shadow: none; font-weight: 600; font-size: 24px; text-decoration: none; text-align: center; color: #FFFFFF; border:none; cursor: pointer; transition: background .2s ease; } #bokun_ed001e45_5927_4f62_b470_ca766338d083:hover{ background: #2f7b1f; } #bokun_ed001e45_5927_4f62_b470_ca766338d083:active{ background: #378f24; } <\/style> <button class=\"bokunButton\" disabled id=bokun_ed001e45_5927_4f62_b470_ca766338d083 data-src=\"https:\/\/widgets.bokun.io\/online-sales\/a1e93e96-5232-4734-a595-28405f4b5a31\/experience-calendar\/872761?partialView=1\" data-testid=\"widget-book-button\" > Book now <\/button> ","what_you\u2019ll_experience_during_the_game":"\u201eSecrets of Copenhagen City Game\u201c kvie\u010dia pasinerti \u012f audring\u0105 ekskursij\u0173, interaktyvi\u0173 i\u0161\u0161\u016bki\u0173 ir \u017eaving\u0173 istorij\u0173 derin\u012f. Keliaukite jo istorin\u0117mis gatv\u0117mis, susipa\u017einkite tiek su \u017einomais, tiek su pasl\u0117ptais miesto lobiais ir giliau pasinerkite \u012f viliojan\u010dias miesto istorijas. Leiskite savo smalsumui vesti jus nuo auk\u0161t\u0173 I\u0161ganytojo ba\u017eny\u010dios bok\u0161t\u0173 iki spalving\u0173 Nyhavn nam\u0173, tyrin\u0117jant kiekvien\u0105 Christianshavn labirintini\u0173 kanal\u0173 pos\u016bk\u012f. Nesvarbu, ar esate vietinis, ie\u0161kantis naujos perspektyvos savo namams, ar keliautojas, norintis atskleisti daugyb\u0119 Kopenhagos paslap\u010di\u0173, \u0161is miesto \u017eaidimas pasi\u016blys nepaprast\u0105 tyrin\u0117jimo patirt\u012f.\n\nNors b\u016bsite \u012ftraukti \u012f pasaul\u012f, kuriame smalsumas skatins j\u016bs\u0173 pa\u017eang\u0105, taip pat susidursite su intriguojan\u010diomis m\u012fsl\u0117mis, \u012ftraukian\u010diais galvos\u016bkiais ir daugybe intelektualini\u0173 kov\u0173, skirt\u0173 i\u0161bandyti j\u016bs\u0173 analitinius ir k\u016brybinius geb\u0117jimus. J\u016bs\u0173 misija \u0161ioje ekspedicijoje per Kopenhag\u0105 yra rinkti ta\u0161kus, kurie atvers u\u017euominas, vis labiau artindami jus prie m\u012fslingo paskutinio galvos\u016bkio i\u0161sprendimo. Tiems, kurie turi labai konkurencing\u0105 dvasi\u0105, vilioja auk\u0161tos pozicijos u\u017e\u0117mimas lyderi\u0173 lentel\u0117je. Ta\u010diau \u017eaidimas tinka ir tiems, kurie nori l\u0117tesnio tempo; j\u012f galima sustabdyti bet kuriuo metu ir t\u0119sti, kada tik panor\u0117site. Kad ir koks b\u016bt\u0173 j\u016bs\u0173 stilius, \u201eSecrets of Copenhagen City Game\u201c \u017eada \u012ftraukian\u010di\u0105 atradim\u0173 ir intelektualinio i\u0161\u0161\u016bkio sintez\u0119.","how_to_play":"U\u017esisakykite tyrin\u0117jimo \u017eaidim\u0105, patikrinkite m\u016bs\u0173 atsi\u0173st\u0105 el. lai\u0161k\u0105 su paprastomis instrukcijomis, atsisi\u0173skite \u201eLoquiz App\u201c, pasiekite tyrin\u0117jimo \u017eaidim\u0105 ir b\u016bsite pasiruo\u0161\u0119 prad\u0117ti savo \u017eaidimo patirt\u012f!","start_location":"Copenhagen, Radhuspladsen","available_languages":["en"],"players_per_group":"1-4","duration":"1.5-2 hours","image_overlay_color_image":"https:\/\/testwebsite.citygame.com\/wp-content\/blogs.dir\/1\/files\/sites\/62\/2026\/01\/SecretsColor.svg","image_overlay_game_logo":"https:\/\/testwebsite.citygame.com\/wp-content\/blogs.dir\/1\/files\/sites\/62\/2026\/01\/SecretsLogo.png","city_page":7710,"woocommerce_general_content":null},"yoast_head":"<!-- This site is optimized with the Yoast SEO Premium plugin v26.2 (Yoast SEO v26.3) - https:\/\/yoast.com\/wordpress\/plugins\/seo\/ -->\n<title>Secrets of Copenhagen - City Game<\/title>\n<meta name=\"description\" content=\"Secrets of Copenhagen. \u017daiskite savaranki\u0161k\u0105 miesto \u017eaidim\u0105 ir tyrin\u0117kite miest\u0105 spr\u0119sdami galvos\u016bkius, m\u012fsles ir \u012fveikdami i\u0161\u0161\u016bkius. \u017daiskite savo tempu ir atraskite kaip vietinis!\" \/>\n<meta name=\"robots\" content=\"noindex, follow, max-snippet:-1, max-image-preview:large, max-video-preview:-1\" \/>\n<meta property=\"og:locale\" content=\"lt_LT\" \/>\n<meta property=\"og:type\" content=\"article\" \/>\n<meta property=\"og:title\" content=\"Secrets of Copenhagen\" \/>\n<meta property=\"og:description\" content=\"Secrets of Copenhagen. \u017daiskite savaranki\u0161k\u0105 miesto \u017eaidim\u0105 ir tyrin\u0117kite miest\u0105 spr\u0119sdami galvos\u016bkius, m\u012fsles ir \u012fveikdami i\u0161\u0161\u016bkius. \u017daiskite savo tempu ir atraskite kaip vietinis!\" \/>\n<meta property=\"og:url\" content=\"https:\/\/testwebsite.citygame.com\/lt\/games\/copenhagen\/secrets-of-copenhagen\/\" \/>\n<meta property=\"og:site_name\" content=\"City Game\" \/>\n<meta property=\"article:publisher\" content=\"https:\/\/www.facebook.com\/profile.php?id=100086426226253\" \/>\n<meta property=\"article:modified_time\" content=\"2026-04-08T11:03:07+00:00\" \/>\n<meta property=\"og:image\" content=\"https:\/\/testwebsite.citygame.com\/wp-content\/blogs.dir\/1\/files\/sites\/62\/2026\/03\/copenhagen-player-christiansborg-palace-view.jpg\" \/>\n\t<meta property=\"og:image:width\" content=\"1024\" \/>\n\t<meta property=\"og:image:height\" content=\"1024\" \/>\n\t<meta property=\"og:image:type\" content=\"image\/jpeg\" \/>\n<meta name=\"twitter:card\" content=\"summary_large_image\" \/>\n<meta name=\"twitter:label1\" content=\"Est. reading time\" \/>\n\t<meta name=\"twitter:data1\" content=\"1 minut\u0117\" \/>\n<script type=\"application\/ld+json\" class=\"yoast-schema-graph\">{\"@context\":\"https:\/\/schema.org\",\"@graph\":[{\"@type\":\"WebPage\",\"@id\":\"https:\/\/testwebsite.citygame.com\/lt\/games\/copenhagen\/secrets-of-copenhagen\/\",\"url\":\"https:\/\/testwebsite.citygame.com\/lt\/games\/copenhagen\/secrets-of-copenhagen\/\",\"name\":\"Secrets of Copenhagen - City Game\",\"isPartOf\":{\"@id\":\"https:\/\/testwebsite.upevents.nl\/#website\"},\"primaryImageOfPage\":{\"@id\":\"https:\/\/testwebsite.citygame.com\/lt\/games\/copenhagen\/secrets-of-copenhagen\/#primaryimage\"},\"image\":{\"@id\":\"https:\/\/testwebsite.citygame.com\/lt\/games\/copenhagen\/secrets-of-copenhagen\/#primaryimage\"},\"thumbnailUrl\":\"https:\/\/testwebsite.citygame.com\/wp-content\/blogs.dir\/1\/files\/sites\/62\/2026\/03\/copenhagen-player-christiansborg-palace-view.jpg\",\"datePublished\":\"2026-03-13T10:07:49+00:00\",\"dateModified\":\"2026-04-08T11:03:07+00:00\",\"description\":\"Secrets of Copenhagen. \u017daiskite savaranki\u0161k\u0105 miesto \u017eaidim\u0105 ir tyrin\u0117kite miest\u0105 spr\u0119sdami galvos\u016bkius, m\u012fsles ir \u012fveikdami i\u0161\u0161\u016bkius. \u017daiskite savo tempu ir atraskite kaip vietinis!\",\"breadcrumb\":{\"@id\":\"https:\/\/testwebsite.citygame.com\/lt\/games\/copenhagen\/secrets-of-copenhagen\/#breadcrumb\"},\"inLanguage\":\"lt-LT\",\"potentialAction\":[{\"@type\":\"ReadAction\",\"target\":[\"https:\/\/testwebsite.citygame.com\/lt\/games\/copenhagen\/secrets-of-copenhagen\/\"]}]},{\"@type\":\"ImageObject\",\"inLanguage\":\"lt-LT\",\"@id\":\"https:\/\/testwebsite.citygame.com\/lt\/games\/copenhagen\/secrets-of-copenhagen\/#primaryimage\",\"url\":\"https:\/\/testwebsite.citygame.com\/wp-content\/blogs.dir\/1\/files\/sites\/62\/2026\/03\/copenhagen-player-christiansborg-palace-view.jpg\",\"contentUrl\":\"https:\/\/testwebsite.citygame.com\/wp-content\/blogs.dir\/1\/files\/sites\/62\/2026\/03\/copenhagen-player-christiansborg-palace-view.jpg\",\"width\":1024,\"height\":1024,\"caption\":\"A player stands on a cobblestone path looking towards Christiansborg Palace in Copenhagen.\"},{\"@type\":\"BreadcrumbList\",\"@id\":\"https:\/\/testwebsite.citygame.com\/lt\/games\/copenhagen\/secrets-of-copenhagen\/#breadcrumb\",\"itemListElement\":[{\"@type\":\"ListItem\",\"position\":1,\"name\":\"Home\",\"item\":\"https:\/\/testwebsite.citygame.com\/lt\/\"},{\"@type\":\"ListItem\",\"position\":2,\"name\":\"Shop\",\"item\":\"https:\/\/testwebsite.citygame.com\/shop\/\"},{\"@type\":\"ListItem\",\"position\":3,\"name\":\"Secrets of Copenhagen\"}]},{\"@type\":\"WebSite\",\"@id\":\"https:\/\/testwebsite.upevents.nl\/#website\",\"url\":\"https:\/\/testwebsite.upevents.nl\/\",\"name\":\"City Game\",\"description\":\"\",\"publisher\":{\"@id\":\"https:\/\/testwebsite.upevents.nl\/#organization\"},\"alternateName\":\"citygame.com\",\"potentialAction\":[{\"@type\":\"SearchAction\",\"target\":{\"@type\":\"EntryPoint\",\"urlTemplate\":\"https:\/\/testwebsite.upevents.nl\/?s={search_term_string}\"},\"query-input\":{\"@type\":\"PropertyValueSpecification\",\"valueRequired\":true,\"valueName\":\"search_term_string\"}}],\"inLanguage\":\"lt-LT\"},{\"@type\":[\"Organization\",\"Place\"],\"@id\":\"https:\/\/testwebsite.upevents.nl\/#organization\",\"name\":\"City Game\",\"alternateName\":\"citygame.com\",\"url\":\"https:\/\/testwebsite.upevents.nl\/\",\"logo\":{\"@id\":\"https:\/\/testwebsite.citygame.com\/lt\/games\/copenhagen\/secrets-of-copenhagen\/#local-main-organization-logo\"},\"image\":{\"@id\":\"https:\/\/testwebsite.citygame.com\/lt\/games\/copenhagen\/secrets-of-copenhagen\/#local-main-organization-logo\"},\"sameAs\":[\"https:\/\/www.facebook.com\/profile.php?id=100086426226253\",\"https:\/\/www.instagram.com\/citygame_com\",\"https:\/\/www.tiktok.com\/@citygamecom\/\",\"https:\/\/www.linkedin.com\/company\/citygame-com\"],\"description\":\"Turn any city into a playground with our interactive City Games and self-guided tours. Fun, flexible, and ideal for groups and team building.\",\"telephone\":[],\"openingHoursSpecification\":[{\"@type\":\"OpeningHoursSpecification\",\"dayOfWeek\":[\"Monday\",\"Tuesday\",\"Wednesday\",\"Thursday\",\"Friday\",\"Saturday\",\"Sunday\"],\"opens\":\"09:00\",\"closes\":\"17:00\"}]},{\"@type\":\"ImageObject\",\"inLanguage\":\"lt-LT\",\"@id\":\"https:\/\/testwebsite.citygame.com\/lt\/games\/copenhagen\/secrets-of-copenhagen\/#local-main-organization-logo\",\"url\":\"https:\/\/testwebsite.citygame.com\/wp-content\/blogs.dir\/1\/files\/sites\/62\/2025\/10\/CG_LOGO-City-Game.png\",\"contentUrl\":\"https:\/\/testwebsite.citygame.com\/wp-content\/blogs.dir\/1\/files\/sites\/62\/2025\/10\/CG_LOGO-City-Game.png\",\"width\":351,\"height\":377,\"caption\":\"City Game\"}]}<\/script>\n<!-- \/ Yoast SEO Premium plugin. -->","yoast_head_json":{"title":"Secrets of Copenhagen - City Game","description":"Secrets of Copenhagen. \u017daiskite savaranki\u0161k\u0105 miesto \u017eaidim\u0105 ir tyrin\u0117kite miest\u0105 spr\u0119sdami galvos\u016bkius, m\u012fsles ir \u012fveikdami i\u0161\u0161\u016bkius. \u017daiskite savo tempu ir atraskite kaip vietinis!","robots":{"index":"noindex","follow":"follow","max-snippet":"max-snippet:-1","max-image-preview":"max-image-preview:large","max-video-preview":"max-video-preview:-1"},"og_locale":"lt_LT","og_type":"article","og_title":"Secrets of Copenhagen","og_description":"Secrets of Copenhagen. \u017daiskite savaranki\u0161k\u0105 miesto \u017eaidim\u0105 ir tyrin\u0117kite miest\u0105 spr\u0119sdami galvos\u016bkius, m\u012fsles ir \u012fveikdami i\u0161\u0161\u016bkius. \u017daiskite savo tempu ir atraskite kaip vietinis!","og_url":"https:\/\/testwebsite.citygame.com\/lt\/games\/copenhagen\/secrets-of-copenhagen\/","og_site_name":"City Game","article_publisher":"https:\/\/www.facebook.com\/profile.php?id=100086426226253","article_modified_time":"2026-04-08T11:03:07+00:00","og_image":[{"width":1024,"height":1024,"url":"https:\/\/testwebsite.citygame.com\/wp-content\/blogs.dir\/1\/files\/sites\/62\/2026\/03\/copenhagen-player-christiansborg-palace-view.jpg","type":"image\/jpeg"}],"twitter_card":"summary_large_image","twitter_misc":{"Est. reading time":"1 minut\u0117"},"schema":{"@context":"https:\/\/schema.org","@graph":[{"@type":"WebPage","@id":"https:\/\/testwebsite.citygame.com\/lt\/games\/copenhagen\/secrets-of-copenhagen\/","url":"https:\/\/testwebsite.citygame.com\/lt\/games\/copenhagen\/secrets-of-copenhagen\/","name":"Secrets of Copenhagen - City Game","isPartOf":{"@id":"https:\/\/testwebsite.upevents.nl\/#website"},"primaryImageOfPage":{"@id":"https:\/\/testwebsite.citygame.com\/lt\/games\/copenhagen\/secrets-of-copenhagen\/#primaryimage"},"image":{"@id":"https:\/\/testwebsite.citygame.com\/lt\/games\/copenhagen\/secrets-of-copenhagen\/#primaryimage"},"thumbnailUrl":"https:\/\/testwebsite.citygame.com\/wp-content\/blogs.dir\/1\/files\/sites\/62\/2026\/03\/copenhagen-player-christiansborg-palace-view.jpg","datePublished":"2026-03-13T10:07:49+00:00","dateModified":"2026-04-08T11:03:07+00:00","description":"Secrets of Copenhagen. \u017daiskite savaranki\u0161k\u0105 miesto \u017eaidim\u0105 ir tyrin\u0117kite miest\u0105 spr\u0119sdami galvos\u016bkius, m\u012fsles ir \u012fveikdami i\u0161\u0161\u016bkius. \u017daiskite savo tempu ir atraskite kaip vietinis!","breadcrumb":{"@id":"https:\/\/testwebsite.citygame.com\/lt\/games\/copenhagen\/secrets-of-copenhagen\/#breadcrumb"},"inLanguage":"lt-LT","potentialAction":[{"@type":"ReadAction","target":["https:\/\/testwebsite.citygame.com\/lt\/games\/copenhagen\/secrets-of-copenhagen\/"]}]},{"@type":"ImageObject","inLanguage":"lt-LT","@id":"https:\/\/testwebsite.citygame.com\/lt\/games\/copenhagen\/secrets-of-copenhagen\/#primaryimage","url":"https:\/\/testwebsite.citygame.com\/wp-content\/blogs.dir\/1\/files\/sites\/62\/2026\/03\/copenhagen-player-christiansborg-palace-view.jpg","contentUrl":"https:\/\/testwebsite.citygame.com\/wp-content\/blogs.dir\/1\/files\/sites\/62\/2026\/03\/copenhagen-player-christiansborg-palace-view.jpg","width":1024,"height":1024,"caption":"A player stands on a cobblestone path looking towards Christiansborg Palace in Copenhagen."},{"@type":"BreadcrumbList","@id":"https:\/\/testwebsite.citygame.com\/lt\/games\/copenhagen\/secrets-of-copenhagen\/#breadcrumb","itemListElement":[{"@type":"ListItem","position":1,"name":"Home","item":"https:\/\/testwebsite.citygame.com\/lt\/"},{"@type":"ListItem","position":2,"name":"Shop","item":"https:\/\/testwebsite.citygame.com\/shop\/"},{"@type":"ListItem","position":3,"name":"Secrets of Copenhagen"}]},{"@type":"WebSite","@id":"https:\/\/testwebsite.upevents.nl\/#website","url":"https:\/\/testwebsite.upevents.nl\/","name":"City Game","description":"","publisher":{"@id":"https:\/\/testwebsite.upevents.nl\/#organization"},"alternateName":"citygame.com","potentialAction":[{"@type":"SearchAction","target":{"@type":"EntryPoint","urlTemplate":"https:\/\/testwebsite.upevents.nl\/?s={search_term_string}"},"query-input":{"@type":"PropertyValueSpecification","valueRequired":true,"valueName":"search_term_string"}}],"inLanguage":"lt-LT"},{"@type":["Organization","Place"],"@id":"https:\/\/testwebsite.upevents.nl\/#organization","name":"City Game","alternateName":"citygame.com","url":"https:\/\/testwebsite.upevents.nl\/","logo":{"@id":"https:\/\/testwebsite.citygame.com\/lt\/games\/copenhagen\/secrets-of-copenhagen\/#local-main-organization-logo"},"image":{"@id":"https:\/\/testwebsite.citygame.com\/lt\/games\/copenhagen\/secrets-of-copenhagen\/#local-main-organization-logo"},"sameAs":["https:\/\/www.facebook.com\/profile.php?id=100086426226253","https:\/\/www.instagram.com\/citygame_com","https:\/\/www.tiktok.com\/@citygamecom\/","https:\/\/www.linkedin.com\/company\/citygame-com"],"description":"Turn any city into a playground with our interactive City Games and self-guided tours. Fun, flexible, and ideal for groups and team building.","telephone":[],"openingHoursSpecification":[{"@type":"OpeningHoursSpecification","dayOfWeek":["Monday","Tuesday","Wednesday","Thursday","Friday","Saturday","Sunday"],"opens":"09:00","closes":"17:00"}]},{"@type":"ImageObject","inLanguage":"lt-LT","@id":"https:\/\/testwebsite.citygame.com\/lt\/games\/copenhagen\/secrets-of-copenhagen\/#local-main-organization-logo","url":"https:\/\/testwebsite.citygame.com\/wp-content\/blogs.dir\/1\/files\/sites\/62\/2025\/10\/CG_LOGO-City-Game.png","contentUrl":"https:\/\/testwebsite.citygame.com\/wp-content\/blogs.dir\/1\/files\/sites\/62\/2025\/10\/CG_LOGO-City-Game.png","width":351,"height":377,"caption":"City Game"}]}},"taxonomy_info":{"game-concept":[{"value":722,"label":"Secrets"}],"location":[{"value":128,"label":"Copenhagen"}],"product_cat":[{"value":27,"label":"Geen categorie"}]},"featured_image_src_large":["https:\/\/testwebsite.citygame.com\/wp-content\/blogs.dir\/1\/files\/sites\/62\/2026\/03\/copenhagen-player-christiansborg-palace-view.jpg",1024,1024,false],"author_info":[],"comment_info":"","_links":{"self":[{"href":"https:\/\/testwebsite.citygame.com\/lt\/wp-json\/wp\/v2\/product\/63136","targetHints":{"allow":["GET"]}}],"collection":[{"href":"https:\/\/testwebsite.citygame.com\/lt\/wp-json\/wp\/v2\/product"}],"about":[{"href":"https:\/\/testwebsite.citygame.com\/lt\/wp-json\/wp\/v2\/types\/product"}],"acf:post":[{"embeddable":true,"href":"https:\/\/testwebsite.citygame.com\/lt\/wp-json\/wp\/v2\/pages\/7710"}],"wp:featuredmedia":[{"embeddable":true,"href":"https:\/\/testwebsite.citygame.com\/lt\/wp-json\/wp\/v2\/media\/18448"}],"wp:attachment":[{"href":"https:\/\/testwebsite.citygame.com\/lt\/wp-json\/wp\/v2\/media?parent=63136"}],"wp:term":[{"taxonomy":"game-concept","embeddable":true,"href":"https:\/\/testwebsite.citygame.com\/lt\/wp-json\/wp\/v2\/game-concept?post=63136"},{"taxonomy":"location","embeddable":true,"href":"https:\/\/testwebsite.citygame.com\/lt\/wp-json\/wp\/v2\/location?post=63136"},{"taxonomy":"product_brand","embeddable":true,"href":"https:\/\/testwebsite.citygame.com\/lt\/wp-json\/wp\/v2\/product_brand?post=63136"},{"taxonomy":"product_cat","embeddable":true,"href":"https:\/\/testwebsite.citygame.com\/lt\/wp-json\/wp\/v2\/product_cat?post=63136"},{"taxonomy":"product_tag","embeddable":true,"href":"https:\/\/testwebsite.citygame.com\/lt\/wp-json\/wp\/v2\/product_tag?post=63136"}],"curies":[{"name":"wp","href":"https:\/\/api.w.org\/{rel}","templated":true}]}}