{"id":62996,"date":"2026-03-12T17:46:40","date_gmt":"2026-03-12T17:46:40","guid":{"rendered":"https:\/\/testwebsite.citygame.com\/games\/unknown-location\/secrets-of-sydney\/"},"modified":"2026-04-08T10:46:33","modified_gmt":"2026-04-08T10:46:33","slug":"secrets-of-sydney","status":"publish","type":"product","link":"https:\/\/testwebsite.citygame.com\/lt\/games\/sydney\/secrets-of-sydney\/","title":{"rendered":"Secrets of Sydney"},"content":{"rendered":"<p>Atskleiskite Sidn\u0117jaus paslaptis unikaliu ir jaudinan\u010diu b\u016bdu su m\u016bs\u0173 savaranki\u0161ku, GPS pagrindu veikian\u010diu miesto \u017eaidimu &#8216;Sydney&#8217;. Sukurtas perkelti jus \u012f \u0161urmuliuojant\u012f Sidn\u0117jaus miesto centr\u0105, \u0161is tyrin\u0117jimo \u017eaidimas palengvina \u012ftraukiant\u012f nuotyki\u0173, kupin\u0105 \u012ftraukian\u010di\u0173 galvos\u016bki\u0173, u\u017eburian\u010di\u0173 m\u012fsli\u0173 ir smagi\u0173 nuotrauk\u0173 i\u0161\u0161\u016bki\u0173. Naudodami savo i\u0161man\u0173j\u012f telefon\u0105, pasinersite \u012f miesto istorij\u0105 ir kult\u016br\u0105, atrasdami intriguojan\u010dias pasl\u0117ptas detales. \u0160is linksmas miesto \u017eaidimas puikiai tinka tiek vietiniams gyventojams, tiek turistams, norintiems pamatyti Sidn\u0117j\u0173 i\u0161 naujos perspektyvos. Nesvarbu, ar esate solo tyrin\u0117tojas, ar m\u0117gstate kompanij\u0105 su \u0161eima, antr\u0105ja puse ar draug\u0173 grupe, m\u016bs\u0173 \u017eaidimas si\u016blo praturtinan\u010di\u0105 patirt\u012f kiekvienam.<\/p>\n","protected":false},"excerpt":{"rendered":"<p>Atraskite Sidn\u0117jaus \u017eaves\u012f ir dvasi\u0105! Pasinerkite \u012f miest\u0105, kur senovinis aborigen\u0173 paveldas persipina su futuristiniu dangorai\u017ei\u0173 peiza\u017eu, o ore tvyro j\u016bros druskos ir eukalipto kvapas. \u012eminkite paslaptis, nar\u0161ydami po spindint\u012f miesto centr\u0105 \u2013 Sidn\u0117jus pilnas netik\u0117t\u0173 stebukl\u0173 kiekviename pos\u016bkyje!<\/p>\n","protected":false},"featured_media":46087,"template":"","meta":{"_acf_changed":false,"_yoast_wpseo_focuskw":"Secrets of Sydney","_yoast_wpseo_metadesc":"Secrets of Sydney. \u017daiskite savaranki\u0161k\u0105 miesto \u017eaidim\u0105 (City Game) ir tyrin\u0117kite miest\u0105 spr\u0119sdami galvos\u016bkius, m\u012fsles bei \u012fveikdami i\u0161\u0161\u016bkius. \u017daiskite savo tempu ir atraskite kaip vietinis!","_kad_blocks_custom_css":"","_kad_blocks_head_custom_js":"","_kad_blocks_body_custom_js":"","_kad_blocks_footer_custom_js":"","ghostkit_customizer_options":"","ghostkit_custom_css":"","ghostkit_custom_js_head":"","ghostkit_custom_js_foot":"","ghostkit_typography":"","_kad_post_transparent":"","_kad_post_title":"","_kad_post_layout":"","_kad_post_sidebar_id":"","_kad_post_content_style":"","_kad_post_vertical_padding":"","_kad_post_feature":"","_kad_post_feature_position":"","_kad_post_header":false,"_kad_post_footer":false,"_kad_post_classname":"","_links_to":"","_links_to_target":""},"game-concept":[722],"location":[385],"product_brand":[],"product_cat":[27],"product_tag":[],"class_list":{"0":"post-62996","1":"product","2":"type-product","3":"status-publish","4":"has-post-thumbnail","6":"game-concept-secrets","7":"location-sydney","8":"product_cat-geen-categorie","10":"first","11":"instock","12":"shipping-taxable","13":"purchasable","14":"product-type-simple","15":"entry","16":"content-bg","17":"loop-entry"},"acf":{"full_bokun_product_name":"Self-Guided Secrets of Sydney Exploration Game","location_name":"Sydney","bokun_calendar_widget_code":"<script type=\"text\/javascript\" src=\"https:\/\/widgets.bokun.io\/assets\/javascripts\/apps\/build\/BokunWidgetsLoader.js?bookingChannelUUID=a1e93e96-5232-4734-a595-28405f4b5a31\" async><\/script>\n     \n    <div class=\"bokunWidget\" data-src=\"https:\/\/widgets.bokun.io\/online-sales\/a1e93e96-5232-4734-a595-28405f4b5a31\/experience-calendar\/866589\"><\/div>\n    <noscript>Please enable javascript in your browser to book<\/noscript>","bokun_button_widget_code":"<script type=\"text\/javascript\" src=\"https:\/\/widgets.bokun.io\/assets\/javascripts\/apps\/build\/BokunWidgetsLoader.js?bookingChannelUUID=a1e93e96-5232-4734-a595-28405f4b5a31\" async><\/script>\n      <style> #bokun_ed001e45_5927_4f62_b470_ca766338d083 { display: inline-block; padding: .4em 1em; background: #47b82e; border-radius: 999999px; box-shadow: none; font-weight: 600; font-size: 24px; text-decoration: none; text-align: center; color: #FFFFFF; border:none; cursor: pointer; transition: background .2s ease; } #bokun_ed001e45_5927_4f62_b470_ca766338d083:hover{ background: #2f7b1f; } #bokun_ed001e45_5927_4f62_b470_ca766338d083:active{ background: #378f24; } <\/style> <button class=\"bokunButton\" disabled id=bokun_ed001e45_5927_4f62_b470_ca766338d083 data-src=\"https:\/\/widgets.bokun.io\/online-sales\/a1e93e96-5232-4734-a595-28405f4b5a31\/experience-calendar\/866589?partialView=1\" data-testid=\"widget-book-button\" > Book now <\/button> ","what_you\u2019ll_experience_during_the_game":"Pasinerkite \u012f gyvybing\u0105 Sidn\u0117jaus kult\u016br\u0105 su unikaliu ap\u017evalgos ir \u012ftraukian\u010dio \u017eaidimo deriniu. \u017daidimas 'The Secrets of Sydney City Game' nukels jus \u012f \u017eaving\u0105 kelion\u0119 po ikoni\u0161kas ir pasl\u0117ptas \u0161io uostamies\u010dio gro\u017eybes. Nar\u0161ykite \u0161urmuliuojan\u010diomis Darling Harbour gatvel\u0117mis, \u017eav\u0117kit\u0117s architekt\u016brine Sydney Opera House didybe ir klaid\u017eiokite jaukiais The Rocks skersgatviais, visa tai patirdami jaudinan\u010diame tyrin\u0117jimo \u017eaidime, kurio fonas \u2013 nuostabus Sidn\u0117jaus dangorai\u017ei\u0173 siluetas. \u0160i dinami\u0161ka, vaizdinga kelion\u0117 atskleid\u017eia Sidn\u0117jaus \u0161ird\u012f ir siel\u0105, ap\u0161viesdama jo istorij\u0105, kult\u016br\u0105 ir esminius objektus, sukurdama gyv\u0105 patirt\u012f, pranokstan\u010di\u0105 \u012fprastas miesto ekskursijas. \n\nKai pasinersite \u012f \u017eaidim\u0105, b\u016bkite pasireng\u0119 pasitelkti savo k\u016brybi\u0161kum\u0105 ir problem\u0173 sprendimo \u012fg\u016bd\u017eius. Galvos\u016bki\u0173 sprendimas, \u012fdomi\u0173 klausim\u0173 atsakymai ir viliojan\u010di\u0173 nuotrauk\u0173 i\u0161\u0161\u016bki\u0173 \u012fveikimas \u2013 visa tai yra jaudinan\u010dios patirties dalis. \u0160ie patraukl\u016bs i\u0161\u0161\u016bkiai yra daugiau nei tiesiog smagu \u2013 jie pad\u0117s jums u\u017edirbti ta\u0161k\u0173, atrakinti svarbius patarimus ir priartins prie galutin\u0117s \u017eavingos paslapties atskleidimo. \u017daidimas sukurtas maksimaliam patogumui \u2013 sustabdykite savo tyrin\u0117jim\u0105 bet kuriuo metu ir t\u0119skite savo nuotykius, kai tik panor\u0117site. Konkurencingiems nuotyki\u0173 ie\u0161kotojams tarp j\u016bs\u0173, siekite u\u017ekopti \u012f lyderi\u0173 lentel\u0119, var\u017eydamiesi su kitais \u017eaid\u0117jais. \u0160is 'Secrets of Sydney City Game' suteikia i\u0161skirtin\u012f, interaktyv\u0173 b\u016bd\u0105 pajusti gyvybing\u0105 Sidn\u0117jaus atmosfer\u0105.","how_to_play":"U\u017esisakykite Tyrin\u0117jimo \u017daidim\u0105, patikrinkite el. lai\u0161k\u0105, kur\u012f jums atsi\u0173sime su paprastomis instrukcijomis, atsisi\u0173skite 'Loquiz App', pasiekite Tyrin\u0117jimo \u017daidim\u0105 ir esate pasiruo\u0161\u0119 prad\u0117ti savo \u017eaidimo patirt\u012f!","start_location":"Sydney, Archibald Memorial Fountain","available_languages":["en"],"players_per_group":"1-4","duration":"1.5-2 hours","image_overlay_color_image":"https:\/\/testwebsite.citygame.com\/wp-content\/blogs.dir\/1\/files\/sites\/62\/2026\/01\/SecretsColor.svg","image_overlay_game_logo":"https:\/\/testwebsite.citygame.com\/wp-content\/blogs.dir\/1\/files\/sites\/62\/2026\/01\/SecretsLogo.png","city_page":14164,"woocommerce_general_content":null},"yoast_head":"<!-- This site is optimized with the Yoast SEO Premium plugin v26.2 (Yoast SEO v26.3) - https:\/\/yoast.com\/wordpress\/plugins\/seo\/ -->\n<title>Secrets of Sydney - City Game<\/title>\n<meta name=\"description\" content=\"Secrets of Sydney. \u017daiskite savaranki\u0161k\u0105 miesto \u017eaidim\u0105 (City Game) ir tyrin\u0117kite miest\u0105 spr\u0119sdami galvos\u016bkius, m\u012fsles bei \u012fveikdami i\u0161\u0161\u016bkius. \u017daiskite savo tempu ir atraskite kaip vietinis!\" \/>\n<meta name=\"robots\" content=\"noindex, follow, max-snippet:-1, max-image-preview:large, max-video-preview:-1\" \/>\n<meta property=\"og:locale\" content=\"lt_LT\" \/>\n<meta property=\"og:type\" content=\"article\" \/>\n<meta property=\"og:title\" content=\"Secrets of Sydney\" \/>\n<meta property=\"og:description\" content=\"Secrets of Sydney. \u017daiskite savaranki\u0161k\u0105 miesto \u017eaidim\u0105 (City Game) ir tyrin\u0117kite miest\u0105 spr\u0119sdami galvos\u016bkius, m\u012fsles bei \u012fveikdami i\u0161\u0161\u016bkius. \u017daiskite savo tempu ir atraskite kaip vietinis!\" \/>\n<meta property=\"og:url\" content=\"https:\/\/testwebsite.citygame.com\/lt\/games\/sydney\/secrets-of-sydney\/\" \/>\n<meta property=\"og:site_name\" content=\"City Game\" \/>\n<meta property=\"article:publisher\" content=\"https:\/\/www.facebook.com\/profile.php?id=100086426226253\" \/>\n<meta property=\"article:modified_time\" content=\"2026-04-08T10:46:33+00:00\" \/>\n<meta property=\"og:image\" content=\"https:\/\/testwebsite.citygame.com\/wp-content\/blogs.dir\/1\/files\/sites\/62\/2026\/03\/sydney-players-st-marys-cathedral-city-game.jpg\" \/>\n\t<meta property=\"og:image:width\" content=\"1024\" \/>\n\t<meta property=\"og:image:height\" content=\"1024\" \/>\n\t<meta property=\"og:image:type\" content=\"image\/jpeg\" \/>\n<meta name=\"twitter:card\" content=\"summary_large_image\" \/>\n<meta name=\"twitter:label1\" content=\"Est. reading time\" \/>\n\t<meta name=\"twitter:data1\" content=\"1 minut\u0117\" \/>\n<script type=\"application\/ld+json\" class=\"yoast-schema-graph\">{\"@context\":\"https:\/\/schema.org\",\"@graph\":[{\"@type\":\"WebPage\",\"@id\":\"https:\/\/testwebsite.citygame.com\/lt\/games\/sydney\/secrets-of-sydney\/\",\"url\":\"https:\/\/testwebsite.citygame.com\/lt\/games\/sydney\/secrets-of-sydney\/\",\"name\":\"Secrets of Sydney - City Game\",\"isPartOf\":{\"@id\":\"https:\/\/testwebsite.upevents.nl\/#website\"},\"primaryImageOfPage\":{\"@id\":\"https:\/\/testwebsite.citygame.com\/lt\/games\/sydney\/secrets-of-sydney\/#primaryimage\"},\"image\":{\"@id\":\"https:\/\/testwebsite.citygame.com\/lt\/games\/sydney\/secrets-of-sydney\/#primaryimage\"},\"thumbnailUrl\":\"https:\/\/testwebsite.citygame.com\/wp-content\/blogs.dir\/1\/files\/sites\/62\/2026\/03\/sydney-players-st-marys-cathedral-city-game.jpg\",\"datePublished\":\"2026-03-12T17:46:40+00:00\",\"dateModified\":\"2026-04-08T10:46:33+00:00\",\"description\":\"Secrets of Sydney. \u017daiskite savaranki\u0161k\u0105 miesto \u017eaidim\u0105 (City Game) ir tyrin\u0117kite miest\u0105 spr\u0119sdami galvos\u016bkius, m\u012fsles bei \u012fveikdami i\u0161\u0161\u016bkius. \u017daiskite savo tempu ir atraskite kaip vietinis!\",\"breadcrumb\":{\"@id\":\"https:\/\/testwebsite.citygame.com\/lt\/games\/sydney\/secrets-of-sydney\/#breadcrumb\"},\"inLanguage\":\"lt-LT\",\"potentialAction\":[{\"@type\":\"ReadAction\",\"target\":[\"https:\/\/testwebsite.citygame.com\/lt\/games\/sydney\/secrets-of-sydney\/\"]}]},{\"@type\":\"ImageObject\",\"inLanguage\":\"lt-LT\",\"@id\":\"https:\/\/testwebsite.citygame.com\/lt\/games\/sydney\/secrets-of-sydney\/#primaryimage\",\"url\":\"https:\/\/testwebsite.citygame.com\/wp-content\/blogs.dir\/1\/files\/sites\/62\/2026\/03\/sydney-players-st-marys-cathedral-city-game.jpg\",\"contentUrl\":\"https:\/\/testwebsite.citygame.com\/wp-content\/blogs.dir\/1\/files\/sites\/62\/2026\/03\/sydney-players-st-marys-cathedral-city-game.jpg\",\"width\":1024,\"height\":1024,\"caption\":\"A group of friends playing a city game together in a sunny plaza in Sydney.\"},{\"@type\":\"BreadcrumbList\",\"@id\":\"https:\/\/testwebsite.citygame.com\/lt\/games\/sydney\/secrets-of-sydney\/#breadcrumb\",\"itemListElement\":[{\"@type\":\"ListItem\",\"position\":1,\"name\":\"Home\",\"item\":\"https:\/\/testwebsite.citygame.com\/lt\/\"},{\"@type\":\"ListItem\",\"position\":2,\"name\":\"Shop\",\"item\":\"https:\/\/testwebsite.citygame.com\/shop\/\"},{\"@type\":\"ListItem\",\"position\":3,\"name\":\"Secrets of Sydney\"}]},{\"@type\":\"WebSite\",\"@id\":\"https:\/\/testwebsite.upevents.nl\/#website\",\"url\":\"https:\/\/testwebsite.upevents.nl\/\",\"name\":\"City Game\",\"description\":\"\",\"publisher\":{\"@id\":\"https:\/\/testwebsite.upevents.nl\/#organization\"},\"alternateName\":\"citygame.com\",\"potentialAction\":[{\"@type\":\"SearchAction\",\"target\":{\"@type\":\"EntryPoint\",\"urlTemplate\":\"https:\/\/testwebsite.upevents.nl\/?s={search_term_string}\"},\"query-input\":{\"@type\":\"PropertyValueSpecification\",\"valueRequired\":true,\"valueName\":\"search_term_string\"}}],\"inLanguage\":\"lt-LT\"},{\"@type\":[\"Organization\",\"Place\"],\"@id\":\"https:\/\/testwebsite.upevents.nl\/#organization\",\"name\":\"City Game\",\"alternateName\":\"citygame.com\",\"url\":\"https:\/\/testwebsite.upevents.nl\/\",\"logo\":{\"@id\":\"https:\/\/testwebsite.citygame.com\/lt\/games\/sydney\/secrets-of-sydney\/#local-main-organization-logo\"},\"image\":{\"@id\":\"https:\/\/testwebsite.citygame.com\/lt\/games\/sydney\/secrets-of-sydney\/#local-main-organization-logo\"},\"sameAs\":[\"https:\/\/www.facebook.com\/profile.php?id=100086426226253\",\"https:\/\/www.instagram.com\/citygame_com\",\"https:\/\/www.tiktok.com\/@citygamecom\/\",\"https:\/\/www.linkedin.com\/company\/citygame-com\"],\"description\":\"Turn any city into a playground with our interactive City Games and self-guided tours. Fun, flexible, and ideal for groups and team building.\",\"telephone\":[],\"openingHoursSpecification\":[{\"@type\":\"OpeningHoursSpecification\",\"dayOfWeek\":[\"Monday\",\"Tuesday\",\"Wednesday\",\"Thursday\",\"Friday\",\"Saturday\",\"Sunday\"],\"opens\":\"09:00\",\"closes\":\"17:00\"}]},{\"@type\":\"ImageObject\",\"inLanguage\":\"lt-LT\",\"@id\":\"https:\/\/testwebsite.citygame.com\/lt\/games\/sydney\/secrets-of-sydney\/#local-main-organization-logo\",\"url\":\"https:\/\/testwebsite.citygame.com\/wp-content\/blogs.dir\/1\/files\/sites\/62\/2025\/10\/CG_LOGO-City-Game.png\",\"contentUrl\":\"https:\/\/testwebsite.citygame.com\/wp-content\/blogs.dir\/1\/files\/sites\/62\/2025\/10\/CG_LOGO-City-Game.png\",\"width\":351,\"height\":377,\"caption\":\"City Game\"}]}<\/script>\n<!-- \/ Yoast SEO Premium plugin. -->","yoast_head_json":{"title":"Secrets of Sydney - City Game","description":"Secrets of Sydney. \u017daiskite savaranki\u0161k\u0105 miesto \u017eaidim\u0105 (City Game) ir tyrin\u0117kite miest\u0105 spr\u0119sdami galvos\u016bkius, m\u012fsles bei \u012fveikdami i\u0161\u0161\u016bkius. \u017daiskite savo tempu ir atraskite kaip vietinis!","robots":{"index":"noindex","follow":"follow","max-snippet":"max-snippet:-1","max-image-preview":"max-image-preview:large","max-video-preview":"max-video-preview:-1"},"og_locale":"lt_LT","og_type":"article","og_title":"Secrets of Sydney","og_description":"Secrets of Sydney. \u017daiskite savaranki\u0161k\u0105 miesto \u017eaidim\u0105 (City Game) ir tyrin\u0117kite miest\u0105 spr\u0119sdami galvos\u016bkius, m\u012fsles bei \u012fveikdami i\u0161\u0161\u016bkius. \u017daiskite savo tempu ir atraskite kaip vietinis!","og_url":"https:\/\/testwebsite.citygame.com\/lt\/games\/sydney\/secrets-of-sydney\/","og_site_name":"City Game","article_publisher":"https:\/\/www.facebook.com\/profile.php?id=100086426226253","article_modified_time":"2026-04-08T10:46:33+00:00","og_image":[{"width":1024,"height":1024,"url":"https:\/\/testwebsite.citygame.com\/wp-content\/blogs.dir\/1\/files\/sites\/62\/2026\/03\/sydney-players-st-marys-cathedral-city-game.jpg","type":"image\/jpeg"}],"twitter_card":"summary_large_image","twitter_misc":{"Est. reading time":"1 minut\u0117"},"schema":{"@context":"https:\/\/schema.org","@graph":[{"@type":"WebPage","@id":"https:\/\/testwebsite.citygame.com\/lt\/games\/sydney\/secrets-of-sydney\/","url":"https:\/\/testwebsite.citygame.com\/lt\/games\/sydney\/secrets-of-sydney\/","name":"Secrets of Sydney - City Game","isPartOf":{"@id":"https:\/\/testwebsite.upevents.nl\/#website"},"primaryImageOfPage":{"@id":"https:\/\/testwebsite.citygame.com\/lt\/games\/sydney\/secrets-of-sydney\/#primaryimage"},"image":{"@id":"https:\/\/testwebsite.citygame.com\/lt\/games\/sydney\/secrets-of-sydney\/#primaryimage"},"thumbnailUrl":"https:\/\/testwebsite.citygame.com\/wp-content\/blogs.dir\/1\/files\/sites\/62\/2026\/03\/sydney-players-st-marys-cathedral-city-game.jpg","datePublished":"2026-03-12T17:46:40+00:00","dateModified":"2026-04-08T10:46:33+00:00","description":"Secrets of Sydney. \u017daiskite savaranki\u0161k\u0105 miesto \u017eaidim\u0105 (City Game) ir tyrin\u0117kite miest\u0105 spr\u0119sdami galvos\u016bkius, m\u012fsles bei \u012fveikdami i\u0161\u0161\u016bkius. \u017daiskite savo tempu ir atraskite kaip vietinis!","breadcrumb":{"@id":"https:\/\/testwebsite.citygame.com\/lt\/games\/sydney\/secrets-of-sydney\/#breadcrumb"},"inLanguage":"lt-LT","potentialAction":[{"@type":"ReadAction","target":["https:\/\/testwebsite.citygame.com\/lt\/games\/sydney\/secrets-of-sydney\/"]}]},{"@type":"ImageObject","inLanguage":"lt-LT","@id":"https:\/\/testwebsite.citygame.com\/lt\/games\/sydney\/secrets-of-sydney\/#primaryimage","url":"https:\/\/testwebsite.citygame.com\/wp-content\/blogs.dir\/1\/files\/sites\/62\/2026\/03\/sydney-players-st-marys-cathedral-city-game.jpg","contentUrl":"https:\/\/testwebsite.citygame.com\/wp-content\/blogs.dir\/1\/files\/sites\/62\/2026\/03\/sydney-players-st-marys-cathedral-city-game.jpg","width":1024,"height":1024,"caption":"A group of friends playing a city game together in a sunny plaza in Sydney."},{"@type":"BreadcrumbList","@id":"https:\/\/testwebsite.citygame.com\/lt\/games\/sydney\/secrets-of-sydney\/#breadcrumb","itemListElement":[{"@type":"ListItem","position":1,"name":"Home","item":"https:\/\/testwebsite.citygame.com\/lt\/"},{"@type":"ListItem","position":2,"name":"Shop","item":"https:\/\/testwebsite.citygame.com\/shop\/"},{"@type":"ListItem","position":3,"name":"Secrets of Sydney"}]},{"@type":"WebSite","@id":"https:\/\/testwebsite.upevents.nl\/#website","url":"https:\/\/testwebsite.upevents.nl\/","name":"City Game","description":"","publisher":{"@id":"https:\/\/testwebsite.upevents.nl\/#organization"},"alternateName":"citygame.com","potentialAction":[{"@type":"SearchAction","target":{"@type":"EntryPoint","urlTemplate":"https:\/\/testwebsite.upevents.nl\/?s={search_term_string}"},"query-input":{"@type":"PropertyValueSpecification","valueRequired":true,"valueName":"search_term_string"}}],"inLanguage":"lt-LT"},{"@type":["Organization","Place"],"@id":"https:\/\/testwebsite.upevents.nl\/#organization","name":"City Game","alternateName":"citygame.com","url":"https:\/\/testwebsite.upevents.nl\/","logo":{"@id":"https:\/\/testwebsite.citygame.com\/lt\/games\/sydney\/secrets-of-sydney\/#local-main-organization-logo"},"image":{"@id":"https:\/\/testwebsite.citygame.com\/lt\/games\/sydney\/secrets-of-sydney\/#local-main-organization-logo"},"sameAs":["https:\/\/www.facebook.com\/profile.php?id=100086426226253","https:\/\/www.instagram.com\/citygame_com","https:\/\/www.tiktok.com\/@citygamecom\/","https:\/\/www.linkedin.com\/company\/citygame-com"],"description":"Turn any city into a playground with our interactive City Games and self-guided tours. Fun, flexible, and ideal for groups and team building.","telephone":[],"openingHoursSpecification":[{"@type":"OpeningHoursSpecification","dayOfWeek":["Monday","Tuesday","Wednesday","Thursday","Friday","Saturday","Sunday"],"opens":"09:00","closes":"17:00"}]},{"@type":"ImageObject","inLanguage":"lt-LT","@id":"https:\/\/testwebsite.citygame.com\/lt\/games\/sydney\/secrets-of-sydney\/#local-main-organization-logo","url":"https:\/\/testwebsite.citygame.com\/wp-content\/blogs.dir\/1\/files\/sites\/62\/2025\/10\/CG_LOGO-City-Game.png","contentUrl":"https:\/\/testwebsite.citygame.com\/wp-content\/blogs.dir\/1\/files\/sites\/62\/2025\/10\/CG_LOGO-City-Game.png","width":351,"height":377,"caption":"City Game"}]}},"taxonomy_info":{"game-concept":[{"value":722,"label":"Secrets"}],"location":[{"value":385,"label":"Sydney"}],"product_cat":[{"value":27,"label":"Geen categorie"}]},"featured_image_src_large":["https:\/\/testwebsite.citygame.com\/wp-content\/blogs.dir\/1\/files\/sites\/62\/2026\/03\/sydney-players-st-marys-cathedral-city-game.jpg",1024,1024,false],"author_info":[],"comment_info":"","_links":{"self":[{"href":"https:\/\/testwebsite.citygame.com\/lt\/wp-json\/wp\/v2\/product\/62996","targetHints":{"allow":["GET"]}}],"collection":[{"href":"https:\/\/testwebsite.citygame.com\/lt\/wp-json\/wp\/v2\/product"}],"about":[{"href":"https:\/\/testwebsite.citygame.com\/lt\/wp-json\/wp\/v2\/types\/product"}],"acf:post":[{"embeddable":true,"href":"https:\/\/testwebsite.citygame.com\/lt\/wp-json\/wp\/v2\/pages\/14164"}],"wp:featuredmedia":[{"embeddable":true,"href":"https:\/\/testwebsite.citygame.com\/lt\/wp-json\/wp\/v2\/media\/46087"}],"wp:attachment":[{"href":"https:\/\/testwebsite.citygame.com\/lt\/wp-json\/wp\/v2\/media?parent=62996"}],"wp:term":[{"taxonomy":"game-concept","embeddable":true,"href":"https:\/\/testwebsite.citygame.com\/lt\/wp-json\/wp\/v2\/game-concept?post=62996"},{"taxonomy":"location","embeddable":true,"href":"https:\/\/testwebsite.citygame.com\/lt\/wp-json\/wp\/v2\/location?post=62996"},{"taxonomy":"product_brand","embeddable":true,"href":"https:\/\/testwebsite.citygame.com\/lt\/wp-json\/wp\/v2\/product_brand?post=62996"},{"taxonomy":"product_cat","embeddable":true,"href":"https:\/\/testwebsite.citygame.com\/lt\/wp-json\/wp\/v2\/product_cat?post=62996"},{"taxonomy":"product_tag","embeddable":true,"href":"https:\/\/testwebsite.citygame.com\/lt\/wp-json\/wp\/v2\/product_tag?post=62996"}],"curies":[{"name":"wp","href":"https:\/\/api.w.org\/{rel}","templated":true}]}}