{"id":62737,"date":"2026-01-28T15:52:32","date_gmt":"2026-01-28T15:52:32","guid":{"rendered":"https:\/\/testwebsite.citygame.com\/games\/unknown-location\/secrets-of-marseille\/"},"modified":"2026-04-08T10:15:26","modified_gmt":"2026-04-08T10:15:26","slug":"secrets-of-marseille","status":"publish","type":"product","link":"https:\/\/testwebsite.citygame.com\/lt\/games\/marseille\/secrets-of-marseille\/","title":{"rendered":"Secrets of Marseille"},"content":{"rendered":"<p>&#8216;City Game Marseille&#8217; yra savaranki\u0161kas, GPS pagrindu veikiantis \u017eaidimas, vykstantis istoriniame Marselio centre. Naudodami savo i\u0161man\u0173j\u012f telefon\u0105, \u017eaid\u0117jai tyrin\u0117ja miest\u0105, spr\u0119sdami galvos\u016bkius, m\u012fsles ir nuotrauk\u0173 i\u0161\u0161\u016bkius, kurie atskleid\u017eia turting\u0105 Marselio istorij\u0105, kult\u016br\u0105 ir ma\u017eiau \u017einomas detales. \u0160is tyrin\u0117jimo \u017eaidimas si\u016blo lankst\u0173 ir \u012ftraukiant\u012f b\u016bd\u0105 atrasti miesto charakter\u012f, tod\u0117l puikiai tinka tiek lankytojams, tiek vietiniams gyventojams. Nesvarbu, ar \u017eaid\u017eiama vienam, porai, su \u0161eima ar draug\u0173 grupe, savaranki\u0161kas miesto \u017eaidimas suteikia linksm\u0105 ir \u012f\u017evalgi\u0105 miesto patirt\u012f. &#8216;City Game Marseille&#8217; yra sukurtas kiekvienam, norin\u010diam susipa\u017einti su miestu savo tempu.<\/p>\n","protected":false},"excerpt":{"rendered":"<p>Atraskite Marselio mistik\u0105 ir didyb\u0119! Leiskit\u0117s \u012f jaudinant\u012f nuotyk\u012f po seniausi\u0105 Pranc\u016bzijos miest\u0105, kur kiekvienas kampelis slepia senovini\u0173 visuomeni\u0173 ir \u012fvairi\u0173 kult\u016br\u0173 pasakojimus. Atkapstykite paslaptis, pasl\u0117ptas saul\u0117s nutviekstuose papl\u016bdimiuose, gyvybinguose turguose ir keistose, siaurose Marselio gatvel\u0117se \u2013 mieste, kupiname jaudulio ir perpildytame istorij\u0173.<\/p>\n","protected":false},"featured_media":5731,"template":"","meta":{"_acf_changed":false,"_yoast_wpseo_focuskw":"Secrets of Marseille","_yoast_wpseo_metadesc":"Secrets of Marseille. \u017daiskite savaranki\u0161k\u0105 'City Game' ir tyrin\u0117kite miest\u0105 per galvos\u016bkius, m\u012fsles ir i\u0161\u0161\u016bkius. \u017daiskite savo tempu ir atraskite kaip vietinis!","_kad_blocks_custom_css":"","_kad_blocks_head_custom_js":"","_kad_blocks_body_custom_js":"","_kad_blocks_footer_custom_js":"","ghostkit_customizer_options":"","ghostkit_custom_css":"","ghostkit_custom_js_head":"","ghostkit_custom_js_foot":"","ghostkit_typography":"","_kad_post_transparent":"","_kad_post_title":"","_kad_post_layout":"","_kad_post_sidebar_id":"","_kad_post_content_style":"","_kad_post_vertical_padding":"","_kad_post_feature":"","_kad_post_feature_position":"","_kad_post_header":false,"_kad_post_footer":false,"_kad_post_classname":"","_links_to":"","_links_to_target":""},"game-concept":[722],"location":[271],"product_brand":[],"product_cat":[27],"product_tag":[],"class_list":{"0":"post-62737","1":"product","2":"type-product","3":"status-publish","4":"has-post-thumbnail","6":"game-concept-secrets","7":"location-marseille","8":"product_cat-geen-categorie","10":"first","11":"instock","12":"shipping-taxable","13":"purchasable","14":"product-type-simple","15":"entry","16":"content-bg","17":"loop-entry"},"acf":{"full_bokun_product_name":"Self-Guided Secrets of Marseille Exploration Game","location_name":"Marseille","bokun_calendar_widget_code":"<script type=\"text\/javascript\" src=\"https:\/\/widgets.bokun.io\/assets\/javascripts\/apps\/build\/BokunWidgetsLoader.js?bookingChannelUUID=a1e93e96-5232-4734-a595-28405f4b5a31\" async><\/script>\n     \n    <div class=\"bokunWidget\" data-src=\"https:\/\/widgets.bokun.io\/online-sales\/a1e93e96-5232-4734-a595-28405f4b5a31\/experience-calendar\/863093\"><\/div>\n    <noscript>Please enable javascript in your browser to book<\/noscript>","bokun_button_widget_code":"<script type=\"text\/javascript\" src=\"https:\/\/widgets.bokun.io\/assets\/javascripts\/apps\/build\/BokunWidgetsLoader.js?bookingChannelUUID=a1e93e96-5232-4734-a595-28405f4b5a31\" async><\/script>\n      <style> #bokun_ed001e45_5927_4f62_b470_ca766338d083 { display: inline-block; padding: .4em 1em; background: #47b82e; border-radius: 999999px; box-shadow: none; font-weight: 600; font-size: 24px; text-decoration: none; text-align: center; color: #FFFFFF; border:none; cursor: pointer; transition: background .2s ease; } #bokun_ed001e45_5927_4f62_b470_ca766338d083:hover{ background: #2f7b1f; } #bokun_ed001e45_5927_4f62_b470_ca766338d083:active{ background: #378f24; } <\/style> <button class=\"bokunButton\" disabled id=bokun_ed001e45_5927_4f62_b470_ca766338d083 data-src=\"https:\/\/widgets.bokun.io\/online-sales\/a1e93e96-5232-4734-a595-28405f4b5a31\/experience-calendar\/863093?partialView=1\" data-testid=\"widget-book-button\" > Book now <\/button> ","what_you\u2019ll_experience_during_the_game":"'Secrets of Marseille' miesto \u017eaidimas sujungia miesto tyrin\u0117jim\u0105 su \u012ftraukian\u010dia siu\u017eetine linija ir interaktyviais i\u0161\u0161\u016bkiais, vedan\u010diais jus tiek per atpa\u017e\u012fstamus orientyrus, tiek per pasl\u0117ptus miesto kampelius. Atskleid\u017eiant u\u017euominas ir sekant pasakojim\u0105, susidursite su tokiomis vietomis kaip gyvybingas Old Port, istorinis Fort Saint-Jean ir ikoni\u0161ka Notre-Dame de la Garde, \u017evelgianti \u012f miest\u0105. Pakeliui taip pat atrasite ramesnes vietas, kur Marselio charakteris atsiskleid\u017eia netik\u0117tais b\u016bdais. Patirtis apjungia turting\u0105 kult\u016bros paveld\u0105 su smalsumo ir apm\u0105stym\u0173 momentais, sukuriant prasming\u0105 ry\u0161\u012f su miestu.\n\nViso 'City Game' metu spr\u0119site k\u016brybinius galvos\u016bkius, \u012fveiksite m\u012fsles ir atliksite smagius nuotrauk\u0173 i\u0161\u0161\u016bkius, kurie atgaivins istorij\u0105. Kiekviena u\u017eduotis padeda jums pelnyti ta\u0161k\u0173, atrakinti nauding\u0173 u\u017euomin\u0173 ir priart\u0117ti prie galutin\u0117s paslapties, esan\u010dios Marselio paslap\u010di\u0173 \u0161irdyje, atskleidimo. Galite bet kada sustabdyti \u017eaidim\u0105 ir t\u0119sti savo tempu, suteikdami lankstumo tyrin\u0117jant. Tiems, kas turi konkurencin\u0119 dvasi\u0105, taip pat yra galimyb\u0117 pakilti \u012f lyderi\u0173 lentel\u0119 \u017eaid\u017eiant komandomis arba bandant vir\u0161yti ankstesnius rezultatus.","how_to_play":"U\u017esisakykite tyrin\u0117jimo \u017eaidim\u0105, patikrinkite m\u016bs\u0173 atsi\u0173st\u0105 el. lai\u0161k\u0105 su paprastomis instrukcijomis, atsisi\u0173skite 'Loquiz' program\u0117l\u0119, prisijunkite prie tyrin\u0117jimo \u017eaidimo ir b\u016bsite pasiruo\u0161\u0119 prad\u0117ti savo \u017eaidimo patirt\u012f!","start_location":"Marseille, Vieux-Port","available_languages":["en"],"players_per_group":"1-4","duration":"1.5-2 hours","image_overlay_color_image":"https:\/\/testwebsite.citygame.com\/wp-content\/blogs.dir\/1\/files\/sites\/62\/2026\/01\/SecretsColor.svg","image_overlay_game_logo":"https:\/\/testwebsite.citygame.com\/wp-content\/blogs.dir\/1\/files\/sites\/62\/2026\/01\/SecretsLogo.png","city_page":5729,"woocommerce_general_content":null},"yoast_head":"<!-- This site is optimized with the Yoast SEO Premium plugin v26.2 (Yoast SEO v26.3) - https:\/\/yoast.com\/wordpress\/plugins\/seo\/ -->\n<title>Secrets of Marseille - City Game<\/title>\n<meta name=\"description\" content=\"Secrets of Marseille. \u017daiskite savaranki\u0161k\u0105 &#039;City Game&#039; ir tyrin\u0117kite miest\u0105 per galvos\u016bkius, m\u012fsles ir i\u0161\u0161\u016bkius. \u017daiskite savo tempu ir atraskite kaip vietinis!\" \/>\n<meta name=\"robots\" content=\"noindex, follow, max-snippet:-1, max-image-preview:large, max-video-preview:-1\" \/>\n<meta property=\"og:locale\" content=\"lt_LT\" \/>\n<meta property=\"og:type\" content=\"article\" \/>\n<meta property=\"og:title\" content=\"Secrets of Marseille\" \/>\n<meta property=\"og:description\" content=\"Secrets of Marseille. \u017daiskite savaranki\u0161k\u0105 &#039;City Game&#039; ir tyrin\u0117kite miest\u0105 per galvos\u016bkius, m\u012fsles ir i\u0161\u0161\u016bkius. \u017daiskite savo tempu ir atraskite kaip vietinis!\" \/>\n<meta property=\"og:url\" content=\"https:\/\/testwebsite.citygame.com\/lt\/games\/marseille\/secrets-of-marseille\/\" \/>\n<meta property=\"og:site_name\" content=\"City Game\" \/>\n<meta property=\"article:publisher\" content=\"https:\/\/www.facebook.com\/profile.php?id=100086426226253\" \/>\n<meta property=\"article:modified_time\" content=\"2026-04-08T10:15:26+00:00\" \/>\n<meta property=\"og:image\" content=\"https:\/\/testwebsite.citygame.com\/wp-content\/blogs.dir\/1\/files\/sites\/62\/2026\/01\/marseille-player-city-game-place-de-lenche-henri-tassy.jpg\" \/>\n\t<meta property=\"og:image:width\" content=\"1024\" \/>\n\t<meta property=\"og:image:height\" content=\"1024\" \/>\n\t<meta property=\"og:image:type\" content=\"image\/jpeg\" \/>\n<meta name=\"twitter:card\" content=\"summary_large_image\" \/>\n<meta name=\"twitter:label1\" content=\"Est. reading time\" \/>\n\t<meta name=\"twitter:data1\" content=\"1 minut\u0117\" \/>\n<script type=\"application\/ld+json\" class=\"yoast-schema-graph\">{\"@context\":\"https:\/\/schema.org\",\"@graph\":[{\"@type\":\"WebPage\",\"@id\":\"https:\/\/testwebsite.citygame.com\/lt\/games\/marseille\/secrets-of-marseille\/\",\"url\":\"https:\/\/testwebsite.citygame.com\/lt\/games\/marseille\/secrets-of-marseille\/\",\"name\":\"Secrets of Marseille - City Game\",\"isPartOf\":{\"@id\":\"https:\/\/testwebsite.upevents.nl\/#website\"},\"primaryImageOfPage\":{\"@id\":\"https:\/\/testwebsite.citygame.com\/lt\/games\/marseille\/secrets-of-marseille\/#primaryimage\"},\"image\":{\"@id\":\"https:\/\/testwebsite.citygame.com\/lt\/games\/marseille\/secrets-of-marseille\/#primaryimage\"},\"thumbnailUrl\":\"https:\/\/testwebsite.citygame.com\/wp-content\/blogs.dir\/1\/files\/sites\/62\/2026\/01\/marseille-player-city-game-place-de-lenche-henri-tassy.jpg\",\"datePublished\":\"2026-01-28T15:52:32+00:00\",\"dateModified\":\"2026-04-08T10:15:26+00:00\",\"description\":\"Secrets of Marseille. \u017daiskite savaranki\u0161k\u0105 'City Game' ir tyrin\u0117kite miest\u0105 per galvos\u016bkius, m\u012fsles ir i\u0161\u0161\u016bkius. \u017daiskite savo tempu ir atraskite kaip vietinis!\",\"breadcrumb\":{\"@id\":\"https:\/\/testwebsite.citygame.com\/lt\/games\/marseille\/secrets-of-marseille\/#breadcrumb\"},\"inLanguage\":\"lt-LT\",\"potentialAction\":[{\"@type\":\"ReadAction\",\"target\":[\"https:\/\/testwebsite.citygame.com\/lt\/games\/marseille\/secrets-of-marseille\/\"]}]},{\"@type\":\"ImageObject\",\"inLanguage\":\"lt-LT\",\"@id\":\"https:\/\/testwebsite.citygame.com\/lt\/games\/marseille\/secrets-of-marseille\/#primaryimage\",\"url\":\"https:\/\/testwebsite.citygame.com\/wp-content\/blogs.dir\/1\/files\/sites\/62\/2026\/01\/marseille-player-city-game-place-de-lenche-henri-tassy.jpg\",\"contentUrl\":\"https:\/\/testwebsite.citygame.com\/wp-content\/blogs.dir\/1\/files\/sites\/62\/2026\/01\/marseille-player-city-game-place-de-lenche-henri-tassy.jpg\",\"width\":1024,\"height\":1024,\"caption\":\"A traveler explores Marseille using a city game app near the monument to Henri Tassy.\"},{\"@type\":\"BreadcrumbList\",\"@id\":\"https:\/\/testwebsite.citygame.com\/lt\/games\/marseille\/secrets-of-marseille\/#breadcrumb\",\"itemListElement\":[{\"@type\":\"ListItem\",\"position\":1,\"name\":\"Home\",\"item\":\"https:\/\/testwebsite.citygame.com\/lt\/\"},{\"@type\":\"ListItem\",\"position\":2,\"name\":\"Shop\",\"item\":\"https:\/\/testwebsite.citygame.com\/shop\/\"},{\"@type\":\"ListItem\",\"position\":3,\"name\":\"Secrets of Marseille\"}]},{\"@type\":\"WebSite\",\"@id\":\"https:\/\/testwebsite.upevents.nl\/#website\",\"url\":\"https:\/\/testwebsite.upevents.nl\/\",\"name\":\"City Game\",\"description\":\"\",\"publisher\":{\"@id\":\"https:\/\/testwebsite.upevents.nl\/#organization\"},\"alternateName\":\"citygame.com\",\"potentialAction\":[{\"@type\":\"SearchAction\",\"target\":{\"@type\":\"EntryPoint\",\"urlTemplate\":\"https:\/\/testwebsite.upevents.nl\/?s={search_term_string}\"},\"query-input\":{\"@type\":\"PropertyValueSpecification\",\"valueRequired\":true,\"valueName\":\"search_term_string\"}}],\"inLanguage\":\"lt-LT\"},{\"@type\":[\"Organization\",\"Place\"],\"@id\":\"https:\/\/testwebsite.upevents.nl\/#organization\",\"name\":\"City Game\",\"alternateName\":\"citygame.com\",\"url\":\"https:\/\/testwebsite.upevents.nl\/\",\"logo\":{\"@id\":\"https:\/\/testwebsite.citygame.com\/lt\/games\/marseille\/secrets-of-marseille\/#local-main-organization-logo\"},\"image\":{\"@id\":\"https:\/\/testwebsite.citygame.com\/lt\/games\/marseille\/secrets-of-marseille\/#local-main-organization-logo\"},\"sameAs\":[\"https:\/\/www.facebook.com\/profile.php?id=100086426226253\",\"https:\/\/www.instagram.com\/citygame_com\",\"https:\/\/www.tiktok.com\/@citygamecom\/\",\"https:\/\/www.linkedin.com\/company\/citygame-com\"],\"description\":\"Turn any city into a playground with our interactive City Games and self-guided tours. Fun, flexible, and ideal for groups and team building.\",\"telephone\":[],\"openingHoursSpecification\":[{\"@type\":\"OpeningHoursSpecification\",\"dayOfWeek\":[\"Monday\",\"Tuesday\",\"Wednesday\",\"Thursday\",\"Friday\",\"Saturday\",\"Sunday\"],\"opens\":\"09:00\",\"closes\":\"17:00\"}]},{\"@type\":\"ImageObject\",\"inLanguage\":\"lt-LT\",\"@id\":\"https:\/\/testwebsite.citygame.com\/lt\/games\/marseille\/secrets-of-marseille\/#local-main-organization-logo\",\"url\":\"https:\/\/testwebsite.citygame.com\/wp-content\/blogs.dir\/1\/files\/sites\/62\/2025\/10\/CG_LOGO-City-Game.png\",\"contentUrl\":\"https:\/\/testwebsite.citygame.com\/wp-content\/blogs.dir\/1\/files\/sites\/62\/2025\/10\/CG_LOGO-City-Game.png\",\"width\":351,\"height\":377,\"caption\":\"City Game\"}]}<\/script>\n<!-- \/ Yoast SEO Premium plugin. -->","yoast_head_json":{"title":"Secrets of Marseille - City Game","description":"Secrets of Marseille. \u017daiskite savaranki\u0161k\u0105 'City Game' ir tyrin\u0117kite miest\u0105 per galvos\u016bkius, m\u012fsles ir i\u0161\u0161\u016bkius. \u017daiskite savo tempu ir atraskite kaip vietinis!","robots":{"index":"noindex","follow":"follow","max-snippet":"max-snippet:-1","max-image-preview":"max-image-preview:large","max-video-preview":"max-video-preview:-1"},"og_locale":"lt_LT","og_type":"article","og_title":"Secrets of Marseille","og_description":"Secrets of Marseille. \u017daiskite savaranki\u0161k\u0105 'City Game' ir tyrin\u0117kite miest\u0105 per galvos\u016bkius, m\u012fsles ir i\u0161\u0161\u016bkius. \u017daiskite savo tempu ir atraskite kaip vietinis!","og_url":"https:\/\/testwebsite.citygame.com\/lt\/games\/marseille\/secrets-of-marseille\/","og_site_name":"City Game","article_publisher":"https:\/\/www.facebook.com\/profile.php?id=100086426226253","article_modified_time":"2026-04-08T10:15:26+00:00","og_image":[{"width":1024,"height":1024,"url":"https:\/\/testwebsite.citygame.com\/wp-content\/blogs.dir\/1\/files\/sites\/62\/2026\/01\/marseille-player-city-game-place-de-lenche-henri-tassy.jpg","type":"image\/jpeg"}],"twitter_card":"summary_large_image","twitter_misc":{"Est. reading time":"1 minut\u0117"},"schema":{"@context":"https:\/\/schema.org","@graph":[{"@type":"WebPage","@id":"https:\/\/testwebsite.citygame.com\/lt\/games\/marseille\/secrets-of-marseille\/","url":"https:\/\/testwebsite.citygame.com\/lt\/games\/marseille\/secrets-of-marseille\/","name":"Secrets of Marseille - City Game","isPartOf":{"@id":"https:\/\/testwebsite.upevents.nl\/#website"},"primaryImageOfPage":{"@id":"https:\/\/testwebsite.citygame.com\/lt\/games\/marseille\/secrets-of-marseille\/#primaryimage"},"image":{"@id":"https:\/\/testwebsite.citygame.com\/lt\/games\/marseille\/secrets-of-marseille\/#primaryimage"},"thumbnailUrl":"https:\/\/testwebsite.citygame.com\/wp-content\/blogs.dir\/1\/files\/sites\/62\/2026\/01\/marseille-player-city-game-place-de-lenche-henri-tassy.jpg","datePublished":"2026-01-28T15:52:32+00:00","dateModified":"2026-04-08T10:15:26+00:00","description":"Secrets of Marseille. \u017daiskite savaranki\u0161k\u0105 'City Game' ir tyrin\u0117kite miest\u0105 per galvos\u016bkius, m\u012fsles ir i\u0161\u0161\u016bkius. \u017daiskite savo tempu ir atraskite kaip vietinis!","breadcrumb":{"@id":"https:\/\/testwebsite.citygame.com\/lt\/games\/marseille\/secrets-of-marseille\/#breadcrumb"},"inLanguage":"lt-LT","potentialAction":[{"@type":"ReadAction","target":["https:\/\/testwebsite.citygame.com\/lt\/games\/marseille\/secrets-of-marseille\/"]}]},{"@type":"ImageObject","inLanguage":"lt-LT","@id":"https:\/\/testwebsite.citygame.com\/lt\/games\/marseille\/secrets-of-marseille\/#primaryimage","url":"https:\/\/testwebsite.citygame.com\/wp-content\/blogs.dir\/1\/files\/sites\/62\/2026\/01\/marseille-player-city-game-place-de-lenche-henri-tassy.jpg","contentUrl":"https:\/\/testwebsite.citygame.com\/wp-content\/blogs.dir\/1\/files\/sites\/62\/2026\/01\/marseille-player-city-game-place-de-lenche-henri-tassy.jpg","width":1024,"height":1024,"caption":"A traveler explores Marseille using a city game app near the monument to Henri Tassy."},{"@type":"BreadcrumbList","@id":"https:\/\/testwebsite.citygame.com\/lt\/games\/marseille\/secrets-of-marseille\/#breadcrumb","itemListElement":[{"@type":"ListItem","position":1,"name":"Home","item":"https:\/\/testwebsite.citygame.com\/lt\/"},{"@type":"ListItem","position":2,"name":"Shop","item":"https:\/\/testwebsite.citygame.com\/shop\/"},{"@type":"ListItem","position":3,"name":"Secrets of Marseille"}]},{"@type":"WebSite","@id":"https:\/\/testwebsite.upevents.nl\/#website","url":"https:\/\/testwebsite.upevents.nl\/","name":"City Game","description":"","publisher":{"@id":"https:\/\/testwebsite.upevents.nl\/#organization"},"alternateName":"citygame.com","potentialAction":[{"@type":"SearchAction","target":{"@type":"EntryPoint","urlTemplate":"https:\/\/testwebsite.upevents.nl\/?s={search_term_string}"},"query-input":{"@type":"PropertyValueSpecification","valueRequired":true,"valueName":"search_term_string"}}],"inLanguage":"lt-LT"},{"@type":["Organization","Place"],"@id":"https:\/\/testwebsite.upevents.nl\/#organization","name":"City Game","alternateName":"citygame.com","url":"https:\/\/testwebsite.upevents.nl\/","logo":{"@id":"https:\/\/testwebsite.citygame.com\/lt\/games\/marseille\/secrets-of-marseille\/#local-main-organization-logo"},"image":{"@id":"https:\/\/testwebsite.citygame.com\/lt\/games\/marseille\/secrets-of-marseille\/#local-main-organization-logo"},"sameAs":["https:\/\/www.facebook.com\/profile.php?id=100086426226253","https:\/\/www.instagram.com\/citygame_com","https:\/\/www.tiktok.com\/@citygamecom\/","https:\/\/www.linkedin.com\/company\/citygame-com"],"description":"Turn any city into a playground with our interactive City Games and self-guided tours. Fun, flexible, and ideal for groups and team building.","telephone":[],"openingHoursSpecification":[{"@type":"OpeningHoursSpecification","dayOfWeek":["Monday","Tuesday","Wednesday","Thursday","Friday","Saturday","Sunday"],"opens":"09:00","closes":"17:00"}]},{"@type":"ImageObject","inLanguage":"lt-LT","@id":"https:\/\/testwebsite.citygame.com\/lt\/games\/marseille\/secrets-of-marseille\/#local-main-organization-logo","url":"https:\/\/testwebsite.citygame.com\/wp-content\/blogs.dir\/1\/files\/sites\/62\/2025\/10\/CG_LOGO-City-Game.png","contentUrl":"https:\/\/testwebsite.citygame.com\/wp-content\/blogs.dir\/1\/files\/sites\/62\/2025\/10\/CG_LOGO-City-Game.png","width":351,"height":377,"caption":"City Game"}]}},"taxonomy_info":{"game-concept":[{"value":722,"label":"Secrets"}],"location":[{"value":271,"label":"Marseille"}],"product_cat":[{"value":27,"label":"Geen categorie"}]},"featured_image_src_large":["https:\/\/testwebsite.citygame.com\/wp-content\/blogs.dir\/1\/files\/sites\/62\/2026\/01\/marseille-player-city-game-place-de-lenche-henri-tassy.jpg",1024,1024,false],"author_info":[],"comment_info":"","_links":{"self":[{"href":"https:\/\/testwebsite.citygame.com\/lt\/wp-json\/wp\/v2\/product\/62737","targetHints":{"allow":["GET"]}}],"collection":[{"href":"https:\/\/testwebsite.citygame.com\/lt\/wp-json\/wp\/v2\/product"}],"about":[{"href":"https:\/\/testwebsite.citygame.com\/lt\/wp-json\/wp\/v2\/types\/product"}],"acf:post":[{"embeddable":true,"href":"https:\/\/testwebsite.citygame.com\/lt\/wp-json\/wp\/v2\/pages\/5729"}],"wp:featuredmedia":[{"embeddable":true,"href":"https:\/\/testwebsite.citygame.com\/lt\/wp-json\/wp\/v2\/media\/5731"}],"wp:attachment":[{"href":"https:\/\/testwebsite.citygame.com\/lt\/wp-json\/wp\/v2\/media?parent=62737"}],"wp:term":[{"taxonomy":"game-concept","embeddable":true,"href":"https:\/\/testwebsite.citygame.com\/lt\/wp-json\/wp\/v2\/game-concept?post=62737"},{"taxonomy":"location","embeddable":true,"href":"https:\/\/testwebsite.citygame.com\/lt\/wp-json\/wp\/v2\/location?post=62737"},{"taxonomy":"product_brand","embeddable":true,"href":"https:\/\/testwebsite.citygame.com\/lt\/wp-json\/wp\/v2\/product_brand?post=62737"},{"taxonomy":"product_cat","embeddable":true,"href":"https:\/\/testwebsite.citygame.com\/lt\/wp-json\/wp\/v2\/product_cat?post=62737"},{"taxonomy":"product_tag","embeddable":true,"href":"https:\/\/testwebsite.citygame.com\/lt\/wp-json\/wp\/v2\/product_tag?post=62737"}],"curies":[{"name":"wp","href":"https:\/\/api.w.org\/{rel}","templated":true}]}}