{"id":62720,"date":"2026-02-20T12:30:25","date_gmt":"2026-02-20T12:30:25","guid":{"rendered":"https:\/\/testwebsite.citygame.com\/games\/unknown-location\/the-san-diego-syndicate\/"},"modified":"2026-04-08T10:13:37","modified_gmt":"2026-04-08T10:13:37","slug":"the-san-diego-syndicate","status":"publish","type":"product","link":"https:\/\/testwebsite.citygame.com\/lt\/games\/san-diego\/the-san-diego-syndicate\/","title":{"rendered":"The San Diego Syndicate"},"content":{"rendered":"<p>Leiskit\u0117s \u012f jaudinan\u010dius nuotykius su m\u016bs\u0173 savaranki\u0161ku \u201eCity Escape Game\u201c \u017eaidimu San Diego miesto centre. \u0160iame \u012ftraukian\u010diame miesto \u017eaidime j\u016bs ir j\u016bs\u0173 komanda suvienysite j\u0117gas, kad surastum\u0117te sunkiai pagaunam\u0105 Magnus\u0105 ir atgautum\u0117te \u0161e\u0161ias pavogtas formules, panaudodami savo k\u016brybi\u0161kus problem\u0173 sprendimo \u012fg\u016bd\u017eius, kad \u012fveiktum\u0117te galvos\u016bkius ir i\u0161\u0161\u016bkius, kurie yra \u017eaidimo esm\u0117. Didel\u012f d\u0117mes\u012f skiriant komandiniam darbui, \u012ftraukian\u010dioms istorijoms ir sistemingam misijos progresui, \u201eCity Game\u201c San Diege si\u016blo patraukl\u0173 ir unikal\u0173 b\u016bd\u0105 patirti miest\u0105, visi\u0161kai neskiriant d\u0117mesio istorijai ar lankytinoms vietoms.<\/p>\n","protected":false},"excerpt":{"rendered":"<p>Leiskit\u0117s \u012f nuotyki\u0173 kupin\u0105 kelion\u0119 su savaranki\u0161ku \u201eCity Escape Game\u201c \u017eaidimu, vykstan\u010diu San Diege. Dirbdami komandoje, \u012ftraukian\u010di\u0173 istorij\u0173 ir progresyvi\u0173 misij\u0173 metu, kartu su komanda spr\u0119site galvos\u016bkius, i\u0161samias u\u017eduotis ir sud\u0117tingus i\u0161\u0161\u016bkius, kad atskleistum\u0117te pasl\u0117pt\u0105 ties\u0105 \u2013 laikas yra esminis!<\/p>\n","protected":false},"featured_media":15314,"template":"","meta":{"_acf_changed":false,"_yoast_wpseo_focuskw":"The San Diego Syndicate","_yoast_wpseo_metadesc":"The San Diego Syndicate. \u017daiskite savaranki\u0161k\u0105 \u201eCity Escape Game\u201c \u017eaidim\u0105, spr\u0119skite galvos\u016bkius, atlikite misijas ir atgaukite pavogtas formules savo tempu!","_kad_blocks_custom_css":"","_kad_blocks_head_custom_js":"","_kad_blocks_body_custom_js":"","_kad_blocks_footer_custom_js":"","ghostkit_customizer_options":"","ghostkit_custom_css":"","ghostkit_custom_js_head":"","ghostkit_custom_js_foot":"","ghostkit_typography":"","_kad_post_transparent":"","_kad_post_title":"","_kad_post_layout":"","_kad_post_sidebar_id":"","_kad_post_content_style":"","_kad_post_vertical_padding":"","_kad_post_feature":"","_kad_post_feature_position":"","_kad_post_header":false,"_kad_post_footer":false,"_kad_post_classname":"","_links_to":"","_links_to_target":""},"game-concept":[752],"location":[354],"product_brand":[],"product_cat":[27],"product_tag":[],"class_list":{"0":"post-62720","1":"product","2":"type-product","3":"status-publish","4":"has-post-thumbnail","6":"game-concept-syndicate","7":"location-san-diego","8":"product_cat-geen-categorie","10":"first","11":"instock","12":"shipping-taxable","13":"purchasable","14":"product-type-simple","15":"entry","16":"content-bg","17":"loop-entry"},"acf":{"full_bokun_product_name":"Self-Guided The Old Town San Diego Syndicate City Escape Game","location_name":"San Diego","bokun_calendar_widget_code":"<script type=\"text\/javascript\" src=\"https:\/\/widgets.bokun.io\/assets\/javascripts\/apps\/build\/BokunWidgetsLoader.js?bookingChannelUUID=a1e93e96-5232-4734-a595-28405f4b5a31\" async><\/script>\n     \n    <div class=\"bokunWidget\" data-src=\"https:\/\/widgets.bokun.io\/online-sales\/a1e93e96-5232-4734-a595-28405f4b5a31\/experience-calendar\/924220\"><\/div>\n    <noscript>Please enable javascript in your browser to book<\/noscript>","bokun_button_widget_code":"<script type=\"text\/javascript\" src=\"https:\/\/widgets.bokun.io\/assets\/javascripts\/apps\/build\/BokunWidgetsLoader.js?bookingChannelUUID=a1e93e96-5232-4734-a595-28405f4b5a31\" async><\/script>\n      <style> #bokun_ed001e45_5927_4f62_b470_ca766338d083 { display: inline-block; padding: .4em 1em; background: #47b82e; border-radius: 999999px; box-shadow: none; font-weight: 600; font-size: 24px; text-decoration: none; text-align: center; color: #FFFFFF; border:none; cursor: pointer; transition: background .2s ease; } #bokun_ed001e45_5927_4f62_b470_ca766338d083:hover{ background: #2f7b1f; } #bokun_ed001e45_5927_4f62_b470_ca766338d083:active{ background: #378f24; } <\/style> <button class=\"bokunButton\" disabled id=bokun_ed001e45_5927_4f62_b470_ca766338d083 data-src=\"https:\/\/widgets.bokun.io\/online-sales\/a1e93e96-5232-4734-a595-28405f4b5a31\/experience-calendar\/924220?partialView=1\" data-testid=\"widget-book-button\" > Book now <\/button> ","what_you\u2019ll_experience_during_the_game":"Pasinerkite \u012f dideli\u0173 statym\u0173 pab\u0117gimo misijos \u0161ird\u012f, kuri vyksta ry\u0161kiame San Diego fone su 'The San Diego Syndicate'. Keliaudami po miest\u0105 susidursite su besivystan\u010dia misija, reikalaujan\u010dia kruop\u0161\u010diai atsekti Magnus\u0105 ir atgauti \u0161e\u0161ias pavogtas formules, kurias jis turi. B\u016bkite pasireng\u0119 spr\u0119sti sud\u0117tingus galvos\u016bkius, i\u0161\u0161ifruoti kriptinius kodus ir atlikti i\u0161\u0161\u016bkius reikalaujan\u010dias u\u017eduotis, kurios reikalauja ry\u017etingo sprendim\u0173 pri\u0117mimo.\n\n\u0160i patirtis yra unikali, visi\u0161kai paremta istorija ir sutelkta \u012f komandin\u012f darb\u0105 bei bendravim\u0105. Keliaujant San Diego gatv\u0117mis, kiekvienas sprendimas yra svarbus \u2013 kiekvienas i\u0161 j\u0173 pakreipia svarstykles s\u0117km\u0117s ar nes\u0117km\u0117s link. Nepaisant intensyvios atmosferos, 'The San Diego Syndicate' gerbia j\u016bs\u0173 temp\u0105. \u017daid\u0117jai gali pristabdyti \u017eaidim\u0105 ir t\u0119sti jam patogiu metu, pasinerdami \u012f pab\u0117gimo misijos jaudul\u012f be laiko apribojim\u0173. Tikslas ai\u0161kus \u2013 pasiekti s\u0117km\u0119 bendradarbiaujant ir sumaniai, naudojant pat\u012f miest\u0105 kaip savo \u017eaidimo lent\u0105.","how_to_play":"U\u017esisakykite \u201eCity Game\u201c \u017eaidim\u0105, patikrinkite jums atsi\u0173st\u0105 el. lai\u0161k\u0105 su instrukcijomis, atsisi\u0173skite \u201eLoquiz\u201c program\u0117l\u0119 ir prad\u0117kite savo \u017eaidimo patirt\u012f!","start_location":"San Diego, Calhoun St","available_languages":["en"],"players_per_group":"1-4","duration":"1.5-2 hours","image_overlay_color_image":"https:\/\/testwebsite.citygame.com\/wp-content\/blogs.dir\/1\/files\/sites\/62\/2026\/01\/SyndicateColor.svg","image_overlay_game_logo":"https:\/\/testwebsite.citygame.com\/wp-content\/blogs.dir\/1\/files\/sites\/62\/2026\/01\/SyndicateLogo.png","city_page":15312,"woocommerce_general_content":null},"yoast_head":"<!-- This site is optimized with the Yoast SEO Premium plugin v26.2 (Yoast SEO v26.3) - https:\/\/yoast.com\/wordpress\/plugins\/seo\/ -->\n<title>The San Diego Syndicate - City Game<\/title>\n<meta name=\"description\" content=\"The San Diego Syndicate. \u017daiskite savaranki\u0161k\u0105 \u201eCity Escape Game\u201c \u017eaidim\u0105, spr\u0119skite galvos\u016bkius, atlikite misijas ir atgaukite pavogtas formules savo tempu!\" \/>\n<meta name=\"robots\" content=\"noindex, follow, max-snippet:-1, max-image-preview:large, max-video-preview:-1\" \/>\n<meta property=\"og:locale\" content=\"lt_LT\" \/>\n<meta property=\"og:type\" content=\"article\" \/>\n<meta property=\"og:title\" content=\"The San Diego Syndicate\" \/>\n<meta property=\"og:description\" content=\"The San Diego Syndicate. \u017daiskite savaranki\u0161k\u0105 \u201eCity Escape Game\u201c \u017eaidim\u0105, spr\u0119skite galvos\u016bkius, atlikite misijas ir atgaukite pavogtas formules savo tempu!\" \/>\n<meta property=\"og:url\" content=\"https:\/\/testwebsite.citygame.com\/lt\/games\/san-diego\/the-san-diego-syndicate\/\" \/>\n<meta property=\"og:site_name\" content=\"City Game\" \/>\n<meta property=\"article:publisher\" content=\"https:\/\/www.facebook.com\/profile.php?id=100086426226253\" \/>\n<meta property=\"article:modified_time\" content=\"2026-04-08T10:13:37+00:00\" \/>\n<meta property=\"og:image\" content=\"https:\/\/testwebsite.citygame.com\/wp-content\/blogs.dir\/1\/files\/sites\/62\/2026\/02\/woman-playing-city-game-old-town-san-diego.jpg\" \/>\n\t<meta property=\"og:image:width\" content=\"1024\" \/>\n\t<meta property=\"og:image:height\" content=\"1024\" \/>\n\t<meta property=\"og:image:type\" content=\"image\/jpeg\" \/>\n<meta name=\"twitter:card\" content=\"summary_large_image\" \/>\n<meta name=\"twitter:label1\" content=\"Est. reading time\" \/>\n\t<meta name=\"twitter:data1\" content=\"1 minut\u0117\" \/>\n<script type=\"application\/ld+json\" class=\"yoast-schema-graph\">{\"@context\":\"https:\/\/schema.org\",\"@graph\":[{\"@type\":\"WebPage\",\"@id\":\"https:\/\/testwebsite.citygame.com\/lt\/games\/san-diego\/the-san-diego-syndicate\/\",\"url\":\"https:\/\/testwebsite.citygame.com\/lt\/games\/san-diego\/the-san-diego-syndicate\/\",\"name\":\"The San Diego Syndicate - City Game\",\"isPartOf\":{\"@id\":\"https:\/\/testwebsite.upevents.nl\/#website\"},\"primaryImageOfPage\":{\"@id\":\"https:\/\/testwebsite.citygame.com\/lt\/games\/san-diego\/the-san-diego-syndicate\/#primaryimage\"},\"image\":{\"@id\":\"https:\/\/testwebsite.citygame.com\/lt\/games\/san-diego\/the-san-diego-syndicate\/#primaryimage\"},\"thumbnailUrl\":\"https:\/\/testwebsite.citygame.com\/wp-content\/blogs.dir\/1\/files\/sites\/62\/2026\/02\/woman-playing-city-game-old-town-san-diego.jpg\",\"datePublished\":\"2026-02-20T12:30:25+00:00\",\"dateModified\":\"2026-04-08T10:13:37+00:00\",\"description\":\"The San Diego Syndicate. \u017daiskite savaranki\u0161k\u0105 \u201eCity Escape Game\u201c \u017eaidim\u0105, spr\u0119skite galvos\u016bkius, atlikite misijas ir atgaukite pavogtas formules savo tempu!\",\"breadcrumb\":{\"@id\":\"https:\/\/testwebsite.citygame.com\/lt\/games\/san-diego\/the-san-diego-syndicate\/#breadcrumb\"},\"inLanguage\":\"lt-LT\",\"potentialAction\":[{\"@type\":\"ReadAction\",\"target\":[\"https:\/\/testwebsite.citygame.com\/lt\/games\/san-diego\/the-san-diego-syndicate\/\"]}]},{\"@type\":\"ImageObject\",\"inLanguage\":\"lt-LT\",\"@id\":\"https:\/\/testwebsite.citygame.com\/lt\/games\/san-diego\/the-san-diego-syndicate\/#primaryimage\",\"url\":\"https:\/\/testwebsite.citygame.com\/wp-content\/blogs.dir\/1\/files\/sites\/62\/2026\/02\/woman-playing-city-game-old-town-san-diego.jpg\",\"contentUrl\":\"https:\/\/testwebsite.citygame.com\/wp-content\/blogs.dir\/1\/files\/sites\/62\/2026\/02\/woman-playing-city-game-old-town-san-diego.jpg\",\"width\":1024,\"height\":1024,\"caption\":\"A person uses their smartphone to play an interactive city game in historic San Diego.\"},{\"@type\":\"BreadcrumbList\",\"@id\":\"https:\/\/testwebsite.citygame.com\/lt\/games\/san-diego\/the-san-diego-syndicate\/#breadcrumb\",\"itemListElement\":[{\"@type\":\"ListItem\",\"position\":1,\"name\":\"Home\",\"item\":\"https:\/\/testwebsite.citygame.com\/lt\/\"},{\"@type\":\"ListItem\",\"position\":2,\"name\":\"Shop\",\"item\":\"https:\/\/testwebsite.citygame.com\/shop\/\"},{\"@type\":\"ListItem\",\"position\":3,\"name\":\"The San Diego Syndicate\"}]},{\"@type\":\"WebSite\",\"@id\":\"https:\/\/testwebsite.upevents.nl\/#website\",\"url\":\"https:\/\/testwebsite.upevents.nl\/\",\"name\":\"City Game\",\"description\":\"\",\"publisher\":{\"@id\":\"https:\/\/testwebsite.upevents.nl\/#organization\"},\"alternateName\":\"citygame.com\",\"potentialAction\":[{\"@type\":\"SearchAction\",\"target\":{\"@type\":\"EntryPoint\",\"urlTemplate\":\"https:\/\/testwebsite.upevents.nl\/?s={search_term_string}\"},\"query-input\":{\"@type\":\"PropertyValueSpecification\",\"valueRequired\":true,\"valueName\":\"search_term_string\"}}],\"inLanguage\":\"lt-LT\"},{\"@type\":[\"Organization\",\"Place\"],\"@id\":\"https:\/\/testwebsite.upevents.nl\/#organization\",\"name\":\"City Game\",\"alternateName\":\"citygame.com\",\"url\":\"https:\/\/testwebsite.upevents.nl\/\",\"logo\":{\"@id\":\"https:\/\/testwebsite.citygame.com\/lt\/games\/san-diego\/the-san-diego-syndicate\/#local-main-organization-logo\"},\"image\":{\"@id\":\"https:\/\/testwebsite.citygame.com\/lt\/games\/san-diego\/the-san-diego-syndicate\/#local-main-organization-logo\"},\"sameAs\":[\"https:\/\/www.facebook.com\/profile.php?id=100086426226253\",\"https:\/\/www.instagram.com\/citygame_com\",\"https:\/\/www.tiktok.com\/@citygamecom\/\",\"https:\/\/www.linkedin.com\/company\/citygame-com\"],\"description\":\"Turn any city into a playground with our interactive City Games and self-guided tours. Fun, flexible, and ideal for groups and team building.\",\"telephone\":[],\"openingHoursSpecification\":[{\"@type\":\"OpeningHoursSpecification\",\"dayOfWeek\":[\"Monday\",\"Tuesday\",\"Wednesday\",\"Thursday\",\"Friday\",\"Saturday\",\"Sunday\"],\"opens\":\"09:00\",\"closes\":\"17:00\"}]},{\"@type\":\"ImageObject\",\"inLanguage\":\"lt-LT\",\"@id\":\"https:\/\/testwebsite.citygame.com\/lt\/games\/san-diego\/the-san-diego-syndicate\/#local-main-organization-logo\",\"url\":\"https:\/\/testwebsite.citygame.com\/wp-content\/blogs.dir\/1\/files\/sites\/62\/2025\/10\/CG_LOGO-City-Game.png\",\"contentUrl\":\"https:\/\/testwebsite.citygame.com\/wp-content\/blogs.dir\/1\/files\/sites\/62\/2025\/10\/CG_LOGO-City-Game.png\",\"width\":351,\"height\":377,\"caption\":\"City Game\"}]}<\/script>\n<!-- \/ Yoast SEO Premium plugin. -->","yoast_head_json":{"title":"The San Diego Syndicate - City Game","description":"The San Diego Syndicate. \u017daiskite savaranki\u0161k\u0105 \u201eCity Escape Game\u201c \u017eaidim\u0105, spr\u0119skite galvos\u016bkius, atlikite misijas ir atgaukite pavogtas formules savo tempu!","robots":{"index":"noindex","follow":"follow","max-snippet":"max-snippet:-1","max-image-preview":"max-image-preview:large","max-video-preview":"max-video-preview:-1"},"og_locale":"lt_LT","og_type":"article","og_title":"The San Diego Syndicate","og_description":"The San Diego Syndicate. \u017daiskite savaranki\u0161k\u0105 \u201eCity Escape Game\u201c \u017eaidim\u0105, spr\u0119skite galvos\u016bkius, atlikite misijas ir atgaukite pavogtas formules savo tempu!","og_url":"https:\/\/testwebsite.citygame.com\/lt\/games\/san-diego\/the-san-diego-syndicate\/","og_site_name":"City Game","article_publisher":"https:\/\/www.facebook.com\/profile.php?id=100086426226253","article_modified_time":"2026-04-08T10:13:37+00:00","og_image":[{"width":1024,"height":1024,"url":"https:\/\/testwebsite.citygame.com\/wp-content\/blogs.dir\/1\/files\/sites\/62\/2026\/02\/woman-playing-city-game-old-town-san-diego.jpg","type":"image\/jpeg"}],"twitter_card":"summary_large_image","twitter_misc":{"Est. reading time":"1 minut\u0117"},"schema":{"@context":"https:\/\/schema.org","@graph":[{"@type":"WebPage","@id":"https:\/\/testwebsite.citygame.com\/lt\/games\/san-diego\/the-san-diego-syndicate\/","url":"https:\/\/testwebsite.citygame.com\/lt\/games\/san-diego\/the-san-diego-syndicate\/","name":"The San Diego Syndicate - City Game","isPartOf":{"@id":"https:\/\/testwebsite.upevents.nl\/#website"},"primaryImageOfPage":{"@id":"https:\/\/testwebsite.citygame.com\/lt\/games\/san-diego\/the-san-diego-syndicate\/#primaryimage"},"image":{"@id":"https:\/\/testwebsite.citygame.com\/lt\/games\/san-diego\/the-san-diego-syndicate\/#primaryimage"},"thumbnailUrl":"https:\/\/testwebsite.citygame.com\/wp-content\/blogs.dir\/1\/files\/sites\/62\/2026\/02\/woman-playing-city-game-old-town-san-diego.jpg","datePublished":"2026-02-20T12:30:25+00:00","dateModified":"2026-04-08T10:13:37+00:00","description":"The San Diego Syndicate. \u017daiskite savaranki\u0161k\u0105 \u201eCity Escape Game\u201c \u017eaidim\u0105, spr\u0119skite galvos\u016bkius, atlikite misijas ir atgaukite pavogtas formules savo tempu!","breadcrumb":{"@id":"https:\/\/testwebsite.citygame.com\/lt\/games\/san-diego\/the-san-diego-syndicate\/#breadcrumb"},"inLanguage":"lt-LT","potentialAction":[{"@type":"ReadAction","target":["https:\/\/testwebsite.citygame.com\/lt\/games\/san-diego\/the-san-diego-syndicate\/"]}]},{"@type":"ImageObject","inLanguage":"lt-LT","@id":"https:\/\/testwebsite.citygame.com\/lt\/games\/san-diego\/the-san-diego-syndicate\/#primaryimage","url":"https:\/\/testwebsite.citygame.com\/wp-content\/blogs.dir\/1\/files\/sites\/62\/2026\/02\/woman-playing-city-game-old-town-san-diego.jpg","contentUrl":"https:\/\/testwebsite.citygame.com\/wp-content\/blogs.dir\/1\/files\/sites\/62\/2026\/02\/woman-playing-city-game-old-town-san-diego.jpg","width":1024,"height":1024,"caption":"A person uses their smartphone to play an interactive city game in historic San Diego."},{"@type":"BreadcrumbList","@id":"https:\/\/testwebsite.citygame.com\/lt\/games\/san-diego\/the-san-diego-syndicate\/#breadcrumb","itemListElement":[{"@type":"ListItem","position":1,"name":"Home","item":"https:\/\/testwebsite.citygame.com\/lt\/"},{"@type":"ListItem","position":2,"name":"Shop","item":"https:\/\/testwebsite.citygame.com\/shop\/"},{"@type":"ListItem","position":3,"name":"The San Diego Syndicate"}]},{"@type":"WebSite","@id":"https:\/\/testwebsite.upevents.nl\/#website","url":"https:\/\/testwebsite.upevents.nl\/","name":"City Game","description":"","publisher":{"@id":"https:\/\/testwebsite.upevents.nl\/#organization"},"alternateName":"citygame.com","potentialAction":[{"@type":"SearchAction","target":{"@type":"EntryPoint","urlTemplate":"https:\/\/testwebsite.upevents.nl\/?s={search_term_string}"},"query-input":{"@type":"PropertyValueSpecification","valueRequired":true,"valueName":"search_term_string"}}],"inLanguage":"lt-LT"},{"@type":["Organization","Place"],"@id":"https:\/\/testwebsite.upevents.nl\/#organization","name":"City Game","alternateName":"citygame.com","url":"https:\/\/testwebsite.upevents.nl\/","logo":{"@id":"https:\/\/testwebsite.citygame.com\/lt\/games\/san-diego\/the-san-diego-syndicate\/#local-main-organization-logo"},"image":{"@id":"https:\/\/testwebsite.citygame.com\/lt\/games\/san-diego\/the-san-diego-syndicate\/#local-main-organization-logo"},"sameAs":["https:\/\/www.facebook.com\/profile.php?id=100086426226253","https:\/\/www.instagram.com\/citygame_com","https:\/\/www.tiktok.com\/@citygamecom\/","https:\/\/www.linkedin.com\/company\/citygame-com"],"description":"Turn any city into a playground with our interactive City Games and self-guided tours. Fun, flexible, and ideal for groups and team building.","telephone":[],"openingHoursSpecification":[{"@type":"OpeningHoursSpecification","dayOfWeek":["Monday","Tuesday","Wednesday","Thursday","Friday","Saturday","Sunday"],"opens":"09:00","closes":"17:00"}]},{"@type":"ImageObject","inLanguage":"lt-LT","@id":"https:\/\/testwebsite.citygame.com\/lt\/games\/san-diego\/the-san-diego-syndicate\/#local-main-organization-logo","url":"https:\/\/testwebsite.citygame.com\/wp-content\/blogs.dir\/1\/files\/sites\/62\/2025\/10\/CG_LOGO-City-Game.png","contentUrl":"https:\/\/testwebsite.citygame.com\/wp-content\/blogs.dir\/1\/files\/sites\/62\/2025\/10\/CG_LOGO-City-Game.png","width":351,"height":377,"caption":"City Game"}]}},"taxonomy_info":{"game-concept":[{"value":752,"label":"Syndicate"}],"location":[{"value":354,"label":"San Diego"}],"product_cat":[{"value":27,"label":"Geen categorie"}]},"featured_image_src_large":["https:\/\/testwebsite.citygame.com\/wp-content\/blogs.dir\/1\/files\/sites\/62\/2026\/02\/woman-playing-city-game-old-town-san-diego.jpg",1024,1024,false],"author_info":[],"comment_info":"","_links":{"self":[{"href":"https:\/\/testwebsite.citygame.com\/lt\/wp-json\/wp\/v2\/product\/62720","targetHints":{"allow":["GET"]}}],"collection":[{"href":"https:\/\/testwebsite.citygame.com\/lt\/wp-json\/wp\/v2\/product"}],"about":[{"href":"https:\/\/testwebsite.citygame.com\/lt\/wp-json\/wp\/v2\/types\/product"}],"acf:post":[{"embeddable":true,"href":"https:\/\/testwebsite.citygame.com\/lt\/wp-json\/wp\/v2\/pages\/15312"}],"wp:featuredmedia":[{"embeddable":true,"href":"https:\/\/testwebsite.citygame.com\/lt\/wp-json\/wp\/v2\/media\/15314"}],"wp:attachment":[{"href":"https:\/\/testwebsite.citygame.com\/lt\/wp-json\/wp\/v2\/media?parent=62720"}],"wp:term":[{"taxonomy":"game-concept","embeddable":true,"href":"https:\/\/testwebsite.citygame.com\/lt\/wp-json\/wp\/v2\/game-concept?post=62720"},{"taxonomy":"location","embeddable":true,"href":"https:\/\/testwebsite.citygame.com\/lt\/wp-json\/wp\/v2\/location?post=62720"},{"taxonomy":"product_brand","embeddable":true,"href":"https:\/\/testwebsite.citygame.com\/lt\/wp-json\/wp\/v2\/product_brand?post=62720"},{"taxonomy":"product_cat","embeddable":true,"href":"https:\/\/testwebsite.citygame.com\/lt\/wp-json\/wp\/v2\/product_cat?post=62720"},{"taxonomy":"product_tag","embeddable":true,"href":"https:\/\/testwebsite.citygame.com\/lt\/wp-json\/wp\/v2\/product_tag?post=62720"}],"curies":[{"name":"wp","href":"https:\/\/api.w.org\/{rel}","templated":true}]}}