{"id":61757,"date":"2026-02-11T15:37:48","date_gmt":"2026-02-11T15:37:48","guid":{"rendered":"https:\/\/testwebsite.citygame.com\/games\/unknown-location\/sherlock-holmes-podgorica\/"},"modified":"2026-04-08T08:19:18","modified_gmt":"2026-04-08T08:19:18","slug":"sherlock-holmes-podgorica","status":"publish","type":"product","link":"https:\/\/testwebsite.citygame.com\/lt\/games\/podgorica\/sherlock-holmes-podgorica\/","title":{"rendered":"Sherlock Holmes Podgorica"},"content":{"rendered":"<p>\u017denkite \u012f \u0160erloko Holmso pasaul\u012f Podgoricos miesto centre, kur j\u016bs\u0173 laukia savaranki\u0161ka, \u012ftraukianti \u017emog\u017eudyst\u0117s paslapties istorija. Miestas tampa fone jaudinan\u010diam detektyviniam tyrimui, sekant \u012ftemptu pasakojimu apie nu\u017eudym\u0105, \u012fvykus\u012f per Laisv\u0117s festival\u012f. Jud\u0117dami savo tempu, rinksite \u012fkal\u010dius, spr\u0119site sud\u0117tingus galvos\u016bkius ir tardysite skaitmeninius \u012ftariamuosius \u012ftraukian\u010dioje patirtyje, kuri patikrins j\u016bs\u0173 detektyvo \u012fg\u016bd\u017eius.<\/p>\n","protected":false},"excerpt":{"rendered":"<p>\u012esik\u016bnykite \u012f pasaulinio garso detektyvo \u0160erloko Holmso vaidmen\u012f \u012ftraukian\u010dioje, savaranki\u0161koje \u017emog\u017eudyst\u0117s paslapties istorijoje, vykstan\u010dioje pa\u010dioje Podgoricos \u0161irdyje. Sekite sunkiai pasiekiamas u\u017euominas, \u012fminkite sud\u0117tingus galvos\u016bkius, bendradarbiaukite su komandos nariais ir lenktyniaukite su laiku, kad atskleistum\u0117te \u0161iurpi\u0105 ties\u0105 \u2013 i\u0161\u0161\u016bkis prasideda!<\/p>\n","protected":false},"featured_media":12654,"template":"","meta":{"_acf_changed":false,"_yoast_wpseo_focuskw":"Sherlock Holmes Podgorica","_yoast_wpseo_metadesc":"Sherlock Holmes Podgorica. \u017daiskite savaranki\u0161k\u0105 detektyvin\u012f miesto \u017eaidim\u0105, spr\u0119skite galvos\u016bkius, sekite u\u017euominas ir atskleiskite \u017eudik\u0105 savo tempu!","_kad_blocks_custom_css":"","_kad_blocks_head_custom_js":"","_kad_blocks_body_custom_js":"","_kad_blocks_footer_custom_js":"","ghostkit_customizer_options":"","ghostkit_custom_css":"","ghostkit_custom_js_head":"","ghostkit_custom_js_foot":"","ghostkit_typography":"","_kad_post_transparent":"","_kad_post_title":"","_kad_post_layout":"","_kad_post_sidebar_id":"","_kad_post_content_style":"","_kad_post_vertical_padding":"","_kad_post_feature":"","_kad_post_feature_position":"","_kad_post_header":false,"_kad_post_footer":false,"_kad_post_classname":"","_links_to":"","_links_to_target":""},"game-concept":[783],"location":[324],"product_brand":[],"product_cat":[27],"product_tag":[],"class_list":{"0":"post-61757","1":"product","2":"type-product","3":"status-publish","4":"has-post-thumbnail","6":"game-concept-sherlock","7":"location-podgorica","8":"product_cat-geen-categorie","10":"first","11":"instock","12":"shipping-taxable","13":"purchasable","14":"product-type-simple","15":"entry","16":"content-bg","17":"loop-entry"},"acf":{"full_bokun_product_name":"Podgorica Self-Guided Sherlock Holmes Murder Mystery Game","location_name":"Podgorica","bokun_calendar_widget_code":"<script type=\"text\/javascript\" src=\"https:\/\/widgets.bokun.io\/assets\/javascripts\/apps\/build\/BokunWidgetsLoader.js?bookingChannelUUID=a1e93e96-5232-4734-a595-28405f4b5a31\" async><\/script>\n     \n    <div class=\"bokunWidget\" data-src=\"https:\/\/widgets.bokun.io\/online-sales\/a1e93e96-5232-4734-a595-28405f4b5a31\/experience-calendar\/771927\"><\/div>\n    <noscript>Please enable javascript in your browser to book<\/noscript>","bokun_button_widget_code":"<script type=\"text\/javascript\" src=\"https:\/\/widgets.bokun.io\/assets\/javascripts\/apps\/build\/BokunWidgetsLoader.js?bookingChannelUUID=a1e93e96-5232-4734-a595-28405f4b5a31\" async><\/script>\n      <style> #bokun_ed001e45_5927_4f62_b470_ca766338d083 { display: inline-block; padding: .4em 1em; background: #47b82e; border-radius: 999999px; box-shadow: none; font-weight: 600; font-size: 24px; text-decoration: none; text-align: center; color: #FFFFFF; border:none; cursor: pointer; transition: background .2s ease; } #bokun_ed001e45_5927_4f62_b470_ca766338d083:hover{ background: #2f7b1f; } #bokun_ed001e45_5927_4f62_b470_ca766338d083:active{ background: #378f24; } <\/style> <button class=\"bokunButton\" disabled id=bokun_ed001e45_5927_4f62_b470_ca766338d083 data-src=\"https:\/\/widgets.bokun.io\/online-sales\/a1e93e96-5232-4734-a595-28405f4b5a31\/experience-calendar\/771927?partialView=1\" data-testid=\"widget-book-button\" > Book now <\/button> ","what_you\u2019ll_experience_during_the_game":"Pasinerkite \u012f jaudinan\u010di\u0105 detektyvin\u0119 istorij\u0105, vykstan\u010di\u0105 Podgoricoje. Kai nar\u0161ysite po miest\u0105, paslaptis atsiskleis aplink jus, nukreipdama j\u016bs\u0173 tyrim\u0105 per u\u017euomin\u0173 ir pasl\u0117pt\u0173 motyv\u0173 tinkl\u0105. Tyrin\u0117site \u012fkal\u010dius, spr\u0119site galvos\u016bkius ir susidursite su netik\u0117tais pos\u016bkiais, siekdami atskleisti, kas i\u0161 tikr\u0173j\u0173 nutiko per Laisv\u0117s festival\u012f. Skaitmeniniai \u012ftariamieji laukia j\u016bs\u0173 tardymo, o j\u016bs\u0173 geb\u0117jimas analizuoti j\u0173 alibi arba pasteb\u0117ti prie\u0161taravimus nulems, kaip arti tiesos prieisite.\n\nKiekvienas j\u016bs\u0173 sprendimas reikalauja atidaus steb\u0117jimo ir a\u0161trios dedukcijos. Patirtis yra visi\u0161kai valdoma istorijos, leid\u017eianti pasinerti \u012f byl\u0105 savo tempu. Galite sustoti, kai tik prireikia, ir t\u0119sti tyrim\u0105 v\u0117liau, neprarandant vietos pasakojime. Nesvarbu, ar sprend\u017eiate paslapt\u012f vieni, ar lyginate i\u0161vadas draugi\u0161koje konkurencijoje su kita komanda, kiekvienas \u017eingsnis priartina jus prie bylos, pasl\u0117ptos Podgoricos \u0161irdyje, i\u0161ai\u0161kinimo.","how_to_play":"Dirbkite vienas arba su draugais, \u0161eima ar kolegomis komandose, iki keturi\u0173 asmen\u0173 vienam \u012frenginiui. U\u017esisak\u0119 gausite el. lai\u0161k\u0105 su instrukcijomis ir visa reikalinga informacija.","start_location":"Podgorica, Museum and Gallery","available_languages":["en","es","fr","de","it","nl"],"players_per_group":"1-4","duration":"1.5-2 hours","image_overlay_color_image":"https:\/\/testwebsite.citygame.com\/wp-content\/blogs.dir\/1\/files\/sites\/62\/2026\/01\/SherlockColor.svg","image_overlay_game_logo":"https:\/\/testwebsite.citygame.com\/wp-content\/blogs.dir\/1\/files\/sites\/62\/2026\/01\/SherlockLogo.png","city_page":12652,"woocommerce_general_content":null},"yoast_head":"<!-- This site is optimized with the Yoast SEO Premium plugin v26.2 (Yoast SEO v26.3) - https:\/\/yoast.com\/wordpress\/plugins\/seo\/ -->\n<title>Sherlock Holmes Podgorica - City Game<\/title>\n<meta name=\"description\" content=\"Sherlock Holmes Podgorica. \u017daiskite savaranki\u0161k\u0105 detektyvin\u012f miesto \u017eaidim\u0105, spr\u0119skite galvos\u016bkius, sekite u\u017euominas ir atskleiskite \u017eudik\u0105 savo tempu!\" \/>\n<meta name=\"robots\" content=\"noindex, follow, max-snippet:-1, max-image-preview:large, max-video-preview:-1\" \/>\n<meta property=\"og:locale\" content=\"lt_LT\" \/>\n<meta property=\"og:type\" content=\"article\" \/>\n<meta property=\"og:title\" content=\"Sherlock Holmes Podgorica\" \/>\n<meta property=\"og:description\" content=\"Sherlock Holmes Podgorica. \u017daiskite savaranki\u0161k\u0105 detektyvin\u012f miesto \u017eaidim\u0105, spr\u0119skite galvos\u016bkius, sekite u\u017euominas ir atskleiskite \u017eudik\u0105 savo tempu!\" \/>\n<meta property=\"og:url\" content=\"https:\/\/testwebsite.citygame.com\/lt\/games\/podgorica\/sherlock-holmes-podgorica\/\" \/>\n<meta property=\"og:site_name\" content=\"City Game\" \/>\n<meta property=\"article:publisher\" content=\"https:\/\/www.facebook.com\/profile.php?id=100086426226253\" \/>\n<meta property=\"article:modified_time\" content=\"2026-04-08T08:19:18+00:00\" \/>\n<meta property=\"og:image\" content=\"https:\/\/testwebsite.citygame.com\/wp-content\/blogs.dir\/1\/files\/sites\/62\/2026\/02\/woman-playing-city-game-sherlock-podgorica.jpg\" \/>\n\t<meta property=\"og:image:width\" content=\"1344\" \/>\n\t<meta property=\"og:image:height\" content=\"768\" \/>\n\t<meta property=\"og:image:type\" content=\"image\/jpeg\" \/>\n<meta name=\"twitter:card\" content=\"summary_large_image\" \/>\n<script type=\"application\/ld+json\" class=\"yoast-schema-graph\">{\"@context\":\"https:\/\/schema.org\",\"@graph\":[{\"@type\":\"WebPage\",\"@id\":\"https:\/\/testwebsite.citygame.com\/lt\/games\/podgorica\/sherlock-holmes-podgorica\/\",\"url\":\"https:\/\/testwebsite.citygame.com\/lt\/games\/podgorica\/sherlock-holmes-podgorica\/\",\"name\":\"Sherlock Holmes Podgorica - City Game\",\"isPartOf\":{\"@id\":\"https:\/\/testwebsite.upevents.nl\/#website\"},\"primaryImageOfPage\":{\"@id\":\"https:\/\/testwebsite.citygame.com\/lt\/games\/podgorica\/sherlock-holmes-podgorica\/#primaryimage\"},\"image\":{\"@id\":\"https:\/\/testwebsite.citygame.com\/lt\/games\/podgorica\/sherlock-holmes-podgorica\/#primaryimage\"},\"thumbnailUrl\":\"https:\/\/testwebsite.citygame.com\/wp-content\/blogs.dir\/1\/files\/sites\/62\/2026\/02\/woman-playing-city-game-sherlock-podgorica.jpg\",\"datePublished\":\"2026-02-11T15:37:48+00:00\",\"dateModified\":\"2026-04-08T08:19:18+00:00\",\"description\":\"Sherlock Holmes Podgorica. \u017daiskite savaranki\u0161k\u0105 detektyvin\u012f miesto \u017eaidim\u0105, spr\u0119skite galvos\u016bkius, sekite u\u017euominas ir atskleiskite \u017eudik\u0105 savo tempu!\",\"breadcrumb\":{\"@id\":\"https:\/\/testwebsite.citygame.com\/lt\/games\/podgorica\/sherlock-holmes-podgorica\/#breadcrumb\"},\"inLanguage\":\"lt-LT\",\"potentialAction\":[{\"@type\":\"ReadAction\",\"target\":[\"https:\/\/testwebsite.citygame.com\/lt\/games\/podgorica\/sherlock-holmes-podgorica\/\"]}]},{\"@type\":\"ImageObject\",\"inLanguage\":\"lt-LT\",\"@id\":\"https:\/\/testwebsite.citygame.com\/lt\/games\/podgorica\/sherlock-holmes-podgorica\/#primaryimage\",\"url\":\"https:\/\/testwebsite.citygame.com\/wp-content\/blogs.dir\/1\/files\/sites\/62\/2026\/02\/woman-playing-city-game-sherlock-podgorica.jpg\",\"contentUrl\":\"https:\/\/testwebsite.citygame.com\/wp-content\/blogs.dir\/1\/files\/sites\/62\/2026\/02\/woman-playing-city-game-sherlock-podgorica.jpg\",\"width\":1344,\"height\":768,\"caption\":\"A player explores the streets of Podgorica while solving a mystery on her phone.\"},{\"@type\":\"BreadcrumbList\",\"@id\":\"https:\/\/testwebsite.citygame.com\/lt\/games\/podgorica\/sherlock-holmes-podgorica\/#breadcrumb\",\"itemListElement\":[{\"@type\":\"ListItem\",\"position\":1,\"name\":\"Home\",\"item\":\"https:\/\/testwebsite.citygame.com\/lt\/\"},{\"@type\":\"ListItem\",\"position\":2,\"name\":\"Shop\",\"item\":\"https:\/\/testwebsite.citygame.com\/shop\/\"},{\"@type\":\"ListItem\",\"position\":3,\"name\":\"Sherlock Holmes Podgorica\"}]},{\"@type\":\"WebSite\",\"@id\":\"https:\/\/testwebsite.upevents.nl\/#website\",\"url\":\"https:\/\/testwebsite.upevents.nl\/\",\"name\":\"City Game\",\"description\":\"\",\"publisher\":{\"@id\":\"https:\/\/testwebsite.upevents.nl\/#organization\"},\"alternateName\":\"citygame.com\",\"potentialAction\":[{\"@type\":\"SearchAction\",\"target\":{\"@type\":\"EntryPoint\",\"urlTemplate\":\"https:\/\/testwebsite.upevents.nl\/?s={search_term_string}\"},\"query-input\":{\"@type\":\"PropertyValueSpecification\",\"valueRequired\":true,\"valueName\":\"search_term_string\"}}],\"inLanguage\":\"lt-LT\"},{\"@type\":[\"Organization\",\"Place\"],\"@id\":\"https:\/\/testwebsite.upevents.nl\/#organization\",\"name\":\"City Game\",\"alternateName\":\"citygame.com\",\"url\":\"https:\/\/testwebsite.upevents.nl\/\",\"logo\":{\"@id\":\"https:\/\/testwebsite.citygame.com\/lt\/games\/podgorica\/sherlock-holmes-podgorica\/#local-main-organization-logo\"},\"image\":{\"@id\":\"https:\/\/testwebsite.citygame.com\/lt\/games\/podgorica\/sherlock-holmes-podgorica\/#local-main-organization-logo\"},\"sameAs\":[\"https:\/\/www.facebook.com\/profile.php?id=100086426226253\",\"https:\/\/www.instagram.com\/citygame_com\",\"https:\/\/www.tiktok.com\/@citygamecom\/\",\"https:\/\/www.linkedin.com\/company\/citygame-com\"],\"description\":\"Turn any city into a playground with our interactive City Games and self-guided tours. Fun, flexible, and ideal for groups and team building.\",\"telephone\":[],\"openingHoursSpecification\":[{\"@type\":\"OpeningHoursSpecification\",\"dayOfWeek\":[\"Monday\",\"Tuesday\",\"Wednesday\",\"Thursday\",\"Friday\",\"Saturday\",\"Sunday\"],\"opens\":\"09:00\",\"closes\":\"17:00\"}]},{\"@type\":\"ImageObject\",\"inLanguage\":\"lt-LT\",\"@id\":\"https:\/\/testwebsite.citygame.com\/lt\/games\/podgorica\/sherlock-holmes-podgorica\/#local-main-organization-logo\",\"url\":\"https:\/\/testwebsite.citygame.com\/wp-content\/blogs.dir\/1\/files\/sites\/62\/2025\/10\/CG_LOGO-City-Game.png\",\"contentUrl\":\"https:\/\/testwebsite.citygame.com\/wp-content\/blogs.dir\/1\/files\/sites\/62\/2025\/10\/CG_LOGO-City-Game.png\",\"width\":351,\"height\":377,\"caption\":\"City Game\"}]}<\/script>\n<!-- \/ Yoast SEO Premium plugin. -->","yoast_head_json":{"title":"Sherlock Holmes Podgorica - City Game","description":"Sherlock Holmes Podgorica. \u017daiskite savaranki\u0161k\u0105 detektyvin\u012f miesto \u017eaidim\u0105, spr\u0119skite galvos\u016bkius, sekite u\u017euominas ir atskleiskite \u017eudik\u0105 savo tempu!","robots":{"index":"noindex","follow":"follow","max-snippet":"max-snippet:-1","max-image-preview":"max-image-preview:large","max-video-preview":"max-video-preview:-1"},"og_locale":"lt_LT","og_type":"article","og_title":"Sherlock Holmes Podgorica","og_description":"Sherlock Holmes Podgorica. \u017daiskite savaranki\u0161k\u0105 detektyvin\u012f miesto \u017eaidim\u0105, spr\u0119skite galvos\u016bkius, sekite u\u017euominas ir atskleiskite \u017eudik\u0105 savo tempu!","og_url":"https:\/\/testwebsite.citygame.com\/lt\/games\/podgorica\/sherlock-holmes-podgorica\/","og_site_name":"City Game","article_publisher":"https:\/\/www.facebook.com\/profile.php?id=100086426226253","article_modified_time":"2026-04-08T08:19:18+00:00","og_image":[{"width":1344,"height":768,"url":"https:\/\/testwebsite.citygame.com\/wp-content\/blogs.dir\/1\/files\/sites\/62\/2026\/02\/woman-playing-city-game-sherlock-podgorica.jpg","type":"image\/jpeg"}],"twitter_card":"summary_large_image","schema":{"@context":"https:\/\/schema.org","@graph":[{"@type":"WebPage","@id":"https:\/\/testwebsite.citygame.com\/lt\/games\/podgorica\/sherlock-holmes-podgorica\/","url":"https:\/\/testwebsite.citygame.com\/lt\/games\/podgorica\/sherlock-holmes-podgorica\/","name":"Sherlock Holmes Podgorica - City Game","isPartOf":{"@id":"https:\/\/testwebsite.upevents.nl\/#website"},"primaryImageOfPage":{"@id":"https:\/\/testwebsite.citygame.com\/lt\/games\/podgorica\/sherlock-holmes-podgorica\/#primaryimage"},"image":{"@id":"https:\/\/testwebsite.citygame.com\/lt\/games\/podgorica\/sherlock-holmes-podgorica\/#primaryimage"},"thumbnailUrl":"https:\/\/testwebsite.citygame.com\/wp-content\/blogs.dir\/1\/files\/sites\/62\/2026\/02\/woman-playing-city-game-sherlock-podgorica.jpg","datePublished":"2026-02-11T15:37:48+00:00","dateModified":"2026-04-08T08:19:18+00:00","description":"Sherlock Holmes Podgorica. \u017daiskite savaranki\u0161k\u0105 detektyvin\u012f miesto \u017eaidim\u0105, spr\u0119skite galvos\u016bkius, sekite u\u017euominas ir atskleiskite \u017eudik\u0105 savo tempu!","breadcrumb":{"@id":"https:\/\/testwebsite.citygame.com\/lt\/games\/podgorica\/sherlock-holmes-podgorica\/#breadcrumb"},"inLanguage":"lt-LT","potentialAction":[{"@type":"ReadAction","target":["https:\/\/testwebsite.citygame.com\/lt\/games\/podgorica\/sherlock-holmes-podgorica\/"]}]},{"@type":"ImageObject","inLanguage":"lt-LT","@id":"https:\/\/testwebsite.citygame.com\/lt\/games\/podgorica\/sherlock-holmes-podgorica\/#primaryimage","url":"https:\/\/testwebsite.citygame.com\/wp-content\/blogs.dir\/1\/files\/sites\/62\/2026\/02\/woman-playing-city-game-sherlock-podgorica.jpg","contentUrl":"https:\/\/testwebsite.citygame.com\/wp-content\/blogs.dir\/1\/files\/sites\/62\/2026\/02\/woman-playing-city-game-sherlock-podgorica.jpg","width":1344,"height":768,"caption":"A player explores the streets of Podgorica while solving a mystery on her phone."},{"@type":"BreadcrumbList","@id":"https:\/\/testwebsite.citygame.com\/lt\/games\/podgorica\/sherlock-holmes-podgorica\/#breadcrumb","itemListElement":[{"@type":"ListItem","position":1,"name":"Home","item":"https:\/\/testwebsite.citygame.com\/lt\/"},{"@type":"ListItem","position":2,"name":"Shop","item":"https:\/\/testwebsite.citygame.com\/shop\/"},{"@type":"ListItem","position":3,"name":"Sherlock Holmes Podgorica"}]},{"@type":"WebSite","@id":"https:\/\/testwebsite.upevents.nl\/#website","url":"https:\/\/testwebsite.upevents.nl\/","name":"City Game","description":"","publisher":{"@id":"https:\/\/testwebsite.upevents.nl\/#organization"},"alternateName":"citygame.com","potentialAction":[{"@type":"SearchAction","target":{"@type":"EntryPoint","urlTemplate":"https:\/\/testwebsite.upevents.nl\/?s={search_term_string}"},"query-input":{"@type":"PropertyValueSpecification","valueRequired":true,"valueName":"search_term_string"}}],"inLanguage":"lt-LT"},{"@type":["Organization","Place"],"@id":"https:\/\/testwebsite.upevents.nl\/#organization","name":"City Game","alternateName":"citygame.com","url":"https:\/\/testwebsite.upevents.nl\/","logo":{"@id":"https:\/\/testwebsite.citygame.com\/lt\/games\/podgorica\/sherlock-holmes-podgorica\/#local-main-organization-logo"},"image":{"@id":"https:\/\/testwebsite.citygame.com\/lt\/games\/podgorica\/sherlock-holmes-podgorica\/#local-main-organization-logo"},"sameAs":["https:\/\/www.facebook.com\/profile.php?id=100086426226253","https:\/\/www.instagram.com\/citygame_com","https:\/\/www.tiktok.com\/@citygamecom\/","https:\/\/www.linkedin.com\/company\/citygame-com"],"description":"Turn any city into a playground with our interactive City Games and self-guided tours. Fun, flexible, and ideal for groups and team building.","telephone":[],"openingHoursSpecification":[{"@type":"OpeningHoursSpecification","dayOfWeek":["Monday","Tuesday","Wednesday","Thursday","Friday","Saturday","Sunday"],"opens":"09:00","closes":"17:00"}]},{"@type":"ImageObject","inLanguage":"lt-LT","@id":"https:\/\/testwebsite.citygame.com\/lt\/games\/podgorica\/sherlock-holmes-podgorica\/#local-main-organization-logo","url":"https:\/\/testwebsite.citygame.com\/wp-content\/blogs.dir\/1\/files\/sites\/62\/2025\/10\/CG_LOGO-City-Game.png","contentUrl":"https:\/\/testwebsite.citygame.com\/wp-content\/blogs.dir\/1\/files\/sites\/62\/2025\/10\/CG_LOGO-City-Game.png","width":351,"height":377,"caption":"City Game"}]}},"taxonomy_info":{"game-concept":[{"value":783,"label":"Sherlock"}],"location":[{"value":324,"label":"Podgorica"}],"product_cat":[{"value":27,"label":"Geen categorie"}]},"featured_image_src_large":["https:\/\/testwebsite.citygame.com\/wp-content\/blogs.dir\/1\/files\/sites\/62\/2026\/02\/woman-playing-city-game-sherlock-podgorica-1024x585.jpg",1024,585,true],"author_info":[],"comment_info":"","_links":{"self":[{"href":"https:\/\/testwebsite.citygame.com\/lt\/wp-json\/wp\/v2\/product\/61757","targetHints":{"allow":["GET"]}}],"collection":[{"href":"https:\/\/testwebsite.citygame.com\/lt\/wp-json\/wp\/v2\/product"}],"about":[{"href":"https:\/\/testwebsite.citygame.com\/lt\/wp-json\/wp\/v2\/types\/product"}],"acf:post":[{"embeddable":true,"href":"https:\/\/testwebsite.citygame.com\/lt\/wp-json\/wp\/v2\/pages\/12652"}],"wp:featuredmedia":[{"embeddable":true,"href":"https:\/\/testwebsite.citygame.com\/lt\/wp-json\/wp\/v2\/media\/12654"}],"wp:attachment":[{"href":"https:\/\/testwebsite.citygame.com\/lt\/wp-json\/wp\/v2\/media?parent=61757"}],"wp:term":[{"taxonomy":"game-concept","embeddable":true,"href":"https:\/\/testwebsite.citygame.com\/lt\/wp-json\/wp\/v2\/game-concept?post=61757"},{"taxonomy":"location","embeddable":true,"href":"https:\/\/testwebsite.citygame.com\/lt\/wp-json\/wp\/v2\/location?post=61757"},{"taxonomy":"product_brand","embeddable":true,"href":"https:\/\/testwebsite.citygame.com\/lt\/wp-json\/wp\/v2\/product_brand?post=61757"},{"taxonomy":"product_cat","embeddable":true,"href":"https:\/\/testwebsite.citygame.com\/lt\/wp-json\/wp\/v2\/product_cat?post=61757"},{"taxonomy":"product_tag","embeddable":true,"href":"https:\/\/testwebsite.citygame.com\/lt\/wp-json\/wp\/v2\/product_tag?post=61757"}],"curies":[{"name":"wp","href":"https:\/\/api.w.org\/{rel}","templated":true}]}}