{"id":61288,"date":"2026-02-11T13:55:56","date_gmt":"2026-02-11T13:55:56","guid":{"rendered":"https:\/\/testwebsite.citygame.com\/games\/unknown-location\/sherlock-holmes-alicante\/"},"modified":"2026-04-08T07:28:22","modified_gmt":"2026-04-08T07:28:22","slug":"sherlock-holmes-alicante","status":"publish","type":"product","link":"https:\/\/testwebsite.citygame.com\/lt\/games\/alicante\/sherlock-holmes-alicante\/","title":{"rendered":"Sherlock Holmes Alicante"},"content":{"rendered":"<p>Pasinerkite \u012f Sherlocko Holmeso pasaul\u012f su \u0161iuo savaranki\u0161ku, istorija paremtu \u017emog\u017eudyst\u0117s paslapties City Game \u017eaidimu, vykstan\u010diu istoriniame Alikant\u0117s miesto centre. Kai sukre\u010dianti \u017emog\u017eudyst\u0117 sudrums\u010dia Liberty Festival ramyb\u0119, jums pavedama tirti nusikaltimo viet\u0105, rinkti \u012fkal\u010dius, spr\u0119sti sud\u0117tingus galvos\u016bkius ir apklausti skaitmeninius \u012ftariamuosius, kol paslaptis pama\u017eu atsiskleid\u017eia. Tur\u0117dami laisv\u0119 \u017eaisti savo tempu, \u0161i \u012ftraukianti detektyvin\u0117 patirtis leid\u017eia jums sekti jaudinan\u010di\u0105 istorij\u0105 Alikant\u0117s gatv\u0117mis, kol atskleisite ties\u0105, slypin\u010di\u0105 u\u017e nusikaltimo.<\/p>\n","protected":false},"excerpt":{"rendered":"<p>\u012esik\u016bnykite \u012f garsiojo detektyvo Sherlocko Holmeso vaidmen\u012f ir leiskit\u0117s \u012f \u012ftraukiant\u012f savaranki\u0161k\u0105 \u017emog\u017eudyst\u0117s paslapties \u017eaidim\u0105 Alikant\u0117je. I\u0161\u0161ifruokite intriguojan\u010dias m\u012fsles, sekite paslaptingus p\u0117dsakus su savo komanda ir atskleiskite pasl\u0117pt\u0105 ties\u0105, kol nesibaig\u0117 laikas!<\/p>\n","protected":false},"featured_media":12592,"template":"","meta":{"_acf_changed":false,"_yoast_wpseo_focuskw":"Sherlock Holmes Alicante","_yoast_wpseo_metadesc":"Sherlock Holmes Alicante. \u017daiskite savaranki\u0161k\u0105 \u017emog\u017eudyst\u0117s paslapties City Game, spr\u0119skite galvos\u016bkius, sekite p\u0117dsakus ir atskleiskite \u017eudik\u0105 savo tempu!","_kad_blocks_custom_css":"","_kad_blocks_head_custom_js":"","_kad_blocks_body_custom_js":"","_kad_blocks_footer_custom_js":"","ghostkit_customizer_options":"","ghostkit_custom_css":"","ghostkit_custom_js_head":"","ghostkit_custom_js_foot":"","ghostkit_typography":"","_kad_post_transparent":"","_kad_post_title":"","_kad_post_layout":"","_kad_post_sidebar_id":"","_kad_post_content_style":"","_kad_post_vertical_padding":"","_kad_post_feature":"","_kad_post_feature_position":"","_kad_post_header":false,"_kad_post_footer":false,"_kad_post_classname":"","_links_to":"","_links_to_target":""},"game-concept":[783],"location":[61],"product_brand":[],"product_cat":[27],"product_tag":[],"class_list":{"0":"post-61288","1":"product","2":"type-product","3":"status-publish","4":"has-post-thumbnail","6":"game-concept-sherlock","7":"location-alicante","8":"product_cat-geen-categorie","10":"first","11":"instock","12":"shipping-taxable","13":"purchasable","14":"product-type-simple","15":"entry","16":"content-bg","17":"loop-entry"},"acf":{"full_bokun_product_name":"Alicante Self-Guided Sherlock Holmes Murder Mystery Game","location_name":"Alicante","bokun_calendar_widget_code":"<script type=\"text\/javascript\" src=\"https:\/\/widgets.bokun.io\/assets\/javascripts\/apps\/build\/BokunWidgetsLoader.js?bookingChannelUUID=a1e93e96-5232-4734-a595-28405f4b5a31\" async><\/script>\n     \n    <div class=\"bokunWidget\" data-src=\"https:\/\/widgets.bokun.io\/online-sales\/a1e93e96-5232-4734-a595-28405f4b5a31\/experience-calendar\/771899\"><\/div>\n    <noscript>Please enable javascript in your browser to book<\/noscript>","bokun_button_widget_code":"<script type=\"text\/javascript\" src=\"https:\/\/widgets.bokun.io\/assets\/javascripts\/apps\/build\/BokunWidgetsLoader.js?bookingChannelUUID=a1e93e96-5232-4734-a595-28405f4b5a31\" async><\/script>\n      <style> #bokun_ed001e45_5927_4f62_b470_ca766338d083 { display: inline-block; padding: .4em 1em; background: #47b82e; border-radius: 999999px; box-shadow: none; font-weight: 600; font-size: 24px; text-decoration: none; text-align: center; color: #FFFFFF; border:none; cursor: pointer; transition: background .2s ease; } #bokun_ed001e45_5927_4f62_b470_ca766338d083:hover{ background: #2f7b1f; } #bokun_ed001e45_5927_4f62_b470_ca766338d083:active{ background: #378f24; } <\/style> <button class=\"bokunButton\" disabled id=bokun_ed001e45_5927_4f62_b470_ca766338d083 data-src=\"https:\/\/widgets.bokun.io\/online-sales\/a1e93e96-5232-4734-a595-28405f4b5a31\/experience-calendar\/771899?partialView=1\" data-testid=\"widget-book-button\" > Book now <\/button> ","what_you\u2019ll_experience_during_the_game":"J\u016bs pasineriate \u012f \u012ftraukian\u010di\u0105 detektyvin\u0119 istorij\u0105, vykstan\u010di\u0105 Alikant\u0117je, kur paslaptinga \u017emog\u017eudyst\u0117 sukr\u0117t\u0117 Liberty Festival. Jud\u0117dami miesto gatv\u0117mis, byla atsiskleid\u017eia scena po scenos, \u012ftraukdama jus giliau \u012f tyrim\u0105, piln\u0105 pasl\u0117pt\u0173 \u012fkal\u010di\u0173, paslapting\u0173 galvos\u016bki\u0173 ir netik\u0117t\u0173 pos\u016bki\u0173. Kiekviena vieta atskleid\u017eia nauj\u0105 \u012fkal\u010dio gabal\u0117l\u012f, i\u0161bandydama j\u016bs\u0173 steb\u0117jimo \u012fg\u016bd\u017eius ir dedukcijos instinkt\u0105.\n\nJ\u016bs\u0173 vaidmuo atsiskleid\u017eia apklausiant skaitmeninius \u012ftariamuosius, analizuojant alibi ir atskleid\u017eiant prie\u0161taravimus, kurie gali nuvesti prie tiesos. Patirtis yra visi\u0161kai pagr\u012fsta istorija, pastatanti jus \u012f sud\u0117tingos paslapties centr\u0105, reikalaujan\u010di\u0105 kritinio m\u0105stymo ir d\u0117mesio detal\u0117ms. Galite sustabdyti ir t\u0119sti bet kuriuo metu, suteikdami jums visi\u0161k\u0105 kontrol\u0119. Jei \u017eaid\u017eiate su komanda, subtilus konkurencinis prana\u0161umas papildo intrig\u0105, neatitraukdamas nuo tyrimo.","how_to_play":"\u017daiskite vienas arba su draugais, \u0161eima ar kolegomis komandomis, kuriose yra iki keturi\u0173 asmen\u0173 vienam \u012frenginiui. U\u017esisakius, gausite el. lai\u0161k\u0105 su i\u0161samiomis instrukcijomis ir visa reikalinga informacija.","start_location":"Alicante, Pante\u00f3 de Quijano","available_languages":["en","es","fr","de","it","nl"],"players_per_group":"1-4","duration":"1.5-2 hours","image_overlay_color_image":"https:\/\/testwebsite.citygame.com\/wp-content\/blogs.dir\/1\/files\/sites\/62\/2026\/01\/SherlockColor.svg","image_overlay_game_logo":"https:\/\/testwebsite.citygame.com\/wp-content\/blogs.dir\/1\/files\/sites\/62\/2026\/01\/SherlockLogo.png","city_page":12590,"woocommerce_general_content":null},"yoast_head":"<!-- This site is optimized with the Yoast SEO Premium plugin v26.2 (Yoast SEO v26.3) - https:\/\/yoast.com\/wordpress\/plugins\/seo\/ -->\n<title>Sherlock Holmes Alicante - City Game<\/title>\n<meta name=\"description\" content=\"Sherlock Holmes Alicante. \u017daiskite savaranki\u0161k\u0105 \u017emog\u017eudyst\u0117s paslapties City Game, spr\u0119skite galvos\u016bkius, sekite p\u0117dsakus ir atskleiskite \u017eudik\u0105 savo tempu!\" \/>\n<meta name=\"robots\" content=\"noindex, follow, max-snippet:-1, max-image-preview:large, max-video-preview:-1\" \/>\n<meta property=\"og:locale\" content=\"lt_LT\" \/>\n<meta property=\"og:type\" content=\"article\" \/>\n<meta property=\"og:title\" content=\"Sherlock Holmes Alicante\" \/>\n<meta property=\"og:description\" content=\"Sherlock Holmes Alicante. \u017daiskite savaranki\u0161k\u0105 \u017emog\u017eudyst\u0117s paslapties City Game, spr\u0119skite galvos\u016bkius, sekite p\u0117dsakus ir atskleiskite \u017eudik\u0105 savo tempu!\" \/>\n<meta property=\"og:url\" content=\"https:\/\/testwebsite.citygame.com\/lt\/games\/alicante\/sherlock-holmes-alicante\/\" \/>\n<meta property=\"og:site_name\" content=\"City Game\" \/>\n<meta property=\"article:publisher\" content=\"https:\/\/www.facebook.com\/profile.php?id=100086426226253\" \/>\n<meta property=\"article:modified_time\" content=\"2026-04-08T07:28:22+00:00\" \/>\n<meta property=\"og:image\" content=\"https:\/\/testwebsite.citygame.com\/wp-content\/blogs.dir\/1\/files\/sites\/62\/2026\/02\/man-playing-city-game-on-historic-street-alicante.jpg\" \/>\n\t<meta property=\"og:image:width\" content=\"1344\" \/>\n\t<meta property=\"og:image:height\" content=\"768\" \/>\n\t<meta property=\"og:image:type\" content=\"image\/jpeg\" \/>\n<meta name=\"twitter:card\" content=\"summary_large_image\" \/>\n<script type=\"application\/ld+json\" class=\"yoast-schema-graph\">{\"@context\":\"https:\/\/schema.org\",\"@graph\":[{\"@type\":\"WebPage\",\"@id\":\"https:\/\/testwebsite.citygame.com\/lt\/games\/alicante\/sherlock-holmes-alicante\/\",\"url\":\"https:\/\/testwebsite.citygame.com\/lt\/games\/alicante\/sherlock-holmes-alicante\/\",\"name\":\"Sherlock Holmes Alicante - City Game\",\"isPartOf\":{\"@id\":\"https:\/\/testwebsite.upevents.nl\/#website\"},\"primaryImageOfPage\":{\"@id\":\"https:\/\/testwebsite.citygame.com\/lt\/games\/alicante\/sherlock-holmes-alicante\/#primaryimage\"},\"image\":{\"@id\":\"https:\/\/testwebsite.citygame.com\/lt\/games\/alicante\/sherlock-holmes-alicante\/#primaryimage\"},\"thumbnailUrl\":\"https:\/\/testwebsite.citygame.com\/wp-content\/blogs.dir\/1\/files\/sites\/62\/2026\/02\/man-playing-city-game-on-historic-street-alicante.jpg\",\"datePublished\":\"2026-02-11T13:55:56+00:00\",\"dateModified\":\"2026-04-08T07:28:22+00:00\",\"description\":\"Sherlock Holmes Alicante. \u017daiskite savaranki\u0161k\u0105 \u017emog\u017eudyst\u0117s paslapties City Game, spr\u0119skite galvos\u016bkius, sekite p\u0117dsakus ir atskleiskite \u017eudik\u0105 savo tempu!\",\"breadcrumb\":{\"@id\":\"https:\/\/testwebsite.citygame.com\/lt\/games\/alicante\/sherlock-holmes-alicante\/#breadcrumb\"},\"inLanguage\":\"lt-LT\",\"potentialAction\":[{\"@type\":\"ReadAction\",\"target\":[\"https:\/\/testwebsite.citygame.com\/lt\/games\/alicante\/sherlock-holmes-alicante\/\"]}]},{\"@type\":\"ImageObject\",\"inLanguage\":\"lt-LT\",\"@id\":\"https:\/\/testwebsite.citygame.com\/lt\/games\/alicante\/sherlock-holmes-alicante\/#primaryimage\",\"url\":\"https:\/\/testwebsite.citygame.com\/wp-content\/blogs.dir\/1\/files\/sites\/62\/2026\/02\/man-playing-city-game-on-historic-street-alicante.jpg\",\"contentUrl\":\"https:\/\/testwebsite.citygame.com\/wp-content\/blogs.dir\/1\/files\/sites\/62\/2026\/02\/man-playing-city-game-on-historic-street-alicante.jpg\",\"width\":1344,\"height\":768,\"caption\":\"A tourist explores the historic streets of Alicante's old town while playing a mobile game.\"},{\"@type\":\"BreadcrumbList\",\"@id\":\"https:\/\/testwebsite.citygame.com\/lt\/games\/alicante\/sherlock-holmes-alicante\/#breadcrumb\",\"itemListElement\":[{\"@type\":\"ListItem\",\"position\":1,\"name\":\"Home\",\"item\":\"https:\/\/testwebsite.citygame.com\/lt\/\"},{\"@type\":\"ListItem\",\"position\":2,\"name\":\"Shop\",\"item\":\"https:\/\/testwebsite.citygame.com\/shop\/\"},{\"@type\":\"ListItem\",\"position\":3,\"name\":\"Sherlock Holmes Alicante\"}]},{\"@type\":\"WebSite\",\"@id\":\"https:\/\/testwebsite.upevents.nl\/#website\",\"url\":\"https:\/\/testwebsite.upevents.nl\/\",\"name\":\"City Game\",\"description\":\"\",\"publisher\":{\"@id\":\"https:\/\/testwebsite.upevents.nl\/#organization\"},\"alternateName\":\"citygame.com\",\"potentialAction\":[{\"@type\":\"SearchAction\",\"target\":{\"@type\":\"EntryPoint\",\"urlTemplate\":\"https:\/\/testwebsite.upevents.nl\/?s={search_term_string}\"},\"query-input\":{\"@type\":\"PropertyValueSpecification\",\"valueRequired\":true,\"valueName\":\"search_term_string\"}}],\"inLanguage\":\"lt-LT\"},{\"@type\":[\"Organization\",\"Place\"],\"@id\":\"https:\/\/testwebsite.upevents.nl\/#organization\",\"name\":\"City Game\",\"alternateName\":\"citygame.com\",\"url\":\"https:\/\/testwebsite.upevents.nl\/\",\"logo\":{\"@id\":\"https:\/\/testwebsite.citygame.com\/lt\/games\/alicante\/sherlock-holmes-alicante\/#local-main-organization-logo\"},\"image\":{\"@id\":\"https:\/\/testwebsite.citygame.com\/lt\/games\/alicante\/sherlock-holmes-alicante\/#local-main-organization-logo\"},\"sameAs\":[\"https:\/\/www.facebook.com\/profile.php?id=100086426226253\",\"https:\/\/www.instagram.com\/citygame_com\",\"https:\/\/www.tiktok.com\/@citygamecom\/\",\"https:\/\/www.linkedin.com\/company\/citygame-com\"],\"description\":\"Turn any city into a playground with our interactive City Games and self-guided tours. Fun, flexible, and ideal for groups and team building.\",\"telephone\":[],\"openingHoursSpecification\":[{\"@type\":\"OpeningHoursSpecification\",\"dayOfWeek\":[\"Monday\",\"Tuesday\",\"Wednesday\",\"Thursday\",\"Friday\",\"Saturday\",\"Sunday\"],\"opens\":\"09:00\",\"closes\":\"17:00\"}]},{\"@type\":\"ImageObject\",\"inLanguage\":\"lt-LT\",\"@id\":\"https:\/\/testwebsite.citygame.com\/lt\/games\/alicante\/sherlock-holmes-alicante\/#local-main-organization-logo\",\"url\":\"https:\/\/testwebsite.citygame.com\/wp-content\/blogs.dir\/1\/files\/sites\/62\/2025\/10\/CG_LOGO-City-Game.png\",\"contentUrl\":\"https:\/\/testwebsite.citygame.com\/wp-content\/blogs.dir\/1\/files\/sites\/62\/2025\/10\/CG_LOGO-City-Game.png\",\"width\":351,\"height\":377,\"caption\":\"City Game\"}]}<\/script>\n<!-- \/ Yoast SEO Premium plugin. -->","yoast_head_json":{"title":"Sherlock Holmes Alicante - City Game","description":"Sherlock Holmes Alicante. \u017daiskite savaranki\u0161k\u0105 \u017emog\u017eudyst\u0117s paslapties City Game, spr\u0119skite galvos\u016bkius, sekite p\u0117dsakus ir atskleiskite \u017eudik\u0105 savo tempu!","robots":{"index":"noindex","follow":"follow","max-snippet":"max-snippet:-1","max-image-preview":"max-image-preview:large","max-video-preview":"max-video-preview:-1"},"og_locale":"lt_LT","og_type":"article","og_title":"Sherlock Holmes Alicante","og_description":"Sherlock Holmes Alicante. \u017daiskite savaranki\u0161k\u0105 \u017emog\u017eudyst\u0117s paslapties City Game, spr\u0119skite galvos\u016bkius, sekite p\u0117dsakus ir atskleiskite \u017eudik\u0105 savo tempu!","og_url":"https:\/\/testwebsite.citygame.com\/lt\/games\/alicante\/sherlock-holmes-alicante\/","og_site_name":"City Game","article_publisher":"https:\/\/www.facebook.com\/profile.php?id=100086426226253","article_modified_time":"2026-04-08T07:28:22+00:00","og_image":[{"width":1344,"height":768,"url":"https:\/\/testwebsite.citygame.com\/wp-content\/blogs.dir\/1\/files\/sites\/62\/2026\/02\/man-playing-city-game-on-historic-street-alicante.jpg","type":"image\/jpeg"}],"twitter_card":"summary_large_image","schema":{"@context":"https:\/\/schema.org","@graph":[{"@type":"WebPage","@id":"https:\/\/testwebsite.citygame.com\/lt\/games\/alicante\/sherlock-holmes-alicante\/","url":"https:\/\/testwebsite.citygame.com\/lt\/games\/alicante\/sherlock-holmes-alicante\/","name":"Sherlock Holmes Alicante - City Game","isPartOf":{"@id":"https:\/\/testwebsite.upevents.nl\/#website"},"primaryImageOfPage":{"@id":"https:\/\/testwebsite.citygame.com\/lt\/games\/alicante\/sherlock-holmes-alicante\/#primaryimage"},"image":{"@id":"https:\/\/testwebsite.citygame.com\/lt\/games\/alicante\/sherlock-holmes-alicante\/#primaryimage"},"thumbnailUrl":"https:\/\/testwebsite.citygame.com\/wp-content\/blogs.dir\/1\/files\/sites\/62\/2026\/02\/man-playing-city-game-on-historic-street-alicante.jpg","datePublished":"2026-02-11T13:55:56+00:00","dateModified":"2026-04-08T07:28:22+00:00","description":"Sherlock Holmes Alicante. \u017daiskite savaranki\u0161k\u0105 \u017emog\u017eudyst\u0117s paslapties City Game, spr\u0119skite galvos\u016bkius, sekite p\u0117dsakus ir atskleiskite \u017eudik\u0105 savo tempu!","breadcrumb":{"@id":"https:\/\/testwebsite.citygame.com\/lt\/games\/alicante\/sherlock-holmes-alicante\/#breadcrumb"},"inLanguage":"lt-LT","potentialAction":[{"@type":"ReadAction","target":["https:\/\/testwebsite.citygame.com\/lt\/games\/alicante\/sherlock-holmes-alicante\/"]}]},{"@type":"ImageObject","inLanguage":"lt-LT","@id":"https:\/\/testwebsite.citygame.com\/lt\/games\/alicante\/sherlock-holmes-alicante\/#primaryimage","url":"https:\/\/testwebsite.citygame.com\/wp-content\/blogs.dir\/1\/files\/sites\/62\/2026\/02\/man-playing-city-game-on-historic-street-alicante.jpg","contentUrl":"https:\/\/testwebsite.citygame.com\/wp-content\/blogs.dir\/1\/files\/sites\/62\/2026\/02\/man-playing-city-game-on-historic-street-alicante.jpg","width":1344,"height":768,"caption":"A tourist explores the historic streets of Alicante's old town while playing a mobile game."},{"@type":"BreadcrumbList","@id":"https:\/\/testwebsite.citygame.com\/lt\/games\/alicante\/sherlock-holmes-alicante\/#breadcrumb","itemListElement":[{"@type":"ListItem","position":1,"name":"Home","item":"https:\/\/testwebsite.citygame.com\/lt\/"},{"@type":"ListItem","position":2,"name":"Shop","item":"https:\/\/testwebsite.citygame.com\/shop\/"},{"@type":"ListItem","position":3,"name":"Sherlock Holmes Alicante"}]},{"@type":"WebSite","@id":"https:\/\/testwebsite.upevents.nl\/#website","url":"https:\/\/testwebsite.upevents.nl\/","name":"City Game","description":"","publisher":{"@id":"https:\/\/testwebsite.upevents.nl\/#organization"},"alternateName":"citygame.com","potentialAction":[{"@type":"SearchAction","target":{"@type":"EntryPoint","urlTemplate":"https:\/\/testwebsite.upevents.nl\/?s={search_term_string}"},"query-input":{"@type":"PropertyValueSpecification","valueRequired":true,"valueName":"search_term_string"}}],"inLanguage":"lt-LT"},{"@type":["Organization","Place"],"@id":"https:\/\/testwebsite.upevents.nl\/#organization","name":"City Game","alternateName":"citygame.com","url":"https:\/\/testwebsite.upevents.nl\/","logo":{"@id":"https:\/\/testwebsite.citygame.com\/lt\/games\/alicante\/sherlock-holmes-alicante\/#local-main-organization-logo"},"image":{"@id":"https:\/\/testwebsite.citygame.com\/lt\/games\/alicante\/sherlock-holmes-alicante\/#local-main-organization-logo"},"sameAs":["https:\/\/www.facebook.com\/profile.php?id=100086426226253","https:\/\/www.instagram.com\/citygame_com","https:\/\/www.tiktok.com\/@citygamecom\/","https:\/\/www.linkedin.com\/company\/citygame-com"],"description":"Turn any city into a playground with our interactive City Games and self-guided tours. Fun, flexible, and ideal for groups and team building.","telephone":[],"openingHoursSpecification":[{"@type":"OpeningHoursSpecification","dayOfWeek":["Monday","Tuesday","Wednesday","Thursday","Friday","Saturday","Sunday"],"opens":"09:00","closes":"17:00"}]},{"@type":"ImageObject","inLanguage":"lt-LT","@id":"https:\/\/testwebsite.citygame.com\/lt\/games\/alicante\/sherlock-holmes-alicante\/#local-main-organization-logo","url":"https:\/\/testwebsite.citygame.com\/wp-content\/blogs.dir\/1\/files\/sites\/62\/2025\/10\/CG_LOGO-City-Game.png","contentUrl":"https:\/\/testwebsite.citygame.com\/wp-content\/blogs.dir\/1\/files\/sites\/62\/2025\/10\/CG_LOGO-City-Game.png","width":351,"height":377,"caption":"City Game"}]}},"taxonomy_info":{"game-concept":[{"value":783,"label":"Sherlock"}],"location":[{"value":61,"label":"Alicante"}],"product_cat":[{"value":27,"label":"Geen categorie"}]},"featured_image_src_large":["https:\/\/testwebsite.citygame.com\/wp-content\/blogs.dir\/1\/files\/sites\/62\/2026\/02\/man-playing-city-game-on-historic-street-alicante-1024x585.jpg",1024,585,true],"author_info":[],"comment_info":"","_links":{"self":[{"href":"https:\/\/testwebsite.citygame.com\/lt\/wp-json\/wp\/v2\/product\/61288","targetHints":{"allow":["GET"]}}],"collection":[{"href":"https:\/\/testwebsite.citygame.com\/lt\/wp-json\/wp\/v2\/product"}],"about":[{"href":"https:\/\/testwebsite.citygame.com\/lt\/wp-json\/wp\/v2\/types\/product"}],"acf:post":[{"embeddable":true,"href":"https:\/\/testwebsite.citygame.com\/lt\/wp-json\/wp\/v2\/pages\/12590"}],"wp:featuredmedia":[{"embeddable":true,"href":"https:\/\/testwebsite.citygame.com\/lt\/wp-json\/wp\/v2\/media\/12592"}],"wp:attachment":[{"href":"https:\/\/testwebsite.citygame.com\/lt\/wp-json\/wp\/v2\/media?parent=61288"}],"wp:term":[{"taxonomy":"game-concept","embeddable":true,"href":"https:\/\/testwebsite.citygame.com\/lt\/wp-json\/wp\/v2\/game-concept?post=61288"},{"taxonomy":"location","embeddable":true,"href":"https:\/\/testwebsite.citygame.com\/lt\/wp-json\/wp\/v2\/location?post=61288"},{"taxonomy":"product_brand","embeddable":true,"href":"https:\/\/testwebsite.citygame.com\/lt\/wp-json\/wp\/v2\/product_brand?post=61288"},{"taxonomy":"product_cat","embeddable":true,"href":"https:\/\/testwebsite.citygame.com\/lt\/wp-json\/wp\/v2\/product_cat?post=61288"},{"taxonomy":"product_tag","embeddable":true,"href":"https:\/\/testwebsite.citygame.com\/lt\/wp-json\/wp\/v2\/product_tag?post=61288"}],"curies":[{"name":"wp","href":"https:\/\/api.w.org\/{rel}","templated":true}]}}