{"id":61162,"date":"2026-02-11T13:37:54","date_gmt":"2026-02-11T13:37:54","guid":{"rendered":"https:\/\/testwebsite.citygame.com\/games\/unknown-location\/sherlock-holmes-innsbruck\/"},"modified":"2026-04-08T07:13:13","modified_gmt":"2026-04-08T07:13:13","slug":"sherlock-holmes-innsbruck","status":"publish","type":"product","link":"https:\/\/testwebsite.citygame.com\/lt\/games\/innsbruck\/sherlock-holmes-innsbruck\/","title":{"rendered":"Sherlock Holmes Innsbruck"},"content":{"rendered":"<p>Pasinerkite \u012f \u0160erloko Holmso pasaul\u012f su savaranki\u0161ku, istorija paremtu \u017emog\u017eudyst\u0117s paslapties miesto \u017eaidimu, vykstan\u010diu istoriniame Insbruko centre. Kai Laisv\u0117s festivalio metu \u012fvyksta \u0161okiruojanti \u017emog\u017eudyst\u0117, \u017eaid\u0117jai \u012ftraukiami \u012f \u012ftraukiant\u012f detektyvin\u012f tyrim\u0105, kuris pl\u0117tojasi atmosferingose miesto gatv\u0117se. Spr\u0119skite galvos\u016bkius, rinkite pasl\u0117ptus \u012fkal\u010dius ir apklauskite skaitmeninius \u012ftariamuosius savo tempu, atskleisdami paslaptis, kai pasakojimas gil\u0117ja su kiekvienu \u017eingsniu.<\/p>\n","protected":false},"excerpt":{"rendered":"<p>Pasinerkite \u012f \u0160erloko Holmso m\u0105stysen\u0105 ir leiskit\u0117s \u012f savaranki\u0161k\u0105 \u017emog\u017eudyst\u0117s paslapties tyrim\u0105, vykstant\u012f Insbruke. Keliaudami per \u0161io galvos\u016bki\u0173 kupino nuotyki\u0173 pos\u016bkius, j\u016bs ir j\u016bs\u0173 komanda lenktyniausite su laiku, sekdami sunkiai pagaunamus \u012fkal\u010dius, spr\u0119sdami m\u012fslingus galvos\u016bkius ir stengdamiesi kartu atskleisti ties\u0105!<\/p>\n","protected":false},"featured_media":12569,"template":"","meta":{"_acf_changed":false,"_yoast_wpseo_focuskw":"Sherlock Holmes Innsbruck","_yoast_wpseo_metadesc":"Sherlock Holmes Innsbruck. \u017daiskite savaranki\u0161k\u0105 \u017emog\u017eudyst\u0117s paslapties miesto \u017eaidim\u0105, spr\u0119skite galvos\u016bkius, sekite \u012fkal\u010dius ir atraskite \u017eudik\u0105 savo tempu!","_kad_blocks_custom_css":"","_kad_blocks_head_custom_js":"","_kad_blocks_body_custom_js":"","_kad_blocks_footer_custom_js":"","ghostkit_customizer_options":"","ghostkit_custom_css":"","ghostkit_custom_js_head":"","ghostkit_custom_js_foot":"","ghostkit_typography":"","_kad_post_transparent":"","_kad_post_title":"","_kad_post_layout":"","_kad_post_sidebar_id":"","_kad_post_content_style":"","_kad_post_vertical_padding":"","_kad_post_feature":"","_kad_post_feature_position":"","_kad_post_header":false,"_kad_post_footer":false,"_kad_post_classname":"","_links_to":"","_links_to_target":""},"game-concept":[783],"location":[207],"product_brand":[],"product_cat":[27],"product_tag":[],"class_list":{"0":"post-61162","1":"product","2":"type-product","3":"status-publish","4":"has-post-thumbnail","6":"game-concept-sherlock","7":"location-innsbruck","8":"product_cat-geen-categorie","10":"first","11":"instock","12":"shipping-taxable","13":"purchasable","14":"product-type-simple","15":"entry","16":"content-bg","17":"loop-entry"},"acf":{"full_bokun_product_name":"Innsbruck Self-Guided Sherlock Holmes Murder Mystery Game","location_name":"Innsbruck","bokun_calendar_widget_code":"<script type=\"text\/javascript\" src=\"https:\/\/widgets.bokun.io\/assets\/javascripts\/apps\/build\/BokunWidgetsLoader.js?bookingChannelUUID=a1e93e96-5232-4734-a595-28405f4b5a31\" async><\/script>\n     \n    <div class=\"bokunWidget\" data-src=\"https:\/\/widgets.bokun.io\/online-sales\/a1e93e96-5232-4734-a595-28405f4b5a31\/experience-calendar\/771880\"><\/div>\n    <noscript>Please enable javascript in your browser to book<\/noscript>","bokun_button_widget_code":"<script type=\"text\/javascript\" src=\"https:\/\/widgets.bokun.io\/assets\/javascripts\/apps\/build\/BokunWidgetsLoader.js?bookingChannelUUID=a1e93e96-5232-4734-a595-28405f4b5a31\" async><\/script>\n      <style> #bokun_ed001e45_5927_4f62_b470_ca766338d083 { display: inline-block; padding: .4em 1em; background: #47b82e; border-radius: 999999px; box-shadow: none; font-weight: 600; font-size: 24px; text-decoration: none; text-align: center; color: #FFFFFF; border:none; cursor: pointer; transition: background .2s ease; } #bokun_ed001e45_5927_4f62_b470_ca766338d083:hover{ background: #2f7b1f; } #bokun_ed001e45_5927_4f62_b470_ca766338d083:active{ background: #378f24; } <\/style> <button class=\"bokunButton\" disabled id=bokun_ed001e45_5927_4f62_b470_ca766338d083 data-src=\"https:\/\/widgets.bokun.io\/online-sales\/a1e93e96-5232-4734-a595-28405f4b5a31\/experience-calendar\/771880?partialView=1\" data-testid=\"widget-book-button\" > Book now <\/button> ","what_you\u2019ll_experience_during_the_game":"\u201eSherlock Holmes City Game\u201c Insbruke pasinersite \u012f \u012ftraukian\u010di\u0105 detektyvin\u0119 istorij\u0105, kurios fonas \u2013 Laisv\u0117s festivalis. Keliaujant miesto gatv\u0117mis, paslaptis pama\u017eu atsiskleid\u017eia. J\u016bs sekiote \u012fkal\u010di\u0173 p\u0117dsakais, sprend\u017eiate kruop\u0161\u010diai sukurtus galvos\u016bkius ir susiduriate su netik\u0117tais pos\u016bkiais, kurie kiekviename \u017eingsnyje i\u0161bando j\u016bs\u0173 instinktus. Kiekvienas sprendimas gilina j\u016bs\u0173 tyrim\u0105, tikrindamas j\u016bs\u0173 kritin\u012f m\u0105stym\u0105 ir d\u0117mes\u012f detal\u0117ms.\n\nJ\u016bs apklausiate skaitmeninius \u012ftariamuosius, analizuojate alibi ir atskleid\u017eiate prie\u0161taravimus, kurie gali priartinti jus prie tiesos, slypin\u010dios u\u017e \u0161okiruojan\u010dios \u017emog\u017eudyst\u0117s. Kiekviename \u017eingsnyje istorija i\u0161laiko jus pasin\u0117rusius \u012f besivystan\u010di\u0105 byl\u0105, visi\u0161kai valdom\u0105 j\u016bs\u0173 pasirinkim\u0173 ir pasteb\u0117jim\u0173. Galite pristabdyti ir t\u0119sti tyrim\u0105 bet kada, tod\u0117l lengva \u017eaisti savo tempu. Jei \u017eaid\u017eiate komandoje, galite netgi pasirinkti var\u017eytis, kad i\u0161spr\u0119stum\u0117te byl\u0105 grei\u010diau. Nesvarbu, ar narpliojate klaiding\u0105 p\u0117dsak\u0105, ar atskleid\u017eiate pasl\u0117pt\u0105 motyv\u0105, j\u016bs\u0173 dedukciniai \u012fg\u016bd\u017eiai atsiduria d\u0117mesio centre.","how_to_play":"\u017daiskite vienas arba su draugais, \u0161eima ar kolegomis, iki keturi\u0173 \u017eaid\u0117j\u0173 viename \u012frenginyje. U\u017esisak\u0119 gausite instrukcij\u0173 el. lai\u0161k\u0105 su viskuo, ko jums reikia.","start_location":"Innsbruck, Annas\u00e4ule","available_languages":["en","es","fr","de","it","nl"],"players_per_group":"1-4","duration":"1.5-2 hours","image_overlay_color_image":"https:\/\/testwebsite.citygame.com\/wp-content\/blogs.dir\/1\/files\/sites\/62\/2026\/01\/SherlockColor.svg","image_overlay_game_logo":"https:\/\/testwebsite.citygame.com\/wp-content\/blogs.dir\/1\/files\/sites\/62\/2026\/01\/SherlockLogo.png","city_page":9215,"woocommerce_general_content":null},"yoast_head":"<!-- This site is optimized with the Yoast SEO Premium plugin v26.2 (Yoast SEO v26.3) - https:\/\/yoast.com\/wordpress\/plugins\/seo\/ -->\n<title>Sherlock Holmes Innsbruck - City Game<\/title>\n<meta name=\"description\" content=\"Sherlock Holmes Innsbruck. \u017daiskite savaranki\u0161k\u0105 \u017emog\u017eudyst\u0117s paslapties miesto \u017eaidim\u0105, spr\u0119skite galvos\u016bkius, sekite \u012fkal\u010dius ir atraskite \u017eudik\u0105 savo tempu!\" \/>\n<meta name=\"robots\" content=\"noindex, follow, max-snippet:-1, max-image-preview:large, max-video-preview:-1\" \/>\n<meta property=\"og:locale\" content=\"lt_LT\" \/>\n<meta property=\"og:type\" content=\"article\" \/>\n<meta property=\"og:title\" content=\"Sherlock Holmes Innsbruck\" \/>\n<meta property=\"og:description\" content=\"Sherlock Holmes Innsbruck. \u017daiskite savaranki\u0161k\u0105 \u017emog\u017eudyst\u0117s paslapties miesto \u017eaidim\u0105, spr\u0119skite galvos\u016bkius, sekite \u012fkal\u010dius ir atraskite \u017eudik\u0105 savo tempu!\" \/>\n<meta property=\"og:url\" content=\"https:\/\/testwebsite.citygame.com\/lt\/games\/innsbruck\/sherlock-holmes-innsbruck\/\" \/>\n<meta property=\"og:site_name\" content=\"City Game\" \/>\n<meta property=\"article:publisher\" content=\"https:\/\/www.facebook.com\/profile.php?id=100086426226253\" \/>\n<meta property=\"article:modified_time\" content=\"2026-04-08T07:13:13+00:00\" \/>\n<meta property=\"og:image\" content=\"https:\/\/testwebsite.citygame.com\/wp-content\/blogs.dir\/1\/files\/sites\/62\/2026\/02\/group-of-friends-playing-city-game-innsbruck.jpg\" \/>\n\t<meta property=\"og:image:width\" content=\"1344\" \/>\n\t<meta property=\"og:image:height\" content=\"768\" \/>\n\t<meta property=\"og:image:type\" content=\"image\/jpeg\" \/>\n<meta name=\"twitter:card\" content=\"summary_large_image\" \/>\n<script type=\"application\/ld+json\" class=\"yoast-schema-graph\">{\"@context\":\"https:\/\/schema.org\",\"@graph\":[{\"@type\":\"WebPage\",\"@id\":\"https:\/\/testwebsite.citygame.com\/lt\/games\/innsbruck\/sherlock-holmes-innsbruck\/\",\"url\":\"https:\/\/testwebsite.citygame.com\/lt\/games\/innsbruck\/sherlock-holmes-innsbruck\/\",\"name\":\"Sherlock Holmes Innsbruck - City Game\",\"isPartOf\":{\"@id\":\"https:\/\/testwebsite.upevents.nl\/#website\"},\"primaryImageOfPage\":{\"@id\":\"https:\/\/testwebsite.citygame.com\/lt\/games\/innsbruck\/sherlock-holmes-innsbruck\/#primaryimage\"},\"image\":{\"@id\":\"https:\/\/testwebsite.citygame.com\/lt\/games\/innsbruck\/sherlock-holmes-innsbruck\/#primaryimage\"},\"thumbnailUrl\":\"https:\/\/testwebsite.citygame.com\/wp-content\/blogs.dir\/1\/files\/sites\/62\/2026\/02\/group-of-friends-playing-city-game-innsbruck.jpg\",\"datePublished\":\"2026-02-11T13:37:54+00:00\",\"dateModified\":\"2026-04-08T07:13:13+00:00\",\"description\":\"Sherlock Holmes Innsbruck. \u017daiskite savaranki\u0161k\u0105 \u017emog\u017eudyst\u0117s paslapties miesto \u017eaidim\u0105, spr\u0119skite galvos\u016bkius, sekite \u012fkal\u010dius ir atraskite \u017eudik\u0105 savo tempu!\",\"breadcrumb\":{\"@id\":\"https:\/\/testwebsite.citygame.com\/lt\/games\/innsbruck\/sherlock-holmes-innsbruck\/#breadcrumb\"},\"inLanguage\":\"lt-LT\",\"potentialAction\":[{\"@type\":\"ReadAction\",\"target\":[\"https:\/\/testwebsite.citygame.com\/lt\/games\/innsbruck\/sherlock-holmes-innsbruck\/\"]}]},{\"@type\":\"ImageObject\",\"inLanguage\":\"lt-LT\",\"@id\":\"https:\/\/testwebsite.citygame.com\/lt\/games\/innsbruck\/sherlock-holmes-innsbruck\/#primaryimage\",\"url\":\"https:\/\/testwebsite.citygame.com\/wp-content\/blogs.dir\/1\/files\/sites\/62\/2026\/02\/group-of-friends-playing-city-game-innsbruck.jpg\",\"contentUrl\":\"https:\/\/testwebsite.citygame.com\/wp-content\/blogs.dir\/1\/files\/sites\/62\/2026\/02\/group-of-friends-playing-city-game-innsbruck.jpg\",\"width\":1344,\"height\":768,\"caption\":\"A group of friends work together to solve a challenge on their phone in Innsbruck.\"},{\"@type\":\"BreadcrumbList\",\"@id\":\"https:\/\/testwebsite.citygame.com\/lt\/games\/innsbruck\/sherlock-holmes-innsbruck\/#breadcrumb\",\"itemListElement\":[{\"@type\":\"ListItem\",\"position\":1,\"name\":\"Home\",\"item\":\"https:\/\/testwebsite.citygame.com\/lt\/\"},{\"@type\":\"ListItem\",\"position\":2,\"name\":\"Shop\",\"item\":\"https:\/\/testwebsite.citygame.com\/shop\/\"},{\"@type\":\"ListItem\",\"position\":3,\"name\":\"Sherlock Holmes Innsbruck\"}]},{\"@type\":\"WebSite\",\"@id\":\"https:\/\/testwebsite.upevents.nl\/#website\",\"url\":\"https:\/\/testwebsite.upevents.nl\/\",\"name\":\"City Game\",\"description\":\"\",\"publisher\":{\"@id\":\"https:\/\/testwebsite.upevents.nl\/#organization\"},\"alternateName\":\"citygame.com\",\"potentialAction\":[{\"@type\":\"SearchAction\",\"target\":{\"@type\":\"EntryPoint\",\"urlTemplate\":\"https:\/\/testwebsite.upevents.nl\/?s={search_term_string}\"},\"query-input\":{\"@type\":\"PropertyValueSpecification\",\"valueRequired\":true,\"valueName\":\"search_term_string\"}}],\"inLanguage\":\"lt-LT\"},{\"@type\":[\"Organization\",\"Place\"],\"@id\":\"https:\/\/testwebsite.upevents.nl\/#organization\",\"name\":\"City Game\",\"alternateName\":\"citygame.com\",\"url\":\"https:\/\/testwebsite.upevents.nl\/\",\"logo\":{\"@id\":\"https:\/\/testwebsite.citygame.com\/lt\/games\/innsbruck\/sherlock-holmes-innsbruck\/#local-main-organization-logo\"},\"image\":{\"@id\":\"https:\/\/testwebsite.citygame.com\/lt\/games\/innsbruck\/sherlock-holmes-innsbruck\/#local-main-organization-logo\"},\"sameAs\":[\"https:\/\/www.facebook.com\/profile.php?id=100086426226253\",\"https:\/\/www.instagram.com\/citygame_com\",\"https:\/\/www.tiktok.com\/@citygamecom\/\",\"https:\/\/www.linkedin.com\/company\/citygame-com\"],\"description\":\"Turn any city into a playground with our interactive City Games and self-guided tours. Fun, flexible, and ideal for groups and team building.\",\"telephone\":[],\"openingHoursSpecification\":[{\"@type\":\"OpeningHoursSpecification\",\"dayOfWeek\":[\"Monday\",\"Tuesday\",\"Wednesday\",\"Thursday\",\"Friday\",\"Saturday\",\"Sunday\"],\"opens\":\"09:00\",\"closes\":\"17:00\"}]},{\"@type\":\"ImageObject\",\"inLanguage\":\"lt-LT\",\"@id\":\"https:\/\/testwebsite.citygame.com\/lt\/games\/innsbruck\/sherlock-holmes-innsbruck\/#local-main-organization-logo\",\"url\":\"https:\/\/testwebsite.citygame.com\/wp-content\/blogs.dir\/1\/files\/sites\/62\/2025\/10\/CG_LOGO-City-Game.png\",\"contentUrl\":\"https:\/\/testwebsite.citygame.com\/wp-content\/blogs.dir\/1\/files\/sites\/62\/2025\/10\/CG_LOGO-City-Game.png\",\"width\":351,\"height\":377,\"caption\":\"City Game\"}]}<\/script>\n<!-- \/ Yoast SEO Premium plugin. -->","yoast_head_json":{"title":"Sherlock Holmes Innsbruck - City Game","description":"Sherlock Holmes Innsbruck. \u017daiskite savaranki\u0161k\u0105 \u017emog\u017eudyst\u0117s paslapties miesto \u017eaidim\u0105, spr\u0119skite galvos\u016bkius, sekite \u012fkal\u010dius ir atraskite \u017eudik\u0105 savo tempu!","robots":{"index":"noindex","follow":"follow","max-snippet":"max-snippet:-1","max-image-preview":"max-image-preview:large","max-video-preview":"max-video-preview:-1"},"og_locale":"lt_LT","og_type":"article","og_title":"Sherlock Holmes Innsbruck","og_description":"Sherlock Holmes Innsbruck. \u017daiskite savaranki\u0161k\u0105 \u017emog\u017eudyst\u0117s paslapties miesto \u017eaidim\u0105, spr\u0119skite galvos\u016bkius, sekite \u012fkal\u010dius ir atraskite \u017eudik\u0105 savo tempu!","og_url":"https:\/\/testwebsite.citygame.com\/lt\/games\/innsbruck\/sherlock-holmes-innsbruck\/","og_site_name":"City Game","article_publisher":"https:\/\/www.facebook.com\/profile.php?id=100086426226253","article_modified_time":"2026-04-08T07:13:13+00:00","og_image":[{"width":1344,"height":768,"url":"https:\/\/testwebsite.citygame.com\/wp-content\/blogs.dir\/1\/files\/sites\/62\/2026\/02\/group-of-friends-playing-city-game-innsbruck.jpg","type":"image\/jpeg"}],"twitter_card":"summary_large_image","schema":{"@context":"https:\/\/schema.org","@graph":[{"@type":"WebPage","@id":"https:\/\/testwebsite.citygame.com\/lt\/games\/innsbruck\/sherlock-holmes-innsbruck\/","url":"https:\/\/testwebsite.citygame.com\/lt\/games\/innsbruck\/sherlock-holmes-innsbruck\/","name":"Sherlock Holmes Innsbruck - City Game","isPartOf":{"@id":"https:\/\/testwebsite.upevents.nl\/#website"},"primaryImageOfPage":{"@id":"https:\/\/testwebsite.citygame.com\/lt\/games\/innsbruck\/sherlock-holmes-innsbruck\/#primaryimage"},"image":{"@id":"https:\/\/testwebsite.citygame.com\/lt\/games\/innsbruck\/sherlock-holmes-innsbruck\/#primaryimage"},"thumbnailUrl":"https:\/\/testwebsite.citygame.com\/wp-content\/blogs.dir\/1\/files\/sites\/62\/2026\/02\/group-of-friends-playing-city-game-innsbruck.jpg","datePublished":"2026-02-11T13:37:54+00:00","dateModified":"2026-04-08T07:13:13+00:00","description":"Sherlock Holmes Innsbruck. \u017daiskite savaranki\u0161k\u0105 \u017emog\u017eudyst\u0117s paslapties miesto \u017eaidim\u0105, spr\u0119skite galvos\u016bkius, sekite \u012fkal\u010dius ir atraskite \u017eudik\u0105 savo tempu!","breadcrumb":{"@id":"https:\/\/testwebsite.citygame.com\/lt\/games\/innsbruck\/sherlock-holmes-innsbruck\/#breadcrumb"},"inLanguage":"lt-LT","potentialAction":[{"@type":"ReadAction","target":["https:\/\/testwebsite.citygame.com\/lt\/games\/innsbruck\/sherlock-holmes-innsbruck\/"]}]},{"@type":"ImageObject","inLanguage":"lt-LT","@id":"https:\/\/testwebsite.citygame.com\/lt\/games\/innsbruck\/sherlock-holmes-innsbruck\/#primaryimage","url":"https:\/\/testwebsite.citygame.com\/wp-content\/blogs.dir\/1\/files\/sites\/62\/2026\/02\/group-of-friends-playing-city-game-innsbruck.jpg","contentUrl":"https:\/\/testwebsite.citygame.com\/wp-content\/blogs.dir\/1\/files\/sites\/62\/2026\/02\/group-of-friends-playing-city-game-innsbruck.jpg","width":1344,"height":768,"caption":"A group of friends work together to solve a challenge on their phone in Innsbruck."},{"@type":"BreadcrumbList","@id":"https:\/\/testwebsite.citygame.com\/lt\/games\/innsbruck\/sherlock-holmes-innsbruck\/#breadcrumb","itemListElement":[{"@type":"ListItem","position":1,"name":"Home","item":"https:\/\/testwebsite.citygame.com\/lt\/"},{"@type":"ListItem","position":2,"name":"Shop","item":"https:\/\/testwebsite.citygame.com\/shop\/"},{"@type":"ListItem","position":3,"name":"Sherlock Holmes Innsbruck"}]},{"@type":"WebSite","@id":"https:\/\/testwebsite.upevents.nl\/#website","url":"https:\/\/testwebsite.upevents.nl\/","name":"City Game","description":"","publisher":{"@id":"https:\/\/testwebsite.upevents.nl\/#organization"},"alternateName":"citygame.com","potentialAction":[{"@type":"SearchAction","target":{"@type":"EntryPoint","urlTemplate":"https:\/\/testwebsite.upevents.nl\/?s={search_term_string}"},"query-input":{"@type":"PropertyValueSpecification","valueRequired":true,"valueName":"search_term_string"}}],"inLanguage":"lt-LT"},{"@type":["Organization","Place"],"@id":"https:\/\/testwebsite.upevents.nl\/#organization","name":"City Game","alternateName":"citygame.com","url":"https:\/\/testwebsite.upevents.nl\/","logo":{"@id":"https:\/\/testwebsite.citygame.com\/lt\/games\/innsbruck\/sherlock-holmes-innsbruck\/#local-main-organization-logo"},"image":{"@id":"https:\/\/testwebsite.citygame.com\/lt\/games\/innsbruck\/sherlock-holmes-innsbruck\/#local-main-organization-logo"},"sameAs":["https:\/\/www.facebook.com\/profile.php?id=100086426226253","https:\/\/www.instagram.com\/citygame_com","https:\/\/www.tiktok.com\/@citygamecom\/","https:\/\/www.linkedin.com\/company\/citygame-com"],"description":"Turn any city into a playground with our interactive City Games and self-guided tours. Fun, flexible, and ideal for groups and team building.","telephone":[],"openingHoursSpecification":[{"@type":"OpeningHoursSpecification","dayOfWeek":["Monday","Tuesday","Wednesday","Thursday","Friday","Saturday","Sunday"],"opens":"09:00","closes":"17:00"}]},{"@type":"ImageObject","inLanguage":"lt-LT","@id":"https:\/\/testwebsite.citygame.com\/lt\/games\/innsbruck\/sherlock-holmes-innsbruck\/#local-main-organization-logo","url":"https:\/\/testwebsite.citygame.com\/wp-content\/blogs.dir\/1\/files\/sites\/62\/2025\/10\/CG_LOGO-City-Game.png","contentUrl":"https:\/\/testwebsite.citygame.com\/wp-content\/blogs.dir\/1\/files\/sites\/62\/2025\/10\/CG_LOGO-City-Game.png","width":351,"height":377,"caption":"City Game"}]}},"taxonomy_info":{"game-concept":[{"value":783,"label":"Sherlock"}],"location":[{"value":207,"label":"Innsbruck"}],"product_cat":[{"value":27,"label":"Geen categorie"}]},"featured_image_src_large":["https:\/\/testwebsite.citygame.com\/wp-content\/blogs.dir\/1\/files\/sites\/62\/2026\/02\/group-of-friends-playing-city-game-innsbruck-1024x585.jpg",1024,585,true],"author_info":[],"comment_info":"","_links":{"self":[{"href":"https:\/\/testwebsite.citygame.com\/lt\/wp-json\/wp\/v2\/product\/61162","targetHints":{"allow":["GET"]}}],"collection":[{"href":"https:\/\/testwebsite.citygame.com\/lt\/wp-json\/wp\/v2\/product"}],"about":[{"href":"https:\/\/testwebsite.citygame.com\/lt\/wp-json\/wp\/v2\/types\/product"}],"acf:post":[{"embeddable":true,"href":"https:\/\/testwebsite.citygame.com\/lt\/wp-json\/wp\/v2\/pages\/9215"}],"wp:featuredmedia":[{"embeddable":true,"href":"https:\/\/testwebsite.citygame.com\/lt\/wp-json\/wp\/v2\/media\/12569"}],"wp:attachment":[{"href":"https:\/\/testwebsite.citygame.com\/lt\/wp-json\/wp\/v2\/media?parent=61162"}],"wp:term":[{"taxonomy":"game-concept","embeddable":true,"href":"https:\/\/testwebsite.citygame.com\/lt\/wp-json\/wp\/v2\/game-concept?post=61162"},{"taxonomy":"location","embeddable":true,"href":"https:\/\/testwebsite.citygame.com\/lt\/wp-json\/wp\/v2\/location?post=61162"},{"taxonomy":"product_brand","embeddable":true,"href":"https:\/\/testwebsite.citygame.com\/lt\/wp-json\/wp\/v2\/product_brand?post=61162"},{"taxonomy":"product_cat","embeddable":true,"href":"https:\/\/testwebsite.citygame.com\/lt\/wp-json\/wp\/v2\/product_cat?post=61162"},{"taxonomy":"product_tag","embeddable":true,"href":"https:\/\/testwebsite.citygame.com\/lt\/wp-json\/wp\/v2\/product_tag?post=61162"}],"curies":[{"name":"wp","href":"https:\/\/api.w.org\/{rel}","templated":true}]}}