{"id":61161,"date":"2026-02-16T08:03:47","date_gmt":"2026-02-16T08:03:47","guid":{"rendered":"https:\/\/testwebsite.citygame.com\/games\/unknown-location\/the-luxembourg-syndicate\/"},"modified":"2026-04-08T07:13:04","modified_gmt":"2026-04-08T07:13:04","slug":"the-luxembourg-syndicate","status":"publish","type":"product","link":"https:\/\/testwebsite.citygame.com\/lt\/games\/luxembourg-city\/the-luxembourg-syndicate\/","title":{"rendered":"The Luxembourg Syndicate"},"content":{"rendered":"<p>The Luxembourg Syndicate yra savaranki\u0161kas \u201eCity Escape Game\u201c Liuksemburgo istoriniame miesto centre. Komandos dirba kartu \u0161iame \u201eCity Game\u201c Liuksemburge, kad surast\u0173 sunkiai pasiekiam\u0105 Magnus ir atgaut\u0173 \u0161e\u0161ias pavogtas formules, \u017eingsnis po \u017eingsnio vykdydamos misij\u0105. \u012etraukiantys galvos\u016bkiai, interaktyv\u016bs i\u0161\u0161\u016bkiai ir stiprus pasakojimo d\u0117mesys daro \u0161\u012f savaranki\u0161k\u0105 miesto \u017eaidim\u0105 komandinio darbo ir strategijos i\u0161bandymu.<\/p>\n","protected":false},"excerpt":{"rendered":"<p>Leiskit\u0117s \u012f Liuksemburgo \u0161ird\u012f su \u0161iuo \u012fdomiu, savaranki\u0161ku miesto pab\u0117gimo \u017eaidimu. Pasitelkite savo bendr\u0105 prot\u0105, kad sektum\u0117te paslaptingas u\u017euominas, spr\u0119stum\u0117te i\u0161radingus galvos\u016bkius, atskleistum\u0117te \u017eavi\u0105 istorij\u0105 ir nugal\u0117tum\u0117te tiksint\u012f laikrod\u012f &#8211; po vien\u0105 jaudinant\u012f i\u0161\u0161\u016bk\u012f!<\/p>\n","protected":false},"featured_media":14207,"template":"","meta":{"_acf_changed":false,"_yoast_wpseo_focuskw":"The Luxembourg Syndicate","_yoast_wpseo_metadesc":"The Luxembourg Syndicate. \u017daiskite savaranki\u0161k\u0105 \u201eCity Escape Game\u201c, spr\u0119skite galvos\u016bkius, atlikite misijas ir atgaukite pavogtas formules savo tempu!","_kad_blocks_custom_css":"","_kad_blocks_head_custom_js":"","_kad_blocks_body_custom_js":"","_kad_blocks_footer_custom_js":"","ghostkit_customizer_options":"","ghostkit_custom_css":"","ghostkit_custom_js_head":"","ghostkit_custom_js_foot":"","ghostkit_typography":"","_kad_post_transparent":"default","_kad_post_title":"","_kad_post_layout":"default","_kad_post_sidebar_id":"","_kad_post_content_style":"default","_kad_post_vertical_padding":"default","_kad_post_feature":"","_kad_post_feature_position":"","_kad_post_header":false,"_kad_post_footer":false,"_kad_post_classname":"","_links_to":"","_links_to_target":""},"game-concept":[752],"location":[553],"product_brand":[],"product_cat":[27],"product_tag":[],"class_list":{"0":"post-61161","1":"product","2":"type-product","3":"status-publish","4":"has-post-thumbnail","6":"game-concept-syndicate","7":"location-luxembourg-city","8":"product_cat-geen-categorie","10":"first","11":"instock","12":"shipping-taxable","13":"purchasable","14":"product-type-simple","15":"entry","16":"content-bg","17":"loop-entry"},"acf":{"full_bokun_product_name":"Self-Guided The Luxembourg Syndicate City Escape Game","location_name":"Luxembourg","bokun_calendar_widget_code":"<script type=\"text\/javascript\" src=\"https:\/\/widgets.bokun.io\/assets\/javascripts\/apps\/build\/BokunWidgetsLoader.js?bookingChannelUUID=a1e93e96-5232-4734-a595-28405f4b5a31\" async><\/script>\n     \n    <div class=\"bokunWidget\" data-src=\"https:\/\/widgets.bokun.io\/online-sales\/a1e93e96-5232-4734-a595-28405f4b5a31\/experience-calendar\/872771\"><\/div>\n    <noscript>Please enable javascript in your browser to book<\/noscript>","bokun_button_widget_code":"<script type=\"text\/javascript\" src=\"https:\/\/widgets.bokun.io\/assets\/javascripts\/apps\/build\/BokunWidgetsLoader.js?bookingChannelUUID=a1e93e96-5232-4734-a595-28405f4b5a31\" async><\/script>\n      <style> #bokun_ed001e45_5927_4f62_b470_ca766338d083 { display: inline-block; padding: .4em 1em; background: #47b82e; border-radius: 999999px; box-shadow: none; font-weight: 600; font-size: 24px; text-decoration: none; text-align: center; color: #FFFFFF; border:none; cursor: pointer; transition: background .2s ease; } #bokun_ed001e45_5927_4f62_b470_ca766338d083:hover{ background: #2f7b1f; } #bokun_ed001e45_5927_4f62_b470_ca766338d083:active{ background: #378f24; } <\/style> <button class=\"bokunButton\" disabled id=bokun_ed001e45_5927_4f62_b470_ca766338d083 data-src=\"https:\/\/widgets.bokun.io\/online-sales\/a1e93e96-5232-4734-a595-28405f4b5a31\/experience-calendar\/872771?partialView=1\" data-testid=\"widget-book-button\" > Book now <\/button> ","what_you\u2019ll_experience_during_the_game":"J\u016bs ir j\u016bs\u0173 komanda \u012fsitrauksite \u012f dideli\u0173 statym\u0173 pab\u0117gimo misij\u0105 Liuksemburgo gatv\u0117mis, kur kiekvienas sprendimas gali priartinti jus prie tiesos atskleidimo arba prarasti prana\u0161um\u0105. Istorija rutuliojasi \u017eingsnis po \u017eingsnio, kai nar\u0161ote miest\u0105, sekdami Magnus, sukto veik\u0117jo, atsakingo u\u017e \u0161e\u0161i\u0173 eksperimentini\u0173 formuli\u0173, kurias reikia atgauti, kol jos visi\u0161kai nepradingo, p\u0117dsakais.\r\n\r\nKiekviena misijos faz\u0117 pristato naujus \u0161ifruot\u0173 kod\u0173 sluoksnius, bendradarbiavimo i\u0161\u0161\u016bkius ir laiko apribotas u\u017eduotis, skirtas patikrinti j\u016bs\u0173 komandin\u012f darb\u0105 ir bendravim\u0105. J\u016bs\u0173 aplinka tampa istorijos dalimi, panardinanti jus giliau \u012f besivystant\u012f pasakojim\u0105. Patirtis yra visi\u0161kai pagr\u012fsta istorija, leid\u017eianti pristabdyti ir t\u0119sti misij\u0105 savo tempu neprarandant pagrei\u010dio. Strateginis m\u0105stymas, bendri atradimai ir greiti sprendimai formuos j\u016bs\u0173 keli\u0105 \u012f priek\u012f, kai dirbsite kartu, kad s\u0117kmingai u\u017ebaigtum\u0117te \u0161i\u0105 slapt\u0105 operacij\u0105.","how_to_play":"U\u017esisakykite \u201eCity Game\u201c, patikrinkite el. lai\u0161k\u0105, kur\u012f jums atsi\u0173sime su instrukcijomis, atsisi\u0173skite \u201eLoquiz App\u201c ir prad\u0117kite savo \u017eaidimo patirt\u012f!","start_location":"Luxembourg, Place de la Constitution","available_languages":["en"],"players_per_group":"1-4","duration":"1.5-2 hours","image_overlay_color_image":"https:\/\/testwebsite.citygame.com\/wp-content\/blogs.dir\/1\/files\/sites\/62\/2026\/01\/SyndicateColor.svg","image_overlay_game_logo":"https:\/\/testwebsite.citygame.com\/wp-content\/blogs.dir\/1\/files\/sites\/62\/2026\/01\/SyndicateLogo.png","city_page":12299,"woocommerce_general_content":null},"yoast_head":"<!-- This site is optimized with the Yoast SEO Premium plugin v26.2 (Yoast SEO v26.3) - https:\/\/yoast.com\/wordpress\/plugins\/seo\/ -->\n<title>The Luxembourg Syndicate - City Game<\/title>\n<meta name=\"description\" content=\"The Luxembourg Syndicate. \u017daiskite savaranki\u0161k\u0105 \u201eCity Escape Game\u201c, spr\u0119skite galvos\u016bkius, atlikite misijas ir atgaukite pavogtas formules savo tempu!\" \/>\n<meta name=\"robots\" content=\"noindex, follow, max-snippet:-1, max-image-preview:large, max-video-preview:-1\" \/>\n<meta property=\"og:locale\" content=\"lt_LT\" \/>\n<meta property=\"og:type\" content=\"article\" \/>\n<meta property=\"og:title\" content=\"The Luxembourg Syndicate\" \/>\n<meta property=\"og:description\" content=\"The Luxembourg Syndicate. \u017daiskite savaranki\u0161k\u0105 \u201eCity Escape Game\u201c, spr\u0119skite galvos\u016bkius, atlikite misijas ir atgaukite pavogtas formules savo tempu!\" \/>\n<meta property=\"og:url\" content=\"https:\/\/testwebsite.citygame.com\/lt\/games\/luxembourg-city\/the-luxembourg-syndicate\/\" \/>\n<meta property=\"og:site_name\" content=\"City Game\" \/>\n<meta property=\"article:publisher\" content=\"https:\/\/www.facebook.com\/profile.php?id=100086426226253\" \/>\n<meta property=\"article:modified_time\" content=\"2026-04-08T07:13:04+00:00\" \/>\n<meta property=\"og:image\" content=\"https:\/\/testwebsite.citygame.com\/wp-content\/blogs.dir\/1\/files\/sites\/62\/2026\/02\/group-of-friends-playing-city-game-luxembourg-museum.jpg\" \/>\n\t<meta property=\"og:image:width\" content=\"1024\" \/>\n\t<meta property=\"og:image:height\" content=\"1024\" \/>\n\t<meta property=\"og:image:type\" content=\"image\/jpeg\" \/>\n<meta name=\"twitter:card\" content=\"summary_large_image\" \/>\n<script type=\"application\/ld+json\" class=\"yoast-schema-graph\">{\"@context\":\"https:\/\/schema.org\",\"@graph\":[{\"@type\":\"WebPage\",\"@id\":\"https:\/\/testwebsite.citygame.com\/lt\/games\/luxembourg-city\/the-luxembourg-syndicate\/\",\"url\":\"https:\/\/testwebsite.citygame.com\/lt\/games\/luxembourg-city\/the-luxembourg-syndicate\/\",\"name\":\"The Luxembourg Syndicate - City Game\",\"isPartOf\":{\"@id\":\"https:\/\/testwebsite.upevents.nl\/#website\"},\"primaryImageOfPage\":{\"@id\":\"https:\/\/testwebsite.citygame.com\/lt\/games\/luxembourg-city\/the-luxembourg-syndicate\/#primaryimage\"},\"image\":{\"@id\":\"https:\/\/testwebsite.citygame.com\/lt\/games\/luxembourg-city\/the-luxembourg-syndicate\/#primaryimage\"},\"thumbnailUrl\":\"https:\/\/testwebsite.citygame.com\/wp-content\/blogs.dir\/1\/files\/sites\/62\/2026\/02\/group-of-friends-playing-city-game-luxembourg-museum.jpg\",\"datePublished\":\"2026-02-16T08:03:47+00:00\",\"dateModified\":\"2026-04-08T07:13:04+00:00\",\"description\":\"The Luxembourg Syndicate. \u017daiskite savaranki\u0161k\u0105 \u201eCity Escape Game\u201c, spr\u0119skite galvos\u016bkius, atlikite misijas ir atgaukite pavogtas formules savo tempu!\",\"breadcrumb\":{\"@id\":\"https:\/\/testwebsite.citygame.com\/lt\/games\/luxembourg-city\/the-luxembourg-syndicate\/#breadcrumb\"},\"inLanguage\":\"lt-LT\",\"potentialAction\":[{\"@type\":\"ReadAction\",\"target\":[\"https:\/\/testwebsite.citygame.com\/lt\/games\/luxembourg-city\/the-luxembourg-syndicate\/\"]}]},{\"@type\":\"ImageObject\",\"inLanguage\":\"lt-LT\",\"@id\":\"https:\/\/testwebsite.citygame.com\/lt\/games\/luxembourg-city\/the-luxembourg-syndicate\/#primaryimage\",\"url\":\"https:\/\/testwebsite.citygame.com\/wp-content\/blogs.dir\/1\/files\/sites\/62\/2026\/02\/group-of-friends-playing-city-game-luxembourg-museum.jpg\",\"contentUrl\":\"https:\/\/testwebsite.citygame.com\/wp-content\/blogs.dir\/1\/files\/sites\/62\/2026\/02\/group-of-friends-playing-city-game-luxembourg-museum.jpg\",\"width\":1024,\"height\":1024,\"caption\":\"A group of young adults enjoys a sunny day playing a city game in Luxembourg.\"},{\"@type\":\"BreadcrumbList\",\"@id\":\"https:\/\/testwebsite.citygame.com\/lt\/games\/luxembourg-city\/the-luxembourg-syndicate\/#breadcrumb\",\"itemListElement\":[{\"@type\":\"ListItem\",\"position\":1,\"name\":\"Home\",\"item\":\"https:\/\/testwebsite.citygame.com\/lt\/\"},{\"@type\":\"ListItem\",\"position\":2,\"name\":\"Shop\",\"item\":\"https:\/\/testwebsite.citygame.com\/shop\/\"},{\"@type\":\"ListItem\",\"position\":3,\"name\":\"The Luxembourg Syndicate\"}]},{\"@type\":\"WebSite\",\"@id\":\"https:\/\/testwebsite.upevents.nl\/#website\",\"url\":\"https:\/\/testwebsite.upevents.nl\/\",\"name\":\"City Game\",\"description\":\"\",\"publisher\":{\"@id\":\"https:\/\/testwebsite.upevents.nl\/#organization\"},\"alternateName\":\"citygame.com\",\"potentialAction\":[{\"@type\":\"SearchAction\",\"target\":{\"@type\":\"EntryPoint\",\"urlTemplate\":\"https:\/\/testwebsite.upevents.nl\/?s={search_term_string}\"},\"query-input\":{\"@type\":\"PropertyValueSpecification\",\"valueRequired\":true,\"valueName\":\"search_term_string\"}}],\"inLanguage\":\"lt-LT\"},{\"@type\":[\"Organization\",\"Place\"],\"@id\":\"https:\/\/testwebsite.upevents.nl\/#organization\",\"name\":\"City Game\",\"alternateName\":\"citygame.com\",\"url\":\"https:\/\/testwebsite.upevents.nl\/\",\"logo\":{\"@id\":\"https:\/\/testwebsite.citygame.com\/lt\/games\/luxembourg-city\/the-luxembourg-syndicate\/#local-main-organization-logo\"},\"image\":{\"@id\":\"https:\/\/testwebsite.citygame.com\/lt\/games\/luxembourg-city\/the-luxembourg-syndicate\/#local-main-organization-logo\"},\"sameAs\":[\"https:\/\/www.facebook.com\/profile.php?id=100086426226253\",\"https:\/\/www.instagram.com\/citygame_com\",\"https:\/\/www.tiktok.com\/@citygamecom\/\",\"https:\/\/www.linkedin.com\/company\/citygame-com\"],\"description\":\"Turn any city into a playground with our interactive City Games and self-guided tours. Fun, flexible, and ideal for groups and team building.\",\"telephone\":[],\"openingHoursSpecification\":[{\"@type\":\"OpeningHoursSpecification\",\"dayOfWeek\":[\"Monday\",\"Tuesday\",\"Wednesday\",\"Thursday\",\"Friday\",\"Saturday\",\"Sunday\"],\"opens\":\"09:00\",\"closes\":\"17:00\"}]},{\"@type\":\"ImageObject\",\"inLanguage\":\"lt-LT\",\"@id\":\"https:\/\/testwebsite.citygame.com\/lt\/games\/luxembourg-city\/the-luxembourg-syndicate\/#local-main-organization-logo\",\"url\":\"https:\/\/testwebsite.citygame.com\/wp-content\/blogs.dir\/1\/files\/sites\/62\/2025\/10\/CG_LOGO-City-Game.png\",\"contentUrl\":\"https:\/\/testwebsite.citygame.com\/wp-content\/blogs.dir\/1\/files\/sites\/62\/2025\/10\/CG_LOGO-City-Game.png\",\"width\":351,\"height\":377,\"caption\":\"City Game\"}]}<\/script>\n<!-- \/ Yoast SEO Premium plugin. -->","yoast_head_json":{"title":"The Luxembourg Syndicate - City Game","description":"The Luxembourg Syndicate. \u017daiskite savaranki\u0161k\u0105 \u201eCity Escape Game\u201c, spr\u0119skite galvos\u016bkius, atlikite misijas ir atgaukite pavogtas formules savo tempu!","robots":{"index":"noindex","follow":"follow","max-snippet":"max-snippet:-1","max-image-preview":"max-image-preview:large","max-video-preview":"max-video-preview:-1"},"og_locale":"lt_LT","og_type":"article","og_title":"The Luxembourg Syndicate","og_description":"The Luxembourg Syndicate. \u017daiskite savaranki\u0161k\u0105 \u201eCity Escape Game\u201c, spr\u0119skite galvos\u016bkius, atlikite misijas ir atgaukite pavogtas formules savo tempu!","og_url":"https:\/\/testwebsite.citygame.com\/lt\/games\/luxembourg-city\/the-luxembourg-syndicate\/","og_site_name":"City Game","article_publisher":"https:\/\/www.facebook.com\/profile.php?id=100086426226253","article_modified_time":"2026-04-08T07:13:04+00:00","og_image":[{"width":1024,"height":1024,"url":"https:\/\/testwebsite.citygame.com\/wp-content\/blogs.dir\/1\/files\/sites\/62\/2026\/02\/group-of-friends-playing-city-game-luxembourg-museum.jpg","type":"image\/jpeg"}],"twitter_card":"summary_large_image","schema":{"@context":"https:\/\/schema.org","@graph":[{"@type":"WebPage","@id":"https:\/\/testwebsite.citygame.com\/lt\/games\/luxembourg-city\/the-luxembourg-syndicate\/","url":"https:\/\/testwebsite.citygame.com\/lt\/games\/luxembourg-city\/the-luxembourg-syndicate\/","name":"The Luxembourg Syndicate - City Game","isPartOf":{"@id":"https:\/\/testwebsite.upevents.nl\/#website"},"primaryImageOfPage":{"@id":"https:\/\/testwebsite.citygame.com\/lt\/games\/luxembourg-city\/the-luxembourg-syndicate\/#primaryimage"},"image":{"@id":"https:\/\/testwebsite.citygame.com\/lt\/games\/luxembourg-city\/the-luxembourg-syndicate\/#primaryimage"},"thumbnailUrl":"https:\/\/testwebsite.citygame.com\/wp-content\/blogs.dir\/1\/files\/sites\/62\/2026\/02\/group-of-friends-playing-city-game-luxembourg-museum.jpg","datePublished":"2026-02-16T08:03:47+00:00","dateModified":"2026-04-08T07:13:04+00:00","description":"The Luxembourg Syndicate. \u017daiskite savaranki\u0161k\u0105 \u201eCity Escape Game\u201c, spr\u0119skite galvos\u016bkius, atlikite misijas ir atgaukite pavogtas formules savo tempu!","breadcrumb":{"@id":"https:\/\/testwebsite.citygame.com\/lt\/games\/luxembourg-city\/the-luxembourg-syndicate\/#breadcrumb"},"inLanguage":"lt-LT","potentialAction":[{"@type":"ReadAction","target":["https:\/\/testwebsite.citygame.com\/lt\/games\/luxembourg-city\/the-luxembourg-syndicate\/"]}]},{"@type":"ImageObject","inLanguage":"lt-LT","@id":"https:\/\/testwebsite.citygame.com\/lt\/games\/luxembourg-city\/the-luxembourg-syndicate\/#primaryimage","url":"https:\/\/testwebsite.citygame.com\/wp-content\/blogs.dir\/1\/files\/sites\/62\/2026\/02\/group-of-friends-playing-city-game-luxembourg-museum.jpg","contentUrl":"https:\/\/testwebsite.citygame.com\/wp-content\/blogs.dir\/1\/files\/sites\/62\/2026\/02\/group-of-friends-playing-city-game-luxembourg-museum.jpg","width":1024,"height":1024,"caption":"A group of young adults enjoys a sunny day playing a city game in Luxembourg."},{"@type":"BreadcrumbList","@id":"https:\/\/testwebsite.citygame.com\/lt\/games\/luxembourg-city\/the-luxembourg-syndicate\/#breadcrumb","itemListElement":[{"@type":"ListItem","position":1,"name":"Home","item":"https:\/\/testwebsite.citygame.com\/lt\/"},{"@type":"ListItem","position":2,"name":"Shop","item":"https:\/\/testwebsite.citygame.com\/shop\/"},{"@type":"ListItem","position":3,"name":"The Luxembourg Syndicate"}]},{"@type":"WebSite","@id":"https:\/\/testwebsite.upevents.nl\/#website","url":"https:\/\/testwebsite.upevents.nl\/","name":"City Game","description":"","publisher":{"@id":"https:\/\/testwebsite.upevents.nl\/#organization"},"alternateName":"citygame.com","potentialAction":[{"@type":"SearchAction","target":{"@type":"EntryPoint","urlTemplate":"https:\/\/testwebsite.upevents.nl\/?s={search_term_string}"},"query-input":{"@type":"PropertyValueSpecification","valueRequired":true,"valueName":"search_term_string"}}],"inLanguage":"lt-LT"},{"@type":["Organization","Place"],"@id":"https:\/\/testwebsite.upevents.nl\/#organization","name":"City Game","alternateName":"citygame.com","url":"https:\/\/testwebsite.upevents.nl\/","logo":{"@id":"https:\/\/testwebsite.citygame.com\/lt\/games\/luxembourg-city\/the-luxembourg-syndicate\/#local-main-organization-logo"},"image":{"@id":"https:\/\/testwebsite.citygame.com\/lt\/games\/luxembourg-city\/the-luxembourg-syndicate\/#local-main-organization-logo"},"sameAs":["https:\/\/www.facebook.com\/profile.php?id=100086426226253","https:\/\/www.instagram.com\/citygame_com","https:\/\/www.tiktok.com\/@citygamecom\/","https:\/\/www.linkedin.com\/company\/citygame-com"],"description":"Turn any city into a playground with our interactive City Games and self-guided tours. Fun, flexible, and ideal for groups and team building.","telephone":[],"openingHoursSpecification":[{"@type":"OpeningHoursSpecification","dayOfWeek":["Monday","Tuesday","Wednesday","Thursday","Friday","Saturday","Sunday"],"opens":"09:00","closes":"17:00"}]},{"@type":"ImageObject","inLanguage":"lt-LT","@id":"https:\/\/testwebsite.citygame.com\/lt\/games\/luxembourg-city\/the-luxembourg-syndicate\/#local-main-organization-logo","url":"https:\/\/testwebsite.citygame.com\/wp-content\/blogs.dir\/1\/files\/sites\/62\/2025\/10\/CG_LOGO-City-Game.png","contentUrl":"https:\/\/testwebsite.citygame.com\/wp-content\/blogs.dir\/1\/files\/sites\/62\/2025\/10\/CG_LOGO-City-Game.png","width":351,"height":377,"caption":"City Game"}]}},"taxonomy_info":{"game-concept":[{"value":752,"label":"Syndicate"}],"location":[{"value":553,"label":"Luxembourg City"}],"product_cat":[{"value":27,"label":"Geen categorie"}]},"featured_image_src_large":["https:\/\/testwebsite.citygame.com\/wp-content\/blogs.dir\/1\/files\/sites\/62\/2026\/02\/group-of-friends-playing-city-game-luxembourg-museum.jpg",1024,1024,false],"author_info":[],"comment_info":"","_links":{"self":[{"href":"https:\/\/testwebsite.citygame.com\/lt\/wp-json\/wp\/v2\/product\/61161","targetHints":{"allow":["GET"]}}],"collection":[{"href":"https:\/\/testwebsite.citygame.com\/lt\/wp-json\/wp\/v2\/product"}],"about":[{"href":"https:\/\/testwebsite.citygame.com\/lt\/wp-json\/wp\/v2\/types\/product"}],"acf:post":[{"embeddable":true,"href":"https:\/\/testwebsite.citygame.com\/lt\/wp-json\/wp\/v2\/pages\/12299"}],"wp:featuredmedia":[{"embeddable":true,"href":"https:\/\/testwebsite.citygame.com\/lt\/wp-json\/wp\/v2\/media\/14207"}],"wp:attachment":[{"href":"https:\/\/testwebsite.citygame.com\/lt\/wp-json\/wp\/v2\/media?parent=61161"}],"wp:term":[{"taxonomy":"game-concept","embeddable":true,"href":"https:\/\/testwebsite.citygame.com\/lt\/wp-json\/wp\/v2\/game-concept?post=61161"},{"taxonomy":"location","embeddable":true,"href":"https:\/\/testwebsite.citygame.com\/lt\/wp-json\/wp\/v2\/location?post=61161"},{"taxonomy":"product_brand","embeddable":true,"href":"https:\/\/testwebsite.citygame.com\/lt\/wp-json\/wp\/v2\/product_brand?post=61161"},{"taxonomy":"product_cat","embeddable":true,"href":"https:\/\/testwebsite.citygame.com\/lt\/wp-json\/wp\/v2\/product_cat?post=61161"},{"taxonomy":"product_tag","embeddable":true,"href":"https:\/\/testwebsite.citygame.com\/lt\/wp-json\/wp\/v2\/product_tag?post=61161"}],"curies":[{"name":"wp","href":"https:\/\/api.w.org\/{rel}","templated":true}]}}