{"id":60904,"date":"2026-02-11T12:28:30","date_gmt":"2026-02-11T12:28:30","guid":{"rendered":"https:\/\/testwebsite.citygame.com\/games\/unknown-location\/sherlock-holmes-catania\/"},"modified":"2026-04-08T06:40:02","modified_gmt":"2026-04-08T06:40:02","slug":"sherlock-holmes-catania","status":"publish","type":"product","link":"https:\/\/testwebsite.citygame.com\/lt\/games\/catania\/sherlock-holmes-catania\/","title":{"rendered":"Sherlock Holmes Catania"},"content":{"rendered":"<p>Pasinerkite \u012f \u0160erloko Holmso pasaul\u012f su \u0161iuo savaranki\u0161ku, istorija gr\u012fstu \u017emog\u017eudyst\u0117s paslapties miesto \u017eaidimu, vykstan\u010diu istoriniame Katanijos centre. Miestui tampant j\u016bs\u0173 nusikaltimo vieta, seksite besiskleid\u017eiant\u012f pasakojim\u0105, susijus\u012f su \u0161iurpia \u017emog\u017eudyste, \u012fvykusia \u201eLiberty Festival&#8217;o\u201c metu. Rinkite u\u017euominas, spr\u0119skite interaktyvias m\u012fsles ir apklauskite skaitmeninius \u012ftariamuosius savo tempu, visapusi\u0161kai pasinerdami \u012f jaudinan\u010di\u0105 detektyvo patirt\u012f, kuri\u0105 formuoja kiekvienas j\u016bs\u0173 sprendimas.<\/p>\n","protected":false},"excerpt":{"rendered":"<p>\u012esik\u016bnykite \u012f \u0160erloko Holmso vaidmen\u012f, prad\u0117dami savaranki\u0161k\u0105 \u017emog\u017eudyst\u0117s paslapties tyrim\u0105 pa\u010dioje Katanijos \u0161irdyje. Su savo komanda i\u0161\u0161ifruokite u\u017e\u0161ifruotas u\u017euominas, \u012fminkite m\u012fslingas paslaptis ir lenktyniaukite su laiku, kad atskleistum\u0117te \u0161iurpi\u0105 ties\u0105!<\/p>\n","protected":false},"featured_media":12525,"template":"","meta":{"_acf_changed":false,"_yoast_wpseo_focuskw":"Sherlock Holmes Catania","_yoast_wpseo_metadesc":"Sherlock Holmes Catania. \u017daiskite savaranki\u0161k\u0105 \u017emog\u017eudyst\u0117s paslapties miesto \u017eaidim\u0105, spr\u0119skite m\u012fsles, sekite u\u017euominomis ir atskleiskite \u017eudik\u0105 savo tempu!","_kad_blocks_custom_css":"","_kad_blocks_head_custom_js":"","_kad_blocks_body_custom_js":"","_kad_blocks_footer_custom_js":"","ghostkit_customizer_options":"","ghostkit_custom_css":"","ghostkit_custom_js_head":"","ghostkit_custom_js_foot":"","ghostkit_typography":"","_kad_post_transparent":"","_kad_post_title":"","_kad_post_layout":"","_kad_post_sidebar_id":"","_kad_post_content_style":"","_kad_post_vertical_padding":"","_kad_post_feature":"","_kad_post_feature_position":"","_kad_post_header":false,"_kad_post_footer":false,"_kad_post_classname":"","_links_to":"","_links_to_target":""},"game-concept":[783],"location":[117],"product_brand":[],"product_cat":[27],"product_tag":[],"class_list":{"0":"post-60904","1":"product","2":"type-product","3":"status-publish","4":"has-post-thumbnail","6":"game-concept-sherlock","7":"location-catania","8":"product_cat-geen-categorie","10":"first","11":"instock","12":"shipping-taxable","13":"purchasable","14":"product-type-simple","15":"entry","16":"content-bg","17":"loop-entry"},"acf":{"full_bokun_product_name":"Catania Self-Guided Sherlock Holmes Murder Mystery Game","location_name":"Catania","bokun_calendar_widget_code":"<script type=\"text\/javascript\" src=\"https:\/\/widgets.bokun.io\/assets\/javascripts\/apps\/build\/BokunWidgetsLoader.js?bookingChannelUUID=a1e93e96-5232-4734-a595-28405f4b5a31\" async><\/script>\n     \n    <div class=\"bokunWidget\" data-src=\"https:\/\/widgets.bokun.io\/online-sales\/a1e93e96-5232-4734-a595-28405f4b5a31\/experience-calendar\/771850\"><\/div>\n    <noscript>Please enable javascript in your browser to book<\/noscript>","bokun_button_widget_code":"<script type=\"text\/javascript\" src=\"https:\/\/widgets.bokun.io\/assets\/javascripts\/apps\/build\/BokunWidgetsLoader.js?bookingChannelUUID=a1e93e96-5232-4734-a595-28405f4b5a31\" async><\/script>\n      <style> #bokun_ed001e45_5927_4f62_b470_ca766338d083 { display: inline-block; padding: .4em 1em; background: #47b82e; border-radius: 999999px; box-shadow: none; font-weight: 600; font-size: 24px; text-decoration: none; text-align: center; color: #FFFFFF; border:none; cursor: pointer; transition: background .2s ease; } #bokun_ed001e45_5927_4f62_b470_ca766338d083:hover{ background: #2f7b1f; } #bokun_ed001e45_5927_4f62_b470_ca766338d083:active{ background: #378f24; } <\/style> <button class=\"bokunButton\" disabled id=bokun_ed001e45_5927_4f62_b470_ca766338d083 data-src=\"https:\/\/widgets.bokun.io\/online-sales\/a1e93e96-5232-4734-a595-28405f4b5a31\/experience-calendar\/771850?partialView=1\" data-testid=\"widget-book-button\" > Book now <\/button> ","what_you\u2019ll_experience_during_the_game":"J\u016bs pasineriate \u012f jaudinan\u010di\u0105 detektyvin\u0119 istorij\u0105, vykstan\u010di\u0105 Katanijos \u0161irdyje, kur kiekviena gatvel\u0117 ir aik\u0161t\u0117 \u012ftraukia jus giliau \u012f byl\u0105. Istorijai besiskleid\u017eiant aplink jus, j\u016bs sekate pasl\u0117pt\u0173 u\u017euomin\u0173 p\u0117dsakais, sprend\u017eiate sud\u0117tingas m\u012fsles ir nar\u0161ote netik\u0117tus pos\u016bkius tyrime, kuris reikalauja j\u016bs\u0173 visi\u0161ko d\u0117mesio. \u017dmog\u017eudyst\u0117 \u201eLiberty Festival'o\u201c metu yra daugiau nei paslaptis \u2013 tai paslap\u010di\u0173 voratinklis, laukiantis, kol bus atskleistas per kruop\u0161t\u0173 steb\u0117jim\u0105 ir tiksli\u0105 logik\u0105.\n\nJ\u016bs apklausiate skaitmeninius \u012ftariamuosius, kry\u017emi\u0161kai tikrinate alibi ir atskleid\u017eiate prie\u0161taravimus, tobul\u0117dami per istorij\u0105 savo tempu. Pauz\u0117, kai tik prireikia, tada t\u0119site ten, kur baig\u0117te. Kiekviena atskleista detal\u0117 priartina jus prie tiesos, o kritinis m\u0105stymas ir dedukcija vadovauja kiekvienam j\u016bs\u0173 \u017eingsniui. \u0160i patirtis yra visi\u0161kai valdoma istorijos, \u012ftraukianti jus \u012f sluoksniuot\u0105, atmosferi\u0161k\u0105 paslapt\u012f, kuri i\u0161\u0161\u016bk\u012f j\u016bs\u0173 protui. Grup\u0117ms konkurencinis elementas gali padidinti statymus, ta\u010diau j\u016bs\u0173 d\u0117mesys i\u0161lieka sutelktas \u012f bylos sprendim\u0105 Katanijoje.","how_to_play":"\u017daiskite vienas arba su draugais, \u0161eima ar kolegomis iki keturi\u0173 asmen\u0173 komandose viename \u012frenginyje. U\u017esisakius, gausite el. lai\u0161k\u0105 su instrukcijomis ir viskuo, ko jums reik\u0117s.","start_location":"Catania, Cattedrale di Sant'Agata","available_languages":["en","es","fr","de","it","nl"],"players_per_group":"1-4","duration":"1.5-2 hours","image_overlay_color_image":"https:\/\/testwebsite.citygame.com\/wp-content\/blogs.dir\/1\/files\/sites\/62\/2026\/01\/SherlockColor.svg","image_overlay_game_logo":"https:\/\/testwebsite.citygame.com\/wp-content\/blogs.dir\/1\/files\/sites\/62\/2026\/01\/SherlockLogo.png","city_page":9165,"woocommerce_general_content":null},"yoast_head":"<!-- This site is optimized with the Yoast SEO Premium plugin v26.2 (Yoast SEO v26.3) - https:\/\/yoast.com\/wordpress\/plugins\/seo\/ -->\n<title>Sherlock Holmes Catania - City Game<\/title>\n<meta name=\"description\" content=\"Sherlock Holmes Catania. \u017daiskite savaranki\u0161k\u0105 \u017emog\u017eudyst\u0117s paslapties miesto \u017eaidim\u0105, spr\u0119skite m\u012fsles, sekite u\u017euominomis ir atskleiskite \u017eudik\u0105 savo tempu!\" \/>\n<meta name=\"robots\" content=\"noindex, follow, max-snippet:-1, max-image-preview:large, max-video-preview:-1\" \/>\n<meta property=\"og:locale\" content=\"lt_LT\" \/>\n<meta property=\"og:type\" content=\"article\" \/>\n<meta property=\"og:title\" content=\"Sherlock Holmes Catania\" \/>\n<meta property=\"og:description\" content=\"Sherlock Holmes Catania. \u017daiskite savaranki\u0161k\u0105 \u017emog\u017eudyst\u0117s paslapties miesto \u017eaidim\u0105, spr\u0119skite m\u012fsles, sekite u\u017euominomis ir atskleiskite \u017eudik\u0105 savo tempu!\" \/>\n<meta property=\"og:url\" content=\"https:\/\/testwebsite.citygame.com\/lt\/games\/catania\/sherlock-holmes-catania\/\" \/>\n<meta property=\"og:site_name\" content=\"City Game\" \/>\n<meta property=\"article:publisher\" content=\"https:\/\/www.facebook.com\/profile.php?id=100086426226253\" \/>\n<meta property=\"article:modified_time\" content=\"2026-04-08T06:40:02+00:00\" \/>\n<meta property=\"og:image\" content=\"https:\/\/testwebsite.citygame.com\/wp-content\/blogs.dir\/1\/files\/sites\/62\/2026\/02\/woman-exploring-catania-street-with-smartphone.jpg\" \/>\n\t<meta property=\"og:image:width\" content=\"1344\" \/>\n\t<meta property=\"og:image:height\" content=\"768\" \/>\n\t<meta property=\"og:image:type\" content=\"image\/jpeg\" \/>\n<meta name=\"twitter:card\" content=\"summary_large_image\" \/>\n<script type=\"application\/ld+json\" class=\"yoast-schema-graph\">{\"@context\":\"https:\/\/schema.org\",\"@graph\":[{\"@type\":\"WebPage\",\"@id\":\"https:\/\/testwebsite.citygame.com\/lt\/games\/catania\/sherlock-holmes-catania\/\",\"url\":\"https:\/\/testwebsite.citygame.com\/lt\/games\/catania\/sherlock-holmes-catania\/\",\"name\":\"Sherlock Holmes Catania - City Game\",\"isPartOf\":{\"@id\":\"https:\/\/testwebsite.upevents.nl\/#website\"},\"primaryImageOfPage\":{\"@id\":\"https:\/\/testwebsite.citygame.com\/lt\/games\/catania\/sherlock-holmes-catania\/#primaryimage\"},\"image\":{\"@id\":\"https:\/\/testwebsite.citygame.com\/lt\/games\/catania\/sherlock-holmes-catania\/#primaryimage\"},\"thumbnailUrl\":\"https:\/\/testwebsite.citygame.com\/wp-content\/blogs.dir\/1\/files\/sites\/62\/2026\/02\/woman-exploring-catania-street-with-smartphone.jpg\",\"datePublished\":\"2026-02-11T12:28:30+00:00\",\"dateModified\":\"2026-04-08T06:40:02+00:00\",\"description\":\"Sherlock Holmes Catania. \u017daiskite savaranki\u0161k\u0105 \u017emog\u017eudyst\u0117s paslapties miesto \u017eaidim\u0105, spr\u0119skite m\u012fsles, sekite u\u017euominomis ir atskleiskite \u017eudik\u0105 savo tempu!\",\"breadcrumb\":{\"@id\":\"https:\/\/testwebsite.citygame.com\/lt\/games\/catania\/sherlock-holmes-catania\/#breadcrumb\"},\"inLanguage\":\"lt-LT\",\"potentialAction\":[{\"@type\":\"ReadAction\",\"target\":[\"https:\/\/testwebsite.citygame.com\/lt\/games\/catania\/sherlock-holmes-catania\/\"]}]},{\"@type\":\"ImageObject\",\"inLanguage\":\"lt-LT\",\"@id\":\"https:\/\/testwebsite.citygame.com\/lt\/games\/catania\/sherlock-holmes-catania\/#primaryimage\",\"url\":\"https:\/\/testwebsite.citygame.com\/wp-content\/blogs.dir\/1\/files\/sites\/62\/2026\/02\/woman-exploring-catania-street-with-smartphone.jpg\",\"contentUrl\":\"https:\/\/testwebsite.citygame.com\/wp-content\/blogs.dir\/1\/files\/sites\/62\/2026\/02\/woman-exploring-catania-street-with-smartphone.jpg\",\"width\":1344,\"height\":768,\"caption\":\"A visitor uses her smartphone to navigate the historic streets of Catania on a sunny day.\"},{\"@type\":\"BreadcrumbList\",\"@id\":\"https:\/\/testwebsite.citygame.com\/lt\/games\/catania\/sherlock-holmes-catania\/#breadcrumb\",\"itemListElement\":[{\"@type\":\"ListItem\",\"position\":1,\"name\":\"Home\",\"item\":\"https:\/\/testwebsite.citygame.com\/lt\/\"},{\"@type\":\"ListItem\",\"position\":2,\"name\":\"Shop\",\"item\":\"https:\/\/testwebsite.citygame.com\/shop\/\"},{\"@type\":\"ListItem\",\"position\":3,\"name\":\"Sherlock Holmes Catania\"}]},{\"@type\":\"WebSite\",\"@id\":\"https:\/\/testwebsite.upevents.nl\/#website\",\"url\":\"https:\/\/testwebsite.upevents.nl\/\",\"name\":\"City Game\",\"description\":\"\",\"publisher\":{\"@id\":\"https:\/\/testwebsite.upevents.nl\/#organization\"},\"alternateName\":\"citygame.com\",\"potentialAction\":[{\"@type\":\"SearchAction\",\"target\":{\"@type\":\"EntryPoint\",\"urlTemplate\":\"https:\/\/testwebsite.upevents.nl\/?s={search_term_string}\"},\"query-input\":{\"@type\":\"PropertyValueSpecification\",\"valueRequired\":true,\"valueName\":\"search_term_string\"}}],\"inLanguage\":\"lt-LT\"},{\"@type\":[\"Organization\",\"Place\"],\"@id\":\"https:\/\/testwebsite.upevents.nl\/#organization\",\"name\":\"City Game\",\"alternateName\":\"citygame.com\",\"url\":\"https:\/\/testwebsite.upevents.nl\/\",\"logo\":{\"@id\":\"https:\/\/testwebsite.citygame.com\/lt\/games\/catania\/sherlock-holmes-catania\/#local-main-organization-logo\"},\"image\":{\"@id\":\"https:\/\/testwebsite.citygame.com\/lt\/games\/catania\/sherlock-holmes-catania\/#local-main-organization-logo\"},\"sameAs\":[\"https:\/\/www.facebook.com\/profile.php?id=100086426226253\",\"https:\/\/www.instagram.com\/citygame_com\",\"https:\/\/www.tiktok.com\/@citygamecom\/\",\"https:\/\/www.linkedin.com\/company\/citygame-com\"],\"description\":\"Turn any city into a playground with our interactive City Games and self-guided tours. Fun, flexible, and ideal for groups and team building.\",\"telephone\":[],\"openingHoursSpecification\":[{\"@type\":\"OpeningHoursSpecification\",\"dayOfWeek\":[\"Monday\",\"Tuesday\",\"Wednesday\",\"Thursday\",\"Friday\",\"Saturday\",\"Sunday\"],\"opens\":\"09:00\",\"closes\":\"17:00\"}]},{\"@type\":\"ImageObject\",\"inLanguage\":\"lt-LT\",\"@id\":\"https:\/\/testwebsite.citygame.com\/lt\/games\/catania\/sherlock-holmes-catania\/#local-main-organization-logo\",\"url\":\"https:\/\/testwebsite.citygame.com\/wp-content\/blogs.dir\/1\/files\/sites\/62\/2025\/10\/CG_LOGO-City-Game.png\",\"contentUrl\":\"https:\/\/testwebsite.citygame.com\/wp-content\/blogs.dir\/1\/files\/sites\/62\/2025\/10\/CG_LOGO-City-Game.png\",\"width\":351,\"height\":377,\"caption\":\"City Game\"}]}<\/script>\n<!-- \/ Yoast SEO Premium plugin. -->","yoast_head_json":{"title":"Sherlock Holmes Catania - City Game","description":"Sherlock Holmes Catania. \u017daiskite savaranki\u0161k\u0105 \u017emog\u017eudyst\u0117s paslapties miesto \u017eaidim\u0105, spr\u0119skite m\u012fsles, sekite u\u017euominomis ir atskleiskite \u017eudik\u0105 savo tempu!","robots":{"index":"noindex","follow":"follow","max-snippet":"max-snippet:-1","max-image-preview":"max-image-preview:large","max-video-preview":"max-video-preview:-1"},"og_locale":"lt_LT","og_type":"article","og_title":"Sherlock Holmes Catania","og_description":"Sherlock Holmes Catania. \u017daiskite savaranki\u0161k\u0105 \u017emog\u017eudyst\u0117s paslapties miesto \u017eaidim\u0105, spr\u0119skite m\u012fsles, sekite u\u017euominomis ir atskleiskite \u017eudik\u0105 savo tempu!","og_url":"https:\/\/testwebsite.citygame.com\/lt\/games\/catania\/sherlock-holmes-catania\/","og_site_name":"City Game","article_publisher":"https:\/\/www.facebook.com\/profile.php?id=100086426226253","article_modified_time":"2026-04-08T06:40:02+00:00","og_image":[{"width":1344,"height":768,"url":"https:\/\/testwebsite.citygame.com\/wp-content\/blogs.dir\/1\/files\/sites\/62\/2026\/02\/woman-exploring-catania-street-with-smartphone.jpg","type":"image\/jpeg"}],"twitter_card":"summary_large_image","schema":{"@context":"https:\/\/schema.org","@graph":[{"@type":"WebPage","@id":"https:\/\/testwebsite.citygame.com\/lt\/games\/catania\/sherlock-holmes-catania\/","url":"https:\/\/testwebsite.citygame.com\/lt\/games\/catania\/sherlock-holmes-catania\/","name":"Sherlock Holmes Catania - City Game","isPartOf":{"@id":"https:\/\/testwebsite.upevents.nl\/#website"},"primaryImageOfPage":{"@id":"https:\/\/testwebsite.citygame.com\/lt\/games\/catania\/sherlock-holmes-catania\/#primaryimage"},"image":{"@id":"https:\/\/testwebsite.citygame.com\/lt\/games\/catania\/sherlock-holmes-catania\/#primaryimage"},"thumbnailUrl":"https:\/\/testwebsite.citygame.com\/wp-content\/blogs.dir\/1\/files\/sites\/62\/2026\/02\/woman-exploring-catania-street-with-smartphone.jpg","datePublished":"2026-02-11T12:28:30+00:00","dateModified":"2026-04-08T06:40:02+00:00","description":"Sherlock Holmes Catania. \u017daiskite savaranki\u0161k\u0105 \u017emog\u017eudyst\u0117s paslapties miesto \u017eaidim\u0105, spr\u0119skite m\u012fsles, sekite u\u017euominomis ir atskleiskite \u017eudik\u0105 savo tempu!","breadcrumb":{"@id":"https:\/\/testwebsite.citygame.com\/lt\/games\/catania\/sherlock-holmes-catania\/#breadcrumb"},"inLanguage":"lt-LT","potentialAction":[{"@type":"ReadAction","target":["https:\/\/testwebsite.citygame.com\/lt\/games\/catania\/sherlock-holmes-catania\/"]}]},{"@type":"ImageObject","inLanguage":"lt-LT","@id":"https:\/\/testwebsite.citygame.com\/lt\/games\/catania\/sherlock-holmes-catania\/#primaryimage","url":"https:\/\/testwebsite.citygame.com\/wp-content\/blogs.dir\/1\/files\/sites\/62\/2026\/02\/woman-exploring-catania-street-with-smartphone.jpg","contentUrl":"https:\/\/testwebsite.citygame.com\/wp-content\/blogs.dir\/1\/files\/sites\/62\/2026\/02\/woman-exploring-catania-street-with-smartphone.jpg","width":1344,"height":768,"caption":"A visitor uses her smartphone to navigate the historic streets of Catania on a sunny day."},{"@type":"BreadcrumbList","@id":"https:\/\/testwebsite.citygame.com\/lt\/games\/catania\/sherlock-holmes-catania\/#breadcrumb","itemListElement":[{"@type":"ListItem","position":1,"name":"Home","item":"https:\/\/testwebsite.citygame.com\/lt\/"},{"@type":"ListItem","position":2,"name":"Shop","item":"https:\/\/testwebsite.citygame.com\/shop\/"},{"@type":"ListItem","position":3,"name":"Sherlock Holmes Catania"}]},{"@type":"WebSite","@id":"https:\/\/testwebsite.upevents.nl\/#website","url":"https:\/\/testwebsite.upevents.nl\/","name":"City Game","description":"","publisher":{"@id":"https:\/\/testwebsite.upevents.nl\/#organization"},"alternateName":"citygame.com","potentialAction":[{"@type":"SearchAction","target":{"@type":"EntryPoint","urlTemplate":"https:\/\/testwebsite.upevents.nl\/?s={search_term_string}"},"query-input":{"@type":"PropertyValueSpecification","valueRequired":true,"valueName":"search_term_string"}}],"inLanguage":"lt-LT"},{"@type":["Organization","Place"],"@id":"https:\/\/testwebsite.upevents.nl\/#organization","name":"City Game","alternateName":"citygame.com","url":"https:\/\/testwebsite.upevents.nl\/","logo":{"@id":"https:\/\/testwebsite.citygame.com\/lt\/games\/catania\/sherlock-holmes-catania\/#local-main-organization-logo"},"image":{"@id":"https:\/\/testwebsite.citygame.com\/lt\/games\/catania\/sherlock-holmes-catania\/#local-main-organization-logo"},"sameAs":["https:\/\/www.facebook.com\/profile.php?id=100086426226253","https:\/\/www.instagram.com\/citygame_com","https:\/\/www.tiktok.com\/@citygamecom\/","https:\/\/www.linkedin.com\/company\/citygame-com"],"description":"Turn any city into a playground with our interactive City Games and self-guided tours. Fun, flexible, and ideal for groups and team building.","telephone":[],"openingHoursSpecification":[{"@type":"OpeningHoursSpecification","dayOfWeek":["Monday","Tuesday","Wednesday","Thursday","Friday","Saturday","Sunday"],"opens":"09:00","closes":"17:00"}]},{"@type":"ImageObject","inLanguage":"lt-LT","@id":"https:\/\/testwebsite.citygame.com\/lt\/games\/catania\/sherlock-holmes-catania\/#local-main-organization-logo","url":"https:\/\/testwebsite.citygame.com\/wp-content\/blogs.dir\/1\/files\/sites\/62\/2025\/10\/CG_LOGO-City-Game.png","contentUrl":"https:\/\/testwebsite.citygame.com\/wp-content\/blogs.dir\/1\/files\/sites\/62\/2025\/10\/CG_LOGO-City-Game.png","width":351,"height":377,"caption":"City Game"}]}},"taxonomy_info":{"game-concept":[{"value":783,"label":"Sherlock"}],"location":[{"value":117,"label":"Catania"}],"product_cat":[{"value":27,"label":"Geen categorie"}]},"featured_image_src_large":["https:\/\/testwebsite.citygame.com\/wp-content\/blogs.dir\/1\/files\/sites\/62\/2026\/02\/woman-exploring-catania-street-with-smartphone-1024x585.jpg",1024,585,true],"author_info":[],"comment_info":"","_links":{"self":[{"href":"https:\/\/testwebsite.citygame.com\/lt\/wp-json\/wp\/v2\/product\/60904","targetHints":{"allow":["GET"]}}],"collection":[{"href":"https:\/\/testwebsite.citygame.com\/lt\/wp-json\/wp\/v2\/product"}],"about":[{"href":"https:\/\/testwebsite.citygame.com\/lt\/wp-json\/wp\/v2\/types\/product"}],"acf:post":[{"embeddable":true,"href":"https:\/\/testwebsite.citygame.com\/lt\/wp-json\/wp\/v2\/pages\/9165"}],"wp:featuredmedia":[{"embeddable":true,"href":"https:\/\/testwebsite.citygame.com\/lt\/wp-json\/wp\/v2\/media\/12525"}],"wp:attachment":[{"href":"https:\/\/testwebsite.citygame.com\/lt\/wp-json\/wp\/v2\/media?parent=60904"}],"wp:term":[{"taxonomy":"game-concept","embeddable":true,"href":"https:\/\/testwebsite.citygame.com\/lt\/wp-json\/wp\/v2\/game-concept?post=60904"},{"taxonomy":"location","embeddable":true,"href":"https:\/\/testwebsite.citygame.com\/lt\/wp-json\/wp\/v2\/location?post=60904"},{"taxonomy":"product_brand","embeddable":true,"href":"https:\/\/testwebsite.citygame.com\/lt\/wp-json\/wp\/v2\/product_brand?post=60904"},{"taxonomy":"product_cat","embeddable":true,"href":"https:\/\/testwebsite.citygame.com\/lt\/wp-json\/wp\/v2\/product_cat?post=60904"},{"taxonomy":"product_tag","embeddable":true,"href":"https:\/\/testwebsite.citygame.com\/lt\/wp-json\/wp\/v2\/product_tag?post=60904"}],"curies":[{"name":"wp","href":"https:\/\/api.w.org\/{rel}","templated":true}]}}