{"id":59810,"date":"2026-02-05T09:39:28","date_gmt":"2026-02-05T09:39:28","guid":{"rendered":"https:\/\/testwebsite.citygame.com\/games\/unknown-location\/sherlock-holmes-palma-de-mallorca\/"},"modified":"2026-04-08T04:40:55","modified_gmt":"2026-04-08T04:40:55","slug":"sherlock-holmes-palma-de-mallorca","status":"publish","type":"product","link":"https:\/\/testwebsite.citygame.com\/lt\/games\/palma-de-mallorca\/sherlock-holmes-palma-de-mallorca\/","title":{"rendered":"Sherlock Holmes Palma de Mallorca"},"content":{"rendered":"<p>Pasinerkite \u012f Sherlock Holmeso pasaul\u012f su \u0161iuo savaranki\u0161ku, istorija paremtu \u017emog\u017eudyst\u0117s paslapties Miesto \u017daidimu, vykstan\u010diu istoriniame Palma de Mallorca centre. \u0160iurpus nusikaltimas sutrikd\u0117 Laisv\u0117s Festival\u012f, ir jums teks atskleisti ties\u0105 rinkdami u\u017euominas, spr\u0119sdami galvos\u016bkius ir tardydami skaitmeninius \u012ftariamuosius, i\u0161sibars\u010diusius po vingrias miesto gatves. Istorijai besivystant, jud\u0117site po Palma de Mallorca sekdami savo instinktais lyg tikras detektyvas, m\u0117gaudamiesi laisve tirti savo tempu, pasin\u0117r\u0119 \u012f \u012ftraukian\u010di\u0105 kriminalin\u0119 byl\u0105.<\/p>\n","protected":false},"excerpt":{"rendered":"<p>\u017denkite \u012f Sherlock Holmeso batelius savaranki\u0161koje \u017emog\u017eudyst\u0117s paslaptyje, kuri atskleis Palma de Mallorca gelmes. Su savo komanda sekite paslaptingas u\u017euominas, i\u0161\u0161ifruokite gudrias m\u012fsles ir atskleiskite \u0161iurp\u0105 kelian\u010di\u0105 ties\u0105, kol nesibaig\u0117 laikas!<\/p>\n","protected":false},"featured_media":10618,"template":"","meta":{"_acf_changed":false,"_yoast_wpseo_focuskw":"Sherlock Holmes Palma de Mallorca","_yoast_wpseo_metadesc":"Sherlock Holmes Palma de Mallorca. \u017daiskite savaranki\u0161k\u0105 \u017emog\u017eudyst\u0117s paslapties Miesto \u017daidim\u0105, spr\u0119skite galvos\u016bkius, sekite u\u017euominas ir atskleiskite \u017eudik\u0105 savo tempu!","_kad_blocks_custom_css":"","_kad_blocks_head_custom_js":"","_kad_blocks_body_custom_js":"","_kad_blocks_footer_custom_js":"","ghostkit_customizer_options":"","ghostkit_custom_css":"","ghostkit_custom_js_head":"","ghostkit_custom_js_foot":"","ghostkit_typography":"","_kad_post_transparent":"","_kad_post_title":"","_kad_post_layout":"","_kad_post_sidebar_id":"","_kad_post_content_style":"","_kad_post_vertical_padding":"","_kad_post_feature":"","_kad_post_feature_position":"","_kad_post_header":false,"_kad_post_footer":false,"_kad_post_classname":"","_links_to":"","_links_to_target":""},"game-concept":[783],"location":[315],"product_brand":[],"product_cat":[27],"product_tag":[],"class_list":{"0":"post-59810","1":"product","2":"type-product","3":"status-publish","4":"has-post-thumbnail","6":"game-concept-sherlock","7":"location-palma-de-mallorca","8":"product_cat-geen-categorie","10":"first","11":"instock","12":"shipping-taxable","13":"purchasable","14":"product-type-simple","15":"entry","16":"content-bg","17":"loop-entry"},"acf":{"full_bokun_product_name":"Palma de Mallorca Self-Guided Sherlock Holmes Murder Mystery Game","location_name":"Palma de Mallorca","bokun_calendar_widget_code":"<script type=\"text\/javascript\" src=\"https:\/\/widgets.bokun.io\/assets\/javascripts\/apps\/build\/BokunWidgetsLoader.js?bookingChannelUUID=a1e93e96-5232-4734-a595-28405f4b5a31\" async><\/script>\n     \n    <div class=\"bokunWidget\" data-src=\"https:\/\/widgets.bokun.io\/online-sales\/a1e93e96-5232-4734-a595-28405f4b5a31\/experience-calendar\/731605\"><\/div>\n    <noscript>Please enable javascript in your browser to book<\/noscript>","bokun_button_widget_code":"<script type=\"text\/javascript\" src=\"https:\/\/widgets.bokun.io\/assets\/javascripts\/apps\/build\/BokunWidgetsLoader.js?bookingChannelUUID=a1e93e96-5232-4734-a595-28405f4b5a31\" async><\/script>\n      <style> #bokun_ed001e45_5927_4f62_b470_ca766338d083 { display: inline-block; padding: .4em 1em; background: #47b82e; border-radius: 999999px; box-shadow: none; font-weight: 600; font-size: 24px; text-decoration: none; text-align: center; color: #FFFFFF; border:none; cursor: pointer; transition: background .2s ease; } #bokun_ed001e45_5927_4f62_b470_ca766338d083:hover{ background: #2f7b1f; } #bokun_ed001e45_5927_4f62_b470_ca766338d083:active{ background: #378f24; } <\/style> <button class=\"bokunButton\" disabled id=bokun_ed001e45_5927_4f62_b470_ca766338d083 data-src=\"https:\/\/widgets.bokun.io\/online-sales\/a1e93e96-5232-4734-a595-28405f4b5a31\/experience-calendar\/731605?partialView=1\" data-testid=\"widget-book-button\" > Book now <\/button> ","what_you\u2019ll_experience_during_the_game":"J\u016bs pasineriate \u012f \u012ftraukian\u010di\u0105 detektyvin\u0119 istorij\u0105, vykstan\u010di\u0105 Palma de Mallorca, kur paslaptinga \u017emog\u017eudyst\u0117 per Laisv\u0117s Festival\u012f paliko miest\u0105 ne\u017einioje. Jud\u0117dami vingriomis gatv\u0117mis ir atmosferos kupinais kampeliais, aplink jus vystysis pasakojimas. Rinksite u\u017euominas, spr\u0119site sud\u0117tingus galvos\u016bkius ir seksite apgaul\u0117s p\u0117dsakais, naudodamiesi a\u0161triu steb\u0117jimu, kad atskleistum\u0117te pasl\u0117ptus ry\u0161ius ir \u012fmintum\u0117te paslaptis. Kiekvienas sprendimas \u012ftrauks jus giliau \u012f tyrim\u0105, kur niekas n\u0117ra taip, kaip atrodo.\n\nSkaitmeniniai \u012ftariamieji laukia j\u016bs\u0173 klausim\u0173, j\u0173 alibi kei\u010diasi atid\u017eiai tikrinant ir logi\u0161kai dedukuojant. Analizuosite neatitikimus, priimsite kritinius sprendimus ir stengsit\u0117s atskleisti ties\u0105, slypin\u010di\u0105 u\u017e nusikaltimo. Patirtis tvirtai laikys jus istorijos gniau\u017etuose, skatindama apgalvotai spr\u0119sti problemas savo tempu. Galite pristabdyti, kai reikia, ir atnaujinti bet kada, kai b\u016bsite pasireng\u0119 gr\u012f\u017eti prie bylos. Jei \u017eaid\u017eiate komandoje, subtilus konkurencinis prana\u0161umas suteiks papildomos intrigos j\u016bs\u0173, kaip detektyvo, vaidmeniui.","how_to_play":"Dirbkite vienas arba su draugais, \u0161eima ar kolegomis komandose iki keturi\u0173 asmen\u0173 vienam \u012frenginiui. U\u017esisak\u0119, gausite instrukcij\u0173 el. lai\u0161k\u0105 su viskuo, ko jums reikia.","start_location":"Palma de Mallorca, Placa Major","available_languages":["en","es","fr","de","it","nl"],"players_per_group":"1-4","duration":"1.5-2 hours","image_overlay_color_image":"https:\/\/testwebsite.citygame.com\/wp-content\/blogs.dir\/1\/files\/sites\/62\/2026\/01\/SherlockColor.svg","image_overlay_game_logo":"https:\/\/testwebsite.citygame.com\/wp-content\/blogs.dir\/1\/files\/sites\/62\/2026\/01\/SherlockLogo.png","city_page":6805,"woocommerce_general_content":null},"yoast_head":"<!-- This site is optimized with the Yoast SEO Premium plugin v26.2 (Yoast SEO v26.3) - https:\/\/yoast.com\/wordpress\/plugins\/seo\/ -->\n<title>Sherlock Holmes Palma de Mallorca - City Game<\/title>\n<meta name=\"description\" content=\"Sherlock Holmes Palma de Mallorca. \u017daiskite savaranki\u0161k\u0105 \u017emog\u017eudyst\u0117s paslapties Miesto \u017daidim\u0105, spr\u0119skite galvos\u016bkius, sekite u\u017euominas ir atskleiskite \u017eudik\u0105 savo tempu!\" \/>\n<meta name=\"robots\" content=\"noindex, follow, max-snippet:-1, max-image-preview:large, max-video-preview:-1\" \/>\n<meta property=\"og:locale\" content=\"lt_LT\" \/>\n<meta property=\"og:type\" content=\"article\" \/>\n<meta property=\"og:title\" content=\"Sherlock Holmes Palma de Mallorca\" \/>\n<meta property=\"og:description\" content=\"Sherlock Holmes Palma de Mallorca. \u017daiskite savaranki\u0161k\u0105 \u017emog\u017eudyst\u0117s paslapties Miesto \u017daidim\u0105, spr\u0119skite galvos\u016bkius, sekite u\u017euominas ir atskleiskite \u017eudik\u0105 savo tempu!\" \/>\n<meta property=\"og:url\" content=\"https:\/\/testwebsite.citygame.com\/lt\/games\/palma-de-mallorca\/sherlock-holmes-palma-de-mallorca\/\" \/>\n<meta property=\"og:site_name\" content=\"City Game\" \/>\n<meta property=\"article:publisher\" content=\"https:\/\/www.facebook.com\/profile.php?id=100086426226253\" \/>\n<meta property=\"article:modified_time\" content=\"2026-04-08T04:40:55+00:00\" \/>\n<meta property=\"og:image\" content=\"https:\/\/testwebsite.citygame.com\/wp-content\/blogs.dir\/1\/files\/sites\/62\/2026\/02\/woman-with-phone-on-street-in-palma-de-mallorca.jpg\" \/>\n\t<meta property=\"og:image:width\" content=\"1344\" \/>\n\t<meta property=\"og:image:height\" content=\"768\" \/>\n\t<meta property=\"og:image:type\" content=\"image\/jpeg\" \/>\n<meta name=\"twitter:card\" content=\"summary_large_image\" \/>\n<script type=\"application\/ld+json\" class=\"yoast-schema-graph\">{\"@context\":\"https:\/\/schema.org\",\"@graph\":[{\"@type\":\"WebPage\",\"@id\":\"https:\/\/testwebsite.citygame.com\/lt\/games\/palma-de-mallorca\/sherlock-holmes-palma-de-mallorca\/\",\"url\":\"https:\/\/testwebsite.citygame.com\/lt\/games\/palma-de-mallorca\/sherlock-holmes-palma-de-mallorca\/\",\"name\":\"Sherlock Holmes Palma de Mallorca - City Game\",\"isPartOf\":{\"@id\":\"https:\/\/testwebsite.upevents.nl\/#website\"},\"primaryImageOfPage\":{\"@id\":\"https:\/\/testwebsite.citygame.com\/lt\/games\/palma-de-mallorca\/sherlock-holmes-palma-de-mallorca\/#primaryimage\"},\"image\":{\"@id\":\"https:\/\/testwebsite.citygame.com\/lt\/games\/palma-de-mallorca\/sherlock-holmes-palma-de-mallorca\/#primaryimage\"},\"thumbnailUrl\":\"https:\/\/testwebsite.citygame.com\/wp-content\/blogs.dir\/1\/files\/sites\/62\/2026\/02\/woman-with-phone-on-street-in-palma-de-mallorca.jpg\",\"datePublished\":\"2026-02-05T09:39:28+00:00\",\"dateModified\":\"2026-04-08T04:40:55+00:00\",\"description\":\"Sherlock Holmes Palma de Mallorca. \u017daiskite savaranki\u0161k\u0105 \u017emog\u017eudyst\u0117s paslapties Miesto \u017daidim\u0105, spr\u0119skite galvos\u016bkius, sekite u\u017euominas ir atskleiskite \u017eudik\u0105 savo tempu!\",\"breadcrumb\":{\"@id\":\"https:\/\/testwebsite.citygame.com\/lt\/games\/palma-de-mallorca\/sherlock-holmes-palma-de-mallorca\/#breadcrumb\"},\"inLanguage\":\"lt-LT\",\"potentialAction\":[{\"@type\":\"ReadAction\",\"target\":[\"https:\/\/testwebsite.citygame.com\/lt\/games\/palma-de-mallorca\/sherlock-holmes-palma-de-mallorca\/\"]}]},{\"@type\":\"ImageObject\",\"inLanguage\":\"lt-LT\",\"@id\":\"https:\/\/testwebsite.citygame.com\/lt\/games\/palma-de-mallorca\/sherlock-holmes-palma-de-mallorca\/#primaryimage\",\"url\":\"https:\/\/testwebsite.citygame.com\/wp-content\/blogs.dir\/1\/files\/sites\/62\/2026\/02\/woman-with-phone-on-street-in-palma-de-mallorca.jpg\",\"contentUrl\":\"https:\/\/testwebsite.citygame.com\/wp-content\/blogs.dir\/1\/files\/sites\/62\/2026\/02\/woman-with-phone-on-street-in-palma-de-mallorca.jpg\",\"width\":1344,\"height\":768,\"caption\":\"A woman uses her smartphone while standing on a picturesque, narrow street in Palma de Mallorca.\"},{\"@type\":\"BreadcrumbList\",\"@id\":\"https:\/\/testwebsite.citygame.com\/lt\/games\/palma-de-mallorca\/sherlock-holmes-palma-de-mallorca\/#breadcrumb\",\"itemListElement\":[{\"@type\":\"ListItem\",\"position\":1,\"name\":\"Home\",\"item\":\"https:\/\/testwebsite.citygame.com\/lt\/\"},{\"@type\":\"ListItem\",\"position\":2,\"name\":\"Shop\",\"item\":\"https:\/\/testwebsite.citygame.com\/shop\/\"},{\"@type\":\"ListItem\",\"position\":3,\"name\":\"Sherlock Holmes Palma de Mallorca\"}]},{\"@type\":\"WebSite\",\"@id\":\"https:\/\/testwebsite.upevents.nl\/#website\",\"url\":\"https:\/\/testwebsite.upevents.nl\/\",\"name\":\"City Game\",\"description\":\"\",\"publisher\":{\"@id\":\"https:\/\/testwebsite.upevents.nl\/#organization\"},\"alternateName\":\"citygame.com\",\"potentialAction\":[{\"@type\":\"SearchAction\",\"target\":{\"@type\":\"EntryPoint\",\"urlTemplate\":\"https:\/\/testwebsite.upevents.nl\/?s={search_term_string}\"},\"query-input\":{\"@type\":\"PropertyValueSpecification\",\"valueRequired\":true,\"valueName\":\"search_term_string\"}}],\"inLanguage\":\"lt-LT\"},{\"@type\":[\"Organization\",\"Place\"],\"@id\":\"https:\/\/testwebsite.upevents.nl\/#organization\",\"name\":\"City Game\",\"alternateName\":\"citygame.com\",\"url\":\"https:\/\/testwebsite.upevents.nl\/\",\"logo\":{\"@id\":\"https:\/\/testwebsite.citygame.com\/lt\/games\/palma-de-mallorca\/sherlock-holmes-palma-de-mallorca\/#local-main-organization-logo\"},\"image\":{\"@id\":\"https:\/\/testwebsite.citygame.com\/lt\/games\/palma-de-mallorca\/sherlock-holmes-palma-de-mallorca\/#local-main-organization-logo\"},\"sameAs\":[\"https:\/\/www.facebook.com\/profile.php?id=100086426226253\",\"https:\/\/www.instagram.com\/citygame_com\",\"https:\/\/www.tiktok.com\/@citygamecom\/\",\"https:\/\/www.linkedin.com\/company\/citygame-com\"],\"description\":\"Turn any city into a playground with our interactive City Games and self-guided tours. Fun, flexible, and ideal for groups and team building.\",\"telephone\":[],\"openingHoursSpecification\":[{\"@type\":\"OpeningHoursSpecification\",\"dayOfWeek\":[\"Monday\",\"Tuesday\",\"Wednesday\",\"Thursday\",\"Friday\",\"Saturday\",\"Sunday\"],\"opens\":\"09:00\",\"closes\":\"17:00\"}]},{\"@type\":\"ImageObject\",\"inLanguage\":\"lt-LT\",\"@id\":\"https:\/\/testwebsite.citygame.com\/lt\/games\/palma-de-mallorca\/sherlock-holmes-palma-de-mallorca\/#local-main-organization-logo\",\"url\":\"https:\/\/testwebsite.citygame.com\/wp-content\/blogs.dir\/1\/files\/sites\/62\/2025\/10\/CG_LOGO-City-Game.png\",\"contentUrl\":\"https:\/\/testwebsite.citygame.com\/wp-content\/blogs.dir\/1\/files\/sites\/62\/2025\/10\/CG_LOGO-City-Game.png\",\"width\":351,\"height\":377,\"caption\":\"City Game\"}]}<\/script>\n<!-- \/ Yoast SEO Premium plugin. -->","yoast_head_json":{"title":"Sherlock Holmes Palma de Mallorca - City Game","description":"Sherlock Holmes Palma de Mallorca. \u017daiskite savaranki\u0161k\u0105 \u017emog\u017eudyst\u0117s paslapties Miesto \u017daidim\u0105, spr\u0119skite galvos\u016bkius, sekite u\u017euominas ir atskleiskite \u017eudik\u0105 savo tempu!","robots":{"index":"noindex","follow":"follow","max-snippet":"max-snippet:-1","max-image-preview":"max-image-preview:large","max-video-preview":"max-video-preview:-1"},"og_locale":"lt_LT","og_type":"article","og_title":"Sherlock Holmes Palma de Mallorca","og_description":"Sherlock Holmes Palma de Mallorca. \u017daiskite savaranki\u0161k\u0105 \u017emog\u017eudyst\u0117s paslapties Miesto \u017daidim\u0105, spr\u0119skite galvos\u016bkius, sekite u\u017euominas ir atskleiskite \u017eudik\u0105 savo tempu!","og_url":"https:\/\/testwebsite.citygame.com\/lt\/games\/palma-de-mallorca\/sherlock-holmes-palma-de-mallorca\/","og_site_name":"City Game","article_publisher":"https:\/\/www.facebook.com\/profile.php?id=100086426226253","article_modified_time":"2026-04-08T04:40:55+00:00","og_image":[{"width":1344,"height":768,"url":"https:\/\/testwebsite.citygame.com\/wp-content\/blogs.dir\/1\/files\/sites\/62\/2026\/02\/woman-with-phone-on-street-in-palma-de-mallorca.jpg","type":"image\/jpeg"}],"twitter_card":"summary_large_image","schema":{"@context":"https:\/\/schema.org","@graph":[{"@type":"WebPage","@id":"https:\/\/testwebsite.citygame.com\/lt\/games\/palma-de-mallorca\/sherlock-holmes-palma-de-mallorca\/","url":"https:\/\/testwebsite.citygame.com\/lt\/games\/palma-de-mallorca\/sherlock-holmes-palma-de-mallorca\/","name":"Sherlock Holmes Palma de Mallorca - City Game","isPartOf":{"@id":"https:\/\/testwebsite.upevents.nl\/#website"},"primaryImageOfPage":{"@id":"https:\/\/testwebsite.citygame.com\/lt\/games\/palma-de-mallorca\/sherlock-holmes-palma-de-mallorca\/#primaryimage"},"image":{"@id":"https:\/\/testwebsite.citygame.com\/lt\/games\/palma-de-mallorca\/sherlock-holmes-palma-de-mallorca\/#primaryimage"},"thumbnailUrl":"https:\/\/testwebsite.citygame.com\/wp-content\/blogs.dir\/1\/files\/sites\/62\/2026\/02\/woman-with-phone-on-street-in-palma-de-mallorca.jpg","datePublished":"2026-02-05T09:39:28+00:00","dateModified":"2026-04-08T04:40:55+00:00","description":"Sherlock Holmes Palma de Mallorca. \u017daiskite savaranki\u0161k\u0105 \u017emog\u017eudyst\u0117s paslapties Miesto \u017daidim\u0105, spr\u0119skite galvos\u016bkius, sekite u\u017euominas ir atskleiskite \u017eudik\u0105 savo tempu!","breadcrumb":{"@id":"https:\/\/testwebsite.citygame.com\/lt\/games\/palma-de-mallorca\/sherlock-holmes-palma-de-mallorca\/#breadcrumb"},"inLanguage":"lt-LT","potentialAction":[{"@type":"ReadAction","target":["https:\/\/testwebsite.citygame.com\/lt\/games\/palma-de-mallorca\/sherlock-holmes-palma-de-mallorca\/"]}]},{"@type":"ImageObject","inLanguage":"lt-LT","@id":"https:\/\/testwebsite.citygame.com\/lt\/games\/palma-de-mallorca\/sherlock-holmes-palma-de-mallorca\/#primaryimage","url":"https:\/\/testwebsite.citygame.com\/wp-content\/blogs.dir\/1\/files\/sites\/62\/2026\/02\/woman-with-phone-on-street-in-palma-de-mallorca.jpg","contentUrl":"https:\/\/testwebsite.citygame.com\/wp-content\/blogs.dir\/1\/files\/sites\/62\/2026\/02\/woman-with-phone-on-street-in-palma-de-mallorca.jpg","width":1344,"height":768,"caption":"A woman uses her smartphone while standing on a picturesque, narrow street in Palma de Mallorca."},{"@type":"BreadcrumbList","@id":"https:\/\/testwebsite.citygame.com\/lt\/games\/palma-de-mallorca\/sherlock-holmes-palma-de-mallorca\/#breadcrumb","itemListElement":[{"@type":"ListItem","position":1,"name":"Home","item":"https:\/\/testwebsite.citygame.com\/lt\/"},{"@type":"ListItem","position":2,"name":"Shop","item":"https:\/\/testwebsite.citygame.com\/shop\/"},{"@type":"ListItem","position":3,"name":"Sherlock Holmes Palma de Mallorca"}]},{"@type":"WebSite","@id":"https:\/\/testwebsite.upevents.nl\/#website","url":"https:\/\/testwebsite.upevents.nl\/","name":"City Game","description":"","publisher":{"@id":"https:\/\/testwebsite.upevents.nl\/#organization"},"alternateName":"citygame.com","potentialAction":[{"@type":"SearchAction","target":{"@type":"EntryPoint","urlTemplate":"https:\/\/testwebsite.upevents.nl\/?s={search_term_string}"},"query-input":{"@type":"PropertyValueSpecification","valueRequired":true,"valueName":"search_term_string"}}],"inLanguage":"lt-LT"},{"@type":["Organization","Place"],"@id":"https:\/\/testwebsite.upevents.nl\/#organization","name":"City Game","alternateName":"citygame.com","url":"https:\/\/testwebsite.upevents.nl\/","logo":{"@id":"https:\/\/testwebsite.citygame.com\/lt\/games\/palma-de-mallorca\/sherlock-holmes-palma-de-mallorca\/#local-main-organization-logo"},"image":{"@id":"https:\/\/testwebsite.citygame.com\/lt\/games\/palma-de-mallorca\/sherlock-holmes-palma-de-mallorca\/#local-main-organization-logo"},"sameAs":["https:\/\/www.facebook.com\/profile.php?id=100086426226253","https:\/\/www.instagram.com\/citygame_com","https:\/\/www.tiktok.com\/@citygamecom\/","https:\/\/www.linkedin.com\/company\/citygame-com"],"description":"Turn any city into a playground with our interactive City Games and self-guided tours. Fun, flexible, and ideal for groups and team building.","telephone":[],"openingHoursSpecification":[{"@type":"OpeningHoursSpecification","dayOfWeek":["Monday","Tuesday","Wednesday","Thursday","Friday","Saturday","Sunday"],"opens":"09:00","closes":"17:00"}]},{"@type":"ImageObject","inLanguage":"lt-LT","@id":"https:\/\/testwebsite.citygame.com\/lt\/games\/palma-de-mallorca\/sherlock-holmes-palma-de-mallorca\/#local-main-organization-logo","url":"https:\/\/testwebsite.citygame.com\/wp-content\/blogs.dir\/1\/files\/sites\/62\/2025\/10\/CG_LOGO-City-Game.png","contentUrl":"https:\/\/testwebsite.citygame.com\/wp-content\/blogs.dir\/1\/files\/sites\/62\/2025\/10\/CG_LOGO-City-Game.png","width":351,"height":377,"caption":"City Game"}]}},"taxonomy_info":{"game-concept":[{"value":783,"label":"Sherlock"}],"location":[{"value":315,"label":"Palma de Mallorca"}],"product_cat":[{"value":27,"label":"Geen categorie"}]},"featured_image_src_large":["https:\/\/testwebsite.citygame.com\/wp-content\/blogs.dir\/1\/files\/sites\/62\/2026\/02\/woman-with-phone-on-street-in-palma-de-mallorca-1024x585.jpg",1024,585,true],"author_info":[],"comment_info":"","_links":{"self":[{"href":"https:\/\/testwebsite.citygame.com\/lt\/wp-json\/wp\/v2\/product\/59810","targetHints":{"allow":["GET"]}}],"collection":[{"href":"https:\/\/testwebsite.citygame.com\/lt\/wp-json\/wp\/v2\/product"}],"about":[{"href":"https:\/\/testwebsite.citygame.com\/lt\/wp-json\/wp\/v2\/types\/product"}],"acf:post":[{"embeddable":true,"href":"https:\/\/testwebsite.citygame.com\/lt\/wp-json\/wp\/v2\/pages\/6805"}],"wp:featuredmedia":[{"embeddable":true,"href":"https:\/\/testwebsite.citygame.com\/lt\/wp-json\/wp\/v2\/media\/10618"}],"wp:attachment":[{"href":"https:\/\/testwebsite.citygame.com\/lt\/wp-json\/wp\/v2\/media?parent=59810"}],"wp:term":[{"taxonomy":"game-concept","embeddable":true,"href":"https:\/\/testwebsite.citygame.com\/lt\/wp-json\/wp\/v2\/game-concept?post=59810"},{"taxonomy":"location","embeddable":true,"href":"https:\/\/testwebsite.citygame.com\/lt\/wp-json\/wp\/v2\/location?post=59810"},{"taxonomy":"product_brand","embeddable":true,"href":"https:\/\/testwebsite.citygame.com\/lt\/wp-json\/wp\/v2\/product_brand?post=59810"},{"taxonomy":"product_cat","embeddable":true,"href":"https:\/\/testwebsite.citygame.com\/lt\/wp-json\/wp\/v2\/product_cat?post=59810"},{"taxonomy":"product_tag","embeddable":true,"href":"https:\/\/testwebsite.citygame.com\/lt\/wp-json\/wp\/v2\/product_tag?post=59810"}],"curies":[{"name":"wp","href":"https:\/\/api.w.org\/{rel}","templated":true}]}}