{"id":59097,"date":"2026-02-05T08:20:53","date_gmt":"2026-02-05T08:20:53","guid":{"rendered":"https:\/\/testwebsite.citygame.com\/games\/unknown-location\/sherlock-holmes-seville\/"},"modified":"2026-04-08T03:26:29","modified_gmt":"2026-04-08T03:26:29","slug":"sherlock-holmes-seville","status":"publish","type":"product","link":"https:\/\/testwebsite.citygame.com\/lt\/games\/seville\/sherlock-holmes-seville\/","title":{"rendered":"Sherlock Holmes Seville"},"content":{"rendered":"<p>Pasinerkite \u012f \u0160erloko Holmso pasaul\u012f su \u0161iuo savaranki\u0161ku, istorija paremtu \u017emog\u017eudyst\u0117s paslapties Miesto \u017eaidimu, vykstan\u010diu istoriniame Sevilijos miesto centre. Brutaliai \u017emog\u017eudystei suard\u017eius Laisv\u0117s festivalio \u0161ventes, j\u016bs prisiimate detektyvo vaidmen\u012f, renkate \u012fkal\u010dius, sprend\u017eiate sud\u0117tingus galvos\u016bkius ir apklausiate skaitmeninius \u012ftariamuosius, i\u0161sibars\u010diusius po vis\u0105 miest\u0105. Sekite besiskleid\u017eiant\u012f pasakojim\u0105, kuris veda jus per \u012ftraukiant\u012f tyrim\u0105 j\u016bs\u0173 pa\u010di\u0173 tempu, kur kiekvienas \u017eingsnis priartina jus prie tiesos atskleidimo u\u017e nusikaltimo.<\/p>\n","protected":false},"excerpt":{"rendered":"<p>\u012e\u017eenkite \u012f narsiuosius \u0160erloko Holmso batus, pasinerdami \u012f savaranki\u0161k\u0105 \u017emog\u017eudyst\u0117s paslapties \u017eaidim\u0105, vykstant\u012f Sevilijoje. Pasinerkite sta\u010dia galva \u012f \u012fkal\u010di\u0173 ir galvos\u016bki\u0173 pasaul\u012f, bendraukite su savo komanda, kad atskleistum\u0117te ties\u0105, kol nesibaig\u0117 laikas!<\/p>\n","protected":false},"featured_media":10543,"template":"","meta":{"_acf_changed":false,"_yoast_wpseo_focuskw":"Sherlock Holmes Seville","_yoast_wpseo_metadesc":"Sherlock Holmes Seville. \u017daiskite savaranki\u0161k\u0105 \u017emog\u017eudyst\u0117s paslapties Miesto \u017eaidim\u0105, spr\u0119skite galvos\u016bkius, sekite \u012fkal\u010dius ir atskleiskite \u017eudik\u0105 savo tempu!","_kad_blocks_custom_css":"","_kad_blocks_head_custom_js":"","_kad_blocks_body_custom_js":"","_kad_blocks_footer_custom_js":"","ghostkit_customizer_options":"","ghostkit_custom_css":"","ghostkit_custom_js_head":"","ghostkit_custom_js_foot":"","ghostkit_typography":"","_kad_post_transparent":"","_kad_post_title":"","_kad_post_layout":"","_kad_post_sidebar_id":"","_kad_post_content_style":"","_kad_post_vertical_padding":"","_kad_post_feature":"","_kad_post_feature_position":"","_kad_post_header":false,"_kad_post_footer":false,"_kad_post_classname":"","_links_to":"","_links_to_target":""},"game-concept":[783],"location":[368],"product_brand":[],"product_cat":[27],"product_tag":[],"class_list":{"0":"post-59097","1":"product","2":"type-product","3":"status-publish","4":"has-post-thumbnail","6":"game-concept-sherlock","7":"location-seville","8":"product_cat-geen-categorie","10":"first","11":"instock","12":"shipping-taxable","13":"purchasable","14":"product-type-simple","15":"entry","16":"content-bg","17":"loop-entry"},"acf":{"full_bokun_product_name":"Seville Self-Guided Sherlock Holmes Murder Mystery Game","location_name":"Seville","bokun_calendar_widget_code":"<script type=\"text\/javascript\" src=\"https:\/\/widgets.bokun.io\/assets\/javascripts\/apps\/build\/BokunWidgetsLoader.js?bookingChannelUUID=a1e93e96-5232-4734-a595-28405f4b5a31\" async><\/script>\n     \n    <div class=\"bokunWidget\" data-src=\"https:\/\/widgets.bokun.io\/online-sales\/a1e93e96-5232-4734-a595-28405f4b5a31\/experience-calendar\/731564\"><\/div>\n    <noscript>Please enable javascript in your browser to book<\/noscript>","bokun_button_widget_code":"<script type=\"text\/javascript\" src=\"https:\/\/widgets.bokun.io\/assets\/javascripts\/apps\/build\/BokunWidgetsLoader.js?bookingChannelUUID=a1e93e96-5232-4734-a595-28405f4b5a31\" async><\/script>\n      <style> #bokun_ed001e45_5927_4f62_b470_ca766338d083 { display: inline-block; padding: .4em 1em; background: #47b82e; border-radius: 999999px; box-shadow: none; font-weight: 600; font-size: 24px; text-decoration: none; text-align: center; color: #FFFFFF; border:none; cursor: pointer; transition: background .2s ease; } #bokun_ed001e45_5927_4f62_b470_ca766338d083:hover{ background: #2f7b1f; } #bokun_ed001e45_5927_4f62_b470_ca766338d083:active{ background: #378f24; } <\/style> <button class=\"bokunButton\" disabled id=bokun_ed001e45_5927_4f62_b470_ca766338d083 data-src=\"https:\/\/widgets.bokun.io\/online-sales\/a1e93e96-5232-4734-a595-28405f4b5a31\/experience-calendar\/731564?partialView=1\" data-testid=\"widget-book-button\" > Book now <\/button> ","what_you\u2019ll_experience_during_the_game":"J\u016bs \u012f\u017eengiate \u012f \u012ftraukian\u010di\u0105 detektyvin\u0119 istorij\u0105, vykstan\u010di\u0105 Sevilijos \u0161irdyje, kur paslaptinga \u017emog\u017eudyst\u0117 suard\u0117 Laisv\u0117s festival\u012f. J\u016bs\u0173 tyrimas prasideda gatv\u0117se, ir su kiekviena nauja aplankyta vieta istorija atsiskleid\u017eia aplink jus. J\u016bs aptinkate pasl\u0117ptus \u012fkal\u010dius, \u012fminate galvos\u016bkius ir sekate p\u0117dsakais, kupinais paslap\u010di\u0173 ir \u012ftarim\u0173. Kiekvienas \u017eingsnis meta i\u0161\u0161\u016bk\u012f j\u016bs\u0173 dedukcijos, steb\u0117jimo ir kritinio m\u0105stymo geb\u0117jimams.\n\nEigoje apklausiate skaitmeninius \u012ftariamuosius, tikrinate alibi ir pastebite prie\u0161taravimus parei\u0161kimuose, kurie ne visai sutampa. J\u016bs\u0173 tikslas \u2013 atskleisti ties\u0105 u\u017e nusikaltimo, po gabal\u0117l\u012f, ne\u017einant, kur nuves kitas pos\u016bkis. Patirtis yra visi\u0161kai pagr\u012fsta istorija, tod\u0117l j\u016bs\u0173 pasirinkimai yra svarb\u016bs, ir kiekvienas \u012fkaltis priartina jus prie sprendimo. Galite \u017eaisti savo tempu, tur\u0117dami laisv\u0119 sustabdyti tyrim\u0105 ir gr\u012f\u017eti, kai b\u016bsite pasiruo\u0161\u0119. Komandoms konkurencinis prana\u0161umas suteikia bylai intensyvumo, ta\u010diau j\u016bs\u0173 instinktai nuves jus prie tiesos.","how_to_play":"\u017daiskite vienas arba su draugais, \u0161eima ar kolegomis komandomis iki keturi\u0173 asmen\u0173 vienam \u012frenginiui. U\u017esisakius, gausite instrukcij\u0173 el. lai\u0161k\u0105 su viskuo, ko jums reikia.","start_location":"Seville, Monumento a San Fernando","available_languages":["en","fr","es","de","it","nl"],"players_per_group":"1-4","duration":"1.5-2 hours","image_overlay_color_image":"https:\/\/testwebsite.citygame.com\/wp-content\/blogs.dir\/1\/files\/sites\/62\/2026\/01\/SherlockColor.svg","image_overlay_game_logo":"https:\/\/testwebsite.citygame.com\/wp-content\/blogs.dir\/1\/files\/sites\/62\/2026\/01\/SherlockLogo.png","city_page":10541,"woocommerce_general_content":null},"yoast_head":"<!-- This site is optimized with the Yoast SEO Premium plugin v26.2 (Yoast SEO v26.3) - https:\/\/yoast.com\/wordpress\/plugins\/seo\/ -->\n<title>Sherlock Holmes Seville - City Game<\/title>\n<meta name=\"description\" content=\"Sherlock Holmes Seville. \u017daiskite savaranki\u0161k\u0105 \u017emog\u017eudyst\u0117s paslapties Miesto \u017eaidim\u0105, spr\u0119skite galvos\u016bkius, sekite \u012fkal\u010dius ir atskleiskite \u017eudik\u0105 savo tempu!\" \/>\n<meta name=\"robots\" content=\"noindex, follow, max-snippet:-1, max-image-preview:large, max-video-preview:-1\" \/>\n<meta property=\"og:locale\" content=\"lt_LT\" \/>\n<meta property=\"og:type\" content=\"article\" \/>\n<meta property=\"og:title\" content=\"Sherlock Holmes Seville\" \/>\n<meta property=\"og:description\" content=\"Sherlock Holmes Seville. \u017daiskite savaranki\u0161k\u0105 \u017emog\u017eudyst\u0117s paslapties Miesto \u017eaidim\u0105, spr\u0119skite galvos\u016bkius, sekite \u012fkal\u010dius ir atskleiskite \u017eudik\u0105 savo tempu!\" \/>\n<meta property=\"og:url\" content=\"https:\/\/testwebsite.citygame.com\/lt\/games\/seville\/sherlock-holmes-seville\/\" \/>\n<meta property=\"og:site_name\" content=\"City Game\" \/>\n<meta property=\"article:publisher\" content=\"https:\/\/www.facebook.com\/profile.php?id=100086426226253\" \/>\n<meta property=\"article:modified_time\" content=\"2026-04-08T03:26:29+00:00\" \/>\n<meta property=\"og:image\" content=\"https:\/\/testwebsite.citygame.com\/wp-content\/blogs.dir\/1\/files\/sites\/62\/2026\/02\/seville-plaza-de-espana-group-playing-sherlock-city-game.jpg\" \/>\n\t<meta property=\"og:image:width\" content=\"1184\" \/>\n\t<meta property=\"og:image:height\" content=\"864\" \/>\n\t<meta property=\"og:image:type\" content=\"image\/jpeg\" \/>\n<meta name=\"twitter:card\" content=\"summary_large_image\" \/>\n<script type=\"application\/ld+json\" class=\"yoast-schema-graph\">{\"@context\":\"https:\/\/schema.org\",\"@graph\":[{\"@type\":\"WebPage\",\"@id\":\"https:\/\/testwebsite.citygame.com\/lt\/games\/seville\/sherlock-holmes-seville\/\",\"url\":\"https:\/\/testwebsite.citygame.com\/lt\/games\/seville\/sherlock-holmes-seville\/\",\"name\":\"Sherlock Holmes Seville - City Game\",\"isPartOf\":{\"@id\":\"https:\/\/testwebsite.upevents.nl\/#website\"},\"primaryImageOfPage\":{\"@id\":\"https:\/\/testwebsite.citygame.com\/lt\/games\/seville\/sherlock-holmes-seville\/#primaryimage\"},\"image\":{\"@id\":\"https:\/\/testwebsite.citygame.com\/lt\/games\/seville\/sherlock-holmes-seville\/#primaryimage\"},\"thumbnailUrl\":\"https:\/\/testwebsite.citygame.com\/wp-content\/blogs.dir\/1\/files\/sites\/62\/2026\/02\/seville-plaza-de-espana-group-playing-sherlock-city-game.jpg\",\"datePublished\":\"2026-02-05T08:20:53+00:00\",\"dateModified\":\"2026-04-08T03:26:29+00:00\",\"description\":\"Sherlock Holmes Seville. \u017daiskite savaranki\u0161k\u0105 \u017emog\u017eudyst\u0117s paslapties Miesto \u017eaidim\u0105, spr\u0119skite galvos\u016bkius, sekite \u012fkal\u010dius ir atskleiskite \u017eudik\u0105 savo tempu!\",\"breadcrumb\":{\"@id\":\"https:\/\/testwebsite.citygame.com\/lt\/games\/seville\/sherlock-holmes-seville\/#breadcrumb\"},\"inLanguage\":\"lt-LT\",\"potentialAction\":[{\"@type\":\"ReadAction\",\"target\":[\"https:\/\/testwebsite.citygame.com\/lt\/games\/seville\/sherlock-holmes-seville\/\"]}]},{\"@type\":\"ImageObject\",\"inLanguage\":\"lt-LT\",\"@id\":\"https:\/\/testwebsite.citygame.com\/lt\/games\/seville\/sherlock-holmes-seville\/#primaryimage\",\"url\":\"https:\/\/testwebsite.citygame.com\/wp-content\/blogs.dir\/1\/files\/sites\/62\/2026\/02\/seville-plaza-de-espana-group-playing-sherlock-city-game.jpg\",\"contentUrl\":\"https:\/\/testwebsite.citygame.com\/wp-content\/blogs.dir\/1\/files\/sites\/62\/2026\/02\/seville-plaza-de-espana-group-playing-sherlock-city-game.jpg\",\"width\":1184,\"height\":864,\"caption\":\"A group of young adults collaborates on a city game challenge in Seville's Plaza de Espa\u00f1a.\"},{\"@type\":\"BreadcrumbList\",\"@id\":\"https:\/\/testwebsite.citygame.com\/lt\/games\/seville\/sherlock-holmes-seville\/#breadcrumb\",\"itemListElement\":[{\"@type\":\"ListItem\",\"position\":1,\"name\":\"Home\",\"item\":\"https:\/\/testwebsite.citygame.com\/lt\/\"},{\"@type\":\"ListItem\",\"position\":2,\"name\":\"Shop\",\"item\":\"https:\/\/testwebsite.citygame.com\/shop\/\"},{\"@type\":\"ListItem\",\"position\":3,\"name\":\"Sherlock Holmes Seville\"}]},{\"@type\":\"WebSite\",\"@id\":\"https:\/\/testwebsite.upevents.nl\/#website\",\"url\":\"https:\/\/testwebsite.upevents.nl\/\",\"name\":\"City Game\",\"description\":\"\",\"publisher\":{\"@id\":\"https:\/\/testwebsite.upevents.nl\/#organization\"},\"alternateName\":\"citygame.com\",\"potentialAction\":[{\"@type\":\"SearchAction\",\"target\":{\"@type\":\"EntryPoint\",\"urlTemplate\":\"https:\/\/testwebsite.upevents.nl\/?s={search_term_string}\"},\"query-input\":{\"@type\":\"PropertyValueSpecification\",\"valueRequired\":true,\"valueName\":\"search_term_string\"}}],\"inLanguage\":\"lt-LT\"},{\"@type\":[\"Organization\",\"Place\"],\"@id\":\"https:\/\/testwebsite.upevents.nl\/#organization\",\"name\":\"City Game\",\"alternateName\":\"citygame.com\",\"url\":\"https:\/\/testwebsite.upevents.nl\/\",\"logo\":{\"@id\":\"https:\/\/testwebsite.citygame.com\/lt\/games\/seville\/sherlock-holmes-seville\/#local-main-organization-logo\"},\"image\":{\"@id\":\"https:\/\/testwebsite.citygame.com\/lt\/games\/seville\/sherlock-holmes-seville\/#local-main-organization-logo\"},\"sameAs\":[\"https:\/\/www.facebook.com\/profile.php?id=100086426226253\",\"https:\/\/www.instagram.com\/citygame_com\",\"https:\/\/www.tiktok.com\/@citygamecom\/\",\"https:\/\/www.linkedin.com\/company\/citygame-com\"],\"description\":\"Turn any city into a playground with our interactive City Games and self-guided tours. Fun, flexible, and ideal for groups and team building.\",\"telephone\":[],\"openingHoursSpecification\":[{\"@type\":\"OpeningHoursSpecification\",\"dayOfWeek\":[\"Monday\",\"Tuesday\",\"Wednesday\",\"Thursday\",\"Friday\",\"Saturday\",\"Sunday\"],\"opens\":\"09:00\",\"closes\":\"17:00\"}]},{\"@type\":\"ImageObject\",\"inLanguage\":\"lt-LT\",\"@id\":\"https:\/\/testwebsite.citygame.com\/lt\/games\/seville\/sherlock-holmes-seville\/#local-main-organization-logo\",\"url\":\"https:\/\/testwebsite.citygame.com\/wp-content\/blogs.dir\/1\/files\/sites\/62\/2025\/10\/CG_LOGO-City-Game.png\",\"contentUrl\":\"https:\/\/testwebsite.citygame.com\/wp-content\/blogs.dir\/1\/files\/sites\/62\/2025\/10\/CG_LOGO-City-Game.png\",\"width\":351,\"height\":377,\"caption\":\"City Game\"}]}<\/script>\n<!-- \/ Yoast SEO Premium plugin. -->","yoast_head_json":{"title":"Sherlock Holmes Seville - City Game","description":"Sherlock Holmes Seville. \u017daiskite savaranki\u0161k\u0105 \u017emog\u017eudyst\u0117s paslapties Miesto \u017eaidim\u0105, spr\u0119skite galvos\u016bkius, sekite \u012fkal\u010dius ir atskleiskite \u017eudik\u0105 savo tempu!","robots":{"index":"noindex","follow":"follow","max-snippet":"max-snippet:-1","max-image-preview":"max-image-preview:large","max-video-preview":"max-video-preview:-1"},"og_locale":"lt_LT","og_type":"article","og_title":"Sherlock Holmes Seville","og_description":"Sherlock Holmes Seville. \u017daiskite savaranki\u0161k\u0105 \u017emog\u017eudyst\u0117s paslapties Miesto \u017eaidim\u0105, spr\u0119skite galvos\u016bkius, sekite \u012fkal\u010dius ir atskleiskite \u017eudik\u0105 savo tempu!","og_url":"https:\/\/testwebsite.citygame.com\/lt\/games\/seville\/sherlock-holmes-seville\/","og_site_name":"City Game","article_publisher":"https:\/\/www.facebook.com\/profile.php?id=100086426226253","article_modified_time":"2026-04-08T03:26:29+00:00","og_image":[{"width":1184,"height":864,"url":"https:\/\/testwebsite.citygame.com\/wp-content\/blogs.dir\/1\/files\/sites\/62\/2026\/02\/seville-plaza-de-espana-group-playing-sherlock-city-game.jpg","type":"image\/jpeg"}],"twitter_card":"summary_large_image","schema":{"@context":"https:\/\/schema.org","@graph":[{"@type":"WebPage","@id":"https:\/\/testwebsite.citygame.com\/lt\/games\/seville\/sherlock-holmes-seville\/","url":"https:\/\/testwebsite.citygame.com\/lt\/games\/seville\/sherlock-holmes-seville\/","name":"Sherlock Holmes Seville - City Game","isPartOf":{"@id":"https:\/\/testwebsite.upevents.nl\/#website"},"primaryImageOfPage":{"@id":"https:\/\/testwebsite.citygame.com\/lt\/games\/seville\/sherlock-holmes-seville\/#primaryimage"},"image":{"@id":"https:\/\/testwebsite.citygame.com\/lt\/games\/seville\/sherlock-holmes-seville\/#primaryimage"},"thumbnailUrl":"https:\/\/testwebsite.citygame.com\/wp-content\/blogs.dir\/1\/files\/sites\/62\/2026\/02\/seville-plaza-de-espana-group-playing-sherlock-city-game.jpg","datePublished":"2026-02-05T08:20:53+00:00","dateModified":"2026-04-08T03:26:29+00:00","description":"Sherlock Holmes Seville. \u017daiskite savaranki\u0161k\u0105 \u017emog\u017eudyst\u0117s paslapties Miesto \u017eaidim\u0105, spr\u0119skite galvos\u016bkius, sekite \u012fkal\u010dius ir atskleiskite \u017eudik\u0105 savo tempu!","breadcrumb":{"@id":"https:\/\/testwebsite.citygame.com\/lt\/games\/seville\/sherlock-holmes-seville\/#breadcrumb"},"inLanguage":"lt-LT","potentialAction":[{"@type":"ReadAction","target":["https:\/\/testwebsite.citygame.com\/lt\/games\/seville\/sherlock-holmes-seville\/"]}]},{"@type":"ImageObject","inLanguage":"lt-LT","@id":"https:\/\/testwebsite.citygame.com\/lt\/games\/seville\/sherlock-holmes-seville\/#primaryimage","url":"https:\/\/testwebsite.citygame.com\/wp-content\/blogs.dir\/1\/files\/sites\/62\/2026\/02\/seville-plaza-de-espana-group-playing-sherlock-city-game.jpg","contentUrl":"https:\/\/testwebsite.citygame.com\/wp-content\/blogs.dir\/1\/files\/sites\/62\/2026\/02\/seville-plaza-de-espana-group-playing-sherlock-city-game.jpg","width":1184,"height":864,"caption":"A group of young adults collaborates on a city game challenge in Seville's Plaza de Espa\u00f1a."},{"@type":"BreadcrumbList","@id":"https:\/\/testwebsite.citygame.com\/lt\/games\/seville\/sherlock-holmes-seville\/#breadcrumb","itemListElement":[{"@type":"ListItem","position":1,"name":"Home","item":"https:\/\/testwebsite.citygame.com\/lt\/"},{"@type":"ListItem","position":2,"name":"Shop","item":"https:\/\/testwebsite.citygame.com\/shop\/"},{"@type":"ListItem","position":3,"name":"Sherlock Holmes Seville"}]},{"@type":"WebSite","@id":"https:\/\/testwebsite.upevents.nl\/#website","url":"https:\/\/testwebsite.upevents.nl\/","name":"City Game","description":"","publisher":{"@id":"https:\/\/testwebsite.upevents.nl\/#organization"},"alternateName":"citygame.com","potentialAction":[{"@type":"SearchAction","target":{"@type":"EntryPoint","urlTemplate":"https:\/\/testwebsite.upevents.nl\/?s={search_term_string}"},"query-input":{"@type":"PropertyValueSpecification","valueRequired":true,"valueName":"search_term_string"}}],"inLanguage":"lt-LT"},{"@type":["Organization","Place"],"@id":"https:\/\/testwebsite.upevents.nl\/#organization","name":"City Game","alternateName":"citygame.com","url":"https:\/\/testwebsite.upevents.nl\/","logo":{"@id":"https:\/\/testwebsite.citygame.com\/lt\/games\/seville\/sherlock-holmes-seville\/#local-main-organization-logo"},"image":{"@id":"https:\/\/testwebsite.citygame.com\/lt\/games\/seville\/sherlock-holmes-seville\/#local-main-organization-logo"},"sameAs":["https:\/\/www.facebook.com\/profile.php?id=100086426226253","https:\/\/www.instagram.com\/citygame_com","https:\/\/www.tiktok.com\/@citygamecom\/","https:\/\/www.linkedin.com\/company\/citygame-com"],"description":"Turn any city into a playground with our interactive City Games and self-guided tours. Fun, flexible, and ideal for groups and team building.","telephone":[],"openingHoursSpecification":[{"@type":"OpeningHoursSpecification","dayOfWeek":["Monday","Tuesday","Wednesday","Thursday","Friday","Saturday","Sunday"],"opens":"09:00","closes":"17:00"}]},{"@type":"ImageObject","inLanguage":"lt-LT","@id":"https:\/\/testwebsite.citygame.com\/lt\/games\/seville\/sherlock-holmes-seville\/#local-main-organization-logo","url":"https:\/\/testwebsite.citygame.com\/wp-content\/blogs.dir\/1\/files\/sites\/62\/2025\/10\/CG_LOGO-City-Game.png","contentUrl":"https:\/\/testwebsite.citygame.com\/wp-content\/blogs.dir\/1\/files\/sites\/62\/2025\/10\/CG_LOGO-City-Game.png","width":351,"height":377,"caption":"City Game"}]}},"taxonomy_info":{"game-concept":[{"value":783,"label":"Sherlock"}],"location":[{"value":368,"label":"Seville"}],"product_cat":[{"value":27,"label":"Geen categorie"}]},"featured_image_src_large":["https:\/\/testwebsite.citygame.com\/wp-content\/blogs.dir\/1\/files\/sites\/62\/2026\/02\/seville-plaza-de-espana-group-playing-sherlock-city-game-1024x747.jpg",1024,747,true],"author_info":[],"comment_info":"","_links":{"self":[{"href":"https:\/\/testwebsite.citygame.com\/lt\/wp-json\/wp\/v2\/product\/59097","targetHints":{"allow":["GET"]}}],"collection":[{"href":"https:\/\/testwebsite.citygame.com\/lt\/wp-json\/wp\/v2\/product"}],"about":[{"href":"https:\/\/testwebsite.citygame.com\/lt\/wp-json\/wp\/v2\/types\/product"}],"acf:post":[{"embeddable":true,"href":"https:\/\/testwebsite.citygame.com\/lt\/wp-json\/wp\/v2\/pages\/10541"}],"wp:featuredmedia":[{"embeddable":true,"href":"https:\/\/testwebsite.citygame.com\/lt\/wp-json\/wp\/v2\/media\/10543"}],"wp:attachment":[{"href":"https:\/\/testwebsite.citygame.com\/lt\/wp-json\/wp\/v2\/media?parent=59097"}],"wp:term":[{"taxonomy":"game-concept","embeddable":true,"href":"https:\/\/testwebsite.citygame.com\/lt\/wp-json\/wp\/v2\/game-concept?post=59097"},{"taxonomy":"location","embeddable":true,"href":"https:\/\/testwebsite.citygame.com\/lt\/wp-json\/wp\/v2\/location?post=59097"},{"taxonomy":"product_brand","embeddable":true,"href":"https:\/\/testwebsite.citygame.com\/lt\/wp-json\/wp\/v2\/product_brand?post=59097"},{"taxonomy":"product_cat","embeddable":true,"href":"https:\/\/testwebsite.citygame.com\/lt\/wp-json\/wp\/v2\/product_cat?post=59097"},{"taxonomy":"product_tag","embeddable":true,"href":"https:\/\/testwebsite.citygame.com\/lt\/wp-json\/wp\/v2\/product_tag?post=59097"}],"curies":[{"name":"wp","href":"https:\/\/api.w.org\/{rel}","templated":true}]}}